{"id":1818,"date":"2019-10-07T17:59:12","date_gmt":"2019-10-07T16:59:12","guid":{"rendered":"https:\/\/www.healthy-heart.org\/ocena-ryzyka-rezydualnego-po-zawale-serca\/"},"modified":"2019-10-07T17:59:12","modified_gmt":"2019-10-07T16:59:12","slug":"ocena-ryzyka-rezydualnego-po-zawale-serca","status":"publish","type":"page","link":"https:\/\/www.healthy-heart.org\/pl\/zycie-z-choroba-serca\/ocena-ryzyka-rezydualnego-po-zawale-serca\/","title":{"rendered":"Ocena ryzyka rezydualnego po zawale serca"},"content":{"rendered":"<p><img loading=\"lazy\" decoding=\"async\" class=\"alignright size-medium wp-image-609\" src=\"https:\/\/www.healthy-heart.org\/wp-content\/uploads\/2019\/07\/iStock-639627574-350x233.jpg\" alt=\"\" width=\"350\" height=\"233\" srcset=\"https:\/\/www.healthy-heart.org\/wp-content\/uploads\/2019\/07\/iStock-639627574-350x233.jpg 350w, https:\/\/cdn-endpoint-prev.azureedge.net\/healthy-heart\/2019\/07\/iStock-639627574-2048x1365.jpg 2048w, https:\/\/cdn-endpoint-prev.azureedge.net\/healthy-heart\/2019\/07\/iStock-639627574-659x439.jpg 659w, https:\/\/www.healthy-heart.org\/wp-content\/uploads\/2019\/07\/iStock-639627574-200x133.jpg 200w, https:\/\/www.healthy-heart.org\/wp-content\/uploads\/2019\/07\/iStock-639627574-768x512.jpg 768w, https:\/\/www.healthy-heart.org\/wp-content\/uploads\/2019\/07\/iStock-639627574-1024x683.jpg 1024w, https:\/\/www.healthy-heart.org\/wp-content\/uploads\/2019\/07\/iStock-639627574-1536x1024.jpg 1536w, https:\/\/www.healthy-heart.org\/wp-content\/uploads\/2019\/07\/iStock-639627574-696x464.jpg 696w\" sizes=\"auto, (max-width: 350px) 100vw, 350px\" \/>Ryzyko to zale\u017cy od wielu czynnik\u00f3w (patrz <a href=\"https:\/\/www.healthy-heart.org\/living-with-heart-disease\/risk-factors-for-a-second-heart-attack\/\">\u201eCzynniki ryzyka drugiego zawa\u0142u serca\u201d)<\/a>. Dlatego te\u017c prawdopodobie\u0144stwo drugiego zawa\u0142u w ci\u0105gu nast\u0119pnych dziesi\u0119ciu lat mo\u017ce wynosi\u0107 od 10%, czyli \u201e1 do 10\u201d, do ponad 50%, czyli \u201e1 do 2\u201d.<\/p>\n<p>Aby to zobrazowa\u0107, wyobra\u017a sobie dwie grupy po 100 os\u00f3b, z kt\u00f3rych ka\u017cda mia\u0142a zawa\u0142 serca. W jednej grupie dziesi\u0119\u0107 os\u00f3b dostanie drugiego zawa\u0142u w ci\u0105gu nast\u0119pnych dziesi\u0119ciu lat. Z kolei w drugiej grupie drugi zawa\u0142 b\u0119dzie mie\u0107 50 os\u00f3b. Je\u015bli dowiesz si\u0119, do kt\u00f3rej grupy nale\u017cysz, mo\u017cesz om\u00f3wi\u0107 z lekarzem, czy potrzebne b\u0119dzie bardziej intensywne leczenie.<\/p>\n<p><a href=\"https:\/\/www.escardio.org\/Education\/ESC-Prevention-of-CVD-Programme\/Risk-assessment\/SMART-Risk-Score\">Ocena ryzyka SMART<\/a> \u0142\u0105czy te istotne czynniki ryzyka, aby oszacowa\u0107 niebezpiecze\u0144stwo wyst\u0105pienia drugiego zawa\u0142u serca lub pokrewnej dolegliwo\u015bci w ci\u0105gu nast\u0119pnych dziesi\u0119ciu lat. Jest przeznaczona dla os\u00f3b, kt\u00f3re przesz\u0142y zawa\u0142 serca (lub mia\u0142y pokrewne problemy, takie jak dusznica bolesna, udar m\u00f3zgu, \u201eprzemijaj\u0105cy atak niedokrwienny\u201d, t\u0119tniak, zaburzenia czynno\u015bci naczy\u0144 krwiono\u015bnych n\u00f3g lub jakiekolwiek po\u0142\u0105czenie tych dolegliwo\u015bci). Metoda jest \u0142atwa w zastosowaniu, a czynniki mo\u017cna \u0142atwo zmierzy\u0107. Wa\u017cne jest, aby wype\u0142ni\u0107 wszystkie pola kalkulatora i uzyska\u0107 jak najdok\u0142adniejszy wynik. W tym celu mo\u017cesz potrzebowa\u0107 niekt\u00f3rych wymaganych informacji od lekarza. Je\u015bli jednak nie dysponujesz wszystkimi informacjami, do momentu ich zgromadzenia mo\u017cesz kierowa\u0107 si\u0119 wynikiem \u201e\u015brednim\u201d jako wskaz\u00f3wk\u0105. Mog\u0105 to by\u0107 na przyk\u0142ad wyniki bada\u0144 krwi, na przyk\u0142ad wysokoczu\u0142ego badania bia\u0142ka C-reaktywnego (hsCRP) lub badania poziomu cholesterolu HDL. Zawsze wa\u017cne jest om\u00f3wienie z lekarzem najlepszych opcji leczenia.<\/p>\n","protected":false},"excerpt":{"rendered":"<p>Ryzyko to zale\u017cy od wielu czynnik\u00f3w (patrz \u201eCzynniki ryzyka drugiego zawa\u0142u serca\u201d). Dlatego te\u017c prawdopodobie\u0144stwo drugiego zawa\u0142u w ci\u0105gu nast\u0119pnych dziesi\u0119ciu lat mo\u017ce wynosi\u0107 od 10%, czyli \u201e1 do 10\u201d, do ponad 50%, czyli \u201e1 do 2\u201d. Aby to zobrazowa\u0107, wyobra\u017a sobie dwie grupy po 100 os\u00f3b, z kt\u00f3rych ka\u017cda mia\u0142a zawa\u0142 serca. W jednej [&hellip;]<\/p>\n","protected":false},"author":1,"featured_media":614,"parent":1863,"menu_order":11,"comment_status":"closed","ping_status":"closed","template":"","meta":{"_acf_changed":false,"footnotes":""},"categories":[61],"tags":[],"class_list":["post-1818","page","type-page","status-publish","has-post-thumbnail","hentry","category-zycie-z-choroba-serca"],"acf":[],"yoast_head":"<!-- This site is optimized with the Yoast SEO plugin v24.0 - https:\/\/yoast.com\/wordpress\/plugins\/seo\/ -->\n<title>Ryzyko rezydualne po zawale serca - Healthy-Heart.org<\/title>\n<meta name=\"description\" content=\"Ocena ryzyka SMART szacuje niebezpiecze\u0144stwo wyst\u0105pienia drugiego zawa\u0142u serca lub pokrewnej dolegliwo\u015bci w ci\u0105gu nast\u0119pnych dziesi\u0119ciu lat.\" \/>\n<meta name=\"robots\" content=\"index, follow, max-snippet:-1, max-image-preview:large, max-video-preview:-1\" \/>\n<link rel=\"canonical\" href=\"https:\/\/www.healthy-heart.org\/pl\/zycie-z-choroba-serca\/ocena-ryzyka-rezydualnego-po-zawale-serca\/\" \/>\n<meta property=\"og:locale\" content=\"pl_PL\" \/>\n<meta property=\"og:type\" content=\"article\" \/>\n<meta property=\"og:title\" content=\"Ryzyko rezydualne po zawale serca - Healthy-Heart.org\" \/>\n<meta property=\"og:description\" content=\"Ocena ryzyka SMART szacuje niebezpiecze\u0144stwo wyst\u0105pienia drugiego zawa\u0142u serca lub pokrewnej dolegliwo\u015bci w ci\u0105gu nast\u0119pnych dziesi\u0119ciu lat.\" \/>\n<meta property=\"og:url\" content=\"https:\/\/www.healthy-heart.org\/pl\/zycie-z-choroba-serca\/ocena-ryzyka-rezydualnego-po-zawale-serca\/\" \/>\n<meta property=\"og:site_name\" content=\"Healthy-Heart.org\" \/>\n<meta property=\"og:image\" content=\"https:\/\/www.healthy-heart.org\/wp-content\/uploads\/2019\/07\/iStock-639627574-1024x683.jpg\" \/>\n\t<meta property=\"og:image:width\" content=\"1024\" \/>\n\t<meta property=\"og:image:height\" content=\"683\" \/>\n\t<meta property=\"og:image:type\" content=\"image\/jpeg\" \/>\n<meta name=\"twitter:card\" content=\"summary_large_image\" \/>\n<meta name=\"twitter:label1\" content=\"Szacowany czas czytania\" \/>\n\t<meta name=\"twitter:data1\" content=\"1 minuta\" \/>\n<script type=\"application\/ld+json\" class=\"yoast-schema-graph\">{\"@context\":\"https:\/\/schema.org\",\"@graph\":[{\"@type\":\"WebPage\",\"@id\":\"https:\/\/www.healthy-heart.org\/pl\/zycie-z-choroba-serca\/ocena-ryzyka-rezydualnego-po-zawale-serca\/\",\"url\":\"https:\/\/www.healthy-heart.org\/pl\/zycie-z-choroba-serca\/ocena-ryzyka-rezydualnego-po-zawale-serca\/\",\"name\":\"Ryzyko rezydualne po zawale serca - Healthy-Heart.org\",\"isPartOf\":{\"@id\":\"https:\/\/www.healthy-heart.org\/es\/#website\"},\"primaryImageOfPage\":{\"@id\":\"https:\/\/www.healthy-heart.org\/pl\/zycie-z-choroba-serca\/ocena-ryzyka-rezydualnego-po-zawale-serca\/#primaryimage\"},\"image\":{\"@id\":\"https:\/\/www.healthy-heart.org\/pl\/zycie-z-choroba-serca\/ocena-ryzyka-rezydualnego-po-zawale-serca\/#primaryimage\"},\"thumbnailUrl\":\"https:\/\/www.healthy-heart.org\/wp-content\/uploads\/2019\/07\/iStock-639627574.jpg\",\"datePublished\":\"2019-10-07T16:59:12+00:00\",\"dateModified\":\"2019-10-07T16:59:12+00:00\",\"description\":\"Ocena ryzyka SMART szacuje niebezpiecze\u0144stwo wyst\u0105pienia drugiego zawa\u0142u serca lub pokrewnej dolegliwo\u015bci w ci\u0105gu nast\u0119pnych dziesi\u0119ciu lat.\",\"breadcrumb\":{\"@id\":\"https:\/\/www.healthy-heart.org\/pl\/zycie-z-choroba-serca\/ocena-ryzyka-rezydualnego-po-zawale-serca\/#breadcrumb\"},\"inLanguage\":\"pl-PL\",\"potentialAction\":[{\"@type\":\"ReadAction\",\"target\":[\"https:\/\/www.healthy-heart.org\/pl\/zycie-z-choroba-serca\/ocena-ryzyka-rezydualnego-po-zawale-serca\/\"]}]},{\"@type\":\"ImageObject\",\"inLanguage\":\"pl-PL\",\"@id\":\"https:\/\/www.healthy-heart.org\/pl\/zycie-z-choroba-serca\/ocena-ryzyka-rezydualnego-po-zawale-serca\/#primaryimage\",\"url\":\"https:\/\/www.healthy-heart.org\/wp-content\/uploads\/2019\/07\/iStock-639627574.jpg\",\"contentUrl\":\"https:\/\/www.healthy-heart.org\/wp-content\/uploads\/2019\/07\/iStock-639627574.jpg\",\"width\":5336,\"height\":3557,\"caption\":\"A doctor is talking to a patient about her condition at her appointment.\"},{\"@type\":\"BreadcrumbList\",\"@id\":\"https:\/\/www.healthy-heart.org\/pl\/zycie-z-choroba-serca\/ocena-ryzyka-rezydualnego-po-zawale-serca\/#breadcrumb\",\"itemListElement\":[{\"@type\":\"ListItem\",\"position\":1,\"name\":\"Home\",\"item\":\"https:\/\/www.healthy-heart.org\/pl\/\"},{\"@type\":\"ListItem\",\"position\":2,\"name\":\"\u017bycie z chorob\u0105 serca\",\"item\":\"https:\/\/www.healthy-heart.org\/pl\/zycie-z-choroba-serca\/\"},{\"@type\":\"ListItem\",\"position\":3,\"name\":\"Ocena ryzyka rezydualnego po zawale serca\"}]},{\"@type\":\"WebSite\",\"@id\":\"https:\/\/www.healthy-heart.org\/es\/#website\",\"url\":\"https:\/\/www.healthy-heart.org\/es\/\",\"name\":\"Healthy-Heart.org\",\"description\":\"Practical advice for patients and family care givers on the prevention of cardiovascular disease\",\"potentialAction\":[{\"@type\":\"SearchAction\",\"target\":{\"@type\":\"EntryPoint\",\"urlTemplate\":\"https:\/\/www.healthy-heart.org\/es\/?s={search_term_string}\"},\"query-input\":{\"@type\":\"PropertyValueSpecification\",\"valueRequired\":true,\"valueName\":\"search_term_string\"}}],\"inLanguage\":\"pl-PL\"}]}<\/script>\n<!-- \/ Yoast SEO plugin. -->","yoast_head_json":{"title":"Ryzyko rezydualne po zawale serca - Healthy-Heart.org","description":"Ocena ryzyka SMART szacuje niebezpiecze\u0144stwo wyst\u0105pienia drugiego zawa\u0142u serca lub pokrewnej dolegliwo\u015bci w ci\u0105gu nast\u0119pnych dziesi\u0119ciu lat.","robots":{"index":"index","follow":"follow","max-snippet":"max-snippet:-1","max-image-preview":"max-image-preview:large","max-video-preview":"max-video-preview:-1"},"canonical":"https:\/\/www.healthy-heart.org\/pl\/zycie-z-choroba-serca\/ocena-ryzyka-rezydualnego-po-zawale-serca\/","og_locale":"pl_PL","og_type":"article","og_title":"Ryzyko rezydualne po zawale serca - Healthy-Heart.org","og_description":"Ocena ryzyka SMART szacuje niebezpiecze\u0144stwo wyst\u0105pienia drugiego zawa\u0142u serca lub pokrewnej dolegliwo\u015bci w ci\u0105gu nast\u0119pnych dziesi\u0119ciu lat.","og_url":"https:\/\/www.healthy-heart.org\/pl\/zycie-z-choroba-serca\/ocena-ryzyka-rezydualnego-po-zawale-serca\/","og_site_name":"Healthy-Heart.org","og_image":[{"width":1024,"height":683,"url":"https:\/\/www.healthy-heart.org\/wp-content\/uploads\/2019\/07\/iStock-639627574-1024x683.jpg","type":"image\/jpeg"}],"twitter_card":"summary_large_image","twitter_misc":{"Szacowany czas czytania":"1 minuta"},"schema":{"@context":"https:\/\/schema.org","@graph":[{"@type":"WebPage","@id":"https:\/\/www.healthy-heart.org\/pl\/zycie-z-choroba-serca\/ocena-ryzyka-rezydualnego-po-zawale-serca\/","url":"https:\/\/www.healthy-heart.org\/pl\/zycie-z-choroba-serca\/ocena-ryzyka-rezydualnego-po-zawale-serca\/","name":"Ryzyko rezydualne po zawale serca - Healthy-Heart.org","isPartOf":{"@id":"https:\/\/www.healthy-heart.org\/es\/#website"},"primaryImageOfPage":{"@id":"https:\/\/www.healthy-heart.org\/pl\/zycie-z-choroba-serca\/ocena-ryzyka-rezydualnego-po-zawale-serca\/#primaryimage"},"image":{"@id":"https:\/\/www.healthy-heart.org\/pl\/zycie-z-choroba-serca\/ocena-ryzyka-rezydualnego-po-zawale-serca\/#primaryimage"},"thumbnailUrl":"https:\/\/www.healthy-heart.org\/wp-content\/uploads\/2019\/07\/iStock-639627574.jpg","datePublished":"2019-10-07T16:59:12+00:00","dateModified":"2019-10-07T16:59:12+00:00","description":"Ocena ryzyka SMART szacuje niebezpiecze\u0144stwo wyst\u0105pienia drugiego zawa\u0142u serca lub pokrewnej dolegliwo\u015bci w ci\u0105gu nast\u0119pnych dziesi\u0119ciu lat.","breadcrumb":{"@id":"https:\/\/www.healthy-heart.org\/pl\/zycie-z-choroba-serca\/ocena-ryzyka-rezydualnego-po-zawale-serca\/#breadcrumb"},"inLanguage":"pl-PL","potentialAction":[{"@type":"ReadAction","target":["https:\/\/www.healthy-heart.org\/pl\/zycie-z-choroba-serca\/ocena-ryzyka-rezydualnego-po-zawale-serca\/"]}]},{"@type":"ImageObject","inLanguage":"pl-PL","@id":"https:\/\/www.healthy-heart.org\/pl\/zycie-z-choroba-serca\/ocena-ryzyka-rezydualnego-po-zawale-serca\/#primaryimage","url":"https:\/\/www.healthy-heart.org\/wp-content\/uploads\/2019\/07\/iStock-639627574.jpg","contentUrl":"https:\/\/www.healthy-heart.org\/wp-content\/uploads\/2019\/07\/iStock-639627574.jpg","width":5336,"height":3557,"caption":"A doctor is talking to a patient about her condition at her appointment."},{"@type":"BreadcrumbList","@id":"https:\/\/www.healthy-heart.org\/pl\/zycie-z-choroba-serca\/ocena-ryzyka-rezydualnego-po-zawale-serca\/#breadcrumb","itemListElement":[{"@type":"ListItem","position":1,"name":"Home","item":"https:\/\/www.healthy-heart.org\/pl\/"},{"@type":"ListItem","position":2,"name":"\u017bycie z chorob\u0105 serca","item":"https:\/\/www.healthy-heart.org\/pl\/zycie-z-choroba-serca\/"},{"@type":"ListItem","position":3,"name":"Ocena ryzyka rezydualnego po zawale serca"}]},{"@type":"WebSite","@id":"https:\/\/www.healthy-heart.org\/es\/#website","url":"https:\/\/www.healthy-heart.org\/es\/","name":"Healthy-Heart.org","description":"Practical advice for patients and family care givers on the prevention of cardiovascular disease","potentialAction":[{"@type":"SearchAction","target":{"@type":"EntryPoint","urlTemplate":"https:\/\/www.healthy-heart.org\/es\/?s={search_term_string}"},"query-input":{"@type":"PropertyValueSpecification","valueRequired":true,"valueName":"search_term_string"}}],"inLanguage":"pl-PL"}]}},"_links":{"self":[{"href":"https:\/\/www.healthy-heart.org\/pl\/wp-json\/wp\/v2\/pages\/1818","targetHints":{"allow":["GET"]}}],"collection":[{"href":"https:\/\/www.healthy-heart.org\/pl\/wp-json\/wp\/v2\/pages"}],"about":[{"href":"https:\/\/www.healthy-heart.org\/pl\/wp-json\/wp\/v2\/types\/page"}],"author":[{"embeddable":true,"href":"https:\/\/www.healthy-heart.org\/pl\/wp-json\/wp\/v2\/users\/1"}],"replies":[{"embeddable":true,"href":"https:\/\/www.healthy-heart.org\/pl\/wp-json\/wp\/v2\/comments?post=1818"}],"version-history":[{"count":0,"href":"https:\/\/www.healthy-heart.org\/pl\/wp-json\/wp\/v2\/pages\/1818\/revisions"}],"up":[{"embeddable":true,"href":"https:\/\/www.healthy-heart.org\/pl\/wp-json\/wp\/v2\/pages\/1863"}],"wp:featuredmedia":[{"embeddable":true,"href":"https:\/\/www.healthy-heart.org\/pl\/wp-json\/wp\/v2\/media\/614"}],"wp:attachment":[{"href":"https:\/\/www.healthy-heart.org\/pl\/wp-json\/wp\/v2\/media?parent=1818"}],"wp:term":[{"taxonomy":"category","embeddable":true,"href":"https:\/\/www.healthy-heart.org\/pl\/wp-json\/wp\/v2\/categories?post=1818"},{"taxonomy":"post_tag","embeddable":true,"href":"https:\/\/www.healthy-heart.org\/pl\/wp-json\/wp\/v2\/tags?post=1818"}],"curies":[{"name":"wp","href":"https:\/\/api.w.org\/{rel}","templated":true}]}}