{"id":1813,"date":"2019-10-07T17:59:01","date_gmt":"2019-10-07T16:59:01","guid":{"rendered":"https:\/\/www.healthy-heart.org\/seks-i-choroby-serca\/"},"modified":"2021-01-26T17:18:37","modified_gmt":"2021-01-26T17:18:37","slug":"seks-i-choroby-serca","status":"publish","type":"page","link":"https:\/\/www.healthy-heart.org\/pl\/zycie-z-choroba-serca\/seks-i-choroby-serca\/","title":{"rendered":"Seks i choroby serca"},"content":{"rendered":"<p><img loading=\"lazy\" decoding=\"async\" class=\"alignright size-medium wp-image-586\" src=\"https:\/\/cdn-endpoint-prev.azureedge.net\/healthy-heart\/2019\/07\/iStock-874866632-350x233.jpg\" alt=\"\" width=\"350\" height=\"233\" srcset=\"https:\/\/www.healthy-heart.org\/wp-content\/uploads\/2019\/07\/iStock-874866632-350x233.jpg 350w, https:\/\/cdn-endpoint-prev.azureedge.net\/healthy-heart\/2019\/07\/iStock-874866632-2048x1365.jpg 2048w, https:\/\/cdn-endpoint-prev.azureedge.net\/healthy-heart\/2019\/07\/iStock-874866632-659x439.jpg 659w, https:\/\/www.healthy-heart.org\/wp-content\/uploads\/2019\/07\/iStock-874866632-200x133.jpg 200w, https:\/\/www.healthy-heart.org\/wp-content\/uploads\/2019\/07\/iStock-874866632-768x512.jpg 768w, https:\/\/www.healthy-heart.org\/wp-content\/uploads\/2019\/07\/iStock-874866632-1024x683.jpg 1024w, https:\/\/www.healthy-heart.org\/wp-content\/uploads\/2019\/07\/iStock-874866632-1536x1024.jpg 1536w, https:\/\/www.healthy-heart.org\/wp-content\/uploads\/2019\/07\/iStock-874866632-696x464.jpg 696w\" sizes=\"auto, (max-width: 350px) 100vw, 350px\" \/><a href=\"https:\/\/www.healthy-heart.org\/pl\/twoje-serce\/czym-jest-choroba-serca\/\">Choroba serca<\/a> jest zwykle wa\u017cnym wydarzeniem w \u017cyciu pacjenta i jego partnera. Niekt\u00f3rzy odczuwaj\u0105 zmiany w swojej seksualno\u015bci lub poczuciu intymno\u015bci. Czasami pary maj\u0105 trudno\u015bci z rozmow\u0105 o intymno\u015bci i seksualno\u015bci. Lekarz prowadz\u0105cy lub specjalistyczny personel piel\u0119gniarski mo\u017ce <a href=\"https:\/\/www.healthy-heart.org\/pl\/zycie-z-choroba-serca\/o-co-trzeba-zapytac-kardiologa\/\">odpowiedzie\u0107 na twoje pytania<\/a> i om\u00f3wi\u0107 problemy.<\/p>\n<p>Wiele os\u00f3b zastanawia si\u0119, czy nadal mog\u0105 wsp\u00f3\u0142\u017cy\u0107 i czy serce poradzi sobie ze zwi\u0119kszonym wysi\u0142kiem, kt\u00f3ry towarzyszy podnieceniu seksualnemu. Aktywno\u015b\u0107 seksualna prowadzi do lekkiego podwy\u017cszenia t\u0119tna i <a href=\"https:\/\/www.healthy-heart.org\/pl\/dbaj-o-zdrowie-swojego-serca\/cisnienie-krwi\/\">ci\u015bnienia krwi<\/a>. Jednak na og\u00f3\u0142 tydzie\u0144 po zawale bez powik\u0142a\u0144 lub nieskomplikowanym zabiegu kardiologicznym, takim jak wszczepienie stentu, mo\u017cna bezpiecznie ponownie zacz\u0105\u0107 wsp\u00f3\u0142\u017cycie. W przypadku operacji serca okres ten wynosi osiem tygodni. <a href=\"https:\/\/www.healthy-heart.org\/pl\/zycie-z-choroba-serca\/popraw-stan-swojego-serca\/\">Rehabilitacja kardiologiczna<\/a> i regularna <a href=\"https:\/\/www.healthy-heart.org\/pl\/dbaj-o-zdrowie-swojego-serca\/aktywnosc-fizyczna\/\">aktywno\u015b\u0107 fizyczna<\/a> mog\u0105 zmniejszy\u0107 ryzyko powik\u0142a\u0144 zwi\u0105zanych z aktywno\u015bci\u0105 seksualn\u0105.<\/p>\n<p>Og\u00f3lna zasada m\u00f3wi, \u017ce je\u015bli mo\u017cesz wej\u015b\u0107 po schodach na drugie pi\u0119tro lub p\u00f3j\u015b\u0107 na szybki spacer bez \u017cadnych objaw\u00f3w (np. b\u00f3lu w klatce piersiowej lub zadyszki), mo\u017cesz te\u017c bezpiecznie uprawia\u0107 seks. Wa\u017cne jest, aby przestrzega\u0107 w\u0142asnego tempa powrotu do zdrowia, a w przypadku wyst\u0105pienia objaw\u00f3w porozmawia\u0107 z lekarzem. Niekt\u00f3re osoby stosuj\u0105 nitrogliceryn\u0119 do zapobiegania lub leczenia objaw\u00f3w.<\/p>\n<p>Istniej\u0105 leki s\u0142u\u017c\u0105ce wspomaganiu erekcji, takie jak syldenafil, wardenafil i tadalafil. Przyjmowanie kt\u00f3regokolwiek z nich podczas stosowania azotan\u00f3w jest absolutnie przeciwwskazane ze wzgl\u0119du na ryzyko bardzo niskiego ci\u015bnienia krwi. Dlatego przed rozpocz\u0119ciem stosowania kt\u00f3regokolwiek z tych lek\u00f3w lub preparat\u00f3w zio\u0142owych zalecana jest konsultacja z lekarzem.<\/p>\n<p>Niekt\u00f3re <a href=\"https:\/\/www.healthy-heart.org\/pl\/zycie-z-choroba-serca\/rodzaje-lekow\/\">leki<\/a> przepisywane na choroby serca (beta blokery), leki antydepresyjne i nasenne mog\u0105 wywo\u0142ywa\u0107 problemy z erekcj\u0105 i ogranicza\u0107 ochot\u0119 na seks u m\u0119\u017cczyzn oraz powodowa\u0107 sucho\u015b\u0107 pochwy u kobiet, co mo\u017ce mie\u0107 konsekwencje dla aktywno\u015bci seksualnej. Je\u015bli podejrzewasz, \u017ce leki powoduj\u0105 problemy w twoim \u017cyciu seksualnym, zasi\u0119gnij porady lekarza na temat ewentualnej zmiany na inne marki lub klasy lek\u00f3w. Nie przerywaj nagle przyjmowania leku. Je\u015bli do\u015bwiadczasz zaburze\u0144 w sferze seksualnej, skontaktuj si\u0119 z lekarzem lub piel\u0119gniark\u0105, aby sprawdzi\u0107, czy mog\u0105 one by\u0107 zwi\u0105zane z chorob\u0105 serca lub emocjami takimi jak l\u0119k, depresja lub inne czynniki.<\/p>\n","protected":false},"excerpt":{"rendered":"<p>Choroba serca jest zwykle wa\u017cnym wydarzeniem w \u017cyciu pacjenta i jego partnera. Niekt\u00f3rzy odczuwaj\u0105 zmiany w swojej seksualno\u015bci lub poczuciu intymno\u015bci. Czasami pary maj\u0105 trudno\u015bci z rozmow\u0105 o intymno\u015bci i seksualno\u015bci. Lekarz prowadz\u0105cy lub specjalistyczny personel piel\u0119gniarski mo\u017ce odpowiedzie\u0107 na twoje pytania i om\u00f3wi\u0107 problemy. Wiele os\u00f3b zastanawia si\u0119, czy nadal mog\u0105 wsp\u00f3\u0142\u017cy\u0107 i czy [&hellip;]<\/p>\n","protected":false},"author":1,"featured_media":591,"parent":1863,"menu_order":9,"comment_status":"closed","ping_status":"closed","template":"","meta":{"_acf_changed":false,"footnotes":""},"categories":[61],"tags":[],"class_list":["post-1813","page","type-page","status-publish","has-post-thumbnail","hentry","category-zycie-z-choroba-serca"],"acf":[],"yoast_head":"<!-- This site is optimized with the Yoast SEO plugin v24.0 - https:\/\/yoast.com\/wordpress\/plugins\/seo\/ -->\n<title>Seks a choroby serca - Healthy-Heart.org<\/title>\n<meta name=\"description\" content=\"Na og\u00f3\u0142 po zawale bez powik\u0142a\u0144 lub nieskomplikowanym zabiegu kardiologicznym, takim jak wszczepienie stentu, powr\u00f3t do wsp\u00f3\u0142\u017cycia jest bezpieczny.\" \/>\n<meta name=\"robots\" content=\"index, follow, max-snippet:-1, max-image-preview:large, max-video-preview:-1\" \/>\n<link rel=\"canonical\" href=\"https:\/\/www.healthy-heart.org\/pl\/zycie-z-choroba-serca\/seks-i-choroby-serca\/\" \/>\n<meta property=\"og:locale\" content=\"pl_PL\" \/>\n<meta property=\"og:type\" content=\"article\" \/>\n<meta property=\"og:title\" content=\"Seks a choroby serca - Healthy-Heart.org\" \/>\n<meta property=\"og:description\" content=\"Na og\u00f3\u0142 po zawale bez powik\u0142a\u0144 lub nieskomplikowanym zabiegu kardiologicznym, takim jak wszczepienie stentu, powr\u00f3t do wsp\u00f3\u0142\u017cycia jest bezpieczny.\" \/>\n<meta property=\"og:url\" content=\"https:\/\/www.healthy-heart.org\/pl\/zycie-z-choroba-serca\/seks-i-choroby-serca\/\" \/>\n<meta property=\"og:site_name\" content=\"Healthy-Heart.org\" \/>\n<meta property=\"article:modified_time\" content=\"2021-01-26T17:18:37+00:00\" \/>\n<meta property=\"og:image\" content=\"https:\/\/www.healthy-heart.org\/wp-content\/uploads\/2019\/07\/iStock-874866632-1024x683.jpg\" \/>\n\t<meta property=\"og:image:width\" content=\"1024\" \/>\n\t<meta property=\"og:image:height\" content=\"683\" \/>\n\t<meta property=\"og:image:type\" content=\"image\/jpeg\" \/>\n<meta name=\"twitter:card\" content=\"summary_large_image\" \/>\n<meta name=\"twitter:label1\" content=\"Szacowany czas czytania\" \/>\n\t<meta name=\"twitter:data1\" content=\"2 minuty\" \/>\n<script type=\"application\/ld+json\" class=\"yoast-schema-graph\">{\"@context\":\"https:\/\/schema.org\",\"@graph\":[{\"@type\":\"WebPage\",\"@id\":\"https:\/\/www.healthy-heart.org\/pl\/zycie-z-choroba-serca\/seks-i-choroby-serca\/\",\"url\":\"https:\/\/www.healthy-heart.org\/pl\/zycie-z-choroba-serca\/seks-i-choroby-serca\/\",\"name\":\"Seks a choroby serca - Healthy-Heart.org\",\"isPartOf\":{\"@id\":\"https:\/\/www.healthy-heart.org\/es\/#website\"},\"primaryImageOfPage\":{\"@id\":\"https:\/\/www.healthy-heart.org\/pl\/zycie-z-choroba-serca\/seks-i-choroby-serca\/#primaryimage\"},\"image\":{\"@id\":\"https:\/\/www.healthy-heart.org\/pl\/zycie-z-choroba-serca\/seks-i-choroby-serca\/#primaryimage\"},\"thumbnailUrl\":\"https:\/\/www.healthy-heart.org\/wp-content\/uploads\/2019\/07\/iStock-874866632.jpg\",\"datePublished\":\"2019-10-07T16:59:01+00:00\",\"dateModified\":\"2021-01-26T17:18:37+00:00\",\"description\":\"Na og\u00f3\u0142 po zawale bez powik\u0142a\u0144 lub nieskomplikowanym zabiegu kardiologicznym, takim jak wszczepienie stentu, powr\u00f3t do wsp\u00f3\u0142\u017cycia jest bezpieczny.\",\"breadcrumb\":{\"@id\":\"https:\/\/www.healthy-heart.org\/pl\/zycie-z-choroba-serca\/seks-i-choroby-serca\/#breadcrumb\"},\"inLanguage\":\"pl-PL\",\"potentialAction\":[{\"@type\":\"ReadAction\",\"target\":[\"https:\/\/www.healthy-heart.org\/pl\/zycie-z-choroba-serca\/seks-i-choroby-serca\/\"]}]},{\"@type\":\"ImageObject\",\"inLanguage\":\"pl-PL\",\"@id\":\"https:\/\/www.healthy-heart.org\/pl\/zycie-z-choroba-serca\/seks-i-choroby-serca\/#primaryimage\",\"url\":\"https:\/\/www.healthy-heart.org\/wp-content\/uploads\/2019\/07\/iStock-874866632.jpg\",\"contentUrl\":\"https:\/\/www.healthy-heart.org\/wp-content\/uploads\/2019\/07\/iStock-874866632.jpg\",\"width\":6720,\"height\":4480,\"caption\":\"Shot of a mature couple talking on the sofa at home\"},{\"@type\":\"BreadcrumbList\",\"@id\":\"https:\/\/www.healthy-heart.org\/pl\/zycie-z-choroba-serca\/seks-i-choroby-serca\/#breadcrumb\",\"itemListElement\":[{\"@type\":\"ListItem\",\"position\":1,\"name\":\"Home\",\"item\":\"https:\/\/www.healthy-heart.org\/pl\/\"},{\"@type\":\"ListItem\",\"position\":2,\"name\":\"\u017bycie z chorob\u0105 serca\",\"item\":\"https:\/\/www.healthy-heart.org\/pl\/zycie-z-choroba-serca\/\"},{\"@type\":\"ListItem\",\"position\":3,\"name\":\"Seks i choroby serca\"}]},{\"@type\":\"WebSite\",\"@id\":\"https:\/\/www.healthy-heart.org\/es\/#website\",\"url\":\"https:\/\/www.healthy-heart.org\/es\/\",\"name\":\"Healthy-Heart.org\",\"description\":\"Practical advice for patients and family care givers on the prevention of cardiovascular disease\",\"potentialAction\":[{\"@type\":\"SearchAction\",\"target\":{\"@type\":\"EntryPoint\",\"urlTemplate\":\"https:\/\/www.healthy-heart.org\/es\/?s={search_term_string}\"},\"query-input\":{\"@type\":\"PropertyValueSpecification\",\"valueRequired\":true,\"valueName\":\"search_term_string\"}}],\"inLanguage\":\"pl-PL\"}]}<\/script>\n<!-- \/ Yoast SEO plugin. -->","yoast_head_json":{"title":"Seks a choroby serca - Healthy-Heart.org","description":"Na og\u00f3\u0142 po zawale bez powik\u0142a\u0144 lub nieskomplikowanym zabiegu kardiologicznym, takim jak wszczepienie stentu, powr\u00f3t do wsp\u00f3\u0142\u017cycia jest bezpieczny.","robots":{"index":"index","follow":"follow","max-snippet":"max-snippet:-1","max-image-preview":"max-image-preview:large","max-video-preview":"max-video-preview:-1"},"canonical":"https:\/\/www.healthy-heart.org\/pl\/zycie-z-choroba-serca\/seks-i-choroby-serca\/","og_locale":"pl_PL","og_type":"article","og_title":"Seks a choroby serca - Healthy-Heart.org","og_description":"Na og\u00f3\u0142 po zawale bez powik\u0142a\u0144 lub nieskomplikowanym zabiegu kardiologicznym, takim jak wszczepienie stentu, powr\u00f3t do wsp\u00f3\u0142\u017cycia jest bezpieczny.","og_url":"https:\/\/www.healthy-heart.org\/pl\/zycie-z-choroba-serca\/seks-i-choroby-serca\/","og_site_name":"Healthy-Heart.org","article_modified_time":"2021-01-26T17:18:37+00:00","og_image":[{"width":1024,"height":683,"url":"https:\/\/www.healthy-heart.org\/wp-content\/uploads\/2019\/07\/iStock-874866632-1024x683.jpg","type":"image\/jpeg"}],"twitter_card":"summary_large_image","twitter_misc":{"Szacowany czas czytania":"2 minuty"},"schema":{"@context":"https:\/\/schema.org","@graph":[{"@type":"WebPage","@id":"https:\/\/www.healthy-heart.org\/pl\/zycie-z-choroba-serca\/seks-i-choroby-serca\/","url":"https:\/\/www.healthy-heart.org\/pl\/zycie-z-choroba-serca\/seks-i-choroby-serca\/","name":"Seks a choroby serca - Healthy-Heart.org","isPartOf":{"@id":"https:\/\/www.healthy-heart.org\/es\/#website"},"primaryImageOfPage":{"@id":"https:\/\/www.healthy-heart.org\/pl\/zycie-z-choroba-serca\/seks-i-choroby-serca\/#primaryimage"},"image":{"@id":"https:\/\/www.healthy-heart.org\/pl\/zycie-z-choroba-serca\/seks-i-choroby-serca\/#primaryimage"},"thumbnailUrl":"https:\/\/www.healthy-heart.org\/wp-content\/uploads\/2019\/07\/iStock-874866632.jpg","datePublished":"2019-10-07T16:59:01+00:00","dateModified":"2021-01-26T17:18:37+00:00","description":"Na og\u00f3\u0142 po zawale bez powik\u0142a\u0144 lub nieskomplikowanym zabiegu kardiologicznym, takim jak wszczepienie stentu, powr\u00f3t do wsp\u00f3\u0142\u017cycia jest bezpieczny.","breadcrumb":{"@id":"https:\/\/www.healthy-heart.org\/pl\/zycie-z-choroba-serca\/seks-i-choroby-serca\/#breadcrumb"},"inLanguage":"pl-PL","potentialAction":[{"@type":"ReadAction","target":["https:\/\/www.healthy-heart.org\/pl\/zycie-z-choroba-serca\/seks-i-choroby-serca\/"]}]},{"@type":"ImageObject","inLanguage":"pl-PL","@id":"https:\/\/www.healthy-heart.org\/pl\/zycie-z-choroba-serca\/seks-i-choroby-serca\/#primaryimage","url":"https:\/\/www.healthy-heart.org\/wp-content\/uploads\/2019\/07\/iStock-874866632.jpg","contentUrl":"https:\/\/www.healthy-heart.org\/wp-content\/uploads\/2019\/07\/iStock-874866632.jpg","width":6720,"height":4480,"caption":"Shot of a mature couple talking on the sofa at home"},{"@type":"BreadcrumbList","@id":"https:\/\/www.healthy-heart.org\/pl\/zycie-z-choroba-serca\/seks-i-choroby-serca\/#breadcrumb","itemListElement":[{"@type":"ListItem","position":1,"name":"Home","item":"https:\/\/www.healthy-heart.org\/pl\/"},{"@type":"ListItem","position":2,"name":"\u017bycie z chorob\u0105 serca","item":"https:\/\/www.healthy-heart.org\/pl\/zycie-z-choroba-serca\/"},{"@type":"ListItem","position":3,"name":"Seks i choroby serca"}]},{"@type":"WebSite","@id":"https:\/\/www.healthy-heart.org\/es\/#website","url":"https:\/\/www.healthy-heart.org\/es\/","name":"Healthy-Heart.org","description":"Practical advice for patients and family care givers on the prevention of cardiovascular disease","potentialAction":[{"@type":"SearchAction","target":{"@type":"EntryPoint","urlTemplate":"https:\/\/www.healthy-heart.org\/es\/?s={search_term_string}"},"query-input":{"@type":"PropertyValueSpecification","valueRequired":true,"valueName":"search_term_string"}}],"inLanguage":"pl-PL"}]}},"_links":{"self":[{"href":"https:\/\/www.healthy-heart.org\/pl\/wp-json\/wp\/v2\/pages\/1813","targetHints":{"allow":["GET"]}}],"collection":[{"href":"https:\/\/www.healthy-heart.org\/pl\/wp-json\/wp\/v2\/pages"}],"about":[{"href":"https:\/\/www.healthy-heart.org\/pl\/wp-json\/wp\/v2\/types\/page"}],"author":[{"embeddable":true,"href":"https:\/\/www.healthy-heart.org\/pl\/wp-json\/wp\/v2\/users\/1"}],"replies":[{"embeddable":true,"href":"https:\/\/www.healthy-heart.org\/pl\/wp-json\/wp\/v2\/comments?post=1813"}],"version-history":[{"count":2,"href":"https:\/\/www.healthy-heart.org\/pl\/wp-json\/wp\/v2\/pages\/1813\/revisions"}],"predecessor-version":[{"id":5018,"href":"https:\/\/www.healthy-heart.org\/pl\/wp-json\/wp\/v2\/pages\/1813\/revisions\/5018"}],"up":[{"embeddable":true,"href":"https:\/\/www.healthy-heart.org\/pl\/wp-json\/wp\/v2\/pages\/1863"}],"wp:featuredmedia":[{"embeddable":true,"href":"https:\/\/www.healthy-heart.org\/pl\/wp-json\/wp\/v2\/media\/591"}],"wp:attachment":[{"href":"https:\/\/www.healthy-heart.org\/pl\/wp-json\/wp\/v2\/media?parent=1813"}],"wp:term":[{"taxonomy":"category","embeddable":true,"href":"https:\/\/www.healthy-heart.org\/pl\/wp-json\/wp\/v2\/categories?post=1813"},{"taxonomy":"post_tag","embeddable":true,"href":"https:\/\/www.healthy-heart.org\/pl\/wp-json\/wp\/v2\/tags?post=1813"}],"curies":[{"name":"wp","href":"https:\/\/api.w.org\/{rel}","templated":true}]}}