{"id":1784,"date":"2019-10-07T17:56:49","date_gmt":"2019-10-07T16:56:49","guid":{"rendered":"https:\/\/www.healthy-heart.org\/twoje-serce\/jak-wykonac-resuscytacje-krazeniowo-oddechowa-rko\/"},"modified":"2021-02-25T14:37:12","modified_gmt":"2021-02-25T14:37:12","slug":"jak-wykonac-resuscytacje-krazeniowo-oddechowa-rko","status":"publish","type":"page","link":"https:\/\/www.healthy-heart.org\/pl\/twoje-serce\/jak-wykonac-resuscytacje-krazeniowo-oddechowa-rko\/","title":{"rendered":"Jak wykona\u0107 resuscytacj\u0119 kr\u0105\u017ceniowo-oddechow\u0105 (RKO)"},"content":{"rendered":"<p><img loading=\"lazy\" decoding=\"async\" class=\"alignright size-medium wp-image-784\" src=\"https:\/\/cdn-endpoint-prev.azureedge.net\/healthy-heart\/2019\/07\/iStock-915166956-350x233.jpg\" alt=\"\" width=\"350\" height=\"233\" srcset=\"https:\/\/www.healthy-heart.org\/wp-content\/uploads\/2019\/07\/iStock-915166956-350x233.jpg 350w, https:\/\/cdn-endpoint-prev.azureedge.net\/healthy-heart\/2019\/07\/iStock-915166956-2048x1365.jpg 2048w, https:\/\/cdn-endpoint-prev.azureedge.net\/healthy-heart\/2019\/07\/iStock-915166956-659x439.jpg 659w, https:\/\/www.healthy-heart.org\/wp-content\/uploads\/2019\/07\/iStock-915166956-200x133.jpg 200w, https:\/\/www.healthy-heart.org\/wp-content\/uploads\/2019\/07\/iStock-915166956-768x512.jpg 768w, https:\/\/www.healthy-heart.org\/wp-content\/uploads\/2019\/07\/iStock-915166956-1024x683.jpg 1024w, https:\/\/www.healthy-heart.org\/wp-content\/uploads\/2019\/07\/iStock-915166956-1536x1024.jpg 1536w, https:\/\/www.healthy-heart.org\/wp-content\/uploads\/2019\/07\/iStock-915166956-696x464.jpg 696w\" sizes=\"auto, (max-width: 350px) 100vw, 350px\" \/>Dobra wiadomo\u015b\u0107: uratowanie komu\u015b \u017cycia jest \u0142atwiejsze ni\u017c my\u015blisz.<\/p>\n<p>Je\u015bli widzisz, \u017ce kto\u015b zas\u0142ab\u0142, podejd\u017a do niego.<\/p>\n<ol>\n<li>Popro\u015b kogo\u015b, aby zadzwoni\u0142 na lokalny numer\u00a0<span class=\"m_1076366607236075226GramE\">alarmowy (je\u015bli<\/span>\u00a0nie znasz lokalnego numeru, numer 112 dzia\u0142a w ca\u0142ej Europie, w tym w Polsce\u00a0i wielu innych krajach) i poszuka\u0142 defibrylatora. Je\u015bli jeste\u015b sam, zadzwo\u0144 na pogotowie i zosta\u0144 z poszkodowanym.<\/li>\n<li>Je\u015bli osoba jest nieprzytomna i nie oddycha prawid\u0142owo \u2013 rozpocznij resuscytacj\u0119 kr\u0105\u017ceniowo-oddechow\u0105:<br \/>\nPochyl si\u0119 nad klatk\u0105 piersiow\u0105 tej osoby, po\u0142\u00f3\u017c jedn\u0105 d\u0142o\u0144 na \u015brodku klatki piersiowej, umie\u015b\u0107 drug\u0105 d\u0142o\u0144 na pierwszej, a nast\u0119pnie MOCNO I SZYBKO NACISKAJ DO MOMENTU PRZYBYCIA POMOCY. Trzeba zastosowa\u0107 oko\u0142o 100 do 120 uci\u015bni\u0119\u0107 na minut\u0119, czyli mniej wi\u0119cej w tempie znanej piosenki Bee Gees \u201eStayin\u2019 Alive\u201d. Kontynuuj uciskanie, a\u017c przyjedzie karetka.<\/li>\n<\/ol>\n<p>PAMI\u0118TAJ:<\/p>\n<ol>\n<li>WEZWIJ POGOTOWIE<\/li>\n<li>NACISKAJ MOCNO I SZYBKO<\/li>\n<\/ol>\n<p>TWOJE DZIA\u0141ANIE MO\u017bE URATOWA\u0106 \u017bYCIE!<\/p>\n<p>Wi\u0119cej informacji mo\u017cesz uzyska\u0107, ogl\u0105daj\u0105c <a href=\"https:\/\/www.bhf.org.uk\/how-you-can-help\/how-to-save-a-life\/how-to-do-cpr\/cpr-training-videos\" target=\"_blank\" rel=\"noopener noreferrer\">ten film<\/a> stworzony przez British Heart Foundation.<\/p>\n","protected":false},"excerpt":{"rendered":"<p>Dobra wiadomo\u015b\u0107: uratowanie komu\u015b \u017cycia jest \u0142atwiejsze ni\u017c my\u015blisz. Je\u015bli widzisz, \u017ce kto\u015b zas\u0142ab\u0142, podejd\u017a do niego. Popro\u015b kogo\u015b, aby zadzwoni\u0142 na lokalny numer\u00a0alarmowy (je\u015bli\u00a0nie znasz lokalnego numeru, numer 112 dzia\u0142a w ca\u0142ej Europie, w tym w Polsce\u00a0i wielu innych krajach) i poszuka\u0142 defibrylatora. Je\u015bli jeste\u015b sam, zadzwo\u0144 na pogotowie i zosta\u0144 z poszkodowanym. Je\u015bli [&hellip;]<\/p>\n","protected":false},"author":1,"featured_media":1254,"parent":1652,"menu_order":4,"comment_status":"closed","ping_status":"closed","template":"","meta":{"_acf_changed":false,"footnotes":""},"categories":[51],"tags":[],"class_list":["post-1784","page","type-page","status-publish","has-post-thumbnail","hentry","category-twoje-serce"],"acf":[],"yoast_head":"<!-- This site is optimized with the Yoast SEO plugin v24.0 - https:\/\/yoast.com\/wordpress\/plugins\/seo\/ -->\n<title>Jak wykona\u0107 resuscytacj\u0119 kr\u0105\u017ceniowo-oddechow\u0105 - Healthy-Heart.org<\/title>\n<meta name=\"description\" content=\"Dowiedz si\u0119, jak w przypadku zatrzymania akcji serca wykona\u0107 resuscytacj\u0119 kr\u0105\u017ceniowo-oddechow\u0105 (RKO) przez uciskanie klatki piersiowej.\" \/>\n<meta name=\"robots\" content=\"index, follow, max-snippet:-1, max-image-preview:large, max-video-preview:-1\" \/>\n<link rel=\"canonical\" href=\"https:\/\/www.healthy-heart.org\/pl\/twoje-serce\/jak-wykonac-resuscytacje-krazeniowo-oddechowa-rko\/\" \/>\n<meta property=\"og:locale\" content=\"pl_PL\" \/>\n<meta property=\"og:type\" content=\"article\" \/>\n<meta property=\"og:title\" content=\"Jak wykona\u0107 resuscytacj\u0119 kr\u0105\u017ceniowo-oddechow\u0105 - Healthy-Heart.org\" \/>\n<meta property=\"og:description\" content=\"Dowiedz si\u0119, jak w przypadku zatrzymania akcji serca wykona\u0107 resuscytacj\u0119 kr\u0105\u017ceniowo-oddechow\u0105 (RKO) przez uciskanie klatki piersiowej.\" \/>\n<meta property=\"og:url\" content=\"https:\/\/www.healthy-heart.org\/pl\/twoje-serce\/jak-wykonac-resuscytacje-krazeniowo-oddechowa-rko\/\" \/>\n<meta property=\"og:site_name\" content=\"Healthy-Heart.org\" \/>\n<meta property=\"article:modified_time\" content=\"2021-02-25T14:37:12+00:00\" \/>\n<meta property=\"og:image\" content=\"https:\/\/www.healthy-heart.org\/wp-content\/uploads\/2019\/08\/cpr.jpg\" \/>\n\t<meta property=\"og:image:width\" content=\"518\" \/>\n\t<meta property=\"og:image:height\" content=\"345\" \/>\n\t<meta property=\"og:image:type\" content=\"image\/jpeg\" \/>\n<meta name=\"twitter:card\" content=\"summary_large_image\" \/>\n<meta name=\"twitter:label1\" content=\"Szacowany czas czytania\" \/>\n\t<meta name=\"twitter:data1\" content=\"1 minuta\" \/>\n<script type=\"application\/ld+json\" class=\"yoast-schema-graph\">{\"@context\":\"https:\/\/schema.org\",\"@graph\":[{\"@type\":\"WebPage\",\"@id\":\"https:\/\/www.healthy-heart.org\/pl\/twoje-serce\/jak-wykonac-resuscytacje-krazeniowo-oddechowa-rko\/\",\"url\":\"https:\/\/www.healthy-heart.org\/pl\/twoje-serce\/jak-wykonac-resuscytacje-krazeniowo-oddechowa-rko\/\",\"name\":\"Jak wykona\u0107 resuscytacj\u0119 kr\u0105\u017ceniowo-oddechow\u0105 - Healthy-Heart.org\",\"isPartOf\":{\"@id\":\"https:\/\/www.healthy-heart.org\/es\/#website\"},\"primaryImageOfPage\":{\"@id\":\"https:\/\/www.healthy-heart.org\/pl\/twoje-serce\/jak-wykonac-resuscytacje-krazeniowo-oddechowa-rko\/#primaryimage\"},\"image\":{\"@id\":\"https:\/\/www.healthy-heart.org\/pl\/twoje-serce\/jak-wykonac-resuscytacje-krazeniowo-oddechowa-rko\/#primaryimage\"},\"thumbnailUrl\":\"https:\/\/www.healthy-heart.org\/wp-content\/uploads\/2019\/08\/cpr.jpg\",\"datePublished\":\"2019-10-07T16:56:49+00:00\",\"dateModified\":\"2021-02-25T14:37:12+00:00\",\"description\":\"Dowiedz si\u0119, jak w przypadku zatrzymania akcji serca wykona\u0107 resuscytacj\u0119 kr\u0105\u017ceniowo-oddechow\u0105 (RKO) przez uciskanie klatki piersiowej.\",\"breadcrumb\":{\"@id\":\"https:\/\/www.healthy-heart.org\/pl\/twoje-serce\/jak-wykonac-resuscytacje-krazeniowo-oddechowa-rko\/#breadcrumb\"},\"inLanguage\":\"pl-PL\",\"potentialAction\":[{\"@type\":\"ReadAction\",\"target\":[\"https:\/\/www.healthy-heart.org\/pl\/twoje-serce\/jak-wykonac-resuscytacje-krazeniowo-oddechowa-rko\/\"]}]},{\"@type\":\"ImageObject\",\"inLanguage\":\"pl-PL\",\"@id\":\"https:\/\/www.healthy-heart.org\/pl\/twoje-serce\/jak-wykonac-resuscytacje-krazeniowo-oddechowa-rko\/#primaryimage\",\"url\":\"https:\/\/www.healthy-heart.org\/wp-content\/uploads\/2019\/08\/cpr.jpg\",\"contentUrl\":\"https:\/\/www.healthy-heart.org\/wp-content\/uploads\/2019\/08\/cpr.jpg\",\"width\":518,\"height\":345},{\"@type\":\"BreadcrumbList\",\"@id\":\"https:\/\/www.healthy-heart.org\/pl\/twoje-serce\/jak-wykonac-resuscytacje-krazeniowo-oddechowa-rko\/#breadcrumb\",\"itemListElement\":[{\"@type\":\"ListItem\",\"position\":1,\"name\":\"Home\",\"item\":\"https:\/\/www.healthy-heart.org\/pl\/\"},{\"@type\":\"ListItem\",\"position\":2,\"name\":\"Twoje serce\",\"item\":\"https:\/\/www.healthy-heart.org\/pl\/twoje-serce\/\"},{\"@type\":\"ListItem\",\"position\":3,\"name\":\"Jak wykona\u0107 resuscytacj\u0119 kr\u0105\u017ceniowo-oddechow\u0105 (RKO)\"}]},{\"@type\":\"WebSite\",\"@id\":\"https:\/\/www.healthy-heart.org\/es\/#website\",\"url\":\"https:\/\/www.healthy-heart.org\/es\/\",\"name\":\"Healthy-Heart.org\",\"description\":\"Practical advice for patients and family care givers on the prevention of cardiovascular disease\",\"potentialAction\":[{\"@type\":\"SearchAction\",\"target\":{\"@type\":\"EntryPoint\",\"urlTemplate\":\"https:\/\/www.healthy-heart.org\/es\/?s={search_term_string}\"},\"query-input\":{\"@type\":\"PropertyValueSpecification\",\"valueRequired\":true,\"valueName\":\"search_term_string\"}}],\"inLanguage\":\"pl-PL\"}]}<\/script>\n<!-- \/ Yoast SEO plugin. -->","yoast_head_json":{"title":"Jak wykona\u0107 resuscytacj\u0119 kr\u0105\u017ceniowo-oddechow\u0105 - Healthy-Heart.org","description":"Dowiedz si\u0119, jak w przypadku zatrzymania akcji serca wykona\u0107 resuscytacj\u0119 kr\u0105\u017ceniowo-oddechow\u0105 (RKO) przez uciskanie klatki piersiowej.","robots":{"index":"index","follow":"follow","max-snippet":"max-snippet:-1","max-image-preview":"max-image-preview:large","max-video-preview":"max-video-preview:-1"},"canonical":"https:\/\/www.healthy-heart.org\/pl\/twoje-serce\/jak-wykonac-resuscytacje-krazeniowo-oddechowa-rko\/","og_locale":"pl_PL","og_type":"article","og_title":"Jak wykona\u0107 resuscytacj\u0119 kr\u0105\u017ceniowo-oddechow\u0105 - Healthy-Heart.org","og_description":"Dowiedz si\u0119, jak w przypadku zatrzymania akcji serca wykona\u0107 resuscytacj\u0119 kr\u0105\u017ceniowo-oddechow\u0105 (RKO) przez uciskanie klatki piersiowej.","og_url":"https:\/\/www.healthy-heart.org\/pl\/twoje-serce\/jak-wykonac-resuscytacje-krazeniowo-oddechowa-rko\/","og_site_name":"Healthy-Heart.org","article_modified_time":"2021-02-25T14:37:12+00:00","og_image":[{"width":518,"height":345,"url":"https:\/\/www.healthy-heart.org\/wp-content\/uploads\/2019\/08\/cpr.jpg","type":"image\/jpeg"}],"twitter_card":"summary_large_image","twitter_misc":{"Szacowany czas czytania":"1 minuta"},"schema":{"@context":"https:\/\/schema.org","@graph":[{"@type":"WebPage","@id":"https:\/\/www.healthy-heart.org\/pl\/twoje-serce\/jak-wykonac-resuscytacje-krazeniowo-oddechowa-rko\/","url":"https:\/\/www.healthy-heart.org\/pl\/twoje-serce\/jak-wykonac-resuscytacje-krazeniowo-oddechowa-rko\/","name":"Jak wykona\u0107 resuscytacj\u0119 kr\u0105\u017ceniowo-oddechow\u0105 - Healthy-Heart.org","isPartOf":{"@id":"https:\/\/www.healthy-heart.org\/es\/#website"},"primaryImageOfPage":{"@id":"https:\/\/www.healthy-heart.org\/pl\/twoje-serce\/jak-wykonac-resuscytacje-krazeniowo-oddechowa-rko\/#primaryimage"},"image":{"@id":"https:\/\/www.healthy-heart.org\/pl\/twoje-serce\/jak-wykonac-resuscytacje-krazeniowo-oddechowa-rko\/#primaryimage"},"thumbnailUrl":"https:\/\/www.healthy-heart.org\/wp-content\/uploads\/2019\/08\/cpr.jpg","datePublished":"2019-10-07T16:56:49+00:00","dateModified":"2021-02-25T14:37:12+00:00","description":"Dowiedz si\u0119, jak w przypadku zatrzymania akcji serca wykona\u0107 resuscytacj\u0119 kr\u0105\u017ceniowo-oddechow\u0105 (RKO) przez uciskanie klatki piersiowej.","breadcrumb":{"@id":"https:\/\/www.healthy-heart.org\/pl\/twoje-serce\/jak-wykonac-resuscytacje-krazeniowo-oddechowa-rko\/#breadcrumb"},"inLanguage":"pl-PL","potentialAction":[{"@type":"ReadAction","target":["https:\/\/www.healthy-heart.org\/pl\/twoje-serce\/jak-wykonac-resuscytacje-krazeniowo-oddechowa-rko\/"]}]},{"@type":"ImageObject","inLanguage":"pl-PL","@id":"https:\/\/www.healthy-heart.org\/pl\/twoje-serce\/jak-wykonac-resuscytacje-krazeniowo-oddechowa-rko\/#primaryimage","url":"https:\/\/www.healthy-heart.org\/wp-content\/uploads\/2019\/08\/cpr.jpg","contentUrl":"https:\/\/www.healthy-heart.org\/wp-content\/uploads\/2019\/08\/cpr.jpg","width":518,"height":345},{"@type":"BreadcrumbList","@id":"https:\/\/www.healthy-heart.org\/pl\/twoje-serce\/jak-wykonac-resuscytacje-krazeniowo-oddechowa-rko\/#breadcrumb","itemListElement":[{"@type":"ListItem","position":1,"name":"Home","item":"https:\/\/www.healthy-heart.org\/pl\/"},{"@type":"ListItem","position":2,"name":"Twoje serce","item":"https:\/\/www.healthy-heart.org\/pl\/twoje-serce\/"},{"@type":"ListItem","position":3,"name":"Jak wykona\u0107 resuscytacj\u0119 kr\u0105\u017ceniowo-oddechow\u0105 (RKO)"}]},{"@type":"WebSite","@id":"https:\/\/www.healthy-heart.org\/es\/#website","url":"https:\/\/www.healthy-heart.org\/es\/","name":"Healthy-Heart.org","description":"Practical advice for patients and family care givers on the prevention of cardiovascular disease","potentialAction":[{"@type":"SearchAction","target":{"@type":"EntryPoint","urlTemplate":"https:\/\/www.healthy-heart.org\/es\/?s={search_term_string}"},"query-input":{"@type":"PropertyValueSpecification","valueRequired":true,"valueName":"search_term_string"}}],"inLanguage":"pl-PL"}]}},"_links":{"self":[{"href":"https:\/\/www.healthy-heart.org\/pl\/wp-json\/wp\/v2\/pages\/1784","targetHints":{"allow":["GET"]}}],"collection":[{"href":"https:\/\/www.healthy-heart.org\/pl\/wp-json\/wp\/v2\/pages"}],"about":[{"href":"https:\/\/www.healthy-heart.org\/pl\/wp-json\/wp\/v2\/types\/page"}],"author":[{"embeddable":true,"href":"https:\/\/www.healthy-heart.org\/pl\/wp-json\/wp\/v2\/users\/1"}],"replies":[{"embeddable":true,"href":"https:\/\/www.healthy-heart.org\/pl\/wp-json\/wp\/v2\/comments?post=1784"}],"version-history":[{"count":3,"href":"https:\/\/www.healthy-heart.org\/pl\/wp-json\/wp\/v2\/pages\/1784\/revisions"}],"predecessor-version":[{"id":5605,"href":"https:\/\/www.healthy-heart.org\/pl\/wp-json\/wp\/v2\/pages\/1784\/revisions\/5605"}],"up":[{"embeddable":true,"href":"https:\/\/www.healthy-heart.org\/pl\/wp-json\/wp\/v2\/pages\/1652"}],"wp:featuredmedia":[{"embeddable":true,"href":"https:\/\/www.healthy-heart.org\/pl\/wp-json\/wp\/v2\/media\/1254"}],"wp:attachment":[{"href":"https:\/\/www.healthy-heart.org\/pl\/wp-json\/wp\/v2\/media?parent=1784"}],"wp:term":[{"taxonomy":"category","embeddable":true,"href":"https:\/\/www.healthy-heart.org\/pl\/wp-json\/wp\/v2\/categories?post=1784"},{"taxonomy":"post_tag","embeddable":true,"href":"https:\/\/www.healthy-heart.org\/pl\/wp-json\/wp\/v2\/tags?post=1784"}],"curies":[{"name":"wp","href":"https:\/\/api.w.org\/{rel}","templated":true}]}}