{"id":1779,"date":"2019-10-07T17:56:38","date_gmt":"2019-10-07T16:56:38","guid":{"rendered":"https:\/\/www.healthy-heart.org\/twoje-serce\/ostrzegawcze-objawy-przedmiotowe-i-podmiotowe\/"},"modified":"2021-01-26T14:55:01","modified_gmt":"2021-01-26T14:55:01","slug":"ostrzegawcze-objawy-przedmiotowe-i-podmiotowe","status":"publish","type":"page","link":"https:\/\/www.healthy-heart.org\/pl\/twoje-serce\/ostrzegawcze-objawy-przedmiotowe-i-podmiotowe\/","title":{"rendered":"Ostrzegawcze objawy przedmiotowe i podmiotowe"},"content":{"rendered":"<p><img loading=\"lazy\" decoding=\"async\" class=\"alignright size-medium wp-image-729\" src=\"https:\/\/cdn-endpoint-prev.azureedge.net\/healthy-heart\/2019\/07\/iStock-529054845-350x233.jpg\" alt=\"\" width=\"350\" height=\"233\" srcset=\"https:\/\/www.healthy-heart.org\/wp-content\/uploads\/2019\/07\/iStock-529054845-350x233.jpg 350w, https:\/\/cdn-endpoint-prev.azureedge.net\/healthy-heart\/2019\/07\/iStock-529054845-2048x1365.jpg 2048w, https:\/\/cdn-endpoint-prev.azureedge.net\/healthy-heart\/2019\/07\/iStock-529054845-659x439.jpg 659w, https:\/\/www.healthy-heart.org\/wp-content\/uploads\/2019\/07\/iStock-529054845-200x133.jpg 200w, https:\/\/www.healthy-heart.org\/wp-content\/uploads\/2019\/07\/iStock-529054845-768x512.jpg 768w, https:\/\/www.healthy-heart.org\/wp-content\/uploads\/2019\/07\/iStock-529054845-1024x683.jpg 1024w, https:\/\/www.healthy-heart.org\/wp-content\/uploads\/2019\/07\/iStock-529054845-1536x1024.jpg 1536w, https:\/\/www.healthy-heart.org\/wp-content\/uploads\/2019\/07\/iStock-529054845-696x464.jpg 696w\" sizes=\"auto, (max-width: 350px) 100vw, 350px\" \/><br \/>\nJednym z sygna\u0142\u00f3w alarmowych <a href=\"https:\/\/www.healthy-heart.org\/pl\/twoje-serce\/czym-jest-choroba-serca\/\">zawa\u0142u serca<\/a> jest b\u00f3l w klatce piersiowej. B\u00f3l mo\u017ce trwa\u0107 tylko kilka minut, ale mo\u017ce te\u017c by\u0107 d\u0142u\u017cszy. Zazwyczaj b\u00f3l jest odczuwany subiektywnie jako ci\u0119\u017car na piersiach lub \u015bciskanie w klatce piersiowej, ale mo\u017ce to by\u0107 r\u00f3wnie\u017c bardziej subtelny dyskomfort lub uczucie pieczenia w klatce piersiowej. B\u00f3l cz\u0119sto koncentruje si\u0119 po\u015brodku klatki piersiowej. Mo\u017ce mu towarzyszy\u0107 zimny pot i nudno\u015bci. B\u00f3l mo\u017ce promieniowa\u0107 do innych obszar\u00f3w g\u00f3rnej cz\u0119\u015bci cia\u0142a \u2013 na przyk\u0142ad ramion (raczej lewego ni\u017c prawego), plec\u00f3w, a nawet \u017cuchwy.<\/p>\n<blockquote><p>Je\u015bli odczuwasz b\u00f3l w klatce piersiowej przez ponad 10 minut, natychmiast wezwij karetk\u0119.<br \/>\nNie jed\u017a szpitala samodzielnie, poniewa\u017c najbli\u017cszy szpital mo\u017ce nie by\u0107 przygotowany do ca\u0142odobowego leczenia zawa\u0142u serca.<\/p><\/blockquote>\n<p>&nbsp;<\/p>\n<h2>Ostrzegawcze objawy przedmiotowe i podmiotowe, takie jak ko\u0142atanie serca oraz omdlenie<\/h2>\n<p class=\"intro\">Co zrobi\u0107 w przypadku ko\u0142atania serca lub omdlenia<\/p>\n<p>&nbsp;<\/p>\n<h3>Ko\u0142atanie serca<\/h3>\n<p><img loading=\"lazy\" decoding=\"async\" class=\"alignright size-medium wp-image-739\" src=\"https:\/\/cdn-endpoint-prev.azureedge.net\/healthy-heart\/2019\/07\/iStock-1147153827-350x233.jpg\" alt=\"\" width=\"350\" height=\"233\" srcset=\"https:\/\/www.healthy-heart.org\/wp-content\/uploads\/2019\/07\/iStock-1147153827-350x233.jpg 350w, https:\/\/cdn-endpoint-prev.azureedge.net\/healthy-heart\/2019\/07\/iStock-1147153827-2048x1365.jpg 2048w, https:\/\/cdn-endpoint-prev.azureedge.net\/healthy-heart\/2019\/07\/iStock-1147153827-659x439.jpg 659w, https:\/\/www.healthy-heart.org\/wp-content\/uploads\/2019\/07\/iStock-1147153827-200x133.jpg 200w, https:\/\/www.healthy-heart.org\/wp-content\/uploads\/2019\/07\/iStock-1147153827-768x512.jpg 768w, https:\/\/www.healthy-heart.org\/wp-content\/uploads\/2019\/07\/iStock-1147153827-1024x683.jpg 1024w, https:\/\/www.healthy-heart.org\/wp-content\/uploads\/2019\/07\/iStock-1147153827-1536x1024.jpg 1536w, https:\/\/www.healthy-heart.org\/wp-content\/uploads\/2019\/07\/iStock-1147153827-696x464.jpg 696w\" sizes=\"auto, (max-width: 350px) 100vw, 350px\" \/><br \/>\nKo\u0142atanie serca to uczucie, \u017ce serce bije nieregularnie, szybciej lub mocniej ni\u017c zwykle i \u017ce jest si\u0119 bardziej ni\u017c zwykle \u015bwiadomym swojego bicia serca. Ko\u0142atanie serca trwa zazwyczaj kilka sekund lub minut, ale mo\u017ce te\u017c utrzymywa\u0107 si\u0119 d\u0142u\u017cej. Serce mo\u017ce czasem pomin\u0105\u0107 niekt\u00f3re uderzenia, ale jest to normalne i przewa\u017cnie nie zostaje zauwa\u017cone.<\/p>\n<p>Ko\u0142atanie serca jest zazwyczaj nieszkodliwe. Ludzie s\u0105 przewa\u017cnie bardziej \u015bwiadomi bicia swojego serca, gdy s\u0105 zdenerwowani. Ko\u0142atanie serca mo\u017ce wywo\u0142ywa\u0107 te\u017c kofeina, <a href=\"https:\/\/www.healthy-heart.org\/pl\/dbaj-o-zdrowie-swojego-serca\/palenie\/\">palenie<\/a> tytoniu, alkohol i narkotyki. Inne przyczyny to zmiany hormonalne, silne emocje, intensywne \u0107wiczenia fizyczne i niekt\u00f3re leki.<\/p>\n<blockquote><p>Zmniejszenie lub unikanie czynnik\u00f3w wywo\u0142uj\u0105cych ko\u0142atanie serca powinno je wyeliminowa\u0107, ale je\u015bli uwa\u017casz, \u017ce przyczyn\u0105 s\u0105 leki, najpierw skonsultuj si\u0119 z lekarzem. Nale\u017cy r\u00f3wnie\u017c skonsultowa\u0107 si\u0119 z lekarzem, je\u015bli ko\u0142atanie serca utrzymuje si\u0119, wyst\u0119puje coraz cz\u0119\u015bciej lub jest po\u0142\u0105czone z innymi objawami, takimi jak zawroty g\u0142owy.<\/p><\/blockquote>\n<p>&nbsp;<\/p>\n<h3>Omdlenie<\/h3>\n<p>Omdlenie to chwilowa utrata przytomno\u015bci. Zazwyczaj skutkuje ona upadkiem osoby. Najcz\u0119stsz\u0105 przyczyn\u0105 jest niskie ci\u015bnienie krwi, cz\u0119ste u nastolatek i m\u0142odych kobiet. U niekt\u00f3rych os\u00f3b wyst\u0119puj\u0105 sygna\u0142y ostrzegawcze, takie jak zawroty g\u0142owy, md\u0142o\u015bci lub os\u0142abienie poprzedzaj\u0105ce omdlenie na kilka sekund.<\/p>\n<blockquote><p>Je\u015bli jest ci s\u0142abo, usi\u0105d\u017a lub po\u0142\u00f3\u017c si\u0119, aby ci\u015bnienie krwi wr\u00f3ci\u0142o do normy. Je\u015bli zemdlejesz, udaj si\u0119 do lekarza, aby zdiagnozowa\u0107 i wykluczy\u0107 przyczyny takie jak zaburzenia rytmu serca, zw\u0119\u017cenie naczy\u0144 krwiono\u015bnych, problemy z zastawkami serca i inne schorzenia.<\/p><\/blockquote>\n<p>&nbsp;<\/p>\n<h2>Co nale\u017cy zrobi\u0107 w przypadku zawrot\u00f3w g\u0142owy<\/h2>\n<p class=\"intro\">Zawroty g\u0142owy mog\u0105 by\u0107 wa\u017cnym objawem chor\u00f3b serca.<\/p>\n<p><img loading=\"lazy\" decoding=\"async\" class=\"alignright size-medium wp-image-750\" src=\"https:\/\/cdn-endpoint-prev.azureedge.net\/healthy-heart\/2019\/07\/iStock-1124415619-350x234.jpg\" alt=\"\" width=\"350\" height=\"234\" srcset=\"https:\/\/www.healthy-heart.org\/wp-content\/uploads\/2019\/07\/iStock-1124415619-350x234.jpg 350w, https:\/\/cdn-endpoint-prev.azureedge.net\/healthy-heart\/2019\/07\/iStock-1124415619-1024x683.jpg 1024w, https:\/\/cdn-endpoint-prev.azureedge.net\/healthy-heart\/2019\/07\/iStock-1124415619-200x133.jpg 200w, https:\/\/www.healthy-heart.org\/wp-content\/uploads\/2019\/07\/iStock-1124415619-768x513.jpg 768w, https:\/\/www.healthy-heart.org\/wp-content\/uploads\/2019\/07\/iStock-1124415619-1536x1025.jpg 1536w, https:\/\/www.healthy-heart.org\/wp-content\/uploads\/2019\/07\/iStock-1124415619-2048x1367.jpg 2048w, https:\/\/www.healthy-heart.org\/wp-content\/uploads\/2019\/07\/iStock-1124415619-658x439.jpg 658w, https:\/\/www.healthy-heart.org\/wp-content\/uploads\/2019\/07\/iStock-1124415619-695x464.jpg 695w\" sizes=\"auto, (max-width: 350px) 100vw, 350px\" \/>Jest to cz\u0119ste i nieprzyjemne uczucie kr\u0119cenia si\u0119 w g\u0142owie i\u00a0mo\u017ce zapowiada\u0107 zbli\u017caj\u0105ce\u00a0si\u0119\u00a0omdlenie. Zawroty g\u0142owy mog\u0105 mie\u0107 wiele przyczyn i nie zawsze s\u0105 zwi\u0105zane z problemami z sercem. Mo\u017ce je tak\u017ce spowodowa\u0107 chwilowe niskie ci\u015bnienie krwi lub niski poziom cukru we krwi, a tak\u017ce wiele innych przyczyn.<\/p>\n<blockquote><p>Je\u015bli czujesz zawroty g\u0142owy, usi\u0105d\u017a, wypij szklank\u0119 wody, w miar\u0119 mo\u017cliwo\u015bci z niewielk\u0105 ilo\u015bci\u0105 cukru. Je\u015bli nie dojdziesz do siebie w ci\u0105gu kilku minut, albo zaczniesz odczuwa\u0107 ko\u0142atanie serca b\u0105d\u017a wyst\u0105pi\u0105\u00a0objawy\u00a0ostrzegawcze zawa\u0142u serca (takie jak b\u00f3l lub dyskomfort w klatce piersiowej), zg\u0142o\u015b si\u0119 do lekarza.<\/p><\/blockquote>\n<p>&nbsp;<\/p>\n<h2>Co warto wiedzie\u0107 o nudno\u015bciach<\/h2>\n<p class=\"intro\">Nudno\u015bci i wymioty mog\u0105 wyst\u0119powa\u0107 podczas zawa\u0142u serca.<\/p>\n<p><img loading=\"lazy\" decoding=\"async\" class=\"alignright size-medium wp-image-759\" src=\"https:\/\/cdn-endpoint-prev.azureedge.net\/healthy-heart\/2019\/07\/iStock-875091172-350x233.jpg\" alt=\"\" width=\"350\" height=\"233\" srcset=\"https:\/\/www.healthy-heart.org\/wp-content\/uploads\/2019\/07\/iStock-875091172-350x233.jpg 350w, https:\/\/cdn-endpoint-prev.azureedge.net\/healthy-heart\/2019\/07\/iStock-875091172-2048x1365.jpg 2048w, https:\/\/cdn-endpoint-prev.azureedge.net\/healthy-heart\/2019\/07\/iStock-875091172-659x439.jpg 659w, https:\/\/www.healthy-heart.org\/wp-content\/uploads\/2019\/07\/iStock-875091172-200x133.jpg 200w, https:\/\/www.healthy-heart.org\/wp-content\/uploads\/2019\/07\/iStock-875091172-768x512.jpg 768w, https:\/\/www.healthy-heart.org\/wp-content\/uploads\/2019\/07\/iStock-875091172-1024x683.jpg 1024w, https:\/\/www.healthy-heart.org\/wp-content\/uploads\/2019\/07\/iStock-875091172-1536x1024.jpg 1536w, https:\/\/www.healthy-heart.org\/wp-content\/uploads\/2019\/07\/iStock-875091172-696x464.jpg 696w\" sizes=\"auto, (max-width: 350px) 100vw, 350px\" \/><br \/>\nNudno\u015bci\u00a0mog\u0105 towarzyszy\u0107 zawa\u0142owi\u00a0serca. W przypadku os\u00f3b po zawale lub w przypadku wysokiego ryzyka wyst\u0105pienia zawa\u0142u (na przyk\u0142ad <a href=\"https:\/\/www.healthy-heart.org\/pl\/dbaj-o-zdrowie-swojego-serca\/cukrzyca\/\">cukrzycy<\/a>, <a href=\"https:\/\/www.healthy-heart.org\/pl\/dbaj-o-zdrowie-swojego-serca\/utrzymywanie-zdrowej-wagi\/\">nadwagi<\/a> i palenia tytoniu) nale\u017cy pami\u0119ta\u0107, \u017ce nudno\u015bci i wymioty mog\u0105 by\u0107 objawami ostrzegawczymi zawa\u0142u serca.<\/p>\n<blockquote><p>Je\u015bli odczuwasz md\u0142o\u015bci i masz inne objawy zawa\u0142u serca, na przyk\u0142ad b\u00f3l w klatce piersiowej, zg\u0142o\u015b si\u0119 do lekarza.<\/p><\/blockquote>\n<p>&nbsp;<\/p>\n<h2>Co warto wiedzie\u0107 o duszno\u015bci<\/h2>\n<p class=\"intro\">Duszno\u015b\u0107 jest typowym objawem zawa\u0142u serca<\/p>\n<p><img loading=\"lazy\" decoding=\"async\" class=\"alignright size-medium wp-image-769\" src=\"https:\/\/cdn-endpoint-prev.azureedge.net\/healthy-heart\/2019\/07\/iStock-986556596-350x270.jpg\" alt=\"\" width=\"350\" height=\"270\" srcset=\"https:\/\/www.healthy-heart.org\/wp-content\/uploads\/2019\/07\/iStock-986556596-350x270.jpg 350w, https:\/\/www.healthy-heart.org\/wp-content\/uploads\/2019\/07\/iStock-986556596-200x154.jpg 200w, https:\/\/www.healthy-heart.org\/wp-content\/uploads\/2019\/07\/iStock-986556596-768x592.jpg 768w, https:\/\/www.healthy-heart.org\/wp-content\/uploads\/2019\/07\/iStock-986556596-1024x789.jpg 1024w, https:\/\/www.healthy-heart.org\/wp-content\/uploads\/2019\/07\/iStock-986556596-1536x1184.jpg 1536w, https:\/\/www.healthy-heart.org\/wp-content\/uploads\/2019\/07\/iStock-986556596-2048x1578.jpg 2048w, https:\/\/www.healthy-heart.org\/wp-content\/uploads\/2019\/07\/iStock-986556596-570x439.jpg 570w, https:\/\/www.healthy-heart.org\/wp-content\/uploads\/2019\/07\/iStock-986556596-602x464.jpg 602w\" sizes=\"auto, (max-width: 350px) 100vw, 350px\" \/><br \/>\nDuszno\u015b\u0107 to uczucie braku powietrza. Mo\u017ce ono wyst\u0105pi\u0107 nagle podczas \u0107wicze\u0144, ale r\u00f3wnie\u017c bez wysi\u0142ku. Istnieje kilka przyczyn duszno\u015bci, ale je\u015bli zdarzaj\u0105 ci si\u0119 musisz poinformowa\u0107 o tym lekarza\u00a0\u2013\u00a0<span class=\"m_1014562143250938185GramE\">nawet\u00a0je\u015bli<\/span>\u00a0zdarza si\u0119 to tylko podczas \u0107wicze\u0144.<\/p>\n<blockquote><p>Zg\u0142o\u015b si\u0119 do lekarza w przypadku duszno\u015bci i innych objaw\u00f3w zawa\u0142u serca, takich jak b\u00f3l lub uczucie \u015bciskania w klatce piersiowej.<\/p><\/blockquote>\n","protected":false},"excerpt":{"rendered":"<p>Jednym z sygna\u0142\u00f3w alarmowych zawa\u0142u serca jest b\u00f3l w klatce piersiowej. B\u00f3l mo\u017ce trwa\u0107 tylko kilka minut, ale mo\u017ce te\u017c by\u0107 d\u0142u\u017cszy. Zazwyczaj b\u00f3l jest odczuwany subiektywnie jako ci\u0119\u017car na piersiach lub \u015bciskanie w klatce piersiowej, ale mo\u017ce to by\u0107 r\u00f3wnie\u017c bardziej subtelny dyskomfort lub uczucie pieczenia w klatce piersiowej. B\u00f3l cz\u0119sto koncentruje si\u0119 po\u015brodku [&hellip;]<\/p>\n","protected":false},"author":1,"featured_media":1244,"parent":1652,"menu_order":3,"comment_status":"closed","ping_status":"closed","template":"","meta":{"_acf_changed":false,"footnotes":""},"categories":[51],"tags":[],"class_list":["post-1779","page","type-page","status-publish","has-post-thumbnail","hentry","category-twoje-serce"],"acf":[],"yoast_head":"<!-- This site is optimized with the Yoast SEO plugin v24.0 - https:\/\/yoast.com\/wordpress\/plugins\/seo\/ -->\n<title>Ostrzegawcze objawy przedmiotowe i podmiotowe - Healthy-Heart.org<\/title>\n<meta name=\"description\" content=\"Zwracaj uwag\u0119 na ostrzegawcze objawy przedmiotowe i podmiotowe, takie jak b\u00f3l w klatce piersiowej, ko\u0142atanie serca, nudno\u015bci i wymioty.\" \/>\n<meta name=\"robots\" content=\"index, follow, max-snippet:-1, max-image-preview:large, max-video-preview:-1\" \/>\n<link rel=\"canonical\" href=\"https:\/\/www.healthy-heart.org\/pl\/twoje-serce\/ostrzegawcze-objawy-przedmiotowe-i-podmiotowe\/\" \/>\n<meta property=\"og:locale\" content=\"pl_PL\" \/>\n<meta property=\"og:type\" content=\"article\" \/>\n<meta property=\"og:title\" content=\"Ostrzegawcze objawy przedmiotowe i podmiotowe - Healthy-Heart.org\" \/>\n<meta property=\"og:description\" content=\"Zwracaj uwag\u0119 na ostrzegawcze objawy przedmiotowe i podmiotowe, takie jak b\u00f3l w klatce piersiowej, ko\u0142atanie serca, nudno\u015bci i wymioty.\" \/>\n<meta property=\"og:url\" content=\"https:\/\/www.healthy-heart.org\/pl\/twoje-serce\/ostrzegawcze-objawy-przedmiotowe-i-podmiotowe\/\" \/>\n<meta property=\"og:site_name\" content=\"Healthy-Heart.org\" \/>\n<meta property=\"article:modified_time\" content=\"2021-01-26T14:55:01+00:00\" \/>\n<meta property=\"og:image\" content=\"https:\/\/www.healthy-heart.org\/wp-content\/uploads\/2019\/08\/signs-and-symptoms.jpg\" \/>\n\t<meta property=\"og:image:width\" content=\"518\" \/>\n\t<meta property=\"og:image:height\" content=\"345\" \/>\n\t<meta property=\"og:image:type\" content=\"image\/jpeg\" \/>\n<meta name=\"twitter:card\" content=\"summary_large_image\" \/>\n<meta name=\"twitter:label1\" content=\"Szacowany czas czytania\" \/>\n\t<meta name=\"twitter:data1\" content=\"4 minuty\" \/>\n<script type=\"application\/ld+json\" class=\"yoast-schema-graph\">{\"@context\":\"https:\/\/schema.org\",\"@graph\":[{\"@type\":\"WebPage\",\"@id\":\"https:\/\/www.healthy-heart.org\/pl\/twoje-serce\/ostrzegawcze-objawy-przedmiotowe-i-podmiotowe\/\",\"url\":\"https:\/\/www.healthy-heart.org\/pl\/twoje-serce\/ostrzegawcze-objawy-przedmiotowe-i-podmiotowe\/\",\"name\":\"Ostrzegawcze objawy przedmiotowe i podmiotowe - Healthy-Heart.org\",\"isPartOf\":{\"@id\":\"https:\/\/www.healthy-heart.org\/es\/#website\"},\"primaryImageOfPage\":{\"@id\":\"https:\/\/www.healthy-heart.org\/pl\/twoje-serce\/ostrzegawcze-objawy-przedmiotowe-i-podmiotowe\/#primaryimage\"},\"image\":{\"@id\":\"https:\/\/www.healthy-heart.org\/pl\/twoje-serce\/ostrzegawcze-objawy-przedmiotowe-i-podmiotowe\/#primaryimage\"},\"thumbnailUrl\":\"https:\/\/www.healthy-heart.org\/wp-content\/uploads\/2019\/08\/signs-and-symptoms.jpg\",\"datePublished\":\"2019-10-07T16:56:38+00:00\",\"dateModified\":\"2021-01-26T14:55:01+00:00\",\"description\":\"Zwracaj uwag\u0119 na ostrzegawcze objawy przedmiotowe i podmiotowe, takie jak b\u00f3l w klatce piersiowej, ko\u0142atanie serca, nudno\u015bci i wymioty.\",\"breadcrumb\":{\"@id\":\"https:\/\/www.healthy-heart.org\/pl\/twoje-serce\/ostrzegawcze-objawy-przedmiotowe-i-podmiotowe\/#breadcrumb\"},\"inLanguage\":\"pl-PL\",\"potentialAction\":[{\"@type\":\"ReadAction\",\"target\":[\"https:\/\/www.healthy-heart.org\/pl\/twoje-serce\/ostrzegawcze-objawy-przedmiotowe-i-podmiotowe\/\"]}]},{\"@type\":\"ImageObject\",\"inLanguage\":\"pl-PL\",\"@id\":\"https:\/\/www.healthy-heart.org\/pl\/twoje-serce\/ostrzegawcze-objawy-przedmiotowe-i-podmiotowe\/#primaryimage\",\"url\":\"https:\/\/www.healthy-heart.org\/wp-content\/uploads\/2019\/08\/signs-and-symptoms.jpg\",\"contentUrl\":\"https:\/\/www.healthy-heart.org\/wp-content\/uploads\/2019\/08\/signs-and-symptoms.jpg\",\"width\":518,\"height\":345},{\"@type\":\"BreadcrumbList\",\"@id\":\"https:\/\/www.healthy-heart.org\/pl\/twoje-serce\/ostrzegawcze-objawy-przedmiotowe-i-podmiotowe\/#breadcrumb\",\"itemListElement\":[{\"@type\":\"ListItem\",\"position\":1,\"name\":\"Home\",\"item\":\"https:\/\/www.healthy-heart.org\/pl\/\"},{\"@type\":\"ListItem\",\"position\":2,\"name\":\"Twoje serce\",\"item\":\"https:\/\/www.healthy-heart.org\/pl\/twoje-serce\/\"},{\"@type\":\"ListItem\",\"position\":3,\"name\":\"Ostrzegawcze objawy przedmiotowe i podmiotowe\"}]},{\"@type\":\"WebSite\",\"@id\":\"https:\/\/www.healthy-heart.org\/es\/#website\",\"url\":\"https:\/\/www.healthy-heart.org\/es\/\",\"name\":\"Healthy-Heart.org\",\"description\":\"Practical advice for patients and family care givers on the prevention of cardiovascular disease\",\"potentialAction\":[{\"@type\":\"SearchAction\",\"target\":{\"@type\":\"EntryPoint\",\"urlTemplate\":\"https:\/\/www.healthy-heart.org\/es\/?s={search_term_string}\"},\"query-input\":{\"@type\":\"PropertyValueSpecification\",\"valueRequired\":true,\"valueName\":\"search_term_string\"}}],\"inLanguage\":\"pl-PL\"}]}<\/script>\n<!-- \/ Yoast SEO plugin. -->","yoast_head_json":{"title":"Ostrzegawcze objawy przedmiotowe i podmiotowe - Healthy-Heart.org","description":"Zwracaj uwag\u0119 na ostrzegawcze objawy przedmiotowe i podmiotowe, takie jak b\u00f3l w klatce piersiowej, ko\u0142atanie serca, nudno\u015bci i wymioty.","robots":{"index":"index","follow":"follow","max-snippet":"max-snippet:-1","max-image-preview":"max-image-preview:large","max-video-preview":"max-video-preview:-1"},"canonical":"https:\/\/www.healthy-heart.org\/pl\/twoje-serce\/ostrzegawcze-objawy-przedmiotowe-i-podmiotowe\/","og_locale":"pl_PL","og_type":"article","og_title":"Ostrzegawcze objawy przedmiotowe i podmiotowe - Healthy-Heart.org","og_description":"Zwracaj uwag\u0119 na ostrzegawcze objawy przedmiotowe i podmiotowe, takie jak b\u00f3l w klatce piersiowej, ko\u0142atanie serca, nudno\u015bci i wymioty.","og_url":"https:\/\/www.healthy-heart.org\/pl\/twoje-serce\/ostrzegawcze-objawy-przedmiotowe-i-podmiotowe\/","og_site_name":"Healthy-Heart.org","article_modified_time":"2021-01-26T14:55:01+00:00","og_image":[{"width":518,"height":345,"url":"https:\/\/www.healthy-heart.org\/wp-content\/uploads\/2019\/08\/signs-and-symptoms.jpg","type":"image\/jpeg"}],"twitter_card":"summary_large_image","twitter_misc":{"Szacowany czas czytania":"4 minuty"},"schema":{"@context":"https:\/\/schema.org","@graph":[{"@type":"WebPage","@id":"https:\/\/www.healthy-heart.org\/pl\/twoje-serce\/ostrzegawcze-objawy-przedmiotowe-i-podmiotowe\/","url":"https:\/\/www.healthy-heart.org\/pl\/twoje-serce\/ostrzegawcze-objawy-przedmiotowe-i-podmiotowe\/","name":"Ostrzegawcze objawy przedmiotowe i podmiotowe - Healthy-Heart.org","isPartOf":{"@id":"https:\/\/www.healthy-heart.org\/es\/#website"},"primaryImageOfPage":{"@id":"https:\/\/www.healthy-heart.org\/pl\/twoje-serce\/ostrzegawcze-objawy-przedmiotowe-i-podmiotowe\/#primaryimage"},"image":{"@id":"https:\/\/www.healthy-heart.org\/pl\/twoje-serce\/ostrzegawcze-objawy-przedmiotowe-i-podmiotowe\/#primaryimage"},"thumbnailUrl":"https:\/\/www.healthy-heart.org\/wp-content\/uploads\/2019\/08\/signs-and-symptoms.jpg","datePublished":"2019-10-07T16:56:38+00:00","dateModified":"2021-01-26T14:55:01+00:00","description":"Zwracaj uwag\u0119 na ostrzegawcze objawy przedmiotowe i podmiotowe, takie jak b\u00f3l w klatce piersiowej, ko\u0142atanie serca, nudno\u015bci i wymioty.","breadcrumb":{"@id":"https:\/\/www.healthy-heart.org\/pl\/twoje-serce\/ostrzegawcze-objawy-przedmiotowe-i-podmiotowe\/#breadcrumb"},"inLanguage":"pl-PL","potentialAction":[{"@type":"ReadAction","target":["https:\/\/www.healthy-heart.org\/pl\/twoje-serce\/ostrzegawcze-objawy-przedmiotowe-i-podmiotowe\/"]}]},{"@type":"ImageObject","inLanguage":"pl-PL","@id":"https:\/\/www.healthy-heart.org\/pl\/twoje-serce\/ostrzegawcze-objawy-przedmiotowe-i-podmiotowe\/#primaryimage","url":"https:\/\/www.healthy-heart.org\/wp-content\/uploads\/2019\/08\/signs-and-symptoms.jpg","contentUrl":"https:\/\/www.healthy-heart.org\/wp-content\/uploads\/2019\/08\/signs-and-symptoms.jpg","width":518,"height":345},{"@type":"BreadcrumbList","@id":"https:\/\/www.healthy-heart.org\/pl\/twoje-serce\/ostrzegawcze-objawy-przedmiotowe-i-podmiotowe\/#breadcrumb","itemListElement":[{"@type":"ListItem","position":1,"name":"Home","item":"https:\/\/www.healthy-heart.org\/pl\/"},{"@type":"ListItem","position":2,"name":"Twoje serce","item":"https:\/\/www.healthy-heart.org\/pl\/twoje-serce\/"},{"@type":"ListItem","position":3,"name":"Ostrzegawcze objawy przedmiotowe i podmiotowe"}]},{"@type":"WebSite","@id":"https:\/\/www.healthy-heart.org\/es\/#website","url":"https:\/\/www.healthy-heart.org\/es\/","name":"Healthy-Heart.org","description":"Practical advice for patients and family care givers on the prevention of cardiovascular disease","potentialAction":[{"@type":"SearchAction","target":{"@type":"EntryPoint","urlTemplate":"https:\/\/www.healthy-heart.org\/es\/?s={search_term_string}"},"query-input":{"@type":"PropertyValueSpecification","valueRequired":true,"valueName":"search_term_string"}}],"inLanguage":"pl-PL"}]}},"_links":{"self":[{"href":"https:\/\/www.healthy-heart.org\/pl\/wp-json\/wp\/v2\/pages\/1779","targetHints":{"allow":["GET"]}}],"collection":[{"href":"https:\/\/www.healthy-heart.org\/pl\/wp-json\/wp\/v2\/pages"}],"about":[{"href":"https:\/\/www.healthy-heart.org\/pl\/wp-json\/wp\/v2\/types\/page"}],"author":[{"embeddable":true,"href":"https:\/\/www.healthy-heart.org\/pl\/wp-json\/wp\/v2\/users\/1"}],"replies":[{"embeddable":true,"href":"https:\/\/www.healthy-heart.org\/pl\/wp-json\/wp\/v2\/comments?post=1779"}],"version-history":[{"count":3,"href":"https:\/\/www.healthy-heart.org\/pl\/wp-json\/wp\/v2\/pages\/1779\/revisions"}],"predecessor-version":[{"id":5002,"href":"https:\/\/www.healthy-heart.org\/pl\/wp-json\/wp\/v2\/pages\/1779\/revisions\/5002"}],"up":[{"embeddable":true,"href":"https:\/\/www.healthy-heart.org\/pl\/wp-json\/wp\/v2\/pages\/1652"}],"wp:featuredmedia":[{"embeddable":true,"href":"https:\/\/www.healthy-heart.org\/pl\/wp-json\/wp\/v2\/media\/1244"}],"wp:attachment":[{"href":"https:\/\/www.healthy-heart.org\/pl\/wp-json\/wp\/v2\/media?parent=1779"}],"wp:term":[{"taxonomy":"category","embeddable":true,"href":"https:\/\/www.healthy-heart.org\/pl\/wp-json\/wp\/v2\/categories?post=1779"},{"taxonomy":"post_tag","embeddable":true,"href":"https:\/\/www.healthy-heart.org\/pl\/wp-json\/wp\/v2\/tags?post=1779"}],"curies":[{"name":"wp","href":"https:\/\/api.w.org\/{rel}","templated":true}]}}