{"id":1774,"date":"2019-10-07T17:55:17","date_gmt":"2019-10-07T16:55:17","guid":{"rendered":"https:\/\/www.healthy-heart.org\/przydatne-linki\/"},"modified":"2024-02-27T16:13:25","modified_gmt":"2024-02-27T16:13:25","slug":"przydatne-linki","status":"publish","type":"page","link":"https:\/\/www.healthy-heart.org\/pl\/przydatne-linki\/","title":{"rendered":"Przydatne linki"},"content":{"rendered":"<h3><a href=\"https:\/\/www.afibmatters.org\">www.AfibMatters.org<\/a><\/h3>\n<p>Czy Ty lub kto\u015b, kogo znasz, cierpi na migotanie przedsionk\u00f3w? Wszelkie niezb\u0119dne informacje znajdziesz na tej stronie informacyjnej, kt\u00f3ra zosta\u0142a opracowana przez pracownik\u00f3w s\u0142u\u017cby zdrowia.<\/p>\n<p>&nbsp;<\/p>\n<h3><a href=\"https:\/\/www.heartfailurematters.org\">www.HeartFailureMatters.org<\/a><\/h3>\n<p>Praktyczne informacje na temat niewydolno\u015bci serca dla pacjent\u00f3w, rodzin i opiekun\u00f3w opracowane przez stowarzyszenie Heart Failure Association of the European Society of Cardiology.<\/p>\n<p>&nbsp;<\/p>\n<h3><a href=\"https:\/\/www.escardio.org\/Guidelines\/guidelines-for-patients\" target=\"_blank\" rel=\"noopener\">Wytyczne ESC dla pacjent\u00f3w<\/a><\/h3>\n<p>Zgodnie z wytycznymi ESC dotycz\u0105cymi praktyki klinicznej niniejsze dokumenty maj\u0105 pom\u00f3c Ci lepiej zrozumie\u0107 Twoj\u0105 chorob\u0119 oraz zapewni\u0107 Ci niezb\u0119dn\u0105 wiedz\u0119, a tak\u017ce poczucie pewno\u015bci w podejmowaniu wsp\u00f3lnych decyzji z pracownikami ochrony zdrowia<br \/>\n<a href=\"https:\/\/www.escardio.org\/static-file\/Escardio\/Guidelines\/Documents\/ESC%20Patient%20Guidelines%20CVD%20in%20patients%20with%20diabetes\"><img loading=\"lazy\" decoding=\"async\" class=\"size-full wp-image-7162 alignright\" src=\"https:\/\/cdn-endpoint-prev.azureedge.net\/healthy-heart\/2024\/02\/CVD_diabetes_patient_GL_cover_escardio-vPhotoMedium.png\" alt=\"\" width=\"176\" height=\"250\" srcset=\"https:\/\/cdn-endpoint-prev.azureedge.net\/healthy-heart\/2024\/02\/CVD_diabetes_patient_GL_cover_escardio-vPhotoMedium.png 176w, https:\/\/cdn-endpoint-prev.azureedge.net\/healthy-heart\/2024\/02\/CVD_diabetes_patient_GL_cover_escardio-vPhotoMedium-141x200.png 141w\" sizes=\"auto, (max-width: 176px) 100vw, 176px\" \/><\/a><\/p>\n<h4><a href=\"https:\/\/www.escardio.org\/static-file\/Escardio\/Guidelines\/Documents\/ESC%20Patient%20Guidelines%20CVD%20in%20patients%20with%20diabetes\">Cukrzyca<\/a><\/h4>\n<p>Pacjenci z cukrzyc\u0105 s\u0105 nara\u017ceni na wy\u017csze ryzyko chor\u00f3b uk\u0142adu kr\u0105\u017cenia oraz zdarze\u0144 sercowo-naczyniowych, takich jak zawa\u0142 serca, ni\u017c pacjenci bez tej choroby.<\/p>\n<p>W tym przewodniku znajduj\u0105 si\u0119 og\u00f3lne informacje na temat opracowanych na podstawie wynik\u00f3w bada\u0144 naukowych najnowszych zalece\u0144 dotycz\u0105cych chor\u00f3b uk\u0142adu kr\u0105\u017cenia i cukrzycy. Informacje te pomog\u0105 w zrozumieniu:<\/p>\n<ul>\n<li>jakie choroby podnosz\u0105 ryzyko wyst\u0105pienia zdarze\u0144 sercowo-naczyniowych u pacjent\u00f3w z cukrzyc\u0105,<\/li>\n<li>jakie metody leczenia s\u0105 zalecane w celu ograniczenia ryzyka sercowo-naczyniowego,<\/li>\n<li>jakie zmiany stylu \u017cycia mog\u0105 pom\u00f3c w zmniejszeniu ryzyka sercowo-naczyniowego.<\/li>\n<\/ul>\n<p>&nbsp;<\/p>\n<h4><a href=\"https:\/\/www.escardio.org\/static-file\/Escardio\/Advocacy\/Documents\/ESC%20CVD%20prevention%20guidelines%20-%20final%20PDF.pdf\">Profilaktyka chor\u00f3b uk\u0142adu kr\u0105\u017cenia<\/a><a href=\"https:\/\/www.escardio.org\/static-file\/Escardio\/Advocacy\/Documents\/ESC%20CVD%20prevention%20guidelines%20-%20final%20PDF.pdf\"><img loading=\"lazy\" decoding=\"async\" class=\"alignright wp-image-7149 size-full\" src=\"https:\/\/cdn-endpoint-prev.azureedge.net\/healthy-heart\/2024\/02\/Cover-image-CVDPrevention_escardio-hPhotoSmall.png\" alt=\"\" width=\"178\" height=\"250\" srcset=\"https:\/\/cdn-endpoint-prev.azureedge.net\/healthy-heart\/2024\/02\/Cover-image-CVDPrevention_escardio-hPhotoSmall.png 178w, https:\/\/www.healthy-heart.org\/wp-content\/uploads\/2024\/02\/Cover-image-CVDPrevention_escardio-hPhotoSmall-142x200.png 142w\" sizes=\"auto, (max-width: 178px) 100vw, 178px\" \/><\/a><\/h4>\n<p>W tym przewodniku dla pacjent\u00f3w znajduj\u0105 si\u0119 og\u00f3lne informacje na temat opracowanych na podstawie wynik\u00f3w bada\u0144 naukowych najnowszych zalece\u0144 dotycz\u0105cych profilaktyki chor\u00f3b uk\u0142adu kr\u0105\u017cenia. Informacje te pomog\u0105 w zrozumieniu:<\/p>\n<ul>\n<li>metod oceny ryzyka chor\u00f3b sercowo-naczyniowych,<\/li>\n<li>znaczenia zmian stylu \u017cycia w profilaktyce chor\u00f3b sercowo-naczyniowych,<\/li>\n<li>metod i cel\u00f3w leczenia odpowiednich do profilu ryzyka danego pacjenta.<\/li>\n<\/ul>\n<p>&nbsp;<\/p>\n<p>&nbsp;<\/p>\n<p>&nbsp;<\/p>\n<p>&nbsp;<\/p>\n","protected":false},"excerpt":{"rendered":"<p>www.AfibMatters.org Czy Ty lub kto\u015b, kogo znasz, cierpi na migotanie przedsionk\u00f3w? Wszelkie niezb\u0119dne informacje znajdziesz na tej stronie informacyjnej, kt\u00f3ra zosta\u0142a opracowana przez pracownik\u00f3w s\u0142u\u017cby zdrowia. &nbsp; www.HeartFailureMatters.org Praktyczne informacje na temat niewydolno\u015bci serca dla pacjent\u00f3w, rodzin i opiekun\u00f3w opracowane przez stowarzyszenie Heart Failure Association of the European Society of Cardiology. &nbsp; Wytyczne ESC dla [&hellip;]<\/p>\n","protected":false},"author":1,"featured_media":687,"parent":0,"menu_order":0,"comment_status":"closed","ping_status":"closed","template":"templates\/full.php","meta":{"_acf_changed":false,"footnotes":""},"categories":[],"tags":[],"class_list":["post-1774","page","type-page","status-publish","has-post-thumbnail","hentry"],"acf":[],"yoast_head":"<!-- This site is optimized with the Yoast SEO plugin v24.0 - https:\/\/yoast.com\/wordpress\/plugins\/seo\/ -->\n<title>Przydatne linki - Healthy-Heart.org<\/title>\n<meta name=\"description\" content=\"Linki do dalszych przydatnych informacji na temat serca.\" \/>\n<meta name=\"robots\" content=\"index, follow, max-snippet:-1, max-image-preview:large, max-video-preview:-1\" \/>\n<link rel=\"canonical\" href=\"https:\/\/www.healthy-heart.org\/pl\/przydatne-linki\/\" \/>\n<meta property=\"og:locale\" content=\"pl_PL\" \/>\n<meta property=\"og:type\" content=\"article\" \/>\n<meta property=\"og:title\" content=\"Przydatne linki - Healthy-Heart.org\" \/>\n<meta property=\"og:description\" content=\"Linki do dalszych przydatnych informacji na temat serca.\" \/>\n<meta property=\"og:url\" content=\"https:\/\/www.healthy-heart.org\/pl\/przydatne-linki\/\" \/>\n<meta property=\"og:site_name\" content=\"Healthy-Heart.org\" \/>\n<meta property=\"article:modified_time\" content=\"2024-02-27T16:13:25+00:00\" \/>\n<meta property=\"og:image\" content=\"https:\/\/www.healthy-heart.org\/wp-content\/uploads\/2019\/07\/iStock-475709316-1024x773.jpg\" \/>\n\t<meta property=\"og:image:width\" content=\"1024\" \/>\n\t<meta property=\"og:image:height\" content=\"773\" \/>\n\t<meta property=\"og:image:type\" content=\"image\/jpeg\" \/>\n<meta name=\"twitter:card\" content=\"summary_large_image\" \/>\n<meta name=\"twitter:label1\" content=\"Szacowany czas czytania\" \/>\n\t<meta name=\"twitter:data1\" content=\"1 minuta\" \/>\n<script type=\"application\/ld+json\" class=\"yoast-schema-graph\">{\"@context\":\"https:\/\/schema.org\",\"@graph\":[{\"@type\":\"WebPage\",\"@id\":\"https:\/\/www.healthy-heart.org\/pl\/przydatne-linki\/\",\"url\":\"https:\/\/www.healthy-heart.org\/pl\/przydatne-linki\/\",\"name\":\"Przydatne linki - Healthy-Heart.org\",\"isPartOf\":{\"@id\":\"https:\/\/www.healthy-heart.org\/es\/#website\"},\"primaryImageOfPage\":{\"@id\":\"https:\/\/www.healthy-heart.org\/pl\/przydatne-linki\/#primaryimage\"},\"image\":{\"@id\":\"https:\/\/www.healthy-heart.org\/pl\/przydatne-linki\/#primaryimage\"},\"thumbnailUrl\":\"https:\/\/www.healthy-heart.org\/wp-content\/uploads\/2019\/07\/iStock-475709316.jpg\",\"datePublished\":\"2019-10-07T16:55:17+00:00\",\"dateModified\":\"2024-02-27T16:13:25+00:00\",\"description\":\"Linki do dalszych przydatnych informacji na temat serca.\",\"breadcrumb\":{\"@id\":\"https:\/\/www.healthy-heart.org\/pl\/przydatne-linki\/#breadcrumb\"},\"inLanguage\":\"pl-PL\",\"potentialAction\":[{\"@type\":\"ReadAction\",\"target\":[\"https:\/\/www.healthy-heart.org\/pl\/przydatne-linki\/\"]}]},{\"@type\":\"ImageObject\",\"inLanguage\":\"pl-PL\",\"@id\":\"https:\/\/www.healthy-heart.org\/pl\/przydatne-linki\/#primaryimage\",\"url\":\"https:\/\/www.healthy-heart.org\/wp-content\/uploads\/2019\/07\/iStock-475709316.jpg\",\"contentUrl\":\"https:\/\/www.healthy-heart.org\/wp-content\/uploads\/2019\/07\/iStock-475709316.jpg\",\"width\":5616,\"height\":4240},{\"@type\":\"BreadcrumbList\",\"@id\":\"https:\/\/www.healthy-heart.org\/pl\/przydatne-linki\/#breadcrumb\",\"itemListElement\":[{\"@type\":\"ListItem\",\"position\":1,\"name\":\"Home\",\"item\":\"https:\/\/www.healthy-heart.org\/pl\/\"},{\"@type\":\"ListItem\",\"position\":2,\"name\":\"Przydatne linki\"}]},{\"@type\":\"WebSite\",\"@id\":\"https:\/\/www.healthy-heart.org\/es\/#website\",\"url\":\"https:\/\/www.healthy-heart.org\/es\/\",\"name\":\"Healthy-Heart.org\",\"description\":\"Practical advice for patients and family care givers on the prevention of cardiovascular disease\",\"potentialAction\":[{\"@type\":\"SearchAction\",\"target\":{\"@type\":\"EntryPoint\",\"urlTemplate\":\"https:\/\/www.healthy-heart.org\/es\/?s={search_term_string}\"},\"query-input\":{\"@type\":\"PropertyValueSpecification\",\"valueRequired\":true,\"valueName\":\"search_term_string\"}}],\"inLanguage\":\"pl-PL\"}]}<\/script>\n<!-- \/ Yoast SEO plugin. -->","yoast_head_json":{"title":"Przydatne linki - Healthy-Heart.org","description":"Linki do dalszych przydatnych informacji na temat serca.","robots":{"index":"index","follow":"follow","max-snippet":"max-snippet:-1","max-image-preview":"max-image-preview:large","max-video-preview":"max-video-preview:-1"},"canonical":"https:\/\/www.healthy-heart.org\/pl\/przydatne-linki\/","og_locale":"pl_PL","og_type":"article","og_title":"Przydatne linki - Healthy-Heart.org","og_description":"Linki do dalszych przydatnych informacji na temat serca.","og_url":"https:\/\/www.healthy-heart.org\/pl\/przydatne-linki\/","og_site_name":"Healthy-Heart.org","article_modified_time":"2024-02-27T16:13:25+00:00","og_image":[{"width":1024,"height":773,"url":"https:\/\/www.healthy-heart.org\/wp-content\/uploads\/2019\/07\/iStock-475709316-1024x773.jpg","type":"image\/jpeg"}],"twitter_card":"summary_large_image","twitter_misc":{"Szacowany czas czytania":"1 minuta"},"schema":{"@context":"https:\/\/schema.org","@graph":[{"@type":"WebPage","@id":"https:\/\/www.healthy-heart.org\/pl\/przydatne-linki\/","url":"https:\/\/www.healthy-heart.org\/pl\/przydatne-linki\/","name":"Przydatne linki - Healthy-Heart.org","isPartOf":{"@id":"https:\/\/www.healthy-heart.org\/es\/#website"},"primaryImageOfPage":{"@id":"https:\/\/www.healthy-heart.org\/pl\/przydatne-linki\/#primaryimage"},"image":{"@id":"https:\/\/www.healthy-heart.org\/pl\/przydatne-linki\/#primaryimage"},"thumbnailUrl":"https:\/\/www.healthy-heart.org\/wp-content\/uploads\/2019\/07\/iStock-475709316.jpg","datePublished":"2019-10-07T16:55:17+00:00","dateModified":"2024-02-27T16:13:25+00:00","description":"Linki do dalszych przydatnych informacji na temat serca.","breadcrumb":{"@id":"https:\/\/www.healthy-heart.org\/pl\/przydatne-linki\/#breadcrumb"},"inLanguage":"pl-PL","potentialAction":[{"@type":"ReadAction","target":["https:\/\/www.healthy-heart.org\/pl\/przydatne-linki\/"]}]},{"@type":"ImageObject","inLanguage":"pl-PL","@id":"https:\/\/www.healthy-heart.org\/pl\/przydatne-linki\/#primaryimage","url":"https:\/\/www.healthy-heart.org\/wp-content\/uploads\/2019\/07\/iStock-475709316.jpg","contentUrl":"https:\/\/www.healthy-heart.org\/wp-content\/uploads\/2019\/07\/iStock-475709316.jpg","width":5616,"height":4240},{"@type":"BreadcrumbList","@id":"https:\/\/www.healthy-heart.org\/pl\/przydatne-linki\/#breadcrumb","itemListElement":[{"@type":"ListItem","position":1,"name":"Home","item":"https:\/\/www.healthy-heart.org\/pl\/"},{"@type":"ListItem","position":2,"name":"Przydatne linki"}]},{"@type":"WebSite","@id":"https:\/\/www.healthy-heart.org\/es\/#website","url":"https:\/\/www.healthy-heart.org\/es\/","name":"Healthy-Heart.org","description":"Practical advice for patients and family care givers on the prevention of cardiovascular disease","potentialAction":[{"@type":"SearchAction","target":{"@type":"EntryPoint","urlTemplate":"https:\/\/www.healthy-heart.org\/es\/?s={search_term_string}"},"query-input":{"@type":"PropertyValueSpecification","valueRequired":true,"valueName":"search_term_string"}}],"inLanguage":"pl-PL"}]}},"_links":{"self":[{"href":"https:\/\/www.healthy-heart.org\/pl\/wp-json\/wp\/v2\/pages\/1774","targetHints":{"allow":["GET"]}}],"collection":[{"href":"https:\/\/www.healthy-heart.org\/pl\/wp-json\/wp\/v2\/pages"}],"about":[{"href":"https:\/\/www.healthy-heart.org\/pl\/wp-json\/wp\/v2\/types\/page"}],"author":[{"embeddable":true,"href":"https:\/\/www.healthy-heart.org\/pl\/wp-json\/wp\/v2\/users\/1"}],"replies":[{"embeddable":true,"href":"https:\/\/www.healthy-heart.org\/pl\/wp-json\/wp\/v2\/comments?post=1774"}],"version-history":[{"count":2,"href":"https:\/\/www.healthy-heart.org\/pl\/wp-json\/wp\/v2\/pages\/1774\/revisions"}],"predecessor-version":[{"id":7206,"href":"https:\/\/www.healthy-heart.org\/pl\/wp-json\/wp\/v2\/pages\/1774\/revisions\/7206"}],"wp:featuredmedia":[{"embeddable":true,"href":"https:\/\/www.healthy-heart.org\/pl\/wp-json\/wp\/v2\/media\/687"}],"wp:attachment":[{"href":"https:\/\/www.healthy-heart.org\/pl\/wp-json\/wp\/v2\/media?parent=1774"}],"wp:term":[{"taxonomy":"category","embeddable":true,"href":"https:\/\/www.healthy-heart.org\/pl\/wp-json\/wp\/v2\/categories?post=1774"},{"taxonomy":"post_tag","embeddable":true,"href":"https:\/\/www.healthy-heart.org\/pl\/wp-json\/wp\/v2\/tags?post=1774"}],"curies":[{"name":"wp","href":"https:\/\/api.w.org\/{rel}","templated":true}]}}