{"id":1764,"date":"2019-10-07T17:54:36","date_gmt":"2019-10-07T16:54:36","guid":{"rendered":"https:\/\/www.healthy-heart.org\/informacje-o-esc\/"},"modified":"2019-10-07T17:54:36","modified_gmt":"2019-10-07T16:54:36","slug":"informacje-o-esc","status":"publish","type":"page","link":"https:\/\/www.healthy-heart.org\/pl\/informacje-o-esc\/","title":{"rendered":"Informacje o ESC"},"content":{"rendered":"<p>Jeste\u015bmy organizacj\u0105 non-profit, kierowan\u0105 przez specjalist\u00f3w w zakresie uk\u0142adu kr\u0105\u017cenia, kt\u00f3rzy po\u015bwi\u0119caj\u0105 czas na zasadzie wolontariatu, aby dzieli\u0107 si\u0119 swoj\u0105 fachow\u0105 wiedz\u0105.<br \/>\nSkupiamy si\u0119 na profilaktyce, diagnozowaniu i leczeniu chor\u00f3b serca oraz naczy\u0144 krwiono\u015bnych.<br \/>\nWierzymy, \u017ce mo\u017cna obni\u017cy\u0107 zachorowalno\u015b\u0107 na choroby uk\u0142adu kr\u0105\u017cenia poprzez wsp\u00f3\u0142prac\u0119 i badania. Dlatego skupiamy krajowe towarzystwa kardiologiczne, specjalno\u015bci sercowo-naczyniowe i indywidualnych cz\u0142onk\u00f3w ESC z ca\u0142ego \u015bwiata.<br \/>\nPrzekazujemy najnowsz\u0105, opart\u0105 na dowodach wiedz\u0119 naukow\u0105 specjalistom z dziedziny sercowo-naczyniowej, aby mogli oni lepiej opiekowa\u0107 si\u0119 swoimi pacjentami.<\/p>\n<p>European Society of Cardiology (ESC) jest organizacj\u0105 zarejestrowan\u0105 pod numerem W061005017 na mocy francuskiej ustawy o stowarzyszeniach z 1901 r.<br \/>\nSiedziba: Soci\u00e9t\u00e9 Europ\u00e9enne de Cardiologie, 2035 route des Colles, Les Templiers, CS 80179 Biot, 06903 Sophia Antipolis, Francja.<\/p>\n<p>Wi\u0119cej informacji mo\u017cna znale\u017a\u0107 na <a href=\"https:\/\/www.escardio.org\/\">stronie internetowej ESC<\/a>.<\/p>\n<p>&nbsp;<\/p>\n<h2>O healthy-heart.org<\/h2>\n<p>Wiele ludzi na ca\u0142ym \u015bwiecie jest nara\u017conych na ryzyko chor\u00f3b uk\u0142adu kr\u0105\u017cenia, w tym zawa\u0142u serca i udaru m\u00f3zgu. Prawdopodobie\u0144stwo wyst\u0105pienia takiego zdarzenia i \u015bmierci z jego powodu jest wi\u0119ksze u pacjent\u00f3w, kt\u00f3rzy nie poprawiaj\u0105 swojego stylu \u017cycia lub nie przyjmuj\u0105 lek\u00f3w obni\u017caj\u0105cych ci\u015bnienie krwi b\u0105d\u017a poziom szkodliwego cholesterolu.<\/p>\n<p>Celem tej witryny jest zapewnianie jasnych, praktycznych porad dla spo\u0142ecze\u0144stwa w zakresie zapobiegania chorobom uk\u0142adu kr\u0105\u017cenia. Pochodz\u0105 one z aktualnych wytycznych praktyki klinicznej i zosta\u0142y opracowane przez wiod\u0105cych ekspert\u00f3w w zakresie profilaktyki sercowo-naczyniowej.<\/p>\n<p>Informacje te stanowi\u0105 uzupe\u0142nienie opieki zapewnianej przez lekarza lub innego specjalist\u0119 opieki zdrowotnej, lecz jej nie zast\u0119puj\u0105.<\/p>\n","protected":false},"excerpt":{"rendered":"<p>Jeste\u015bmy organizacj\u0105 non-profit, kierowan\u0105 przez specjalist\u00f3w w zakresie uk\u0142adu kr\u0105\u017cenia, kt\u00f3rzy po\u015bwi\u0119caj\u0105 czas na zasadzie wolontariatu, aby dzieli\u0107 si\u0119 swoj\u0105 fachow\u0105 wiedz\u0105. Skupiamy si\u0119 na profilaktyce, diagnozowaniu i leczeniu chor\u00f3b serca oraz naczy\u0144 krwiono\u015bnych. Wierzymy, \u017ce mo\u017cna obni\u017cy\u0107 zachorowalno\u015b\u0107 na choroby uk\u0142adu kr\u0105\u017cenia poprzez wsp\u00f3\u0142prac\u0119 i badania. Dlatego skupiamy krajowe towarzystwa kardiologiczne, specjalno\u015bci sercowo-naczyniowe i [&hellip;]<\/p>\n","protected":false},"author":1,"featured_media":1661,"parent":0,"menu_order":0,"comment_status":"closed","ping_status":"closed","template":"templates\/full.php","meta":{"_acf_changed":false,"footnotes":""},"categories":[],"tags":[],"class_list":["post-1764","page","type-page","status-publish","has-post-thumbnail","hentry"],"acf":[],"yoast_head":"<!-- This site is optimized with the Yoast SEO plugin v24.0 - https:\/\/yoast.com\/wordpress\/plugins\/seo\/ -->\n<title>Informacje o ESC - Healthy-Heart.org<\/title>\n<meta name=\"description\" content=\"Towarzystwo medyczne o charakterze non-profit, kierowane przez specjalist\u00f3w w zakresie uk\u0142adu kr\u0105\u017cenia, koncentruj\u0105ce si\u0119 na profilaktyce, diagnozowaniu i leczeniu chor\u00f3b serca.\" \/>\n<meta name=\"robots\" content=\"index, follow, max-snippet:-1, max-image-preview:large, max-video-preview:-1\" \/>\n<link rel=\"canonical\" href=\"https:\/\/www.healthy-heart.org\/pl\/informacje-o-esc\/\" \/>\n<meta property=\"og:locale\" content=\"pl_PL\" \/>\n<meta property=\"og:type\" content=\"article\" \/>\n<meta property=\"og:title\" content=\"Informacje o ESC - Healthy-Heart.org\" \/>\n<meta property=\"og:description\" content=\"Towarzystwo medyczne o charakterze non-profit, kierowane przez specjalist\u00f3w w zakresie uk\u0142adu kr\u0105\u017cenia, koncentruj\u0105ce si\u0119 na profilaktyce, diagnozowaniu i leczeniu chor\u00f3b serca.\" \/>\n<meta property=\"og:url\" content=\"https:\/\/www.healthy-heart.org\/pl\/informacje-o-esc\/\" \/>\n<meta property=\"og:site_name\" content=\"Healthy-Heart.org\" \/>\n<meta property=\"og:image\" content=\"https:\/\/www.healthy-heart.org\/wp-content\/uploads\/2019\/07\/iStock-953674568-1024x683.jpg\" \/>\n\t<meta property=\"og:image:width\" content=\"1024\" \/>\n\t<meta property=\"og:image:height\" content=\"683\" \/>\n\t<meta property=\"og:image:type\" content=\"image\/jpeg\" \/>\n<meta name=\"twitter:card\" content=\"summary_large_image\" \/>\n<meta name=\"twitter:label1\" content=\"Szacowany czas czytania\" \/>\n\t<meta name=\"twitter:data1\" content=\"1 minuta\" \/>\n<script type=\"application\/ld+json\" class=\"yoast-schema-graph\">{\"@context\":\"https:\/\/schema.org\",\"@graph\":[{\"@type\":\"WebPage\",\"@id\":\"https:\/\/www.healthy-heart.org\/pl\/informacje-o-esc\/\",\"url\":\"https:\/\/www.healthy-heart.org\/pl\/informacje-o-esc\/\",\"name\":\"Informacje o ESC - Healthy-Heart.org\",\"isPartOf\":{\"@id\":\"https:\/\/www.healthy-heart.org\/es\/#website\"},\"primaryImageOfPage\":{\"@id\":\"https:\/\/www.healthy-heart.org\/pl\/informacje-o-esc\/#primaryimage\"},\"image\":{\"@id\":\"https:\/\/www.healthy-heart.org\/pl\/informacje-o-esc\/#primaryimage\"},\"thumbnailUrl\":\"https:\/\/www.healthy-heart.org\/wp-content\/uploads\/2019\/07\/iStock-953674568.jpg\",\"datePublished\":\"2019-10-07T16:54:36+00:00\",\"dateModified\":\"2019-10-07T16:54:36+00:00\",\"description\":\"Towarzystwo medyczne o charakterze non-profit, kierowane przez specjalist\u00f3w w zakresie uk\u0142adu kr\u0105\u017cenia, koncentruj\u0105ce si\u0119 na profilaktyce, diagnozowaniu i leczeniu chor\u00f3b serca.\",\"breadcrumb\":{\"@id\":\"https:\/\/www.healthy-heart.org\/pl\/informacje-o-esc\/#breadcrumb\"},\"inLanguage\":\"pl-PL\",\"potentialAction\":[{\"@type\":\"ReadAction\",\"target\":[\"https:\/\/www.healthy-heart.org\/pl\/informacje-o-esc\/\"]}]},{\"@type\":\"ImageObject\",\"inLanguage\":\"pl-PL\",\"@id\":\"https:\/\/www.healthy-heart.org\/pl\/informacje-o-esc\/#primaryimage\",\"url\":\"https:\/\/www.healthy-heart.org\/wp-content\/uploads\/2019\/07\/iStock-953674568.jpg\",\"contentUrl\":\"https:\/\/www.healthy-heart.org\/wp-content\/uploads\/2019\/07\/iStock-953674568.jpg\",\"width\":3548,\"height\":2365},{\"@type\":\"BreadcrumbList\",\"@id\":\"https:\/\/www.healthy-heart.org\/pl\/informacje-o-esc\/#breadcrumb\",\"itemListElement\":[{\"@type\":\"ListItem\",\"position\":1,\"name\":\"Home\",\"item\":\"https:\/\/www.healthy-heart.org\/pl\/\"},{\"@type\":\"ListItem\",\"position\":2,\"name\":\"Informacje o ESC\"}]},{\"@type\":\"WebSite\",\"@id\":\"https:\/\/www.healthy-heart.org\/es\/#website\",\"url\":\"https:\/\/www.healthy-heart.org\/es\/\",\"name\":\"Healthy-Heart.org\",\"description\":\"Practical advice for patients and family care givers on the prevention of cardiovascular disease\",\"potentialAction\":[{\"@type\":\"SearchAction\",\"target\":{\"@type\":\"EntryPoint\",\"urlTemplate\":\"https:\/\/www.healthy-heart.org\/es\/?s={search_term_string}\"},\"query-input\":{\"@type\":\"PropertyValueSpecification\",\"valueRequired\":true,\"valueName\":\"search_term_string\"}}],\"inLanguage\":\"pl-PL\"}]}<\/script>\n<!-- \/ Yoast SEO plugin. -->","yoast_head_json":{"title":"Informacje o ESC - Healthy-Heart.org","description":"Towarzystwo medyczne o charakterze non-profit, kierowane przez specjalist\u00f3w w zakresie uk\u0142adu kr\u0105\u017cenia, koncentruj\u0105ce si\u0119 na profilaktyce, diagnozowaniu i leczeniu chor\u00f3b serca.","robots":{"index":"index","follow":"follow","max-snippet":"max-snippet:-1","max-image-preview":"max-image-preview:large","max-video-preview":"max-video-preview:-1"},"canonical":"https:\/\/www.healthy-heart.org\/pl\/informacje-o-esc\/","og_locale":"pl_PL","og_type":"article","og_title":"Informacje o ESC - Healthy-Heart.org","og_description":"Towarzystwo medyczne o charakterze non-profit, kierowane przez specjalist\u00f3w w zakresie uk\u0142adu kr\u0105\u017cenia, koncentruj\u0105ce si\u0119 na profilaktyce, diagnozowaniu i leczeniu chor\u00f3b serca.","og_url":"https:\/\/www.healthy-heart.org\/pl\/informacje-o-esc\/","og_site_name":"Healthy-Heart.org","og_image":[{"width":1024,"height":683,"url":"https:\/\/www.healthy-heart.org\/wp-content\/uploads\/2019\/07\/iStock-953674568-1024x683.jpg","type":"image\/jpeg"}],"twitter_card":"summary_large_image","twitter_misc":{"Szacowany czas czytania":"1 minuta"},"schema":{"@context":"https:\/\/schema.org","@graph":[{"@type":"WebPage","@id":"https:\/\/www.healthy-heart.org\/pl\/informacje-o-esc\/","url":"https:\/\/www.healthy-heart.org\/pl\/informacje-o-esc\/","name":"Informacje o ESC - Healthy-Heart.org","isPartOf":{"@id":"https:\/\/www.healthy-heart.org\/es\/#website"},"primaryImageOfPage":{"@id":"https:\/\/www.healthy-heart.org\/pl\/informacje-o-esc\/#primaryimage"},"image":{"@id":"https:\/\/www.healthy-heart.org\/pl\/informacje-o-esc\/#primaryimage"},"thumbnailUrl":"https:\/\/www.healthy-heart.org\/wp-content\/uploads\/2019\/07\/iStock-953674568.jpg","datePublished":"2019-10-07T16:54:36+00:00","dateModified":"2019-10-07T16:54:36+00:00","description":"Towarzystwo medyczne o charakterze non-profit, kierowane przez specjalist\u00f3w w zakresie uk\u0142adu kr\u0105\u017cenia, koncentruj\u0105ce si\u0119 na profilaktyce, diagnozowaniu i leczeniu chor\u00f3b serca.","breadcrumb":{"@id":"https:\/\/www.healthy-heart.org\/pl\/informacje-o-esc\/#breadcrumb"},"inLanguage":"pl-PL","potentialAction":[{"@type":"ReadAction","target":["https:\/\/www.healthy-heart.org\/pl\/informacje-o-esc\/"]}]},{"@type":"ImageObject","inLanguage":"pl-PL","@id":"https:\/\/www.healthy-heart.org\/pl\/informacje-o-esc\/#primaryimage","url":"https:\/\/www.healthy-heart.org\/wp-content\/uploads\/2019\/07\/iStock-953674568.jpg","contentUrl":"https:\/\/www.healthy-heart.org\/wp-content\/uploads\/2019\/07\/iStock-953674568.jpg","width":3548,"height":2365},{"@type":"BreadcrumbList","@id":"https:\/\/www.healthy-heart.org\/pl\/informacje-o-esc\/#breadcrumb","itemListElement":[{"@type":"ListItem","position":1,"name":"Home","item":"https:\/\/www.healthy-heart.org\/pl\/"},{"@type":"ListItem","position":2,"name":"Informacje o ESC"}]},{"@type":"WebSite","@id":"https:\/\/www.healthy-heart.org\/es\/#website","url":"https:\/\/www.healthy-heart.org\/es\/","name":"Healthy-Heart.org","description":"Practical advice for patients and family care givers on the prevention of cardiovascular disease","potentialAction":[{"@type":"SearchAction","target":{"@type":"EntryPoint","urlTemplate":"https:\/\/www.healthy-heart.org\/es\/?s={search_term_string}"},"query-input":{"@type":"PropertyValueSpecification","valueRequired":true,"valueName":"search_term_string"}}],"inLanguage":"pl-PL"}]}},"_links":{"self":[{"href":"https:\/\/www.healthy-heart.org\/pl\/wp-json\/wp\/v2\/pages\/1764","targetHints":{"allow":["GET"]}}],"collection":[{"href":"https:\/\/www.healthy-heart.org\/pl\/wp-json\/wp\/v2\/pages"}],"about":[{"href":"https:\/\/www.healthy-heart.org\/pl\/wp-json\/wp\/v2\/types\/page"}],"author":[{"embeddable":true,"href":"https:\/\/www.healthy-heart.org\/pl\/wp-json\/wp\/v2\/users\/1"}],"replies":[{"embeddable":true,"href":"https:\/\/www.healthy-heart.org\/pl\/wp-json\/wp\/v2\/comments?post=1764"}],"version-history":[{"count":0,"href":"https:\/\/www.healthy-heart.org\/pl\/wp-json\/wp\/v2\/pages\/1764\/revisions"}],"wp:featuredmedia":[{"embeddable":true,"href":"https:\/\/www.healthy-heart.org\/pl\/wp-json\/wp\/v2\/media\/1661"}],"wp:attachment":[{"href":"https:\/\/www.healthy-heart.org\/pl\/wp-json\/wp\/v2\/media?parent=1764"}],"wp:term":[{"taxonomy":"category","embeddable":true,"href":"https:\/\/www.healthy-heart.org\/pl\/wp-json\/wp\/v2\/categories?post=1764"},{"taxonomy":"post_tag","embeddable":true,"href":"https:\/\/www.healthy-heart.org\/pl\/wp-json\/wp\/v2\/tags?post=1764"}],"curies":[{"name":"wp","href":"https:\/\/api.w.org\/{rel}","templated":true}]}}