{"id":1756,"date":"2019-10-07T17:54:25","date_gmt":"2019-10-07T16:54:25","guid":{"rendered":"https:\/\/www.healthy-heart.org\/podziekowania-dla-autorow\/"},"modified":"2020-03-24T10:03:40","modified_gmt":"2020-03-24T10:03:40","slug":"podziekowania-dla-autorow","status":"publish","type":"page","link":"https:\/\/www.healthy-heart.org\/pl\/podziekowania-dla-autorow\/","title":{"rendered":"Podzi\u0119kowania dla autor\u00f3w"},"content":{"rendered":"<p>Witryna zosta\u0142a opracowana w ramach programu ESC Prevention of CVD Programme prowadzonego przez stowarzyszenie European Association of Preventive Cardiology (EAPC) we wsp\u00f3\u0142pracy ze stowarzyszeniem Association for Acute CardioVascular Care (ACVC) oraz Association of Cardiovascular Nursing &amp; Allied Professions (ACNAP).<\/p>\n<p>Tre\u015bci zamieszone na tej witrynie s\u0105 tre\u015bciami autorskimi opartymi na rekomendacjach European Practice Guidelines ESC.<\/p>\n<p>Pragniemy podzi\u0119kowa\u0107 nast\u0119puj\u0105cym autorom-wolontariuszom za ich wk\u0142ad w tworzenie tre\u015bci tej witryny:<\/p>\n<table class=\"no-border\">\n<tbody>\n<tr>\n<td>\n<ul>\n<li>Neil Angus<\/li>\n<li>Maria B\u00e4ck<\/li>\n<li>Ugo Corra<\/li>\n<li>Flavio D&#8217;Ascenzi<\/li>\n<li>Guy de Backer<\/li>\n<li>Tine de Backer<\/li>\n<li>Silvia Castelletti<\/li>\n<li>Mark Cobain<\/li>\n<li>Karen De Munck<\/li>\n<li>Paul Dendale<\/li>\n<li>Jannick A.N. Dorresteijn<\/li>\n<li>Ines Frederix<\/li>\n<li>Andreas Gevaert<\/li>\n<li>Ian Graham<\/li>\n<li>Dominique Hansen<\/li>\n<li>Jeroen Hendriks<\/li>\n<li>Stefan H\u00f6fer<\/li>\n<li>Kees Hovingh<\/li>\n<li>Tiny Jaarsma<\/li>\n<li>Arne Janssen<\/li>\n<li>Claire Kerins<\/li>\n<li>Mary Kerins<\/li>\n<li>Konstantin Krychtiuk<\/li>\n<\/ul>\n<\/td>\n<td>\n<ul>\n<li>Gerry Lee<\/li>\n<li>Sergio Leonardi<\/li>\n<li>Dassy Levy<\/li>\n<li>Carolina Lombardi<\/li>\n<li>Gabrielle McKee<\/li>\n<li>Alexandru Mischie<\/li>\n<li>Lis Neubeck<\/li>\n<li>Josef Niebauer<\/li>\n<li>Demosthenes Panagiotakos<\/li>\n<li>Gianfranco Parati<\/li>\n<li>Lene Pedersen<\/li>\n<li>Martino Pengo<\/li>\n<li>Massimo F Piepoli<\/li>\n<li>Eva Prescott<\/li>\n<li>Gabriele Riccardi<\/li>\n<li>Martijn Scherreberg<\/li>\n<li>Walter Speidl<\/li>\n<li>Izabella Uchmanowicz<\/li>\n<li>Frank Vandereyt<\/li>\n<li>Vass Vassiliou<\/li>\n<li>Monique Verschuren<\/li>\n<li>Frank L.J. Visseren<\/li>\n<li>Christiaan Vrints<\/li>\n<\/ul>\n<\/td>\n<\/tr>\n<\/tbody>\n<\/table>\n<p>&nbsp;<\/p>\n<p style=\"font-weight: 400;\">Pragniemy podzi\u0119kowa\u0107 nast\u0119puj\u0105cym cz\u0142onkom ESC Patient Forum, kt\u00f3rzy przyczynili si\u0119 do opracowania tej witryny:<\/p>\n<ul style=\"font-weight: 400;\">\n<li>Inga Drossart<\/li>\n<li>Dan Foldager<\/li>\n<li>Henrik Norrild<\/li>\n<li>James Ainslie<\/li>\n<\/ul>\n<p>&nbsp;<\/p>\n<p>Pragniemy podzi\u0119kowa\u0107 nast\u0119puj\u0105cym wolontariuszom za ich wk\u0142ad w przegl\u0105danie tre\u015bci tej witryny:<\/p>\n<table class=\"no-border\">\n<tbody>\n<tr>\n<td>\n<ul>\n<li>Marie-Christine Iliou (French)<\/li>\n<li>Salvatore Novo (Italian)<\/li>\n<li>Regina Dalmau (Spanish)<\/li>\n<li>Piotr Jankowski (Polish)<\/li>\n<li>Vincent Aengevaeren (Dutch)<\/li>\n<li>Dan Gaita (Romanian)<\/li>\n<li>Stefan Busnatu (Romanian)<\/li>\n<\/ul>\n<\/td>\n<td>\n<ul>\n<li>Iulia Kulcsar (Romanian)<\/li>\n<li>Olga Sokolova (Russian)<\/li>\n<li>Oksana Sivakova (Russian)<\/li>\n<li>Ana Abreu (Portuguese)<\/li>\n<li>Filipa Homem (Portuguese)<\/li>\n<li>Linh Phung (German)<\/li>\n<li>Daniel Forndron (German)<\/li>\n<\/ul>\n<\/td>\n<\/tr>\n<\/tbody>\n<\/table>\n<p>&nbsp;<\/p>\n","protected":false},"excerpt":{"rendered":"<p>Witryna zosta\u0142a opracowana w ramach programu ESC Prevention of CVD Programme prowadzonego przez stowarzyszenie European Association of Preventive Cardiology (EAPC) we wsp\u00f3\u0142pracy ze stowarzyszeniem Association for Acute CardioVascular Care (ACVC) oraz Association of Cardiovascular Nursing &amp; Allied Professions (ACNAP). Tre\u015bci zamieszone na tej witrynie s\u0105 tre\u015bciami autorskimi opartymi na rekomendacjach European Practice Guidelines ESC. Pragniemy [&hellip;]<\/p>\n","protected":false},"author":1,"featured_media":1757,"parent":0,"menu_order":0,"comment_status":"closed","ping_status":"closed","template":"templates\/full.php","meta":{"_acf_changed":false,"footnotes":""},"categories":[],"tags":[],"class_list":["post-1756","page","type-page","status-publish","has-post-thumbnail","hentry"],"acf":[],"yoast_head":"<!-- This site is optimized with the Yoast SEO plugin v24.0 - https:\/\/yoast.com\/wordpress\/plugins\/seo\/ -->\n<title>Podzi\u0119kowania dla autor\u00f3w - Healthy-Heart.org<\/title>\n<meta name=\"description\" content=\"Ta witryna zosta\u0142a stworzona przez towarzystwo European Society of Cardiology w ramach programu ESC Prevention of CVD Programme.\" \/>\n<meta name=\"robots\" content=\"index, follow, max-snippet:-1, max-image-preview:large, max-video-preview:-1\" \/>\n<link rel=\"canonical\" href=\"https:\/\/www.healthy-heart.org\/pl\/podziekowania-dla-autorow\/\" \/>\n<meta property=\"og:locale\" content=\"pl_PL\" \/>\n<meta property=\"og:type\" content=\"article\" \/>\n<meta property=\"og:title\" content=\"Podzi\u0119kowania dla autor\u00f3w - Healthy-Heart.org\" \/>\n<meta property=\"og:description\" content=\"Ta witryna zosta\u0142a stworzona przez towarzystwo European Society of Cardiology w ramach programu ESC Prevention of CVD Programme.\" \/>\n<meta property=\"og:url\" content=\"https:\/\/www.healthy-heart.org\/pl\/podziekowania-dla-autorow\/\" \/>\n<meta property=\"og:site_name\" content=\"Healthy-Heart.org\" \/>\n<meta property=\"article:modified_time\" content=\"2020-03-24T10:03:40+00:00\" \/>\n<meta property=\"og:image\" content=\"https:\/\/www.healthy-heart.org\/wp-content\/uploads\/2019\/07\/EAPC-BOGO-e1564135828320.png\" \/>\n\t<meta property=\"og:image:width\" content=\"253\" \/>\n\t<meta property=\"og:image:height\" content=\"125\" \/>\n\t<meta property=\"og:image:type\" content=\"image\/png\" \/>\n<meta name=\"twitter:card\" content=\"summary_large_image\" \/>\n<meta name=\"twitter:label1\" content=\"Szacowany czas czytania\" \/>\n\t<meta name=\"twitter:data1\" content=\"1 minuta\" \/>\n<script type=\"application\/ld+json\" class=\"yoast-schema-graph\">{\"@context\":\"https:\/\/schema.org\",\"@graph\":[{\"@type\":\"WebPage\",\"@id\":\"https:\/\/www.healthy-heart.org\/pl\/podziekowania-dla-autorow\/\",\"url\":\"https:\/\/www.healthy-heart.org\/pl\/podziekowania-dla-autorow\/\",\"name\":\"Podzi\u0119kowania dla autor\u00f3w - Healthy-Heart.org\",\"isPartOf\":{\"@id\":\"https:\/\/www.healthy-heart.org\/es\/#website\"},\"primaryImageOfPage\":{\"@id\":\"https:\/\/www.healthy-heart.org\/pl\/podziekowania-dla-autorow\/#primaryimage\"},\"image\":{\"@id\":\"https:\/\/www.healthy-heart.org\/pl\/podziekowania-dla-autorow\/#primaryimage\"},\"thumbnailUrl\":\"https:\/\/www.healthy-heart.org\/wp-content\/uploads\/2019\/07\/EAPC-BOGO-e1564135828320.png\",\"datePublished\":\"2019-10-07T16:54:25+00:00\",\"dateModified\":\"2020-03-24T10:03:40+00:00\",\"description\":\"Ta witryna zosta\u0142a stworzona przez towarzystwo European Society of Cardiology w ramach programu ESC Prevention of CVD Programme.\",\"breadcrumb\":{\"@id\":\"https:\/\/www.healthy-heart.org\/pl\/podziekowania-dla-autorow\/#breadcrumb\"},\"inLanguage\":\"pl-PL\",\"potentialAction\":[{\"@type\":\"ReadAction\",\"target\":[\"https:\/\/www.healthy-heart.org\/pl\/podziekowania-dla-autorow\/\"]}]},{\"@type\":\"ImageObject\",\"inLanguage\":\"pl-PL\",\"@id\":\"https:\/\/www.healthy-heart.org\/pl\/podziekowania-dla-autorow\/#primaryimage\",\"url\":\"https:\/\/www.healthy-heart.org\/wp-content\/uploads\/2019\/07\/EAPC-BOGO-e1564135828320.png\",\"contentUrl\":\"https:\/\/www.healthy-heart.org\/wp-content\/uploads\/2019\/07\/EAPC-BOGO-e1564135828320.png\",\"width\":253,\"height\":125},{\"@type\":\"BreadcrumbList\",\"@id\":\"https:\/\/www.healthy-heart.org\/pl\/podziekowania-dla-autorow\/#breadcrumb\",\"itemListElement\":[{\"@type\":\"ListItem\",\"position\":1,\"name\":\"Home\",\"item\":\"https:\/\/www.healthy-heart.org\/pl\/\"},{\"@type\":\"ListItem\",\"position\":2,\"name\":\"Podzi\u0119kowania dla autor\u00f3w\"}]},{\"@type\":\"WebSite\",\"@id\":\"https:\/\/www.healthy-heart.org\/es\/#website\",\"url\":\"https:\/\/www.healthy-heart.org\/es\/\",\"name\":\"Healthy-Heart.org\",\"description\":\"Practical advice for patients and family care givers on the prevention of cardiovascular disease\",\"potentialAction\":[{\"@type\":\"SearchAction\",\"target\":{\"@type\":\"EntryPoint\",\"urlTemplate\":\"https:\/\/www.healthy-heart.org\/es\/?s={search_term_string}\"},\"query-input\":{\"@type\":\"PropertyValueSpecification\",\"valueRequired\":true,\"valueName\":\"search_term_string\"}}],\"inLanguage\":\"pl-PL\"}]}<\/script>\n<!-- \/ Yoast SEO plugin. -->","yoast_head_json":{"title":"Podzi\u0119kowania dla autor\u00f3w - Healthy-Heart.org","description":"Ta witryna zosta\u0142a stworzona przez towarzystwo European Society of Cardiology w ramach programu ESC Prevention of CVD Programme.","robots":{"index":"index","follow":"follow","max-snippet":"max-snippet:-1","max-image-preview":"max-image-preview:large","max-video-preview":"max-video-preview:-1"},"canonical":"https:\/\/www.healthy-heart.org\/pl\/podziekowania-dla-autorow\/","og_locale":"pl_PL","og_type":"article","og_title":"Podzi\u0119kowania dla autor\u00f3w - Healthy-Heart.org","og_description":"Ta witryna zosta\u0142a stworzona przez towarzystwo European Society of Cardiology w ramach programu ESC Prevention of CVD Programme.","og_url":"https:\/\/www.healthy-heart.org\/pl\/podziekowania-dla-autorow\/","og_site_name":"Healthy-Heart.org","article_modified_time":"2020-03-24T10:03:40+00:00","og_image":[{"width":253,"height":125,"url":"https:\/\/www.healthy-heart.org\/wp-content\/uploads\/2019\/07\/EAPC-BOGO-e1564135828320.png","type":"image\/png"}],"twitter_card":"summary_large_image","twitter_misc":{"Szacowany czas czytania":"1 minuta"},"schema":{"@context":"https:\/\/schema.org","@graph":[{"@type":"WebPage","@id":"https:\/\/www.healthy-heart.org\/pl\/podziekowania-dla-autorow\/","url":"https:\/\/www.healthy-heart.org\/pl\/podziekowania-dla-autorow\/","name":"Podzi\u0119kowania dla autor\u00f3w - Healthy-Heart.org","isPartOf":{"@id":"https:\/\/www.healthy-heart.org\/es\/#website"},"primaryImageOfPage":{"@id":"https:\/\/www.healthy-heart.org\/pl\/podziekowania-dla-autorow\/#primaryimage"},"image":{"@id":"https:\/\/www.healthy-heart.org\/pl\/podziekowania-dla-autorow\/#primaryimage"},"thumbnailUrl":"https:\/\/www.healthy-heart.org\/wp-content\/uploads\/2019\/07\/EAPC-BOGO-e1564135828320.png","datePublished":"2019-10-07T16:54:25+00:00","dateModified":"2020-03-24T10:03:40+00:00","description":"Ta witryna zosta\u0142a stworzona przez towarzystwo European Society of Cardiology w ramach programu ESC Prevention of CVD Programme.","breadcrumb":{"@id":"https:\/\/www.healthy-heart.org\/pl\/podziekowania-dla-autorow\/#breadcrumb"},"inLanguage":"pl-PL","potentialAction":[{"@type":"ReadAction","target":["https:\/\/www.healthy-heart.org\/pl\/podziekowania-dla-autorow\/"]}]},{"@type":"ImageObject","inLanguage":"pl-PL","@id":"https:\/\/www.healthy-heart.org\/pl\/podziekowania-dla-autorow\/#primaryimage","url":"https:\/\/www.healthy-heart.org\/wp-content\/uploads\/2019\/07\/EAPC-BOGO-e1564135828320.png","contentUrl":"https:\/\/www.healthy-heart.org\/wp-content\/uploads\/2019\/07\/EAPC-BOGO-e1564135828320.png","width":253,"height":125},{"@type":"BreadcrumbList","@id":"https:\/\/www.healthy-heart.org\/pl\/podziekowania-dla-autorow\/#breadcrumb","itemListElement":[{"@type":"ListItem","position":1,"name":"Home","item":"https:\/\/www.healthy-heart.org\/pl\/"},{"@type":"ListItem","position":2,"name":"Podzi\u0119kowania dla autor\u00f3w"}]},{"@type":"WebSite","@id":"https:\/\/www.healthy-heart.org\/es\/#website","url":"https:\/\/www.healthy-heart.org\/es\/","name":"Healthy-Heart.org","description":"Practical advice for patients and family care givers on the prevention of cardiovascular disease","potentialAction":[{"@type":"SearchAction","target":{"@type":"EntryPoint","urlTemplate":"https:\/\/www.healthy-heart.org\/es\/?s={search_term_string}"},"query-input":{"@type":"PropertyValueSpecification","valueRequired":true,"valueName":"search_term_string"}}],"inLanguage":"pl-PL"}]}},"_links":{"self":[{"href":"https:\/\/www.healthy-heart.org\/pl\/wp-json\/wp\/v2\/pages\/1756","targetHints":{"allow":["GET"]}}],"collection":[{"href":"https:\/\/www.healthy-heart.org\/pl\/wp-json\/wp\/v2\/pages"}],"about":[{"href":"https:\/\/www.healthy-heart.org\/pl\/wp-json\/wp\/v2\/types\/page"}],"author":[{"embeddable":true,"href":"https:\/\/www.healthy-heart.org\/pl\/wp-json\/wp\/v2\/users\/1"}],"replies":[{"embeddable":true,"href":"https:\/\/www.healthy-heart.org\/pl\/wp-json\/wp\/v2\/comments?post=1756"}],"version-history":[{"count":2,"href":"https:\/\/www.healthy-heart.org\/pl\/wp-json\/wp\/v2\/pages\/1756\/revisions"}],"predecessor-version":[{"id":4328,"href":"https:\/\/www.healthy-heart.org\/pl\/wp-json\/wp\/v2\/pages\/1756\/revisions\/4328"}],"wp:featuredmedia":[{"embeddable":true,"href":"https:\/\/www.healthy-heart.org\/pl\/wp-json\/wp\/v2\/media\/1757"}],"wp:attachment":[{"href":"https:\/\/www.healthy-heart.org\/pl\/wp-json\/wp\/v2\/media?parent=1756"}],"wp:term":[{"taxonomy":"category","embeddable":true,"href":"https:\/\/www.healthy-heart.org\/pl\/wp-json\/wp\/v2\/categories?post=1756"},{"taxonomy":"post_tag","embeddable":true,"href":"https:\/\/www.healthy-heart.org\/pl\/wp-json\/wp\/v2\/tags?post=1756"}],"curies":[{"name":"wp","href":"https:\/\/api.w.org\/{rel}","templated":true}]}}