{"id":1745,"date":"2019-10-07T17:53:44","date_gmt":"2019-10-07T16:53:44","guid":{"rendered":"https:\/\/www.healthy-heart.org\/o-co-trzeba-zapytac-kardiologa\/"},"modified":"2021-01-26T16:10:55","modified_gmt":"2021-01-26T16:10:55","slug":"o-co-trzeba-zapytac-kardiologa","status":"publish","type":"page","link":"https:\/\/www.healthy-heart.org\/pl\/zycie-z-choroba-serca\/o-co-trzeba-zapytac-kardiologa\/","title":{"rendered":"O co trzeba zapyta\u0107 kardiologa?"},"content":{"rendered":"<p><img loading=\"lazy\" decoding=\"async\" class=\"alignright size-medium wp-image-641\" src=\"https:\/\/cdn-endpoint-prev.azureedge.net\/healthy-heart\/2019\/07\/iStock-481073822-5-350x234.jpg\" alt=\"\" width=\"350\" height=\"234\" srcset=\"https:\/\/www.healthy-heart.org\/wp-content\/uploads\/2019\/07\/iStock-481073822-5-350x234.jpg 350w, https:\/\/cdn-endpoint-prev.azureedge.net\/healthy-heart\/2019\/07\/iStock-481073822-5-1024x683.jpg 1024w, https:\/\/cdn-endpoint-prev.azureedge.net\/healthy-heart\/2019\/07\/iStock-481073822-5-200x133.jpg 200w, https:\/\/www.healthy-heart.org\/wp-content\/uploads\/2019\/07\/iStock-481073822-5-768x513.jpg 768w, https:\/\/www.healthy-heart.org\/wp-content\/uploads\/2019\/07\/iStock-481073822-5-1536x1025.jpg 1536w, https:\/\/www.healthy-heart.org\/wp-content\/uploads\/2019\/07\/iStock-481073822-5-2048x1367.jpg 2048w, https:\/\/www.healthy-heart.org\/wp-content\/uploads\/2019\/07\/iStock-481073822-5-658x439.jpg 658w, https:\/\/www.healthy-heart.org\/wp-content\/uploads\/2019\/07\/iStock-481073822-5-695x464.jpg 695w\" sizes=\"auto, (max-width: 350px) 100vw, 350px\" \/>Choroba serca wp\u0142ywa na cia\u0142o i umys\u0142. Otwarte i szczere rozmowy z lekarzem znacznie przyczyniaj\u0105 si\u0119 do skutecznego zarz\u0105dzania planem leczenia i stanem zdrowia po zawale serca. Kardiolog wyja\u015bni ci, co si\u0119 sta\u0142o i dlaczego, co zosta\u0142o zrobione do tej pory i co nale\u017cy zrobi\u0107 dalej. Poznanie przyczyn incydentu sercowo-naczyniowego i sposobu, w jaki przebiega\u0142o leczenie, pomo\u017ce ci zrozumie\u0107, co mo\u017cesz zrobi\u0107, aby unikn\u0105\u0107 kolejnego zdarzenia. Pytania, kt\u00f3re nale\u017cy zada\u0107 kardiologowi:<\/p>\n<p>1. Dlaczego mia\u0142em zawa\u0142 serca?<br \/>\n2. Czy mog\u0142em temu zapobiec?<br \/>\n3. Czy b\u0119d\u0119 m\u00f3g\u0142 robi\u0107 wszystkie rzeczy, kt\u00f3re robi\u0142em wcze\u015bniej?<br \/>\n4. Czy zablokowana t\u0119tnica mo\u017ce si\u0119 ponownie si\u0119 zw\u0119zi\u0107 i spowodowa\u0107 kolejny incydent?<br \/>\n5. Jak d\u0142ugo powinienem przyjmowa\u0107 leki \u201erozrzedzaj\u0105ce krew\u201d po wszczepieniu stentu w t\u0119tnicy? Czy t\u0119tnica pozostanie dro\u017cna do ko\u0144ca mojego \u017cycia?<br \/>\n6. Jakie <a href=\"https:\/\/www.healthy-heart.org\/pl\/zycie-z-choroba-serca\/rodzaje-lekow\/\">leki<\/a> s\u0105 niezb\u0119dne i jak d\u0142ugo musz\u0119 je przyjmowa\u0107?<br \/>\n7. Jakiego leku nie powinno si\u0119 pomija\u0107 nawet raz?<br \/>\n8. Jak cz\u0119sto powinienem chodzi\u0107 do lekarza po zawale serca?<br \/>\n9. Co mog\u0119 robi\u0107 w codziennym \u017cyciu, aby zapobiec kolejnemu zawa\u0142owi serca?<br \/>\n10. Jak wa\u017cna jest utrata wagi? Czy powinienem zmieni\u0107 <a href=\"https:\/\/www.healthy-heart.org\/pl\/dbaj-o-zdrowie-swojego-serca\/dieta-przyjazna-dla-serca\/\">diet\u0119<\/a>?<br \/>\n11. Kiedy mog\u0119 zacz\u0105\u0107 <a href=\"https:\/\/www.healthy-heart.org\/pl\/dbaj-o-zdrowie-swojego-serca\/aktywnosc-fizyczna\/\">\u0107wiczy\u0107<\/a>?<br \/>\n12. Czy powinienem zapisa\u0107 si\u0119 na <a href=\"https:\/\/www.healthy-heart.org\/pl\/zycie-z-choroba-serca\/popraw-stan-swojego-serca\/\">rehabilitacj\u0119 kardiologiczn\u0105<\/a>?<br \/>\n13. Jak cz\u0119sto powinienem bada\u0107<a href=\"https:\/\/www.healthy-heart.org\/pl\/dbaj-o-zdrowie-swojego-serca\/cisnienie-krwi\/\"> ci\u015bnienie krwi<\/a>?<br \/>\n14. Kiedy mog\u0119 znowu <a href=\"https:\/\/www.healthy-heart.org\/pl\/zycie-z-choroba-serca\/seks-i-choroby-serca\/\">zacz\u0105\u0107 uprawia\u0107 seks<\/a> i kiedy mog\u0119 wr\u00f3ci\u0107 do pracy?<br \/>\n15. Czy mog\u0119 <a href=\"https:\/\/www.healthy-heart.org\/pl\/zycie-z-choroba-serca\/podrozowanie-po-zawale-serca\/\">podr\u00f3\u017cowa\u0107<\/a>? Czy mog\u0119 i\u015b\u0107 w g\u00f3ry?<br \/>\n16. Przy jakich objawach powinienem natychmiast uda\u0107 si\u0119 na izb\u0119 przyj\u0119\u0107?<\/p>\n","protected":false},"excerpt":{"rendered":"<p>Choroba serca wp\u0142ywa na cia\u0142o i umys\u0142. Otwarte i szczere rozmowy z lekarzem znacznie przyczyniaj\u0105 si\u0119 do skutecznego zarz\u0105dzania planem leczenia i stanem zdrowia po zawale serca. Kardiolog wyja\u015bni ci, co si\u0119 sta\u0142o i dlaczego, co zosta\u0142o zrobione do tej pory i co nale\u017cy zrobi\u0107 dalej. Poznanie przyczyn incydentu sercowo-naczyniowego i sposobu, w jaki przebiega\u0142o [&hellip;]<\/p>\n","protected":false},"author":1,"featured_media":646,"parent":1863,"menu_order":12,"comment_status":"closed","ping_status":"closed","template":"","meta":{"_acf_changed":false,"footnotes":""},"categories":[61],"tags":[],"class_list":["post-1745","page","type-page","status-publish","has-post-thumbnail","hentry","category-zycie-z-choroba-serca"],"acf":[],"yoast_head":"<!-- This site is optimized with the Yoast SEO plugin v24.0 - https:\/\/yoast.com\/wordpress\/plugins\/seo\/ -->\n<title>O co trzeba zapyta\u0107 kardiologa? - Healthy-Heart.org<\/title>\n<meta name=\"description\" content=\"Kardiolog wyja\u015bni ci, co si\u0119 sta\u0142o i dlaczego, co zosta\u0142o zrobione do tej pory i co nale\u017cy zrobi\u0107 dalej. Przeczytaj pytania, kt\u00f3re powiniene\u015b zada\u0107 lekarzowi.\" \/>\n<meta name=\"robots\" content=\"index, follow, max-snippet:-1, max-image-preview:large, max-video-preview:-1\" \/>\n<link rel=\"canonical\" href=\"https:\/\/www.healthy-heart.org\/pl\/zycie-z-choroba-serca\/o-co-trzeba-zapytac-kardiologa\/\" \/>\n<meta property=\"og:locale\" content=\"pl_PL\" \/>\n<meta property=\"og:type\" content=\"article\" \/>\n<meta property=\"og:title\" content=\"O co trzeba zapyta\u0107 kardiologa? - Healthy-Heart.org\" \/>\n<meta property=\"og:description\" content=\"Kardiolog wyja\u015bni ci, co si\u0119 sta\u0142o i dlaczego, co zosta\u0142o zrobione do tej pory i co nale\u017cy zrobi\u0107 dalej. Przeczytaj pytania, kt\u00f3re powiniene\u015b zada\u0107 lekarzowi.\" \/>\n<meta property=\"og:url\" content=\"https:\/\/www.healthy-heart.org\/pl\/zycie-z-choroba-serca\/o-co-trzeba-zapytac-kardiologa\/\" \/>\n<meta property=\"og:site_name\" content=\"Healthy-Heart.org\" \/>\n<meta property=\"article:modified_time\" content=\"2021-01-26T16:10:55+00:00\" \/>\n<meta property=\"og:image\" content=\"https:\/\/www.healthy-heart.org\/wp-content\/uploads\/2019\/07\/iStock-481073822-5-1024x683.jpg\" \/>\n\t<meta property=\"og:image:width\" content=\"1024\" \/>\n\t<meta property=\"og:image:height\" content=\"683\" \/>\n\t<meta property=\"og:image:type\" content=\"image\/jpeg\" \/>\n<meta name=\"twitter:card\" content=\"summary_large_image\" \/>\n<meta name=\"twitter:label1\" content=\"Szacowany czas czytania\" \/>\n\t<meta name=\"twitter:data1\" content=\"1 minuta\" \/>\n<script type=\"application\/ld+json\" class=\"yoast-schema-graph\">{\"@context\":\"https:\/\/schema.org\",\"@graph\":[{\"@type\":\"WebPage\",\"@id\":\"https:\/\/www.healthy-heart.org\/pl\/zycie-z-choroba-serca\/o-co-trzeba-zapytac-kardiologa\/\",\"url\":\"https:\/\/www.healthy-heart.org\/pl\/zycie-z-choroba-serca\/o-co-trzeba-zapytac-kardiologa\/\",\"name\":\"O co trzeba zapyta\u0107 kardiologa? - Healthy-Heart.org\",\"isPartOf\":{\"@id\":\"https:\/\/www.healthy-heart.org\/es\/#website\"},\"primaryImageOfPage\":{\"@id\":\"https:\/\/www.healthy-heart.org\/pl\/zycie-z-choroba-serca\/o-co-trzeba-zapytac-kardiologa\/#primaryimage\"},\"image\":{\"@id\":\"https:\/\/www.healthy-heart.org\/pl\/zycie-z-choroba-serca\/o-co-trzeba-zapytac-kardiologa\/#primaryimage\"},\"thumbnailUrl\":\"https:\/\/www.healthy-heart.org\/wp-content\/uploads\/2019\/07\/iStock-481073822-5.jpg\",\"datePublished\":\"2019-10-07T16:53:44+00:00\",\"dateModified\":\"2021-01-26T16:10:55+00:00\",\"description\":\"Kardiolog wyja\u015bni ci, co si\u0119 sta\u0142o i dlaczego, co zosta\u0142o zrobione do tej pory i co nale\u017cy zrobi\u0107 dalej. Przeczytaj pytania, kt\u00f3re powiniene\u015b zada\u0107 lekarzowi.\",\"breadcrumb\":{\"@id\":\"https:\/\/www.healthy-heart.org\/pl\/zycie-z-choroba-serca\/o-co-trzeba-zapytac-kardiologa\/#breadcrumb\"},\"inLanguage\":\"pl-PL\",\"potentialAction\":[{\"@type\":\"ReadAction\",\"target\":[\"https:\/\/www.healthy-heart.org\/pl\/zycie-z-choroba-serca\/o-co-trzeba-zapytac-kardiologa\/\"]}]},{\"@type\":\"ImageObject\",\"inLanguage\":\"pl-PL\",\"@id\":\"https:\/\/www.healthy-heart.org\/pl\/zycie-z-choroba-serca\/o-co-trzeba-zapytac-kardiologa\/#primaryimage\",\"url\":\"https:\/\/www.healthy-heart.org\/wp-content\/uploads\/2019\/07\/iStock-481073822-5.jpg\",\"contentUrl\":\"https:\/\/www.healthy-heart.org\/wp-content\/uploads\/2019\/07\/iStock-481073822-5.jpg\",\"width\":7360,\"height\":4912,\"caption\":\"Shot of a compassionate doctor comforting a young woman in a hospital waiting room\"},{\"@type\":\"BreadcrumbList\",\"@id\":\"https:\/\/www.healthy-heart.org\/pl\/zycie-z-choroba-serca\/o-co-trzeba-zapytac-kardiologa\/#breadcrumb\",\"itemListElement\":[{\"@type\":\"ListItem\",\"position\":1,\"name\":\"Home\",\"item\":\"https:\/\/www.healthy-heart.org\/pl\/\"},{\"@type\":\"ListItem\",\"position\":2,\"name\":\"\u017bycie z chorob\u0105 serca\",\"item\":\"https:\/\/www.healthy-heart.org\/pl\/zycie-z-choroba-serca\/\"},{\"@type\":\"ListItem\",\"position\":3,\"name\":\"O co trzeba zapyta\u0107 kardiologa?\"}]},{\"@type\":\"WebSite\",\"@id\":\"https:\/\/www.healthy-heart.org\/es\/#website\",\"url\":\"https:\/\/www.healthy-heart.org\/es\/\",\"name\":\"Healthy-Heart.org\",\"description\":\"Practical advice for patients and family care givers on the prevention of cardiovascular disease\",\"potentialAction\":[{\"@type\":\"SearchAction\",\"target\":{\"@type\":\"EntryPoint\",\"urlTemplate\":\"https:\/\/www.healthy-heart.org\/es\/?s={search_term_string}\"},\"query-input\":{\"@type\":\"PropertyValueSpecification\",\"valueRequired\":true,\"valueName\":\"search_term_string\"}}],\"inLanguage\":\"pl-PL\"}]}<\/script>\n<!-- \/ Yoast SEO plugin. -->","yoast_head_json":{"title":"O co trzeba zapyta\u0107 kardiologa? - Healthy-Heart.org","description":"Kardiolog wyja\u015bni ci, co si\u0119 sta\u0142o i dlaczego, co zosta\u0142o zrobione do tej pory i co nale\u017cy zrobi\u0107 dalej. Przeczytaj pytania, kt\u00f3re powiniene\u015b zada\u0107 lekarzowi.","robots":{"index":"index","follow":"follow","max-snippet":"max-snippet:-1","max-image-preview":"max-image-preview:large","max-video-preview":"max-video-preview:-1"},"canonical":"https:\/\/www.healthy-heart.org\/pl\/zycie-z-choroba-serca\/o-co-trzeba-zapytac-kardiologa\/","og_locale":"pl_PL","og_type":"article","og_title":"O co trzeba zapyta\u0107 kardiologa? - Healthy-Heart.org","og_description":"Kardiolog wyja\u015bni ci, co si\u0119 sta\u0142o i dlaczego, co zosta\u0142o zrobione do tej pory i co nale\u017cy zrobi\u0107 dalej. Przeczytaj pytania, kt\u00f3re powiniene\u015b zada\u0107 lekarzowi.","og_url":"https:\/\/www.healthy-heart.org\/pl\/zycie-z-choroba-serca\/o-co-trzeba-zapytac-kardiologa\/","og_site_name":"Healthy-Heart.org","article_modified_time":"2021-01-26T16:10:55+00:00","og_image":[{"width":1024,"height":683,"url":"https:\/\/www.healthy-heart.org\/wp-content\/uploads\/2019\/07\/iStock-481073822-5-1024x683.jpg","type":"image\/jpeg"}],"twitter_card":"summary_large_image","twitter_misc":{"Szacowany czas czytania":"1 minuta"},"schema":{"@context":"https:\/\/schema.org","@graph":[{"@type":"WebPage","@id":"https:\/\/www.healthy-heart.org\/pl\/zycie-z-choroba-serca\/o-co-trzeba-zapytac-kardiologa\/","url":"https:\/\/www.healthy-heart.org\/pl\/zycie-z-choroba-serca\/o-co-trzeba-zapytac-kardiologa\/","name":"O co trzeba zapyta\u0107 kardiologa? - Healthy-Heart.org","isPartOf":{"@id":"https:\/\/www.healthy-heart.org\/es\/#website"},"primaryImageOfPage":{"@id":"https:\/\/www.healthy-heart.org\/pl\/zycie-z-choroba-serca\/o-co-trzeba-zapytac-kardiologa\/#primaryimage"},"image":{"@id":"https:\/\/www.healthy-heart.org\/pl\/zycie-z-choroba-serca\/o-co-trzeba-zapytac-kardiologa\/#primaryimage"},"thumbnailUrl":"https:\/\/www.healthy-heart.org\/wp-content\/uploads\/2019\/07\/iStock-481073822-5.jpg","datePublished":"2019-10-07T16:53:44+00:00","dateModified":"2021-01-26T16:10:55+00:00","description":"Kardiolog wyja\u015bni ci, co si\u0119 sta\u0142o i dlaczego, co zosta\u0142o zrobione do tej pory i co nale\u017cy zrobi\u0107 dalej. Przeczytaj pytania, kt\u00f3re powiniene\u015b zada\u0107 lekarzowi.","breadcrumb":{"@id":"https:\/\/www.healthy-heart.org\/pl\/zycie-z-choroba-serca\/o-co-trzeba-zapytac-kardiologa\/#breadcrumb"},"inLanguage":"pl-PL","potentialAction":[{"@type":"ReadAction","target":["https:\/\/www.healthy-heart.org\/pl\/zycie-z-choroba-serca\/o-co-trzeba-zapytac-kardiologa\/"]}]},{"@type":"ImageObject","inLanguage":"pl-PL","@id":"https:\/\/www.healthy-heart.org\/pl\/zycie-z-choroba-serca\/o-co-trzeba-zapytac-kardiologa\/#primaryimage","url":"https:\/\/www.healthy-heart.org\/wp-content\/uploads\/2019\/07\/iStock-481073822-5.jpg","contentUrl":"https:\/\/www.healthy-heart.org\/wp-content\/uploads\/2019\/07\/iStock-481073822-5.jpg","width":7360,"height":4912,"caption":"Shot of a compassionate doctor comforting a young woman in a hospital waiting room"},{"@type":"BreadcrumbList","@id":"https:\/\/www.healthy-heart.org\/pl\/zycie-z-choroba-serca\/o-co-trzeba-zapytac-kardiologa\/#breadcrumb","itemListElement":[{"@type":"ListItem","position":1,"name":"Home","item":"https:\/\/www.healthy-heart.org\/pl\/"},{"@type":"ListItem","position":2,"name":"\u017bycie z chorob\u0105 serca","item":"https:\/\/www.healthy-heart.org\/pl\/zycie-z-choroba-serca\/"},{"@type":"ListItem","position":3,"name":"O co trzeba zapyta\u0107 kardiologa?"}]},{"@type":"WebSite","@id":"https:\/\/www.healthy-heart.org\/es\/#website","url":"https:\/\/www.healthy-heart.org\/es\/","name":"Healthy-Heart.org","description":"Practical advice for patients and family care givers on the prevention of cardiovascular disease","potentialAction":[{"@type":"SearchAction","target":{"@type":"EntryPoint","urlTemplate":"https:\/\/www.healthy-heart.org\/es\/?s={search_term_string}"},"query-input":{"@type":"PropertyValueSpecification","valueRequired":true,"valueName":"search_term_string"}}],"inLanguage":"pl-PL"}]}},"_links":{"self":[{"href":"https:\/\/www.healthy-heart.org\/pl\/wp-json\/wp\/v2\/pages\/1745","targetHints":{"allow":["GET"]}}],"collection":[{"href":"https:\/\/www.healthy-heart.org\/pl\/wp-json\/wp\/v2\/pages"}],"about":[{"href":"https:\/\/www.healthy-heart.org\/pl\/wp-json\/wp\/v2\/types\/page"}],"author":[{"embeddable":true,"href":"https:\/\/www.healthy-heart.org\/pl\/wp-json\/wp\/v2\/users\/1"}],"replies":[{"embeddable":true,"href":"https:\/\/www.healthy-heart.org\/pl\/wp-json\/wp\/v2\/comments?post=1745"}],"version-history":[{"count":2,"href":"https:\/\/www.healthy-heart.org\/pl\/wp-json\/wp\/v2\/pages\/1745\/revisions"}],"predecessor-version":[{"id":5014,"href":"https:\/\/www.healthy-heart.org\/pl\/wp-json\/wp\/v2\/pages\/1745\/revisions\/5014"}],"up":[{"embeddable":true,"href":"https:\/\/www.healthy-heart.org\/pl\/wp-json\/wp\/v2\/pages\/1863"}],"wp:featuredmedia":[{"embeddable":true,"href":"https:\/\/www.healthy-heart.org\/pl\/wp-json\/wp\/v2\/media\/646"}],"wp:attachment":[{"href":"https:\/\/www.healthy-heart.org\/pl\/wp-json\/wp\/v2\/media?parent=1745"}],"wp:term":[{"taxonomy":"category","embeddable":true,"href":"https:\/\/www.healthy-heart.org\/pl\/wp-json\/wp\/v2\/categories?post=1745"},{"taxonomy":"post_tag","embeddable":true,"href":"https:\/\/www.healthy-heart.org\/pl\/wp-json\/wp\/v2\/tags?post=1745"}],"curies":[{"name":"wp","href":"https:\/\/api.w.org\/{rel}","templated":true}]}}