{"id":1740,"date":"2019-10-07T17:53:26","date_gmt":"2019-10-07T16:53:26","guid":{"rendered":"https:\/\/www.healthy-heart.org\/wsparcie-rodziny\/"},"modified":"2019-10-07T17:53:26","modified_gmt":"2019-10-07T16:53:26","slug":"wsparcie-rodziny","status":"publish","type":"page","link":"https:\/\/www.healthy-heart.org\/pl\/zycie-z-choroba-serca\/wsparcie-rodziny\/","title":{"rendered":"Wsparcie rodziny"},"content":{"rendered":"<p><img loading=\"lazy\" decoding=\"async\" class=\"alignright size-medium wp-image-565\" src=\"https:\/\/www.healthy-heart.org\/wp-content\/uploads\/2019\/07\/iStock-1055062378-350x233.jpg\" alt=\"\" width=\"350\" height=\"233\"><br \/>\nPartner lub najbli\u017csza rodzina mo\u017ce by\u0107 podstawowym \u017ar\u00f3d\u0142em wsparcia, zach\u0119ty i motywacji podczas powrotu do zdrowia po chorobie serca. Wiele par m\u00f3wi, \u017ce problemy z sercem zbli\u017cy\u0142y je do siebie.<\/p>\n<p>Incydenty sercowo-naczyniowe mog\u0105 by\u0107 druzgoc\u0105ce dla rodzin, kt\u00f3re cz\u0119sto odczuwaj\u0105 bezsilno\u015b\u0107 i l\u0119k z powodu choroby, hospitalizacji i leczenia. Partnerzy mog\u0105 si\u0119 martwi\u0107 kolejnymi krokami niezb\u0119dnymi dla odzyskania zdrowia przez bliskich. Mog\u0105 pojawi\u0107 si\u0119 negatywne emocje, w tym poczucie winy (gdybym tylko&#8230;), wahania nastroju i obawy o konsekwencje finansowe. To wszystko mo\u017ce wp\u0142ywa\u0107 na jako\u015b\u0107 relacji i powr\u00f3t pacjenta do zdrowia. Dlatego cz\u0142onkowie rodziny musz\u0105 ca\u0142y czas dba\u0107 o samych siebie. Oznacza to wystarczaj\u0105c\u0105 ilo\u015b\u0107 snu i relaksu, <a href=\"https:\/\/www.healthy-heart.org\/keep-your-heart-healthy\/take-control-of-your-lifestyle\/\">zdrowy tryb \u017cycia<\/a> i wykonywanie czynno\u015bci, kt\u00f3re sprawiaj\u0105 im przyjemno\u015b\u0107.<\/p>\n<p>Partnerzy cz\u0119sto czuj\u0105 si\u0119 odpowiedzialni za zdrowie pacjenta i ignoruj\u0105 w\u0142asne potrzeby. Bior\u0105 na siebie na przyk\u0142ad dodatkowe domowe obowi\u0105zki, staraj\u0105 si\u0119 by\u0107 stale dost\u0119pni i ogranicza\u0107 aktywno\u015b\u0107 pacjenta, poniewa\u017c obawiaj\u0105 si\u0119 negatywnych skutk\u00f3w dla jego serca. Pacjenci mog\u0105 to odbiera\u0107 jako nadmiern\u0105 ochron\u0119 i kontrol\u0119, ale ukrywa\u0107 swoje odczucia i my\u015bli, aby nie przysparza\u0107 partnerowi zmartwie\u0144. Mo\u017ce dochodzi\u0107 do irytacji, kt\u00f3ra \u017ale wp\u0142ywa na wzajemne relacje oraz na proces powrotu do zdrowia. Skuteczne przystosowanie si\u0119 do \u017cycia z chorob\u0105 serca wymaga otwarto\u015bci i szczero\u015bci oraz uznawania wzajemnej indywidualno\u015bci.<\/p>\n<p>Zaanga\u017cowanie partnera i najbli\u017cszej rodziny w program <a href=\"https:\/\/www.healthy-heart.org\/living-with-heart-disease\/improve-your-heart-condition\/\">rehabilitacji kardiologicznej<\/a> jest wyj\u0105tkow\u0105 okazj\u0105 do po\u0142\u0105czenia si\u0142 w procesie powrotu do zdrowia i wsp\u00f3lnego decydowania o zmianach w trosce o zdrowie. W ko\u0144cu wsp\u00f3lne zasi\u0119ganie informacji o medycznych aspektach problem\u00f3w z sercem, czy porad dotycz\u0105cych <a href=\"https:\/\/www.healthy-heart.org\/keep-your-heart-healthy\/heart-friendly-diet\/\">zdrowego od\u017cywiania<\/a> oraz obserwowanie post\u0119p\u00f3w pacjenta podczas sesji treningowych sk\u0142ania ka\u017cdego cz\u0142onka rodziny do wzi\u0119cia odpowiedzialno\u015bci za swoj\u0105 rol\u0119. Niekt\u00f3re programy rehabilitacyjne oferuj\u0105 sesje dla partner\u00f3w, gdzie omawiane s\u0105 tematy takie jak komunikacja, radzenie sobie z chorobami serca jako para oraz <a href=\"https:\/\/www.healthy-heart.org\/living-with-heart-disease\/sex-and-heart-disease\/\">obawy dotycz\u0105ce seksu<\/a>.<\/p>\n","protected":false},"excerpt":{"rendered":"<p>Partner lub najbli\u017csza rodzina mo\u017ce by\u0107 podstawowym \u017ar\u00f3d\u0142em wsparcia, zach\u0119ty i motywacji podczas powrotu do zdrowia po chorobie serca. Wiele par m\u00f3wi, \u017ce problemy z sercem zbli\u017cy\u0142y je do siebie. Incydenty sercowo-naczyniowe mog\u0105 by\u0107 druzgoc\u0105ce dla rodzin, kt\u00f3re cz\u0119sto odczuwaj\u0105 bezsilno\u015b\u0107 i l\u0119k z powodu choroby, hospitalizacji i leczenia. Partnerzy mog\u0105 si\u0119 martwi\u0107 kolejnymi krokami [&hellip;]<\/p>\n","protected":false},"author":1,"featured_media":570,"parent":1863,"menu_order":9,"comment_status":"closed","ping_status":"closed","template":"","meta":{"_acf_changed":false,"footnotes":""},"categories":[61],"tags":[],"class_list":["post-1740","page","type-page","status-publish","has-post-thumbnail","hentry","category-zycie-z-choroba-serca"],"acf":[],"yoast_head":"<!-- This site is optimized with the Yoast SEO plugin v24.0 - https:\/\/yoast.com\/wordpress\/plugins\/seo\/ -->\n<title>Wsparcie rodziny - Healthy-Heart.org<\/title>\n<meta name=\"description\" content=\"Partner lub rodzina mo\u017ce by\u0107 podstawowym \u017ar\u00f3d\u0142em wsparcia i motywacji podczas powrotu do zdrowia po chorobie serca.\" \/>\n<meta name=\"robots\" content=\"index, follow, max-snippet:-1, max-image-preview:large, max-video-preview:-1\" \/>\n<link rel=\"canonical\" href=\"https:\/\/www.healthy-heart.org\/pl\/zycie-z-choroba-serca\/wsparcie-rodziny\/\" \/>\n<meta property=\"og:locale\" content=\"pl_PL\" \/>\n<meta property=\"og:type\" content=\"article\" \/>\n<meta property=\"og:title\" content=\"Wsparcie rodziny - Healthy-Heart.org\" \/>\n<meta property=\"og:description\" content=\"Partner lub rodzina mo\u017ce by\u0107 podstawowym \u017ar\u00f3d\u0142em wsparcia i motywacji podczas powrotu do zdrowia po chorobie serca.\" \/>\n<meta property=\"og:url\" content=\"https:\/\/www.healthy-heart.org\/pl\/zycie-z-choroba-serca\/wsparcie-rodziny\/\" \/>\n<meta property=\"og:site_name\" content=\"Healthy-Heart.org\" \/>\n<meta property=\"og:image\" content=\"https:\/\/www.healthy-heart.org\/wp-content\/uploads\/2019\/07\/iStock-1055062378-1024x683.jpg\" \/>\n\t<meta property=\"og:image:width\" content=\"1024\" \/>\n\t<meta property=\"og:image:height\" content=\"683\" \/>\n\t<meta property=\"og:image:type\" content=\"image\/jpeg\" \/>\n<meta name=\"twitter:card\" content=\"summary_large_image\" \/>\n<meta name=\"twitter:label1\" content=\"Szacowany czas czytania\" \/>\n\t<meta name=\"twitter:data1\" content=\"2 minuty\" \/>\n<script type=\"application\/ld+json\" class=\"yoast-schema-graph\">{\"@context\":\"https:\/\/schema.org\",\"@graph\":[{\"@type\":\"WebPage\",\"@id\":\"https:\/\/www.healthy-heart.org\/pl\/zycie-z-choroba-serca\/wsparcie-rodziny\/\",\"url\":\"https:\/\/www.healthy-heart.org\/pl\/zycie-z-choroba-serca\/wsparcie-rodziny\/\",\"name\":\"Wsparcie rodziny - Healthy-Heart.org\",\"isPartOf\":{\"@id\":\"https:\/\/www.healthy-heart.org\/es\/#website\"},\"primaryImageOfPage\":{\"@id\":\"https:\/\/www.healthy-heart.org\/pl\/zycie-z-choroba-serca\/wsparcie-rodziny\/#primaryimage\"},\"image\":{\"@id\":\"https:\/\/www.healthy-heart.org\/pl\/zycie-z-choroba-serca\/wsparcie-rodziny\/#primaryimage\"},\"thumbnailUrl\":\"https:\/\/www.healthy-heart.org\/wp-content\/uploads\/2019\/07\/iStock-1055062378.jpg\",\"datePublished\":\"2019-10-07T16:53:26+00:00\",\"dateModified\":\"2019-10-07T16:53:26+00:00\",\"description\":\"Partner lub rodzina mo\u017ce by\u0107 podstawowym \u017ar\u00f3d\u0142em wsparcia i motywacji podczas powrotu do zdrowia po chorobie serca.\",\"breadcrumb\":{\"@id\":\"https:\/\/www.healthy-heart.org\/pl\/zycie-z-choroba-serca\/wsparcie-rodziny\/#breadcrumb\"},\"inLanguage\":\"pl-PL\",\"potentialAction\":[{\"@type\":\"ReadAction\",\"target\":[\"https:\/\/www.healthy-heart.org\/pl\/zycie-z-choroba-serca\/wsparcie-rodziny\/\"]}]},{\"@type\":\"ImageObject\",\"inLanguage\":\"pl-PL\",\"@id\":\"https:\/\/www.healthy-heart.org\/pl\/zycie-z-choroba-serca\/wsparcie-rodziny\/#primaryimage\",\"url\":\"https:\/\/www.healthy-heart.org\/wp-content\/uploads\/2019\/07\/iStock-1055062378.jpg\",\"contentUrl\":\"https:\/\/www.healthy-heart.org\/wp-content\/uploads\/2019\/07\/iStock-1055062378.jpg\",\"width\":8256,\"height\":5504,\"caption\":\"Art work. Kind blonde pressing lips while looking downwards at family tree\"},{\"@type\":\"BreadcrumbList\",\"@id\":\"https:\/\/www.healthy-heart.org\/pl\/zycie-z-choroba-serca\/wsparcie-rodziny\/#breadcrumb\",\"itemListElement\":[{\"@type\":\"ListItem\",\"position\":1,\"name\":\"Home\",\"item\":\"https:\/\/www.healthy-heart.org\/pl\/\"},{\"@type\":\"ListItem\",\"position\":2,\"name\":\"\u017bycie z chorob\u0105 serca\",\"item\":\"https:\/\/www.healthy-heart.org\/pl\/zycie-z-choroba-serca\/\"},{\"@type\":\"ListItem\",\"position\":3,\"name\":\"Wsparcie rodziny\"}]},{\"@type\":\"WebSite\",\"@id\":\"https:\/\/www.healthy-heart.org\/es\/#website\",\"url\":\"https:\/\/www.healthy-heart.org\/es\/\",\"name\":\"Healthy-Heart.org\",\"description\":\"Practical advice for patients and family care givers on the prevention of cardiovascular disease\",\"potentialAction\":[{\"@type\":\"SearchAction\",\"target\":{\"@type\":\"EntryPoint\",\"urlTemplate\":\"https:\/\/www.healthy-heart.org\/es\/?s={search_term_string}\"},\"query-input\":{\"@type\":\"PropertyValueSpecification\",\"valueRequired\":true,\"valueName\":\"search_term_string\"}}],\"inLanguage\":\"pl-PL\"}]}<\/script>\n<!-- \/ Yoast SEO plugin. -->","yoast_head_json":{"title":"Wsparcie rodziny - Healthy-Heart.org","description":"Partner lub rodzina mo\u017ce by\u0107 podstawowym \u017ar\u00f3d\u0142em wsparcia i motywacji podczas powrotu do zdrowia po chorobie serca.","robots":{"index":"index","follow":"follow","max-snippet":"max-snippet:-1","max-image-preview":"max-image-preview:large","max-video-preview":"max-video-preview:-1"},"canonical":"https:\/\/www.healthy-heart.org\/pl\/zycie-z-choroba-serca\/wsparcie-rodziny\/","og_locale":"pl_PL","og_type":"article","og_title":"Wsparcie rodziny - Healthy-Heart.org","og_description":"Partner lub rodzina mo\u017ce by\u0107 podstawowym \u017ar\u00f3d\u0142em wsparcia i motywacji podczas powrotu do zdrowia po chorobie serca.","og_url":"https:\/\/www.healthy-heart.org\/pl\/zycie-z-choroba-serca\/wsparcie-rodziny\/","og_site_name":"Healthy-Heart.org","og_image":[{"width":1024,"height":683,"url":"https:\/\/www.healthy-heart.org\/wp-content\/uploads\/2019\/07\/iStock-1055062378-1024x683.jpg","type":"image\/jpeg"}],"twitter_card":"summary_large_image","twitter_misc":{"Szacowany czas czytania":"2 minuty"},"schema":{"@context":"https:\/\/schema.org","@graph":[{"@type":"WebPage","@id":"https:\/\/www.healthy-heart.org\/pl\/zycie-z-choroba-serca\/wsparcie-rodziny\/","url":"https:\/\/www.healthy-heart.org\/pl\/zycie-z-choroba-serca\/wsparcie-rodziny\/","name":"Wsparcie rodziny - Healthy-Heart.org","isPartOf":{"@id":"https:\/\/www.healthy-heart.org\/es\/#website"},"primaryImageOfPage":{"@id":"https:\/\/www.healthy-heart.org\/pl\/zycie-z-choroba-serca\/wsparcie-rodziny\/#primaryimage"},"image":{"@id":"https:\/\/www.healthy-heart.org\/pl\/zycie-z-choroba-serca\/wsparcie-rodziny\/#primaryimage"},"thumbnailUrl":"https:\/\/www.healthy-heart.org\/wp-content\/uploads\/2019\/07\/iStock-1055062378.jpg","datePublished":"2019-10-07T16:53:26+00:00","dateModified":"2019-10-07T16:53:26+00:00","description":"Partner lub rodzina mo\u017ce by\u0107 podstawowym \u017ar\u00f3d\u0142em wsparcia i motywacji podczas powrotu do zdrowia po chorobie serca.","breadcrumb":{"@id":"https:\/\/www.healthy-heart.org\/pl\/zycie-z-choroba-serca\/wsparcie-rodziny\/#breadcrumb"},"inLanguage":"pl-PL","potentialAction":[{"@type":"ReadAction","target":["https:\/\/www.healthy-heart.org\/pl\/zycie-z-choroba-serca\/wsparcie-rodziny\/"]}]},{"@type":"ImageObject","inLanguage":"pl-PL","@id":"https:\/\/www.healthy-heart.org\/pl\/zycie-z-choroba-serca\/wsparcie-rodziny\/#primaryimage","url":"https:\/\/www.healthy-heart.org\/wp-content\/uploads\/2019\/07\/iStock-1055062378.jpg","contentUrl":"https:\/\/www.healthy-heart.org\/wp-content\/uploads\/2019\/07\/iStock-1055062378.jpg","width":8256,"height":5504,"caption":"Art work. Kind blonde pressing lips while looking downwards at family tree"},{"@type":"BreadcrumbList","@id":"https:\/\/www.healthy-heart.org\/pl\/zycie-z-choroba-serca\/wsparcie-rodziny\/#breadcrumb","itemListElement":[{"@type":"ListItem","position":1,"name":"Home","item":"https:\/\/www.healthy-heart.org\/pl\/"},{"@type":"ListItem","position":2,"name":"\u017bycie z chorob\u0105 serca","item":"https:\/\/www.healthy-heart.org\/pl\/zycie-z-choroba-serca\/"},{"@type":"ListItem","position":3,"name":"Wsparcie rodziny"}]},{"@type":"WebSite","@id":"https:\/\/www.healthy-heart.org\/es\/#website","url":"https:\/\/www.healthy-heart.org\/es\/","name":"Healthy-Heart.org","description":"Practical advice for patients and family care givers on the prevention of cardiovascular disease","potentialAction":[{"@type":"SearchAction","target":{"@type":"EntryPoint","urlTemplate":"https:\/\/www.healthy-heart.org\/es\/?s={search_term_string}"},"query-input":{"@type":"PropertyValueSpecification","valueRequired":true,"valueName":"search_term_string"}}],"inLanguage":"pl-PL"}]}},"_links":{"self":[{"href":"https:\/\/www.healthy-heart.org\/pl\/wp-json\/wp\/v2\/pages\/1740","targetHints":{"allow":["GET"]}}],"collection":[{"href":"https:\/\/www.healthy-heart.org\/pl\/wp-json\/wp\/v2\/pages"}],"about":[{"href":"https:\/\/www.healthy-heart.org\/pl\/wp-json\/wp\/v2\/types\/page"}],"author":[{"embeddable":true,"href":"https:\/\/www.healthy-heart.org\/pl\/wp-json\/wp\/v2\/users\/1"}],"replies":[{"embeddable":true,"href":"https:\/\/www.healthy-heart.org\/pl\/wp-json\/wp\/v2\/comments?post=1740"}],"version-history":[{"count":0,"href":"https:\/\/www.healthy-heart.org\/pl\/wp-json\/wp\/v2\/pages\/1740\/revisions"}],"up":[{"embeddable":true,"href":"https:\/\/www.healthy-heart.org\/pl\/wp-json\/wp\/v2\/pages\/1863"}],"wp:featuredmedia":[{"embeddable":true,"href":"https:\/\/www.healthy-heart.org\/pl\/wp-json\/wp\/v2\/media\/570"}],"wp:attachment":[{"href":"https:\/\/www.healthy-heart.org\/pl\/wp-json\/wp\/v2\/media?parent=1740"}],"wp:term":[{"taxonomy":"category","embeddable":true,"href":"https:\/\/www.healthy-heart.org\/pl\/wp-json\/wp\/v2\/categories?post=1740"},{"taxonomy":"post_tag","embeddable":true,"href":"https:\/\/www.healthy-heart.org\/pl\/wp-json\/wp\/v2\/tags?post=1740"}],"curies":[{"name":"wp","href":"https:\/\/api.w.org\/{rel}","templated":true}]}}