{"id":1735,"date":"2019-10-07T17:53:16","date_gmt":"2019-10-07T16:53:16","guid":{"rendered":"https:\/\/www.healthy-heart.org\/powrot-do-pracy-po-zawale-serca\/"},"modified":"2024-12-10T12:24:08","modified_gmt":"2024-12-10T12:24:08","slug":"powrot-do-pracy-po-zawale-serca","status":"publish","type":"page","link":"https:\/\/www.healthy-heart.org\/pl\/zycie-z-choroba-serca\/powrot-do-pracy-po-zawale-serca\/","title":{"rendered":"Powr\u00f3t do pracy po zawale serca"},"content":{"rendered":"<p><img loading=\"lazy\" decoding=\"async\" class=\"alignright size-medium wp-image-554\" src=\"https:\/\/cdn-endpoint-prev.azureedge.net\/healthy-heart\/2019\/07\/iStock-75939684-e1565873258225-350x244.jpg\" alt=\"\" width=\"350\" height=\"244\" srcset=\"https:\/\/www.healthy-heart.org\/wp-content\/uploads\/2019\/07\/iStock-75939684-e1565873258225-350x244.jpg 350w, https:\/\/cdn-endpoint-prev.azureedge.net\/healthy-heart\/2019\/07\/iStock-75939684-e1565873258225-2048x1427.jpg 2048w, https:\/\/www.healthy-heart.org\/wp-content\/uploads\/2019\/07\/iStock-75939684-e1565873258225-200x139.jpg 200w, https:\/\/www.healthy-heart.org\/wp-content\/uploads\/2019\/07\/iStock-75939684-e1565873258225-768x535.jpg 768w, https:\/\/www.healthy-heart.org\/wp-content\/uploads\/2019\/07\/iStock-75939684-e1565873258225-1024x713.jpg 1024w, https:\/\/www.healthy-heart.org\/wp-content\/uploads\/2019\/07\/iStock-75939684-e1565873258225-1536x1070.jpg 1536w, https:\/\/www.healthy-heart.org\/wp-content\/uploads\/2019\/07\/iStock-75939684-e1565873258225-630x439.jpg 630w, https:\/\/www.healthy-heart.org\/wp-content\/uploads\/2019\/07\/iStock-75939684-e1565873258225-666x464.jpg 666w\" sizes=\"auto, (max-width: 350px) 100vw, 350px\" \/><\/p>\n<p>Po wypisaniu ze szpitala niezwykle wa\u017cne jest, aby przestrzega\u0107 kompleksowego programu rehabilitacji kardiologicznej. Pomaga on bowiem odzyska\u0107 sprawno\u015b\u0107 funkcjonaln\u0105 i obejmuje indywidualny zestaw \u0107wicze\u0144. Bezpo\u015brednio po zawale nale\u017cy unika\u0107 du\u017cego wysi\u0142ku fizycznego \u2013 d\u0142ugo\u015b\u0107 tego okresu mo\u017ce by\u0107 inna w ka\u017cdym przypadku i wymaga om\u00f3wienia z kardiologiem. Wa\u017cne jest jednak utrzymanie \u0142agodnej lub umiarkowanej aktywno\u015bci fizycznej dla lepszej regeneracji i jako\u015bci \u017cycia. D\u0142u\u017csze zwolnienie chorobowe zazwyczaj nie jest korzystne, a pacjent\u00f3w zach\u0119ca si\u0119 do zachowania aktywno\u015bci po wypisaniu ze szpitala.<\/p>\n<p>W przypadku pracy wymagaj\u0105cej niewielkiego lub umiarkowanego wysi\u0142ku fizycznego zazwyczaj mo\u017cna wr\u00f3ci\u0107 do pracy w ci\u0105gu miesi\u0105ca, pod warunkiem, \u017ce wydajno\u015b\u0107 pompowania serca jest prawid\u0142owa, a podczas hospitalizacji lub rehabilitacji nie wyst\u0105pi\u0142y \u017cadne powik\u0142ania. U os\u00f3b wykonuj\u0105cych prac\u0119 wymagaj\u0105c\u0105 du\u017cego wysi\u0142ku fizycznego czasem konieczne jest przeprowadzenie dodatkowych bada\u0144, zanim kardiolog wyrazi zgod\u0119 na powr\u00f3t do pracy.<\/p>\n","protected":false},"excerpt":{"rendered":"<p>Po wypisaniu ze szpitala niezwykle wa\u017cne jest, aby przestrzega\u0107 kompleksowego programu rehabilitacji kardiologicznej. Pomaga on bowiem odzyska\u0107 sprawno\u015b\u0107 funkcjonaln\u0105 i obejmuje indywidualny zestaw \u0107wicze\u0144. Bezpo\u015brednio po zawale nale\u017cy unika\u0107 du\u017cego wysi\u0142ku fizycznego \u2013 d\u0142ugo\u015b\u0107 tego okresu mo\u017ce by\u0107 inna w ka\u017cdym przypadku i wymaga om\u00f3wienia z kardiologiem. Wa\u017cne jest jednak utrzymanie \u0142agodnej lub umiarkowanej aktywno\u015bci [&hellip;]<\/p>\n","protected":false},"author":1,"featured_media":3208,"parent":1863,"menu_order":8,"comment_status":"closed","ping_status":"closed","template":"","meta":{"_acf_changed":false,"footnotes":""},"categories":[61],"tags":[],"class_list":["post-1735","page","type-page","status-publish","has-post-thumbnail","hentry","category-zycie-z-choroba-serca"],"acf":[],"yoast_head":"<!-- This site is optimized with the Yoast SEO plugin v24.0 - https:\/\/yoast.com\/wordpress\/plugins\/seo\/ -->\n<title>Powr\u00f3t do pracy po zawale serca - %sitename%%<\/title>\n<meta name=\"description\" content=\"Wi\u0119kszo\u015b\u0107 os\u00f3b po zawale mo\u017ce wr\u00f3ci\u0107 do pracy, ale w ci\u0105gu pierwszego miesi\u0105ca powinna unika\u0107 du\u017cego wysi\u0142ku fizycznego.\" \/>\n<meta name=\"robots\" content=\"index, follow, max-snippet:-1, max-image-preview:large, max-video-preview:-1\" \/>\n<link rel=\"canonical\" href=\"https:\/\/www.healthy-heart.org\/pl\/zycie-z-choroba-serca\/powrot-do-pracy-po-zawale-serca\/\" \/>\n<meta property=\"og:locale\" content=\"pl_PL\" \/>\n<meta property=\"og:type\" content=\"article\" \/>\n<meta property=\"og:title\" content=\"Powr\u00f3t do pracy po zawale serca - %sitename%%\" \/>\n<meta property=\"og:description\" content=\"Wi\u0119kszo\u015b\u0107 os\u00f3b po zawale mo\u017ce wr\u00f3ci\u0107 do pracy, ale w ci\u0105gu pierwszego miesi\u0105ca powinna unika\u0107 du\u017cego wysi\u0142ku fizycznego.\" \/>\n<meta property=\"og:url\" content=\"https:\/\/www.healthy-heart.org\/pl\/zycie-z-choroba-serca\/powrot-do-pracy-po-zawale-serca\/\" \/>\n<meta property=\"og:site_name\" content=\"Healthy-Heart.org\" \/>\n<meta property=\"article:modified_time\" content=\"2024-12-10T12:24:08+00:00\" \/>\n<meta property=\"og:image\" content=\"https:\/\/www.healthy-heart.org\/wp-content\/uploads\/2019\/10\/Work1.jpg\" \/>\n\t<meta property=\"og:image:width\" content=\"3804\" \/>\n\t<meta property=\"og:image:height\" content=\"2650\" \/>\n\t<meta property=\"og:image:type\" content=\"image\/jpeg\" \/>\n<meta name=\"twitter:card\" content=\"summary_large_image\" \/>\n<meta name=\"twitter:label1\" content=\"Szacowany czas czytania\" \/>\n\t<meta name=\"twitter:data1\" content=\"1 minuta\" \/>\n<script type=\"application\/ld+json\" class=\"yoast-schema-graph\">{\"@context\":\"https:\/\/schema.org\",\"@graph\":[{\"@type\":\"WebPage\",\"@id\":\"https:\/\/www.healthy-heart.org\/pl\/zycie-z-choroba-serca\/powrot-do-pracy-po-zawale-serca\/\",\"url\":\"https:\/\/www.healthy-heart.org\/pl\/zycie-z-choroba-serca\/powrot-do-pracy-po-zawale-serca\/\",\"name\":\"Powr\u00f3t do pracy po zawale serca - %sitename%%\",\"isPartOf\":{\"@id\":\"https:\/\/www.healthy-heart.org\/es\/#website\"},\"primaryImageOfPage\":{\"@id\":\"https:\/\/www.healthy-heart.org\/pl\/zycie-z-choroba-serca\/powrot-do-pracy-po-zawale-serca\/#primaryimage\"},\"image\":{\"@id\":\"https:\/\/www.healthy-heart.org\/pl\/zycie-z-choroba-serca\/powrot-do-pracy-po-zawale-serca\/#primaryimage\"},\"thumbnailUrl\":\"https:\/\/www.healthy-heart.org\/wp-content\/uploads\/2019\/10\/Work1.jpg\",\"datePublished\":\"2019-10-07T16:53:16+00:00\",\"dateModified\":\"2024-12-10T12:24:08+00:00\",\"description\":\"Wi\u0119kszo\u015b\u0107 os\u00f3b po zawale mo\u017ce wr\u00f3ci\u0107 do pracy, ale w ci\u0105gu pierwszego miesi\u0105ca powinna unika\u0107 du\u017cego wysi\u0142ku fizycznego.\",\"breadcrumb\":{\"@id\":\"https:\/\/www.healthy-heart.org\/pl\/zycie-z-choroba-serca\/powrot-do-pracy-po-zawale-serca\/#breadcrumb\"},\"inLanguage\":\"pl-PL\",\"potentialAction\":[{\"@type\":\"ReadAction\",\"target\":[\"https:\/\/www.healthy-heart.org\/pl\/zycie-z-choroba-serca\/powrot-do-pracy-po-zawale-serca\/\"]}]},{\"@type\":\"ImageObject\",\"inLanguage\":\"pl-PL\",\"@id\":\"https:\/\/www.healthy-heart.org\/pl\/zycie-z-choroba-serca\/powrot-do-pracy-po-zawale-serca\/#primaryimage\",\"url\":\"https:\/\/www.healthy-heart.org\/wp-content\/uploads\/2019\/10\/Work1.jpg\",\"contentUrl\":\"https:\/\/www.healthy-heart.org\/wp-content\/uploads\/2019\/10\/Work1.jpg\",\"width\":3804,\"height\":2650},{\"@type\":\"BreadcrumbList\",\"@id\":\"https:\/\/www.healthy-heart.org\/pl\/zycie-z-choroba-serca\/powrot-do-pracy-po-zawale-serca\/#breadcrumb\",\"itemListElement\":[{\"@type\":\"ListItem\",\"position\":1,\"name\":\"Home\",\"item\":\"https:\/\/www.healthy-heart.org\/pl\/\"},{\"@type\":\"ListItem\",\"position\":2,\"name\":\"\u017bycie z chorob\u0105 serca\",\"item\":\"https:\/\/www.healthy-heart.org\/pl\/zycie-z-choroba-serca\/\"},{\"@type\":\"ListItem\",\"position\":3,\"name\":\"Powr\u00f3t do pracy po zawale serca\"}]},{\"@type\":\"WebSite\",\"@id\":\"https:\/\/www.healthy-heart.org\/es\/#website\",\"url\":\"https:\/\/www.healthy-heart.org\/es\/\",\"name\":\"Healthy-Heart.org\",\"description\":\"Practical advice for patients and family care givers on the prevention of cardiovascular disease\",\"potentialAction\":[{\"@type\":\"SearchAction\",\"target\":{\"@type\":\"EntryPoint\",\"urlTemplate\":\"https:\/\/www.healthy-heart.org\/es\/?s={search_term_string}\"},\"query-input\":{\"@type\":\"PropertyValueSpecification\",\"valueRequired\":true,\"valueName\":\"search_term_string\"}}],\"inLanguage\":\"pl-PL\"}]}<\/script>\n<!-- \/ Yoast SEO plugin. -->","yoast_head_json":{"title":"Powr\u00f3t do pracy po zawale serca - %sitename%%","description":"Wi\u0119kszo\u015b\u0107 os\u00f3b po zawale mo\u017ce wr\u00f3ci\u0107 do pracy, ale w ci\u0105gu pierwszego miesi\u0105ca powinna unika\u0107 du\u017cego wysi\u0142ku fizycznego.","robots":{"index":"index","follow":"follow","max-snippet":"max-snippet:-1","max-image-preview":"max-image-preview:large","max-video-preview":"max-video-preview:-1"},"canonical":"https:\/\/www.healthy-heart.org\/pl\/zycie-z-choroba-serca\/powrot-do-pracy-po-zawale-serca\/","og_locale":"pl_PL","og_type":"article","og_title":"Powr\u00f3t do pracy po zawale serca - %sitename%%","og_description":"Wi\u0119kszo\u015b\u0107 os\u00f3b po zawale mo\u017ce wr\u00f3ci\u0107 do pracy, ale w ci\u0105gu pierwszego miesi\u0105ca powinna unika\u0107 du\u017cego wysi\u0142ku fizycznego.","og_url":"https:\/\/www.healthy-heart.org\/pl\/zycie-z-choroba-serca\/powrot-do-pracy-po-zawale-serca\/","og_site_name":"Healthy-Heart.org","article_modified_time":"2024-12-10T12:24:08+00:00","og_image":[{"width":3804,"height":2650,"url":"https:\/\/www.healthy-heart.org\/wp-content\/uploads\/2019\/10\/Work1.jpg","type":"image\/jpeg"}],"twitter_card":"summary_large_image","twitter_misc":{"Szacowany czas czytania":"1 minuta"},"schema":{"@context":"https:\/\/schema.org","@graph":[{"@type":"WebPage","@id":"https:\/\/www.healthy-heart.org\/pl\/zycie-z-choroba-serca\/powrot-do-pracy-po-zawale-serca\/","url":"https:\/\/www.healthy-heart.org\/pl\/zycie-z-choroba-serca\/powrot-do-pracy-po-zawale-serca\/","name":"Powr\u00f3t do pracy po zawale serca - %sitename%%","isPartOf":{"@id":"https:\/\/www.healthy-heart.org\/es\/#website"},"primaryImageOfPage":{"@id":"https:\/\/www.healthy-heart.org\/pl\/zycie-z-choroba-serca\/powrot-do-pracy-po-zawale-serca\/#primaryimage"},"image":{"@id":"https:\/\/www.healthy-heart.org\/pl\/zycie-z-choroba-serca\/powrot-do-pracy-po-zawale-serca\/#primaryimage"},"thumbnailUrl":"https:\/\/www.healthy-heart.org\/wp-content\/uploads\/2019\/10\/Work1.jpg","datePublished":"2019-10-07T16:53:16+00:00","dateModified":"2024-12-10T12:24:08+00:00","description":"Wi\u0119kszo\u015b\u0107 os\u00f3b po zawale mo\u017ce wr\u00f3ci\u0107 do pracy, ale w ci\u0105gu pierwszego miesi\u0105ca powinna unika\u0107 du\u017cego wysi\u0142ku fizycznego.","breadcrumb":{"@id":"https:\/\/www.healthy-heart.org\/pl\/zycie-z-choroba-serca\/powrot-do-pracy-po-zawale-serca\/#breadcrumb"},"inLanguage":"pl-PL","potentialAction":[{"@type":"ReadAction","target":["https:\/\/www.healthy-heart.org\/pl\/zycie-z-choroba-serca\/powrot-do-pracy-po-zawale-serca\/"]}]},{"@type":"ImageObject","inLanguage":"pl-PL","@id":"https:\/\/www.healthy-heart.org\/pl\/zycie-z-choroba-serca\/powrot-do-pracy-po-zawale-serca\/#primaryimage","url":"https:\/\/www.healthy-heart.org\/wp-content\/uploads\/2019\/10\/Work1.jpg","contentUrl":"https:\/\/www.healthy-heart.org\/wp-content\/uploads\/2019\/10\/Work1.jpg","width":3804,"height":2650},{"@type":"BreadcrumbList","@id":"https:\/\/www.healthy-heart.org\/pl\/zycie-z-choroba-serca\/powrot-do-pracy-po-zawale-serca\/#breadcrumb","itemListElement":[{"@type":"ListItem","position":1,"name":"Home","item":"https:\/\/www.healthy-heart.org\/pl\/"},{"@type":"ListItem","position":2,"name":"\u017bycie z chorob\u0105 serca","item":"https:\/\/www.healthy-heart.org\/pl\/zycie-z-choroba-serca\/"},{"@type":"ListItem","position":3,"name":"Powr\u00f3t do pracy po zawale serca"}]},{"@type":"WebSite","@id":"https:\/\/www.healthy-heart.org\/es\/#website","url":"https:\/\/www.healthy-heart.org\/es\/","name":"Healthy-Heart.org","description":"Practical advice for patients and family care givers on the prevention of cardiovascular disease","potentialAction":[{"@type":"SearchAction","target":{"@type":"EntryPoint","urlTemplate":"https:\/\/www.healthy-heart.org\/es\/?s={search_term_string}"},"query-input":{"@type":"PropertyValueSpecification","valueRequired":true,"valueName":"search_term_string"}}],"inLanguage":"pl-PL"}]}},"_links":{"self":[{"href":"https:\/\/www.healthy-heart.org\/pl\/wp-json\/wp\/v2\/pages\/1735","targetHints":{"allow":["GET"]}}],"collection":[{"href":"https:\/\/www.healthy-heart.org\/pl\/wp-json\/wp\/v2\/pages"}],"about":[{"href":"https:\/\/www.healthy-heart.org\/pl\/wp-json\/wp\/v2\/types\/page"}],"author":[{"embeddable":true,"href":"https:\/\/www.healthy-heart.org\/pl\/wp-json\/wp\/v2\/users\/1"}],"replies":[{"embeddable":true,"href":"https:\/\/www.healthy-heart.org\/pl\/wp-json\/wp\/v2\/comments?post=1735"}],"version-history":[{"count":5,"href":"https:\/\/www.healthy-heart.org\/pl\/wp-json\/wp\/v2\/pages\/1735\/revisions"}],"predecessor-version":[{"id":7419,"href":"https:\/\/www.healthy-heart.org\/pl\/wp-json\/wp\/v2\/pages\/1735\/revisions\/7419"}],"up":[{"embeddable":true,"href":"https:\/\/www.healthy-heart.org\/pl\/wp-json\/wp\/v2\/pages\/1863"}],"wp:featuredmedia":[{"embeddable":true,"href":"https:\/\/www.healthy-heart.org\/pl\/wp-json\/wp\/v2\/media\/3208"}],"wp:attachment":[{"href":"https:\/\/www.healthy-heart.org\/pl\/wp-json\/wp\/v2\/media?parent=1735"}],"wp:term":[{"taxonomy":"category","embeddable":true,"href":"https:\/\/www.healthy-heart.org\/pl\/wp-json\/wp\/v2\/categories?post=1735"},{"taxonomy":"post_tag","embeddable":true,"href":"https:\/\/www.healthy-heart.org\/pl\/wp-json\/wp\/v2\/tags?post=1735"}],"curies":[{"name":"wp","href":"https:\/\/api.w.org\/{rel}","templated":true}]}}