{"id":1725,"date":"2019-10-07T17:52:46","date_gmt":"2019-10-07T16:52:46","guid":{"rendered":"https:\/\/www.healthy-heart.org\/czynniki-ryzyka-drugiego-zawalu-serca\/"},"modified":"2025-08-29T13:22:02","modified_gmt":"2025-08-29T12:22:02","slug":"czynniki-ryzyka-drugiego-zawalu-serca","status":"publish","type":"page","link":"https:\/\/www.healthy-heart.org\/pl\/zycie-z-choroba-serca\/czynniki-ryzyka-drugiego-zawalu-serca\/","title":{"rendered":"Czynniki ryzyka drugiego zawa\u0142u serca"},"content":{"rendered":"<p><img loading=\"lazy\" decoding=\"async\" class=\"alignright size-medium wp-image-494\" src=\"https:\/\/cdn-endpoint-prev.azureedge.net\/healthy-heart\/2019\/07\/iStock-908134236-e1565872918492-350x246.jpg\" alt=\"\" width=\"350\" height=\"246\" srcset=\"https:\/\/www.healthy-heart.org\/wp-content\/uploads\/2019\/07\/iStock-908134236-e1565872918492-350x246.jpg 350w, https:\/\/www.healthy-heart.org\/wp-content\/uploads\/2019\/07\/iStock-908134236-e1565872918492-200x140.jpg 200w, https:\/\/www.healthy-heart.org\/wp-content\/uploads\/2019\/07\/iStock-908134236-e1565872918492-768x539.jpg 768w, https:\/\/www.healthy-heart.org\/wp-content\/uploads\/2019\/07\/iStock-908134236-e1565872918492-1024x719.jpg 1024w, https:\/\/www.healthy-heart.org\/wp-content\/uploads\/2019\/07\/iStock-908134236-e1565872918492-1536x1079.jpg 1536w, https:\/\/www.healthy-heart.org\/wp-content\/uploads\/2019\/07\/iStock-908134236-e1565872918492-2048x1438.jpg 2048w, https:\/\/www.healthy-heart.org\/wp-content\/uploads\/2019\/07\/iStock-908134236-e1565872918492-625x439.jpg 625w, https:\/\/www.healthy-heart.org\/wp-content\/uploads\/2019\/07\/iStock-908134236-e1565872918492-661x464.jpg 661w\" sizes=\"auto, (max-width: 350px) 100vw, 350px\" \/><\/p>\n<p>By\u0107 mo\u017ce zastosowano u ciebie zabieg i leki przywracaj\u0105ce dop\u0142yw krwi i tlenu do mi\u0119\u015bnia sercowego. Nawet je\u015bli leczenie spowodowa\u0142o ust\u0105pienie objaw\u00f3w, uszkodzone naczynie krwiono\u015bne mo\u017ce ponownie ulec zw\u0119\u017ceniu lub zablokowaniu. Ponadto te same czynniki, kt\u00f3re doprowadzi\u0142y do pierwszego zawa\u0142u, mog\u0105 ju\u017c uszkadza\u0107 inne naczynia krwiono\u015bne w organizmie. Je\u015bli s\u0105 to naczynia krwiono\u015bne zaopatruj\u0105ce serce, mo\u017ce doj\u015b\u0107 do kolejnego zawa\u0142u. Je\u015bli zaopatruj\u0105 m\u00f3zg, mo\u017ce doj\u015b\u0107 do udaru m\u00f3zgu. Zablokowane naczynia krwiono\u015bne w nogach mog\u0105 powodowa\u0107 choroby t\u0119tnic obwodowych.<\/p>\n<p>Nie u wszystkich ryzyko drugiego zawa\u0142u serca lub innego incydentu sercowo-naczyniowego jest takie samo. Zale\u017cy ono od wielu czynnik\u00f3w. Na niekt\u00f3re z nich mo\u017cna wp\u0142yn\u0105\u0107, na inne nie. Najwa\u017cniejsze czynniki ryzyka to:<\/p>\n<p><span style=\"text-decoration: underline;\"><strong>Czynniki ryzyka, kt\u00f3rych nie mo\u017cna zmieni\u0107:<\/strong><\/span><\/p>\n<ul>\n<li>Wiek<\/li>\n<li><a href=\"https:\/\/www.healthy-heart.org\/keep-your-heart-healthy\/differences-between-men-and-women\/\">P\u0142e\u0107<\/a><\/li>\n<li>Liczba i rodzaj wcze\u015bniejszych incydent\u00f3w sercowo-naczyniowych<\/li>\n<li>Pozosta\u0142a wydajno\u015b\u0107 pompowania serca<\/li>\n<li>Wyst\u0119powanie migotania przedsionk\u00f3w (forma zaburzenia rytmu serca)<\/li>\n<li>Zaburzenia czynno\u015bci nerek<\/li>\n<\/ul>\n<p><span style=\"text-decoration: underline;\"><strong>Czynniki ryzyka, na kt\u00f3re mo\u017cna wp\u0142yn\u0105\u0107:<\/strong><\/span><\/p>\n<ul>\n<li><a href=\"https:\/\/www.healthy-heart.org\/keep-your-heart-healthy\/smoking\/\">Palenie<\/a><\/li>\n<li><a href=\"https:\/\/www.healthy-heart.org\/keep-your-heart-healthy\/keeping-a-healthy-weight\/\">Waga cia\u0142a<\/a><\/li>\n<li><a href=\"https:\/\/www.healthy-heart.org\/keep-your-heart-healthy\/physical-activity\/\">\u0106wiczenia fizyczne<\/a>, je\u015bli by\u0142o si\u0119 nieaktywnym<\/li>\n<li><a href=\"https:\/\/www.healthy-heart.org\/keep-your-heart-healthy\/heart-friendly-diet\/\">Zast\u0105pienie niezdrowej diety zdrow\u0105 diet\u0105<\/a><\/li>\n<li><a href=\"https:\/\/www.healthy-heart.org\/keep-your-heart-healthy\/stress-and-sleep\/\">Stres psychospo\u0142eczny<\/a><\/li>\n<li><a href=\"https:\/\/www.healthy-heart.org\/keep-your-heart-healthy\/cholesterol\/\">Kontrolowanie poziomu cholesterolu we krwi<\/a><\/li>\n<li><a href=\"https:\/\/www.healthy-heart.org\/keep-your-heart-healthy\/blood-pressure\/\">Kontrolowanie ci\u015bnienia krwi<\/a><\/li>\n<li><a href=\"https:\/\/www.healthy-heart.org\/keep-your-heart-healthy\/diabetes\/\">Cukrzyca i jej kontrolowanie<\/a><\/li>\n<li>Przewlek\u0142e stany zapalne<\/li>\n<\/ul>\n<p>Identyfikacja czynnik\u00f3w ryzyka ma decyduj\u0105cy wp\u0142yw na zmian\u0119 zachowa\u0144 oraz <a href=\"https:\/\/www.healthy-heart.org\/living-with-heart-disease\/types-of-medication\/\">leki<\/a> potrzebne do zapobiegania nowym incydentom sercowo-naczyniowym. Niezale\u017cnie od poziomu ryzyka kluczowe znaczenie dla zapobiegania drugiemu zawa\u0142owi serca ma zdrowy tryb \u017cycia. Sk\u0142ada si\u0119 na\u0144 powstrzymywanie si\u0119 od <a href=\"https:\/\/www.healthy-heart.org\/keep-your-heart-healthy\/smoking\/\">palenia<\/a>, utrzymywanie <a href=\"https:\/\/www.healthy-heart.org\/keep-your-heart-healthy\/keeping-a-healthy-weight\/\">prawid\u0142owej wagi<\/a>, <a href=\"https:\/\/www.healthy-heart.org\/keep-your-heart-healthy\/heart-friendly-diet\/\">zbilansowana dieta<\/a>, <a href=\"https:\/\/www.healthy-heart.org\/keep-your-heart-healthy\/physical-activity\/\">aktywno\u015b\u0107 fizyczna<\/a>, jak r\u00f3wnie\u017c skuteczne <a href=\"https:\/\/www.healthy-heart.org\/keep-your-heart-healthy\/stress-and-sleep\/\">zarz\u0105dzanie stresem<\/a>, <a href=\"https:\/\/www.healthy-heart.org\/keep-your-heart-healthy\/blood-pressure\/\">ci\u015bnieniem krwi<\/a>, <a href=\"https:\/\/www.healthy-heart.org\/keep-your-heart-healthy\/cholesterol\/\">poziomem cholesterolu<\/a> i <a href=\"https:\/\/www.healthy-heart.org\/keep-your-heart-healthy\/diabetes\/\">cukrzyc\u0105<\/a>.<\/p>\n","protected":false},"excerpt":{"rendered":"<p>By\u0107 mo\u017ce zastosowano u ciebie zabieg i leki przywracaj\u0105ce dop\u0142yw krwi i tlenu do mi\u0119\u015bnia sercowego. Nawet je\u015bli leczenie spowodowa\u0142o ust\u0105pienie objaw\u00f3w, uszkodzone naczynie krwiono\u015bne mo\u017ce ponownie ulec zw\u0119\u017ceniu lub zablokowaniu. Ponadto te same czynniki, kt\u00f3re doprowadzi\u0142y do pierwszego zawa\u0142u, mog\u0105 ju\u017c uszkadza\u0107 inne naczynia krwiono\u015bne w organizmie. Je\u015bli s\u0105 to naczynia krwiono\u015bne zaopatruj\u0105ce serce, [&hellip;]<\/p>\n","protected":false},"author":1,"featured_media":499,"parent":1863,"menu_order":10,"comment_status":"closed","ping_status":"closed","template":"","meta":{"_acf_changed":false,"footnotes":""},"categories":[61],"tags":[],"class_list":["post-1725","page","type-page","status-publish","has-post-thumbnail","hentry","category-zycie-z-choroba-serca"],"acf":[],"yoast_head":"<!-- This site is optimized with the Yoast SEO plugin v24.0 - https:\/\/yoast.com\/wordpress\/plugins\/seo\/ -->\n<title>Czynniki ryzyka drugiego zawa\u0142u serca - Healthy-Heart.org<\/title>\n<meta name=\"description\" content=\"Nie wszystkich dotyczy takie samo ryzyko drugiego zawa\u0142u serca. Zale\u017cy ono od wielu czynnik\u00f3w. Na niekt\u00f3re z nich mo\u017cna wp\u0142yn\u0105\u0107, na inne nie.\" \/>\n<meta name=\"robots\" content=\"index, follow, max-snippet:-1, max-image-preview:large, max-video-preview:-1\" \/>\n<link rel=\"canonical\" href=\"https:\/\/www.healthy-heart.org\/pl\/zycie-z-choroba-serca\/czynniki-ryzyka-drugiego-zawalu-serca\/\" \/>\n<meta property=\"og:locale\" content=\"pl_PL\" \/>\n<meta property=\"og:type\" content=\"article\" \/>\n<meta property=\"og:title\" content=\"Czynniki ryzyka drugiego zawa\u0142u serca - Healthy-Heart.org\" \/>\n<meta property=\"og:description\" content=\"Nie wszystkich dotyczy takie samo ryzyko drugiego zawa\u0142u serca. Zale\u017cy ono od wielu czynnik\u00f3w. Na niekt\u00f3re z nich mo\u017cna wp\u0142yn\u0105\u0107, na inne nie.\" \/>\n<meta property=\"og:url\" content=\"https:\/\/www.healthy-heart.org\/pl\/zycie-z-choroba-serca\/czynniki-ryzyka-drugiego-zawalu-serca\/\" \/>\n<meta property=\"og:site_name\" content=\"Healthy-Heart.org\" \/>\n<meta property=\"article:modified_time\" content=\"2025-08-29T12:22:02+00:00\" \/>\n<meta property=\"og:image\" content=\"https:\/\/www.healthy-heart.org\/wp-content\/uploads\/2019\/07\/iStock-908134236-1024x640.jpg\" \/>\n\t<meta property=\"og:image:width\" content=\"1024\" \/>\n\t<meta property=\"og:image:height\" content=\"640\" \/>\n\t<meta property=\"og:image:type\" content=\"image\/jpeg\" \/>\n<meta name=\"twitter:card\" content=\"summary_large_image\" \/>\n<meta name=\"twitter:label1\" content=\"Szacowany czas czytania\" \/>\n\t<meta name=\"twitter:data1\" content=\"2 minuty\" \/>\n<script type=\"application\/ld+json\" class=\"yoast-schema-graph\">{\"@context\":\"https:\/\/schema.org\",\"@graph\":[{\"@type\":\"WebPage\",\"@id\":\"https:\/\/www.healthy-heart.org\/pl\/zycie-z-choroba-serca\/czynniki-ryzyka-drugiego-zawalu-serca\/\",\"url\":\"https:\/\/www.healthy-heart.org\/pl\/zycie-z-choroba-serca\/czynniki-ryzyka-drugiego-zawalu-serca\/\",\"name\":\"Czynniki ryzyka drugiego zawa\u0142u serca - Healthy-Heart.org\",\"isPartOf\":{\"@id\":\"https:\/\/www.healthy-heart.org\/es\/#website\"},\"primaryImageOfPage\":{\"@id\":\"https:\/\/www.healthy-heart.org\/pl\/zycie-z-choroba-serca\/czynniki-ryzyka-drugiego-zawalu-serca\/#primaryimage\"},\"image\":{\"@id\":\"https:\/\/www.healthy-heart.org\/pl\/zycie-z-choroba-serca\/czynniki-ryzyka-drugiego-zawalu-serca\/#primaryimage\"},\"thumbnailUrl\":\"https:\/\/www.healthy-heart.org\/wp-content\/uploads\/2019\/07\/iStock-908134236.jpg\",\"datePublished\":\"2019-10-07T16:52:46+00:00\",\"dateModified\":\"2025-08-29T12:22:02+00:00\",\"description\":\"Nie wszystkich dotyczy takie samo ryzyko drugiego zawa\u0142u serca. Zale\u017cy ono od wielu czynnik\u00f3w. Na niekt\u00f3re z nich mo\u017cna wp\u0142yn\u0105\u0107, na inne nie.\",\"breadcrumb\":{\"@id\":\"https:\/\/www.healthy-heart.org\/pl\/zycie-z-choroba-serca\/czynniki-ryzyka-drugiego-zawalu-serca\/#breadcrumb\"},\"inLanguage\":\"pl-PL\",\"potentialAction\":[{\"@type\":\"ReadAction\",\"target\":[\"https:\/\/www.healthy-heart.org\/pl\/zycie-z-choroba-serca\/czynniki-ryzyka-drugiego-zawalu-serca\/\"]}]},{\"@type\":\"ImageObject\",\"inLanguage\":\"pl-PL\",\"@id\":\"https:\/\/www.healthy-heart.org\/pl\/zycie-z-choroba-serca\/czynniki-ryzyka-drugiego-zawalu-serca\/#primaryimage\",\"url\":\"https:\/\/www.healthy-heart.org\/wp-content\/uploads\/2019\/07\/iStock-908134236.jpg\",\"contentUrl\":\"https:\/\/www.healthy-heart.org\/wp-content\/uploads\/2019\/07\/iStock-908134236.jpg\",\"width\":8000,\"height\":5000,\"caption\":\"Push button on brushed metal surface. There is risk text and an arrow symbol on the button. The arrow is pointing high text on metal surface. Horizontal composition with copy space and selective focus.\"},{\"@type\":\"BreadcrumbList\",\"@id\":\"https:\/\/www.healthy-heart.org\/pl\/zycie-z-choroba-serca\/czynniki-ryzyka-drugiego-zawalu-serca\/#breadcrumb\",\"itemListElement\":[{\"@type\":\"ListItem\",\"position\":1,\"name\":\"Home\",\"item\":\"https:\/\/www.healthy-heart.org\/pl\/\"},{\"@type\":\"ListItem\",\"position\":2,\"name\":\"\u017bycie z chorob\u0105 serca\",\"item\":\"https:\/\/www.healthy-heart.org\/pl\/zycie-z-choroba-serca\/\"},{\"@type\":\"ListItem\",\"position\":3,\"name\":\"Czynniki ryzyka drugiego zawa\u0142u serca\"}]},{\"@type\":\"WebSite\",\"@id\":\"https:\/\/www.healthy-heart.org\/es\/#website\",\"url\":\"https:\/\/www.healthy-heart.org\/es\/\",\"name\":\"Healthy-Heart.org\",\"description\":\"Practical advice for patients and family care givers on the prevention of cardiovascular disease\",\"potentialAction\":[{\"@type\":\"SearchAction\",\"target\":{\"@type\":\"EntryPoint\",\"urlTemplate\":\"https:\/\/www.healthy-heart.org\/es\/?s={search_term_string}\"},\"query-input\":{\"@type\":\"PropertyValueSpecification\",\"valueRequired\":true,\"valueName\":\"search_term_string\"}}],\"inLanguage\":\"pl-PL\"}]}<\/script>\n<!-- \/ Yoast SEO plugin. -->","yoast_head_json":{"title":"Czynniki ryzyka drugiego zawa\u0142u serca - Healthy-Heart.org","description":"Nie wszystkich dotyczy takie samo ryzyko drugiego zawa\u0142u serca. Zale\u017cy ono od wielu czynnik\u00f3w. Na niekt\u00f3re z nich mo\u017cna wp\u0142yn\u0105\u0107, na inne nie.","robots":{"index":"index","follow":"follow","max-snippet":"max-snippet:-1","max-image-preview":"max-image-preview:large","max-video-preview":"max-video-preview:-1"},"canonical":"https:\/\/www.healthy-heart.org\/pl\/zycie-z-choroba-serca\/czynniki-ryzyka-drugiego-zawalu-serca\/","og_locale":"pl_PL","og_type":"article","og_title":"Czynniki ryzyka drugiego zawa\u0142u serca - Healthy-Heart.org","og_description":"Nie wszystkich dotyczy takie samo ryzyko drugiego zawa\u0142u serca. Zale\u017cy ono od wielu czynnik\u00f3w. Na niekt\u00f3re z nich mo\u017cna wp\u0142yn\u0105\u0107, na inne nie.","og_url":"https:\/\/www.healthy-heart.org\/pl\/zycie-z-choroba-serca\/czynniki-ryzyka-drugiego-zawalu-serca\/","og_site_name":"Healthy-Heart.org","article_modified_time":"2025-08-29T12:22:02+00:00","og_image":[{"width":1024,"height":640,"url":"https:\/\/www.healthy-heart.org\/wp-content\/uploads\/2019\/07\/iStock-908134236-1024x640.jpg","type":"image\/jpeg"}],"twitter_card":"summary_large_image","twitter_misc":{"Szacowany czas czytania":"2 minuty"},"schema":{"@context":"https:\/\/schema.org","@graph":[{"@type":"WebPage","@id":"https:\/\/www.healthy-heart.org\/pl\/zycie-z-choroba-serca\/czynniki-ryzyka-drugiego-zawalu-serca\/","url":"https:\/\/www.healthy-heart.org\/pl\/zycie-z-choroba-serca\/czynniki-ryzyka-drugiego-zawalu-serca\/","name":"Czynniki ryzyka drugiego zawa\u0142u serca - Healthy-Heart.org","isPartOf":{"@id":"https:\/\/www.healthy-heart.org\/es\/#website"},"primaryImageOfPage":{"@id":"https:\/\/www.healthy-heart.org\/pl\/zycie-z-choroba-serca\/czynniki-ryzyka-drugiego-zawalu-serca\/#primaryimage"},"image":{"@id":"https:\/\/www.healthy-heart.org\/pl\/zycie-z-choroba-serca\/czynniki-ryzyka-drugiego-zawalu-serca\/#primaryimage"},"thumbnailUrl":"https:\/\/www.healthy-heart.org\/wp-content\/uploads\/2019\/07\/iStock-908134236.jpg","datePublished":"2019-10-07T16:52:46+00:00","dateModified":"2025-08-29T12:22:02+00:00","description":"Nie wszystkich dotyczy takie samo ryzyko drugiego zawa\u0142u serca. Zale\u017cy ono od wielu czynnik\u00f3w. Na niekt\u00f3re z nich mo\u017cna wp\u0142yn\u0105\u0107, na inne nie.","breadcrumb":{"@id":"https:\/\/www.healthy-heart.org\/pl\/zycie-z-choroba-serca\/czynniki-ryzyka-drugiego-zawalu-serca\/#breadcrumb"},"inLanguage":"pl-PL","potentialAction":[{"@type":"ReadAction","target":["https:\/\/www.healthy-heart.org\/pl\/zycie-z-choroba-serca\/czynniki-ryzyka-drugiego-zawalu-serca\/"]}]},{"@type":"ImageObject","inLanguage":"pl-PL","@id":"https:\/\/www.healthy-heart.org\/pl\/zycie-z-choroba-serca\/czynniki-ryzyka-drugiego-zawalu-serca\/#primaryimage","url":"https:\/\/www.healthy-heart.org\/wp-content\/uploads\/2019\/07\/iStock-908134236.jpg","contentUrl":"https:\/\/www.healthy-heart.org\/wp-content\/uploads\/2019\/07\/iStock-908134236.jpg","width":8000,"height":5000,"caption":"Push button on brushed metal surface. There is risk text and an arrow symbol on the button. The arrow is pointing high text on metal surface. Horizontal composition with copy space and selective focus."},{"@type":"BreadcrumbList","@id":"https:\/\/www.healthy-heart.org\/pl\/zycie-z-choroba-serca\/czynniki-ryzyka-drugiego-zawalu-serca\/#breadcrumb","itemListElement":[{"@type":"ListItem","position":1,"name":"Home","item":"https:\/\/www.healthy-heart.org\/pl\/"},{"@type":"ListItem","position":2,"name":"\u017bycie z chorob\u0105 serca","item":"https:\/\/www.healthy-heart.org\/pl\/zycie-z-choroba-serca\/"},{"@type":"ListItem","position":3,"name":"Czynniki ryzyka drugiego zawa\u0142u serca"}]},{"@type":"WebSite","@id":"https:\/\/www.healthy-heart.org\/es\/#website","url":"https:\/\/www.healthy-heart.org\/es\/","name":"Healthy-Heart.org","description":"Practical advice for patients and family care givers on the prevention of cardiovascular disease","potentialAction":[{"@type":"SearchAction","target":{"@type":"EntryPoint","urlTemplate":"https:\/\/www.healthy-heart.org\/es\/?s={search_term_string}"},"query-input":{"@type":"PropertyValueSpecification","valueRequired":true,"valueName":"search_term_string"}}],"inLanguage":"pl-PL"}]}},"_links":{"self":[{"href":"https:\/\/www.healthy-heart.org\/pl\/wp-json\/wp\/v2\/pages\/1725","targetHints":{"allow":["GET"]}}],"collection":[{"href":"https:\/\/www.healthy-heart.org\/pl\/wp-json\/wp\/v2\/pages"}],"about":[{"href":"https:\/\/www.healthy-heart.org\/pl\/wp-json\/wp\/v2\/types\/page"}],"author":[{"embeddable":true,"href":"https:\/\/www.healthy-heart.org\/pl\/wp-json\/wp\/v2\/users\/1"}],"replies":[{"embeddable":true,"href":"https:\/\/www.healthy-heart.org\/pl\/wp-json\/wp\/v2\/comments?post=1725"}],"version-history":[{"count":5,"href":"https:\/\/www.healthy-heart.org\/pl\/wp-json\/wp\/v2\/pages\/1725\/revisions"}],"predecessor-version":[{"id":7840,"href":"https:\/\/www.healthy-heart.org\/pl\/wp-json\/wp\/v2\/pages\/1725\/revisions\/7840"}],"up":[{"embeddable":true,"href":"https:\/\/www.healthy-heart.org\/pl\/wp-json\/wp\/v2\/pages\/1863"}],"wp:featuredmedia":[{"embeddable":true,"href":"https:\/\/www.healthy-heart.org\/pl\/wp-json\/wp\/v2\/media\/499"}],"wp:attachment":[{"href":"https:\/\/www.healthy-heart.org\/pl\/wp-json\/wp\/v2\/media?parent=1725"}],"wp:term":[{"taxonomy":"category","embeddable":true,"href":"https:\/\/www.healthy-heart.org\/pl\/wp-json\/wp\/v2\/categories?post=1725"},{"taxonomy":"post_tag","embeddable":true,"href":"https:\/\/www.healthy-heart.org\/pl\/wp-json\/wp\/v2\/tags?post=1725"}],"curies":[{"name":"wp","href":"https:\/\/api.w.org\/{rel}","templated":true}]}}