{"id":1715,"date":"2019-10-07T17:52:00","date_gmt":"2019-10-07T16:52:00","guid":{"rendered":"https:\/\/www.healthy-heart.org\/dbaj-o-zdrowie-swojego-serca\/historia-chorob-serca-w-rodzinie\/"},"modified":"2021-01-26T15:32:00","modified_gmt":"2021-01-26T15:32:00","slug":"historia-chorob-serca-w-rodzinie","status":"publish","type":"page","link":"https:\/\/www.healthy-heart.org\/pl\/dbaj-o-zdrowie-swojego-serca\/historia-chorob-serca-w-rodzinie\/","title":{"rendered":"Historia chor\u00f3b serca w rodzinie"},"content":{"rendered":"<p><img loading=\"lazy\" decoding=\"async\" class=\"wp-image-637 size-medium alignright\" src=\"https:\/\/cdn-endpoint-prev.azureedge.net\/healthy-heart\/2019\/07\/iStock-117150029-3-350x290.jpg\" alt=\"\" width=\"350\" height=\"290\" srcset=\"https:\/\/www.healthy-heart.org\/wp-content\/uploads\/2019\/07\/iStock-117150029-3-350x290.jpg 350w, https:\/\/www.healthy-heart.org\/wp-content\/uploads\/2019\/07\/iStock-117150029-3-200x166.jpg 200w, https:\/\/www.healthy-heart.org\/wp-content\/uploads\/2019\/07\/iStock-117150029-3-768x637.jpg 768w, https:\/\/www.healthy-heart.org\/wp-content\/uploads\/2019\/07\/iStock-117150029-3-1024x849.jpg 1024w, https:\/\/www.healthy-heart.org\/wp-content\/uploads\/2019\/07\/iStock-117150029-3-529x439.jpg 529w, https:\/\/www.healthy-heart.org\/wp-content\/uploads\/2019\/07\/iStock-117150029-3-560x464.jpg 560w\" sizes=\"auto, (max-width: 350px) 100vw, 350px\" \/><\/p>\n<p>Wi\u0119kszo\u015b\u0107 czynnik\u00f3w ryzyka chor\u00f3b uk\u0142adu kr\u0105\u017cenia zwi\u0105zanych ze stylem \u017cycia jest powszechnie znana. Mniej os\u00f3b wie z kolei, \u017ce je\u015bli kto\u015b w ich rodzinie zachorowa\u0142 na serce w m\u0142odym wieku, r\u00f3wnie\u017c ich ryzyko jest wi\u0119ksze.<\/p>\n<p>O historii chor\u00f3b uk\u0142adu kr\u0105\u017cenia w rodzinie m\u00f3wi si\u0119 wtedy, je\u017celi u ojca lub brata zdiagnozowano chorob\u0119 w wieku m\u0142odszym ni\u017c 55 lat lub u siostry b\u0105d\u017a matki zdiagnozowano chorob\u0119 w wieku m\u0142odszym ni\u017c 65 lat.<br \/>\nDlaczego historia choroby w rodzinie wp\u0142ywa na twoje <a href=\"https:\/\/www.healthy-heart.org\/pl\/dbaj-o-zdrowie-swojego-serca\/przewidywanie-i-zarzadzanie-ryzykiem-chorob-serca\/\">ryzyko chor\u00f3b uk\u0142adu kr\u0105\u017cenia<\/a>? Poniewa\u017c nawyki zwi\u0105zane ze stylem \u017cycia s\u0105 cz\u0119sto podobne u cz\u0142onk\u00f3w tej samej rodziny. Ponadto geny s\u0105 przekazywane z rodzic\u00f3w na dzieci i czasami mog\u0105 odpowiada\u0107 za takie schorzenia, jak nadci\u015bnienie t\u0119tnicze lub\u00a0wysokie st\u0119\u017cenie\u00a0<a href=\"https:\/\/www.healthy-heart.org\/pl\/dbaj-o-zdrowie-swojego-serca\/cholesterol\/\">cholesterolu<\/a>. <a href=\"https:\/\/www.healthy-heart.org\/keep-your-heart-healthy\/cholesterol\/\">Hipercholesterolemia rodzinna<\/a> jest schorzeniem dziedzicznym, kt\u00f3re \u2013 je\u015bli nie jest leczone \u2013 mo\u017ce powodowa\u0107 bardzo wysoki poziom cholesterolu i choroby serca w bardzo m\u0142odym wieku. <a href=\"https:\/\/www.healthy-heart.org\/pl\/zycie-z-choroba-serca\/rodzaje-lekow\/\">Leczenie farmakologiczne<\/a> i <a href=\"https:\/\/www.healthy-heart.org\/pl\/twoje-serce\/promowanie-zdrowego-trybu-zycia\/\">zdrowy tryb \u017cycia<\/a> mog\u0105 zmniejszy\u0107 ryzyko zachorowania na choroby serca.<\/p>\n<p>Poniewa\u017c ryzyko sercowo-naczyniowe najcz\u0119\u015bciej nie jest zwi\u0119kszane przez pojedynczy gen, badanie genetyczne nie daje jednoznacznej odpowiedzi na pytanie, czy kto\u015b zachoruje na chorob\u0119 uk\u0142adu kr\u0105\u017cenia.<\/p>\n<p>Historii rodziny nie mo\u017cna zmieni\u0107, ale dobrze jest j\u0105 zna\u0107. Je\u015bli w rodzinie wyst\u0119powa\u0142y choroby uk\u0142adu kr\u0105\u017cenia, szczeg\u00f3lnie wa\u017cne jest wczesne podj\u0119cie <a href=\"https:\/\/www.healthy-heart.org\/pl\/dbaj-o-zdrowie-swojego-serca\/przejmij-kontrole-nad-swoim-stylem-zycia\/\">\u015brodk\u00f3w zapobiegawczych<\/a>. Nale\u017c\u0105 do nich aktywno\u015b\u0107 fizyczna, zdrowe od\u017cywianie, kontrolowanie\u00a0st\u0119\u017cenia\u00a0cholesterolu i ci\u015bnienia krwi, zrezygnowanie z palenia tytoniu i kontrolowanie\u00a0masy cia\u0142a.<\/p>\n<blockquote><p>Zmiana stylu \u017cycia mo\u017ce zmniejszy\u0107 ryzyko chor\u00f3b uk\u0142adu kr\u0105\u017cenia w przysz\u0142o\u015bci, nawet je\u015bli wyst\u0119powa\u0142y one w rodzinie.<\/p><\/blockquote>\n<p>Jak pozna\u0107 histori\u0119 swojej rodziny? Porozmawiaj o tym z rodzicami i na rodzinnych spotkaniach!<\/p>\n","protected":false},"excerpt":{"rendered":"<p>Wi\u0119kszo\u015b\u0107 czynnik\u00f3w ryzyka chor\u00f3b uk\u0142adu kr\u0105\u017cenia zwi\u0105zanych ze stylem \u017cycia jest powszechnie znana. Mniej os\u00f3b wie z kolei, \u017ce je\u015bli kto\u015b w ich rodzinie zachorowa\u0142 na serce w m\u0142odym wieku, r\u00f3wnie\u017c ich ryzyko jest wi\u0119ksze. O historii chor\u00f3b uk\u0142adu kr\u0105\u017cenia w rodzinie m\u00f3wi si\u0119 wtedy, je\u017celi u ojca lub brata zdiagnozowano chorob\u0119 w wieku m\u0142odszym [&hellip;]<\/p>\n","protected":false},"author":1,"featured_media":637,"parent":1680,"menu_order":9,"comment_status":"closed","ping_status":"closed","template":"","meta":{"_acf_changed":false,"footnotes":""},"categories":[56],"tags":[],"class_list":["post-1715","page","type-page","status-publish","has-post-thumbnail","hentry","category-dbaj-o-zdrowie-swojego-serca"],"acf":[],"yoast_head":"<!-- This site is optimized with the Yoast SEO plugin v24.0 - https:\/\/yoast.com\/wordpress\/plugins\/seo\/ -->\n<title>Historia chor\u00f3b serca w rodzinie - Healthy-Heart.org<\/title>\n<meta name=\"description\" content=\"Dowiedz si\u0119, jak zmniejszy\u0107 ryzyko zachorowa\u0144 na choroby serca dzi\u0119ki zdrowemu trybowi \u017cycia, nawet je\u015bli w twojej rodzinie wyst\u0105pi\u0142y choroby serca.\" \/>\n<meta name=\"robots\" content=\"index, follow, max-snippet:-1, max-image-preview:large, max-video-preview:-1\" \/>\n<link rel=\"canonical\" href=\"https:\/\/www.healthy-heart.org\/pl\/dbaj-o-zdrowie-swojego-serca\/historia-chorob-serca-w-rodzinie\/\" \/>\n<meta property=\"og:locale\" content=\"pl_PL\" \/>\n<meta property=\"og:type\" content=\"article\" \/>\n<meta property=\"og:title\" content=\"Historia chor\u00f3b serca w rodzinie - Healthy-Heart.org\" \/>\n<meta property=\"og:description\" content=\"Dowiedz si\u0119, jak zmniejszy\u0107 ryzyko zachorowa\u0144 na choroby serca dzi\u0119ki zdrowemu trybowi \u017cycia, nawet je\u015bli w twojej rodzinie wyst\u0105pi\u0142y choroby serca.\" \/>\n<meta property=\"og:url\" content=\"https:\/\/www.healthy-heart.org\/pl\/dbaj-o-zdrowie-swojego-serca\/historia-chorob-serca-w-rodzinie\/\" \/>\n<meta property=\"og:site_name\" content=\"Healthy-Heart.org\" \/>\n<meta property=\"article:modified_time\" content=\"2021-01-26T15:32:00+00:00\" \/>\n<meta property=\"og:image\" content=\"https:\/\/www.healthy-heart.org\/wp-content\/uploads\/2019\/07\/iStock-117150029-3-1024x849.jpg\" \/>\n\t<meta property=\"og:image:width\" content=\"1024\" \/>\n\t<meta property=\"og:image:height\" content=\"849\" \/>\n\t<meta property=\"og:image:type\" content=\"image\/jpeg\" \/>\n<meta name=\"twitter:card\" content=\"summary_large_image\" \/>\n<meta name=\"twitter:label1\" content=\"Szacowany czas czytania\" \/>\n\t<meta name=\"twitter:data1\" content=\"2 minuty\" \/>\n<script type=\"application\/ld+json\" class=\"yoast-schema-graph\">{\"@context\":\"https:\/\/schema.org\",\"@graph\":[{\"@type\":\"WebPage\",\"@id\":\"https:\/\/www.healthy-heart.org\/pl\/dbaj-o-zdrowie-swojego-serca\/historia-chorob-serca-w-rodzinie\/\",\"url\":\"https:\/\/www.healthy-heart.org\/pl\/dbaj-o-zdrowie-swojego-serca\/historia-chorob-serca-w-rodzinie\/\",\"name\":\"Historia chor\u00f3b serca w rodzinie - Healthy-Heart.org\",\"isPartOf\":{\"@id\":\"https:\/\/www.healthy-heart.org\/es\/#website\"},\"primaryImageOfPage\":{\"@id\":\"https:\/\/www.healthy-heart.org\/pl\/dbaj-o-zdrowie-swojego-serca\/historia-chorob-serca-w-rodzinie\/#primaryimage\"},\"image\":{\"@id\":\"https:\/\/www.healthy-heart.org\/pl\/dbaj-o-zdrowie-swojego-serca\/historia-chorob-serca-w-rodzinie\/#primaryimage\"},\"thumbnailUrl\":\"https:\/\/www.healthy-heart.org\/wp-content\/uploads\/2019\/07\/iStock-117150029-3.jpg\",\"datePublished\":\"2019-10-07T16:52:00+00:00\",\"dateModified\":\"2021-01-26T15:32:00+00:00\",\"description\":\"Dowiedz si\u0119, jak zmniejszy\u0107 ryzyko zachorowa\u0144 na choroby serca dzi\u0119ki zdrowemu trybowi \u017cycia, nawet je\u015bli w twojej rodzinie wyst\u0105pi\u0142y choroby serca.\",\"breadcrumb\":{\"@id\":\"https:\/\/www.healthy-heart.org\/pl\/dbaj-o-zdrowie-swojego-serca\/historia-chorob-serca-w-rodzinie\/#breadcrumb\"},\"inLanguage\":\"pl-PL\",\"potentialAction\":[{\"@type\":\"ReadAction\",\"target\":[\"https:\/\/www.healthy-heart.org\/pl\/dbaj-o-zdrowie-swojego-serca\/historia-chorob-serca-w-rodzinie\/\"]}]},{\"@type\":\"ImageObject\",\"inLanguage\":\"pl-PL\",\"@id\":\"https:\/\/www.healthy-heart.org\/pl\/dbaj-o-zdrowie-swojego-serca\/historia-chorob-serca-w-rodzinie\/#primaryimage\",\"url\":\"https:\/\/www.healthy-heart.org\/wp-content\/uploads\/2019\/07\/iStock-117150029-3.jpg\",\"contentUrl\":\"https:\/\/www.healthy-heart.org\/wp-content\/uploads\/2019\/07\/iStock-117150029-3.jpg\",\"width\":3766,\"height\":3123,\"caption\":\"Great-grandmother shows old photos (these are pictures of her and her grandmather) to her great-granddaughter.\"},{\"@type\":\"BreadcrumbList\",\"@id\":\"https:\/\/www.healthy-heart.org\/pl\/dbaj-o-zdrowie-swojego-serca\/historia-chorob-serca-w-rodzinie\/#breadcrumb\",\"itemListElement\":[{\"@type\":\"ListItem\",\"position\":1,\"name\":\"Home\",\"item\":\"https:\/\/www.healthy-heart.org\/pl\/\"},{\"@type\":\"ListItem\",\"position\":2,\"name\":\"Dbaj o zdrowie swojego serca\",\"item\":\"https:\/\/www.healthy-heart.org\/pl\/dbaj-o-zdrowie-swojego-serca\/\"},{\"@type\":\"ListItem\",\"position\":3,\"name\":\"Historia chor\u00f3b serca w rodzinie\"}]},{\"@type\":\"WebSite\",\"@id\":\"https:\/\/www.healthy-heart.org\/es\/#website\",\"url\":\"https:\/\/www.healthy-heart.org\/es\/\",\"name\":\"Healthy-Heart.org\",\"description\":\"Practical advice for patients and family care givers on the prevention of cardiovascular disease\",\"potentialAction\":[{\"@type\":\"SearchAction\",\"target\":{\"@type\":\"EntryPoint\",\"urlTemplate\":\"https:\/\/www.healthy-heart.org\/es\/?s={search_term_string}\"},\"query-input\":{\"@type\":\"PropertyValueSpecification\",\"valueRequired\":true,\"valueName\":\"search_term_string\"}}],\"inLanguage\":\"pl-PL\"}]}<\/script>\n<!-- \/ Yoast SEO plugin. -->","yoast_head_json":{"title":"Historia chor\u00f3b serca w rodzinie - Healthy-Heart.org","description":"Dowiedz si\u0119, jak zmniejszy\u0107 ryzyko zachorowa\u0144 na choroby serca dzi\u0119ki zdrowemu trybowi \u017cycia, nawet je\u015bli w twojej rodzinie wyst\u0105pi\u0142y choroby serca.","robots":{"index":"index","follow":"follow","max-snippet":"max-snippet:-1","max-image-preview":"max-image-preview:large","max-video-preview":"max-video-preview:-1"},"canonical":"https:\/\/www.healthy-heart.org\/pl\/dbaj-o-zdrowie-swojego-serca\/historia-chorob-serca-w-rodzinie\/","og_locale":"pl_PL","og_type":"article","og_title":"Historia chor\u00f3b serca w rodzinie - Healthy-Heart.org","og_description":"Dowiedz si\u0119, jak zmniejszy\u0107 ryzyko zachorowa\u0144 na choroby serca dzi\u0119ki zdrowemu trybowi \u017cycia, nawet je\u015bli w twojej rodzinie wyst\u0105pi\u0142y choroby serca.","og_url":"https:\/\/www.healthy-heart.org\/pl\/dbaj-o-zdrowie-swojego-serca\/historia-chorob-serca-w-rodzinie\/","og_site_name":"Healthy-Heart.org","article_modified_time":"2021-01-26T15:32:00+00:00","og_image":[{"width":1024,"height":849,"url":"https:\/\/www.healthy-heart.org\/wp-content\/uploads\/2019\/07\/iStock-117150029-3-1024x849.jpg","type":"image\/jpeg"}],"twitter_card":"summary_large_image","twitter_misc":{"Szacowany czas czytania":"2 minuty"},"schema":{"@context":"https:\/\/schema.org","@graph":[{"@type":"WebPage","@id":"https:\/\/www.healthy-heart.org\/pl\/dbaj-o-zdrowie-swojego-serca\/historia-chorob-serca-w-rodzinie\/","url":"https:\/\/www.healthy-heart.org\/pl\/dbaj-o-zdrowie-swojego-serca\/historia-chorob-serca-w-rodzinie\/","name":"Historia chor\u00f3b serca w rodzinie - Healthy-Heart.org","isPartOf":{"@id":"https:\/\/www.healthy-heart.org\/es\/#website"},"primaryImageOfPage":{"@id":"https:\/\/www.healthy-heart.org\/pl\/dbaj-o-zdrowie-swojego-serca\/historia-chorob-serca-w-rodzinie\/#primaryimage"},"image":{"@id":"https:\/\/www.healthy-heart.org\/pl\/dbaj-o-zdrowie-swojego-serca\/historia-chorob-serca-w-rodzinie\/#primaryimage"},"thumbnailUrl":"https:\/\/www.healthy-heart.org\/wp-content\/uploads\/2019\/07\/iStock-117150029-3.jpg","datePublished":"2019-10-07T16:52:00+00:00","dateModified":"2021-01-26T15:32:00+00:00","description":"Dowiedz si\u0119, jak zmniejszy\u0107 ryzyko zachorowa\u0144 na choroby serca dzi\u0119ki zdrowemu trybowi \u017cycia, nawet je\u015bli w twojej rodzinie wyst\u0105pi\u0142y choroby serca.","breadcrumb":{"@id":"https:\/\/www.healthy-heart.org\/pl\/dbaj-o-zdrowie-swojego-serca\/historia-chorob-serca-w-rodzinie\/#breadcrumb"},"inLanguage":"pl-PL","potentialAction":[{"@type":"ReadAction","target":["https:\/\/www.healthy-heart.org\/pl\/dbaj-o-zdrowie-swojego-serca\/historia-chorob-serca-w-rodzinie\/"]}]},{"@type":"ImageObject","inLanguage":"pl-PL","@id":"https:\/\/www.healthy-heart.org\/pl\/dbaj-o-zdrowie-swojego-serca\/historia-chorob-serca-w-rodzinie\/#primaryimage","url":"https:\/\/www.healthy-heart.org\/wp-content\/uploads\/2019\/07\/iStock-117150029-3.jpg","contentUrl":"https:\/\/www.healthy-heart.org\/wp-content\/uploads\/2019\/07\/iStock-117150029-3.jpg","width":3766,"height":3123,"caption":"Great-grandmother shows old photos (these are pictures of her and her grandmather) to her great-granddaughter."},{"@type":"BreadcrumbList","@id":"https:\/\/www.healthy-heart.org\/pl\/dbaj-o-zdrowie-swojego-serca\/historia-chorob-serca-w-rodzinie\/#breadcrumb","itemListElement":[{"@type":"ListItem","position":1,"name":"Home","item":"https:\/\/www.healthy-heart.org\/pl\/"},{"@type":"ListItem","position":2,"name":"Dbaj o zdrowie swojego serca","item":"https:\/\/www.healthy-heart.org\/pl\/dbaj-o-zdrowie-swojego-serca\/"},{"@type":"ListItem","position":3,"name":"Historia chor\u00f3b serca w rodzinie"}]},{"@type":"WebSite","@id":"https:\/\/www.healthy-heart.org\/es\/#website","url":"https:\/\/www.healthy-heart.org\/es\/","name":"Healthy-Heart.org","description":"Practical advice for patients and family care givers on the prevention of cardiovascular disease","potentialAction":[{"@type":"SearchAction","target":{"@type":"EntryPoint","urlTemplate":"https:\/\/www.healthy-heart.org\/es\/?s={search_term_string}"},"query-input":{"@type":"PropertyValueSpecification","valueRequired":true,"valueName":"search_term_string"}}],"inLanguage":"pl-PL"}]}},"_links":{"self":[{"href":"https:\/\/www.healthy-heart.org\/pl\/wp-json\/wp\/v2\/pages\/1715","targetHints":{"allow":["GET"]}}],"collection":[{"href":"https:\/\/www.healthy-heart.org\/pl\/wp-json\/wp\/v2\/pages"}],"about":[{"href":"https:\/\/www.healthy-heart.org\/pl\/wp-json\/wp\/v2\/types\/page"}],"author":[{"embeddable":true,"href":"https:\/\/www.healthy-heart.org\/pl\/wp-json\/wp\/v2\/users\/1"}],"replies":[{"embeddable":true,"href":"https:\/\/www.healthy-heart.org\/pl\/wp-json\/wp\/v2\/comments?post=1715"}],"version-history":[{"count":4,"href":"https:\/\/www.healthy-heart.org\/pl\/wp-json\/wp\/v2\/pages\/1715\/revisions"}],"predecessor-version":[{"id":5005,"href":"https:\/\/www.healthy-heart.org\/pl\/wp-json\/wp\/v2\/pages\/1715\/revisions\/5005"}],"up":[{"embeddable":true,"href":"https:\/\/www.healthy-heart.org\/pl\/wp-json\/wp\/v2\/pages\/1680"}],"wp:featuredmedia":[{"embeddable":true,"href":"https:\/\/www.healthy-heart.org\/pl\/wp-json\/wp\/v2\/media\/637"}],"wp:attachment":[{"href":"https:\/\/www.healthy-heart.org\/pl\/wp-json\/wp\/v2\/media?parent=1715"}],"wp:term":[{"taxonomy":"category","embeddable":true,"href":"https:\/\/www.healthy-heart.org\/pl\/wp-json\/wp\/v2\/categories?post=1715"},{"taxonomy":"post_tag","embeddable":true,"href":"https:\/\/www.healthy-heart.org\/pl\/wp-json\/wp\/v2\/tags?post=1715"}],"curies":[{"name":"wp","href":"https:\/\/api.w.org\/{rel}","templated":true}]}}