{"id":1705,"date":"2019-10-07T17:51:27","date_gmt":"2019-10-07T16:51:27","guid":{"rendered":"https:\/\/www.healthy-heart.org\/dbaj-o-zdrowie-swojego-serca\/przewidywanie-i-zarzadzanie-ryzykiem-chorob-serca\/"},"modified":"2024-12-10T12:24:11","modified_gmt":"2024-12-10T12:24:11","slug":"przewidywanie-i-zarzadzanie-ryzykiem-chorob-serca","status":"publish","type":"page","link":"https:\/\/www.healthy-heart.org\/pl\/dbaj-o-zdrowie-swojego-serca\/przewidywanie-i-zarzadzanie-ryzykiem-chorob-serca\/","title":{"rendered":"Przewidywanie i zarz\u0105dzanie ryzykiem chor\u00f3b serca"},"content":{"rendered":"<p><a href=\"\/wp-content\/uploads\/2019\/07\/score-charts.pdf\" target=\"blank\" rel=\"noopener noreferrer\"><img loading=\"lazy\" decoding=\"async\" class=\"size-medium wp-image-663 alignright\" src=\"https:\/\/cdn-endpoint-prev.azureedge.net\/healthy-heart\/2019\/07\/EAPC-Scores-Poster-2018-high-1-235x350.jpg\" alt=\"\" width=\"235\" height=\"350\" srcset=\"https:\/\/www.healthy-heart.org\/wp-content\/uploads\/2019\/07\/EAPC-Scores-Poster-2018-high-1-235x350.jpg 235w, https:\/\/cdn-endpoint-prev.azureedge.net\/healthy-heart\/2019\/07\/EAPC-Scores-Poster-2018-high-1-768x1145.jpg 768w, https:\/\/www.healthy-heart.org\/wp-content\/uploads\/2019\/07\/EAPC-Scores-Poster-2018-high-1-134x200.jpg 134w, https:\/\/www.healthy-heart.org\/wp-content\/uploads\/2019\/07\/EAPC-Scores-Poster-2018-high-1-687x1024.jpg 687w, https:\/\/www.healthy-heart.org\/wp-content\/uploads\/2019\/07\/EAPC-Scores-Poster-2018-high-1-1031x1536.jpg 1031w, https:\/\/www.healthy-heart.org\/wp-content\/uploads\/2019\/07\/EAPC-Scores-Poster-2018-high-1-1374x2048.jpg 1374w, https:\/\/www.healthy-heart.org\/wp-content\/uploads\/2019\/07\/EAPC-Scores-Poster-2018-high-1-295x439.jpg 295w, https:\/\/www.healthy-heart.org\/wp-content\/uploads\/2019\/07\/EAPC-Scores-Poster-2018-high-1-311x464.jpg 311w, https:\/\/cdn-endpoint-prev.azureedge.net\/healthy-heart\/2019\/07\/EAPC-Scores-Poster-2018-high-1-scaled.jpg 1718w\" sizes=\"auto, (max-width: 235px) 100vw, 235px\" \/><\/a><a href=\"\/wp-content\/uploads\/2019\/07\/score-charts.pdf\" target=\"blank\" rel=\"noopener noreferrer\"><img loading=\"lazy\" decoding=\"async\" class=\"alignright wp-image-672 size-medium\" src=\"https:\/\/cdn-endpoint-prev.azureedge.net\/healthy-heart\/2019\/07\/EAPC-Scores-Poster-2018-low-1-235x350.jpg\" alt=\"\" width=\"235\" height=\"350\" srcset=\"https:\/\/www.healthy-heart.org\/wp-content\/uploads\/2019\/07\/EAPC-Scores-Poster-2018-low-1-235x350.jpg 235w, https:\/\/cdn-endpoint-prev.azureedge.net\/healthy-heart\/2019\/07\/EAPC-Scores-Poster-2018-low-1-768x1145.jpg 768w, https:\/\/www.healthy-heart.org\/wp-content\/uploads\/2019\/07\/EAPC-Scores-Poster-2018-low-1-134x200.jpg 134w, https:\/\/www.healthy-heart.org\/wp-content\/uploads\/2019\/07\/EAPC-Scores-Poster-2018-low-1-687x1024.jpg 687w, https:\/\/www.healthy-heart.org\/wp-content\/uploads\/2019\/07\/EAPC-Scores-Poster-2018-low-1-1031x1536.jpg 1031w, https:\/\/www.healthy-heart.org\/wp-content\/uploads\/2019\/07\/EAPC-Scores-Poster-2018-low-1-1374x2048.jpg 1374w, https:\/\/www.healthy-heart.org\/wp-content\/uploads\/2019\/07\/EAPC-Scores-Poster-2018-low-1-295x439.jpg 295w, https:\/\/www.healthy-heart.org\/wp-content\/uploads\/2019\/07\/EAPC-Scores-Poster-2018-low-1-311x464.jpg 311w, https:\/\/cdn-endpoint-prev.azureedge.net\/healthy-heart\/2019\/07\/EAPC-Scores-Poster-2018-low-1-scaled.jpg 1718w\" sizes=\"auto, (max-width: 235px) 100vw, 235px\" \/><\/a><\/p>\n<p>Przewidywanie ryzyka pomaga lekarzowi ustali\u0107 skal\u0119 potencjalnych korzy\u015bci, kt\u00f3re pacjent mo\u017ce osi\u0105gn\u0105\u0107 dzi\u0119ki dzia\u0142aniom profilaktycznym, takim jak obni\u017cenie ci\u015bnienia krwi, spadek poziomu cholesterolu czy rzucenie palenia. Istnieje wiele metod i narz\u0119dzi s\u0142u\u017c\u0105cych do przewidywania tego ryzyka. W Europie pracownikom s\u0142u\u017cby zdrowia zaleca si\u0119 korzystanie z algorytmu SCORE2 (Systemic Coronary Risk Estimation 2) s\u0142u\u017c\u0105cego do oceny ryzyka sercowo-naczyniowego. Ocena odbywa si\u0119 poprzez uwzgl\u0119dnienie czynnik\u00f3w ryzyka takich jak wiek i p\u0142e\u0107, jak r\u00f3wnie\u017c <a href=\"https:\/\/www.healthy-heart.org\/keep-your-heart-healthy\/blood-pressure\/\">ci\u015bnienie krwi<\/a>, poziom <a href=\"https:\/\/www.healthy-heart.org\/keep-your-heart-healthy\/cholesterol\/\">cholesterolu<\/a> (zawarto\u015b\u0107 t\u0142uszcz\u00f3w we krwi) oraz <a href=\"https:\/\/www.healthy-heart.org\/keep-your-heart-healthy\/smoking\/\">na\u0142\u00f3g palenia<\/a>. Modyfikacja tych czynnik\u00f3w ryzyka mo\u017ce doprowadzi\u0107 do obni\u017cenia ryzyka chor\u00f3b uk\u0142adu kr\u0105\u017cenia.<\/p>\n<p>Algorytm SCORE2 pokazuje, w jaki spos\u00f3b czynniki ryzyka wsp\u00f3\u0142dzia\u0142aj\u0105 ze sob\u0105, tworz\u0105c og\u00f3lne ryzyko chor\u00f3b sercowo-naczyniowych (wyra\u017cone w procentach). Wskazuje te\u017c, kt\u00f3re czynniki mo\u017cna zmodyfikowa\u0107 w celu obni\u017cenia ryzyka. Ryzyko mo\u017cna obliczy\u0107 za pomoc\u0105 kart ryzyka SCORE2 lub przy u\u017cyciu interaktywnego narz\u0119dzia internetowego Heartscore. Karta SCORE2 jest przeznaczona dla os\u00f3b \u201ezdrowych\u201d, co oznacza, \u017ce nie zaleca si\u0119 jej stosowania u pacjent\u00f3w z chorobami serca, cukrzyc\u0105 lub po udarze. W przypadku tego typu os\u00f3b istniej\u0105 inne narz\u0119dzia, kt\u00f3re pomagaj\u0105 pracownikom s\u0142u\u017cby zdrowia oceni\u0107 ryzyko wyst\u0105pienia chor\u00f3b uk\u0142adu kr\u0105\u017cenia.<\/p>\n<p>Ocena ryzyka korzysta z trzech kategorii: ryzyko niskie, umiarkowane i wysokie. Kategoria okre\u015blana jest na podstawie wyniku oceny ryzyka w po\u0142\u0105czeniu z wiekiem. Lekarz podejmuje decyzje dotycz\u0105ce leczenia g\u0142\u00f3wnie w oparciu o kategori\u0119 ryzyka. Nale\u017cy om\u00f3wi\u0107 z lekarzem, co oznacza to ryzyko i co mo\u017cna zrobi\u0107, aby je zmniejszy\u0107.<\/p>\n<p>Zapoznaj si\u0119 z zaleceniami dotycz\u0105cymi <a href=\"https:\/\/www.healthy-heart.org\/keep-your-heart-healthy\/take-control-of-your-lifestyle\/\">zdrowego stylu \u017cycia<\/a>, aby dowiedzie\u0107 si\u0119, jak zmniejszy\u0107 swoje ryzyko. Popro\u015b lekarza lub pracownika s\u0142u\u017cby zdrowia o indywidualn\u0105 ocen\u0119 za pomoc\u0105 karty SCORE2 lub narz\u0119dzia Heartscore.<\/p>\n","protected":false},"excerpt":{"rendered":"<p>Przewidywanie ryzyka pomaga lekarzowi ustali\u0107 skal\u0119 potencjalnych korzy\u015bci, kt\u00f3re pacjent mo\u017ce osi\u0105gn\u0105\u0107 dzi\u0119ki dzia\u0142aniom profilaktycznym, takim jak obni\u017cenie ci\u015bnienia krwi, spadek poziomu cholesterolu czy rzucenie palenia. Istnieje wiele metod i narz\u0119dzi s\u0142u\u017c\u0105cych do przewidywania tego ryzyka. W Europie pracownikom s\u0142u\u017cby zdrowia zaleca si\u0119 korzystanie z algorytmu SCORE2 (Systemic Coronary Risk Estimation 2) s\u0142u\u017c\u0105cego do oceny [&hellip;]<\/p>\n","protected":false},"author":1,"featured_media":1208,"parent":1680,"menu_order":11,"comment_status":"closed","ping_status":"closed","template":"","meta":{"_acf_changed":false,"footnotes":""},"categories":[56],"tags":[],"class_list":["post-1705","page","type-page","status-publish","has-post-thumbnail","hentry","category-dbaj-o-zdrowie-swojego-serca"],"acf":[],"yoast_head":"<!-- This site is optimized with the Yoast SEO plugin v24.0 - https:\/\/yoast.com\/wordpress\/plugins\/seo\/ -->\n<title>Przewidywanie i zarz\u0105dzanie ryzykiem chor\u00f3b serca - Healthy-Heart.org<\/title>\n<meta name=\"description\" content=\"Karta oceny ryzyka sercowo-naczyniowego SCORE to spos\u00f3b oceny ryzyka \u015bmierci z powodu zawa\u0142u serca, niewydolno\u015bci serca lub udaru m\u00f3zgu.\" \/>\n<meta name=\"robots\" content=\"index, follow, max-snippet:-1, max-image-preview:large, max-video-preview:-1\" \/>\n<link rel=\"canonical\" href=\"https:\/\/www.healthy-heart.org\/pl\/dbaj-o-zdrowie-swojego-serca\/przewidywanie-i-zarzadzanie-ryzykiem-chorob-serca\/\" \/>\n<meta property=\"og:locale\" content=\"pl_PL\" \/>\n<meta property=\"og:type\" content=\"article\" \/>\n<meta property=\"og:title\" content=\"Przewidywanie i zarz\u0105dzanie ryzykiem chor\u00f3b serca - Healthy-Heart.org\" \/>\n<meta property=\"og:description\" content=\"Karta oceny ryzyka sercowo-naczyniowego SCORE to spos\u00f3b oceny ryzyka \u015bmierci z powodu zawa\u0142u serca, niewydolno\u015bci serca lub udaru m\u00f3zgu.\" \/>\n<meta property=\"og:url\" content=\"https:\/\/www.healthy-heart.org\/pl\/dbaj-o-zdrowie-swojego-serca\/przewidywanie-i-zarzadzanie-ryzykiem-chorob-serca\/\" \/>\n<meta property=\"og:site_name\" content=\"Healthy-Heart.org\" \/>\n<meta property=\"article:modified_time\" content=\"2024-12-10T12:24:11+00:00\" \/>\n<meta property=\"og:image\" content=\"https:\/\/www.healthy-heart.org\/wp-content\/uploads\/2019\/08\/cardiovascular-risk.jpg\" \/>\n\t<meta property=\"og:image:width\" content=\"617\" \/>\n\t<meta property=\"og:image:height\" content=\"457\" \/>\n\t<meta property=\"og:image:type\" content=\"image\/jpeg\" \/>\n<meta name=\"twitter:card\" content=\"summary_large_image\" \/>\n<meta name=\"twitter:label1\" content=\"Szacowany czas czytania\" \/>\n\t<meta name=\"twitter:data1\" content=\"2 minuty\" \/>\n<script type=\"application\/ld+json\" class=\"yoast-schema-graph\">{\"@context\":\"https:\/\/schema.org\",\"@graph\":[{\"@type\":\"WebPage\",\"@id\":\"https:\/\/www.healthy-heart.org\/pl\/dbaj-o-zdrowie-swojego-serca\/przewidywanie-i-zarzadzanie-ryzykiem-chorob-serca\/\",\"url\":\"https:\/\/www.healthy-heart.org\/pl\/dbaj-o-zdrowie-swojego-serca\/przewidywanie-i-zarzadzanie-ryzykiem-chorob-serca\/\",\"name\":\"Przewidywanie i zarz\u0105dzanie ryzykiem chor\u00f3b serca - Healthy-Heart.org\",\"isPartOf\":{\"@id\":\"https:\/\/www.healthy-heart.org\/es\/#website\"},\"primaryImageOfPage\":{\"@id\":\"https:\/\/www.healthy-heart.org\/pl\/dbaj-o-zdrowie-swojego-serca\/przewidywanie-i-zarzadzanie-ryzykiem-chorob-serca\/#primaryimage\"},\"image\":{\"@id\":\"https:\/\/www.healthy-heart.org\/pl\/dbaj-o-zdrowie-swojego-serca\/przewidywanie-i-zarzadzanie-ryzykiem-chorob-serca\/#primaryimage\"},\"thumbnailUrl\":\"https:\/\/www.healthy-heart.org\/wp-content\/uploads\/2019\/08\/cardiovascular-risk.jpg\",\"datePublished\":\"2019-10-07T16:51:27+00:00\",\"dateModified\":\"2024-12-10T12:24:11+00:00\",\"description\":\"Karta oceny ryzyka sercowo-naczyniowego SCORE to spos\u00f3b oceny ryzyka \u015bmierci z powodu zawa\u0142u serca, niewydolno\u015bci serca lub udaru m\u00f3zgu.\",\"breadcrumb\":{\"@id\":\"https:\/\/www.healthy-heart.org\/pl\/dbaj-o-zdrowie-swojego-serca\/przewidywanie-i-zarzadzanie-ryzykiem-chorob-serca\/#breadcrumb\"},\"inLanguage\":\"pl-PL\",\"potentialAction\":[{\"@type\":\"ReadAction\",\"target\":[\"https:\/\/www.healthy-heart.org\/pl\/dbaj-o-zdrowie-swojego-serca\/przewidywanie-i-zarzadzanie-ryzykiem-chorob-serca\/\"]}]},{\"@type\":\"ImageObject\",\"inLanguage\":\"pl-PL\",\"@id\":\"https:\/\/www.healthy-heart.org\/pl\/dbaj-o-zdrowie-swojego-serca\/przewidywanie-i-zarzadzanie-ryzykiem-chorob-serca\/#primaryimage\",\"url\":\"https:\/\/www.healthy-heart.org\/wp-content\/uploads\/2019\/08\/cardiovascular-risk.jpg\",\"contentUrl\":\"https:\/\/www.healthy-heart.org\/wp-content\/uploads\/2019\/08\/cardiovascular-risk.jpg\",\"width\":617,\"height\":457},{\"@type\":\"BreadcrumbList\",\"@id\":\"https:\/\/www.healthy-heart.org\/pl\/dbaj-o-zdrowie-swojego-serca\/przewidywanie-i-zarzadzanie-ryzykiem-chorob-serca\/#breadcrumb\",\"itemListElement\":[{\"@type\":\"ListItem\",\"position\":1,\"name\":\"Home\",\"item\":\"https:\/\/www.healthy-heart.org\/pl\/\"},{\"@type\":\"ListItem\",\"position\":2,\"name\":\"Dbaj o zdrowie swojego serca\",\"item\":\"https:\/\/www.healthy-heart.org\/pl\/dbaj-o-zdrowie-swojego-serca\/\"},{\"@type\":\"ListItem\",\"position\":3,\"name\":\"Przewidywanie i zarz\u0105dzanie ryzykiem chor\u00f3b serca\"}]},{\"@type\":\"WebSite\",\"@id\":\"https:\/\/www.healthy-heart.org\/es\/#website\",\"url\":\"https:\/\/www.healthy-heart.org\/es\/\",\"name\":\"Healthy-Heart.org\",\"description\":\"Practical advice for patients and family care givers on the prevention of cardiovascular disease\",\"potentialAction\":[{\"@type\":\"SearchAction\",\"target\":{\"@type\":\"EntryPoint\",\"urlTemplate\":\"https:\/\/www.healthy-heart.org\/es\/?s={search_term_string}\"},\"query-input\":{\"@type\":\"PropertyValueSpecification\",\"valueRequired\":true,\"valueName\":\"search_term_string\"}}],\"inLanguage\":\"pl-PL\"}]}<\/script>\n<!-- \/ Yoast SEO plugin. -->","yoast_head_json":{"title":"Przewidywanie i zarz\u0105dzanie ryzykiem chor\u00f3b serca - Healthy-Heart.org","description":"Karta oceny ryzyka sercowo-naczyniowego SCORE to spos\u00f3b oceny ryzyka \u015bmierci z powodu zawa\u0142u serca, niewydolno\u015bci serca lub udaru m\u00f3zgu.","robots":{"index":"index","follow":"follow","max-snippet":"max-snippet:-1","max-image-preview":"max-image-preview:large","max-video-preview":"max-video-preview:-1"},"canonical":"https:\/\/www.healthy-heart.org\/pl\/dbaj-o-zdrowie-swojego-serca\/przewidywanie-i-zarzadzanie-ryzykiem-chorob-serca\/","og_locale":"pl_PL","og_type":"article","og_title":"Przewidywanie i zarz\u0105dzanie ryzykiem chor\u00f3b serca - Healthy-Heart.org","og_description":"Karta oceny ryzyka sercowo-naczyniowego SCORE to spos\u00f3b oceny ryzyka \u015bmierci z powodu zawa\u0142u serca, niewydolno\u015bci serca lub udaru m\u00f3zgu.","og_url":"https:\/\/www.healthy-heart.org\/pl\/dbaj-o-zdrowie-swojego-serca\/przewidywanie-i-zarzadzanie-ryzykiem-chorob-serca\/","og_site_name":"Healthy-Heart.org","article_modified_time":"2024-12-10T12:24:11+00:00","og_image":[{"width":617,"height":457,"url":"https:\/\/www.healthy-heart.org\/wp-content\/uploads\/2019\/08\/cardiovascular-risk.jpg","type":"image\/jpeg"}],"twitter_card":"summary_large_image","twitter_misc":{"Szacowany czas czytania":"2 minuty"},"schema":{"@context":"https:\/\/schema.org","@graph":[{"@type":"WebPage","@id":"https:\/\/www.healthy-heart.org\/pl\/dbaj-o-zdrowie-swojego-serca\/przewidywanie-i-zarzadzanie-ryzykiem-chorob-serca\/","url":"https:\/\/www.healthy-heart.org\/pl\/dbaj-o-zdrowie-swojego-serca\/przewidywanie-i-zarzadzanie-ryzykiem-chorob-serca\/","name":"Przewidywanie i zarz\u0105dzanie ryzykiem chor\u00f3b serca - Healthy-Heart.org","isPartOf":{"@id":"https:\/\/www.healthy-heart.org\/es\/#website"},"primaryImageOfPage":{"@id":"https:\/\/www.healthy-heart.org\/pl\/dbaj-o-zdrowie-swojego-serca\/przewidywanie-i-zarzadzanie-ryzykiem-chorob-serca\/#primaryimage"},"image":{"@id":"https:\/\/www.healthy-heart.org\/pl\/dbaj-o-zdrowie-swojego-serca\/przewidywanie-i-zarzadzanie-ryzykiem-chorob-serca\/#primaryimage"},"thumbnailUrl":"https:\/\/www.healthy-heart.org\/wp-content\/uploads\/2019\/08\/cardiovascular-risk.jpg","datePublished":"2019-10-07T16:51:27+00:00","dateModified":"2024-12-10T12:24:11+00:00","description":"Karta oceny ryzyka sercowo-naczyniowego SCORE to spos\u00f3b oceny ryzyka \u015bmierci z powodu zawa\u0142u serca, niewydolno\u015bci serca lub udaru m\u00f3zgu.","breadcrumb":{"@id":"https:\/\/www.healthy-heart.org\/pl\/dbaj-o-zdrowie-swojego-serca\/przewidywanie-i-zarzadzanie-ryzykiem-chorob-serca\/#breadcrumb"},"inLanguage":"pl-PL","potentialAction":[{"@type":"ReadAction","target":["https:\/\/www.healthy-heart.org\/pl\/dbaj-o-zdrowie-swojego-serca\/przewidywanie-i-zarzadzanie-ryzykiem-chorob-serca\/"]}]},{"@type":"ImageObject","inLanguage":"pl-PL","@id":"https:\/\/www.healthy-heart.org\/pl\/dbaj-o-zdrowie-swojego-serca\/przewidywanie-i-zarzadzanie-ryzykiem-chorob-serca\/#primaryimage","url":"https:\/\/www.healthy-heart.org\/wp-content\/uploads\/2019\/08\/cardiovascular-risk.jpg","contentUrl":"https:\/\/www.healthy-heart.org\/wp-content\/uploads\/2019\/08\/cardiovascular-risk.jpg","width":617,"height":457},{"@type":"BreadcrumbList","@id":"https:\/\/www.healthy-heart.org\/pl\/dbaj-o-zdrowie-swojego-serca\/przewidywanie-i-zarzadzanie-ryzykiem-chorob-serca\/#breadcrumb","itemListElement":[{"@type":"ListItem","position":1,"name":"Home","item":"https:\/\/www.healthy-heart.org\/pl\/"},{"@type":"ListItem","position":2,"name":"Dbaj o zdrowie swojego serca","item":"https:\/\/www.healthy-heart.org\/pl\/dbaj-o-zdrowie-swojego-serca\/"},{"@type":"ListItem","position":3,"name":"Przewidywanie i zarz\u0105dzanie ryzykiem chor\u00f3b serca"}]},{"@type":"WebSite","@id":"https:\/\/www.healthy-heart.org\/es\/#website","url":"https:\/\/www.healthy-heart.org\/es\/","name":"Healthy-Heart.org","description":"Practical advice for patients and family care givers on the prevention of cardiovascular disease","potentialAction":[{"@type":"SearchAction","target":{"@type":"EntryPoint","urlTemplate":"https:\/\/www.healthy-heart.org\/es\/?s={search_term_string}"},"query-input":{"@type":"PropertyValueSpecification","valueRequired":true,"valueName":"search_term_string"}}],"inLanguage":"pl-PL"}]}},"_links":{"self":[{"href":"https:\/\/www.healthy-heart.org\/pl\/wp-json\/wp\/v2\/pages\/1705","targetHints":{"allow":["GET"]}}],"collection":[{"href":"https:\/\/www.healthy-heart.org\/pl\/wp-json\/wp\/v2\/pages"}],"about":[{"href":"https:\/\/www.healthy-heart.org\/pl\/wp-json\/wp\/v2\/types\/page"}],"author":[{"embeddable":true,"href":"https:\/\/www.healthy-heart.org\/pl\/wp-json\/wp\/v2\/users\/1"}],"replies":[{"embeddable":true,"href":"https:\/\/www.healthy-heart.org\/pl\/wp-json\/wp\/v2\/comments?post=1705"}],"version-history":[{"count":6,"href":"https:\/\/www.healthy-heart.org\/pl\/wp-json\/wp\/v2\/pages\/1705\/revisions"}],"predecessor-version":[{"id":7426,"href":"https:\/\/www.healthy-heart.org\/pl\/wp-json\/wp\/v2\/pages\/1705\/revisions\/7426"}],"up":[{"embeddable":true,"href":"https:\/\/www.healthy-heart.org\/pl\/wp-json\/wp\/v2\/pages\/1680"}],"wp:featuredmedia":[{"embeddable":true,"href":"https:\/\/www.healthy-heart.org\/pl\/wp-json\/wp\/v2\/media\/1208"}],"wp:attachment":[{"href":"https:\/\/www.healthy-heart.org\/pl\/wp-json\/wp\/v2\/media?parent=1705"}],"wp:term":[{"taxonomy":"category","embeddable":true,"href":"https:\/\/www.healthy-heart.org\/pl\/wp-json\/wp\/v2\/categories?post=1705"},{"taxonomy":"post_tag","embeddable":true,"href":"https:\/\/www.healthy-heart.org\/pl\/wp-json\/wp\/v2\/tags?post=1705"}],"curies":[{"name":"wp","href":"https:\/\/api.w.org\/{rel}","templated":true}]}}