{"id":1685,"date":"2019-10-07T17:49:38","date_gmt":"2019-10-07T16:49:38","guid":{"rendered":"https:\/\/www.healthy-heart.org\/dbaj-o-zdrowie-swojego-serca\/cukrzyca\/"},"modified":"2024-12-10T12:26:37","modified_gmt":"2024-12-10T12:26:37","slug":"cukrzyca","status":"publish","type":"page","link":"https:\/\/www.healthy-heart.org\/pl\/dbaj-o-zdrowie-swojego-serca\/cukrzyca\/","title":{"rendered":"Cukrzyca"},"content":{"rendered":"<p>Cukrzyc\u0119 rozpoznaje si\u0119, je\u017celi wi\u0119cej ni\u017c jedno badanie wyka\u017ce, \u017ce poziom cukru we krwi jest wy\u017cszy ni\u017c przewiduje norma. Prawid\u0142owy poziom glukozy na czczo nie powinien przekracza\u0107 126 mg\/dl, a po posi\u0142ku 200 mg\/dl. W razie w\u0105tpliwo\u015bci przeprowadza si\u0119 test doustnego obci\u0105\u017cenia glukoz\u0105. Polega on na wypiciu glukozy, a nast\u0119pnie zbadaniu reakcji organizmu (poziomu cukru we krwi) po dw\u00f3ch godzinach. Je\u015bli poziom cukru jest wy\u017cszy od normy po dw\u00f3ch godzinach, diagnozowana jest cukrzyca. Je\u015bli wynik jest normalny, mo\u017cna wykluczy\u0107 cukrzyc\u0119. Lekarz mo\u017ce tak\u017ce zleci\u0107 badanie hemoglobiny glikowanej A1c (HbA1c), kt\u00f3ra odzwierciedla \u015brednie st\u0119\u017cenie glukozy we krwi w d\u0142u\u017cszym okresie. Je\u015bli jej st\u0119\u017cenie oka\u017ce si\u0119 wi\u0119ksze ni\u017c 6,5% (48 mmol\/mol) mo\u017ce to oznacza\u0107 wyst\u0119powanie u pacjenta cukrzycy.<\/p>\n<p>Istniej\u0105 dwa typy cukrzycy: typ 1 zazwyczaj wyst\u0119puje w dzieci\u0144stwie i charakteryzuje si\u0119 tym, \u017ce organizm chorego nie wytwarza insuliny lub wytwarza jej zbyt ma\u0142o; z kolei przy cukrzycy typu 2 poziom insuliny jest prawid\u0142owy lub wysoki, ale organizm opiera si\u0119 jej dzia\u0142aniu. Ten typ cukrzycy wyst\u0119puje w wieku doros\u0142ym.<\/p>\n<p>Dziewi\u0119ciu na dziesi\u0119ciu pacjent\u00f3w z cukrzyc\u0105 ma cukrzyc\u0119 typu 2, kt\u00f3ra \u015brednio skraca \u017cycie o dziesi\u0119\u0107 lat. Zmniejsza r\u00f3wnie\u017c liczb\u0119 lat \u017cycia w dobrym zdrowiu z powodu wczesnych chor\u00f3b serca lub nerek. Cukrzyca typu 2 jest chorob\u0105 cywilizacyjn\u0105, kt\u00f3rej ryzyko wyst\u0105pienia jest silnie zwi\u0105zane z brakiem aktywno\u015bci fizycznej i oty\u0142o\u015bci\u0105, a tak\u017ce z mniej zdrow\u0105 diet\u0105.<\/p>\n<p>Cukrzycy typu 2 mo\u017cna unikn\u0105\u0107, <a href=\"https:\/\/www.healthy-heart.org\/keep-your-heart-healthy\/physical-activity\/\">prowadz\u0105c aktywny tryb \u017cycia<\/a>, stosuj\u0105c <a href=\"https:\/\/www.healthy-heart.org\/keep-your-heart-healthy\/heart-friendly-diet\/\">zbilansowan\u0105 diet\u0119<\/a> i utrzymuj\u0105c <a href=\"https:\/\/www.healthy-heart.org\/keep-your-heart-healthy\/keeping-a-healthy-weight\/\">zdrow\u0105 wag\u0119<\/a>.<\/p>\n<p>U os\u00f3b choruj\u0105cych na cukrzyc\u0119 ryzyko wyst\u0105pienia <a href=\"https:\/\/www.healthy-heart.org\/your-heart\/what-is-heart-disease\/\">choroby serca<\/a> na przestrzeni \u017cycia jest 2\u20134 razy wy\u017csze. Wszystkie osoby z cukrzyc\u0105 nale\u017cy zbada\u0107 pod k\u0105tem obecno\u015bci choroby serca.<\/p>\n","protected":false},"excerpt":{"rendered":"<p>Cukrzyc\u0119 rozpoznaje si\u0119, je\u017celi wi\u0119cej ni\u017c jedno badanie wyka\u017ce, \u017ce poziom cukru we krwi jest wy\u017cszy ni\u017c przewiduje norma. Prawid\u0142owy poziom glukozy na czczo nie powinien przekracza\u0107 126 mg\/dl, a po posi\u0142ku 200 mg\/dl. W razie w\u0105tpliwo\u015bci przeprowadza si\u0119 test doustnego obci\u0105\u017cenia glukoz\u0105. Polega on na wypiciu glukozy, a nast\u0119pnie zbadaniu reakcji organizmu (poziomu cukru [&hellip;]<\/p>\n","protected":false},"author":1,"featured_media":3181,"parent":1680,"menu_order":3,"comment_status":"closed","ping_status":"closed","template":"","meta":{"_acf_changed":false,"footnotes":""},"categories":[56],"tags":[],"class_list":["post-1685","page","type-page","status-publish","has-post-thumbnail","hentry","category-dbaj-o-zdrowie-swojego-serca"],"acf":[],"yoast_head":"<!-- This site is optimized with the Yoast SEO plugin v24.0 - https:\/\/yoast.com\/wordpress\/plugins\/seo\/ -->\n<title>Cukrzyca - Healthy-Heart.org<\/title>\n<meta name=\"description\" content=\"Cukrzyca typu 2 jest istotnym czynnikiem ryzyka chor\u00f3b uk\u0142adu kr\u0105\u017cenia. Dowiedz si\u0119, jak zapobiega\u0107 cukrzycy, jak si\u0119 j\u0105 diagnozuje i jakie zagro\u017cenia si\u0119 z ni\u0105 wi\u0105\u017c\u0105.\" \/>\n<meta name=\"robots\" content=\"index, follow, max-snippet:-1, max-image-preview:large, max-video-preview:-1\" \/>\n<link rel=\"canonical\" href=\"https:\/\/www.healthy-heart.org\/pl\/dbaj-o-zdrowie-swojego-serca\/cukrzyca\/\" \/>\n<meta property=\"og:locale\" content=\"pl_PL\" \/>\n<meta property=\"og:type\" content=\"article\" \/>\n<meta property=\"og:title\" content=\"Cukrzyca - Healthy-Heart.org\" \/>\n<meta property=\"og:description\" content=\"Cukrzyca typu 2 jest istotnym czynnikiem ryzyka chor\u00f3b uk\u0142adu kr\u0105\u017cenia. Dowiedz si\u0119, jak zapobiega\u0107 cukrzycy, jak si\u0119 j\u0105 diagnozuje i jakie zagro\u017cenia si\u0119 z ni\u0105 wi\u0105\u017c\u0105.\" \/>\n<meta property=\"og:url\" content=\"https:\/\/www.healthy-heart.org\/pl\/dbaj-o-zdrowie-swojego-serca\/cukrzyca\/\" \/>\n<meta property=\"og:site_name\" content=\"Healthy-Heart.org\" \/>\n<meta property=\"article:modified_time\" content=\"2024-12-10T12:26:37+00:00\" \/>\n<meta property=\"og:image\" content=\"https:\/\/www.healthy-heart.org\/wp-content\/uploads\/2019\/10\/Diabetes1.jpg\" \/>\n\t<meta property=\"og:image:width\" content=\"3790\" \/>\n\t<meta property=\"og:image:height\" content=\"2481\" \/>\n\t<meta property=\"og:image:type\" content=\"image\/jpeg\" \/>\n<meta name=\"twitter:card\" content=\"summary_large_image\" \/>\n<meta name=\"twitter:label1\" content=\"Szacowany czas czytania\" \/>\n\t<meta name=\"twitter:data1\" content=\"2 minuty\" \/>\n<script type=\"application\/ld+json\" class=\"yoast-schema-graph\">{\"@context\":\"https:\/\/schema.org\",\"@graph\":[{\"@type\":\"WebPage\",\"@id\":\"https:\/\/www.healthy-heart.org\/pl\/dbaj-o-zdrowie-swojego-serca\/cukrzyca\/\",\"url\":\"https:\/\/www.healthy-heart.org\/pl\/dbaj-o-zdrowie-swojego-serca\/cukrzyca\/\",\"name\":\"Cukrzyca - Healthy-Heart.org\",\"isPartOf\":{\"@id\":\"https:\/\/www.healthy-heart.org\/es\/#website\"},\"primaryImageOfPage\":{\"@id\":\"https:\/\/www.healthy-heart.org\/pl\/dbaj-o-zdrowie-swojego-serca\/cukrzyca\/#primaryimage\"},\"image\":{\"@id\":\"https:\/\/www.healthy-heart.org\/pl\/dbaj-o-zdrowie-swojego-serca\/cukrzyca\/#primaryimage\"},\"thumbnailUrl\":\"https:\/\/www.healthy-heart.org\/wp-content\/uploads\/2019\/10\/Diabetes1.jpg\",\"datePublished\":\"2019-10-07T16:49:38+00:00\",\"dateModified\":\"2024-12-10T12:26:37+00:00\",\"description\":\"Cukrzyca typu 2 jest istotnym czynnikiem ryzyka chor\u00f3b uk\u0142adu kr\u0105\u017cenia. Dowiedz si\u0119, jak zapobiega\u0107 cukrzycy, jak si\u0119 j\u0105 diagnozuje i jakie zagro\u017cenia si\u0119 z ni\u0105 wi\u0105\u017c\u0105.\",\"breadcrumb\":{\"@id\":\"https:\/\/www.healthy-heart.org\/pl\/dbaj-o-zdrowie-swojego-serca\/cukrzyca\/#breadcrumb\"},\"inLanguage\":\"pl-PL\",\"potentialAction\":[{\"@type\":\"ReadAction\",\"target\":[\"https:\/\/www.healthy-heart.org\/pl\/dbaj-o-zdrowie-swojego-serca\/cukrzyca\/\"]}]},{\"@type\":\"ImageObject\",\"inLanguage\":\"pl-PL\",\"@id\":\"https:\/\/www.healthy-heart.org\/pl\/dbaj-o-zdrowie-swojego-serca\/cukrzyca\/#primaryimage\",\"url\":\"https:\/\/www.healthy-heart.org\/wp-content\/uploads\/2019\/10\/Diabetes1.jpg\",\"contentUrl\":\"https:\/\/www.healthy-heart.org\/wp-content\/uploads\/2019\/10\/Diabetes1.jpg\",\"width\":3790,\"height\":2481},{\"@type\":\"BreadcrumbList\",\"@id\":\"https:\/\/www.healthy-heart.org\/pl\/dbaj-o-zdrowie-swojego-serca\/cukrzyca\/#breadcrumb\",\"itemListElement\":[{\"@type\":\"ListItem\",\"position\":1,\"name\":\"Home\",\"item\":\"https:\/\/www.healthy-heart.org\/pl\/\"},{\"@type\":\"ListItem\",\"position\":2,\"name\":\"Dbaj o zdrowie swojego serca\",\"item\":\"https:\/\/www.healthy-heart.org\/pl\/dbaj-o-zdrowie-swojego-serca\/\"},{\"@type\":\"ListItem\",\"position\":3,\"name\":\"Cukrzyca\"}]},{\"@type\":\"WebSite\",\"@id\":\"https:\/\/www.healthy-heart.org\/es\/#website\",\"url\":\"https:\/\/www.healthy-heart.org\/es\/\",\"name\":\"Healthy-Heart.org\",\"description\":\"Practical advice for patients and family care givers on the prevention of cardiovascular disease\",\"potentialAction\":[{\"@type\":\"SearchAction\",\"target\":{\"@type\":\"EntryPoint\",\"urlTemplate\":\"https:\/\/www.healthy-heart.org\/es\/?s={search_term_string}\"},\"query-input\":{\"@type\":\"PropertyValueSpecification\",\"valueRequired\":true,\"valueName\":\"search_term_string\"}}],\"inLanguage\":\"pl-PL\"}]}<\/script>\n<!-- \/ Yoast SEO plugin. -->","yoast_head_json":{"title":"Cukrzyca - Healthy-Heart.org","description":"Cukrzyca typu 2 jest istotnym czynnikiem ryzyka chor\u00f3b uk\u0142adu kr\u0105\u017cenia. Dowiedz si\u0119, jak zapobiega\u0107 cukrzycy, jak si\u0119 j\u0105 diagnozuje i jakie zagro\u017cenia si\u0119 z ni\u0105 wi\u0105\u017c\u0105.","robots":{"index":"index","follow":"follow","max-snippet":"max-snippet:-1","max-image-preview":"max-image-preview:large","max-video-preview":"max-video-preview:-1"},"canonical":"https:\/\/www.healthy-heart.org\/pl\/dbaj-o-zdrowie-swojego-serca\/cukrzyca\/","og_locale":"pl_PL","og_type":"article","og_title":"Cukrzyca - Healthy-Heart.org","og_description":"Cukrzyca typu 2 jest istotnym czynnikiem ryzyka chor\u00f3b uk\u0142adu kr\u0105\u017cenia. Dowiedz si\u0119, jak zapobiega\u0107 cukrzycy, jak si\u0119 j\u0105 diagnozuje i jakie zagro\u017cenia si\u0119 z ni\u0105 wi\u0105\u017c\u0105.","og_url":"https:\/\/www.healthy-heart.org\/pl\/dbaj-o-zdrowie-swojego-serca\/cukrzyca\/","og_site_name":"Healthy-Heart.org","article_modified_time":"2024-12-10T12:26:37+00:00","og_image":[{"width":3790,"height":2481,"url":"https:\/\/www.healthy-heart.org\/wp-content\/uploads\/2019\/10\/Diabetes1.jpg","type":"image\/jpeg"}],"twitter_card":"summary_large_image","twitter_misc":{"Szacowany czas czytania":"2 minuty"},"schema":{"@context":"https:\/\/schema.org","@graph":[{"@type":"WebPage","@id":"https:\/\/www.healthy-heart.org\/pl\/dbaj-o-zdrowie-swojego-serca\/cukrzyca\/","url":"https:\/\/www.healthy-heart.org\/pl\/dbaj-o-zdrowie-swojego-serca\/cukrzyca\/","name":"Cukrzyca - Healthy-Heart.org","isPartOf":{"@id":"https:\/\/www.healthy-heart.org\/es\/#website"},"primaryImageOfPage":{"@id":"https:\/\/www.healthy-heart.org\/pl\/dbaj-o-zdrowie-swojego-serca\/cukrzyca\/#primaryimage"},"image":{"@id":"https:\/\/www.healthy-heart.org\/pl\/dbaj-o-zdrowie-swojego-serca\/cukrzyca\/#primaryimage"},"thumbnailUrl":"https:\/\/www.healthy-heart.org\/wp-content\/uploads\/2019\/10\/Diabetes1.jpg","datePublished":"2019-10-07T16:49:38+00:00","dateModified":"2024-12-10T12:26:37+00:00","description":"Cukrzyca typu 2 jest istotnym czynnikiem ryzyka chor\u00f3b uk\u0142adu kr\u0105\u017cenia. Dowiedz si\u0119, jak zapobiega\u0107 cukrzycy, jak si\u0119 j\u0105 diagnozuje i jakie zagro\u017cenia si\u0119 z ni\u0105 wi\u0105\u017c\u0105.","breadcrumb":{"@id":"https:\/\/www.healthy-heart.org\/pl\/dbaj-o-zdrowie-swojego-serca\/cukrzyca\/#breadcrumb"},"inLanguage":"pl-PL","potentialAction":[{"@type":"ReadAction","target":["https:\/\/www.healthy-heart.org\/pl\/dbaj-o-zdrowie-swojego-serca\/cukrzyca\/"]}]},{"@type":"ImageObject","inLanguage":"pl-PL","@id":"https:\/\/www.healthy-heart.org\/pl\/dbaj-o-zdrowie-swojego-serca\/cukrzyca\/#primaryimage","url":"https:\/\/www.healthy-heart.org\/wp-content\/uploads\/2019\/10\/Diabetes1.jpg","contentUrl":"https:\/\/www.healthy-heart.org\/wp-content\/uploads\/2019\/10\/Diabetes1.jpg","width":3790,"height":2481},{"@type":"BreadcrumbList","@id":"https:\/\/www.healthy-heart.org\/pl\/dbaj-o-zdrowie-swojego-serca\/cukrzyca\/#breadcrumb","itemListElement":[{"@type":"ListItem","position":1,"name":"Home","item":"https:\/\/www.healthy-heart.org\/pl\/"},{"@type":"ListItem","position":2,"name":"Dbaj o zdrowie swojego serca","item":"https:\/\/www.healthy-heart.org\/pl\/dbaj-o-zdrowie-swojego-serca\/"},{"@type":"ListItem","position":3,"name":"Cukrzyca"}]},{"@type":"WebSite","@id":"https:\/\/www.healthy-heart.org\/es\/#website","url":"https:\/\/www.healthy-heart.org\/es\/","name":"Healthy-Heart.org","description":"Practical advice for patients and family care givers on the prevention of cardiovascular disease","potentialAction":[{"@type":"SearchAction","target":{"@type":"EntryPoint","urlTemplate":"https:\/\/www.healthy-heart.org\/es\/?s={search_term_string}"},"query-input":{"@type":"PropertyValueSpecification","valueRequired":true,"valueName":"search_term_string"}}],"inLanguage":"pl-PL"}]}},"_links":{"self":[{"href":"https:\/\/www.healthy-heart.org\/pl\/wp-json\/wp\/v2\/pages\/1685","targetHints":{"allow":["GET"]}}],"collection":[{"href":"https:\/\/www.healthy-heart.org\/pl\/wp-json\/wp\/v2\/pages"}],"about":[{"href":"https:\/\/www.healthy-heart.org\/pl\/wp-json\/wp\/v2\/types\/page"}],"author":[{"embeddable":true,"href":"https:\/\/www.healthy-heart.org\/pl\/wp-json\/wp\/v2\/users\/1"}],"replies":[{"embeddable":true,"href":"https:\/\/www.healthy-heart.org\/pl\/wp-json\/wp\/v2\/comments?post=1685"}],"version-history":[{"count":7,"href":"https:\/\/www.healthy-heart.org\/pl\/wp-json\/wp\/v2\/pages\/1685\/revisions"}],"predecessor-version":[{"id":7429,"href":"https:\/\/www.healthy-heart.org\/pl\/wp-json\/wp\/v2\/pages\/1685\/revisions\/7429"}],"up":[{"embeddable":true,"href":"https:\/\/www.healthy-heart.org\/pl\/wp-json\/wp\/v2\/pages\/1680"}],"wp:featuredmedia":[{"embeddable":true,"href":"https:\/\/www.healthy-heart.org\/pl\/wp-json\/wp\/v2\/media\/3181"}],"wp:attachment":[{"href":"https:\/\/www.healthy-heart.org\/pl\/wp-json\/wp\/v2\/media?parent=1685"}],"wp:term":[{"taxonomy":"category","embeddable":true,"href":"https:\/\/www.healthy-heart.org\/pl\/wp-json\/wp\/v2\/categories?post=1685"},{"taxonomy":"post_tag","embeddable":true,"href":"https:\/\/www.healthy-heart.org\/pl\/wp-json\/wp\/v2\/tags?post=1685"}],"curies":[{"name":"wp","href":"https:\/\/api.w.org\/{rel}","templated":true}]}}