{"id":1670,"date":"2019-10-07T17:48:28","date_gmt":"2019-10-07T16:48:28","guid":{"rendered":"https:\/\/www.healthy-heart.org\/twoje-serce\/czym-jest-choroba-serca\/"},"modified":"2021-01-26T15:04:47","modified_gmt":"2021-01-26T15:04:47","slug":"czym-jest-choroba-serca","status":"publish","type":"page","link":"https:\/\/www.healthy-heart.org\/pl\/twoje-serce\/czym-jest-choroba-serca\/","title":{"rendered":"Czym jest choroba serca?"},"content":{"rendered":"<p>Choroby uk\u0142adu kr\u0105\u017cenia to schorzenia <a href=\"https:\/\/www.healthy-heart.org\/pl\/twoje-serce\/jak-dziala-serce\/\">serca i naczy\u0144 krwiono\u015bnych<\/a>. Nale\u017c\u0105 do nich mi\u0119dzy innymi choroby spowodowane przez mia\u017cd\u017cyc\u0119, kt\u00f3ra polega na stopniowym zatykaniu naczy\u0144 krwiono\u015bnych przez z\u0142ogi t\u0142uszczowe zwane blaszkami mia\u017cd\u017cycowymi. Mia\u017cd\u017cyca mo\u017ce prowadzi\u0107 do r\u00f3\u017cnych chor\u00f3b w zale\u017cno\u015bci zale\u017cno\u015bci od tego, kt\u00f3re naczynia krwiono\u015bne s\u0105 niedro\u017cne.<\/p>\n<ul>\n<li>Choroba wie\u0144cowa \u2013 jedn\u0105 z jej postaci mo\u017ce by\u0107 np. zawa\u0142 serca \u2013 dotyczy t\u0119tnic wie\u0144cowych, kt\u00f3re dostarczaj\u0105 krew do serca.<\/li>\n<li>Choroba naczy\u0144 m\u00f3zgowych \u2013 jedna z jej postaci mo\u017ce by\u0107 np. udar m\u00f3zgu \u2013 dotyczy naczy\u0144 krwiono\u015bnych dostarczaj\u0105cych krew do m\u00f3zgu.<\/li>\n<li>Choroba t\u0119tnic obwodowych dotyczy naczy\u0144 krwiono\u015bnych dostarczaj\u0105cych krew do n\u00f3g.<\/li>\n<li>Inne choroby uk\u0142adu kr\u0105\u017cenia (nie zawsze spowodowane przez mia\u017cd\u017cyc\u0119): niewydolno\u015b\u0107 serca (polegaj\u0105c\u0105 na tym, \u017ce serce nie jest w stanie prawid\u0142owo pompowa\u0107 krwi), choroby zastawek serca i choroby mi\u0119\u015bnia sercowego.<\/li>\n<\/ul>\n<p>&nbsp;<\/p>\n<h3>Definicja<\/h3>\n<p><img loading=\"lazy\" decoding=\"async\" class=\"alignright wp-image-694 size-medium\" src=\"https:\/\/cdn-endpoint-prev.azureedge.net\/healthy-heart\/2019\/07\/iStock-1026729722-1-350x350.jpg\" alt=\"\" width=\"350\" height=\"350\" srcset=\"https:\/\/www.healthy-heart.org\/wp-content\/uploads\/2019\/07\/iStock-1026729722-1-350x350.jpg 350w, https:\/\/www.healthy-heart.org\/wp-content\/uploads\/2019\/07\/iStock-1026729722-1-200x200.jpg 200w, https:\/\/www.healthy-heart.org\/wp-content\/uploads\/2019\/07\/iStock-1026729722-1-768x768.jpg 768w, https:\/\/www.healthy-heart.org\/wp-content\/uploads\/2019\/07\/iStock-1026729722-1-1024x1024.jpg 1024w, https:\/\/www.healthy-heart.org\/wp-content\/uploads\/2019\/07\/iStock-1026729722-1-1536x1536.jpg 1536w, https:\/\/www.healthy-heart.org\/wp-content\/uploads\/2019\/07\/iStock-1026729722-1-2048x2048.jpg 2048w, https:\/\/www.healthy-heart.org\/wp-content\/uploads\/2019\/07\/iStock-1026729722-1-439x439.jpg 439w, https:\/\/www.healthy-heart.org\/wp-content\/uploads\/2019\/07\/iStock-1026729722-1-464x464.jpg 464w\" sizes=\"auto, (max-width: 350px) 100vw, 350px\" \/><br \/>\nChoroby uk\u0142adu kr\u0105\u017cenia obejmuj\u0105 nast\u0119puj\u0105ce choroby spowodowane przez mia\u017cd\u017cyc\u0119: choroba wie\u0144cowa (np. zawa\u0142 serca), choroba naczy\u0144 m\u00f3zgowych (np. udar m\u00f3zgu) i choroba t\u0119tnic obwodowych, kt\u00f3ra prowadzi do objaw\u00f3w zwanych chromaniem przestankowym.<\/p>\n<p>Mia\u017cd\u017cyc\u0119 powoduje przede wszystkim wysokie st\u0119\u017cenie cholesterolu, zw\u0142aszcza \u201ez\u0142ego\u201d cholesterolu, czyli cholesterolu LDL. Cholesterol gromadzi si\u0119 w \u015bcianach naczy\u0144 krwiono\u015bnych, powoduj\u0105c stan zapalny i tworzenie si\u0119 blaszek mia\u017cd\u017cycowych, kt\u00f3re mog\u0105 zw\u0119zi\u0107 naczynie krwiono\u015bne. Im w\u0119\u017csze naczynia, tym mniej krwi mo\u017ce przez nie przep\u0142ywa\u0107. To z kolei mo\u017ce spowodowa\u0107 np. b\u00f3l mi\u0119\u015bni n\u00f3g podczas chodzenia, je\u015bli mia\u017cd\u017cyc\u0105 dotkni\u0119te s\u0105 t\u0119tnice n\u00f3g. Zw\u0119\u017cenie naczy\u0144 zaopatruj\u0105cych serce w krew mo\u017ce powodowa\u0107 b\u00f3le w klatce piersiowej, uczucie ucisku lub dyskomfort \u2013 zwany dusznic\u0105 bolesn\u0105. Je\u015bli naczynia krwiono\u015bne zaopatruj\u0105ce serce stan\u0105 si\u0119 bardzo w\u0105skie lub zostan\u0105 ca\u0142kowicie zablokowane przez blaszki mia\u017cd\u017cycowe, mo\u017ce to skutkowa\u0107 zawa\u0142em serca (zawa\u0142em mi\u0119\u015bnia sercowego).<\/p>\n<p>Chorobom uk\u0142adu kr\u0105\u017cenia mo\u017cna zapobiega\u0107 lub leczy\u0107 je poprzez <a href=\"https:\/\/www.healthy-heart.org\/pl\/twoje-serce\/promowanie-zdrowego-trybu-zycia\/\">zdrowy tryb \u017cycia<\/a> oraz stosuj\u0105c odpowiednie <a href=\"https:\/\/www.healthy-heart.org\/pl\/zycie-z-choroba-serca\/rodzaje-lekow\/\">leki<\/a> i\/lub zabiegi chirurgiczne.<\/p>\n<h3>Cz\u0119stotliwo\u015b\u0107<\/h3>\n<p><img loading=\"lazy\" decoding=\"async\" class=\"alignright size-medium wp-image-719\" src=\"https:\/\/cdn-endpoint-prev.azureedge.net\/healthy-heart\/2019\/07\/iStock-457380571-350x350.png\" alt=\"\" width=\"350\" height=\"350\" srcset=\"https:\/\/www.healthy-heart.org\/wp-content\/uploads\/2019\/07\/iStock-457380571-350x350.png 350w, https:\/\/www.healthy-heart.org\/wp-content\/uploads\/2019\/07\/iStock-457380571-200x200.png 200w, https:\/\/www.healthy-heart.org\/wp-content\/uploads\/2019\/07\/iStock-457380571-768x768.png 768w, https:\/\/www.healthy-heart.org\/wp-content\/uploads\/2019\/07\/iStock-457380571-439x439.png 439w, https:\/\/www.healthy-heart.org\/wp-content\/uploads\/2019\/07\/iStock-457380571-464x464.png 464w, https:\/\/cdn-endpoint-prev.azureedge.net\/healthy-heart\/2019\/07\/iStock-457380571.png 800w\" sizes=\"auto, (max-width: 350px) 100vw, 350px\" \/>Choroby uk\u0142adu kr\u0105\u017cenia s\u0105 najcz\u0119stsz\u0105 przyczyn\u0105 \u015bmierci w Europie, powoduj\u0105c ponad cztery miliony zgon\u00f3w ka\u017cdego roku. Stanowi to 45% wszystkich zgon\u00f3w. Choroby uk\u0142adu kr\u0105\u017cenia s\u0105 przyczyn\u0105 49% zgon\u00f3w u kobiet i 40% zgon\u00f3w u m\u0119\u017cczyzn. Choroba wie\u0144cowa (CHD; g\u0142\u00f3wnie zawa\u0142 serca) i choroba naczy\u0144 m\u00f3zgowych (g\u0142\u00f3wnie udar m\u00f3zgu) s\u0105 najcz\u0119stsz\u0105 przyczyn\u0105 zgon\u00f3w z przyczyn sercowo-naczyniowych. Choroba wie\u0144cowa powoduje 1,8 miliona, czyli jedn\u0105 pi\u0105t\u0105 wszystkich zgon\u00f3w rocznie.<\/p>\n<p>W Europie widoczne s\u0105 znaczne r\u00f3\u017cnice w wyst\u0119powaniu chor\u00f3b uk\u0142adu kr\u0105\u017cenia. W ci\u0105gu ostatnich 10 lat liczba zachorowa\u0144 na choroby uk\u0142adu kr\u0105\u017cenia znacznie spad\u0142a w niemal ca\u0142ej Europie Zachodniej, przy czym w niekt\u00f3rych krajach spadek wyni\u00f3s\u0142 nawet 30\u201350%. Obecnie choroby uk\u0142adu kr\u0105\u017cenia wyst\u0119puj\u0105 cz\u0119\u015bciej w krajach Europy Wschodniej, kt\u00f3re charakteryzuj\u0105 si\u0119 wy\u017csz\u0105 zachorowalno\u015bci\u0105 i \u015bmiertelno\u015bci\u0105. W ostatnich latach zmniejszy\u0142 si\u0119 wcze\u015bniej obserwowany gradient p\u00f3\u0142noc-po\u0142udnie w zakresie umieralno\u015bci z powodu chor\u00f3b uk\u0142adu kr\u0105\u017cenia.<\/p>\n<p>Spadek cz\u0119sto\u015bci wyst\u0119powania chor\u00f3b uk\u0142adu kr\u0105\u017cenia obserwuje si\u0119 zar\u00f3wno u kobiet, jak i u m\u0119\u017cczyzn. Wynika to w du\u017cej mierze z lepszej profilaktyki chor\u00f3b uk\u0142adu kr\u0105\u017cenia poprzez zmniejszenie <a href=\"https:\/\/www.healthy-heart.org\/pl\/dbaj-o-zdrowie-swojego-serca\/przewidywanie-i-zarzadzanie-ryzykiem-chorob-serca\/\">czynnik\u00f3w ryzyka<\/a> u os\u00f3b zdrowych i pacjent\u00f3w z chorobami uk\u0142adu kr\u0105\u017cenia.<\/p>\n<p>Nie wszystkie czynniki ryzyka wykazuj\u0105 jednak pozytywn\u0105 tendencj\u0119. Podczas gdy cz\u0119sto\u015b\u0107 <a href=\"https:\/\/www.healthy-heart.org\/pl\/dbaj-o-zdrowie-swojego-serca\/palenie\/\">palenia<\/a> tytoniu i przeci\u0119tne st\u0119\u017cenie <a href=\"https:\/\/www.healthy-heart.org\/pl\/dbaj-o-zdrowie-swojego-serca\/cholesterol\/\">cholesterolu<\/a> spad\u0142y, to cz\u0119sto\u015b\u0107 wyst\u0119powania <a href=\"https:\/\/www.healthy-heart.org\/pl\/dbaj-o-zdrowie-swojego-serca\/utrzymywanie-zdrowej-wagi\/\">oty\u0142o\u015bci<\/a> i <a href=\"https:\/\/www.healthy-heart.org\/pl\/dbaj-o-zdrowie-swojego-serca\/cukrzyca\/\">cukrzycy<\/a> rosn\u0105, czego skutkiem mo\u017ce by\u0107 zatrzymanie spadkowej tendencji w zakresie cz\u0119sto\u015bci wyst\u0119powania chor\u00f3b uk\u0142adu kr\u0105\u017cenia. <a href=\"https:\/\/www.healthy-heart.org\/pl\/dbaj-o-zdrowie-swojego-serca\/stres-i-sen\/\">Czynniki psychospo\u0142eczne<\/a>, takie jak depresja, l\u0119k i wypalenie, s\u0105 obecnie uznawane za istotne czynniki przyczyniaj\u0105ce si\u0119 do wyst\u0119powania chor\u00f3b uk\u0142adu kr\u0105\u017cenia, a prognozy nie przewiduj\u0105 zmniejszenia cz\u0119sto\u015bci ich wyst\u0119powania.<\/p>\n<blockquote><p>Chor\u00f3b uk\u0142adu kr\u0105\u017cenia mo\u017cna w du\u017cej mierze unikn\u0105\u0107: poprzez wyeliminowanie nawyk\u00f3w zagra\u017caj\u0105cych zdrowiu mo\u017cna zapobiec przynajmniej 80% przypadk\u00f3w chor\u00f3b uk\u0142adu kr\u0105\u017cenia.<\/p><\/blockquote>\n<p>Najwa\u017cniejszym sposobem walki z chorobami uk\u0142adu kr\u0105\u017cenia jest wi\u0119c profilaktyka, czyli niedopuszczenie do pierwszego i kolejnych incydent\u00f3w sercowo-naczyniowych. Jeden na pi\u0119ciu pacjent\u00f3w po zawale serca ma drugi zawa\u0142 serca w ci\u0105gu pierwszego roku. Pracownicy s\u0142u\u017cby zdrowia wsp\u00f3lnie z pacjentami mog\u0105 zapobiec i pierwszemu,<a href=\"https:\/\/www.healthy-heart.org\/pl\/zycie-z-choroba-serca\/czynniki-ryzyka-drugiego-zawalu-serca\/\"> jak i kolejnemu zawa\u0142owi<\/a>. Przyk\u0142adowo wielu pacjent\u00f3w po zawale serca ma niezdiagnozowan\u0105 cukrzyc\u0119, kt\u00f3rej wykrycie w odpowiednim momencie i leczenie mog\u0142oby zapobiec wyst\u0105pieniu zawa\u0142u serca.<\/p>\n<p>Dowiedz si\u0119, co mo\u017cesz zrobi\u0107, aby <a href=\"https:\/\/www.healthy-heart.org\/keep-your-heart-healthy\/keeping-healthy-habits\/\">unikn\u0105\u0107 chor\u00f3b uk\u0142adu kr\u0105\u017cenia<\/a>, i co mo\u017cesz osi\u0105gn\u0105\u0107 wsp\u00f3lnie z lekarzami i personelem piel\u0119gniarskim.<\/p>\n","protected":false},"excerpt":{"rendered":"<p>Choroby uk\u0142adu kr\u0105\u017cenia to schorzenia serca i naczy\u0144 krwiono\u015bnych. Nale\u017c\u0105 do nich mi\u0119dzy innymi choroby spowodowane przez mia\u017cd\u017cyc\u0119, kt\u00f3ra polega na stopniowym zatykaniu naczy\u0144 krwiono\u015bnych przez z\u0142ogi t\u0142uszczowe zwane blaszkami mia\u017cd\u017cycowymi. Mia\u017cd\u017cyca mo\u017ce prowadzi\u0107 do r\u00f3\u017cnych chor\u00f3b w zale\u017cno\u015bci zale\u017cno\u015bci od tego, kt\u00f3re naczynia krwiono\u015bne s\u0105 niedro\u017cne. Choroba wie\u0144cowa \u2013 jedn\u0105 z jej postaci mo\u017ce [&hellip;]<\/p>\n","protected":false},"author":1,"featured_media":1235,"parent":1652,"menu_order":2,"comment_status":"closed","ping_status":"closed","template":"","meta":{"_acf_changed":false,"footnotes":""},"categories":[51],"tags":[],"class_list":["post-1670","page","type-page","status-publish","has-post-thumbnail","hentry","category-twoje-serce"],"acf":[],"yoast_head":"<!-- This site is optimized with the Yoast SEO plugin v24.0 - https:\/\/yoast.com\/wordpress\/plugins\/seo\/ -->\n<title>Choroby serca - Healthy-Heart.org<\/title>\n<meta name=\"description\" content=\"Choroby serca to zaburzenia serca i naczy\u0144 krwiono\u015bnych, takie jak mia\u017cd\u017cyca, zawa\u0142 serca, udar m\u00f3zgu, choroby zastawek i choroby mi\u0119\u015bnia sercowego.\" \/>\n<meta name=\"robots\" content=\"index, follow, max-snippet:-1, max-image-preview:large, max-video-preview:-1\" \/>\n<link rel=\"canonical\" href=\"https:\/\/www.healthy-heart.org\/pl\/twoje-serce\/czym-jest-choroba-serca\/\" \/>\n<meta property=\"og:locale\" content=\"pl_PL\" \/>\n<meta property=\"og:type\" content=\"article\" \/>\n<meta property=\"og:title\" content=\"Choroby serca - Healthy-Heart.org\" \/>\n<meta property=\"og:description\" content=\"Choroby serca to zaburzenia serca i naczy\u0144 krwiono\u015bnych, takie jak mia\u017cd\u017cyca, zawa\u0142 serca, udar m\u00f3zgu, choroby zastawek i choroby mi\u0119\u015bnia sercowego.\" \/>\n<meta property=\"og:url\" content=\"https:\/\/www.healthy-heart.org\/pl\/twoje-serce\/czym-jest-choroba-serca\/\" \/>\n<meta property=\"og:site_name\" content=\"Healthy-Heart.org\" \/>\n<meta property=\"article:modified_time\" content=\"2021-01-26T15:04:47+00:00\" \/>\n<meta property=\"og:image\" content=\"https:\/\/www.healthy-heart.org\/wp-content\/uploads\/2019\/08\/what-is-cardiovascular-disease.jpg\" \/>\n\t<meta property=\"og:image:width\" content=\"518\" \/>\n\t<meta property=\"og:image:height\" content=\"345\" \/>\n\t<meta property=\"og:image:type\" content=\"image\/jpeg\" \/>\n<meta name=\"twitter:card\" content=\"summary_large_image\" \/>\n<meta name=\"twitter:label1\" content=\"Szacowany czas czytania\" \/>\n\t<meta name=\"twitter:data1\" content=\"4 minuty\" \/>\n<script type=\"application\/ld+json\" class=\"yoast-schema-graph\">{\"@context\":\"https:\/\/schema.org\",\"@graph\":[{\"@type\":\"WebPage\",\"@id\":\"https:\/\/www.healthy-heart.org\/pl\/twoje-serce\/czym-jest-choroba-serca\/\",\"url\":\"https:\/\/www.healthy-heart.org\/pl\/twoje-serce\/czym-jest-choroba-serca\/\",\"name\":\"Choroby serca - Healthy-Heart.org\",\"isPartOf\":{\"@id\":\"https:\/\/www.healthy-heart.org\/es\/#website\"},\"primaryImageOfPage\":{\"@id\":\"https:\/\/www.healthy-heart.org\/pl\/twoje-serce\/czym-jest-choroba-serca\/#primaryimage\"},\"image\":{\"@id\":\"https:\/\/www.healthy-heart.org\/pl\/twoje-serce\/czym-jest-choroba-serca\/#primaryimage\"},\"thumbnailUrl\":\"https:\/\/www.healthy-heart.org\/wp-content\/uploads\/2019\/08\/what-is-cardiovascular-disease.jpg\",\"datePublished\":\"2019-10-07T16:48:28+00:00\",\"dateModified\":\"2021-01-26T15:04:47+00:00\",\"description\":\"Choroby serca to zaburzenia serca i naczy\u0144 krwiono\u015bnych, takie jak mia\u017cd\u017cyca, zawa\u0142 serca, udar m\u00f3zgu, choroby zastawek i choroby mi\u0119\u015bnia sercowego.\",\"breadcrumb\":{\"@id\":\"https:\/\/www.healthy-heart.org\/pl\/twoje-serce\/czym-jest-choroba-serca\/#breadcrumb\"},\"inLanguage\":\"pl-PL\",\"potentialAction\":[{\"@type\":\"ReadAction\",\"target\":[\"https:\/\/www.healthy-heart.org\/pl\/twoje-serce\/czym-jest-choroba-serca\/\"]}]},{\"@type\":\"ImageObject\",\"inLanguage\":\"pl-PL\",\"@id\":\"https:\/\/www.healthy-heart.org\/pl\/twoje-serce\/czym-jest-choroba-serca\/#primaryimage\",\"url\":\"https:\/\/www.healthy-heart.org\/wp-content\/uploads\/2019\/08\/what-is-cardiovascular-disease.jpg\",\"contentUrl\":\"https:\/\/www.healthy-heart.org\/wp-content\/uploads\/2019\/08\/what-is-cardiovascular-disease.jpg\",\"width\":518,\"height\":345},{\"@type\":\"BreadcrumbList\",\"@id\":\"https:\/\/www.healthy-heart.org\/pl\/twoje-serce\/czym-jest-choroba-serca\/#breadcrumb\",\"itemListElement\":[{\"@type\":\"ListItem\",\"position\":1,\"name\":\"Home\",\"item\":\"https:\/\/www.healthy-heart.org\/pl\/\"},{\"@type\":\"ListItem\",\"position\":2,\"name\":\"Twoje serce\",\"item\":\"https:\/\/www.healthy-heart.org\/pl\/twoje-serce\/\"},{\"@type\":\"ListItem\",\"position\":3,\"name\":\"Czym jest choroba serca?\"}]},{\"@type\":\"WebSite\",\"@id\":\"https:\/\/www.healthy-heart.org\/es\/#website\",\"url\":\"https:\/\/www.healthy-heart.org\/es\/\",\"name\":\"Healthy-Heart.org\",\"description\":\"Practical advice for patients and family care givers on the prevention of cardiovascular disease\",\"potentialAction\":[{\"@type\":\"SearchAction\",\"target\":{\"@type\":\"EntryPoint\",\"urlTemplate\":\"https:\/\/www.healthy-heart.org\/es\/?s={search_term_string}\"},\"query-input\":{\"@type\":\"PropertyValueSpecification\",\"valueRequired\":true,\"valueName\":\"search_term_string\"}}],\"inLanguage\":\"pl-PL\"}]}<\/script>\n<!-- \/ Yoast SEO plugin. -->","yoast_head_json":{"title":"Choroby serca - Healthy-Heart.org","description":"Choroby serca to zaburzenia serca i naczy\u0144 krwiono\u015bnych, takie jak mia\u017cd\u017cyca, zawa\u0142 serca, udar m\u00f3zgu, choroby zastawek i choroby mi\u0119\u015bnia sercowego.","robots":{"index":"index","follow":"follow","max-snippet":"max-snippet:-1","max-image-preview":"max-image-preview:large","max-video-preview":"max-video-preview:-1"},"canonical":"https:\/\/www.healthy-heart.org\/pl\/twoje-serce\/czym-jest-choroba-serca\/","og_locale":"pl_PL","og_type":"article","og_title":"Choroby serca - Healthy-Heart.org","og_description":"Choroby serca to zaburzenia serca i naczy\u0144 krwiono\u015bnych, takie jak mia\u017cd\u017cyca, zawa\u0142 serca, udar m\u00f3zgu, choroby zastawek i choroby mi\u0119\u015bnia sercowego.","og_url":"https:\/\/www.healthy-heart.org\/pl\/twoje-serce\/czym-jest-choroba-serca\/","og_site_name":"Healthy-Heart.org","article_modified_time":"2021-01-26T15:04:47+00:00","og_image":[{"width":518,"height":345,"url":"https:\/\/www.healthy-heart.org\/wp-content\/uploads\/2019\/08\/what-is-cardiovascular-disease.jpg","type":"image\/jpeg"}],"twitter_card":"summary_large_image","twitter_misc":{"Szacowany czas czytania":"4 minuty"},"schema":{"@context":"https:\/\/schema.org","@graph":[{"@type":"WebPage","@id":"https:\/\/www.healthy-heart.org\/pl\/twoje-serce\/czym-jest-choroba-serca\/","url":"https:\/\/www.healthy-heart.org\/pl\/twoje-serce\/czym-jest-choroba-serca\/","name":"Choroby serca - Healthy-Heart.org","isPartOf":{"@id":"https:\/\/www.healthy-heart.org\/es\/#website"},"primaryImageOfPage":{"@id":"https:\/\/www.healthy-heart.org\/pl\/twoje-serce\/czym-jest-choroba-serca\/#primaryimage"},"image":{"@id":"https:\/\/www.healthy-heart.org\/pl\/twoje-serce\/czym-jest-choroba-serca\/#primaryimage"},"thumbnailUrl":"https:\/\/www.healthy-heart.org\/wp-content\/uploads\/2019\/08\/what-is-cardiovascular-disease.jpg","datePublished":"2019-10-07T16:48:28+00:00","dateModified":"2021-01-26T15:04:47+00:00","description":"Choroby serca to zaburzenia serca i naczy\u0144 krwiono\u015bnych, takie jak mia\u017cd\u017cyca, zawa\u0142 serca, udar m\u00f3zgu, choroby zastawek i choroby mi\u0119\u015bnia sercowego.","breadcrumb":{"@id":"https:\/\/www.healthy-heart.org\/pl\/twoje-serce\/czym-jest-choroba-serca\/#breadcrumb"},"inLanguage":"pl-PL","potentialAction":[{"@type":"ReadAction","target":["https:\/\/www.healthy-heart.org\/pl\/twoje-serce\/czym-jest-choroba-serca\/"]}]},{"@type":"ImageObject","inLanguage":"pl-PL","@id":"https:\/\/www.healthy-heart.org\/pl\/twoje-serce\/czym-jest-choroba-serca\/#primaryimage","url":"https:\/\/www.healthy-heart.org\/wp-content\/uploads\/2019\/08\/what-is-cardiovascular-disease.jpg","contentUrl":"https:\/\/www.healthy-heart.org\/wp-content\/uploads\/2019\/08\/what-is-cardiovascular-disease.jpg","width":518,"height":345},{"@type":"BreadcrumbList","@id":"https:\/\/www.healthy-heart.org\/pl\/twoje-serce\/czym-jest-choroba-serca\/#breadcrumb","itemListElement":[{"@type":"ListItem","position":1,"name":"Home","item":"https:\/\/www.healthy-heart.org\/pl\/"},{"@type":"ListItem","position":2,"name":"Twoje serce","item":"https:\/\/www.healthy-heart.org\/pl\/twoje-serce\/"},{"@type":"ListItem","position":3,"name":"Czym jest choroba serca?"}]},{"@type":"WebSite","@id":"https:\/\/www.healthy-heart.org\/es\/#website","url":"https:\/\/www.healthy-heart.org\/es\/","name":"Healthy-Heart.org","description":"Practical advice for patients and family care givers on the prevention of cardiovascular disease","potentialAction":[{"@type":"SearchAction","target":{"@type":"EntryPoint","urlTemplate":"https:\/\/www.healthy-heart.org\/es\/?s={search_term_string}"},"query-input":{"@type":"PropertyValueSpecification","valueRequired":true,"valueName":"search_term_string"}}],"inLanguage":"pl-PL"}]}},"_links":{"self":[{"href":"https:\/\/www.healthy-heart.org\/pl\/wp-json\/wp\/v2\/pages\/1670","targetHints":{"allow":["GET"]}}],"collection":[{"href":"https:\/\/www.healthy-heart.org\/pl\/wp-json\/wp\/v2\/pages"}],"about":[{"href":"https:\/\/www.healthy-heart.org\/pl\/wp-json\/wp\/v2\/types\/page"}],"author":[{"embeddable":true,"href":"https:\/\/www.healthy-heart.org\/pl\/wp-json\/wp\/v2\/users\/1"}],"replies":[{"embeddable":true,"href":"https:\/\/www.healthy-heart.org\/pl\/wp-json\/wp\/v2\/comments?post=1670"}],"version-history":[{"count":7,"href":"https:\/\/www.healthy-heart.org\/pl\/wp-json\/wp\/v2\/pages\/1670\/revisions"}],"predecessor-version":[{"id":5003,"href":"https:\/\/www.healthy-heart.org\/pl\/wp-json\/wp\/v2\/pages\/1670\/revisions\/5003"}],"up":[{"embeddable":true,"href":"https:\/\/www.healthy-heart.org\/pl\/wp-json\/wp\/v2\/pages\/1652"}],"wp:featuredmedia":[{"embeddable":true,"href":"https:\/\/www.healthy-heart.org\/pl\/wp-json\/wp\/v2\/media\/1235"}],"wp:attachment":[{"href":"https:\/\/www.healthy-heart.org\/pl\/wp-json\/wp\/v2\/media?parent=1670"}],"wp:term":[{"taxonomy":"category","embeddable":true,"href":"https:\/\/www.healthy-heart.org\/pl\/wp-json\/wp\/v2\/categories?post=1670"},{"taxonomy":"post_tag","embeddable":true,"href":"https:\/\/www.healthy-heart.org\/pl\/wp-json\/wp\/v2\/tags?post=1670"}],"curies":[{"name":"wp","href":"https:\/\/api.w.org\/{rel}","templated":true}]}}