{"id":1487,"date":"2019-10-07T17:45:37","date_gmt":"2019-10-07T16:45:37","guid":{"rendered":"https:\/\/www.healthy-heart.org\/healthy-heart-org\/"},"modified":"2025-04-04T14:41:37","modified_gmt":"2025-04-04T13:41:37","slug":"healthy-heart-org","status":"publish","type":"page","link":"https:\/\/www.healthy-heart.org\/pl\/","title":{"rendered":"Healthy-Heart.org"},"content":{"rendered":"<p>Choroby uk\u0142adu kr\u0105\u017cenia s\u0105 powszechnym schorzeniem i powoduj\u0105 4 miliony zgon\u00f3w rocznie w Europie. Tutaj znajdziesz rzetelne informacje i praktyczne porady dotycz\u0105ce profilaktyki chor\u00f3b uk\u0142adu kr\u0105\u017cenia, skuteczniejszego dbania o zdrowie oraz d\u0142u\u017cszego i bardziej aktywnego \u017cycia.<\/p>\n","protected":false},"excerpt":{"rendered":"<p>Choroby uk\u0142adu kr\u0105\u017cenia s\u0105 powszechnym schorzeniem i powoduj\u0105 4 miliony zgon\u00f3w rocznie w Europie. Tutaj znajdziesz rzetelne informacje i praktyczne porady dotycz\u0105ce profilaktyki chor\u00f3b uk\u0142adu kr\u0105\u017cenia, skuteczniejszego dbania o zdrowie oraz d\u0142u\u017cszego i bardziej aktywnego \u017cycia.<\/p>\n","protected":false},"author":1,"featured_media":5964,"parent":0,"menu_order":0,"comment_status":"closed","ping_status":"closed","template":"templates\/home.php","meta":{"_acf_changed":false,"footnotes":""},"categories":[],"tags":[],"class_list":["post-1487","page","type-page","status-publish","has-post-thumbnail","hentry"],"acf":[],"yoast_head":"<!-- This site is optimized with the Yoast SEO plugin v24.0 - https:\/\/yoast.com\/wordpress\/plugins\/seo\/ -->\n<title>Healthy-Heart.org | Profilaktyka chor\u00f3b uk\u0142adu kr\u0105\u017cenia<\/title>\n<meta name=\"description\" content=\"Tutaj znajdziesz jasne, rzetelne informacje i praktyczne porady dla pacjent\u00f3w i opiekun\u00f3w w rodzinie, dotycz\u0105ce profilaktyki chor\u00f3b uk\u0142adu kr\u0105\u017cenia.\" \/>\n<meta name=\"robots\" content=\"index, follow, max-snippet:-1, max-image-preview:large, max-video-preview:-1\" \/>\n<link rel=\"canonical\" href=\"https:\/\/www.healthy-heart.org\/pl\/\" \/>\n<meta property=\"og:locale\" content=\"pl_PL\" \/>\n<meta property=\"og:type\" content=\"article\" \/>\n<meta property=\"og:title\" content=\"Healthy-Heart.org | Profilaktyka chor\u00f3b uk\u0142adu kr\u0105\u017cenia\" \/>\n<meta property=\"og:description\" content=\"Tutaj znajdziesz jasne, rzetelne informacje i praktyczne porady dla pacjent\u00f3w i opiekun\u00f3w w rodzinie, dotycz\u0105ce profilaktyki chor\u00f3b uk\u0142adu kr\u0105\u017cenia.\" \/>\n<meta property=\"og:url\" content=\"https:\/\/www.healthy-heart.org\/pl\/\" \/>\n<meta property=\"og:site_name\" content=\"Healthy-Heart.org\" \/>\n<meta property=\"article:modified_time\" content=\"2025-04-04T13:41:37+00:00\" \/>\n<meta property=\"og:image\" content=\"https:\/\/www.healthy-heart.org\/wp-content\/uploads\/2022\/01\/main-image-min.jpg\" \/>\n\t<meta property=\"og:image:width\" content=\"2500\" \/>\n\t<meta property=\"og:image:height\" content=\"868\" \/>\n\t<meta property=\"og:image:type\" content=\"image\/jpeg\" \/>\n<meta name=\"twitter:card\" content=\"summary_large_image\" \/>\n<meta name=\"twitter:label1\" content=\"Szacowany czas czytania\" \/>\n\t<meta name=\"twitter:data1\" content=\"1 minuta\" \/>\n<script type=\"application\/ld+json\" class=\"yoast-schema-graph\">{\"@context\":\"https:\/\/schema.org\",\"@graph\":[{\"@type\":\"WebPage\",\"@id\":\"https:\/\/www.healthy-heart.org\/pl\/\",\"url\":\"https:\/\/www.healthy-heart.org\/pl\/\",\"name\":\"Healthy-Heart.org | Profilaktyka chor\u00f3b uk\u0142adu kr\u0105\u017cenia\",\"isPartOf\":{\"@id\":\"https:\/\/www.healthy-heart.org\/es\/#website\"},\"primaryImageOfPage\":{\"@id\":\"https:\/\/www.healthy-heart.org\/pl\/#primaryimage\"},\"image\":{\"@id\":\"https:\/\/www.healthy-heart.org\/pl\/#primaryimage\"},\"thumbnailUrl\":\"https:\/\/www.healthy-heart.org\/wp-content\/uploads\/2022\/01\/main-image-min.jpg\",\"datePublished\":\"2019-10-07T16:45:37+00:00\",\"dateModified\":\"2025-04-04T13:41:37+00:00\",\"description\":\"Tutaj znajdziesz jasne, rzetelne informacje i praktyczne porady dla pacjent\u00f3w i opiekun\u00f3w w rodzinie, dotycz\u0105ce profilaktyki chor\u00f3b uk\u0142adu kr\u0105\u017cenia.\",\"breadcrumb\":{\"@id\":\"https:\/\/www.healthy-heart.org\/pl\/#breadcrumb\"},\"inLanguage\":\"pl-PL\",\"potentialAction\":[{\"@type\":\"ReadAction\",\"target\":[\"https:\/\/www.healthy-heart.org\/pl\/\"]}]},{\"@type\":\"ImageObject\",\"inLanguage\":\"pl-PL\",\"@id\":\"https:\/\/www.healthy-heart.org\/pl\/#primaryimage\",\"url\":\"https:\/\/www.healthy-heart.org\/wp-content\/uploads\/2022\/01\/main-image-min.jpg\",\"contentUrl\":\"https:\/\/www.healthy-heart.org\/wp-content\/uploads\/2022\/01\/main-image-min.jpg\",\"width\":2500,\"height\":868},{\"@type\":\"BreadcrumbList\",\"@id\":\"https:\/\/www.healthy-heart.org\/pl\/#breadcrumb\",\"itemListElement\":[{\"@type\":\"ListItem\",\"position\":1,\"name\":\"Home\",\"item\":\"https:\/\/www.healthy-heart.org\/pl\/\"},{\"@type\":\"ListItem\",\"position\":2,\"name\":\"Healthy-Heart.org\"}]},{\"@type\":\"WebSite\",\"@id\":\"https:\/\/www.healthy-heart.org\/es\/#website\",\"url\":\"https:\/\/www.healthy-heart.org\/es\/\",\"name\":\"Healthy-Heart.org\",\"description\":\"Practical advice for patients and family care givers on the prevention of cardiovascular disease\",\"potentialAction\":[{\"@type\":\"SearchAction\",\"target\":{\"@type\":\"EntryPoint\",\"urlTemplate\":\"https:\/\/www.healthy-heart.org\/es\/?s={search_term_string}\"},\"query-input\":{\"@type\":\"PropertyValueSpecification\",\"valueRequired\":true,\"valueName\":\"search_term_string\"}}],\"inLanguage\":\"pl-PL\"}]}<\/script>\n<!-- \/ Yoast SEO plugin. -->","yoast_head_json":{"title":"Healthy-Heart.org | Profilaktyka chor\u00f3b uk\u0142adu kr\u0105\u017cenia","description":"Tutaj znajdziesz jasne, rzetelne informacje i praktyczne porady dla pacjent\u00f3w i opiekun\u00f3w w rodzinie, dotycz\u0105ce profilaktyki chor\u00f3b uk\u0142adu kr\u0105\u017cenia.","robots":{"index":"index","follow":"follow","max-snippet":"max-snippet:-1","max-image-preview":"max-image-preview:large","max-video-preview":"max-video-preview:-1"},"canonical":"https:\/\/www.healthy-heart.org\/pl\/","og_locale":"pl_PL","og_type":"article","og_title":"Healthy-Heart.org | Profilaktyka chor\u00f3b uk\u0142adu kr\u0105\u017cenia","og_description":"Tutaj znajdziesz jasne, rzetelne informacje i praktyczne porady dla pacjent\u00f3w i opiekun\u00f3w w rodzinie, dotycz\u0105ce profilaktyki chor\u00f3b uk\u0142adu kr\u0105\u017cenia.","og_url":"https:\/\/www.healthy-heart.org\/pl\/","og_site_name":"Healthy-Heart.org","article_modified_time":"2025-04-04T13:41:37+00:00","og_image":[{"width":2500,"height":868,"url":"https:\/\/www.healthy-heart.org\/wp-content\/uploads\/2022\/01\/main-image-min.jpg","type":"image\/jpeg"}],"twitter_card":"summary_large_image","twitter_misc":{"Szacowany czas czytania":"1 minuta"},"schema":{"@context":"https:\/\/schema.org","@graph":[{"@type":"WebPage","@id":"https:\/\/www.healthy-heart.org\/pl\/","url":"https:\/\/www.healthy-heart.org\/pl\/","name":"Healthy-Heart.org | Profilaktyka chor\u00f3b uk\u0142adu kr\u0105\u017cenia","isPartOf":{"@id":"https:\/\/www.healthy-heart.org\/es\/#website"},"primaryImageOfPage":{"@id":"https:\/\/www.healthy-heart.org\/pl\/#primaryimage"},"image":{"@id":"https:\/\/www.healthy-heart.org\/pl\/#primaryimage"},"thumbnailUrl":"https:\/\/www.healthy-heart.org\/wp-content\/uploads\/2022\/01\/main-image-min.jpg","datePublished":"2019-10-07T16:45:37+00:00","dateModified":"2025-04-04T13:41:37+00:00","description":"Tutaj znajdziesz jasne, rzetelne informacje i praktyczne porady dla pacjent\u00f3w i opiekun\u00f3w w rodzinie, dotycz\u0105ce profilaktyki chor\u00f3b uk\u0142adu kr\u0105\u017cenia.","breadcrumb":{"@id":"https:\/\/www.healthy-heart.org\/pl\/#breadcrumb"},"inLanguage":"pl-PL","potentialAction":[{"@type":"ReadAction","target":["https:\/\/www.healthy-heart.org\/pl\/"]}]},{"@type":"ImageObject","inLanguage":"pl-PL","@id":"https:\/\/www.healthy-heart.org\/pl\/#primaryimage","url":"https:\/\/www.healthy-heart.org\/wp-content\/uploads\/2022\/01\/main-image-min.jpg","contentUrl":"https:\/\/www.healthy-heart.org\/wp-content\/uploads\/2022\/01\/main-image-min.jpg","width":2500,"height":868},{"@type":"BreadcrumbList","@id":"https:\/\/www.healthy-heart.org\/pl\/#breadcrumb","itemListElement":[{"@type":"ListItem","position":1,"name":"Home","item":"https:\/\/www.healthy-heart.org\/pl\/"},{"@type":"ListItem","position":2,"name":"Healthy-Heart.org"}]},{"@type":"WebSite","@id":"https:\/\/www.healthy-heart.org\/es\/#website","url":"https:\/\/www.healthy-heart.org\/es\/","name":"Healthy-Heart.org","description":"Practical advice for patients and family care givers on the prevention of cardiovascular disease","potentialAction":[{"@type":"SearchAction","target":{"@type":"EntryPoint","urlTemplate":"https:\/\/www.healthy-heart.org\/es\/?s={search_term_string}"},"query-input":{"@type":"PropertyValueSpecification","valueRequired":true,"valueName":"search_term_string"}}],"inLanguage":"pl-PL"}]}},"_links":{"self":[{"href":"https:\/\/www.healthy-heart.org\/pl\/wp-json\/wp\/v2\/pages\/1487","targetHints":{"allow":["GET"]}}],"collection":[{"href":"https:\/\/www.healthy-heart.org\/pl\/wp-json\/wp\/v2\/pages"}],"about":[{"href":"https:\/\/www.healthy-heart.org\/pl\/wp-json\/wp\/v2\/types\/page"}],"author":[{"embeddable":true,"href":"https:\/\/www.healthy-heart.org\/pl\/wp-json\/wp\/v2\/users\/1"}],"replies":[{"embeddable":true,"href":"https:\/\/www.healthy-heart.org\/pl\/wp-json\/wp\/v2\/comments?post=1487"}],"version-history":[{"count":30,"href":"https:\/\/www.healthy-heart.org\/pl\/wp-json\/wp\/v2\/pages\/1487\/revisions"}],"predecessor-version":[{"id":7759,"href":"https:\/\/www.healthy-heart.org\/pl\/wp-json\/wp\/v2\/pages\/1487\/revisions\/7759"}],"wp:featuredmedia":[{"embeddable":true,"href":"https:\/\/www.healthy-heart.org\/pl\/wp-json\/wp\/v2\/media\/5964"}],"wp:attachment":[{"href":"https:\/\/www.healthy-heart.org\/pl\/wp-json\/wp\/v2\/media?parent=1487"}],"wp:term":[{"taxonomy":"category","embeddable":true,"href":"https:\/\/www.healthy-heart.org\/pl\/wp-json\/wp\/v2\/categories?post=1487"},{"taxonomy":"post_tag","embeddable":true,"href":"https:\/\/www.healthy-heart.org\/pl\/wp-json\/wp\/v2\/tags?post=1487"}],"curies":[{"name":"wp","href":"https:\/\/api.w.org\/{rel}","templated":true}]}}