{"id":1389,"date":"2019-10-07T17:44:36","date_gmt":"2019-10-07T16:44:36","guid":{"rendered":"https:\/\/www.healthy-heart.org\/polityka-prywatnosci\/"},"modified":"2022-01-18T11:11:38","modified_gmt":"2022-01-18T11:11:38","slug":"polityka-prywatnosci","status":"publish","type":"page","link":"https:\/\/www.healthy-heart.org\/pl\/polityka-prywatnosci\/","title":{"rendered":"Polityka prywatno\u015bci"},"content":{"rendered":"<p>Prosimy o zapoznanie si\u0119 z poni\u017cszymi zasadami, kt\u00f3re opisuj\u0105, w jaki spos\u00f3b b\u0119dziemy post\u0119powa\u0107 z tymi informacjami. Zasady te mog\u0105 si\u0119 okresowo zmienia\u0107, dlatego prosimy o regularne sprawdzanie ich tre\u015bci.<\/p>\n<h3>Jakie dane gromadzi ESC?<\/h3>\n<p>ESC gromadzi nast\u0119puj\u0105ce dane u\u017cytkownik\u00f3w witryny: odwiedzone podstrony wraz z czasem odwiedzin oraz informacje podane dobrowolnie przez u\u017cytkownika (np. w ramach ankiet).<\/p>\n<h3>W jaki spos\u00f3b ESC wykorzystuje te dane?<\/h3>\n<p>Gromadzone przez nas dane s\u0142u\u017c\u0105 do lepszego zrozumienia sposobu, w jaki u\u017cytkownicy korzystaj\u0105 z naszej witryny, oraz do wprowadzenia odpowiednich usprawnie\u0144.<\/p>\n<p>ESC mo\u017ce niekiedy udost\u0119pnia\u0107 osobom trzecim anonimowe dane (np. wyniki ankiet).<\/p>\n<p> \u015arodki bezpiecze\u0144stwa stosowane przez nas w celu zapobiegania utracie, niew\u0142a\u015bciwemu wykorzystaniu lub zmianie danych Niestety nie mo\u017cna zagwarantowa\u0107 stuprocentowego bezpiecze\u0144stwa danych przesy\u0142anych przez Internet. ESC nie mo\u017ce zapewni\u0107 ani zagwarantowa\u0107 bezpiecze\u0144stwa jakichkolwiek danych przesy\u0142anych nam przez u\u017cytkownika. U\u017cytkownik robi to na w\u0142asne ryzyko. Po otrzymaniu danych od u\u017cytkownika dok\u0142adamy wszelkich stara\u0144, aby zapewni\u0107 ich bezpiecze\u0144stwo w naszych systemach. <\/p>\n<h3>Stosowanie plik\u00f3w cookie<\/h3>\n<p> Pliki cookie zawieraj\u0105 informacje przesy\u0142ane przez witryn\u0119 internetow\u0105 na twardy dysk komputera u\u017cytkownika dla cel\u00f3w prowadzenia rejestru. S\u0105 to niewielkie pliki tekstowe wykorzystywane przez witryn\u0119 do rozpoznawania powracaj\u0105cych u\u017cytkownik\u00f3w i u\u0142atwiania im dost\u0119pu oraz korzystania z witryny. Nie stanowi\u0105 one zagro\u017cenia dla systemu komputerowego ani plik\u00f3w u\u017cytkownika. Wykorzystanie plik\u00f3w cookie jest standardem w bran\u017cy. Wiele witryn u\u017cywa plik\u00f3w cookie, aby udost\u0119pnia\u0107 przydatne funkcje. Pliki cookie same w sobie nie umo\u017cliwiaj\u0105 identyfikacji konkretnego u\u017cytkownika, chocia\u017c pozwalaj\u0105 na zidentyfikowanie komputera. Wi\u0119kszo\u015b\u0107 przegl\u0105darek jest domy\u015blnie ustawiona na akceptowanie plik\u00f3w cookie. Mo\u017cna jednak zmieni\u0107 ustawienia komputera tak, aby odrzuca\u0142 on pliki cookie. <\/p>\n<p>European Society of Cardiology jest stowarzyszeniem o charakterze non-profit zarejestrowanym na mocy francuskiej ustawy z 1901 roku. Stowarzyszenie koncentruje si\u0119 na profilaktyce, diagnozowaniu i leczeniu chor\u00f3b serca i naczy\u0144 krwiono\u015bnych.\n<\/p>\n<p><!-- OneTrust Cookies Settings button start --><br \/>\n<button id=\"ot-sdk-btn\" class=\"ot-sdk-show-settings\">Cookie Settings<\/button><br \/>\n<!-- OneTrust Cookies Settings button end --><\/p>\n<p><!-- OneTrust Cookies List start --><\/p>\n<div id=\"ot-sdk-cookie-policy\"><\/div>\n<p><!-- OneTrust Cookies List end --><\/p>\n","protected":false},"excerpt":{"rendered":"<p>Prosimy o zapoznanie si\u0119 z poni\u017cszymi zasadami, kt\u00f3re opisuj\u0105, w jaki spos\u00f3b b\u0119dziemy post\u0119powa\u0107 z tymi informacjami. Zasady te mog\u0105 si\u0119 okresowo zmienia\u0107, dlatego prosimy o regularne sprawdzanie ich tre\u015bci. Jakie dane gromadzi ESC? ESC gromadzi nast\u0119puj\u0105ce dane u\u017cytkownik\u00f3w witryny: odwiedzone podstrony wraz z czasem odwiedzin oraz informacje podane dobrowolnie przez u\u017cytkownika (np. w ramach [&hellip;]<\/p>\n","protected":false},"author":1,"featured_media":0,"parent":0,"menu_order":0,"comment_status":"closed","ping_status":"open","template":"templates\/full.php","meta":{"_acf_changed":false,"footnotes":""},"categories":[],"tags":[],"class_list":["post-1389","page","type-page","status-publish","hentry"],"acf":[],"yoast_head":"<!-- This site is optimized with the Yoast SEO plugin v24.0 - https:\/\/yoast.com\/wordpress\/plugins\/seo\/ -->\n<title>Polityka prywatno\u015bci - Healthy-Heart.org<\/title>\n<meta name=\"description\" content=\"Healthy-Heart gromadzi nast\u0119puj\u0105ce dane u\u017cytkownik\u00f3w witryny: odwiedzone podstrony wraz z czasem odwiedzin oraz informacje podane dobrowolnie przez u\u017cytkownika (np. w ramach ankiet).\" \/>\n<meta name=\"robots\" content=\"index, follow, max-snippet:-1, max-image-preview:large, max-video-preview:-1\" \/>\n<link rel=\"canonical\" href=\"https:\/\/www.healthy-heart.org\/pl\/polityka-prywatnosci\/\" \/>\n<meta property=\"og:locale\" content=\"pl_PL\" \/>\n<meta property=\"og:type\" content=\"article\" \/>\n<meta property=\"og:title\" content=\"Polityka prywatno\u015bci - Healthy-Heart.org\" \/>\n<meta property=\"og:description\" content=\"Healthy-Heart gromadzi nast\u0119puj\u0105ce dane u\u017cytkownik\u00f3w witryny: odwiedzone podstrony wraz z czasem odwiedzin oraz informacje podane dobrowolnie przez u\u017cytkownika (np. w ramach ankiet).\" \/>\n<meta property=\"og:url\" content=\"https:\/\/www.healthy-heart.org\/pl\/polityka-prywatnosci\/\" \/>\n<meta property=\"og:site_name\" content=\"Healthy-Heart.org\" \/>\n<meta property=\"article:modified_time\" content=\"2022-01-18T11:11:38+00:00\" \/>\n<meta name=\"twitter:card\" content=\"summary_large_image\" \/>\n<meta name=\"twitter:label1\" content=\"Szacowany czas czytania\" \/>\n\t<meta name=\"twitter:data1\" content=\"2 minuty\" \/>\n<script type=\"application\/ld+json\" class=\"yoast-schema-graph\">{\"@context\":\"https:\/\/schema.org\",\"@graph\":[{\"@type\":\"WebPage\",\"@id\":\"https:\/\/www.healthy-heart.org\/pl\/polityka-prywatnosci\/\",\"url\":\"https:\/\/www.healthy-heart.org\/pl\/polityka-prywatnosci\/\",\"name\":\"Polityka prywatno\u015bci - Healthy-Heart.org\",\"isPartOf\":{\"@id\":\"https:\/\/www.healthy-heart.org\/es\/#website\"},\"datePublished\":\"2019-10-07T16:44:36+00:00\",\"dateModified\":\"2022-01-18T11:11:38+00:00\",\"description\":\"Healthy-Heart gromadzi nast\u0119puj\u0105ce dane u\u017cytkownik\u00f3w witryny: odwiedzone podstrony wraz z czasem odwiedzin oraz informacje podane dobrowolnie przez u\u017cytkownika (np. w ramach ankiet).\",\"breadcrumb\":{\"@id\":\"https:\/\/www.healthy-heart.org\/pl\/polityka-prywatnosci\/#breadcrumb\"},\"inLanguage\":\"pl-PL\",\"potentialAction\":[{\"@type\":\"ReadAction\",\"target\":[\"https:\/\/www.healthy-heart.org\/pl\/polityka-prywatnosci\/\"]}]},{\"@type\":\"BreadcrumbList\",\"@id\":\"https:\/\/www.healthy-heart.org\/pl\/polityka-prywatnosci\/#breadcrumb\",\"itemListElement\":[{\"@type\":\"ListItem\",\"position\":1,\"name\":\"Home\",\"item\":\"https:\/\/www.healthy-heart.org\/pl\/\"},{\"@type\":\"ListItem\",\"position\":2,\"name\":\"Polityka prywatno\u015bci\"}]},{\"@type\":\"WebSite\",\"@id\":\"https:\/\/www.healthy-heart.org\/es\/#website\",\"url\":\"https:\/\/www.healthy-heart.org\/es\/\",\"name\":\"Healthy-Heart.org\",\"description\":\"Practical advice for patients and family care givers on the prevention of cardiovascular disease\",\"potentialAction\":[{\"@type\":\"SearchAction\",\"target\":{\"@type\":\"EntryPoint\",\"urlTemplate\":\"https:\/\/www.healthy-heart.org\/es\/?s={search_term_string}\"},\"query-input\":{\"@type\":\"PropertyValueSpecification\",\"valueRequired\":true,\"valueName\":\"search_term_string\"}}],\"inLanguage\":\"pl-PL\"}]}<\/script>\n<!-- \/ Yoast SEO plugin. -->","yoast_head_json":{"title":"Polityka prywatno\u015bci - Healthy-Heart.org","description":"Healthy-Heart gromadzi nast\u0119puj\u0105ce dane u\u017cytkownik\u00f3w witryny: odwiedzone podstrony wraz z czasem odwiedzin oraz informacje podane dobrowolnie przez u\u017cytkownika (np. w ramach ankiet).","robots":{"index":"index","follow":"follow","max-snippet":"max-snippet:-1","max-image-preview":"max-image-preview:large","max-video-preview":"max-video-preview:-1"},"canonical":"https:\/\/www.healthy-heart.org\/pl\/polityka-prywatnosci\/","og_locale":"pl_PL","og_type":"article","og_title":"Polityka prywatno\u015bci - Healthy-Heart.org","og_description":"Healthy-Heart gromadzi nast\u0119puj\u0105ce dane u\u017cytkownik\u00f3w witryny: odwiedzone podstrony wraz z czasem odwiedzin oraz informacje podane dobrowolnie przez u\u017cytkownika (np. w ramach ankiet).","og_url":"https:\/\/www.healthy-heart.org\/pl\/polityka-prywatnosci\/","og_site_name":"Healthy-Heart.org","article_modified_time":"2022-01-18T11:11:38+00:00","twitter_card":"summary_large_image","twitter_misc":{"Szacowany czas czytania":"2 minuty"},"schema":{"@context":"https:\/\/schema.org","@graph":[{"@type":"WebPage","@id":"https:\/\/www.healthy-heart.org\/pl\/polityka-prywatnosci\/","url":"https:\/\/www.healthy-heart.org\/pl\/polityka-prywatnosci\/","name":"Polityka prywatno\u015bci - Healthy-Heart.org","isPartOf":{"@id":"https:\/\/www.healthy-heart.org\/es\/#website"},"datePublished":"2019-10-07T16:44:36+00:00","dateModified":"2022-01-18T11:11:38+00:00","description":"Healthy-Heart gromadzi nast\u0119puj\u0105ce dane u\u017cytkownik\u00f3w witryny: odwiedzone podstrony wraz z czasem odwiedzin oraz informacje podane dobrowolnie przez u\u017cytkownika (np. w ramach ankiet).","breadcrumb":{"@id":"https:\/\/www.healthy-heart.org\/pl\/polityka-prywatnosci\/#breadcrumb"},"inLanguage":"pl-PL","potentialAction":[{"@type":"ReadAction","target":["https:\/\/www.healthy-heart.org\/pl\/polityka-prywatnosci\/"]}]},{"@type":"BreadcrumbList","@id":"https:\/\/www.healthy-heart.org\/pl\/polityka-prywatnosci\/#breadcrumb","itemListElement":[{"@type":"ListItem","position":1,"name":"Home","item":"https:\/\/www.healthy-heart.org\/pl\/"},{"@type":"ListItem","position":2,"name":"Polityka prywatno\u015bci"}]},{"@type":"WebSite","@id":"https:\/\/www.healthy-heart.org\/es\/#website","url":"https:\/\/www.healthy-heart.org\/es\/","name":"Healthy-Heart.org","description":"Practical advice for patients and family care givers on the prevention of cardiovascular disease","potentialAction":[{"@type":"SearchAction","target":{"@type":"EntryPoint","urlTemplate":"https:\/\/www.healthy-heart.org\/es\/?s={search_term_string}"},"query-input":{"@type":"PropertyValueSpecification","valueRequired":true,"valueName":"search_term_string"}}],"inLanguage":"pl-PL"}]}},"_links":{"self":[{"href":"https:\/\/www.healthy-heart.org\/pl\/wp-json\/wp\/v2\/pages\/1389","targetHints":{"allow":["GET"]}}],"collection":[{"href":"https:\/\/www.healthy-heart.org\/pl\/wp-json\/wp\/v2\/pages"}],"about":[{"href":"https:\/\/www.healthy-heart.org\/pl\/wp-json\/wp\/v2\/types\/page"}],"author":[{"embeddable":true,"href":"https:\/\/www.healthy-heart.org\/pl\/wp-json\/wp\/v2\/users\/1"}],"replies":[{"embeddable":true,"href":"https:\/\/www.healthy-heart.org\/pl\/wp-json\/wp\/v2\/comments?post=1389"}],"version-history":[{"count":3,"href":"https:\/\/www.healthy-heart.org\/pl\/wp-json\/wp\/v2\/pages\/1389\/revisions"}],"predecessor-version":[{"id":5910,"href":"https:\/\/www.healthy-heart.org\/pl\/wp-json\/wp\/v2\/pages\/1389\/revisions\/5910"}],"wp:attachment":[{"href":"https:\/\/www.healthy-heart.org\/pl\/wp-json\/wp\/v2\/media?parent=1389"}],"wp:term":[{"taxonomy":"category","embeddable":true,"href":"https:\/\/www.healthy-heart.org\/pl\/wp-json\/wp\/v2\/categories?post=1389"},{"taxonomy":"post_tag","embeddable":true,"href":"https:\/\/www.healthy-heart.org\/pl\/wp-json\/wp\/v2\/tags?post=1389"}],"curies":[{"name":"wp","href":"https:\/\/api.w.org\/{rel}","templated":true}]}}