{"id":1871,"date":"2019-10-07T18:03:39","date_gmt":"2019-10-07T17:03:39","guid":{"rendered":"https:\/\/www.healthy-heart.org\/houd-uw-hart-gezond\/cholesterol\/"},"modified":"2021-02-02T14:02:21","modified_gmt":"2021-02-02T14:02:21","slug":"cholesterol","status":"publish","type":"page","link":"https:\/\/www.healthy-heart.org\/nl\/houd-uw-hart-gezond\/cholesterol\/","title":{"rendered":"Cholesterol"},"content":{"rendered":"<p>&nbsp;<\/p>\n<h3>Wat is cholesterol?<\/h3>\n<p>Cholesterol is een wasachtige, vettige stof in het bloed. Een deel van het cholesterol wordt aangemaakt door het lichaam, meestal in de lever en de rest komt van het eten van dierlijke producten zoals rood vlees, kaas, boter en eieren. Cholesterol is het hoofdbestanddeel van celmembranen (de buitenkant van cellen) en de grondstof voor vele hormonen en vitaminen. Daarom is cholesterol noodzakelijk voor leven en gezondheid. Omdat cholesterol een vettige substantie is, mengt het zich niet goed met water. Dat betekent dat het niet vrij in het bloed kan zweven en in bepaalde eiwitten moet worden verpakt. Deze eiwitten worden lipoprote\u00efnen genoemd, de meest bekende zijn low-density lipoprote\u00efne (LDL) en high-density lipoprote\u00efne (HDL).<\/p>\n<h3><strong>LDL-cholesterol<\/strong><\/h3>\n<p>LDL is een essentieel lipoprote\u00efne dat verantwoordelijk is voor cholesteroltransport in het bloed door het lichaam. De meeste mensen hebben echter een te hoog LDL-gehalte dat zich waarschijnlijk ophoopt in de vaatwanden waar het wordt ingesloten en gemodificeerd: dit is het begin van de vorming van een zogenaamde &#8220;atherosclerotische plaque\u201d. Die plaques kunnen groeien in elk vat van uw lichaam, inclusief het hart, de benen en de hersenen. Hoe meer cholesterol er in de plaque zit, hoe groter de plaque wordt. Wanneer deze groot genoeg is om de bloedsomloop in uw hartvaten gedeeltelijk te blokkeren, kan dit tijdens het sporten symptomen veroorzaken zoals \u201cangina pectoris&#8221; (pijn op de borst). Een volledig geblokkeerde slagader die het bloed naar het hart voert, leidt tot een hartaanval, de belangrijkste doodsoorzaak in de westerse wereld.<\/p>\n<p>Zeer hoge LDL-cholesterolspiegels (&gt; 190 mg\/dl; &gt; 5mmol\/l) moeten nader onderzocht worden, aangezien er sprake kan zijn van familiaire hypercholesterolemie (zie hieronder). Uw levensstijl aanpassen kan uw LDL met ongeveer 10-15% verlagen. Als dat niet voldoende is om de streefwaarden te bereiken, kunnen medicatie zoals statines, ezetimibe of PCSK9-remmers worden toegevoegd (<a href=\"https:\/\/www.healthy-heart.org\/living-with-heart-disease\/types-of-medication\/\">zie het hoofdstuk over medicatie<\/a>).<\/p>\n<h3><strong>HDL-cholesterol<\/strong><\/h3>\n<p>Deze vorm werd doorgaans de &#8216;goede cholesterol&#8217; genoemd, omdat hoge HDL-spiegels in verband werden gebracht met minder hart- en vaatziekten, maar dit standpunt is de afgelopen jaren veranderd. HDL-waarden alleen vertellen ons niets over de kwaliteit van de HDL, die niet te meten is met een gewone laboratoriumtest. Ook HDL-verhogende medicatie leidde in onderzoeken niet tot minder hartaandoeningen. Daarom mogen HDL-spiegels niet worden gebruikt om uw risico te analyseren, inclusief zogenaamde &#8216;ratio&#8217;s&#8217; die suggereren dat een hoge HDL hoge LDL-spiegels in evenwicht kan brengen.<\/p>\n<h3><strong>Lipoprote\u00efne(a) (Lp(a))<\/strong><\/h3>\n<p>Lp (a) is een andere lipoprote\u00efne die momenteel nog niet algemeen bekend en gemeten is, hoewel het een grote risicofactor voor hartziekten is. U vindt uw Lp(a)-gehalte in mg\/dL (gewenst niveau &lt; 30 mg\/dL) of mmol\/L (gewenst niveau &lt; 75 mmol\/L). Uw Lp(a)-waarde is erfelijk bepaald en verandert niet veel tijdens uw leven. Daarom is het meestal genoeg om deze maar \u00e9\u00e9n keer in uw leven te meten. Er zijn momenteel niet veel therapie\u00ebn beschikbaar om de Lp(a)-niveaus te verlagen; ze omvatten: 1) PCSK-9-remmers: antilichamen tegen LDL-cholesterol die ook de Lp(a)-spiegels met ongeveer 30% verlagen; 2) aferese: een vorm van dialyse die Lp(a) uit uw lichaam afvoert. Behandelingen zoals stents of een bypass-operatie kunnen nodig zijn als u ondanks een laag LDL-cholesterolgehalte last hebt van hartaandoeningen, zoals een <a href=\"https:\/\/www.healthy-heart.org\/your-heart\/what-is-heart-disease\/\">hartaanval<\/a>. De behandelingsopties moeten worden ge\u00ebvalueerd in gespecialiseerde lipidenklinieken.<\/p>\n<h3><strong>Triglyceriden<\/strong><\/h3>\n<p>Triglyceriden zijn de meest voorkomende vorm van lipiden in uw lichaam die voornamelijk worden gebruikt voor de opslag van lipiden. Hoge concentraties triglyceriden worden in verband gebracht met hart- en vaatziekten en levensstijlfactoren zoals <a href=\"https:\/\/www.healthy-heart.org\/keep-your-heart-healthy\/diabetes\/\">diabetes<\/a>, <a href=\"https:\/\/www.healthy-heart.org\/keep-your-heart-healthy\/keeping-a-healthy-weight\/\">overgewicht en obesitas<\/a>, alcoholgebruik en een <a href=\"https:\/\/www.healthy-heart.org\/keep-your-heart-healthy\/physical-activity\/\">zittende levensstijl<\/a>. De niveaus geven aanvullende informatie over uw risico. Therapie\u00ebn richten zich op veranderingen in levensstijl, waaronder diabetesbeheersing, sport, vermindering van alcoholgebruik en optimalisatie van de voedselinname, waaronder een dieet rijk aan omega 3-vetzuren. Triglycerideverlagende medicijnen omvatten fibraten. Ze kunnen noodzakelijk zijn als u een ernstige hartaandoening, lage LDL-spiegels en verhoogde triglyceriden heeft na veranderingen in levensstijl.<\/p>\n<h3><strong>Familiaire hypercholesterolemie (FH)<\/strong><\/h3>\n<h4>Wat is FH?<\/h4>\n<p>Familiaire hypercholesterolemie (FH) is een van de meest voorkomende erfelijke aandoeningen die wordt gekenmerkt door een zeer hoog cholesterolgehalte, met name LDL-cholesterol, wat leidt tot ernstige hartaandoeningen bij jonge mensen. Een gendefect in een van de eiwitten die betrokken zijn bij LDL-opname in de lever veroorzaakt zeer hoge LDL-spiegels in uw bloed.<\/p>\n<p>Nu weten we dat FH algemener is dan we dachten, het treft ongeveer 1 op de 200 tot 1 op de 300 personen. FH is een zogenaamde &#8216;autosomale dominante aandoening&#8217;, wat betekent dat de ziekte aanwezig zal zijn, ook als slechts \u00e9\u00e9n gen aangetast is. Kinderen met een ouder met de aandoening hebben 50% kans om het gen en de aandoening te erven.<\/p>\n<p>Betrokkenen hebben zeer hoge LDL-cholesterolspiegels tussen 190 mg\/dl (5 mmol\/l) en 400 mg\/dl (10 mmol\/l) en krijgen op jonge leeftijd hartziekten, hartaanvallen en beroertes. Mensen met FH ontwikkelen doorgaans al vanaf hun veertigste hartaandoeningen door hun hoge LDL-cholesterolniveaus gedurende hun hele leven. Aangezien FH een genetische aandoening is, zit het dus &#8216;in de familie&#8217;, wat betekent dat het op jonge leeftijd voorkomen van hartziekten (&lt;55 jaar voor mannen, &lt;60 jaar voor vrouwen) in de familie en\/of familieleden met een LDL-cholesterol van &gt; 190 mg\/dl tot het vermoeden van FH moeten leiden. Andere aanwijzingen kunnen gele cholesterolafzettingen zijn die op verschillende plaatsen worden waargenomen, zoals rond de oogleden (xanthelasma), een \u201cgeelachtige&#8221; ring rond de iris van het oog en\/of in de pezen van handen en ellebogen, en vaker de achillespees en andere pezen van de voeten.<\/p>\n<h3>Heb ik familiaire hypercholesterolemie?<\/h3>\n<p>Alleen een genetische test kan de aanwezigheid van FH aantonen, maar de diagnose kan ook zonder genetische tests worden gesteld.<\/p>\n<p>Als u een hoog cholesterolgehalte (LDL-C&gt;190 mg\/dl is gelijk aan &gt;5 mmol\/l) of cholesterolafzettingen in uw huid, ogen of pezen heeft, als een hoog LDL-cholesterolgehalte (LDL-C&gt;190 mg\/dl is gelijk aan &gt;5 mmol\/l) voorkomt in uw familie en als u of een van uw familieleden een hartaanval, een beroerte, een bypass-operatie heeft gehad of coronaire stents zijn geplaatst voordat hij\/zij 55-60 jaar was, moet u een cardioloog die zich richt op lipidenbehandeling, een endocrinoloog of de polikliniek voor lipidenpati\u00ebnten in uw ziekenhuis raadplegen.<\/p>\n<h3><strong>Behandeling<\/strong><\/h3>\n<p>Zodra familiaire hypercholesterolemie bij een familielid is gediagnosticeerd door middel van een genetische test, moeten alle familieleden worden ge\u00efnformeerd en getest. Een drager van het FH-gen loopt een hoog risico op hartziekte, daarom moet onmiddellijk worden begonnen met aanpassing van de levensstijl en lipidenverlagende medicatie, zelfs op jonge leeftijd! Wanneer FH vroeg wordt geconstateerd en behandeld, kunnen hartaandoeningen tientallen jaren uitgesteld worden. Bij FH-pati\u00ebnten zonder hart- of vaatziekten moet het LDL-cholesterol lager zijn dan 70 mg\/dl (1,8 mmol\/l), bij FH-pati\u00ebnten met hart- of vaatziekten moet het verder omlaag worden gebracht, tot onder 55 mg\/dl (1,4 mmol\/l).<\/p>\n<p>Veranderingen in levensstijl omvatten <a href=\"https:\/\/www.healthy-heart.org\/keep-your-heart-healthy\/heart-friendly-diet\/\">een gezond dieet<\/a>, <a href=\"https:\/\/www.healthy-heart.org\/living-with-heart-disease\/exercise-training\/\">regelmatige lichaamsbeweging<\/a> en <a href=\"https:\/\/www.healthy-heart.org\/keep-your-heart-healthy\/smoking\/\">niet roken<\/a> in welke vorm dan ook en daarmee moet meteen begonnen worden. Aangezien veranderingen in levensstijl doorgaans leiden tot een verlaging van de LDL-C-spiegels met ongeveer 10-15%, zijn aanvullende lipidenverlagende therapie\u00ebn (meestal statines) nodig. Het kan niet genoeg worden benadrukt dat vroegtijdige erkenning en behandeling de sleutel is tot voorkoming van onnodige en voortijdige hartaanvallen die het leven van jonge mensen dramatisch be\u00efnvloeden.<\/p>\n<p>&nbsp;<\/p>\n","protected":false},"excerpt":{"rendered":"<p>&nbsp; Wat is cholesterol? Cholesterol is een wasachtige, vettige stof in het bloed. Een deel van het cholesterol wordt aangemaakt door het lichaam, meestal in de lever en de rest komt van het eten van dierlijke producten zoals rood vlees, kaas, boter en eieren. Cholesterol is het hoofdbestanddeel van celmembranen (de buitenkant van cellen) en [&hellip;]<\/p>\n","protected":false},"author":1,"featured_media":3164,"parent":1678,"menu_order":2,"comment_status":"closed","ping_status":"closed","template":"","meta":{"_acf_changed":false,"footnotes":""},"categories":[54],"tags":[],"class_list":["post-1871","page","type-page","status-publish","has-post-thumbnail","hentry","category-houd-uw-hart-gezond"],"acf":[],"yoast_head":"<!-- This site is optimized with the Yoast SEO plugin v24.0 - https:\/\/yoast.com\/wordpress\/plugins\/seo\/ -->\n<title>Cholesterol - Healthy-Heart.org<\/title>\n<meta name=\"description\" content=\"Meer informatie over cholesterol, LDL, HDL, Lp(a), triglyceriden, familiaire hypercholesterolemie en alle behandelingen.\" \/>\n<meta name=\"robots\" content=\"index, follow, max-snippet:-1, max-image-preview:large, max-video-preview:-1\" \/>\n<link rel=\"canonical\" href=\"https:\/\/www.healthy-heart.org\/nl\/houd-uw-hart-gezond\/cholesterol\/\" \/>\n<meta property=\"og:locale\" content=\"nl_NL\" \/>\n<meta property=\"og:type\" content=\"article\" \/>\n<meta property=\"og:title\" content=\"Cholesterol - Healthy-Heart.org\" \/>\n<meta property=\"og:description\" content=\"Meer informatie over cholesterol, LDL, HDL, Lp(a), triglyceriden, familiaire hypercholesterolemie en alle behandelingen.\" \/>\n<meta property=\"og:url\" content=\"https:\/\/www.healthy-heart.org\/nl\/houd-uw-hart-gezond\/cholesterol\/\" \/>\n<meta property=\"og:site_name\" content=\"Healthy-Heart.org\" \/>\n<meta property=\"article:modified_time\" content=\"2021-02-02T14:02:21+00:00\" \/>\n<meta property=\"og:image\" content=\"https:\/\/www.healthy-heart.org\/wp-content\/uploads\/2019\/10\/Cholesterol-1.jpg\" \/>\n\t<meta property=\"og:image:width\" content=\"3267\" \/>\n\t<meta property=\"og:image:height\" content=\"2148\" \/>\n\t<meta property=\"og:image:type\" content=\"image\/jpeg\" \/>\n<meta name=\"twitter:card\" content=\"summary_large_image\" \/>\n<meta name=\"twitter:label1\" content=\"Geschatte leestijd\" \/>\n\t<meta name=\"twitter:data1\" content=\"6 minuten\" \/>\n<script type=\"application\/ld+json\" class=\"yoast-schema-graph\">{\"@context\":\"https:\/\/schema.org\",\"@graph\":[{\"@type\":\"WebPage\",\"@id\":\"https:\/\/www.healthy-heart.org\/nl\/houd-uw-hart-gezond\/cholesterol\/\",\"url\":\"https:\/\/www.healthy-heart.org\/nl\/houd-uw-hart-gezond\/cholesterol\/\",\"name\":\"Cholesterol - Healthy-Heart.org\",\"isPartOf\":{\"@id\":\"https:\/\/www.healthy-heart.org\/es\/#website\"},\"primaryImageOfPage\":{\"@id\":\"https:\/\/www.healthy-heart.org\/nl\/houd-uw-hart-gezond\/cholesterol\/#primaryimage\"},\"image\":{\"@id\":\"https:\/\/www.healthy-heart.org\/nl\/houd-uw-hart-gezond\/cholesterol\/#primaryimage\"},\"thumbnailUrl\":\"https:\/\/www.healthy-heart.org\/wp-content\/uploads\/2019\/10\/Cholesterol-1.jpg\",\"datePublished\":\"2019-10-07T17:03:39+00:00\",\"dateModified\":\"2021-02-02T14:02:21+00:00\",\"description\":\"Meer informatie over cholesterol, LDL, HDL, Lp(a), triglyceriden, familiaire hypercholesterolemie en alle behandelingen.\",\"breadcrumb\":{\"@id\":\"https:\/\/www.healthy-heart.org\/nl\/houd-uw-hart-gezond\/cholesterol\/#breadcrumb\"},\"inLanguage\":\"nl-NL\",\"potentialAction\":[{\"@type\":\"ReadAction\",\"target\":[\"https:\/\/www.healthy-heart.org\/nl\/houd-uw-hart-gezond\/cholesterol\/\"]}]},{\"@type\":\"ImageObject\",\"inLanguage\":\"nl-NL\",\"@id\":\"https:\/\/www.healthy-heart.org\/nl\/houd-uw-hart-gezond\/cholesterol\/#primaryimage\",\"url\":\"https:\/\/www.healthy-heart.org\/wp-content\/uploads\/2019\/10\/Cholesterol-1.jpg\",\"contentUrl\":\"https:\/\/www.healthy-heart.org\/wp-content\/uploads\/2019\/10\/Cholesterol-1.jpg\",\"width\":3267,\"height\":2148},{\"@type\":\"BreadcrumbList\",\"@id\":\"https:\/\/www.healthy-heart.org\/nl\/houd-uw-hart-gezond\/cholesterol\/#breadcrumb\",\"itemListElement\":[{\"@type\":\"ListItem\",\"position\":1,\"name\":\"Home\",\"item\":\"https:\/\/www.healthy-heart.org\/nl\/\"},{\"@type\":\"ListItem\",\"position\":2,\"name\":\"Houd uw hart gezond\",\"item\":\"https:\/\/www.healthy-heart.org\/nl\/houd-uw-hart-gezond\/\"},{\"@type\":\"ListItem\",\"position\":3,\"name\":\"Cholesterol\"}]},{\"@type\":\"WebSite\",\"@id\":\"https:\/\/www.healthy-heart.org\/es\/#website\",\"url\":\"https:\/\/www.healthy-heart.org\/es\/\",\"name\":\"Healthy-Heart.org\",\"description\":\"Practical advice for patients and family care givers on the prevention of cardiovascular disease\",\"potentialAction\":[{\"@type\":\"SearchAction\",\"target\":{\"@type\":\"EntryPoint\",\"urlTemplate\":\"https:\/\/www.healthy-heart.org\/es\/?s={search_term_string}\"},\"query-input\":{\"@type\":\"PropertyValueSpecification\",\"valueRequired\":true,\"valueName\":\"search_term_string\"}}],\"inLanguage\":\"nl-NL\"}]}<\/script>\n<!-- \/ Yoast SEO plugin. -->","yoast_head_json":{"title":"Cholesterol - Healthy-Heart.org","description":"Meer informatie over cholesterol, LDL, HDL, Lp(a), triglyceriden, familiaire hypercholesterolemie en alle behandelingen.","robots":{"index":"index","follow":"follow","max-snippet":"max-snippet:-1","max-image-preview":"max-image-preview:large","max-video-preview":"max-video-preview:-1"},"canonical":"https:\/\/www.healthy-heart.org\/nl\/houd-uw-hart-gezond\/cholesterol\/","og_locale":"nl_NL","og_type":"article","og_title":"Cholesterol - Healthy-Heart.org","og_description":"Meer informatie over cholesterol, LDL, HDL, Lp(a), triglyceriden, familiaire hypercholesterolemie en alle behandelingen.","og_url":"https:\/\/www.healthy-heart.org\/nl\/houd-uw-hart-gezond\/cholesterol\/","og_site_name":"Healthy-Heart.org","article_modified_time":"2021-02-02T14:02:21+00:00","og_image":[{"width":3267,"height":2148,"url":"https:\/\/www.healthy-heart.org\/wp-content\/uploads\/2019\/10\/Cholesterol-1.jpg","type":"image\/jpeg"}],"twitter_card":"summary_large_image","twitter_misc":{"Geschatte leestijd":"6 minuten"},"schema":{"@context":"https:\/\/schema.org","@graph":[{"@type":"WebPage","@id":"https:\/\/www.healthy-heart.org\/nl\/houd-uw-hart-gezond\/cholesterol\/","url":"https:\/\/www.healthy-heart.org\/nl\/houd-uw-hart-gezond\/cholesterol\/","name":"Cholesterol - Healthy-Heart.org","isPartOf":{"@id":"https:\/\/www.healthy-heart.org\/es\/#website"},"primaryImageOfPage":{"@id":"https:\/\/www.healthy-heart.org\/nl\/houd-uw-hart-gezond\/cholesterol\/#primaryimage"},"image":{"@id":"https:\/\/www.healthy-heart.org\/nl\/houd-uw-hart-gezond\/cholesterol\/#primaryimage"},"thumbnailUrl":"https:\/\/www.healthy-heart.org\/wp-content\/uploads\/2019\/10\/Cholesterol-1.jpg","datePublished":"2019-10-07T17:03:39+00:00","dateModified":"2021-02-02T14:02:21+00:00","description":"Meer informatie over cholesterol, LDL, HDL, Lp(a), triglyceriden, familiaire hypercholesterolemie en alle behandelingen.","breadcrumb":{"@id":"https:\/\/www.healthy-heart.org\/nl\/houd-uw-hart-gezond\/cholesterol\/#breadcrumb"},"inLanguage":"nl-NL","potentialAction":[{"@type":"ReadAction","target":["https:\/\/www.healthy-heart.org\/nl\/houd-uw-hart-gezond\/cholesterol\/"]}]},{"@type":"ImageObject","inLanguage":"nl-NL","@id":"https:\/\/www.healthy-heart.org\/nl\/houd-uw-hart-gezond\/cholesterol\/#primaryimage","url":"https:\/\/www.healthy-heart.org\/wp-content\/uploads\/2019\/10\/Cholesterol-1.jpg","contentUrl":"https:\/\/www.healthy-heart.org\/wp-content\/uploads\/2019\/10\/Cholesterol-1.jpg","width":3267,"height":2148},{"@type":"BreadcrumbList","@id":"https:\/\/www.healthy-heart.org\/nl\/houd-uw-hart-gezond\/cholesterol\/#breadcrumb","itemListElement":[{"@type":"ListItem","position":1,"name":"Home","item":"https:\/\/www.healthy-heart.org\/nl\/"},{"@type":"ListItem","position":2,"name":"Houd uw hart gezond","item":"https:\/\/www.healthy-heart.org\/nl\/houd-uw-hart-gezond\/"},{"@type":"ListItem","position":3,"name":"Cholesterol"}]},{"@type":"WebSite","@id":"https:\/\/www.healthy-heart.org\/es\/#website","url":"https:\/\/www.healthy-heart.org\/es\/","name":"Healthy-Heart.org","description":"Practical advice for patients and family care givers on the prevention of cardiovascular disease","potentialAction":[{"@type":"SearchAction","target":{"@type":"EntryPoint","urlTemplate":"https:\/\/www.healthy-heart.org\/es\/?s={search_term_string}"},"query-input":{"@type":"PropertyValueSpecification","valueRequired":true,"valueName":"search_term_string"}}],"inLanguage":"nl-NL"}]}},"_links":{"self":[{"href":"https:\/\/www.healthy-heart.org\/nl\/wp-json\/wp\/v2\/pages\/1871","targetHints":{"allow":["GET"]}}],"collection":[{"href":"https:\/\/www.healthy-heart.org\/nl\/wp-json\/wp\/v2\/pages"}],"about":[{"href":"https:\/\/www.healthy-heart.org\/nl\/wp-json\/wp\/v2\/types\/page"}],"author":[{"embeddable":true,"href":"https:\/\/www.healthy-heart.org\/nl\/wp-json\/wp\/v2\/users\/1"}],"replies":[{"embeddable":true,"href":"https:\/\/www.healthy-heart.org\/nl\/wp-json\/wp\/v2\/comments?post=1871"}],"version-history":[{"count":10,"href":"https:\/\/www.healthy-heart.org\/nl\/wp-json\/wp\/v2\/pages\/1871\/revisions"}],"predecessor-version":[{"id":5080,"href":"https:\/\/www.healthy-heart.org\/nl\/wp-json\/wp\/v2\/pages\/1871\/revisions\/5080"}],"up":[{"embeddable":true,"href":"https:\/\/www.healthy-heart.org\/nl\/wp-json\/wp\/v2\/pages\/1678"}],"wp:featuredmedia":[{"embeddable":true,"href":"https:\/\/www.healthy-heart.org\/nl\/wp-json\/wp\/v2\/media\/3164"}],"wp:attachment":[{"href":"https:\/\/www.healthy-heart.org\/nl\/wp-json\/wp\/v2\/media?parent=1871"}],"wp:term":[{"taxonomy":"category","embeddable":true,"href":"https:\/\/www.healthy-heart.org\/nl\/wp-json\/wp\/v2\/categories?post=1871"},{"taxonomy":"post_tag","embeddable":true,"href":"https:\/\/www.healthy-heart.org\/nl\/wp-json\/wp\/v2\/tags?post=1871"}],"curies":[{"name":"wp","href":"https:\/\/api.w.org\/{rel}","templated":true}]}}