{"id":1762,"date":"2019-10-07T17:54:32","date_gmt":"2019-10-07T16:54:32","guid":{"rendered":"https:\/\/www.healthy-heart.org\/over-het-esc\/"},"modified":"2019-10-23T13:58:05","modified_gmt":"2019-10-23T12:58:05","slug":"over-het-esc","status":"publish","type":"page","link":"https:\/\/www.healthy-heart.org\/nl\/over-het-esc\/","title":{"rendered":"Over het ESC"},"content":{"rendered":"<p>We zijn een non-profit medische vereniging onder leiding van cardiovasculaire professionals die vrijwillig hun tijd en expertise ter beschikking stellen.<br \/>\nWe richten ons op het voorkomen, diagnosticeren en behandelen van aandoeningen van het hart en de bloedvaten.<br \/>\nWe geloven dat de omvang van hart- en vaatziekten kan worden verminderd door samenwerking en onderzoek. Daarom verenigen wij nationale hart- en vaatverenigingen, cardiovasculaire subspecialiteiten en individuele ESC-leden van over de hele wereld.<br \/>\nWe verspreiden de recentste, wetenschappelijk onderbouwde kennis onder cardiovasculaire professionals, zodat zij betere zorg kunnen verlenen aan hun pati\u00ebnten.<\/p>\n<p>De European Society of Cardiology (ESC) is een organisatie die onder nummer W061005017 is geregistreerd overeenkomstig de Franse Verenigingswet van 1901.<br \/>\nStatutaire zetel: Soci\u00e9t\u00e9 Europ\u00e9enne de Cardiologie, 2035 route des Colles, Les Templiers, CS 80179 Biot, 06903 Sophia Antipolis, Frankrijk.<\/p>\n<p>Ga voor meer informatie naar de <a href=\"https:\/\/www.escardio.org\/\">website van ESC<\/a>.<\/p>\n<p>&nbsp;<\/p>\n<h2>Over healthy-heart.org<\/h2>\n<p>Een groot aantal mensen over de hele wereld loopt risico op een cardiovasculair incident, zoals een hartaanval of beroerte. De kans op een dergelijk voorval en de kans om eraan te sterven is groter bij pati\u00ebnten die hun levensstijl niet verbeteren of geen medicijnen gebruiken om hun bloeddruk of schadelijke cholesterolspiegels te verlagen.<\/p>\n<p>Het doel van deze website is het verstrekken van duidelijke, praktische adviezen aan het publiek over hoe hart- en vaatziekten kunnen worden voorkomen. Deze zijn afgeleid van de huidige richtlijnen voor de klinische praktijk en is geschreven door vooraanstaande deskundigen op het gebied van cardiovasculaire preventie.<\/p>\n<p>Deze informatie is bedoeld als aanvulling op, en niet ter vervanging van, de ondersteuning en zorg die u van uw arts of andere zorgverlener ontvangt.<\/p>\n","protected":false},"excerpt":{"rendered":"<p>We zijn een non-profit medische vereniging onder leiding van cardiovasculaire professionals die vrijwillig hun tijd en expertise ter beschikking stellen. We richten ons op het voorkomen, diagnosticeren en behandelen van aandoeningen van het hart en de bloedvaten. We geloven dat de omvang van hart- en vaatziekten kan worden verminderd door samenwerking en onderzoek. Daarom verenigen [&hellip;]<\/p>\n","protected":false},"author":1,"featured_media":1657,"parent":0,"menu_order":0,"comment_status":"closed","ping_status":"closed","template":"templates\/full.php","meta":{"_acf_changed":false,"footnotes":""},"categories":[],"tags":[],"class_list":["post-1762","page","type-page","status-publish","has-post-thumbnail","hentry"],"acf":[],"yoast_head":"<!-- This site is optimized with the Yoast SEO plugin v24.0 - https:\/\/yoast.com\/wordpress\/plugins\/seo\/ -->\n<title>Over ESC - Healthy-Heart.org<\/title>\n<meta name=\"description\" content=\"Medische vereniging zonder winstoogmerk onder leiding van cardiovasculaire professionals gericht op preventie, diagnose en behandeling van hartaandoeningen.\" \/>\n<meta name=\"robots\" content=\"index, follow, max-snippet:-1, max-image-preview:large, max-video-preview:-1\" \/>\n<link rel=\"canonical\" href=\"https:\/\/www.healthy-heart.org\/nl\/over-het-esc\/\" \/>\n<meta property=\"og:locale\" content=\"nl_NL\" \/>\n<meta property=\"og:type\" content=\"article\" \/>\n<meta property=\"og:title\" content=\"Over ESC - Healthy-Heart.org\" \/>\n<meta property=\"og:description\" content=\"Medische vereniging zonder winstoogmerk onder leiding van cardiovasculaire professionals gericht op preventie, diagnose en behandeling van hartaandoeningen.\" \/>\n<meta property=\"og:url\" content=\"https:\/\/www.healthy-heart.org\/nl\/over-het-esc\/\" \/>\n<meta property=\"og:site_name\" content=\"Healthy-Heart.org\" \/>\n<meta property=\"article:modified_time\" content=\"2019-10-23T12:58:05+00:00\" \/>\n<meta property=\"og:image\" content=\"https:\/\/www.healthy-heart.org\/wp-content\/uploads\/2019\/07\/iStock-953674568-1024x683.jpg\" \/>\n\t<meta property=\"og:image:width\" content=\"1024\" \/>\n\t<meta property=\"og:image:height\" content=\"683\" \/>\n\t<meta property=\"og:image:type\" content=\"image\/jpeg\" \/>\n<meta name=\"twitter:card\" content=\"summary_large_image\" \/>\n<meta name=\"twitter:label1\" content=\"Geschatte leestijd\" \/>\n\t<meta name=\"twitter:data1\" content=\"1 minuut\" \/>\n<script type=\"application\/ld+json\" class=\"yoast-schema-graph\">{\"@context\":\"https:\/\/schema.org\",\"@graph\":[{\"@type\":\"WebPage\",\"@id\":\"https:\/\/www.healthy-heart.org\/nl\/over-het-esc\/\",\"url\":\"https:\/\/www.healthy-heart.org\/nl\/over-het-esc\/\",\"name\":\"Over ESC - Healthy-Heart.org\",\"isPartOf\":{\"@id\":\"https:\/\/www.healthy-heart.org\/es\/#website\"},\"primaryImageOfPage\":{\"@id\":\"https:\/\/www.healthy-heart.org\/nl\/over-het-esc\/#primaryimage\"},\"image\":{\"@id\":\"https:\/\/www.healthy-heart.org\/nl\/over-het-esc\/#primaryimage\"},\"thumbnailUrl\":\"https:\/\/www.healthy-heart.org\/wp-content\/uploads\/2019\/07\/iStock-953674568.jpg\",\"datePublished\":\"2019-10-07T16:54:32+00:00\",\"dateModified\":\"2019-10-23T12:58:05+00:00\",\"description\":\"Medische vereniging zonder winstoogmerk onder leiding van cardiovasculaire professionals gericht op preventie, diagnose en behandeling van hartaandoeningen.\",\"breadcrumb\":{\"@id\":\"https:\/\/www.healthy-heart.org\/nl\/over-het-esc\/#breadcrumb\"},\"inLanguage\":\"nl-NL\",\"potentialAction\":[{\"@type\":\"ReadAction\",\"target\":[\"https:\/\/www.healthy-heart.org\/nl\/over-het-esc\/\"]}]},{\"@type\":\"ImageObject\",\"inLanguage\":\"nl-NL\",\"@id\":\"https:\/\/www.healthy-heart.org\/nl\/over-het-esc\/#primaryimage\",\"url\":\"https:\/\/www.healthy-heart.org\/wp-content\/uploads\/2019\/07\/iStock-953674568.jpg\",\"contentUrl\":\"https:\/\/www.healthy-heart.org\/wp-content\/uploads\/2019\/07\/iStock-953674568.jpg\",\"width\":3548,\"height\":2365},{\"@type\":\"BreadcrumbList\",\"@id\":\"https:\/\/www.healthy-heart.org\/nl\/over-het-esc\/#breadcrumb\",\"itemListElement\":[{\"@type\":\"ListItem\",\"position\":1,\"name\":\"Home\",\"item\":\"https:\/\/www.healthy-heart.org\/nl\/\"},{\"@type\":\"ListItem\",\"position\":2,\"name\":\"Over het ESC\"}]},{\"@type\":\"WebSite\",\"@id\":\"https:\/\/www.healthy-heart.org\/es\/#website\",\"url\":\"https:\/\/www.healthy-heart.org\/es\/\",\"name\":\"Healthy-Heart.org\",\"description\":\"Practical advice for patients and family care givers on the prevention of cardiovascular disease\",\"potentialAction\":[{\"@type\":\"SearchAction\",\"target\":{\"@type\":\"EntryPoint\",\"urlTemplate\":\"https:\/\/www.healthy-heart.org\/es\/?s={search_term_string}\"},\"query-input\":{\"@type\":\"PropertyValueSpecification\",\"valueRequired\":true,\"valueName\":\"search_term_string\"}}],\"inLanguage\":\"nl-NL\"}]}<\/script>\n<!-- \/ Yoast SEO plugin. -->","yoast_head_json":{"title":"Over ESC - Healthy-Heart.org","description":"Medische vereniging zonder winstoogmerk onder leiding van cardiovasculaire professionals gericht op preventie, diagnose en behandeling van hartaandoeningen.","robots":{"index":"index","follow":"follow","max-snippet":"max-snippet:-1","max-image-preview":"max-image-preview:large","max-video-preview":"max-video-preview:-1"},"canonical":"https:\/\/www.healthy-heart.org\/nl\/over-het-esc\/","og_locale":"nl_NL","og_type":"article","og_title":"Over ESC - Healthy-Heart.org","og_description":"Medische vereniging zonder winstoogmerk onder leiding van cardiovasculaire professionals gericht op preventie, diagnose en behandeling van hartaandoeningen.","og_url":"https:\/\/www.healthy-heart.org\/nl\/over-het-esc\/","og_site_name":"Healthy-Heart.org","article_modified_time":"2019-10-23T12:58:05+00:00","og_image":[{"width":1024,"height":683,"url":"https:\/\/www.healthy-heart.org\/wp-content\/uploads\/2019\/07\/iStock-953674568-1024x683.jpg","type":"image\/jpeg"}],"twitter_card":"summary_large_image","twitter_misc":{"Geschatte leestijd":"1 minuut"},"schema":{"@context":"https:\/\/schema.org","@graph":[{"@type":"WebPage","@id":"https:\/\/www.healthy-heart.org\/nl\/over-het-esc\/","url":"https:\/\/www.healthy-heart.org\/nl\/over-het-esc\/","name":"Over ESC - Healthy-Heart.org","isPartOf":{"@id":"https:\/\/www.healthy-heart.org\/es\/#website"},"primaryImageOfPage":{"@id":"https:\/\/www.healthy-heart.org\/nl\/over-het-esc\/#primaryimage"},"image":{"@id":"https:\/\/www.healthy-heart.org\/nl\/over-het-esc\/#primaryimage"},"thumbnailUrl":"https:\/\/www.healthy-heart.org\/wp-content\/uploads\/2019\/07\/iStock-953674568.jpg","datePublished":"2019-10-07T16:54:32+00:00","dateModified":"2019-10-23T12:58:05+00:00","description":"Medische vereniging zonder winstoogmerk onder leiding van cardiovasculaire professionals gericht op preventie, diagnose en behandeling van hartaandoeningen.","breadcrumb":{"@id":"https:\/\/www.healthy-heart.org\/nl\/over-het-esc\/#breadcrumb"},"inLanguage":"nl-NL","potentialAction":[{"@type":"ReadAction","target":["https:\/\/www.healthy-heart.org\/nl\/over-het-esc\/"]}]},{"@type":"ImageObject","inLanguage":"nl-NL","@id":"https:\/\/www.healthy-heart.org\/nl\/over-het-esc\/#primaryimage","url":"https:\/\/www.healthy-heart.org\/wp-content\/uploads\/2019\/07\/iStock-953674568.jpg","contentUrl":"https:\/\/www.healthy-heart.org\/wp-content\/uploads\/2019\/07\/iStock-953674568.jpg","width":3548,"height":2365},{"@type":"BreadcrumbList","@id":"https:\/\/www.healthy-heart.org\/nl\/over-het-esc\/#breadcrumb","itemListElement":[{"@type":"ListItem","position":1,"name":"Home","item":"https:\/\/www.healthy-heart.org\/nl\/"},{"@type":"ListItem","position":2,"name":"Over het ESC"}]},{"@type":"WebSite","@id":"https:\/\/www.healthy-heart.org\/es\/#website","url":"https:\/\/www.healthy-heart.org\/es\/","name":"Healthy-Heart.org","description":"Practical advice for patients and family care givers on the prevention of cardiovascular disease","potentialAction":[{"@type":"SearchAction","target":{"@type":"EntryPoint","urlTemplate":"https:\/\/www.healthy-heart.org\/es\/?s={search_term_string}"},"query-input":{"@type":"PropertyValueSpecification","valueRequired":true,"valueName":"search_term_string"}}],"inLanguage":"nl-NL"}]}},"_links":{"self":[{"href":"https:\/\/www.healthy-heart.org\/nl\/wp-json\/wp\/v2\/pages\/1762","targetHints":{"allow":["GET"]}}],"collection":[{"href":"https:\/\/www.healthy-heart.org\/nl\/wp-json\/wp\/v2\/pages"}],"about":[{"href":"https:\/\/www.healthy-heart.org\/nl\/wp-json\/wp\/v2\/types\/page"}],"author":[{"embeddable":true,"href":"https:\/\/www.healthy-heart.org\/nl\/wp-json\/wp\/v2\/users\/1"}],"replies":[{"embeddable":true,"href":"https:\/\/www.healthy-heart.org\/nl\/wp-json\/wp\/v2\/comments?post=1762"}],"version-history":[{"count":2,"href":"https:\/\/www.healthy-heart.org\/nl\/wp-json\/wp\/v2\/pages\/1762\/revisions"}],"predecessor-version":[{"id":3497,"href":"https:\/\/www.healthy-heart.org\/nl\/wp-json\/wp\/v2\/pages\/1762\/revisions\/3497"}],"wp:featuredmedia":[{"embeddable":true,"href":"https:\/\/www.healthy-heart.org\/nl\/wp-json\/wp\/v2\/media\/1657"}],"wp:attachment":[{"href":"https:\/\/www.healthy-heart.org\/nl\/wp-json\/wp\/v2\/media?parent=1762"}],"wp:term":[{"taxonomy":"category","embeddable":true,"href":"https:\/\/www.healthy-heart.org\/nl\/wp-json\/wp\/v2\/categories?post=1762"},{"taxonomy":"post_tag","embeddable":true,"href":"https:\/\/www.healthy-heart.org\/nl\/wp-json\/wp\/v2\/tags?post=1762"}],"curies":[{"name":"wp","href":"https:\/\/api.w.org\/{rel}","templated":true}]}}