{"id":1738,"date":"2019-10-07T17:53:22","date_gmt":"2019-10-07T16:53:22","guid":{"rendered":"https:\/\/www.healthy-heart.org\/ondersteuning-door-familie\/"},"modified":"2019-10-23T13:52:58","modified_gmt":"2019-10-23T12:52:58","slug":"ondersteuning-door-familie","status":"publish","type":"page","link":"https:\/\/www.healthy-heart.org\/nl\/leven-met-een-hart-en-vaatziekte\/ondersteuning-door-familie\/","title":{"rendered":"Ondersteuning door familie"},"content":{"rendered":"<p><img loading=\"lazy\" decoding=\"async\" class=\"alignright size-medium wp-image-565\" src=\"https:\/\/www.healthy-heart.org\/wp-content\/uploads\/2019\/07\/iStock-1055062378-350x233.jpg\" alt=\"\" width=\"350\" height=\"233\" \/><br \/>\nUw partner en naaste familie kunnen een essenti\u00eble bron van ondersteuning, aanmoediging en motivatie zijn tijdens het herstel van een hartziekte. Veel stellen hebben gezegd dat het hartprobleem hen dichter bij elkaar bracht.<\/p>\n<p>Cardiovasculaire voorvallen kunnen schokkend zijn voor gezinnen. De gezinsleden voelen zich vaak machteloos en angstig over de ziekte, ziekenhuisopname en behandeling. Partners kunnen zich zorgen maken over de volgende stappen voor de gezondheid van hun naaste. Negatieve gevoelens kunnen naar voren komen, zoals schuldgevoel (had ik maar &#8230;), stemmingswisselingen en zorgen over de financi\u00eble gevolgen. Dit kan de kwaliteit van de relatie en het herstel van de pati\u00ebnt be\u00efnvloeden. Het is daarom van cruciaal belang dat familieleden goed voor zichzelf blijven zorgen. Dat betekent voldoende slaap en ontspanning, een <a href=\"https:\/\/www.healthy-heart.org\/keep-your-heart-healthy\/take-control-of-your-lifestyle\/\">gezonde levensstijl <\/a>en activiteiten uitvoeren die ze leuk vinden.<\/p>\n<p>Partners voelen zich vaak verantwoordelijk voor de gezondheid van de pati\u00ebnt en negeren hun eigen behoeften. Ze kunnen extra huishoudelijke taken op zich nemen, proberen constant beschikbaar te zijn en de activiteiten van de pati\u00ebnt te beperken omdat ze bang zijn voor negatieve effecten op het hart. Pati\u00ebnten kunnen dit ervaren als overbezorgdheid en controlerend en kunnen hun gevoelens en gedachten verbergen om de partner te beschermen tegen zorgen. Er kan sprake zijn van wederzijdse irritatie, wat niet bevorderlijk is voor de relatie of het herstelproces. Een succesvolle aanpassing aan leven met een hart- en vaatziekten vereist open en eerlijk zijn en erkenning van elkaars individualiteit.<\/p>\n<p>De partner en directe familie betrekken bij <a href=\"https:\/\/www.healthy-heart.org\/living-with-heart-disease\/improve-your-heart-condition\/\">het<\/a> hartrevalidatieprogramma is een unieke kans om de krachten te bundelen in het herstelproces en gezamenlijke beslissingen te nemen over gezondheidsaanpassingen. Samen ge\u00efnformeerd worden over de medische aspecten van het hartprobleem, advies krijgen over <a href=\"https:\/\/www.healthy-heart.org\/keep-your-heart-healthy\/heart-friendly-diet\/\">}gezonde voeding<\/a> en de vooruitgang zien van de pati\u00ebnt tijdens de trainingssessies stimuleert immers elk familielid om verantwoordelijkheid te nemen voor zijn\/haar eigen rol. Sommige revalidatieprogramma&#8217;s bieden een partnersessie, waarin onderwerpen zoals communicatie, omgaan met het hartprobleem als koppel en <a href=\"https:\/\/www.healthy-heart.org\/living-with-heart-disease\/sex-and-heart-disease\/\">zorgen over het seksleven<\/a> worden besproken.<\/p>\n","protected":false},"excerpt":{"rendered":"<p>Uw partner en naaste familie kunnen een essenti\u00eble bron van ondersteuning, aanmoediging en motivatie zijn tijdens het herstel van een hartziekte. Veel stellen hebben gezegd dat het hartprobleem hen dichter bij elkaar bracht. Cardiovasculaire voorvallen kunnen schokkend zijn voor gezinnen. De gezinsleden voelen zich vaak machteloos en angstig over de ziekte, ziekenhuisopname en behandeling. Partners [&hellip;]<\/p>\n","protected":false},"author":1,"featured_media":566,"parent":1861,"menu_order":9,"comment_status":"closed","ping_status":"closed","template":"","meta":{"_acf_changed":false,"footnotes":""},"categories":[59],"tags":[],"class_list":["post-1738","page","type-page","status-publish","has-post-thumbnail","hentry","category-leven-met-een-hart-en-vaatziekte"],"acf":[],"yoast_head":"<!-- This site is optimized with the Yoast SEO plugin v24.0 - https:\/\/yoast.com\/wordpress\/plugins\/seo\/ -->\n<title>Ondersteuning door familie- Healthy-Heart.org<\/title>\n<meta name=\"description\" content=\"Een partner of familie kan een essenti\u00eble bron van ondersteuning en motivatie zijn bij het herstellen van een hartziekte.\" \/>\n<meta name=\"robots\" content=\"index, follow, max-snippet:-1, max-image-preview:large, max-video-preview:-1\" \/>\n<link rel=\"canonical\" href=\"https:\/\/www.healthy-heart.org\/nl\/leven-met-een-hart-en-vaatziekte\/ondersteuning-door-familie\/\" \/>\n<meta property=\"og:locale\" content=\"nl_NL\" \/>\n<meta property=\"og:type\" content=\"article\" \/>\n<meta property=\"og:title\" content=\"Ondersteuning door familie- Healthy-Heart.org\" \/>\n<meta property=\"og:description\" content=\"Een partner of familie kan een essenti\u00eble bron van ondersteuning en motivatie zijn bij het herstellen van een hartziekte.\" \/>\n<meta property=\"og:url\" content=\"https:\/\/www.healthy-heart.org\/nl\/leven-met-een-hart-en-vaatziekte\/ondersteuning-door-familie\/\" \/>\n<meta property=\"og:site_name\" content=\"Healthy-Heart.org\" \/>\n<meta property=\"article:modified_time\" content=\"2019-10-23T12:52:58+00:00\" \/>\n<meta property=\"og:image\" content=\"https:\/\/www.healthy-heart.org\/wp-content\/uploads\/2019\/07\/iStock-1055062378-1024x683.jpg\" \/>\n\t<meta property=\"og:image:width\" content=\"1024\" \/>\n\t<meta property=\"og:image:height\" content=\"683\" \/>\n\t<meta property=\"og:image:type\" content=\"image\/jpeg\" \/>\n<meta name=\"twitter:card\" content=\"summary_large_image\" \/>\n<meta name=\"twitter:label1\" content=\"Geschatte leestijd\" \/>\n\t<meta name=\"twitter:data1\" content=\"2 minuten\" \/>\n<script type=\"application\/ld+json\" class=\"yoast-schema-graph\">{\"@context\":\"https:\/\/schema.org\",\"@graph\":[{\"@type\":\"WebPage\",\"@id\":\"https:\/\/www.healthy-heart.org\/nl\/leven-met-een-hart-en-vaatziekte\/ondersteuning-door-familie\/\",\"url\":\"https:\/\/www.healthy-heart.org\/nl\/leven-met-een-hart-en-vaatziekte\/ondersteuning-door-familie\/\",\"name\":\"Ondersteuning door familie- Healthy-Heart.org\",\"isPartOf\":{\"@id\":\"https:\/\/www.healthy-heart.org\/es\/#website\"},\"primaryImageOfPage\":{\"@id\":\"https:\/\/www.healthy-heart.org\/nl\/leven-met-een-hart-en-vaatziekte\/ondersteuning-door-familie\/#primaryimage\"},\"image\":{\"@id\":\"https:\/\/www.healthy-heart.org\/nl\/leven-met-een-hart-en-vaatziekte\/ondersteuning-door-familie\/#primaryimage\"},\"thumbnailUrl\":\"https:\/\/www.healthy-heart.org\/wp-content\/uploads\/2019\/07\/iStock-1055062378.jpg\",\"datePublished\":\"2019-10-07T16:53:22+00:00\",\"dateModified\":\"2019-10-23T12:52:58+00:00\",\"description\":\"Een partner of familie kan een essenti\u00eble bron van ondersteuning en motivatie zijn bij het herstellen van een hartziekte.\",\"breadcrumb\":{\"@id\":\"https:\/\/www.healthy-heart.org\/nl\/leven-met-een-hart-en-vaatziekte\/ondersteuning-door-familie\/#breadcrumb\"},\"inLanguage\":\"nl-NL\",\"potentialAction\":[{\"@type\":\"ReadAction\",\"target\":[\"https:\/\/www.healthy-heart.org\/nl\/leven-met-een-hart-en-vaatziekte\/ondersteuning-door-familie\/\"]}]},{\"@type\":\"ImageObject\",\"inLanguage\":\"nl-NL\",\"@id\":\"https:\/\/www.healthy-heart.org\/nl\/leven-met-een-hart-en-vaatziekte\/ondersteuning-door-familie\/#primaryimage\",\"url\":\"https:\/\/www.healthy-heart.org\/wp-content\/uploads\/2019\/07\/iStock-1055062378.jpg\",\"contentUrl\":\"https:\/\/www.healthy-heart.org\/wp-content\/uploads\/2019\/07\/iStock-1055062378.jpg\",\"width\":8256,\"height\":5504,\"caption\":\"Art work. Kind blonde pressing lips while looking downwards at family tree\"},{\"@type\":\"BreadcrumbList\",\"@id\":\"https:\/\/www.healthy-heart.org\/nl\/leven-met-een-hart-en-vaatziekte\/ondersteuning-door-familie\/#breadcrumb\",\"itemListElement\":[{\"@type\":\"ListItem\",\"position\":1,\"name\":\"Home\",\"item\":\"https:\/\/www.healthy-heart.org\/nl\/\"},{\"@type\":\"ListItem\",\"position\":2,\"name\":\"Leven met een hart- en vaatziekte\",\"item\":\"https:\/\/www.healthy-heart.org\/nl\/leven-met-een-hart-en-vaatziekte\/\"},{\"@type\":\"ListItem\",\"position\":3,\"name\":\"Ondersteuning door familie\"}]},{\"@type\":\"WebSite\",\"@id\":\"https:\/\/www.healthy-heart.org\/es\/#website\",\"url\":\"https:\/\/www.healthy-heart.org\/es\/\",\"name\":\"Healthy-Heart.org\",\"description\":\"Practical advice for patients and family care givers on the prevention of cardiovascular disease\",\"potentialAction\":[{\"@type\":\"SearchAction\",\"target\":{\"@type\":\"EntryPoint\",\"urlTemplate\":\"https:\/\/www.healthy-heart.org\/es\/?s={search_term_string}\"},\"query-input\":{\"@type\":\"PropertyValueSpecification\",\"valueRequired\":true,\"valueName\":\"search_term_string\"}}],\"inLanguage\":\"nl-NL\"}]}<\/script>\n<!-- \/ Yoast SEO plugin. -->","yoast_head_json":{"title":"Ondersteuning door familie- Healthy-Heart.org","description":"Een partner of familie kan een essenti\u00eble bron van ondersteuning en motivatie zijn bij het herstellen van een hartziekte.","robots":{"index":"index","follow":"follow","max-snippet":"max-snippet:-1","max-image-preview":"max-image-preview:large","max-video-preview":"max-video-preview:-1"},"canonical":"https:\/\/www.healthy-heart.org\/nl\/leven-met-een-hart-en-vaatziekte\/ondersteuning-door-familie\/","og_locale":"nl_NL","og_type":"article","og_title":"Ondersteuning door familie- Healthy-Heart.org","og_description":"Een partner of familie kan een essenti\u00eble bron van ondersteuning en motivatie zijn bij het herstellen van een hartziekte.","og_url":"https:\/\/www.healthy-heart.org\/nl\/leven-met-een-hart-en-vaatziekte\/ondersteuning-door-familie\/","og_site_name":"Healthy-Heart.org","article_modified_time":"2019-10-23T12:52:58+00:00","og_image":[{"width":1024,"height":683,"url":"https:\/\/www.healthy-heart.org\/wp-content\/uploads\/2019\/07\/iStock-1055062378-1024x683.jpg","type":"image\/jpeg"}],"twitter_card":"summary_large_image","twitter_misc":{"Geschatte leestijd":"2 minuten"},"schema":{"@context":"https:\/\/schema.org","@graph":[{"@type":"WebPage","@id":"https:\/\/www.healthy-heart.org\/nl\/leven-met-een-hart-en-vaatziekte\/ondersteuning-door-familie\/","url":"https:\/\/www.healthy-heart.org\/nl\/leven-met-een-hart-en-vaatziekte\/ondersteuning-door-familie\/","name":"Ondersteuning door familie- Healthy-Heart.org","isPartOf":{"@id":"https:\/\/www.healthy-heart.org\/es\/#website"},"primaryImageOfPage":{"@id":"https:\/\/www.healthy-heart.org\/nl\/leven-met-een-hart-en-vaatziekte\/ondersteuning-door-familie\/#primaryimage"},"image":{"@id":"https:\/\/www.healthy-heart.org\/nl\/leven-met-een-hart-en-vaatziekte\/ondersteuning-door-familie\/#primaryimage"},"thumbnailUrl":"https:\/\/www.healthy-heart.org\/wp-content\/uploads\/2019\/07\/iStock-1055062378.jpg","datePublished":"2019-10-07T16:53:22+00:00","dateModified":"2019-10-23T12:52:58+00:00","description":"Een partner of familie kan een essenti\u00eble bron van ondersteuning en motivatie zijn bij het herstellen van een hartziekte.","breadcrumb":{"@id":"https:\/\/www.healthy-heart.org\/nl\/leven-met-een-hart-en-vaatziekte\/ondersteuning-door-familie\/#breadcrumb"},"inLanguage":"nl-NL","potentialAction":[{"@type":"ReadAction","target":["https:\/\/www.healthy-heart.org\/nl\/leven-met-een-hart-en-vaatziekte\/ondersteuning-door-familie\/"]}]},{"@type":"ImageObject","inLanguage":"nl-NL","@id":"https:\/\/www.healthy-heart.org\/nl\/leven-met-een-hart-en-vaatziekte\/ondersteuning-door-familie\/#primaryimage","url":"https:\/\/www.healthy-heart.org\/wp-content\/uploads\/2019\/07\/iStock-1055062378.jpg","contentUrl":"https:\/\/www.healthy-heart.org\/wp-content\/uploads\/2019\/07\/iStock-1055062378.jpg","width":8256,"height":5504,"caption":"Art work. Kind blonde pressing lips while looking downwards at family tree"},{"@type":"BreadcrumbList","@id":"https:\/\/www.healthy-heart.org\/nl\/leven-met-een-hart-en-vaatziekte\/ondersteuning-door-familie\/#breadcrumb","itemListElement":[{"@type":"ListItem","position":1,"name":"Home","item":"https:\/\/www.healthy-heart.org\/nl\/"},{"@type":"ListItem","position":2,"name":"Leven met een hart- en vaatziekte","item":"https:\/\/www.healthy-heart.org\/nl\/leven-met-een-hart-en-vaatziekte\/"},{"@type":"ListItem","position":3,"name":"Ondersteuning door familie"}]},{"@type":"WebSite","@id":"https:\/\/www.healthy-heart.org\/es\/#website","url":"https:\/\/www.healthy-heart.org\/es\/","name":"Healthy-Heart.org","description":"Practical advice for patients and family care givers on the prevention of cardiovascular disease","potentialAction":[{"@type":"SearchAction","target":{"@type":"EntryPoint","urlTemplate":"https:\/\/www.healthy-heart.org\/es\/?s={search_term_string}"},"query-input":{"@type":"PropertyValueSpecification","valueRequired":true,"valueName":"search_term_string"}}],"inLanguage":"nl-NL"}]}},"_links":{"self":[{"href":"https:\/\/www.healthy-heart.org\/nl\/wp-json\/wp\/v2\/pages\/1738","targetHints":{"allow":["GET"]}}],"collection":[{"href":"https:\/\/www.healthy-heart.org\/nl\/wp-json\/wp\/v2\/pages"}],"about":[{"href":"https:\/\/www.healthy-heart.org\/nl\/wp-json\/wp\/v2\/types\/page"}],"author":[{"embeddable":true,"href":"https:\/\/www.healthy-heart.org\/nl\/wp-json\/wp\/v2\/users\/1"}],"replies":[{"embeddable":true,"href":"https:\/\/www.healthy-heart.org\/nl\/wp-json\/wp\/v2\/comments?post=1738"}],"version-history":[{"count":2,"href":"https:\/\/www.healthy-heart.org\/nl\/wp-json\/wp\/v2\/pages\/1738\/revisions"}],"predecessor-version":[{"id":3495,"href":"https:\/\/www.healthy-heart.org\/nl\/wp-json\/wp\/v2\/pages\/1738\/revisions\/3495"}],"up":[{"embeddable":true,"href":"https:\/\/www.healthy-heart.org\/nl\/wp-json\/wp\/v2\/pages\/1861"}],"wp:featuredmedia":[{"embeddable":true,"href":"https:\/\/www.healthy-heart.org\/nl\/wp-json\/wp\/v2\/media\/566"}],"wp:attachment":[{"href":"https:\/\/www.healthy-heart.org\/nl\/wp-json\/wp\/v2\/media?parent=1738"}],"wp:term":[{"taxonomy":"category","embeddable":true,"href":"https:\/\/www.healthy-heart.org\/nl\/wp-json\/wp\/v2\/categories?post=1738"},{"taxonomy":"post_tag","embeddable":true,"href":"https:\/\/www.healthy-heart.org\/nl\/wp-json\/wp\/v2\/tags?post=1738"}],"curies":[{"name":"wp","href":"https:\/\/api.w.org\/{rel}","templated":true}]}}