{"id":2235,"date":"2019-10-08T10:29:09","date_gmt":"2019-10-08T09:29:09","guid":{"rendered":"https:\/\/www.healthy-heart.org\/termini-di-utilizzo\/"},"modified":"2020-03-24T10:14:27","modified_gmt":"2020-03-24T10:14:27","slug":"termini-di-utilizzo","status":"publish","type":"page","link":"https:\/\/www.healthy-heart.org\/it\/termini-di-utilizzo\/","title":{"rendered":"Termini di utilizzo"},"content":{"rendered":"<h2>Mission di questo sito:<\/h2>\n<ul>\n<li>Fornire informazioni affidabili e consigli pratici sulle patologie cardiovascolari e su come prevenirle.<\/li>\n<li>Migliorare la conoscenza delle malattie cardiovascolari e promuovere i benefici di uno stile di vita sano.<\/li>\n<\/ul>\n<p>Tutte le raccomandazioni contenute in questo sito sono conformi alle Linee guida europee (<a href=\"https:\/\/www.escardio.org\/Guidelines\/Clinical-Practice-Guidelines\/CVD-Prevention-in-clinical-practice-European-Guidelines-on\">consulta le Linee guida europee sulla prevenzione delle CVD nella pratica clinica qui<\/a>).<\/p>\n<h3>1. Termini di utilizzo<\/h3>\n<p>Il sito web healthy-heart.org \u00e8 stato sviluppato sotto la direzione dell&#8217;European Association of Preventive Cardiology (EAPC), in collaborazione con l&#8217;Association for Acute CardioVascular Care (ACVC) e l&#8217;Association of Cardiovascular Nursing &amp; Allied Professions (ACNAP), che fanno parte della European Society of Cardiology (ESC). L&#8217;accesso e l&#8217;utilizzo di questo sito web sono garantiti dall&#8217;ESC e soggetti ai seguenti termini di utilizzo:<\/p>\n<ol>\n<li>L&#8217;utilizzo di questo sito web implica l&#8217;accettazione dei presenti Termini di utilizzo a partire dalla data del primo utilizzo da parte dell&#8217;utente.<\/li>\n<li>L&#8217;ESC si riserva il diritto di modificare i presenti Termini di utilizzo in qualsiasi momento pubblicando le modifiche online. L&#8217;uso continuato di questo sito web dopo la pubblicazione delle modifiche costituisce l&#8217;accettazione da parte dell&#8217;utente del presente accordo come modificato.<\/li>\n<li>L&#8217;utente accetta di utilizzare il presente sito web solo per scopi leciti e in un modo che non violi i diritti o limiti o inibisca l&#8217;uso e il godimento del sito da parte di terze parti.<\/li>\n<\/ol>\n<h3>2. Disclaimer<\/h3>\n<ol>\n<li>In nessun caso l&#8217;ESC sar\u00e0 responsabile nei confronti dell&#8217;utente o di chiunque altro per qualsiasi decisione presa o azione intrapresa facendo affidamento sulle informazioni contenute in o fornite attraverso l&#8217;uso di questo sito web, n\u00e9 per eventuali danni incidentali, indiretti, speciali o conseguenti.<\/li>\n<li>Le informazioni contenute in questo sito web hanno lo scopo di integrare il supporto e le cure fornite da professionisti medici qualificati. Questo sito web non \u00e8 inteso o implicito come sostituto di pareri medici professionali o cure mediche. Il parere di un medico deve essere sempre richiesto prima di iniziare (o interrompere) qualsiasi forma di trattamento medico. A tal fine, tutte le informazioni contenute all&#8217;interno del sito web sono fornite esclusivamente a fini didattici.<\/li>\n<li>Pur avendo adottato tutte le precauzioni necessarie per la compilazione di questo sito web, ESC non pu\u00f2 verificare tutte le informazioni al fine di stabilirne veridicit\u00e0, accuratezza, affidabilit\u00e0, completezza o pertinenza. In nessun caso l&#8217;ESC sar\u00e0 ritenuto responsabile per eventuali danni inclusi, a titolo esemplificativo ma non esaustivo, danni indiretti o consequenziali, o danni o mancati profitti derivanti dall&#8217;uso o in relazione a tale uso o mancato uso del sito, sia per contratto che per negligenza.<\/li>\n<li>In nessun caso l&#8217;ESC o il personale affiliato o i collaboratori del sito web saranno responsabili nei confronti dell&#8217;utente, in qualit\u00e0 di visitatore del sito web o di qualsiasi altra persona o organismo, per qualsiasi decisione presa o adottata in fede alle informazioni contenute nel sito web. L&#8217;utente accetta che n\u00e9 l&#8217;ESC, n\u00e9 il personale affiliato o i collaboratori del sito web saranno responsabili per eventuali danni (inclusi, a titolo esemplificativo e non esaustivo, danni diretti, indiretti, incidentali, speciali o conseguenti), o perdita di dati o perdita di profitti, anche se l&#8217;ESC o qualsiasi personale affiliato o collaboratore del sito web \u00e8 stato informato della possibilit\u00e0 di tale perdita.<\/li>\n<li>L&#8217;ESC non garantisce che le funzioni tecniche contenute nel materiale contenuto in questo sito web siano prive di interruzioni o di errori, che i difetti vengano corretti o che il sito web o il server che lo rende disponibile siano privi di virus o di bug o rappresentino la piena funzionalit\u00e0, accuratezza e affidabilit\u00e0 del materiale.<\/li>\n<\/ol>\n<h3>3. Restrizioni sul copyright<\/h3>\n<ol>\n<li>Il sito web healthy-heart.org \u00e8 di propriet\u00e0 della European Society of Cardiology (ESC). \u00c8 severamente vietato l&#8217;uso commerciale o la pubblicazione di tutti o parte degli articoli visualizzati senza previa autorizzazione scritta dell&#8217;ESC.<br \/>\nI documenti su questo sito web possono essere copiati per uso personale e non commerciale solo a condizione che vengano copiate anche le indicazioni sul copyright e sulla fonte, che non vengano apportate modifiche e che il documento venga interamente copiato. Tuttavia, alcuni documenti e foto sono stati pubblicati su questo sito web con l&#8217;autorizzazione dei rispettivi titolari del copyright (che non sono l&#8217;ESC). Tutti i diritti sono riservati su questi documenti e il permesso di copiarli deve essere richiesto ai titolari del copyright (le fonti sono indicate all&#8217;interno di questi documenti\/fotografie).<\/li>\n<li>Qualsiasi uso non approvato pu\u00f2 comportare azioni da parte dell&#8217;ESC volte a richiedere la rimozione del materiale in questione dall&#8217;esposizione\/distribuzione ed eventuali azioni legali.<\/li>\n<li>Il sito web contiene collegamenti a siti web gestiti da soggetti diversi dall&#8217;ESC. Tali collegamenti sono forniti esclusivamente per comodit\u00e0 dell&#8217;Utente. L&#8217;ESC non controlla tali siti web e non \u00e8 responsabile del loro contenuto. L&#8217;inclusione da parte dell&#8217;ESC di collegamenti a tali siti web non implica alcuna approvazione del materiale contenuto in tali siti n\u00e9 alcuna associazione con i loro operatori. \u00c8 esclusiva responsabilit\u00e0 dell&#8217;Utente valutare l&#8217;esattezza e la completezza di qualsiasi informazione contenuta nei siti web di terzi, nonch\u00e9 il valore e l&#8217;integrit\u00e0 di qualsiasi bene e servizio offerto da tali siti web.<br \/>\nSe i presenti Termini di utilizzo non sono accettati per intero, l&#8217;uso di questo sito deve essere interrotto immediatamente.<\/li>\n<li>Protezione dei dati<\/li>\n<\/ol>\n<p>Le informazioni dell&#8217;utente possono essere raccolte quando utilizza i siti web. Per ulteriori informazioni, consulta la nostra <a href=\"https:\/\/www.healthy-heart.org\/privacy-policy\/\">Informativa sulla privacy<\/a>.<\/p>\n<p>Data ultimo aggiornamento: luglio 2019<\/p>\n","protected":false},"excerpt":{"rendered":"<p>Mission di questo sito: Fornire informazioni affidabili e consigli pratici sulle patologie cardiovascolari e su come prevenirle. Migliorare la conoscenza delle malattie cardiovascolari e promuovere i benefici di uno stile di vita sano. Tutte le raccomandazioni contenute in questo sito sono conformi alle Linee guida europee (consulta le Linee guida europee sulla prevenzione delle CVD [&hellip;]<\/p>\n","protected":false},"author":1,"featured_media":2145,"parent":0,"menu_order":0,"comment_status":"closed","ping_status":"closed","template":"templates\/full.php","meta":{"_acf_changed":false,"footnotes":""},"categories":[],"tags":[],"class_list":["post-2235","page","type-page","status-publish","has-post-thumbnail","hentry"],"acf":[],"yoast_head":"<!-- This site is optimized with the Yoast SEO plugin v24.0 - https:\/\/yoast.com\/wordpress\/plugins\/seo\/ -->\n<title>Termini di utilizzo - Healthy-Heart.org<\/title>\n<meta name=\"description\" content=\"Tutte le raccomandazioni contenute in questo sito sono conformi alle Linee guida europee.\" \/>\n<meta name=\"robots\" content=\"index, follow, max-snippet:-1, max-image-preview:large, max-video-preview:-1\" \/>\n<link rel=\"canonical\" href=\"https:\/\/www.healthy-heart.org\/it\/termini-di-utilizzo\/\" \/>\n<meta property=\"og:locale\" content=\"it_IT\" \/>\n<meta property=\"og:type\" content=\"article\" \/>\n<meta property=\"og:title\" content=\"Termini di utilizzo - Healthy-Heart.org\" \/>\n<meta property=\"og:description\" content=\"Tutte le raccomandazioni contenute in questo sito sono conformi alle Linee guida europee.\" \/>\n<meta property=\"og:url\" content=\"https:\/\/www.healthy-heart.org\/it\/termini-di-utilizzo\/\" \/>\n<meta property=\"og:site_name\" content=\"Healthy-Heart.org\" \/>\n<meta property=\"article:modified_time\" content=\"2020-03-24T10:14:27+00:00\" \/>\n<meta property=\"og:image\" content=\"https:\/\/www.healthy-heart.org\/wp-content\/uploads\/2019\/07\/primary.jpg\" \/>\n\t<meta property=\"og:image:width\" content=\"700\" \/>\n\t<meta property=\"og:image:height\" content=\"466\" \/>\n\t<meta property=\"og:image:type\" content=\"image\/jpeg\" \/>\n<meta name=\"twitter:card\" content=\"summary_large_image\" \/>\n<meta name=\"twitter:label1\" content=\"Tempo di lettura stimato\" \/>\n\t<meta name=\"twitter:data1\" content=\"4 minuti\" \/>\n<script type=\"application\/ld+json\" class=\"yoast-schema-graph\">{\"@context\":\"https:\/\/schema.org\",\"@graph\":[{\"@type\":\"WebPage\",\"@id\":\"https:\/\/www.healthy-heart.org\/it\/termini-di-utilizzo\/\",\"url\":\"https:\/\/www.healthy-heart.org\/it\/termini-di-utilizzo\/\",\"name\":\"Termini di utilizzo - Healthy-Heart.org\",\"isPartOf\":{\"@id\":\"https:\/\/www.healthy-heart.org\/es\/#website\"},\"primaryImageOfPage\":{\"@id\":\"https:\/\/www.healthy-heart.org\/it\/termini-di-utilizzo\/#primaryimage\"},\"image\":{\"@id\":\"https:\/\/www.healthy-heart.org\/it\/termini-di-utilizzo\/#primaryimage\"},\"thumbnailUrl\":\"https:\/\/www.healthy-heart.org\/wp-content\/uploads\/2019\/07\/primary.jpg\",\"datePublished\":\"2019-10-08T09:29:09+00:00\",\"dateModified\":\"2020-03-24T10:14:27+00:00\",\"description\":\"Tutte le raccomandazioni contenute in questo sito sono conformi alle Linee guida europee.\",\"breadcrumb\":{\"@id\":\"https:\/\/www.healthy-heart.org\/it\/termini-di-utilizzo\/#breadcrumb\"},\"inLanguage\":\"it-IT\",\"potentialAction\":[{\"@type\":\"ReadAction\",\"target\":[\"https:\/\/www.healthy-heart.org\/it\/termini-di-utilizzo\/\"]}]},{\"@type\":\"ImageObject\",\"inLanguage\":\"it-IT\",\"@id\":\"https:\/\/www.healthy-heart.org\/it\/termini-di-utilizzo\/#primaryimage\",\"url\":\"https:\/\/www.healthy-heart.org\/wp-content\/uploads\/2019\/07\/primary.jpg\",\"contentUrl\":\"https:\/\/www.healthy-heart.org\/wp-content\/uploads\/2019\/07\/primary.jpg\",\"width\":700,\"height\":466},{\"@type\":\"BreadcrumbList\",\"@id\":\"https:\/\/www.healthy-heart.org\/it\/termini-di-utilizzo\/#breadcrumb\",\"itemListElement\":[{\"@type\":\"ListItem\",\"position\":1,\"name\":\"Home\",\"item\":\"https:\/\/www.healthy-heart.org\/it\/\"},{\"@type\":\"ListItem\",\"position\":2,\"name\":\"Termini di utilizzo\"}]},{\"@type\":\"WebSite\",\"@id\":\"https:\/\/www.healthy-heart.org\/es\/#website\",\"url\":\"https:\/\/www.healthy-heart.org\/es\/\",\"name\":\"Healthy-Heart.org\",\"description\":\"Practical advice for patients and family care givers on the prevention of cardiovascular disease\",\"potentialAction\":[{\"@type\":\"SearchAction\",\"target\":{\"@type\":\"EntryPoint\",\"urlTemplate\":\"https:\/\/www.healthy-heart.org\/es\/?s={search_term_string}\"},\"query-input\":{\"@type\":\"PropertyValueSpecification\",\"valueRequired\":true,\"valueName\":\"search_term_string\"}}],\"inLanguage\":\"it-IT\"}]}<\/script>\n<!-- \/ Yoast SEO plugin. -->","yoast_head_json":{"title":"Termini di utilizzo - Healthy-Heart.org","description":"Tutte le raccomandazioni contenute in questo sito sono conformi alle Linee guida europee.","robots":{"index":"index","follow":"follow","max-snippet":"max-snippet:-1","max-image-preview":"max-image-preview:large","max-video-preview":"max-video-preview:-1"},"canonical":"https:\/\/www.healthy-heart.org\/it\/termini-di-utilizzo\/","og_locale":"it_IT","og_type":"article","og_title":"Termini di utilizzo - Healthy-Heart.org","og_description":"Tutte le raccomandazioni contenute in questo sito sono conformi alle Linee guida europee.","og_url":"https:\/\/www.healthy-heart.org\/it\/termini-di-utilizzo\/","og_site_name":"Healthy-Heart.org","article_modified_time":"2020-03-24T10:14:27+00:00","og_image":[{"width":700,"height":466,"url":"https:\/\/www.healthy-heart.org\/wp-content\/uploads\/2019\/07\/primary.jpg","type":"image\/jpeg"}],"twitter_card":"summary_large_image","twitter_misc":{"Tempo di lettura stimato":"4 minuti"},"schema":{"@context":"https:\/\/schema.org","@graph":[{"@type":"WebPage","@id":"https:\/\/www.healthy-heart.org\/it\/termini-di-utilizzo\/","url":"https:\/\/www.healthy-heart.org\/it\/termini-di-utilizzo\/","name":"Termini di utilizzo - Healthy-Heart.org","isPartOf":{"@id":"https:\/\/www.healthy-heart.org\/es\/#website"},"primaryImageOfPage":{"@id":"https:\/\/www.healthy-heart.org\/it\/termini-di-utilizzo\/#primaryimage"},"image":{"@id":"https:\/\/www.healthy-heart.org\/it\/termini-di-utilizzo\/#primaryimage"},"thumbnailUrl":"https:\/\/www.healthy-heart.org\/wp-content\/uploads\/2019\/07\/primary.jpg","datePublished":"2019-10-08T09:29:09+00:00","dateModified":"2020-03-24T10:14:27+00:00","description":"Tutte le raccomandazioni contenute in questo sito sono conformi alle Linee guida europee.","breadcrumb":{"@id":"https:\/\/www.healthy-heart.org\/it\/termini-di-utilizzo\/#breadcrumb"},"inLanguage":"it-IT","potentialAction":[{"@type":"ReadAction","target":["https:\/\/www.healthy-heart.org\/it\/termini-di-utilizzo\/"]}]},{"@type":"ImageObject","inLanguage":"it-IT","@id":"https:\/\/www.healthy-heart.org\/it\/termini-di-utilizzo\/#primaryimage","url":"https:\/\/www.healthy-heart.org\/wp-content\/uploads\/2019\/07\/primary.jpg","contentUrl":"https:\/\/www.healthy-heart.org\/wp-content\/uploads\/2019\/07\/primary.jpg","width":700,"height":466},{"@type":"BreadcrumbList","@id":"https:\/\/www.healthy-heart.org\/it\/termini-di-utilizzo\/#breadcrumb","itemListElement":[{"@type":"ListItem","position":1,"name":"Home","item":"https:\/\/www.healthy-heart.org\/it\/"},{"@type":"ListItem","position":2,"name":"Termini di utilizzo"}]},{"@type":"WebSite","@id":"https:\/\/www.healthy-heart.org\/es\/#website","url":"https:\/\/www.healthy-heart.org\/es\/","name":"Healthy-Heart.org","description":"Practical advice for patients and family care givers on the prevention of cardiovascular disease","potentialAction":[{"@type":"SearchAction","target":{"@type":"EntryPoint","urlTemplate":"https:\/\/www.healthy-heart.org\/es\/?s={search_term_string}"},"query-input":{"@type":"PropertyValueSpecification","valueRequired":true,"valueName":"search_term_string"}}],"inLanguage":"it-IT"}]}},"_links":{"self":[{"href":"https:\/\/www.healthy-heart.org\/it\/wp-json\/wp\/v2\/pages\/2235","targetHints":{"allow":["GET"]}}],"collection":[{"href":"https:\/\/www.healthy-heart.org\/it\/wp-json\/wp\/v2\/pages"}],"about":[{"href":"https:\/\/www.healthy-heart.org\/it\/wp-json\/wp\/v2\/types\/page"}],"author":[{"embeddable":true,"href":"https:\/\/www.healthy-heart.org\/it\/wp-json\/wp\/v2\/users\/1"}],"replies":[{"embeddable":true,"href":"https:\/\/www.healthy-heart.org\/it\/wp-json\/wp\/v2\/comments?post=2235"}],"version-history":[{"count":1,"href":"https:\/\/www.healthy-heart.org\/it\/wp-json\/wp\/v2\/pages\/2235\/revisions"}],"predecessor-version":[{"id":4347,"href":"https:\/\/www.healthy-heart.org\/it\/wp-json\/wp\/v2\/pages\/2235\/revisions\/4347"}],"wp:featuredmedia":[{"embeddable":true,"href":"https:\/\/www.healthy-heart.org\/it\/wp-json\/wp\/v2\/media\/2145"}],"wp:attachment":[{"href":"https:\/\/www.healthy-heart.org\/it\/wp-json\/wp\/v2\/media?parent=2235"}],"wp:term":[{"taxonomy":"category","embeddable":true,"href":"https:\/\/www.healthy-heart.org\/it\/wp-json\/wp\/v2\/categories?post=2235"},{"taxonomy":"post_tag","embeddable":true,"href":"https:\/\/www.healthy-heart.org\/it\/wp-json\/wp\/v2\/tags?post=2235"}],"curies":[{"name":"wp","href":"https:\/\/api.w.org\/{rel}","templated":true}]}}