{"id":2225,"date":"2019-10-08T10:29:02","date_gmt":"2019-10-08T09:29:02","guid":{"rendered":"https:\/\/www.healthy-heart.org\/informazioni-sullesc\/"},"modified":"2019-10-08T10:29:02","modified_gmt":"2019-10-08T09:29:02","slug":"informazioni-sullesc","status":"publish","type":"page","link":"https:\/\/www.healthy-heart.org\/it\/informazioni-sullesc\/","title":{"rendered":"Informazioni sull&#8217;ESC"},"content":{"rendered":"<p>Siamo una societ\u00e0 medica senza scopo di lucro guidata da professionisti cardiovascolari che offrono volontariamente il proprio tempo e le proprie competenze.<br \/>\nCi occupiamo di prevenzione, diagnosi e gestione delle patologie cardiache e dei vasi sanguigni.<br \/>\nSiamo convinti che il carico delle malattie cardiovascolari possa essere ridotto attraverso la collaborazione e la ricerca. Per questo motivo, uniamo le societ\u00e0 cardiache nazionali, le sottospecialit\u00e0 cardiovascolari e i singoli membri dell&#8217;ESC di tutto il mondo.<br \/>\nDiffondiamo le pi\u00f9 recenti conoscenze scientifiche basate su evidenze ai professionisti cardiovascolari in modo che possano offrire ai propri pazienti una migliore assistenza.<\/p>\n<p>La Societ\u00e0 Europea di Cardiologia (European Society of Cardiology, ESC) \u00e8 un&#8217;organizzazione registrata ai sensi della legge francese del 1901 sulle associazioni, con il numero W061005017.<br \/>\nSede Legale: Soci\u00e9t\u00e9 Europ\u00e9enne de Cardiologie, 2035 route des Colles, Les Templiers, CS 80179 Biot, 06903 Sophia Antipolis, Francia.<\/p>\n<p>Per maggiori informazioni, visita il <a href=\"https:\/\/www.escardio.org\/\">sito web dell&#8217;ESC<\/a>.<\/p>\n<p>&nbsp;<\/p>\n<h2>Informazioni su healthy-heart.org<\/h2>\n<p>Un gran numero di persone in tutto il mondo sono a rischio di un evento cardiovascolare, tra cui infarto e ictus. La probabilit\u00e0 di essere colpiti da un tale evento e di morire a causa di esso \u00e8 maggiore nei pazienti che non migliorano il proprio stile di vita o assumono farmaci per abbassare la pressione sanguigna o i livelli di colesterolo nocivo.<\/p>\n<p>L&#8217;obiettivo di questo sito web \u00e8 fornire al pubblico consigli pratici e chiari su come prevenire le malattie cardiovascolari. Tali consigli sono tratti dalle attuali linee guida della pratica clinica e sono stati scritti dai principali esperti di prevenzione cardiovascolare.<\/p>\n<p>Queste informazioni sono pensate per integrare, piuttosto che sostituire, il supporto e le cure ricevute dal medico o da un altro operatore sanitario.<\/p>\n","protected":false},"excerpt":{"rendered":"<p>Siamo una societ\u00e0 medica senza scopo di lucro guidata da professionisti cardiovascolari che offrono volontariamente il proprio tempo e le proprie competenze. Ci occupiamo di prevenzione, diagnosi e gestione delle patologie cardiache e dei vasi sanguigni. Siamo convinti che il carico delle malattie cardiovascolari possa essere ridotto attraverso la collaborazione e la ricerca. Per questo [&hellip;]<\/p>\n","protected":false},"author":1,"featured_media":1915,"parent":0,"menu_order":0,"comment_status":"closed","ping_status":"closed","template":"templates\/full.php","meta":{"_acf_changed":false,"footnotes":""},"categories":[],"tags":[],"class_list":["post-2225","page","type-page","status-publish","has-post-thumbnail","hentry"],"acf":[],"yoast_head":"<!-- This site is optimized with the Yoast SEO plugin v24.0 - https:\/\/yoast.com\/wordpress\/plugins\/seo\/ -->\n<title>Informazioni sull&#039;ESC - Healthy-Heart.org<\/title>\n<meta name=\"description\" content=\"Societ\u00e0 medica senza scopo di lucro guidata da professionisti cardiovascolari che si occupano di prevenzione, diagnosi e gestione delle patologie del cuore.\" \/>\n<meta name=\"robots\" content=\"index, follow, max-snippet:-1, max-image-preview:large, max-video-preview:-1\" \/>\n<link rel=\"canonical\" href=\"https:\/\/www.healthy-heart.org\/it\/informazioni-sullesc\/\" \/>\n<meta property=\"og:locale\" content=\"it_IT\" \/>\n<meta property=\"og:type\" content=\"article\" \/>\n<meta property=\"og:title\" content=\"Informazioni sull&#039;ESC - Healthy-Heart.org\" \/>\n<meta property=\"og:description\" content=\"Societ\u00e0 medica senza scopo di lucro guidata da professionisti cardiovascolari che si occupano di prevenzione, diagnosi e gestione delle patologie del cuore.\" \/>\n<meta property=\"og:url\" content=\"https:\/\/www.healthy-heart.org\/it\/informazioni-sullesc\/\" \/>\n<meta property=\"og:site_name\" content=\"Healthy-Heart.org\" \/>\n<meta property=\"og:image\" content=\"https:\/\/www.healthy-heart.org\/wp-content\/uploads\/2019\/07\/iStock-953674568-1024x683.jpg\" \/>\n\t<meta property=\"og:image:width\" content=\"1024\" \/>\n\t<meta property=\"og:image:height\" content=\"683\" \/>\n\t<meta property=\"og:image:type\" content=\"image\/jpeg\" \/>\n<meta name=\"twitter:card\" content=\"summary_large_image\" \/>\n<meta name=\"twitter:label1\" content=\"Tempo di lettura stimato\" \/>\n\t<meta name=\"twitter:data1\" content=\"1 minuto\" \/>\n<script type=\"application\/ld+json\" class=\"yoast-schema-graph\">{\"@context\":\"https:\/\/schema.org\",\"@graph\":[{\"@type\":\"WebPage\",\"@id\":\"https:\/\/www.healthy-heart.org\/it\/informazioni-sullesc\/\",\"url\":\"https:\/\/www.healthy-heart.org\/it\/informazioni-sullesc\/\",\"name\":\"Informazioni sull'ESC - Healthy-Heart.org\",\"isPartOf\":{\"@id\":\"https:\/\/www.healthy-heart.org\/es\/#website\"},\"primaryImageOfPage\":{\"@id\":\"https:\/\/www.healthy-heart.org\/it\/informazioni-sullesc\/#primaryimage\"},\"image\":{\"@id\":\"https:\/\/www.healthy-heart.org\/it\/informazioni-sullesc\/#primaryimage\"},\"thumbnailUrl\":\"https:\/\/www.healthy-heart.org\/wp-content\/uploads\/2019\/07\/iStock-953674568.jpg\",\"datePublished\":\"2019-10-08T09:29:02+00:00\",\"dateModified\":\"2019-10-08T09:29:02+00:00\",\"description\":\"Societ\u00e0 medica senza scopo di lucro guidata da professionisti cardiovascolari che si occupano di prevenzione, diagnosi e gestione delle patologie del cuore.\",\"breadcrumb\":{\"@id\":\"https:\/\/www.healthy-heart.org\/it\/informazioni-sullesc\/#breadcrumb\"},\"inLanguage\":\"it-IT\",\"potentialAction\":[{\"@type\":\"ReadAction\",\"target\":[\"https:\/\/www.healthy-heart.org\/it\/informazioni-sullesc\/\"]}]},{\"@type\":\"ImageObject\",\"inLanguage\":\"it-IT\",\"@id\":\"https:\/\/www.healthy-heart.org\/it\/informazioni-sullesc\/#primaryimage\",\"url\":\"https:\/\/www.healthy-heart.org\/wp-content\/uploads\/2019\/07\/iStock-953674568.jpg\",\"contentUrl\":\"https:\/\/www.healthy-heart.org\/wp-content\/uploads\/2019\/07\/iStock-953674568.jpg\",\"width\":3548,\"height\":2365},{\"@type\":\"BreadcrumbList\",\"@id\":\"https:\/\/www.healthy-heart.org\/it\/informazioni-sullesc\/#breadcrumb\",\"itemListElement\":[{\"@type\":\"ListItem\",\"position\":1,\"name\":\"Home\",\"item\":\"https:\/\/www.healthy-heart.org\/it\/\"},{\"@type\":\"ListItem\",\"position\":2,\"name\":\"Informazioni sull&#8217;ESC\"}]},{\"@type\":\"WebSite\",\"@id\":\"https:\/\/www.healthy-heart.org\/es\/#website\",\"url\":\"https:\/\/www.healthy-heart.org\/es\/\",\"name\":\"Healthy-Heart.org\",\"description\":\"Practical advice for patients and family care givers on the prevention of cardiovascular disease\",\"potentialAction\":[{\"@type\":\"SearchAction\",\"target\":{\"@type\":\"EntryPoint\",\"urlTemplate\":\"https:\/\/www.healthy-heart.org\/es\/?s={search_term_string}\"},\"query-input\":{\"@type\":\"PropertyValueSpecification\",\"valueRequired\":true,\"valueName\":\"search_term_string\"}}],\"inLanguage\":\"it-IT\"}]}<\/script>\n<!-- \/ Yoast SEO plugin. -->","yoast_head_json":{"title":"Informazioni sull'ESC - Healthy-Heart.org","description":"Societ\u00e0 medica senza scopo di lucro guidata da professionisti cardiovascolari che si occupano di prevenzione, diagnosi e gestione delle patologie del cuore.","robots":{"index":"index","follow":"follow","max-snippet":"max-snippet:-1","max-image-preview":"max-image-preview:large","max-video-preview":"max-video-preview:-1"},"canonical":"https:\/\/www.healthy-heart.org\/it\/informazioni-sullesc\/","og_locale":"it_IT","og_type":"article","og_title":"Informazioni sull'ESC - Healthy-Heart.org","og_description":"Societ\u00e0 medica senza scopo di lucro guidata da professionisti cardiovascolari che si occupano di prevenzione, diagnosi e gestione delle patologie del cuore.","og_url":"https:\/\/www.healthy-heart.org\/it\/informazioni-sullesc\/","og_site_name":"Healthy-Heart.org","og_image":[{"width":1024,"height":683,"url":"https:\/\/www.healthy-heart.org\/wp-content\/uploads\/2019\/07\/iStock-953674568-1024x683.jpg","type":"image\/jpeg"}],"twitter_card":"summary_large_image","twitter_misc":{"Tempo di lettura stimato":"1 minuto"},"schema":{"@context":"https:\/\/schema.org","@graph":[{"@type":"WebPage","@id":"https:\/\/www.healthy-heart.org\/it\/informazioni-sullesc\/","url":"https:\/\/www.healthy-heart.org\/it\/informazioni-sullesc\/","name":"Informazioni sull'ESC - Healthy-Heart.org","isPartOf":{"@id":"https:\/\/www.healthy-heart.org\/es\/#website"},"primaryImageOfPage":{"@id":"https:\/\/www.healthy-heart.org\/it\/informazioni-sullesc\/#primaryimage"},"image":{"@id":"https:\/\/www.healthy-heart.org\/it\/informazioni-sullesc\/#primaryimage"},"thumbnailUrl":"https:\/\/www.healthy-heart.org\/wp-content\/uploads\/2019\/07\/iStock-953674568.jpg","datePublished":"2019-10-08T09:29:02+00:00","dateModified":"2019-10-08T09:29:02+00:00","description":"Societ\u00e0 medica senza scopo di lucro guidata da professionisti cardiovascolari che si occupano di prevenzione, diagnosi e gestione delle patologie del cuore.","breadcrumb":{"@id":"https:\/\/www.healthy-heart.org\/it\/informazioni-sullesc\/#breadcrumb"},"inLanguage":"it-IT","potentialAction":[{"@type":"ReadAction","target":["https:\/\/www.healthy-heart.org\/it\/informazioni-sullesc\/"]}]},{"@type":"ImageObject","inLanguage":"it-IT","@id":"https:\/\/www.healthy-heart.org\/it\/informazioni-sullesc\/#primaryimage","url":"https:\/\/www.healthy-heart.org\/wp-content\/uploads\/2019\/07\/iStock-953674568.jpg","contentUrl":"https:\/\/www.healthy-heart.org\/wp-content\/uploads\/2019\/07\/iStock-953674568.jpg","width":3548,"height":2365},{"@type":"BreadcrumbList","@id":"https:\/\/www.healthy-heart.org\/it\/informazioni-sullesc\/#breadcrumb","itemListElement":[{"@type":"ListItem","position":1,"name":"Home","item":"https:\/\/www.healthy-heart.org\/it\/"},{"@type":"ListItem","position":2,"name":"Informazioni sull&#8217;ESC"}]},{"@type":"WebSite","@id":"https:\/\/www.healthy-heart.org\/es\/#website","url":"https:\/\/www.healthy-heart.org\/es\/","name":"Healthy-Heart.org","description":"Practical advice for patients and family care givers on the prevention of cardiovascular disease","potentialAction":[{"@type":"SearchAction","target":{"@type":"EntryPoint","urlTemplate":"https:\/\/www.healthy-heart.org\/es\/?s={search_term_string}"},"query-input":{"@type":"PropertyValueSpecification","valueRequired":true,"valueName":"search_term_string"}}],"inLanguage":"it-IT"}]}},"_links":{"self":[{"href":"https:\/\/www.healthy-heart.org\/it\/wp-json\/wp\/v2\/pages\/2225","targetHints":{"allow":["GET"]}}],"collection":[{"href":"https:\/\/www.healthy-heart.org\/it\/wp-json\/wp\/v2\/pages"}],"about":[{"href":"https:\/\/www.healthy-heart.org\/it\/wp-json\/wp\/v2\/types\/page"}],"author":[{"embeddable":true,"href":"https:\/\/www.healthy-heart.org\/it\/wp-json\/wp\/v2\/users\/1"}],"replies":[{"embeddable":true,"href":"https:\/\/www.healthy-heart.org\/it\/wp-json\/wp\/v2\/comments?post=2225"}],"version-history":[{"count":0,"href":"https:\/\/www.healthy-heart.org\/it\/wp-json\/wp\/v2\/pages\/2225\/revisions"}],"wp:featuredmedia":[{"embeddable":true,"href":"https:\/\/www.healthy-heart.org\/it\/wp-json\/wp\/v2\/media\/1915"}],"wp:attachment":[{"href":"https:\/\/www.healthy-heart.org\/it\/wp-json\/wp\/v2\/media?parent=2225"}],"wp:term":[{"taxonomy":"category","embeddable":true,"href":"https:\/\/www.healthy-heart.org\/it\/wp-json\/wp\/v2\/categories?post=2225"},{"taxonomy":"post_tag","embeddable":true,"href":"https:\/\/www.healthy-heart.org\/it\/wp-json\/wp\/v2\/tags?post=2225"}],"curies":[{"name":"wp","href":"https:\/\/api.w.org\/{rel}","templated":true}]}}