{"id":2212,"date":"2019-10-08T10:28:57","date_gmt":"2019-10-08T09:28:57","guid":{"rendered":"https:\/\/www.healthy-heart.org\/convivere-con-una-patologia-cardiaca\/cosa-dovrei-chiedere-al-mio-cardiologo\/"},"modified":"2020-03-06T11:48:41","modified_gmt":"2020-03-06T11:48:41","slug":"cosa-dovrei-chiedere-al-mio-cardiologo","status":"publish","type":"page","link":"https:\/\/www.healthy-heart.org\/it\/convivere-con-una-patologia-cardiaca\/cosa-dovrei-chiedere-al-mio-cardiologo\/","title":{"rendered":"Cosa dovrei chiedere al mio cardiologo?"},"content":{"rendered":"<p><img loading=\"lazy\" decoding=\"async\" class=\"alignright size-medium wp-image-641\" src=\"https:\/\/cdn-endpoint-prev.azureedge.net\/healthy-heart\/2019\/07\/iStock-481073822-5-350x234.jpg\" alt=\"\" width=\"350\" height=\"234\" srcset=\"https:\/\/www.healthy-heart.org\/wp-content\/uploads\/2019\/07\/iStock-481073822-5-350x234.jpg 350w, https:\/\/cdn-endpoint-prev.azureedge.net\/healthy-heart\/2019\/07\/iStock-481073822-5-1024x683.jpg 1024w, https:\/\/cdn-endpoint-prev.azureedge.net\/healthy-heart\/2019\/07\/iStock-481073822-5-200x133.jpg 200w, https:\/\/www.healthy-heart.org\/wp-content\/uploads\/2019\/07\/iStock-481073822-5-768x513.jpg 768w, https:\/\/www.healthy-heart.org\/wp-content\/uploads\/2019\/07\/iStock-481073822-5-1536x1025.jpg 1536w, https:\/\/www.healthy-heart.org\/wp-content\/uploads\/2019\/07\/iStock-481073822-5-2048x1367.jpg 2048w, https:\/\/www.healthy-heart.org\/wp-content\/uploads\/2019\/07\/iStock-481073822-5-658x439.jpg 658w, https:\/\/www.healthy-heart.org\/wp-content\/uploads\/2019\/07\/iStock-481073822-5-695x464.jpg 695w\" sizes=\"auto, (max-width: 350px) 100vw, 350px\" \/>Essere affetti da patologie cardiache colpisce il corpo e lo spirito. Parlare apertamente e onestamente con il tuo medico ti aiuter\u00e0 a gestire con successo il piano terapeutico e lo stato di salute a seguito di un infarto. Il cardiologo pu\u00f2 spiegare cosa \u00e8 successo e perch\u00e9, cosa \u00e8 stato fatto finora e cosa occorre fare ora. Capire le cause dell&#8217;evento cardiaco e come \u00e8 stato trattato ti aiuter\u00e0 a capire cosa puoi fare per evitare un altro evento. Le domande da porre al cardiologo includono:<\/p>\n<p>1. Perch\u00e9 ho avuto un attacco cardiaco?<br \/>\n2. Avrei potuto evitarlo?<br \/>\n3. Potr\u00f2 fare tutte le cose che facevo prima?<br \/>\n4. \u00c8 possibile che l&#8217;arteria ostruita si restringa di nuovo e causi un altro evento?<br \/>\n5. Se uno stent viene collocato all&#8217;interno di un&#8217;arteria, per quanto tempo devo assumere un farmaco \u201canticoagulante\u201d? L&#8217;arteria rimarr\u00e0 aperta per il resto della mia vita?<br \/>\n6. Quale <a href=\"https:\/\/www.healthy-heart.org\/it\/convivere-con-una-patologia-cardiaca\/tipologie-di-farmaci\/\">farmaco<\/a> \u00e8 essenziale e per quanto tempo devo assumerlo?<br \/>\n7. Quale farmaco non deve essere saltato nemmeno una volta?<br \/>\n8. Con quale frequenza devo consultare un medico dopo un infarto?<br \/>\n9. Cosa posso fare nella mia vita quotidiana per prevenire un altro attacco di cuore?<br \/>\n10. Quanto \u00e8 importante perdere peso? Devo modificare il mio <a href=\"https:\/\/www.healthy-heart.org\/it\/mantieni-in-salute-il-tuo-cuore\/la-dieta-che-fa-bene-al-cuore\/\">regime alimentare<\/a>?<br \/>\n11. Quando posso iniziare a praticare <a href=\"https:\/\/www.healthy-heart.org\/it\/mantieni-in-salute-il-tuo-cuore\/attivita-fisica\/\">attivit\u00e0 fisica<\/a>?<br \/>\n12. Devo iscrivermi a un programma di <a href=\"https:\/\/www.healthy-heart.org\/it\/convivere-con-una-patologia-cardiaca\/migliora-la-tua-salute-cardiaca\/\">riabilitazione cardiologica<\/a>?<br \/>\n13. Con quale frequenza devo controllare la <a href=\"https:\/\/www.healthy-heart.org\/it\/mantieni-in-salute-il-tuo-cuore\/pressione-sanguigna\/\">pressione sanguigna<\/a>?<br \/>\n14. Quando posso <a href=\"https:\/\/www.healthy-heart.org\/it\/convivere-con-una-patologia-cardiaca\/attivita-sessuale-e-patologia-cardiaca\/\">riprendere l&#8217;attivit\u00e0 sessuale<\/a> e quando posso tornare al lavoro?<br \/>\n15. Posso <a href=\"https:\/\/www.healthy-heart.org\/it\/convivere-con-una-patologia-cardiaca\/viaggiare-dopo-un-infarto\/\">viaggiare<\/a>? Posso andare in montagna?<br \/>\n16. Quali sintomi sono il campanello d&#8217;allarme per una visita immediata al pronto soccorso?<\/p>\n","protected":false},"excerpt":{"rendered":"<p>Essere affetti da patologie cardiache colpisce il corpo e lo spirito. Parlare apertamente e onestamente con il tuo medico ti aiuter\u00e0 a gestire con successo il piano terapeutico e lo stato di salute a seguito di un infarto. Il cardiologo pu\u00f2 spiegare cosa \u00e8 successo e perch\u00e9, cosa \u00e8 stato fatto finora e cosa occorre [&hellip;]<\/p>\n","protected":false},"author":1,"featured_media":645,"parent":2140,"menu_order":12,"comment_status":"closed","ping_status":"closed","template":"","meta":{"_acf_changed":false,"footnotes":""},"categories":[71],"tags":[],"class_list":["post-2212","page","type-page","status-publish","has-post-thumbnail","hentry","category-convivere-con-una-patologia-cardiaca"],"acf":[],"yoast_head":"<!-- This site is optimized with the Yoast SEO plugin v24.0 - https:\/\/yoast.com\/wordpress\/plugins\/seo\/ -->\n<title>Cosa dovrei chiedere al mio cardiologo? - Healthy-Heart.org<\/title>\n<meta name=\"description\" content=\"Il cardiologo pu\u00f2 spiegare cosa \u00e8 successo e perch\u00e9, cosa \u00e8 stato fatto finora e cosa occorre fare ora. Consulta l&#039;elenco di domande da rivolgere al tuo medico.\" \/>\n<meta name=\"robots\" content=\"index, follow, max-snippet:-1, max-image-preview:large, max-video-preview:-1\" \/>\n<link rel=\"canonical\" href=\"https:\/\/www.healthy-heart.org\/it\/convivere-con-una-patologia-cardiaca\/cosa-dovrei-chiedere-al-mio-cardiologo\/\" \/>\n<meta property=\"og:locale\" content=\"it_IT\" \/>\n<meta property=\"og:type\" content=\"article\" \/>\n<meta property=\"og:title\" content=\"Cosa dovrei chiedere al mio cardiologo? - Healthy-Heart.org\" \/>\n<meta property=\"og:description\" content=\"Il cardiologo pu\u00f2 spiegare cosa \u00e8 successo e perch\u00e9, cosa \u00e8 stato fatto finora e cosa occorre fare ora. Consulta l&#039;elenco di domande da rivolgere al tuo medico.\" \/>\n<meta property=\"og:url\" content=\"https:\/\/www.healthy-heart.org\/it\/convivere-con-una-patologia-cardiaca\/cosa-dovrei-chiedere-al-mio-cardiologo\/\" \/>\n<meta property=\"og:site_name\" content=\"Healthy-Heart.org\" \/>\n<meta property=\"article:modified_time\" content=\"2020-03-06T11:48:41+00:00\" \/>\n<meta property=\"og:image\" content=\"https:\/\/www.healthy-heart.org\/wp-content\/uploads\/2019\/07\/iStock-481073822-5-1024x683.jpg\" \/>\n\t<meta property=\"og:image:width\" content=\"1024\" \/>\n\t<meta property=\"og:image:height\" content=\"683\" \/>\n\t<meta property=\"og:image:type\" content=\"image\/jpeg\" \/>\n<meta name=\"twitter:card\" content=\"summary_large_image\" \/>\n<meta name=\"twitter:label1\" content=\"Tempo di lettura stimato\" \/>\n\t<meta name=\"twitter:data1\" content=\"1 minuto\" \/>\n<script type=\"application\/ld+json\" class=\"yoast-schema-graph\">{\"@context\":\"https:\/\/schema.org\",\"@graph\":[{\"@type\":\"WebPage\",\"@id\":\"https:\/\/www.healthy-heart.org\/it\/convivere-con-una-patologia-cardiaca\/cosa-dovrei-chiedere-al-mio-cardiologo\/\",\"url\":\"https:\/\/www.healthy-heart.org\/it\/convivere-con-una-patologia-cardiaca\/cosa-dovrei-chiedere-al-mio-cardiologo\/\",\"name\":\"Cosa dovrei chiedere al mio cardiologo? - Healthy-Heart.org\",\"isPartOf\":{\"@id\":\"https:\/\/www.healthy-heart.org\/es\/#website\"},\"primaryImageOfPage\":{\"@id\":\"https:\/\/www.healthy-heart.org\/it\/convivere-con-una-patologia-cardiaca\/cosa-dovrei-chiedere-al-mio-cardiologo\/#primaryimage\"},\"image\":{\"@id\":\"https:\/\/www.healthy-heart.org\/it\/convivere-con-una-patologia-cardiaca\/cosa-dovrei-chiedere-al-mio-cardiologo\/#primaryimage\"},\"thumbnailUrl\":\"https:\/\/www.healthy-heart.org\/wp-content\/uploads\/2019\/07\/iStock-481073822-5.jpg\",\"datePublished\":\"2019-10-08T09:28:57+00:00\",\"dateModified\":\"2020-03-06T11:48:41+00:00\",\"description\":\"Il cardiologo pu\u00f2 spiegare cosa \u00e8 successo e perch\u00e9, cosa \u00e8 stato fatto finora e cosa occorre fare ora. Consulta l'elenco di domande da rivolgere al tuo medico.\",\"breadcrumb\":{\"@id\":\"https:\/\/www.healthy-heart.org\/it\/convivere-con-una-patologia-cardiaca\/cosa-dovrei-chiedere-al-mio-cardiologo\/#breadcrumb\"},\"inLanguage\":\"it-IT\",\"potentialAction\":[{\"@type\":\"ReadAction\",\"target\":[\"https:\/\/www.healthy-heart.org\/it\/convivere-con-una-patologia-cardiaca\/cosa-dovrei-chiedere-al-mio-cardiologo\/\"]}]},{\"@type\":\"ImageObject\",\"inLanguage\":\"it-IT\",\"@id\":\"https:\/\/www.healthy-heart.org\/it\/convivere-con-una-patologia-cardiaca\/cosa-dovrei-chiedere-al-mio-cardiologo\/#primaryimage\",\"url\":\"https:\/\/www.healthy-heart.org\/wp-content\/uploads\/2019\/07\/iStock-481073822-5.jpg\",\"contentUrl\":\"https:\/\/www.healthy-heart.org\/wp-content\/uploads\/2019\/07\/iStock-481073822-5.jpg\",\"width\":7360,\"height\":4912,\"caption\":\"Shot of a compassionate doctor comforting a young woman in a hospital waiting room\"},{\"@type\":\"BreadcrumbList\",\"@id\":\"https:\/\/www.healthy-heart.org\/it\/convivere-con-una-patologia-cardiaca\/cosa-dovrei-chiedere-al-mio-cardiologo\/#breadcrumb\",\"itemListElement\":[{\"@type\":\"ListItem\",\"position\":1,\"name\":\"Home\",\"item\":\"https:\/\/www.healthy-heart.org\/it\/\"},{\"@type\":\"ListItem\",\"position\":2,\"name\":\"Convivere con una patologia cardiaca\",\"item\":\"https:\/\/www.healthy-heart.org\/it\/convivere-con-una-patologia-cardiaca\/\"},{\"@type\":\"ListItem\",\"position\":3,\"name\":\"Cosa dovrei chiedere al mio cardiologo?\"}]},{\"@type\":\"WebSite\",\"@id\":\"https:\/\/www.healthy-heart.org\/es\/#website\",\"url\":\"https:\/\/www.healthy-heart.org\/es\/\",\"name\":\"Healthy-Heart.org\",\"description\":\"Practical advice for patients and family care givers on the prevention of cardiovascular disease\",\"potentialAction\":[{\"@type\":\"SearchAction\",\"target\":{\"@type\":\"EntryPoint\",\"urlTemplate\":\"https:\/\/www.healthy-heart.org\/es\/?s={search_term_string}\"},\"query-input\":{\"@type\":\"PropertyValueSpecification\",\"valueRequired\":true,\"valueName\":\"search_term_string\"}}],\"inLanguage\":\"it-IT\"}]}<\/script>\n<!-- \/ Yoast SEO plugin. -->","yoast_head_json":{"title":"Cosa dovrei chiedere al mio cardiologo? - Healthy-Heart.org","description":"Il cardiologo pu\u00f2 spiegare cosa \u00e8 successo e perch\u00e9, cosa \u00e8 stato fatto finora e cosa occorre fare ora. Consulta l'elenco di domande da rivolgere al tuo medico.","robots":{"index":"index","follow":"follow","max-snippet":"max-snippet:-1","max-image-preview":"max-image-preview:large","max-video-preview":"max-video-preview:-1"},"canonical":"https:\/\/www.healthy-heart.org\/it\/convivere-con-una-patologia-cardiaca\/cosa-dovrei-chiedere-al-mio-cardiologo\/","og_locale":"it_IT","og_type":"article","og_title":"Cosa dovrei chiedere al mio cardiologo? - Healthy-Heart.org","og_description":"Il cardiologo pu\u00f2 spiegare cosa \u00e8 successo e perch\u00e9, cosa \u00e8 stato fatto finora e cosa occorre fare ora. Consulta l'elenco di domande da rivolgere al tuo medico.","og_url":"https:\/\/www.healthy-heart.org\/it\/convivere-con-una-patologia-cardiaca\/cosa-dovrei-chiedere-al-mio-cardiologo\/","og_site_name":"Healthy-Heart.org","article_modified_time":"2020-03-06T11:48:41+00:00","og_image":[{"width":1024,"height":683,"url":"https:\/\/www.healthy-heart.org\/wp-content\/uploads\/2019\/07\/iStock-481073822-5-1024x683.jpg","type":"image\/jpeg"}],"twitter_card":"summary_large_image","twitter_misc":{"Tempo di lettura stimato":"1 minuto"},"schema":{"@context":"https:\/\/schema.org","@graph":[{"@type":"WebPage","@id":"https:\/\/www.healthy-heart.org\/it\/convivere-con-una-patologia-cardiaca\/cosa-dovrei-chiedere-al-mio-cardiologo\/","url":"https:\/\/www.healthy-heart.org\/it\/convivere-con-una-patologia-cardiaca\/cosa-dovrei-chiedere-al-mio-cardiologo\/","name":"Cosa dovrei chiedere al mio cardiologo? - Healthy-Heart.org","isPartOf":{"@id":"https:\/\/www.healthy-heart.org\/es\/#website"},"primaryImageOfPage":{"@id":"https:\/\/www.healthy-heart.org\/it\/convivere-con-una-patologia-cardiaca\/cosa-dovrei-chiedere-al-mio-cardiologo\/#primaryimage"},"image":{"@id":"https:\/\/www.healthy-heart.org\/it\/convivere-con-una-patologia-cardiaca\/cosa-dovrei-chiedere-al-mio-cardiologo\/#primaryimage"},"thumbnailUrl":"https:\/\/www.healthy-heart.org\/wp-content\/uploads\/2019\/07\/iStock-481073822-5.jpg","datePublished":"2019-10-08T09:28:57+00:00","dateModified":"2020-03-06T11:48:41+00:00","description":"Il cardiologo pu\u00f2 spiegare cosa \u00e8 successo e perch\u00e9, cosa \u00e8 stato fatto finora e cosa occorre fare ora. Consulta l'elenco di domande da rivolgere al tuo medico.","breadcrumb":{"@id":"https:\/\/www.healthy-heart.org\/it\/convivere-con-una-patologia-cardiaca\/cosa-dovrei-chiedere-al-mio-cardiologo\/#breadcrumb"},"inLanguage":"it-IT","potentialAction":[{"@type":"ReadAction","target":["https:\/\/www.healthy-heart.org\/it\/convivere-con-una-patologia-cardiaca\/cosa-dovrei-chiedere-al-mio-cardiologo\/"]}]},{"@type":"ImageObject","inLanguage":"it-IT","@id":"https:\/\/www.healthy-heart.org\/it\/convivere-con-una-patologia-cardiaca\/cosa-dovrei-chiedere-al-mio-cardiologo\/#primaryimage","url":"https:\/\/www.healthy-heart.org\/wp-content\/uploads\/2019\/07\/iStock-481073822-5.jpg","contentUrl":"https:\/\/www.healthy-heart.org\/wp-content\/uploads\/2019\/07\/iStock-481073822-5.jpg","width":7360,"height":4912,"caption":"Shot of a compassionate doctor comforting a young woman in a hospital waiting room"},{"@type":"BreadcrumbList","@id":"https:\/\/www.healthy-heart.org\/it\/convivere-con-una-patologia-cardiaca\/cosa-dovrei-chiedere-al-mio-cardiologo\/#breadcrumb","itemListElement":[{"@type":"ListItem","position":1,"name":"Home","item":"https:\/\/www.healthy-heart.org\/it\/"},{"@type":"ListItem","position":2,"name":"Convivere con una patologia cardiaca","item":"https:\/\/www.healthy-heart.org\/it\/convivere-con-una-patologia-cardiaca\/"},{"@type":"ListItem","position":3,"name":"Cosa dovrei chiedere al mio cardiologo?"}]},{"@type":"WebSite","@id":"https:\/\/www.healthy-heart.org\/es\/#website","url":"https:\/\/www.healthy-heart.org\/es\/","name":"Healthy-Heart.org","description":"Practical advice for patients and family care givers on the prevention of cardiovascular disease","potentialAction":[{"@type":"SearchAction","target":{"@type":"EntryPoint","urlTemplate":"https:\/\/www.healthy-heart.org\/es\/?s={search_term_string}"},"query-input":{"@type":"PropertyValueSpecification","valueRequired":true,"valueName":"search_term_string"}}],"inLanguage":"it-IT"}]}},"_links":{"self":[{"href":"https:\/\/www.healthy-heart.org\/it\/wp-json\/wp\/v2\/pages\/2212","targetHints":{"allow":["GET"]}}],"collection":[{"href":"https:\/\/www.healthy-heart.org\/it\/wp-json\/wp\/v2\/pages"}],"about":[{"href":"https:\/\/www.healthy-heart.org\/it\/wp-json\/wp\/v2\/types\/page"}],"author":[{"embeddable":true,"href":"https:\/\/www.healthy-heart.org\/it\/wp-json\/wp\/v2\/users\/1"}],"replies":[{"embeddable":true,"href":"https:\/\/www.healthy-heart.org\/it\/wp-json\/wp\/v2\/comments?post=2212"}],"version-history":[{"count":3,"href":"https:\/\/www.healthy-heart.org\/it\/wp-json\/wp\/v2\/pages\/2212\/revisions"}],"predecessor-version":[{"id":4291,"href":"https:\/\/www.healthy-heart.org\/it\/wp-json\/wp\/v2\/pages\/2212\/revisions\/4291"}],"up":[{"embeddable":true,"href":"https:\/\/www.healthy-heart.org\/it\/wp-json\/wp\/v2\/pages\/2140"}],"wp:featuredmedia":[{"embeddable":true,"href":"https:\/\/www.healthy-heart.org\/it\/wp-json\/wp\/v2\/media\/645"}],"wp:attachment":[{"href":"https:\/\/www.healthy-heart.org\/it\/wp-json\/wp\/v2\/media?parent=2212"}],"wp:term":[{"taxonomy":"category","embeddable":true,"href":"https:\/\/www.healthy-heart.org\/it\/wp-json\/wp\/v2\/categories?post=2212"},{"taxonomy":"post_tag","embeddable":true,"href":"https:\/\/www.healthy-heart.org\/it\/wp-json\/wp\/v2\/tags?post=2212"}],"curies":[{"name":"wp","href":"https:\/\/api.w.org\/{rel}","templated":true}]}}