{"id":2192,"date":"2019-10-08T10:28:51","date_gmt":"2019-10-08T09:28:51","guid":{"rendered":"https:\/\/www.healthy-heart.org\/convivere-con-una-patologia-cardiaca\/attivita-sessuale-e-patologia-cardiaca\/"},"modified":"2020-03-06T11:39:00","modified_gmt":"2020-03-06T11:39:00","slug":"attivita-sessuale-e-patologia-cardiaca","status":"publish","type":"page","link":"https:\/\/www.healthy-heart.org\/it\/convivere-con-una-patologia-cardiaca\/attivita-sessuale-e-patologia-cardiaca\/","title":{"rendered":"Attivit\u00e0 sessuale e patologia cardiaca"},"content":{"rendered":"<p><img loading=\"lazy\" decoding=\"async\" class=\"alignright size-medium wp-image-586\" src=\"https:\/\/cdn-endpoint-prev.azureedge.net\/healthy-heart\/2019\/07\/iStock-874866632-350x233.jpg\" alt=\"\" width=\"350\" height=\"233\" srcset=\"https:\/\/www.healthy-heart.org\/wp-content\/uploads\/2019\/07\/iStock-874866632-350x233.jpg 350w, https:\/\/cdn-endpoint-prev.azureedge.net\/healthy-heart\/2019\/07\/iStock-874866632-2048x1365.jpg 2048w, https:\/\/cdn-endpoint-prev.azureedge.net\/healthy-heart\/2019\/07\/iStock-874866632-659x439.jpg 659w, https:\/\/www.healthy-heart.org\/wp-content\/uploads\/2019\/07\/iStock-874866632-200x133.jpg 200w, https:\/\/www.healthy-heart.org\/wp-content\/uploads\/2019\/07\/iStock-874866632-768x512.jpg 768w, https:\/\/www.healthy-heart.org\/wp-content\/uploads\/2019\/07\/iStock-874866632-1024x683.jpg 1024w, https:\/\/www.healthy-heart.org\/wp-content\/uploads\/2019\/07\/iStock-874866632-1536x1024.jpg 1536w, https:\/\/www.healthy-heart.org\/wp-content\/uploads\/2019\/07\/iStock-874866632-696x464.jpg 696w\" sizes=\"auto, (max-width: 350px) 100vw, 350px\" \/>Le <a href=\"https:\/\/www.healthy-heart.org\/it\/il-cuore\/cose-una-cardiopatia\/\">malattie cardiache<\/a> sono di solito un evento importante per il paziente e per il partner. Alcune persone avvertono dei cambiamenti riguardo alla sessualit\u00e0 o ai loro sentimenti di intimit\u00e0. A volte le coppie hanno difficolt\u00e0 a parlare di intimit\u00e0 e sessualit\u00e0. Il medico o l&#8217;infermiere\/a specializzato\/a possono <a href=\"https:\/\/www.healthy-heart.org\/it\/convivere-con-una-patologia-cardiaca\/cosa-dovrei-chiedere-al-mio-cardiologo\/\">rispondere alle domande<\/a> e discutere gli eventuali problemi.<\/p>\n<p>Molte persone si chiedono se possono ancora fare sesso e se il cuore far\u00e0 fronte all&#8217;aumento dello sforzo che accompagna l&#8217;eccitazione sessuale. L&#8217;attivit\u00e0 sessuale porta a lievi aumenti della frequenza cardiaca e della <a href=\"https:\/\/www.healthy-heart.org\/it\/mantieni-in-salute-il-tuo-cuore\/pressione-sanguigna\/\">pressione sanguigna<\/a>. Ma \u00e8 generalmente sicuro riprendere l&#8217;attivit\u00e0 sessuale una settimana dopo un infarto miocardico senza complicazioni o dopo un intervento cardiaco senza complicazioni, come ad esempio l&#8217;inserimento di stent, oppure otto settimane dopo cardiochirurgia. La <a href=\"https:\/\/www.healthy-heart.org\/it\/convivere-con-una-patologia-cardiaca\/migliora-la-tua-salute-cardiaca\/\">riabilitazione cardiologica<\/a> e la regolare<a href=\"https:\/\/www.healthy-heart.org\/it\/mantieni-in-salute-il-tuo-cuore\/attivita-fisica\/\"> attivit\u00e0 fisica<\/a> possono ridurre il rischio di complicazioni correlate all&#8217;attivit\u00e0 sessuale.<\/p>\n<p>La regola generale \u00e8 che se riesci a salire due rampe di scale o fare una camminata veloce senza sintomi (ad esempio senza avvertire dolore toracico o respiro corto), puoi tranquillamente riprendere l&#8217;attivit\u00e0 sessuale. \u00c8 importante rispettare il proprio ritmo di recupero e, in caso di sintomi, consultare il medico. Alcune persone usano nitroglicerina per prevenire o trattare i sintomi.<\/p>\n<p>Esistono farmaci che aiutano a migliorare le prestazioni sessuali, come sildenafil, vardenafil e tadalafil. L&#8217;assunzione di uno qualsiasi di questi farmaci durante l&#8217;uso di nitrati \u00e8 assolutamente controindicata a causa del rischio di pressione estremamente bassa. Pertanto, prima di iniziare a utilizzare uno qualsiasi di questi farmaci o erbe, \u00e8 consigliabile contattare il tuo medico.<\/p>\n<p>Alcuni <a href=\"https:\/\/www.healthy-heart.org\/living-with-heart-disease\/types-of-medication\/\">farmaci<\/a> prescritti per malattie cardiache (beta-bloccanti), antidepressivi e sonniferi possono causare problemi di erezione (e di desiderio sessuale) negli uomini e secchezza vaginale nelle donne, con conseguenze negative per l&#8217;attivit\u00e0 sessuale. Se sospetti che il farmaco stia causando problemi nella sfera sessuale, chiedi consiglio al medico riguardo all&#8217;eventuale cambio di farmaci con altre marche o classi. Non interrompere improvvisamente il farmaco. In caso di disfunzione sessuale, rivolgiti al tuo medico o infermiere\/a per capire se potrebbe essere correlata alla patologia cardiaca o a emozioni come ansia, depressione o altri fattori.<\/p>\n","protected":false},"excerpt":{"rendered":"<p>Le malattie cardiache sono di solito un evento importante per il paziente e per il partner. Alcune persone avvertono dei cambiamenti riguardo alla sessualit\u00e0 o ai loro sentimenti di intimit\u00e0. A volte le coppie hanno difficolt\u00e0 a parlare di intimit\u00e0 e sessualit\u00e0. Il medico o l&#8217;infermiere\/a specializzato\/a possono rispondere alle domande e discutere gli eventuali [&hellip;]<\/p>\n","protected":false},"author":1,"featured_media":590,"parent":2140,"menu_order":9,"comment_status":"closed","ping_status":"closed","template":"","meta":{"_acf_changed":false,"footnotes":""},"categories":[71],"tags":[],"class_list":["post-2192","page","type-page","status-publish","has-post-thumbnail","hentry","category-convivere-con-una-patologia-cardiaca"],"acf":[],"yoast_head":"<!-- This site is optimized with the Yoast SEO plugin v24.0 - https:\/\/yoast.com\/wordpress\/plugins\/seo\/ -->\n<title>Attivit\u00e0 sessuale e patologia cardiaca - Healthy-Heart.org<\/title>\n<meta name=\"description\" content=\"\u00c8 generalmente sicuro riprendere l&#039;attivit\u00e0 sessuale dopo un infarto miocardico senza complicazioni o dopo un intervento cardiaco senza complicazioni, come ad esempio l&#039;inserimento di stent.\" \/>\n<meta name=\"robots\" content=\"index, follow, max-snippet:-1, max-image-preview:large, max-video-preview:-1\" \/>\n<link rel=\"canonical\" href=\"https:\/\/www.healthy-heart.org\/it\/convivere-con-una-patologia-cardiaca\/attivita-sessuale-e-patologia-cardiaca\/\" \/>\n<meta property=\"og:locale\" content=\"it_IT\" \/>\n<meta property=\"og:type\" content=\"article\" \/>\n<meta property=\"og:title\" content=\"Attivit\u00e0 sessuale e patologia cardiaca - Healthy-Heart.org\" \/>\n<meta property=\"og:description\" content=\"\u00c8 generalmente sicuro riprendere l&#039;attivit\u00e0 sessuale dopo un infarto miocardico senza complicazioni o dopo un intervento cardiaco senza complicazioni, come ad esempio l&#039;inserimento di stent.\" \/>\n<meta property=\"og:url\" content=\"https:\/\/www.healthy-heart.org\/it\/convivere-con-una-patologia-cardiaca\/attivita-sessuale-e-patologia-cardiaca\/\" \/>\n<meta property=\"og:site_name\" content=\"Healthy-Heart.org\" \/>\n<meta property=\"article:modified_time\" content=\"2020-03-06T11:39:00+00:00\" \/>\n<meta property=\"og:image\" content=\"https:\/\/www.healthy-heart.org\/wp-content\/uploads\/2019\/07\/iStock-874866632-1024x683.jpg\" \/>\n\t<meta property=\"og:image:width\" content=\"1024\" \/>\n\t<meta property=\"og:image:height\" content=\"683\" \/>\n\t<meta property=\"og:image:type\" content=\"image\/jpeg\" \/>\n<meta name=\"twitter:card\" content=\"summary_large_image\" \/>\n<meta name=\"twitter:label1\" content=\"Tempo di lettura stimato\" \/>\n\t<meta name=\"twitter:data1\" content=\"2 minuti\" \/>\n<script type=\"application\/ld+json\" class=\"yoast-schema-graph\">{\"@context\":\"https:\/\/schema.org\",\"@graph\":[{\"@type\":\"WebPage\",\"@id\":\"https:\/\/www.healthy-heart.org\/it\/convivere-con-una-patologia-cardiaca\/attivita-sessuale-e-patologia-cardiaca\/\",\"url\":\"https:\/\/www.healthy-heart.org\/it\/convivere-con-una-patologia-cardiaca\/attivita-sessuale-e-patologia-cardiaca\/\",\"name\":\"Attivit\u00e0 sessuale e patologia cardiaca - Healthy-Heart.org\",\"isPartOf\":{\"@id\":\"https:\/\/www.healthy-heart.org\/es\/#website\"},\"primaryImageOfPage\":{\"@id\":\"https:\/\/www.healthy-heart.org\/it\/convivere-con-una-patologia-cardiaca\/attivita-sessuale-e-patologia-cardiaca\/#primaryimage\"},\"image\":{\"@id\":\"https:\/\/www.healthy-heart.org\/it\/convivere-con-una-patologia-cardiaca\/attivita-sessuale-e-patologia-cardiaca\/#primaryimage\"},\"thumbnailUrl\":\"https:\/\/www.healthy-heart.org\/wp-content\/uploads\/2019\/07\/iStock-874866632.jpg\",\"datePublished\":\"2019-10-08T09:28:51+00:00\",\"dateModified\":\"2020-03-06T11:39:00+00:00\",\"description\":\"\u00c8 generalmente sicuro riprendere l'attivit\u00e0 sessuale dopo un infarto miocardico senza complicazioni o dopo un intervento cardiaco senza complicazioni, come ad esempio l'inserimento di stent.\",\"breadcrumb\":{\"@id\":\"https:\/\/www.healthy-heart.org\/it\/convivere-con-una-patologia-cardiaca\/attivita-sessuale-e-patologia-cardiaca\/#breadcrumb\"},\"inLanguage\":\"it-IT\",\"potentialAction\":[{\"@type\":\"ReadAction\",\"target\":[\"https:\/\/www.healthy-heart.org\/it\/convivere-con-una-patologia-cardiaca\/attivita-sessuale-e-patologia-cardiaca\/\"]}]},{\"@type\":\"ImageObject\",\"inLanguage\":\"it-IT\",\"@id\":\"https:\/\/www.healthy-heart.org\/it\/convivere-con-una-patologia-cardiaca\/attivita-sessuale-e-patologia-cardiaca\/#primaryimage\",\"url\":\"https:\/\/www.healthy-heart.org\/wp-content\/uploads\/2019\/07\/iStock-874866632.jpg\",\"contentUrl\":\"https:\/\/www.healthy-heart.org\/wp-content\/uploads\/2019\/07\/iStock-874866632.jpg\",\"width\":6720,\"height\":4480,\"caption\":\"Shot of a mature couple talking on the sofa at home\"},{\"@type\":\"BreadcrumbList\",\"@id\":\"https:\/\/www.healthy-heart.org\/it\/convivere-con-una-patologia-cardiaca\/attivita-sessuale-e-patologia-cardiaca\/#breadcrumb\",\"itemListElement\":[{\"@type\":\"ListItem\",\"position\":1,\"name\":\"Home\",\"item\":\"https:\/\/www.healthy-heart.org\/it\/\"},{\"@type\":\"ListItem\",\"position\":2,\"name\":\"Convivere con una patologia cardiaca\",\"item\":\"https:\/\/www.healthy-heart.org\/it\/convivere-con-una-patologia-cardiaca\/\"},{\"@type\":\"ListItem\",\"position\":3,\"name\":\"Attivit\u00e0 sessuale e patologia cardiaca\"}]},{\"@type\":\"WebSite\",\"@id\":\"https:\/\/www.healthy-heart.org\/es\/#website\",\"url\":\"https:\/\/www.healthy-heart.org\/es\/\",\"name\":\"Healthy-Heart.org\",\"description\":\"Practical advice for patients and family care givers on the prevention of cardiovascular disease\",\"potentialAction\":[{\"@type\":\"SearchAction\",\"target\":{\"@type\":\"EntryPoint\",\"urlTemplate\":\"https:\/\/www.healthy-heart.org\/es\/?s={search_term_string}\"},\"query-input\":{\"@type\":\"PropertyValueSpecification\",\"valueRequired\":true,\"valueName\":\"search_term_string\"}}],\"inLanguage\":\"it-IT\"}]}<\/script>\n<!-- \/ Yoast SEO plugin. -->","yoast_head_json":{"title":"Attivit\u00e0 sessuale e patologia cardiaca - Healthy-Heart.org","description":"\u00c8 generalmente sicuro riprendere l'attivit\u00e0 sessuale dopo un infarto miocardico senza complicazioni o dopo un intervento cardiaco senza complicazioni, come ad esempio l'inserimento di stent.","robots":{"index":"index","follow":"follow","max-snippet":"max-snippet:-1","max-image-preview":"max-image-preview:large","max-video-preview":"max-video-preview:-1"},"canonical":"https:\/\/www.healthy-heart.org\/it\/convivere-con-una-patologia-cardiaca\/attivita-sessuale-e-patologia-cardiaca\/","og_locale":"it_IT","og_type":"article","og_title":"Attivit\u00e0 sessuale e patologia cardiaca - Healthy-Heart.org","og_description":"\u00c8 generalmente sicuro riprendere l'attivit\u00e0 sessuale dopo un infarto miocardico senza complicazioni o dopo un intervento cardiaco senza complicazioni, come ad esempio l'inserimento di stent.","og_url":"https:\/\/www.healthy-heart.org\/it\/convivere-con-una-patologia-cardiaca\/attivita-sessuale-e-patologia-cardiaca\/","og_site_name":"Healthy-Heart.org","article_modified_time":"2020-03-06T11:39:00+00:00","og_image":[{"width":1024,"height":683,"url":"https:\/\/www.healthy-heart.org\/wp-content\/uploads\/2019\/07\/iStock-874866632-1024x683.jpg","type":"image\/jpeg"}],"twitter_card":"summary_large_image","twitter_misc":{"Tempo di lettura stimato":"2 minuti"},"schema":{"@context":"https:\/\/schema.org","@graph":[{"@type":"WebPage","@id":"https:\/\/www.healthy-heart.org\/it\/convivere-con-una-patologia-cardiaca\/attivita-sessuale-e-patologia-cardiaca\/","url":"https:\/\/www.healthy-heart.org\/it\/convivere-con-una-patologia-cardiaca\/attivita-sessuale-e-patologia-cardiaca\/","name":"Attivit\u00e0 sessuale e patologia cardiaca - Healthy-Heart.org","isPartOf":{"@id":"https:\/\/www.healthy-heart.org\/es\/#website"},"primaryImageOfPage":{"@id":"https:\/\/www.healthy-heart.org\/it\/convivere-con-una-patologia-cardiaca\/attivita-sessuale-e-patologia-cardiaca\/#primaryimage"},"image":{"@id":"https:\/\/www.healthy-heart.org\/it\/convivere-con-una-patologia-cardiaca\/attivita-sessuale-e-patologia-cardiaca\/#primaryimage"},"thumbnailUrl":"https:\/\/www.healthy-heart.org\/wp-content\/uploads\/2019\/07\/iStock-874866632.jpg","datePublished":"2019-10-08T09:28:51+00:00","dateModified":"2020-03-06T11:39:00+00:00","description":"\u00c8 generalmente sicuro riprendere l'attivit\u00e0 sessuale dopo un infarto miocardico senza complicazioni o dopo un intervento cardiaco senza complicazioni, come ad esempio l'inserimento di stent.","breadcrumb":{"@id":"https:\/\/www.healthy-heart.org\/it\/convivere-con-una-patologia-cardiaca\/attivita-sessuale-e-patologia-cardiaca\/#breadcrumb"},"inLanguage":"it-IT","potentialAction":[{"@type":"ReadAction","target":["https:\/\/www.healthy-heart.org\/it\/convivere-con-una-patologia-cardiaca\/attivita-sessuale-e-patologia-cardiaca\/"]}]},{"@type":"ImageObject","inLanguage":"it-IT","@id":"https:\/\/www.healthy-heart.org\/it\/convivere-con-una-patologia-cardiaca\/attivita-sessuale-e-patologia-cardiaca\/#primaryimage","url":"https:\/\/www.healthy-heart.org\/wp-content\/uploads\/2019\/07\/iStock-874866632.jpg","contentUrl":"https:\/\/www.healthy-heart.org\/wp-content\/uploads\/2019\/07\/iStock-874866632.jpg","width":6720,"height":4480,"caption":"Shot of a mature couple talking on the sofa at home"},{"@type":"BreadcrumbList","@id":"https:\/\/www.healthy-heart.org\/it\/convivere-con-una-patologia-cardiaca\/attivita-sessuale-e-patologia-cardiaca\/#breadcrumb","itemListElement":[{"@type":"ListItem","position":1,"name":"Home","item":"https:\/\/www.healthy-heart.org\/it\/"},{"@type":"ListItem","position":2,"name":"Convivere con una patologia cardiaca","item":"https:\/\/www.healthy-heart.org\/it\/convivere-con-una-patologia-cardiaca\/"},{"@type":"ListItem","position":3,"name":"Attivit\u00e0 sessuale e patologia cardiaca"}]},{"@type":"WebSite","@id":"https:\/\/www.healthy-heart.org\/es\/#website","url":"https:\/\/www.healthy-heart.org\/es\/","name":"Healthy-Heart.org","description":"Practical advice for patients and family care givers on the prevention of cardiovascular disease","potentialAction":[{"@type":"SearchAction","target":{"@type":"EntryPoint","urlTemplate":"https:\/\/www.healthy-heart.org\/es\/?s={search_term_string}"},"query-input":{"@type":"PropertyValueSpecification","valueRequired":true,"valueName":"search_term_string"}}],"inLanguage":"it-IT"}]}},"_links":{"self":[{"href":"https:\/\/www.healthy-heart.org\/it\/wp-json\/wp\/v2\/pages\/2192","targetHints":{"allow":["GET"]}}],"collection":[{"href":"https:\/\/www.healthy-heart.org\/it\/wp-json\/wp\/v2\/pages"}],"about":[{"href":"https:\/\/www.healthy-heart.org\/it\/wp-json\/wp\/v2\/types\/page"}],"author":[{"embeddable":true,"href":"https:\/\/www.healthy-heart.org\/it\/wp-json\/wp\/v2\/users\/1"}],"replies":[{"embeddable":true,"href":"https:\/\/www.healthy-heart.org\/it\/wp-json\/wp\/v2\/comments?post=2192"}],"version-history":[{"count":2,"href":"https:\/\/www.healthy-heart.org\/it\/wp-json\/wp\/v2\/pages\/2192\/revisions"}],"predecessor-version":[{"id":4285,"href":"https:\/\/www.healthy-heart.org\/it\/wp-json\/wp\/v2\/pages\/2192\/revisions\/4285"}],"up":[{"embeddable":true,"href":"https:\/\/www.healthy-heart.org\/it\/wp-json\/wp\/v2\/pages\/2140"}],"wp:featuredmedia":[{"embeddable":true,"href":"https:\/\/www.healthy-heart.org\/it\/wp-json\/wp\/v2\/media\/590"}],"wp:attachment":[{"href":"https:\/\/www.healthy-heart.org\/it\/wp-json\/wp\/v2\/media?parent=2192"}],"wp:term":[{"taxonomy":"category","embeddable":true,"href":"https:\/\/www.healthy-heart.org\/it\/wp-json\/wp\/v2\/categories?post=2192"},{"taxonomy":"post_tag","embeddable":true,"href":"https:\/\/www.healthy-heart.org\/it\/wp-json\/wp\/v2\/tags?post=2192"}],"curies":[{"name":"wp","href":"https:\/\/api.w.org\/{rel}","templated":true}]}}