{"id":2190,"date":"2019-10-08T10:28:50","date_gmt":"2019-10-08T09:28:50","guid":{"rendered":"https:\/\/www.healthy-heart.org\/convivere-con-una-patologia-cardiaca\/viaggiare-dopo-un-infarto\/"},"modified":"2024-12-10T12:36:24","modified_gmt":"2024-12-10T12:36:24","slug":"viaggiare-dopo-un-infarto","status":"publish","type":"page","link":"https:\/\/www.healthy-heart.org\/it\/convivere-con-una-patologia-cardiaca\/viaggiare-dopo-un-infarto\/","title":{"rendered":"Viaggiare dopo un infarto"},"content":{"rendered":"<p><img loading=\"lazy\" decoding=\"async\" class=\"size-medium wp-image-3193 alignright\" src=\"https:\/\/cdn-endpoint-prev.azureedge.net\/healthy-heart\/2019\/10\/Travel-1-350x227.jpg\" alt=\"\" width=\"350\" height=\"227\" srcset=\"https:\/\/cdn-endpoint-prev.azureedge.net\/healthy-heart\/2019\/10\/Travel-1-350x227.jpg 350w, https:\/\/cdn-endpoint-prev.azureedge.net\/healthy-heart\/2019\/10\/Travel-1-1024x665.jpg 1024w, https:\/\/cdn-endpoint-prev.azureedge.net\/healthy-heart\/2019\/10\/Travel-1-676x439.jpg 676w, https:\/\/www.healthy-heart.org\/wp-content\/uploads\/2019\/10\/Travel-1-200x130.jpg 200w, https:\/\/www.healthy-heart.org\/wp-content\/uploads\/2019\/10\/Travel-1-768x499.jpg 768w, https:\/\/www.healthy-heart.org\/wp-content\/uploads\/2019\/10\/Travel-1-1536x998.jpg 1536w, https:\/\/www.healthy-heart.org\/wp-content\/uploads\/2019\/10\/Travel-1-2048x1331.jpg 2048w, https:\/\/www.healthy-heart.org\/wp-content\/uploads\/2019\/10\/Travel-1-700x455.jpg 700w\" sizes=\"auto, (max-width: 350px) 100vw, 350px\" \/><\/p>\n<p>Puoi viaggiare come passeggero in auto o in treno subito dopo le dimissioni dall&#8217;ospedale. Quando viaggi in auto, \u00e8 importante non guidare da soli e, durante i lunghi viaggi, effettuare frequenti pause. Poich\u00e9 le norme giuridiche possono variare da un Paese all&#8217;altro, prima di partire \u00e8 bene verificare le leggi locali relative alla guida e alle condizioni di salute.<\/p>\n<p>Per quanto riguarda l&#8217;aereo, l&#8217;idoneit\u00e0 al volo varia in base alle circostanze individuali. Dovresti consultare il medico di base per stabilire il momento pi\u00f9 sicuro per prendere l&#8217;aereo. Questa decisione dipender\u00e0 da fattori quali la gravit\u00e0 dell&#8217;infarto, la durata del volo e il fatto che tu stia viaggiando in solitaria o in compagnia. In generale, prendere l&#8217;aereo rappresenta un rischio ridotto dopo un infarto senza complicazioni, tanto che molti pazienti sono autorizzati a volare gi\u00e0 tre giorni dopo la dimissione. Per coloro che hanno avuto complicazioni durante l&#8217;infarto, \u00e8 invece consigliabile ritardare il volo finch\u00e9 le condizioni non si siano stabilizzate. Se il viaggio \u00e8 necessario entro due settimane dall&#8217;infarto, il medico pu\u00f2 suggerire di viaggiare con una scorta medica a causa dei rischi associati ai bassi livelli di ossigeno in cabina. Inoltre, \u00e8 fondamentale consultare la tua compagnia assicurativa e la compagnia aerea prima del viaggio, poich\u00e9 le politiche relative ai viaggi aerei per i passeggeri con condizioni di salute croniche possono variare in modo significativo.<\/p>\n","protected":false},"excerpt":{"rendered":"<p>Puoi viaggiare come passeggero in auto o in treno subito dopo le dimissioni dall&#8217;ospedale. Quando viaggi in auto, \u00e8 importante non guidare da soli e, durante i lunghi viaggi, effettuare frequenti pause. Poich\u00e9 le norme giuridiche possono variare da un Paese all&#8217;altro, prima di partire \u00e8 bene verificare le leggi locali relative alla guida e [&hellip;]<\/p>\n","protected":false},"author":1,"featured_media":3196,"parent":2140,"menu_order":7,"comment_status":"closed","ping_status":"closed","template":"","meta":{"_acf_changed":false,"footnotes":""},"categories":[71],"tags":[],"class_list":["post-2190","page","type-page","status-publish","has-post-thumbnail","hentry","category-convivere-con-una-patologia-cardiaca"],"acf":[],"yoast_head":"<!-- This site is optimized with the Yoast SEO plugin v24.0 - https:\/\/yoast.com\/wordpress\/plugins\/seo\/ -->\n<title>Viaggiare dopo un infarto - Healthy-Heart.org<\/title>\n<meta name=\"description\" content=\"Dopo un infarto, puoi viaggiare in auto o in treno subito dopo le dimissioni come passeggero e senza sforzarti eccessivamente.\" \/>\n<meta name=\"robots\" content=\"index, follow, max-snippet:-1, max-image-preview:large, max-video-preview:-1\" \/>\n<link rel=\"canonical\" href=\"https:\/\/www.healthy-heart.org\/it\/convivere-con-una-patologia-cardiaca\/viaggiare-dopo-un-infarto\/\" \/>\n<meta property=\"og:locale\" content=\"it_IT\" \/>\n<meta property=\"og:type\" content=\"article\" \/>\n<meta property=\"og:title\" content=\"Viaggiare dopo un infarto - Healthy-Heart.org\" \/>\n<meta property=\"og:description\" content=\"Dopo un infarto, puoi viaggiare in auto o in treno subito dopo le dimissioni come passeggero e senza sforzarti eccessivamente.\" \/>\n<meta property=\"og:url\" content=\"https:\/\/www.healthy-heart.org\/it\/convivere-con-una-patologia-cardiaca\/viaggiare-dopo-un-infarto\/\" \/>\n<meta property=\"og:site_name\" content=\"Healthy-Heart.org\" \/>\n<meta property=\"article:modified_time\" content=\"2024-12-10T12:36:24+00:00\" \/>\n<meta property=\"og:image\" content=\"https:\/\/www.healthy-heart.org\/wp-content\/uploads\/2019\/10\/Travel-1.jpg\" \/>\n\t<meta property=\"og:image:width\" content=\"3144\" \/>\n\t<meta property=\"og:image:height\" content=\"2043\" \/>\n\t<meta property=\"og:image:type\" content=\"image\/jpeg\" \/>\n<meta name=\"twitter:card\" content=\"summary_large_image\" \/>\n<meta name=\"twitter:label1\" content=\"Tempo di lettura stimato\" \/>\n\t<meta name=\"twitter:data1\" content=\"1 minuto\" \/>\n<script type=\"application\/ld+json\" class=\"yoast-schema-graph\">{\"@context\":\"https:\/\/schema.org\",\"@graph\":[{\"@type\":\"WebPage\",\"@id\":\"https:\/\/www.healthy-heart.org\/it\/convivere-con-una-patologia-cardiaca\/viaggiare-dopo-un-infarto\/\",\"url\":\"https:\/\/www.healthy-heart.org\/it\/convivere-con-una-patologia-cardiaca\/viaggiare-dopo-un-infarto\/\",\"name\":\"Viaggiare dopo un infarto - Healthy-Heart.org\",\"isPartOf\":{\"@id\":\"https:\/\/www.healthy-heart.org\/es\/#website\"},\"primaryImageOfPage\":{\"@id\":\"https:\/\/www.healthy-heart.org\/it\/convivere-con-una-patologia-cardiaca\/viaggiare-dopo-un-infarto\/#primaryimage\"},\"image\":{\"@id\":\"https:\/\/www.healthy-heart.org\/it\/convivere-con-una-patologia-cardiaca\/viaggiare-dopo-un-infarto\/#primaryimage\"},\"thumbnailUrl\":\"https:\/\/www.healthy-heart.org\/wp-content\/uploads\/2019\/10\/Travel-1.jpg\",\"datePublished\":\"2019-10-08T09:28:50+00:00\",\"dateModified\":\"2024-12-10T12:36:24+00:00\",\"description\":\"Dopo un infarto, puoi viaggiare in auto o in treno subito dopo le dimissioni come passeggero e senza sforzarti eccessivamente.\",\"breadcrumb\":{\"@id\":\"https:\/\/www.healthy-heart.org\/it\/convivere-con-una-patologia-cardiaca\/viaggiare-dopo-un-infarto\/#breadcrumb\"},\"inLanguage\":\"it-IT\",\"potentialAction\":[{\"@type\":\"ReadAction\",\"target\":[\"https:\/\/www.healthy-heart.org\/it\/convivere-con-una-patologia-cardiaca\/viaggiare-dopo-un-infarto\/\"]}]},{\"@type\":\"ImageObject\",\"inLanguage\":\"it-IT\",\"@id\":\"https:\/\/www.healthy-heart.org\/it\/convivere-con-una-patologia-cardiaca\/viaggiare-dopo-un-infarto\/#primaryimage\",\"url\":\"https:\/\/www.healthy-heart.org\/wp-content\/uploads\/2019\/10\/Travel-1.jpg\",\"contentUrl\":\"https:\/\/www.healthy-heart.org\/wp-content\/uploads\/2019\/10\/Travel-1.jpg\",\"width\":3144,\"height\":2043},{\"@type\":\"BreadcrumbList\",\"@id\":\"https:\/\/www.healthy-heart.org\/it\/convivere-con-una-patologia-cardiaca\/viaggiare-dopo-un-infarto\/#breadcrumb\",\"itemListElement\":[{\"@type\":\"ListItem\",\"position\":1,\"name\":\"Home\",\"item\":\"https:\/\/www.healthy-heart.org\/it\/\"},{\"@type\":\"ListItem\",\"position\":2,\"name\":\"Convivere con una patologia cardiaca\",\"item\":\"https:\/\/www.healthy-heart.org\/it\/convivere-con-una-patologia-cardiaca\/\"},{\"@type\":\"ListItem\",\"position\":3,\"name\":\"Viaggiare dopo un infarto\"}]},{\"@type\":\"WebSite\",\"@id\":\"https:\/\/www.healthy-heart.org\/es\/#website\",\"url\":\"https:\/\/www.healthy-heart.org\/es\/\",\"name\":\"Healthy-Heart.org\",\"description\":\"Practical advice for patients and family care givers on the prevention of cardiovascular disease\",\"potentialAction\":[{\"@type\":\"SearchAction\",\"target\":{\"@type\":\"EntryPoint\",\"urlTemplate\":\"https:\/\/www.healthy-heart.org\/es\/?s={search_term_string}\"},\"query-input\":{\"@type\":\"PropertyValueSpecification\",\"valueRequired\":true,\"valueName\":\"search_term_string\"}}],\"inLanguage\":\"it-IT\"}]}<\/script>\n<!-- \/ Yoast SEO plugin. -->","yoast_head_json":{"title":"Viaggiare dopo un infarto - Healthy-Heart.org","description":"Dopo un infarto, puoi viaggiare in auto o in treno subito dopo le dimissioni come passeggero e senza sforzarti eccessivamente.","robots":{"index":"index","follow":"follow","max-snippet":"max-snippet:-1","max-image-preview":"max-image-preview:large","max-video-preview":"max-video-preview:-1"},"canonical":"https:\/\/www.healthy-heart.org\/it\/convivere-con-una-patologia-cardiaca\/viaggiare-dopo-un-infarto\/","og_locale":"it_IT","og_type":"article","og_title":"Viaggiare dopo un infarto - Healthy-Heart.org","og_description":"Dopo un infarto, puoi viaggiare in auto o in treno subito dopo le dimissioni come passeggero e senza sforzarti eccessivamente.","og_url":"https:\/\/www.healthy-heart.org\/it\/convivere-con-una-patologia-cardiaca\/viaggiare-dopo-un-infarto\/","og_site_name":"Healthy-Heart.org","article_modified_time":"2024-12-10T12:36:24+00:00","og_image":[{"width":3144,"height":2043,"url":"https:\/\/www.healthy-heart.org\/wp-content\/uploads\/2019\/10\/Travel-1.jpg","type":"image\/jpeg"}],"twitter_card":"summary_large_image","twitter_misc":{"Tempo di lettura stimato":"1 minuto"},"schema":{"@context":"https:\/\/schema.org","@graph":[{"@type":"WebPage","@id":"https:\/\/www.healthy-heart.org\/it\/convivere-con-una-patologia-cardiaca\/viaggiare-dopo-un-infarto\/","url":"https:\/\/www.healthy-heart.org\/it\/convivere-con-una-patologia-cardiaca\/viaggiare-dopo-un-infarto\/","name":"Viaggiare dopo un infarto - Healthy-Heart.org","isPartOf":{"@id":"https:\/\/www.healthy-heart.org\/es\/#website"},"primaryImageOfPage":{"@id":"https:\/\/www.healthy-heart.org\/it\/convivere-con-una-patologia-cardiaca\/viaggiare-dopo-un-infarto\/#primaryimage"},"image":{"@id":"https:\/\/www.healthy-heart.org\/it\/convivere-con-una-patologia-cardiaca\/viaggiare-dopo-un-infarto\/#primaryimage"},"thumbnailUrl":"https:\/\/www.healthy-heart.org\/wp-content\/uploads\/2019\/10\/Travel-1.jpg","datePublished":"2019-10-08T09:28:50+00:00","dateModified":"2024-12-10T12:36:24+00:00","description":"Dopo un infarto, puoi viaggiare in auto o in treno subito dopo le dimissioni come passeggero e senza sforzarti eccessivamente.","breadcrumb":{"@id":"https:\/\/www.healthy-heart.org\/it\/convivere-con-una-patologia-cardiaca\/viaggiare-dopo-un-infarto\/#breadcrumb"},"inLanguage":"it-IT","potentialAction":[{"@type":"ReadAction","target":["https:\/\/www.healthy-heart.org\/it\/convivere-con-una-patologia-cardiaca\/viaggiare-dopo-un-infarto\/"]}]},{"@type":"ImageObject","inLanguage":"it-IT","@id":"https:\/\/www.healthy-heart.org\/it\/convivere-con-una-patologia-cardiaca\/viaggiare-dopo-un-infarto\/#primaryimage","url":"https:\/\/www.healthy-heart.org\/wp-content\/uploads\/2019\/10\/Travel-1.jpg","contentUrl":"https:\/\/www.healthy-heart.org\/wp-content\/uploads\/2019\/10\/Travel-1.jpg","width":3144,"height":2043},{"@type":"BreadcrumbList","@id":"https:\/\/www.healthy-heart.org\/it\/convivere-con-una-patologia-cardiaca\/viaggiare-dopo-un-infarto\/#breadcrumb","itemListElement":[{"@type":"ListItem","position":1,"name":"Home","item":"https:\/\/www.healthy-heart.org\/it\/"},{"@type":"ListItem","position":2,"name":"Convivere con una patologia cardiaca","item":"https:\/\/www.healthy-heart.org\/it\/convivere-con-una-patologia-cardiaca\/"},{"@type":"ListItem","position":3,"name":"Viaggiare dopo un infarto"}]},{"@type":"WebSite","@id":"https:\/\/www.healthy-heart.org\/es\/#website","url":"https:\/\/www.healthy-heart.org\/es\/","name":"Healthy-Heart.org","description":"Practical advice for patients and family care givers on the prevention of cardiovascular disease","potentialAction":[{"@type":"SearchAction","target":{"@type":"EntryPoint","urlTemplate":"https:\/\/www.healthy-heart.org\/es\/?s={search_term_string}"},"query-input":{"@type":"PropertyValueSpecification","valueRequired":true,"valueName":"search_term_string"}}],"inLanguage":"it-IT"}]}},"_links":{"self":[{"href":"https:\/\/www.healthy-heart.org\/it\/wp-json\/wp\/v2\/pages\/2190","targetHints":{"allow":["GET"]}}],"collection":[{"href":"https:\/\/www.healthy-heart.org\/it\/wp-json\/wp\/v2\/pages"}],"about":[{"href":"https:\/\/www.healthy-heart.org\/it\/wp-json\/wp\/v2\/types\/page"}],"author":[{"embeddable":true,"href":"https:\/\/www.healthy-heart.org\/it\/wp-json\/wp\/v2\/users\/1"}],"replies":[{"embeddable":true,"href":"https:\/\/www.healthy-heart.org\/it\/wp-json\/wp\/v2\/comments?post=2190"}],"version-history":[{"count":5,"href":"https:\/\/www.healthy-heart.org\/it\/wp-json\/wp\/v2\/pages\/2190\/revisions"}],"predecessor-version":[{"id":7360,"href":"https:\/\/www.healthy-heart.org\/it\/wp-json\/wp\/v2\/pages\/2190\/revisions\/7360"}],"up":[{"embeddable":true,"href":"https:\/\/www.healthy-heart.org\/it\/wp-json\/wp\/v2\/pages\/2140"}],"wp:featuredmedia":[{"embeddable":true,"href":"https:\/\/www.healthy-heart.org\/it\/wp-json\/wp\/v2\/media\/3196"}],"wp:attachment":[{"href":"https:\/\/www.healthy-heart.org\/it\/wp-json\/wp\/v2\/media?parent=2190"}],"wp:term":[{"taxonomy":"category","embeddable":true,"href":"https:\/\/www.healthy-heart.org\/it\/wp-json\/wp\/v2\/categories?post=2190"},{"taxonomy":"post_tag","embeddable":true,"href":"https:\/\/www.healthy-heart.org\/it\/wp-json\/wp\/v2\/tags?post=2190"}],"curies":[{"name":"wp","href":"https:\/\/api.w.org\/{rel}","templated":true}]}}