{"id":2183,"date":"2019-10-08T10:28:48","date_gmt":"2019-10-08T09:28:48","guid":{"rendered":"https:\/\/www.healthy-heart.org\/convivere-con-una-patologia-cardiaca\/ritorno-al-lavoro-dopo-un-infarto\/"},"modified":"2024-12-10T12:36:20","modified_gmt":"2024-12-10T12:36:20","slug":"ritorno-al-lavoro-dopo-un-infarto","status":"publish","type":"page","link":"https:\/\/www.healthy-heart.org\/it\/convivere-con-una-patologia-cardiaca\/ritorno-al-lavoro-dopo-un-infarto\/","title":{"rendered":"Ritorno al lavoro dopo un infarto"},"content":{"rendered":"<p><img loading=\"lazy\" decoding=\"async\" class=\"alignright size-medium wp-image-554\" src=\"https:\/\/cdn-endpoint-prev.azureedge.net\/healthy-heart\/2019\/07\/iStock-75939684-e1565873258225-350x244.jpg\" alt=\"\" width=\"350\" height=\"244\" srcset=\"https:\/\/www.healthy-heart.org\/wp-content\/uploads\/2019\/07\/iStock-75939684-e1565873258225-350x244.jpg 350w, https:\/\/cdn-endpoint-prev.azureedge.net\/healthy-heart\/2019\/07\/iStock-75939684-e1565873258225-2048x1427.jpg 2048w, https:\/\/www.healthy-heart.org\/wp-content\/uploads\/2019\/07\/iStock-75939684-e1565873258225-200x139.jpg 200w, https:\/\/www.healthy-heart.org\/wp-content\/uploads\/2019\/07\/iStock-75939684-e1565873258225-768x535.jpg 768w, https:\/\/www.healthy-heart.org\/wp-content\/uploads\/2019\/07\/iStock-75939684-e1565873258225-1024x713.jpg 1024w, https:\/\/www.healthy-heart.org\/wp-content\/uploads\/2019\/07\/iStock-75939684-e1565873258225-1536x1070.jpg 1536w, https:\/\/www.healthy-heart.org\/wp-content\/uploads\/2019\/07\/iStock-75939684-e1565873258225-630x439.jpg 630w, https:\/\/www.healthy-heart.org\/wp-content\/uploads\/2019\/07\/iStock-75939684-e1565873258225-666x464.jpg 666w\" sizes=\"auto, (max-width: 350px) 100vw, 350px\" \/><\/p>\n<p>Un programma completo di riabilitazione cardiaca \u00e8 essenziale dopo aver lasciato l&#8217;ospedale. Questo programma aiuta a ripristinare la capacit\u00e0 funzionale e comprende un piano di esercizi personalizzato. Per un breve periodo di tempo dopo un infarto, si dovrebbe evitare un&#8217;attivit\u00e0 fisica intensa; la durata di questo periodo pu\u00f2 variare per ogni individuo e deve essere discussa con il proprio cardiologo. Tuttavia, mantenere un&#8217;attivit\u00e0 fisica da lieve a moderata \u00e8 importante per favorire il recupero e migliorare la qualit\u00e0 della vita. Un congedo per malattia prolungato non \u00e8 di solito vantaggioso e si consiglia di rimanere attivi anche dopo la dimissione.<\/p>\n<p>Per coloro che svolgono lavori che richiedono uno sforzo fisico da basso a moderato, il ritorno al lavoro entro un mese \u00e8 generalmente possibile, se la funzione di pompaggio del cuore \u00e8 normale e se non ci sono state complicazioni durante la degenza in ospedale o durante la riabilitazione. Per le persone che svolgono lavori fisicamente impegnativi, a volte sono necessari ulteriori esami prima che il cardiologo confermi che si possa tornare al lavoro.<\/p>\n","protected":false},"excerpt":{"rendered":"<p>Un programma completo di riabilitazione cardiaca \u00e8 essenziale dopo aver lasciato l&#8217;ospedale. Questo programma aiuta a ripristinare la capacit\u00e0 funzionale e comprende un piano di esercizi personalizzato. Per un breve periodo di tempo dopo un infarto, si dovrebbe evitare un&#8217;attivit\u00e0 fisica intensa; la durata di questo periodo pu\u00f2 variare per ogni individuo e deve essere [&hellip;]<\/p>\n","protected":false},"author":1,"featured_media":3207,"parent":2140,"menu_order":8,"comment_status":"closed","ping_status":"closed","template":"","meta":{"_acf_changed":false,"footnotes":""},"categories":[71],"tags":[],"class_list":["post-2183","page","type-page","status-publish","has-post-thumbnail","hentry","category-convivere-con-una-patologia-cardiaca"],"acf":[],"yoast_head":"<!-- This site is optimized with the Yoast SEO plugin v24.0 - https:\/\/yoast.com\/wordpress\/plugins\/seo\/ -->\n<title>Tornare al lavoro dopo un infarto - Healthy-Heart.org<\/title>\n<meta name=\"description\" content=\"La maggior parte delle persone pu\u00f2 tornare al lavoro dopo un attacco cardiaco, ma durante il primo mese dovrebbe evitare sforzi fisici troppo intensi.\" \/>\n<meta name=\"robots\" content=\"index, follow, max-snippet:-1, max-image-preview:large, max-video-preview:-1\" \/>\n<link rel=\"canonical\" href=\"https:\/\/www.healthy-heart.org\/it\/convivere-con-una-patologia-cardiaca\/ritorno-al-lavoro-dopo-un-infarto\/\" \/>\n<meta property=\"og:locale\" content=\"it_IT\" \/>\n<meta property=\"og:type\" content=\"article\" \/>\n<meta property=\"og:title\" content=\"Tornare al lavoro dopo un infarto - Healthy-Heart.org\" \/>\n<meta property=\"og:description\" content=\"La maggior parte delle persone pu\u00f2 tornare al lavoro dopo un attacco cardiaco, ma durante il primo mese dovrebbe evitare sforzi fisici troppo intensi.\" \/>\n<meta property=\"og:url\" content=\"https:\/\/www.healthy-heart.org\/it\/convivere-con-una-patologia-cardiaca\/ritorno-al-lavoro-dopo-un-infarto\/\" \/>\n<meta property=\"og:site_name\" content=\"Healthy-Heart.org\" \/>\n<meta property=\"article:modified_time\" content=\"2024-12-10T12:36:20+00:00\" \/>\n<meta property=\"og:image\" content=\"https:\/\/www.healthy-heart.org\/wp-content\/uploads\/2019\/10\/Work1.jpg\" \/>\n\t<meta property=\"og:image:width\" content=\"3804\" \/>\n\t<meta property=\"og:image:height\" content=\"2650\" \/>\n\t<meta property=\"og:image:type\" content=\"image\/jpeg\" \/>\n<meta name=\"twitter:card\" content=\"summary_large_image\" \/>\n<meta name=\"twitter:label1\" content=\"Tempo di lettura stimato\" \/>\n\t<meta name=\"twitter:data1\" content=\"1 minuto\" \/>\n<script type=\"application\/ld+json\" class=\"yoast-schema-graph\">{\"@context\":\"https:\/\/schema.org\",\"@graph\":[{\"@type\":\"WebPage\",\"@id\":\"https:\/\/www.healthy-heart.org\/it\/convivere-con-una-patologia-cardiaca\/ritorno-al-lavoro-dopo-un-infarto\/\",\"url\":\"https:\/\/www.healthy-heart.org\/it\/convivere-con-una-patologia-cardiaca\/ritorno-al-lavoro-dopo-un-infarto\/\",\"name\":\"Tornare al lavoro dopo un infarto - Healthy-Heart.org\",\"isPartOf\":{\"@id\":\"https:\/\/www.healthy-heart.org\/es\/#website\"},\"primaryImageOfPage\":{\"@id\":\"https:\/\/www.healthy-heart.org\/it\/convivere-con-una-patologia-cardiaca\/ritorno-al-lavoro-dopo-un-infarto\/#primaryimage\"},\"image\":{\"@id\":\"https:\/\/www.healthy-heart.org\/it\/convivere-con-una-patologia-cardiaca\/ritorno-al-lavoro-dopo-un-infarto\/#primaryimage\"},\"thumbnailUrl\":\"https:\/\/www.healthy-heart.org\/wp-content\/uploads\/2019\/10\/Work1.jpg\",\"datePublished\":\"2019-10-08T09:28:48+00:00\",\"dateModified\":\"2024-12-10T12:36:20+00:00\",\"description\":\"La maggior parte delle persone pu\u00f2 tornare al lavoro dopo un attacco cardiaco, ma durante il primo mese dovrebbe evitare sforzi fisici troppo intensi.\",\"breadcrumb\":{\"@id\":\"https:\/\/www.healthy-heart.org\/it\/convivere-con-una-patologia-cardiaca\/ritorno-al-lavoro-dopo-un-infarto\/#breadcrumb\"},\"inLanguage\":\"it-IT\",\"potentialAction\":[{\"@type\":\"ReadAction\",\"target\":[\"https:\/\/www.healthy-heart.org\/it\/convivere-con-una-patologia-cardiaca\/ritorno-al-lavoro-dopo-un-infarto\/\"]}]},{\"@type\":\"ImageObject\",\"inLanguage\":\"it-IT\",\"@id\":\"https:\/\/www.healthy-heart.org\/it\/convivere-con-una-patologia-cardiaca\/ritorno-al-lavoro-dopo-un-infarto\/#primaryimage\",\"url\":\"https:\/\/www.healthy-heart.org\/wp-content\/uploads\/2019\/10\/Work1.jpg\",\"contentUrl\":\"https:\/\/www.healthy-heart.org\/wp-content\/uploads\/2019\/10\/Work1.jpg\",\"width\":3804,\"height\":2650},{\"@type\":\"BreadcrumbList\",\"@id\":\"https:\/\/www.healthy-heart.org\/it\/convivere-con-una-patologia-cardiaca\/ritorno-al-lavoro-dopo-un-infarto\/#breadcrumb\",\"itemListElement\":[{\"@type\":\"ListItem\",\"position\":1,\"name\":\"Home\",\"item\":\"https:\/\/www.healthy-heart.org\/it\/\"},{\"@type\":\"ListItem\",\"position\":2,\"name\":\"Convivere con una patologia cardiaca\",\"item\":\"https:\/\/www.healthy-heart.org\/it\/convivere-con-una-patologia-cardiaca\/\"},{\"@type\":\"ListItem\",\"position\":3,\"name\":\"Ritorno al lavoro dopo un infarto\"}]},{\"@type\":\"WebSite\",\"@id\":\"https:\/\/www.healthy-heart.org\/es\/#website\",\"url\":\"https:\/\/www.healthy-heart.org\/es\/\",\"name\":\"Healthy-Heart.org\",\"description\":\"Practical advice for patients and family care givers on the prevention of cardiovascular disease\",\"potentialAction\":[{\"@type\":\"SearchAction\",\"target\":{\"@type\":\"EntryPoint\",\"urlTemplate\":\"https:\/\/www.healthy-heart.org\/es\/?s={search_term_string}\"},\"query-input\":{\"@type\":\"PropertyValueSpecification\",\"valueRequired\":true,\"valueName\":\"search_term_string\"}}],\"inLanguage\":\"it-IT\"}]}<\/script>\n<!-- \/ Yoast SEO plugin. -->","yoast_head_json":{"title":"Tornare al lavoro dopo un infarto - Healthy-Heart.org","description":"La maggior parte delle persone pu\u00f2 tornare al lavoro dopo un attacco cardiaco, ma durante il primo mese dovrebbe evitare sforzi fisici troppo intensi.","robots":{"index":"index","follow":"follow","max-snippet":"max-snippet:-1","max-image-preview":"max-image-preview:large","max-video-preview":"max-video-preview:-1"},"canonical":"https:\/\/www.healthy-heart.org\/it\/convivere-con-una-patologia-cardiaca\/ritorno-al-lavoro-dopo-un-infarto\/","og_locale":"it_IT","og_type":"article","og_title":"Tornare al lavoro dopo un infarto - Healthy-Heart.org","og_description":"La maggior parte delle persone pu\u00f2 tornare al lavoro dopo un attacco cardiaco, ma durante il primo mese dovrebbe evitare sforzi fisici troppo intensi.","og_url":"https:\/\/www.healthy-heart.org\/it\/convivere-con-una-patologia-cardiaca\/ritorno-al-lavoro-dopo-un-infarto\/","og_site_name":"Healthy-Heart.org","article_modified_time":"2024-12-10T12:36:20+00:00","og_image":[{"width":3804,"height":2650,"url":"https:\/\/www.healthy-heart.org\/wp-content\/uploads\/2019\/10\/Work1.jpg","type":"image\/jpeg"}],"twitter_card":"summary_large_image","twitter_misc":{"Tempo di lettura stimato":"1 minuto"},"schema":{"@context":"https:\/\/schema.org","@graph":[{"@type":"WebPage","@id":"https:\/\/www.healthy-heart.org\/it\/convivere-con-una-patologia-cardiaca\/ritorno-al-lavoro-dopo-un-infarto\/","url":"https:\/\/www.healthy-heart.org\/it\/convivere-con-una-patologia-cardiaca\/ritorno-al-lavoro-dopo-un-infarto\/","name":"Tornare al lavoro dopo un infarto - Healthy-Heart.org","isPartOf":{"@id":"https:\/\/www.healthy-heart.org\/es\/#website"},"primaryImageOfPage":{"@id":"https:\/\/www.healthy-heart.org\/it\/convivere-con-una-patologia-cardiaca\/ritorno-al-lavoro-dopo-un-infarto\/#primaryimage"},"image":{"@id":"https:\/\/www.healthy-heart.org\/it\/convivere-con-una-patologia-cardiaca\/ritorno-al-lavoro-dopo-un-infarto\/#primaryimage"},"thumbnailUrl":"https:\/\/www.healthy-heart.org\/wp-content\/uploads\/2019\/10\/Work1.jpg","datePublished":"2019-10-08T09:28:48+00:00","dateModified":"2024-12-10T12:36:20+00:00","description":"La maggior parte delle persone pu\u00f2 tornare al lavoro dopo un attacco cardiaco, ma durante il primo mese dovrebbe evitare sforzi fisici troppo intensi.","breadcrumb":{"@id":"https:\/\/www.healthy-heart.org\/it\/convivere-con-una-patologia-cardiaca\/ritorno-al-lavoro-dopo-un-infarto\/#breadcrumb"},"inLanguage":"it-IT","potentialAction":[{"@type":"ReadAction","target":["https:\/\/www.healthy-heart.org\/it\/convivere-con-una-patologia-cardiaca\/ritorno-al-lavoro-dopo-un-infarto\/"]}]},{"@type":"ImageObject","inLanguage":"it-IT","@id":"https:\/\/www.healthy-heart.org\/it\/convivere-con-una-patologia-cardiaca\/ritorno-al-lavoro-dopo-un-infarto\/#primaryimage","url":"https:\/\/www.healthy-heart.org\/wp-content\/uploads\/2019\/10\/Work1.jpg","contentUrl":"https:\/\/www.healthy-heart.org\/wp-content\/uploads\/2019\/10\/Work1.jpg","width":3804,"height":2650},{"@type":"BreadcrumbList","@id":"https:\/\/www.healthy-heart.org\/it\/convivere-con-una-patologia-cardiaca\/ritorno-al-lavoro-dopo-un-infarto\/#breadcrumb","itemListElement":[{"@type":"ListItem","position":1,"name":"Home","item":"https:\/\/www.healthy-heart.org\/it\/"},{"@type":"ListItem","position":2,"name":"Convivere con una patologia cardiaca","item":"https:\/\/www.healthy-heart.org\/it\/convivere-con-una-patologia-cardiaca\/"},{"@type":"ListItem","position":3,"name":"Ritorno al lavoro dopo un infarto"}]},{"@type":"WebSite","@id":"https:\/\/www.healthy-heart.org\/es\/#website","url":"https:\/\/www.healthy-heart.org\/es\/","name":"Healthy-Heart.org","description":"Practical advice for patients and family care givers on the prevention of cardiovascular disease","potentialAction":[{"@type":"SearchAction","target":{"@type":"EntryPoint","urlTemplate":"https:\/\/www.healthy-heart.org\/es\/?s={search_term_string}"},"query-input":{"@type":"PropertyValueSpecification","valueRequired":true,"valueName":"search_term_string"}}],"inLanguage":"it-IT"}]}},"_links":{"self":[{"href":"https:\/\/www.healthy-heart.org\/it\/wp-json\/wp\/v2\/pages\/2183","targetHints":{"allow":["GET"]}}],"collection":[{"href":"https:\/\/www.healthy-heart.org\/it\/wp-json\/wp\/v2\/pages"}],"about":[{"href":"https:\/\/www.healthy-heart.org\/it\/wp-json\/wp\/v2\/types\/page"}],"author":[{"embeddable":true,"href":"https:\/\/www.healthy-heart.org\/it\/wp-json\/wp\/v2\/users\/1"}],"replies":[{"embeddable":true,"href":"https:\/\/www.healthy-heart.org\/it\/wp-json\/wp\/v2\/comments?post=2183"}],"version-history":[{"count":6,"href":"https:\/\/www.healthy-heart.org\/it\/wp-json\/wp\/v2\/pages\/2183\/revisions"}],"predecessor-version":[{"id":7477,"href":"https:\/\/www.healthy-heart.org\/it\/wp-json\/wp\/v2\/pages\/2183\/revisions\/7477"}],"up":[{"embeddable":true,"href":"https:\/\/www.healthy-heart.org\/it\/wp-json\/wp\/v2\/pages\/2140"}],"wp:featuredmedia":[{"embeddable":true,"href":"https:\/\/www.healthy-heart.org\/it\/wp-json\/wp\/v2\/media\/3207"}],"wp:attachment":[{"href":"https:\/\/www.healthy-heart.org\/it\/wp-json\/wp\/v2\/media?parent=2183"}],"wp:term":[{"taxonomy":"category","embeddable":true,"href":"https:\/\/www.healthy-heart.org\/it\/wp-json\/wp\/v2\/categories?post=2183"},{"taxonomy":"post_tag","embeddable":true,"href":"https:\/\/www.healthy-heart.org\/it\/wp-json\/wp\/v2\/tags?post=2183"}],"curies":[{"name":"wp","href":"https:\/\/api.w.org\/{rel}","templated":true}]}}