{"id":2179,"date":"2019-10-08T10:28:45","date_gmt":"2019-10-08T09:28:45","guid":{"rendered":"https:\/\/www.healthy-heart.org\/convivere-con-una-patologia-cardiaca\/ansia-e-depressione\/"},"modified":"2020-03-06T11:23:20","modified_gmt":"2020-03-06T11:23:20","slug":"ansia-e-depressione","status":"publish","type":"page","link":"https:\/\/www.healthy-heart.org\/it\/convivere-con-una-patologia-cardiaca\/ansia-e-depressione\/","title":{"rendered":"Ansia e depressione"},"content":{"rendered":"<p><img loading=\"lazy\" decoding=\"async\" class=\"alignright size-medium wp-image-515\" src=\"https:\/\/cdn-endpoint-prev.azureedge.net\/healthy-heart\/2019\/07\/iStock-955079812-350x233.jpg\" alt=\"\" width=\"350\" height=\"233\" srcset=\"https:\/\/www.healthy-heart.org\/wp-content\/uploads\/2019\/07\/iStock-955079812-350x233.jpg 350w, https:\/\/cdn-endpoint-prev.azureedge.net\/healthy-heart\/2019\/07\/iStock-955079812-2048x1365.jpg 2048w, https:\/\/cdn-endpoint-prev.azureedge.net\/healthy-heart\/2019\/07\/iStock-955079812-659x439.jpg 659w, https:\/\/www.healthy-heart.org\/wp-content\/uploads\/2019\/07\/iStock-955079812-200x133.jpg 200w, https:\/\/www.healthy-heart.org\/wp-content\/uploads\/2019\/07\/iStock-955079812-768x512.jpg 768w, https:\/\/www.healthy-heart.org\/wp-content\/uploads\/2019\/07\/iStock-955079812-1024x683.jpg 1024w, https:\/\/www.healthy-heart.org\/wp-content\/uploads\/2019\/07\/iStock-955079812-1536x1024.jpg 1536w, https:\/\/www.healthy-heart.org\/wp-content\/uploads\/2019\/07\/iStock-955079812-696x464.jpg 696w\" sizes=\"auto, (max-width: 350px) 100vw, 350px\" \/><br \/>\nUn problema cardiaco \u00e8 un evento di vita doloroso, spesso accompagnato da apprensione, senso di impotenza, perdita di fiducia nel corpo o tristezza. Queste reazioni si verificano nella maggioranza dei pazienti cardiopatici e fanno parte di un normale processo di reazione. Molti pazienti, ma non tutti, ritrovano il proprio equilibrio emotivo durante il recupero e l&#8217;adattamento alla vita con una patologia cardiaca.<\/p>\n<p>Alcuni cardiopatici manifestano problemi psicologici che, se non affrontati, interferiscono con il recupero e quindi aumentano il rischio di problemi cardiaci ricorrenti. Apatia, perdita di interesse in attivit\u00e0 precedentemente piacevoli e pensieri negativi ostacolano i<a href=\"https:\/\/www.healthy-heart.org\/it\/il-cuore\/promuovere-uno-stile-di-vita-sano\/\"> cambiamenti dello stile di vita<\/a>. La paura pu\u00f2 innescare la necessit\u00e0 di evitare attivit\u00e0 fisiche con conseguenze negative sulla salute fisica e sulla qualit\u00e0 della vita. Depressione e ansia sono le reazioni pi\u00f9 comuni dopo un evento cardiaco. La depressione \u00e8 tre volte pi\u00f9 comune nei pazienti cardiopatici rispetto alla popolazione generale. Fino al 40% dei pazienti che hanno subito un evento cardiaco soffre di ansia grave. I pazienti che spesso provano emozioni negative ma non le esprimono sono soggetti a disagio emotivo e a una ridotta qualit\u00e0 della vita.<\/p>\n<blockquote><p>Partecipa a un <a href=\"https:\/\/www.healthy-heart.org\/living-with-heart-disease\/improve-your-heart-condition\/\">programma di riabilitazione cardiologica<\/a> nella tua zona e scopri come prevenire o affrontare i problemi psicosociali.<\/p><\/blockquote>\n<p>La riabilitazione cardiologica viene eseguita da un team di cardiologi, fisioterapisti, infermieri, dietologi e psicologi che forniscono al paziente supporto fisico e mentale per un recupero ottimale. Uno psicologo chiarir\u00e0 la gravit\u00e0 dei sintomi e spiegher\u00e0 il ruolo e l&#8217;influenza dello stress, dell&#8217;ansia e della depressione nel recupero. Nelle sessioni di gruppo e individuali, riceverai indicazioni su come gestire lo stress attraverso il rilassamento e come canalizzare i pensieri negativi verso pensieri pi\u00f9 utili. Affrontare l&#8217;ansia e la depressione \u00e8 parte integrante della riabilitazione cardiologica. La partecipazione a sessioni di allenamento guidate da fisioterapisti aiuta a ritrovare la fiducia in se stessi, riduce l&#8217;ansia e migliora l&#8217;umore. Durante queste sessioni, molti pazienti ricevono sostegno e motivazione dagli altri pazienti. Ricerche internazionali dimostrano che la riabilitazione cardiologica multidisciplinare migliora significativamente la depressione e l&#8217;ansia, ha un effetto benefico sui cambiamenti dello stile di vita e migliora la qualit\u00e0 della vita.<\/p>\n","protected":false},"excerpt":{"rendered":"<p>Un problema cardiaco \u00e8 un evento di vita doloroso, spesso accompagnato da apprensione, senso di impotenza, perdita di fiducia nel corpo o tristezza. Queste reazioni si verificano nella maggioranza dei pazienti cardiopatici e fanno parte di un normale processo di reazione. Molti pazienti, ma non tutti, ritrovano il proprio equilibrio emotivo durante il recupero e [&hellip;]<\/p>\n","protected":false},"author":1,"featured_media":519,"parent":2140,"menu_order":5,"comment_status":"closed","ping_status":"closed","template":"","meta":{"_acf_changed":false,"footnotes":""},"categories":[71],"tags":[],"class_list":["post-2179","page","type-page","status-publish","has-post-thumbnail","hentry","category-convivere-con-una-patologia-cardiaca"],"acf":[],"yoast_head":"<!-- This site is optimized with the Yoast SEO plugin v24.0 - https:\/\/yoast.com\/wordpress\/plugins\/seo\/ -->\n<title>Ansia e depressione - Healthy-Heart.org<\/title>\n<meta name=\"description\" content=\"Impara a prevenire o affrontare problemi psicosociali come stress, ansia e depressione durante e dopo la riabilitazione cardiologica.\" \/>\n<meta name=\"robots\" content=\"index, follow, max-snippet:-1, max-image-preview:large, max-video-preview:-1\" \/>\n<link rel=\"canonical\" href=\"https:\/\/www.healthy-heart.org\/it\/convivere-con-una-patologia-cardiaca\/ansia-e-depressione\/\" \/>\n<meta property=\"og:locale\" content=\"it_IT\" \/>\n<meta property=\"og:type\" content=\"article\" \/>\n<meta property=\"og:title\" content=\"Ansia e depressione - Healthy-Heart.org\" \/>\n<meta property=\"og:description\" content=\"Impara a prevenire o affrontare problemi psicosociali come stress, ansia e depressione durante e dopo la riabilitazione cardiologica.\" \/>\n<meta property=\"og:url\" content=\"https:\/\/www.healthy-heart.org\/it\/convivere-con-una-patologia-cardiaca\/ansia-e-depressione\/\" \/>\n<meta property=\"og:site_name\" content=\"Healthy-Heart.org\" \/>\n<meta property=\"article:modified_time\" content=\"2020-03-06T11:23:20+00:00\" \/>\n<meta property=\"og:image\" content=\"https:\/\/www.healthy-heart.org\/wp-content\/uploads\/2019\/07\/iStock-955079812-1024x683.jpg\" \/>\n\t<meta property=\"og:image:width\" content=\"1024\" \/>\n\t<meta property=\"og:image:height\" content=\"683\" \/>\n\t<meta property=\"og:image:type\" content=\"image\/jpeg\" \/>\n<meta name=\"twitter:card\" content=\"summary_large_image\" \/>\n<meta name=\"twitter:label1\" content=\"Tempo di lettura stimato\" \/>\n\t<meta name=\"twitter:data1\" content=\"2 minuti\" \/>\n<script type=\"application\/ld+json\" class=\"yoast-schema-graph\">{\"@context\":\"https:\/\/schema.org\",\"@graph\":[{\"@type\":\"WebPage\",\"@id\":\"https:\/\/www.healthy-heart.org\/it\/convivere-con-una-patologia-cardiaca\/ansia-e-depressione\/\",\"url\":\"https:\/\/www.healthy-heart.org\/it\/convivere-con-una-patologia-cardiaca\/ansia-e-depressione\/\",\"name\":\"Ansia e depressione - Healthy-Heart.org\",\"isPartOf\":{\"@id\":\"https:\/\/www.healthy-heart.org\/es\/#website\"},\"primaryImageOfPage\":{\"@id\":\"https:\/\/www.healthy-heart.org\/it\/convivere-con-una-patologia-cardiaca\/ansia-e-depressione\/#primaryimage\"},\"image\":{\"@id\":\"https:\/\/www.healthy-heart.org\/it\/convivere-con-una-patologia-cardiaca\/ansia-e-depressione\/#primaryimage\"},\"thumbnailUrl\":\"https:\/\/www.healthy-heart.org\/wp-content\/uploads\/2019\/07\/iStock-955079812.jpg\",\"datePublished\":\"2019-10-08T09:28:45+00:00\",\"dateModified\":\"2020-03-06T11:23:20+00:00\",\"description\":\"Impara a prevenire o affrontare problemi psicosociali come stress, ansia e depressione durante e dopo la riabilitazione cardiologica.\",\"breadcrumb\":{\"@id\":\"https:\/\/www.healthy-heart.org\/it\/convivere-con-una-patologia-cardiaca\/ansia-e-depressione\/#breadcrumb\"},\"inLanguage\":\"it-IT\",\"potentialAction\":[{\"@type\":\"ReadAction\",\"target\":[\"https:\/\/www.healthy-heart.org\/it\/convivere-con-una-patologia-cardiaca\/ansia-e-depressione\/\"]}]},{\"@type\":\"ImageObject\",\"inLanguage\":\"it-IT\",\"@id\":\"https:\/\/www.healthy-heart.org\/it\/convivere-con-una-patologia-cardiaca\/ansia-e-depressione\/#primaryimage\",\"url\":\"https:\/\/www.healthy-heart.org\/wp-content\/uploads\/2019\/07\/iStock-955079812.jpg\",\"contentUrl\":\"https:\/\/www.healthy-heart.org\/wp-content\/uploads\/2019\/07\/iStock-955079812.jpg\",\"width\":5616,\"height\":3744,\"caption\":\"A young woman is looking outside through the window and thinking something deeply alone.\"},{\"@type\":\"BreadcrumbList\",\"@id\":\"https:\/\/www.healthy-heart.org\/it\/convivere-con-una-patologia-cardiaca\/ansia-e-depressione\/#breadcrumb\",\"itemListElement\":[{\"@type\":\"ListItem\",\"position\":1,\"name\":\"Home\",\"item\":\"https:\/\/www.healthy-heart.org\/it\/\"},{\"@type\":\"ListItem\",\"position\":2,\"name\":\"Convivere con una patologia cardiaca\",\"item\":\"https:\/\/www.healthy-heart.org\/it\/convivere-con-una-patologia-cardiaca\/\"},{\"@type\":\"ListItem\",\"position\":3,\"name\":\"Ansia e depressione\"}]},{\"@type\":\"WebSite\",\"@id\":\"https:\/\/www.healthy-heart.org\/es\/#website\",\"url\":\"https:\/\/www.healthy-heart.org\/es\/\",\"name\":\"Healthy-Heart.org\",\"description\":\"Practical advice for patients and family care givers on the prevention of cardiovascular disease\",\"potentialAction\":[{\"@type\":\"SearchAction\",\"target\":{\"@type\":\"EntryPoint\",\"urlTemplate\":\"https:\/\/www.healthy-heart.org\/es\/?s={search_term_string}\"},\"query-input\":{\"@type\":\"PropertyValueSpecification\",\"valueRequired\":true,\"valueName\":\"search_term_string\"}}],\"inLanguage\":\"it-IT\"}]}<\/script>\n<!-- \/ Yoast SEO plugin. -->","yoast_head_json":{"title":"Ansia e depressione - Healthy-Heart.org","description":"Impara a prevenire o affrontare problemi psicosociali come stress, ansia e depressione durante e dopo la riabilitazione cardiologica.","robots":{"index":"index","follow":"follow","max-snippet":"max-snippet:-1","max-image-preview":"max-image-preview:large","max-video-preview":"max-video-preview:-1"},"canonical":"https:\/\/www.healthy-heart.org\/it\/convivere-con-una-patologia-cardiaca\/ansia-e-depressione\/","og_locale":"it_IT","og_type":"article","og_title":"Ansia e depressione - Healthy-Heart.org","og_description":"Impara a prevenire o affrontare problemi psicosociali come stress, ansia e depressione durante e dopo la riabilitazione cardiologica.","og_url":"https:\/\/www.healthy-heart.org\/it\/convivere-con-una-patologia-cardiaca\/ansia-e-depressione\/","og_site_name":"Healthy-Heart.org","article_modified_time":"2020-03-06T11:23:20+00:00","og_image":[{"width":1024,"height":683,"url":"https:\/\/www.healthy-heart.org\/wp-content\/uploads\/2019\/07\/iStock-955079812-1024x683.jpg","type":"image\/jpeg"}],"twitter_card":"summary_large_image","twitter_misc":{"Tempo di lettura stimato":"2 minuti"},"schema":{"@context":"https:\/\/schema.org","@graph":[{"@type":"WebPage","@id":"https:\/\/www.healthy-heart.org\/it\/convivere-con-una-patologia-cardiaca\/ansia-e-depressione\/","url":"https:\/\/www.healthy-heart.org\/it\/convivere-con-una-patologia-cardiaca\/ansia-e-depressione\/","name":"Ansia e depressione - Healthy-Heart.org","isPartOf":{"@id":"https:\/\/www.healthy-heart.org\/es\/#website"},"primaryImageOfPage":{"@id":"https:\/\/www.healthy-heart.org\/it\/convivere-con-una-patologia-cardiaca\/ansia-e-depressione\/#primaryimage"},"image":{"@id":"https:\/\/www.healthy-heart.org\/it\/convivere-con-una-patologia-cardiaca\/ansia-e-depressione\/#primaryimage"},"thumbnailUrl":"https:\/\/www.healthy-heart.org\/wp-content\/uploads\/2019\/07\/iStock-955079812.jpg","datePublished":"2019-10-08T09:28:45+00:00","dateModified":"2020-03-06T11:23:20+00:00","description":"Impara a prevenire o affrontare problemi psicosociali come stress, ansia e depressione durante e dopo la riabilitazione cardiologica.","breadcrumb":{"@id":"https:\/\/www.healthy-heart.org\/it\/convivere-con-una-patologia-cardiaca\/ansia-e-depressione\/#breadcrumb"},"inLanguage":"it-IT","potentialAction":[{"@type":"ReadAction","target":["https:\/\/www.healthy-heart.org\/it\/convivere-con-una-patologia-cardiaca\/ansia-e-depressione\/"]}]},{"@type":"ImageObject","inLanguage":"it-IT","@id":"https:\/\/www.healthy-heart.org\/it\/convivere-con-una-patologia-cardiaca\/ansia-e-depressione\/#primaryimage","url":"https:\/\/www.healthy-heart.org\/wp-content\/uploads\/2019\/07\/iStock-955079812.jpg","contentUrl":"https:\/\/www.healthy-heart.org\/wp-content\/uploads\/2019\/07\/iStock-955079812.jpg","width":5616,"height":3744,"caption":"A young woman is looking outside through the window and thinking something deeply alone."},{"@type":"BreadcrumbList","@id":"https:\/\/www.healthy-heart.org\/it\/convivere-con-una-patologia-cardiaca\/ansia-e-depressione\/#breadcrumb","itemListElement":[{"@type":"ListItem","position":1,"name":"Home","item":"https:\/\/www.healthy-heart.org\/it\/"},{"@type":"ListItem","position":2,"name":"Convivere con una patologia cardiaca","item":"https:\/\/www.healthy-heart.org\/it\/convivere-con-una-patologia-cardiaca\/"},{"@type":"ListItem","position":3,"name":"Ansia e depressione"}]},{"@type":"WebSite","@id":"https:\/\/www.healthy-heart.org\/es\/#website","url":"https:\/\/www.healthy-heart.org\/es\/","name":"Healthy-Heart.org","description":"Practical advice for patients and family care givers on the prevention of cardiovascular disease","potentialAction":[{"@type":"SearchAction","target":{"@type":"EntryPoint","urlTemplate":"https:\/\/www.healthy-heart.org\/es\/?s={search_term_string}"},"query-input":{"@type":"PropertyValueSpecification","valueRequired":true,"valueName":"search_term_string"}}],"inLanguage":"it-IT"}]}},"_links":{"self":[{"href":"https:\/\/www.healthy-heart.org\/it\/wp-json\/wp\/v2\/pages\/2179","targetHints":{"allow":["GET"]}}],"collection":[{"href":"https:\/\/www.healthy-heart.org\/it\/wp-json\/wp\/v2\/pages"}],"about":[{"href":"https:\/\/www.healthy-heart.org\/it\/wp-json\/wp\/v2\/types\/page"}],"author":[{"embeddable":true,"href":"https:\/\/www.healthy-heart.org\/it\/wp-json\/wp\/v2\/users\/1"}],"replies":[{"embeddable":true,"href":"https:\/\/www.healthy-heart.org\/it\/wp-json\/wp\/v2\/comments?post=2179"}],"version-history":[{"count":1,"href":"https:\/\/www.healthy-heart.org\/it\/wp-json\/wp\/v2\/pages\/2179\/revisions"}],"predecessor-version":[{"id":4275,"href":"https:\/\/www.healthy-heart.org\/it\/wp-json\/wp\/v2\/pages\/2179\/revisions\/4275"}],"up":[{"embeddable":true,"href":"https:\/\/www.healthy-heart.org\/it\/wp-json\/wp\/v2\/pages\/2140"}],"wp:featuredmedia":[{"embeddable":true,"href":"https:\/\/www.healthy-heart.org\/it\/wp-json\/wp\/v2\/media\/519"}],"wp:attachment":[{"href":"https:\/\/www.healthy-heart.org\/it\/wp-json\/wp\/v2\/media?parent=2179"}],"wp:term":[{"taxonomy":"category","embeddable":true,"href":"https:\/\/www.healthy-heart.org\/it\/wp-json\/wp\/v2\/categories?post=2179"},{"taxonomy":"post_tag","embeddable":true,"href":"https:\/\/www.healthy-heart.org\/it\/wp-json\/wp\/v2\/tags?post=2179"}],"curies":[{"name":"wp","href":"https:\/\/api.w.org\/{rel}","templated":true}]}}