{"id":2173,"date":"2019-10-08T10:28:43","date_gmt":"2019-10-08T09:28:43","guid":{"rendered":"https:\/\/www.healthy-heart.org\/convivere-con-una-patologia-cardiaca\/supporto-della-famiglia\/"},"modified":"2019-10-08T10:28:43","modified_gmt":"2019-10-08T09:28:43","slug":"supporto-della-famiglia","status":"publish","type":"page","link":"https:\/\/www.healthy-heart.org\/it\/convivere-con-una-patologia-cardiaca\/supporto-della-famiglia\/","title":{"rendered":"Supporto della famiglia"},"content":{"rendered":"<p><img loading=\"lazy\" decoding=\"async\" class=\"alignright size-medium wp-image-565\" src=\"https:\/\/www.healthy-heart.org\/wp-content\/uploads\/2019\/07\/iStock-1055062378-350x233.jpg\" alt=\"\" width=\"350\" height=\"233\"><br \/>\nIl partner e la famiglia possono essere una fonte essenziale di sostegno, incoraggiamento e motivazione quando ci si riprende da una malattia cardiaca. Molte coppie hanno riferito che la patologia cardiaca le ha avvicinate.<\/p>\n<p>Gli eventi cardiovascolari possono essere devastanti per le famiglie, che spesso si sentono impotenti e ansiose per la malattia, il ricovero e il trattamento. I partner potrebbero essere preoccupati per quanto riguarda i passi successivi da affrontare per la salute della persona amata. Possono emergere sentimenti negativi tra cui senso di colpa (se solo potessi&#8230;), sbalzi d&#8217;umore e preoccupazioni per le conseguenze finanziarie. Ci\u00f2 pu\u00f2 influire sulla qualit\u00e0 del rapporto e sul recupero del paziente. \u00c8 quindi fondamentale che i familiari continuino a prendersi cura di s\u00e9. Ci\u00f2 significa dormire e rilassarsi a sufficienza, adottare uno <a href=\"https:\/\/www.healthy-heart.org\/keep-your-heart-healthy\/take-control-of-your-lifestyle\/\">stile di vita sano<\/a> e svolgere le attivit\u00e0 che amano fare.<\/p>\n<p>I partner spesso si sentono responsabili per la salute del paziente e ignorano le proprie esigenze. Possono assumere ruoli domestici extra, cercare di essere costantemente disponibili e limitare le attivit\u00e0 del paziente perch\u00e9 hanno paura degli effetti negativi sul cuore. I pazienti possono vivere questo atteggiamento come iperprotettivo e controllante, e possono nascondere i propri sentimenti e pensieri per proteggere il partner da preoccupazioni. Pu\u00f2 insorgere irritazione reciproca, che non fa bene n\u00e9 al rapporto n\u00e9 al processo di recupero. Per adattarsi con successo a convivere con una patologia cardiaca, \u00e8 necessario essere aperti e onesti e riconoscere la propria individualit\u00e0.<\/p>\n<p>Coinvolgere il partner e i parenti pi\u00f9 stretti nel <a href=\"https:\/\/www.healthy-heart.org\/living-with-heart-disease\/improve-your-heart-condition\/\">programma di riabilitazione cardiologica<\/a> \u00e8 un&#8217;opportunit\u00e0 unica per unire le forze nel processo di recupero e prendere insieme decisioni sui cambiamenti necessari per la salute. Dopotutto, informarsi insieme sugli aspetti medici del problema cardiaco, ricevere consigli su <a href=\"https:\/\/www.healthy-heart.org\/keep-your-heart-healthy\/heart-friendly-diet\/\">alimentazione sana<\/a>, e vedere i progressi del paziente durante le sessioni di allenamento stimola ogni membro della famiglia ad assumersi la responsabilit\u00e0 del proprio ruolo. Alcuni programmi di riabilitazione offrono una sessione per il partner, in cui vengono discussi argomenti come la comunicazione, affrontare il problema cardiaco come coppia, e <a href=\"https:\/\/www.healthy-heart.org\/living-with-heart-disease\/sex-and-heart-disease\/\">dubbi sulla sfera sessuale<\/a>.<\/p>\n","protected":false},"excerpt":{"rendered":"<p>Il partner e la famiglia possono essere una fonte essenziale di sostegno, incoraggiamento e motivazione quando ci si riprende da una malattia cardiaca. Molte coppie hanno riferito che la patologia cardiaca le ha avvicinate. Gli eventi cardiovascolari possono essere devastanti per le famiglie, che spesso si sentono impotenti e ansiose per la malattia, il ricovero [&hellip;]<\/p>\n","protected":false},"author":1,"featured_media":569,"parent":2140,"menu_order":9,"comment_status":"closed","ping_status":"closed","template":"","meta":{"_acf_changed":false,"footnotes":""},"categories":[71],"tags":[],"class_list":["post-2173","page","type-page","status-publish","has-post-thumbnail","hentry","category-convivere-con-una-patologia-cardiaca"],"acf":[],"yoast_head":"<!-- This site is optimized with the Yoast SEO plugin v24.0 - https:\/\/yoast.com\/wordpress\/plugins\/seo\/ -->\n<title>Supporto della famiglia - Healthy-Heart.org<\/title>\n<meta name=\"description\" content=\"Un partner o la famiglia pu\u00f2 essere una fonte essenziale di sostegno e motivazione quando ci si riprende da una cardiopatia.\" \/>\n<meta name=\"robots\" content=\"index, follow, max-snippet:-1, max-image-preview:large, max-video-preview:-1\" \/>\n<link rel=\"canonical\" href=\"https:\/\/www.healthy-heart.org\/it\/convivere-con-una-patologia-cardiaca\/supporto-della-famiglia\/\" \/>\n<meta property=\"og:locale\" content=\"it_IT\" \/>\n<meta property=\"og:type\" content=\"article\" \/>\n<meta property=\"og:title\" content=\"Supporto della famiglia - Healthy-Heart.org\" \/>\n<meta property=\"og:description\" content=\"Un partner o la famiglia pu\u00f2 essere una fonte essenziale di sostegno e motivazione quando ci si riprende da una cardiopatia.\" \/>\n<meta property=\"og:url\" content=\"https:\/\/www.healthy-heart.org\/it\/convivere-con-una-patologia-cardiaca\/supporto-della-famiglia\/\" \/>\n<meta property=\"og:site_name\" content=\"Healthy-Heart.org\" \/>\n<meta property=\"og:image\" content=\"https:\/\/www.healthy-heart.org\/wp-content\/uploads\/2019\/07\/iStock-1055062378-1024x683.jpg\" \/>\n\t<meta property=\"og:image:width\" content=\"1024\" \/>\n\t<meta property=\"og:image:height\" content=\"683\" \/>\n\t<meta property=\"og:image:type\" content=\"image\/jpeg\" \/>\n<meta name=\"twitter:card\" content=\"summary_large_image\" \/>\n<meta name=\"twitter:label1\" content=\"Tempo di lettura stimato\" \/>\n\t<meta name=\"twitter:data1\" content=\"2 minuti\" \/>\n<script type=\"application\/ld+json\" class=\"yoast-schema-graph\">{\"@context\":\"https:\/\/schema.org\",\"@graph\":[{\"@type\":\"WebPage\",\"@id\":\"https:\/\/www.healthy-heart.org\/it\/convivere-con-una-patologia-cardiaca\/supporto-della-famiglia\/\",\"url\":\"https:\/\/www.healthy-heart.org\/it\/convivere-con-una-patologia-cardiaca\/supporto-della-famiglia\/\",\"name\":\"Supporto della famiglia - Healthy-Heart.org\",\"isPartOf\":{\"@id\":\"https:\/\/www.healthy-heart.org\/es\/#website\"},\"primaryImageOfPage\":{\"@id\":\"https:\/\/www.healthy-heart.org\/it\/convivere-con-una-patologia-cardiaca\/supporto-della-famiglia\/#primaryimage\"},\"image\":{\"@id\":\"https:\/\/www.healthy-heart.org\/it\/convivere-con-una-patologia-cardiaca\/supporto-della-famiglia\/#primaryimage\"},\"thumbnailUrl\":\"https:\/\/www.healthy-heart.org\/wp-content\/uploads\/2019\/07\/iStock-1055062378.jpg\",\"datePublished\":\"2019-10-08T09:28:43+00:00\",\"dateModified\":\"2019-10-08T09:28:43+00:00\",\"description\":\"Un partner o la famiglia pu\u00f2 essere una fonte essenziale di sostegno e motivazione quando ci si riprende da una cardiopatia.\",\"breadcrumb\":{\"@id\":\"https:\/\/www.healthy-heart.org\/it\/convivere-con-una-patologia-cardiaca\/supporto-della-famiglia\/#breadcrumb\"},\"inLanguage\":\"it-IT\",\"potentialAction\":[{\"@type\":\"ReadAction\",\"target\":[\"https:\/\/www.healthy-heart.org\/it\/convivere-con-una-patologia-cardiaca\/supporto-della-famiglia\/\"]}]},{\"@type\":\"ImageObject\",\"inLanguage\":\"it-IT\",\"@id\":\"https:\/\/www.healthy-heart.org\/it\/convivere-con-una-patologia-cardiaca\/supporto-della-famiglia\/#primaryimage\",\"url\":\"https:\/\/www.healthy-heart.org\/wp-content\/uploads\/2019\/07\/iStock-1055062378.jpg\",\"contentUrl\":\"https:\/\/www.healthy-heart.org\/wp-content\/uploads\/2019\/07\/iStock-1055062378.jpg\",\"width\":8256,\"height\":5504,\"caption\":\"Art work. Kind blonde pressing lips while looking downwards at family tree\"},{\"@type\":\"BreadcrumbList\",\"@id\":\"https:\/\/www.healthy-heart.org\/it\/convivere-con-una-patologia-cardiaca\/supporto-della-famiglia\/#breadcrumb\",\"itemListElement\":[{\"@type\":\"ListItem\",\"position\":1,\"name\":\"Home\",\"item\":\"https:\/\/www.healthy-heart.org\/it\/\"},{\"@type\":\"ListItem\",\"position\":2,\"name\":\"Convivere con una patologia cardiaca\",\"item\":\"https:\/\/www.healthy-heart.org\/it\/convivere-con-una-patologia-cardiaca\/\"},{\"@type\":\"ListItem\",\"position\":3,\"name\":\"Supporto della famiglia\"}]},{\"@type\":\"WebSite\",\"@id\":\"https:\/\/www.healthy-heart.org\/es\/#website\",\"url\":\"https:\/\/www.healthy-heart.org\/es\/\",\"name\":\"Healthy-Heart.org\",\"description\":\"Practical advice for patients and family care givers on the prevention of cardiovascular disease\",\"potentialAction\":[{\"@type\":\"SearchAction\",\"target\":{\"@type\":\"EntryPoint\",\"urlTemplate\":\"https:\/\/www.healthy-heart.org\/es\/?s={search_term_string}\"},\"query-input\":{\"@type\":\"PropertyValueSpecification\",\"valueRequired\":true,\"valueName\":\"search_term_string\"}}],\"inLanguage\":\"it-IT\"}]}<\/script>\n<!-- \/ Yoast SEO plugin. -->","yoast_head_json":{"title":"Supporto della famiglia - Healthy-Heart.org","description":"Un partner o la famiglia pu\u00f2 essere una fonte essenziale di sostegno e motivazione quando ci si riprende da una cardiopatia.","robots":{"index":"index","follow":"follow","max-snippet":"max-snippet:-1","max-image-preview":"max-image-preview:large","max-video-preview":"max-video-preview:-1"},"canonical":"https:\/\/www.healthy-heart.org\/it\/convivere-con-una-patologia-cardiaca\/supporto-della-famiglia\/","og_locale":"it_IT","og_type":"article","og_title":"Supporto della famiglia - Healthy-Heart.org","og_description":"Un partner o la famiglia pu\u00f2 essere una fonte essenziale di sostegno e motivazione quando ci si riprende da una cardiopatia.","og_url":"https:\/\/www.healthy-heart.org\/it\/convivere-con-una-patologia-cardiaca\/supporto-della-famiglia\/","og_site_name":"Healthy-Heart.org","og_image":[{"width":1024,"height":683,"url":"https:\/\/www.healthy-heart.org\/wp-content\/uploads\/2019\/07\/iStock-1055062378-1024x683.jpg","type":"image\/jpeg"}],"twitter_card":"summary_large_image","twitter_misc":{"Tempo di lettura stimato":"2 minuti"},"schema":{"@context":"https:\/\/schema.org","@graph":[{"@type":"WebPage","@id":"https:\/\/www.healthy-heart.org\/it\/convivere-con-una-patologia-cardiaca\/supporto-della-famiglia\/","url":"https:\/\/www.healthy-heart.org\/it\/convivere-con-una-patologia-cardiaca\/supporto-della-famiglia\/","name":"Supporto della famiglia - Healthy-Heart.org","isPartOf":{"@id":"https:\/\/www.healthy-heart.org\/es\/#website"},"primaryImageOfPage":{"@id":"https:\/\/www.healthy-heart.org\/it\/convivere-con-una-patologia-cardiaca\/supporto-della-famiglia\/#primaryimage"},"image":{"@id":"https:\/\/www.healthy-heart.org\/it\/convivere-con-una-patologia-cardiaca\/supporto-della-famiglia\/#primaryimage"},"thumbnailUrl":"https:\/\/www.healthy-heart.org\/wp-content\/uploads\/2019\/07\/iStock-1055062378.jpg","datePublished":"2019-10-08T09:28:43+00:00","dateModified":"2019-10-08T09:28:43+00:00","description":"Un partner o la famiglia pu\u00f2 essere una fonte essenziale di sostegno e motivazione quando ci si riprende da una cardiopatia.","breadcrumb":{"@id":"https:\/\/www.healthy-heart.org\/it\/convivere-con-una-patologia-cardiaca\/supporto-della-famiglia\/#breadcrumb"},"inLanguage":"it-IT","potentialAction":[{"@type":"ReadAction","target":["https:\/\/www.healthy-heart.org\/it\/convivere-con-una-patologia-cardiaca\/supporto-della-famiglia\/"]}]},{"@type":"ImageObject","inLanguage":"it-IT","@id":"https:\/\/www.healthy-heart.org\/it\/convivere-con-una-patologia-cardiaca\/supporto-della-famiglia\/#primaryimage","url":"https:\/\/www.healthy-heart.org\/wp-content\/uploads\/2019\/07\/iStock-1055062378.jpg","contentUrl":"https:\/\/www.healthy-heart.org\/wp-content\/uploads\/2019\/07\/iStock-1055062378.jpg","width":8256,"height":5504,"caption":"Art work. Kind blonde pressing lips while looking downwards at family tree"},{"@type":"BreadcrumbList","@id":"https:\/\/www.healthy-heart.org\/it\/convivere-con-una-patologia-cardiaca\/supporto-della-famiglia\/#breadcrumb","itemListElement":[{"@type":"ListItem","position":1,"name":"Home","item":"https:\/\/www.healthy-heart.org\/it\/"},{"@type":"ListItem","position":2,"name":"Convivere con una patologia cardiaca","item":"https:\/\/www.healthy-heart.org\/it\/convivere-con-una-patologia-cardiaca\/"},{"@type":"ListItem","position":3,"name":"Supporto della famiglia"}]},{"@type":"WebSite","@id":"https:\/\/www.healthy-heart.org\/es\/#website","url":"https:\/\/www.healthy-heart.org\/es\/","name":"Healthy-Heart.org","description":"Practical advice for patients and family care givers on the prevention of cardiovascular disease","potentialAction":[{"@type":"SearchAction","target":{"@type":"EntryPoint","urlTemplate":"https:\/\/www.healthy-heart.org\/es\/?s={search_term_string}"},"query-input":{"@type":"PropertyValueSpecification","valueRequired":true,"valueName":"search_term_string"}}],"inLanguage":"it-IT"}]}},"_links":{"self":[{"href":"https:\/\/www.healthy-heart.org\/it\/wp-json\/wp\/v2\/pages\/2173","targetHints":{"allow":["GET"]}}],"collection":[{"href":"https:\/\/www.healthy-heart.org\/it\/wp-json\/wp\/v2\/pages"}],"about":[{"href":"https:\/\/www.healthy-heart.org\/it\/wp-json\/wp\/v2\/types\/page"}],"author":[{"embeddable":true,"href":"https:\/\/www.healthy-heart.org\/it\/wp-json\/wp\/v2\/users\/1"}],"replies":[{"embeddable":true,"href":"https:\/\/www.healthy-heart.org\/it\/wp-json\/wp\/v2\/comments?post=2173"}],"version-history":[{"count":0,"href":"https:\/\/www.healthy-heart.org\/it\/wp-json\/wp\/v2\/pages\/2173\/revisions"}],"up":[{"embeddable":true,"href":"https:\/\/www.healthy-heart.org\/it\/wp-json\/wp\/v2\/pages\/2140"}],"wp:featuredmedia":[{"embeddable":true,"href":"https:\/\/www.healthy-heart.org\/it\/wp-json\/wp\/v2\/media\/569"}],"wp:attachment":[{"href":"https:\/\/www.healthy-heart.org\/it\/wp-json\/wp\/v2\/media?parent=2173"}],"wp:term":[{"taxonomy":"category","embeddable":true,"href":"https:\/\/www.healthy-heart.org\/it\/wp-json\/wp\/v2\/categories?post=2173"},{"taxonomy":"post_tag","embeddable":true,"href":"https:\/\/www.healthy-heart.org\/it\/wp-json\/wp\/v2\/tags?post=2173"}],"curies":[{"name":"wp","href":"https:\/\/api.w.org\/{rel}","templated":true}]}}