{"id":2166,"date":"2019-10-08T10:28:41","date_gmt":"2019-10-08T09:28:41","guid":{"rendered":"https:\/\/www.healthy-heart.org\/convivere-con-una-patologia-cardiaca\/tipologie-di-farmaci\/"},"modified":"2024-12-10T12:36:07","modified_gmt":"2024-12-10T12:36:07","slug":"tipologie-di-farmaci","status":"publish","type":"page","link":"https:\/\/www.healthy-heart.org\/it\/convivere-con-una-patologia-cardiaca\/tipologie-di-farmaci\/","title":{"rendered":"Tipologie di farmaci"},"content":{"rendered":"<h3><strong>Anticoagulanti<\/strong><\/h3>\n<p>Dopo un infarto, \u00e8 essenziale l&#8217;assunzione di farmaci antiaggreganti. Tali farmaci impediscono la formazione di nuovi coaguli nelle arterie coronarie o all&#8217;interno di uno stent (un tubo inserito in un&#8217;arteria bloccata per ripristinare il flusso sanguigno). Di norma, si prescrive un&#8217;aspirina a basso dosaggio (da 75 a 100 mg\/giorno) da assumere sempre e si aggiunge un inibitore P2Y12 (ticagrelor, prasugrel o clopidogrel) per alcuni mesi. Poich\u00e9 la funzione principale degli antiaggreganti \u00e8 quella di inibire la formazione di coaguli, \u00e8 possibile un aumento del rischio di emorragie, ma i benefici superano di gran lunga i rischi. \u00c8 estremamente importante non interrompere l&#8217;assunzione di questi farmaci, nemmeno per un giorno, a meno che non sia il cardiologo a consigliarlo. Se si soffre anche di fibrillazione atriale, il cardiologo pu\u00f2 prescrivere un diverso anticoagulante (anticoagulante orale) al posto degli antiaggreganti.<\/p>\n<h3><strong>Inibitori della pompa protonica<\/strong><\/h3>\n<p>Se il rischio di sanguinamento gastrointestinale \u00e8 elevato, il cardiologo o il medico di famiglia possono prescrivere un inibitore della pompa protonica per proteggere lo stomaco quando vengono assunti due anticoagulanti.<\/p>\n<h3><strong>Farmaci ipocolesterolemizzanti<\/strong><\/h3>\n<p>Per rallentare la progressione dell&#8217;aterosclerosi nelle arterie, i livelli di colesterolo devono essere ridotti del 50% o pi\u00f9, con un obiettivo di colesterolo LDl inferiore a 55 mg\/dl (&lt;1,4 mmol\/L). A tal fine, le statine sono i farmaci di prima scelta. Le statine rallentano la produzione di colesterolo nel fegato, riducono il volume delle placche nelle arterie e abbassano il rischio di un altro infarto. Possibili effetti collaterali includono dolori muscolari e un aumento degli enzimi epatici nel sangue; di solito sono tuttavia lievi e gestibili. Sebbene i giornali riportino notizie negative sulla terapia con statine, l&#8217;interruzione del trattamento con statine aumenta drasticamente il rischio di un ulteriore infarto. In alcuni casi, il cardiologo pu\u00f2 scegliere di aggiungere alla terapia con statine anche l&#8217;ezetimibe, farmaco che inibisce l&#8217;assorbimento del colesterolo da parte dell&#8217;intestino e provoca un&#8217;ulteriore riduzione del colesterolo. Se i tuoi livelli di colesterolo sono molto elevati o se non riesci a tollerare la statina, il cardiologo pu\u00f2 scegliere di aggiungere l&#8217;acido bempedoico, un nuovo farmaco che riduce la produzione di colesterolo nel fegato, o di iniettare un inibitore di PCSK9 o l&#8217;inclisiran, i quali aumentano la degradazione del colesterolo LDL nel fegato.<\/p>\n<h3><strong>Betabloccanti<\/strong><\/h3>\n<p>I betabloccanti proteggono il cuore dagli effetti negativi dell&#8217;adrenalina. Riducono la frequenza cardiaca, la <a href=\"https:\/\/www.healthy-heart.org\/keep-your-heart-healthy\/blood-pressure\/\">pressione sanguigna<\/a>e l&#8217;uso di ossigeno da parte del cuore. Se la funzionalit\u00e0 della pompa cardiaca \u00e8 ridotta, aiutano a evitare un ulteriore deterioramento. Se la frequenza cardiaca si abbassa troppo, potresti avvertire capogiri. Altri effetti collaterali comuni includono mal di testa, mani e piedi freddi, affaticamento e insonnia. Diversi betabloccanti hanno effetti collaterali distinti, quindi occorre rivolgersi al proprio cardiologo per trovare quello giusto.<\/p>\n<h3><strong>ACE-inibitori e antagonisti del recettore dell&#8217;angiotensina (ARB)<\/strong><\/h3>\n<p>Gli inibitori dell&#8217;enzima di conversione dell&#8217;angiotensina (ACE) riducono la produzione di angiotensina II, un enzima che restringe i vasi sanguigni, mentre gli antagonisti dei recettori dell&#8217;angiotensina (ARB) ne inibiscono la funzione. Questi effetti aiutano i vasi ad allargarsi e rilassarsi, migliorando il flusso sanguigno e riducendo la pressione sanguigna. Inoltre, questi farmaci migliorano la funzionalit\u00e0 della pompa cardiaca se risulta ridotta a seguito dell&#8217;infarto. L&#8217;effetto collaterale pi\u00f9 comune degli ACE-inibitori \u00e8 la tosse secca, che pu\u00f2 indurre il passaggio a un ARB. Se hai gi\u00e0 la pressione sanguigna normale, avrai bisogno di una dose modificata di ACE-inibitori o ARB.<\/p>\n<h3><strong>MRA<\/strong><\/h3>\n<p>Gli antagonisti dei recettori dei mineralcorticoidi (MRA), tra cui lo spironolattone e l&#8217;eplerenone, possono essere utilizzati insieme ai betabloccanti e agli ACE-inibitori se la funzionalit\u00e0 della pompa cardiaca \u00e8 ridotta dopo un infarto. Gli MRA sono diuretici deboli e aiutano l&#8217;organismo a eliminare i liquidi in eccesso. Abbassano anche la pressione sanguigna. Possibili effetti collaterali dello spironolattone sono elevati livelli sierici di potassio e ginecomastia (aumento delle dimensioni della mammella maschile). Quest&#8217;ultimo dovrebbe indurre a passare all&#8217;eplerenone, che non causa questo effetto indesiderato.<\/p>\n<p>Altri farmaci possono essere prescritti in base ad altre condizioni di salute, come ad esempio il <a href=\"https:\/\/www.healthy-heart.org\/keep-your-heart-healthy\/diabetes\/\">diabete<\/a>, le malattie renali o l&#8217;obesit\u00e0.<\/p>\n<p>&nbsp;<\/p>\n","protected":false},"excerpt":{"rendered":"<p>Anticoagulanti Dopo un infarto, \u00e8 essenziale l&#8217;assunzione di farmaci antiaggreganti. Tali farmaci impediscono la formazione di nuovi coaguli nelle arterie coronarie o all&#8217;interno di uno stent (un tubo inserito in un&#8217;arteria bloccata per ripristinare il flusso sanguigno). Di norma, si prescrive un&#8217;aspirina a basso dosaggio (da 75 a 100 mg\/giorno) da assumere sempre e si [&hellip;]<\/p>\n","protected":false},"author":1,"featured_media":1216,"parent":2140,"menu_order":2,"comment_status":"closed","ping_status":"closed","template":"","meta":{"_acf_changed":false,"footnotes":""},"categories":[71],"tags":[],"class_list":["post-2166","page","type-page","status-publish","has-post-thumbnail","hentry","category-convivere-con-una-patologia-cardiaca"],"acf":[],"yoast_head":"<!-- This site is optimized with the Yoast SEO plugin v24.0 - https:\/\/yoast.com\/wordpress\/plugins\/seo\/ -->\n<title>Tipi di farmaco - Healthy-Heart.org<\/title>\n<meta name=\"description\" content=\"Ulteriori informazioni sui tipi di farmaci e i loro effetti collaterali per i pazienti affetti da malattie cardiovascolari.\" \/>\n<meta name=\"robots\" content=\"index, follow, max-snippet:-1, max-image-preview:large, max-video-preview:-1\" \/>\n<link rel=\"canonical\" href=\"https:\/\/www.healthy-heart.org\/it\/convivere-con-una-patologia-cardiaca\/tipologie-di-farmaci\/\" \/>\n<meta property=\"og:locale\" content=\"it_IT\" \/>\n<meta property=\"og:type\" content=\"article\" \/>\n<meta property=\"og:title\" content=\"Tipi di farmaco - Healthy-Heart.org\" \/>\n<meta property=\"og:description\" content=\"Ulteriori informazioni sui tipi di farmaci e i loro effetti collaterali per i pazienti affetti da malattie cardiovascolari.\" \/>\n<meta property=\"og:url\" content=\"https:\/\/www.healthy-heart.org\/it\/convivere-con-una-patologia-cardiaca\/tipologie-di-farmaci\/\" \/>\n<meta property=\"og:site_name\" content=\"Healthy-Heart.org\" \/>\n<meta property=\"article:modified_time\" content=\"2024-12-10T12:36:07+00:00\" \/>\n<meta property=\"og:image\" content=\"https:\/\/www.healthy-heart.org\/wp-content\/uploads\/2019\/08\/Important-drugs-and-their-side-effects-iStock-1031014554-1024x683.jpg\" \/>\n\t<meta property=\"og:image:width\" content=\"1024\" \/>\n\t<meta property=\"og:image:height\" content=\"683\" \/>\n\t<meta property=\"og:image:type\" content=\"image\/jpeg\" \/>\n<meta name=\"twitter:card\" content=\"summary_large_image\" \/>\n<meta name=\"twitter:label1\" content=\"Tempo di lettura stimato\" \/>\n\t<meta name=\"twitter:data1\" content=\"3 minuti\" \/>\n<script type=\"application\/ld+json\" class=\"yoast-schema-graph\">{\"@context\":\"https:\/\/schema.org\",\"@graph\":[{\"@type\":\"WebPage\",\"@id\":\"https:\/\/www.healthy-heart.org\/it\/convivere-con-una-patologia-cardiaca\/tipologie-di-farmaci\/\",\"url\":\"https:\/\/www.healthy-heart.org\/it\/convivere-con-una-patologia-cardiaca\/tipologie-di-farmaci\/\",\"name\":\"Tipi di farmaco - Healthy-Heart.org\",\"isPartOf\":{\"@id\":\"https:\/\/www.healthy-heart.org\/es\/#website\"},\"primaryImageOfPage\":{\"@id\":\"https:\/\/www.healthy-heart.org\/it\/convivere-con-una-patologia-cardiaca\/tipologie-di-farmaci\/#primaryimage\"},\"image\":{\"@id\":\"https:\/\/www.healthy-heart.org\/it\/convivere-con-una-patologia-cardiaca\/tipologie-di-farmaci\/#primaryimage\"},\"thumbnailUrl\":\"https:\/\/www.healthy-heart.org\/wp-content\/uploads\/2019\/08\/Important-drugs-and-their-side-effects-iStock-1031014554.jpg\",\"datePublished\":\"2019-10-08T09:28:41+00:00\",\"dateModified\":\"2024-12-10T12:36:07+00:00\",\"description\":\"Ulteriori informazioni sui tipi di farmaci e i loro effetti collaterali per i pazienti affetti da malattie cardiovascolari.\",\"breadcrumb\":{\"@id\":\"https:\/\/www.healthy-heart.org\/it\/convivere-con-una-patologia-cardiaca\/tipologie-di-farmaci\/#breadcrumb\"},\"inLanguage\":\"it-IT\",\"potentialAction\":[{\"@type\":\"ReadAction\",\"target\":[\"https:\/\/www.healthy-heart.org\/it\/convivere-con-una-patologia-cardiaca\/tipologie-di-farmaci\/\"]}]},{\"@type\":\"ImageObject\",\"inLanguage\":\"it-IT\",\"@id\":\"https:\/\/www.healthy-heart.org\/it\/convivere-con-una-patologia-cardiaca\/tipologie-di-farmaci\/#primaryimage\",\"url\":\"https:\/\/www.healthy-heart.org\/wp-content\/uploads\/2019\/08\/Important-drugs-and-their-side-effects-iStock-1031014554.jpg\",\"contentUrl\":\"https:\/\/www.healthy-heart.org\/wp-content\/uploads\/2019\/08\/Important-drugs-and-their-side-effects-iStock-1031014554.jpg\",\"width\":6000,\"height\":4000,\"caption\":\"Trattamento per la salute cardiaca\"},{\"@type\":\"BreadcrumbList\",\"@id\":\"https:\/\/www.healthy-heart.org\/it\/convivere-con-una-patologia-cardiaca\/tipologie-di-farmaci\/#breadcrumb\",\"itemListElement\":[{\"@type\":\"ListItem\",\"position\":1,\"name\":\"Home\",\"item\":\"https:\/\/www.healthy-heart.org\/it\/\"},{\"@type\":\"ListItem\",\"position\":2,\"name\":\"Convivere con una patologia cardiaca\",\"item\":\"https:\/\/www.healthy-heart.org\/it\/convivere-con-una-patologia-cardiaca\/\"},{\"@type\":\"ListItem\",\"position\":3,\"name\":\"Tipologie di farmaci\"}]},{\"@type\":\"WebSite\",\"@id\":\"https:\/\/www.healthy-heart.org\/es\/#website\",\"url\":\"https:\/\/www.healthy-heart.org\/es\/\",\"name\":\"Healthy-Heart.org\",\"description\":\"Practical advice for patients and family care givers on the prevention of cardiovascular disease\",\"potentialAction\":[{\"@type\":\"SearchAction\",\"target\":{\"@type\":\"EntryPoint\",\"urlTemplate\":\"https:\/\/www.healthy-heart.org\/es\/?s={search_term_string}\"},\"query-input\":{\"@type\":\"PropertyValueSpecification\",\"valueRequired\":true,\"valueName\":\"search_term_string\"}}],\"inLanguage\":\"it-IT\"}]}<\/script>\n<!-- \/ Yoast SEO plugin. -->","yoast_head_json":{"title":"Tipi di farmaco - Healthy-Heart.org","description":"Ulteriori informazioni sui tipi di farmaci e i loro effetti collaterali per i pazienti affetti da malattie cardiovascolari.","robots":{"index":"index","follow":"follow","max-snippet":"max-snippet:-1","max-image-preview":"max-image-preview:large","max-video-preview":"max-video-preview:-1"},"canonical":"https:\/\/www.healthy-heart.org\/it\/convivere-con-una-patologia-cardiaca\/tipologie-di-farmaci\/","og_locale":"it_IT","og_type":"article","og_title":"Tipi di farmaco - Healthy-Heart.org","og_description":"Ulteriori informazioni sui tipi di farmaci e i loro effetti collaterali per i pazienti affetti da malattie cardiovascolari.","og_url":"https:\/\/www.healthy-heart.org\/it\/convivere-con-una-patologia-cardiaca\/tipologie-di-farmaci\/","og_site_name":"Healthy-Heart.org","article_modified_time":"2024-12-10T12:36:07+00:00","og_image":[{"width":1024,"height":683,"url":"https:\/\/www.healthy-heart.org\/wp-content\/uploads\/2019\/08\/Important-drugs-and-their-side-effects-iStock-1031014554-1024x683.jpg","type":"image\/jpeg"}],"twitter_card":"summary_large_image","twitter_misc":{"Tempo di lettura stimato":"3 minuti"},"schema":{"@context":"https:\/\/schema.org","@graph":[{"@type":"WebPage","@id":"https:\/\/www.healthy-heart.org\/it\/convivere-con-una-patologia-cardiaca\/tipologie-di-farmaci\/","url":"https:\/\/www.healthy-heart.org\/it\/convivere-con-una-patologia-cardiaca\/tipologie-di-farmaci\/","name":"Tipi di farmaco - Healthy-Heart.org","isPartOf":{"@id":"https:\/\/www.healthy-heart.org\/es\/#website"},"primaryImageOfPage":{"@id":"https:\/\/www.healthy-heart.org\/it\/convivere-con-una-patologia-cardiaca\/tipologie-di-farmaci\/#primaryimage"},"image":{"@id":"https:\/\/www.healthy-heart.org\/it\/convivere-con-una-patologia-cardiaca\/tipologie-di-farmaci\/#primaryimage"},"thumbnailUrl":"https:\/\/www.healthy-heart.org\/wp-content\/uploads\/2019\/08\/Important-drugs-and-their-side-effects-iStock-1031014554.jpg","datePublished":"2019-10-08T09:28:41+00:00","dateModified":"2024-12-10T12:36:07+00:00","description":"Ulteriori informazioni sui tipi di farmaci e i loro effetti collaterali per i pazienti affetti da malattie cardiovascolari.","breadcrumb":{"@id":"https:\/\/www.healthy-heart.org\/it\/convivere-con-una-patologia-cardiaca\/tipologie-di-farmaci\/#breadcrumb"},"inLanguage":"it-IT","potentialAction":[{"@type":"ReadAction","target":["https:\/\/www.healthy-heart.org\/it\/convivere-con-una-patologia-cardiaca\/tipologie-di-farmaci\/"]}]},{"@type":"ImageObject","inLanguage":"it-IT","@id":"https:\/\/www.healthy-heart.org\/it\/convivere-con-una-patologia-cardiaca\/tipologie-di-farmaci\/#primaryimage","url":"https:\/\/www.healthy-heart.org\/wp-content\/uploads\/2019\/08\/Important-drugs-and-their-side-effects-iStock-1031014554.jpg","contentUrl":"https:\/\/www.healthy-heart.org\/wp-content\/uploads\/2019\/08\/Important-drugs-and-their-side-effects-iStock-1031014554.jpg","width":6000,"height":4000,"caption":"Trattamento per la salute cardiaca"},{"@type":"BreadcrumbList","@id":"https:\/\/www.healthy-heart.org\/it\/convivere-con-una-patologia-cardiaca\/tipologie-di-farmaci\/#breadcrumb","itemListElement":[{"@type":"ListItem","position":1,"name":"Home","item":"https:\/\/www.healthy-heart.org\/it\/"},{"@type":"ListItem","position":2,"name":"Convivere con una patologia cardiaca","item":"https:\/\/www.healthy-heart.org\/it\/convivere-con-una-patologia-cardiaca\/"},{"@type":"ListItem","position":3,"name":"Tipologie di farmaci"}]},{"@type":"WebSite","@id":"https:\/\/www.healthy-heart.org\/es\/#website","url":"https:\/\/www.healthy-heart.org\/es\/","name":"Healthy-Heart.org","description":"Practical advice for patients and family care givers on the prevention of cardiovascular disease","potentialAction":[{"@type":"SearchAction","target":{"@type":"EntryPoint","urlTemplate":"https:\/\/www.healthy-heart.org\/es\/?s={search_term_string}"},"query-input":{"@type":"PropertyValueSpecification","valueRequired":true,"valueName":"search_term_string"}}],"inLanguage":"it-IT"}]}},"_links":{"self":[{"href":"https:\/\/www.healthy-heart.org\/it\/wp-json\/wp\/v2\/pages\/2166","targetHints":{"allow":["GET"]}}],"collection":[{"href":"https:\/\/www.healthy-heart.org\/it\/wp-json\/wp\/v2\/pages"}],"about":[{"href":"https:\/\/www.healthy-heart.org\/it\/wp-json\/wp\/v2\/types\/page"}],"author":[{"embeddable":true,"href":"https:\/\/www.healthy-heart.org\/it\/wp-json\/wp\/v2\/users\/1"}],"replies":[{"embeddable":true,"href":"https:\/\/www.healthy-heart.org\/it\/wp-json\/wp\/v2\/comments?post=2166"}],"version-history":[{"count":3,"href":"https:\/\/www.healthy-heart.org\/it\/wp-json\/wp\/v2\/pages\/2166\/revisions"}],"predecessor-version":[{"id":7459,"href":"https:\/\/www.healthy-heart.org\/it\/wp-json\/wp\/v2\/pages\/2166\/revisions\/7459"}],"up":[{"embeddable":true,"href":"https:\/\/www.healthy-heart.org\/it\/wp-json\/wp\/v2\/pages\/2140"}],"wp:featuredmedia":[{"embeddable":true,"href":"https:\/\/www.healthy-heart.org\/it\/wp-json\/wp\/v2\/media\/1216"}],"wp:attachment":[{"href":"https:\/\/www.healthy-heart.org\/it\/wp-json\/wp\/v2\/media?parent=2166"}],"wp:term":[{"taxonomy":"category","embeddable":true,"href":"https:\/\/www.healthy-heart.org\/it\/wp-json\/wp\/v2\/categories?post=2166"},{"taxonomy":"post_tag","embeddable":true,"href":"https:\/\/www.healthy-heart.org\/it\/wp-json\/wp\/v2\/tags?post=2166"}],"curies":[{"name":"wp","href":"https:\/\/api.w.org\/{rel}","templated":true}]}}