{"id":2165,"date":"2019-10-08T10:28:40","date_gmt":"2019-10-08T09:28:40","guid":{"rendered":"https:\/\/www.healthy-heart.org\/convivere-con-una-patologia-cardiaca\/esercizio-fisico\/"},"modified":"2019-10-08T10:28:40","modified_gmt":"2019-10-08T09:28:40","slug":"esercizio-fisico","status":"publish","type":"page","link":"https:\/\/www.healthy-heart.org\/it\/convivere-con-una-patologia-cardiaca\/esercizio-fisico\/","title":{"rendered":"Esercizio fisico"},"content":{"rendered":"<p><img loading=\"lazy\" decoding=\"async\" class=\"alignright size-medium wp-image-474\" src=\"https:\/\/www.healthy-heart.org\/wp-content\/uploads\/2019\/07\/iStock-652842710-350x233.jpg\" alt=\"\" width=\"350\" height=\"233\" srcset=\"https:\/\/www.healthy-heart.org\/wp-content\/uploads\/2019\/07\/iStock-652842710-350x233.jpg 350w, https:\/\/cdn-endpoint-prev.azureedge.net\/healthy-heart\/2019\/07\/iStock-652842710-2048x1365.jpg 2048w, https:\/\/cdn-endpoint-prev.azureedge.net\/healthy-heart\/2019\/07\/iStock-652842710-659x439.jpg 659w, https:\/\/www.healthy-heart.org\/wp-content\/uploads\/2019\/07\/iStock-652842710-200x133.jpg 200w, https:\/\/www.healthy-heart.org\/wp-content\/uploads\/2019\/07\/iStock-652842710-768x512.jpg 768w, https:\/\/www.healthy-heart.org\/wp-content\/uploads\/2019\/07\/iStock-652842710-1024x683.jpg 1024w, https:\/\/www.healthy-heart.org\/wp-content\/uploads\/2019\/07\/iStock-652842710-1536x1024.jpg 1536w, https:\/\/www.healthy-heart.org\/wp-content\/uploads\/2019\/07\/iStock-652842710-696x464.jpg 696w\" sizes=\"auto, (max-width: 350px) 100vw, 350px\" \/><\/p>\n<h3>Quanta attivit\u00e0 fisica occorre praticare?<\/h3>\n<p>Le persone con patologie cardiache devono eseguire un allenamento aerobico di intensit\u00e0 moderata almeno 30 minuti al giorno. Esercizi aerobici quali camminata, jogging, ciclismo, canottaggio, nuoto e sci di fondo aumentano la resistenza. Il tipo di esercizio \u00e8 meno importante della quantit\u00e0. Maggiore \u00e8 la frequenza dell&#8217;esercizio fisico e pi\u00f9 lunga \u00e8 la sessione, maggiore \u00e8 l&#8217;impatto sulla salute e sull&#8217;aspettativa di vita (Scopri di pi\u00f9 sullo <a href=\"https:\/\/www.healthy-heart.org\/keep-your-heart-healthy\/physical-activity\/\">stile di vita sedentario<\/a> e <a href=\"https:\/\/www.healthy-heart.org\/keep-your-heart-healthy\/take-control-of-your-lifestyle\/\">su come agire<\/a>).<\/p>\n<h3>Come faccio a sapere se l&#8217;esercizio fisico che pratico \u00e8 a intensit\u00e0 moderata?<\/h3>\n<p>\u00c8 possibile procedere in due modi:<\/p>\n<ol>\n<li>Monitora la frequenza cardiaca con uno smartwatch, un tracker fitness o un cinturino toracico. Moderata intensit\u00e0 significa allenamento dal 64% al 76% del picco di frequenza cardiaca. Il picco della frequenza cardiaca \u00e8 stimato sottraendo la tua et\u00e0 da 220, a meno che non si assumano farmaci (come i beta-bloccanti) che modificano la frequenza cardiaca.<\/li>\n<li>Il talk test \u00e8 il metodo pi\u00f9 semplice. Aumenta gradualmente la velocit\u00e0 o il carico fino a quando parlare diventa troppo difficile (a volte sar\u00e0 necessario prendere aria per poter parlare). Riduci leggermente la velocit\u00e0 o il carico in modo da poter parlare durante l&#8217;esercizio fisico. Questa \u00e8 l&#8217;intensit\u00e0 moderata.<\/li>\n<\/ol>\n<p>L&#8217;esercizio di resistenza deve essere eseguito almeno due volte a settimana per migliorare la forza e la massa muscolare, che contribuiscono entrambe a ottimizzare la salute a lungo termine. Per ogni grande gruppo muscolare, esegui 3 serie da 8 a 12 ripetizioni con un recupero di 1-2 minuti tra una serie e l&#8217;altra. Il peso deve essere sufficientemente elevato in modo che la ripetizione finale possa essere eseguita correttamente e un&#8217;altra ripetizione sia impossibile.<\/p>\n<p>Oltre a raggiungere i tuoi obiettivi settimanali per l&#8217;esercizio aerobico e di resistenza, mantieniti attivo nella tua vita quotidiana e riduci al minimo la sedentariet\u00e0. Vi sono prove evidenti che una prolungata inattivit\u00e0 fisica aumenti il rischio di morte precoce. Indossa sui fianchi un contapassi per valutare il tuo livello di movimento durante la giornata. Stabilisci ogni giorno un obiettivo.<\/p>\n","protected":false},"excerpt":{"rendered":"<p>Quanta attivit\u00e0 fisica occorre praticare? Le persone con patologie cardiache devono eseguire un allenamento aerobico di intensit\u00e0 moderata almeno 30 minuti al giorno. Esercizi aerobici quali camminata, jogging, ciclismo, canottaggio, nuoto e sci di fondo aumentano la resistenza. Il tipo di esercizio \u00e8 meno importante della quantit\u00e0. Maggiore \u00e8 la frequenza dell&#8217;esercizio fisico e pi\u00f9 [&hellip;]<\/p>\n","protected":false},"author":1,"featured_media":478,"parent":2140,"menu_order":3,"comment_status":"closed","ping_status":"closed","template":"","meta":{"_acf_changed":false,"footnotes":""},"categories":[71],"tags":[],"class_list":["post-2165","page","type-page","status-publish","has-post-thumbnail","hentry","category-convivere-con-una-patologia-cardiaca"],"acf":[],"yoast_head":"<!-- This site is optimized with the Yoast SEO plugin v24.0 - https:\/\/yoast.com\/wordpress\/plugins\/seo\/ -->\n<title>Esercizio fisico - Healthy-Heart.org<\/title>\n<meta name=\"description\" content=\"L&#039;allenamento fisico favorisce un recupero pi\u00f9 rapido dalle patologie cardiovascolari e previene nuovi problemi cardiaci.\" \/>\n<meta name=\"robots\" content=\"index, follow, max-snippet:-1, max-image-preview:large, max-video-preview:-1\" \/>\n<link rel=\"canonical\" href=\"https:\/\/www.healthy-heart.org\/it\/convivere-con-una-patologia-cardiaca\/esercizio-fisico\/\" \/>\n<meta property=\"og:locale\" content=\"it_IT\" \/>\n<meta property=\"og:type\" content=\"article\" \/>\n<meta property=\"og:title\" content=\"Esercizio fisico - Healthy-Heart.org\" \/>\n<meta property=\"og:description\" content=\"L&#039;allenamento fisico favorisce un recupero pi\u00f9 rapido dalle patologie cardiovascolari e previene nuovi problemi cardiaci.\" \/>\n<meta property=\"og:url\" content=\"https:\/\/www.healthy-heart.org\/it\/convivere-con-una-patologia-cardiaca\/esercizio-fisico\/\" \/>\n<meta property=\"og:site_name\" content=\"Healthy-Heart.org\" \/>\n<meta property=\"og:image\" content=\"https:\/\/www.healthy-heart.org\/wp-content\/uploads\/2019\/07\/iStock-652842710-1024x683.jpg\" \/>\n\t<meta property=\"og:image:width\" content=\"1024\" \/>\n\t<meta property=\"og:image:height\" content=\"683\" \/>\n\t<meta property=\"og:image:type\" content=\"image\/jpeg\" \/>\n<meta name=\"twitter:card\" content=\"summary_large_image\" \/>\n<meta name=\"twitter:label1\" content=\"Tempo di lettura stimato\" \/>\n\t<meta name=\"twitter:data1\" content=\"2 minuti\" \/>\n<script type=\"application\/ld+json\" class=\"yoast-schema-graph\">{\"@context\":\"https:\/\/schema.org\",\"@graph\":[{\"@type\":\"WebPage\",\"@id\":\"https:\/\/www.healthy-heart.org\/it\/convivere-con-una-patologia-cardiaca\/esercizio-fisico\/\",\"url\":\"https:\/\/www.healthy-heart.org\/it\/convivere-con-una-patologia-cardiaca\/esercizio-fisico\/\",\"name\":\"Esercizio fisico - Healthy-Heart.org\",\"isPartOf\":{\"@id\":\"https:\/\/www.healthy-heart.org\/es\/#website\"},\"primaryImageOfPage\":{\"@id\":\"https:\/\/www.healthy-heart.org\/it\/convivere-con-una-patologia-cardiaca\/esercizio-fisico\/#primaryimage\"},\"image\":{\"@id\":\"https:\/\/www.healthy-heart.org\/it\/convivere-con-una-patologia-cardiaca\/esercizio-fisico\/#primaryimage\"},\"thumbnailUrl\":\"https:\/\/www.healthy-heart.org\/wp-content\/uploads\/2019\/07\/iStock-652842710.jpg\",\"datePublished\":\"2019-10-08T09:28:40+00:00\",\"dateModified\":\"2019-10-08T09:28:40+00:00\",\"description\":\"L'allenamento fisico favorisce un recupero pi\u00f9 rapido dalle patologie cardiovascolari e previene nuovi problemi cardiaci.\",\"breadcrumb\":{\"@id\":\"https:\/\/www.healthy-heart.org\/it\/convivere-con-una-patologia-cardiaca\/esercizio-fisico\/#breadcrumb\"},\"inLanguage\":\"it-IT\",\"potentialAction\":[{\"@type\":\"ReadAction\",\"target\":[\"https:\/\/www.healthy-heart.org\/it\/convivere-con-una-patologia-cardiaca\/esercizio-fisico\/\"]}]},{\"@type\":\"ImageObject\",\"inLanguage\":\"it-IT\",\"@id\":\"https:\/\/www.healthy-heart.org\/it\/convivere-con-una-patologia-cardiaca\/esercizio-fisico\/#primaryimage\",\"url\":\"https:\/\/www.healthy-heart.org\/wp-content\/uploads\/2019\/07\/iStock-652842710.jpg\",\"contentUrl\":\"https:\/\/www.healthy-heart.org\/wp-content\/uploads\/2019\/07\/iStock-652842710.jpg\",\"width\":5760,\"height\":3840,\"caption\":\"Two multi-ethnic senior men exercising in the park. The African-American man is wearing earbuds, listening to music through the mobile phone on his armband. they are smiling at the camera.\"},{\"@type\":\"BreadcrumbList\",\"@id\":\"https:\/\/www.healthy-heart.org\/it\/convivere-con-una-patologia-cardiaca\/esercizio-fisico\/#breadcrumb\",\"itemListElement\":[{\"@type\":\"ListItem\",\"position\":1,\"name\":\"Home\",\"item\":\"https:\/\/www.healthy-heart.org\/it\/\"},{\"@type\":\"ListItem\",\"position\":2,\"name\":\"Convivere con una patologia cardiaca\",\"item\":\"https:\/\/www.healthy-heart.org\/it\/convivere-con-una-patologia-cardiaca\/\"},{\"@type\":\"ListItem\",\"position\":3,\"name\":\"Esercizio fisico\"}]},{\"@type\":\"WebSite\",\"@id\":\"https:\/\/www.healthy-heart.org\/es\/#website\",\"url\":\"https:\/\/www.healthy-heart.org\/es\/\",\"name\":\"Healthy-Heart.org\",\"description\":\"Practical advice for patients and family care givers on the prevention of cardiovascular disease\",\"potentialAction\":[{\"@type\":\"SearchAction\",\"target\":{\"@type\":\"EntryPoint\",\"urlTemplate\":\"https:\/\/www.healthy-heart.org\/es\/?s={search_term_string}\"},\"query-input\":{\"@type\":\"PropertyValueSpecification\",\"valueRequired\":true,\"valueName\":\"search_term_string\"}}],\"inLanguage\":\"it-IT\"}]}<\/script>\n<!-- \/ Yoast SEO plugin. -->","yoast_head_json":{"title":"Esercizio fisico - Healthy-Heart.org","description":"L'allenamento fisico favorisce un recupero pi\u00f9 rapido dalle patologie cardiovascolari e previene nuovi problemi cardiaci.","robots":{"index":"index","follow":"follow","max-snippet":"max-snippet:-1","max-image-preview":"max-image-preview:large","max-video-preview":"max-video-preview:-1"},"canonical":"https:\/\/www.healthy-heart.org\/it\/convivere-con-una-patologia-cardiaca\/esercizio-fisico\/","og_locale":"it_IT","og_type":"article","og_title":"Esercizio fisico - Healthy-Heart.org","og_description":"L'allenamento fisico favorisce un recupero pi\u00f9 rapido dalle patologie cardiovascolari e previene nuovi problemi cardiaci.","og_url":"https:\/\/www.healthy-heart.org\/it\/convivere-con-una-patologia-cardiaca\/esercizio-fisico\/","og_site_name":"Healthy-Heart.org","og_image":[{"width":1024,"height":683,"url":"https:\/\/www.healthy-heart.org\/wp-content\/uploads\/2019\/07\/iStock-652842710-1024x683.jpg","type":"image\/jpeg"}],"twitter_card":"summary_large_image","twitter_misc":{"Tempo di lettura stimato":"2 minuti"},"schema":{"@context":"https:\/\/schema.org","@graph":[{"@type":"WebPage","@id":"https:\/\/www.healthy-heart.org\/it\/convivere-con-una-patologia-cardiaca\/esercizio-fisico\/","url":"https:\/\/www.healthy-heart.org\/it\/convivere-con-una-patologia-cardiaca\/esercizio-fisico\/","name":"Esercizio fisico - Healthy-Heart.org","isPartOf":{"@id":"https:\/\/www.healthy-heart.org\/es\/#website"},"primaryImageOfPage":{"@id":"https:\/\/www.healthy-heart.org\/it\/convivere-con-una-patologia-cardiaca\/esercizio-fisico\/#primaryimage"},"image":{"@id":"https:\/\/www.healthy-heart.org\/it\/convivere-con-una-patologia-cardiaca\/esercizio-fisico\/#primaryimage"},"thumbnailUrl":"https:\/\/www.healthy-heart.org\/wp-content\/uploads\/2019\/07\/iStock-652842710.jpg","datePublished":"2019-10-08T09:28:40+00:00","dateModified":"2019-10-08T09:28:40+00:00","description":"L'allenamento fisico favorisce un recupero pi\u00f9 rapido dalle patologie cardiovascolari e previene nuovi problemi cardiaci.","breadcrumb":{"@id":"https:\/\/www.healthy-heart.org\/it\/convivere-con-una-patologia-cardiaca\/esercizio-fisico\/#breadcrumb"},"inLanguage":"it-IT","potentialAction":[{"@type":"ReadAction","target":["https:\/\/www.healthy-heart.org\/it\/convivere-con-una-patologia-cardiaca\/esercizio-fisico\/"]}]},{"@type":"ImageObject","inLanguage":"it-IT","@id":"https:\/\/www.healthy-heart.org\/it\/convivere-con-una-patologia-cardiaca\/esercizio-fisico\/#primaryimage","url":"https:\/\/www.healthy-heart.org\/wp-content\/uploads\/2019\/07\/iStock-652842710.jpg","contentUrl":"https:\/\/www.healthy-heart.org\/wp-content\/uploads\/2019\/07\/iStock-652842710.jpg","width":5760,"height":3840,"caption":"Two multi-ethnic senior men exercising in the park. The African-American man is wearing earbuds, listening to music through the mobile phone on his armband. they are smiling at the camera."},{"@type":"BreadcrumbList","@id":"https:\/\/www.healthy-heart.org\/it\/convivere-con-una-patologia-cardiaca\/esercizio-fisico\/#breadcrumb","itemListElement":[{"@type":"ListItem","position":1,"name":"Home","item":"https:\/\/www.healthy-heart.org\/it\/"},{"@type":"ListItem","position":2,"name":"Convivere con una patologia cardiaca","item":"https:\/\/www.healthy-heart.org\/it\/convivere-con-una-patologia-cardiaca\/"},{"@type":"ListItem","position":3,"name":"Esercizio fisico"}]},{"@type":"WebSite","@id":"https:\/\/www.healthy-heart.org\/es\/#website","url":"https:\/\/www.healthy-heart.org\/es\/","name":"Healthy-Heart.org","description":"Practical advice for patients and family care givers on the prevention of cardiovascular disease","potentialAction":[{"@type":"SearchAction","target":{"@type":"EntryPoint","urlTemplate":"https:\/\/www.healthy-heart.org\/es\/?s={search_term_string}"},"query-input":{"@type":"PropertyValueSpecification","valueRequired":true,"valueName":"search_term_string"}}],"inLanguage":"it-IT"}]}},"_links":{"self":[{"href":"https:\/\/www.healthy-heart.org\/it\/wp-json\/wp\/v2\/pages\/2165","targetHints":{"allow":["GET"]}}],"collection":[{"href":"https:\/\/www.healthy-heart.org\/it\/wp-json\/wp\/v2\/pages"}],"about":[{"href":"https:\/\/www.healthy-heart.org\/it\/wp-json\/wp\/v2\/types\/page"}],"author":[{"embeddable":true,"href":"https:\/\/www.healthy-heart.org\/it\/wp-json\/wp\/v2\/users\/1"}],"replies":[{"embeddable":true,"href":"https:\/\/www.healthy-heart.org\/it\/wp-json\/wp\/v2\/comments?post=2165"}],"version-history":[{"count":0,"href":"https:\/\/www.healthy-heart.org\/it\/wp-json\/wp\/v2\/pages\/2165\/revisions"}],"up":[{"embeddable":true,"href":"https:\/\/www.healthy-heart.org\/it\/wp-json\/wp\/v2\/pages\/2140"}],"wp:featuredmedia":[{"embeddable":true,"href":"https:\/\/www.healthy-heart.org\/it\/wp-json\/wp\/v2\/media\/478"}],"wp:attachment":[{"href":"https:\/\/www.healthy-heart.org\/it\/wp-json\/wp\/v2\/media?parent=2165"}],"wp:term":[{"taxonomy":"category","embeddable":true,"href":"https:\/\/www.healthy-heart.org\/it\/wp-json\/wp\/v2\/categories?post=2165"},{"taxonomy":"post_tag","embeddable":true,"href":"https:\/\/www.healthy-heart.org\/it\/wp-json\/wp\/v2\/tags?post=2165"}],"curies":[{"name":"wp","href":"https:\/\/api.w.org\/{rel}","templated":true}]}}