{"id":2131,"date":"2019-10-08T10:28:33","date_gmt":"2019-10-08T09:28:33","guid":{"rendered":"https:\/\/www.healthy-heart.org\/migliora-la-tua-salute-cardiaca\/"},"modified":"2020-03-06T11:21:46","modified_gmt":"2020-03-06T11:21:46","slug":"migliora-la-tua-salute-cardiaca","status":"publish","type":"page","link":"https:\/\/www.healthy-heart.org\/it\/convivere-con-una-patologia-cardiaca\/migliora-la-tua-salute-cardiaca\/","title":{"rendered":"Migliora la tua salute cardiaca"},"content":{"rendered":"<p><img loading=\"lazy\" decoding=\"async\" class=\"alignright size-medium wp-image-459\" src=\"https:\/\/cdn-endpoint-prev.azureedge.net\/healthy-heart\/2019\/07\/iStock-474645758-350x233.jpg\" alt=\"\" width=\"350\" height=\"233\" srcset=\"https:\/\/www.healthy-heart.org\/wp-content\/uploads\/2019\/07\/iStock-474645758-350x233.jpg 350w, https:\/\/cdn-endpoint-prev.azureedge.net\/healthy-heart\/2019\/07\/iStock-474645758-2048x1365.jpg 2048w, https:\/\/cdn-endpoint-prev.azureedge.net\/healthy-heart\/2019\/07\/iStock-474645758-659x439.jpg 659w, https:\/\/www.healthy-heart.org\/wp-content\/uploads\/2019\/07\/iStock-474645758-200x133.jpg 200w, https:\/\/www.healthy-heart.org\/wp-content\/uploads\/2019\/07\/iStock-474645758-768x512.jpg 768w, https:\/\/www.healthy-heart.org\/wp-content\/uploads\/2019\/07\/iStock-474645758-1024x683.jpg 1024w, https:\/\/www.healthy-heart.org\/wp-content\/uploads\/2019\/07\/iStock-474645758-1536x1024.jpg 1536w, https:\/\/www.healthy-heart.org\/wp-content\/uploads\/2019\/07\/iStock-474645758-696x464.jpg 696w\" sizes=\"auto, (max-width: 350px) 100vw, 350px\" \/>Adottare buone abitudini \u00e8 importante tanto quanto il trattamento medico per la gestione delle malattie cardiache. Seguire un programma di riabilitazione cardiologica migliora la capacit\u00e0 fisica, la qualit\u00e0 della vita e il benessere, riducendo il rischio di complicazioni. Un team di professionisti dedicati fornir\u00e0 consigli personalizzati sulla cessazione dell&#8217;abitudine al fumo, sull&#8217;attivit\u00e0 fisica, l&#8217;alimentazione, la gestione dello <a href=\"https:\/\/www.healthy-heart.org\/it\/mantieni-in-salute-il-tuo-cuore\/stress-e-sonno\/\">stress<\/a> e il <a href=\"https:\/\/www.healthy-heart.org\/it\/convivere-con-una-patologia-cardiaca\/ritorno-al-lavoro-dopo-un-infarto\/\">rientro al lavoro<\/a>.<\/p>\n<h3><strong>Perch\u00e9 \u00e8 importante la riabilitazione cardiologica?<\/strong><\/h3>\n<p>I pazienti che seguono un programma di riabilitazione cardiologica vivono pi\u00f9 a lungo, hanno meno riammissioni ospedaliere, migliorano la propria capacit\u00e0 fisica, la qualit\u00e0 della vita e il benessere psicologico. Per questi motivi, la riabilitazione cardiologica \u00e8 altamente raccomandata da organizzazioni scientifiche nel campo della cardiologia, tra cui la European Society of Cardiology, per tutti i pazienti con malattie cardiache.<\/p>\n<h3><strong>Quando \u00e8 necessaria la riabilitazione cardiologica?<\/strong><\/h3>\n<p>La riabilitazione cardiologica deve essere avviata il prima possibile dopo un evento cardiaco, tra cui<\/p>\n<ul>\n<li>Attacco cardiaco (infarto miocardico)<\/li>\n<li>Impianto di stent (angioplastica, una procedura eseguita per aprire le coronarie ristrette da placche)<\/li>\n<li>Cardiochirurgia (bypass, chirurgia valvolare)<\/li>\n<li>Dolore toracico causato da un&#8217;ostruzione dei vasi coronarici (malattia coronarica stabile)<\/li>\n<li>Sintomi dovuti a insufficienza cardiaca, come respiro corto o ridotta capacit\u00e0 fisica.<\/li>\n<\/ul>\n<h3><strong>Che cos&#8217;\u00e8 la riabilitazione cardiologica?<\/strong><\/h3>\n<p>Durante la riabilitazione cardiologica, un team di professionisti ti assiste per aiutarti a migliorare la tua salute cardiovascolare. Questo team pu\u00f2 includere cardiologi, infermieri specializzati, fisioterapisti, dietologi, psicologi e assistenti sociali.<\/p>\n<p>In primo luogo, sarai sottoposto a vari test per stimare la tua capacit\u00e0 fisica ed esami di screening per i fattori di rischio cardiovascolare, compresi gli aspetti psicosociali. Il programma di riabilitazione cardiologica sar\u00e0 personalizzato in base ai risultati dei test e alle tue preferenze. Questi test saranno ripetuti durante tutto il programma per monitorarne i progressi.<\/p>\n<p>L&#8217;allenamento aerobico e di resistenza supervisionato \u00e8 una parte molto importante della riabilitazione cardiologica e ha lo scopo di aumentare la tua capacit\u00e0 fisica. La dose di esercizio fisico \u00e8 prescritta individualmente e continuamente adattata in base alla tua capacit\u00e0 fisica e situazione specifica.<\/p>\n<p>Oltre all&#8217;<a href=\"https:\/\/www.healthy-heart.org\/living-with-heart-disease\/exercise-training\/\">allenamento fisico<\/a>, si consiglia di essere fisicamente attivi nella vita quotidiana. Pratica almeno 2,5 ore di attivit\u00e0 fisica moderatamente intensa a settimana.<\/p>\n<p>Il team ti aiuter\u00e0 a ridurre il rischio di future malattie cardiache. Se <a href=\"https:\/\/www.healthy-heart.org\/keep-your-heart-healthy\/smoking\/\">fumi tabacco<\/a>, devi smettere immediatamente e definitivamente. Un dietista valuter\u00e0 le tue abitudini alimentari e suggerir\u00e0 i necessari miglioramenti da apportare. In base ai valori della <a href=\"https:\/\/www.healthy-heart.org\/it\/mantieni-in-salute-il-tuo-cuore\/pressione-sanguigna\/\">pressione<\/a> o ai livelli di <a href=\"https:\/\/www.healthy-heart.org\/it\/mantieni-in-salute-il-tuo-cuore\/il-colesterolo\/\">colesterolo<\/a> nel sangue, il team potrebbe modificare ila terapia <a href=\"https:\/\/www.healthy-heart.org\/it\/convivere-con-una-patologia-cardiaca\/tipologie-di-farmaci\/\">farmacologica<\/a> che assumi.<\/p>\n<p>Nelle sessioni formative, avrai la possibilit\u00e0 di conoscere in maniera pi\u00f9 approfondita le patologie cardiache e cosa puoi fare per prevenirle e trattarle.<br \/>\nLe patologie cardiache possono essere un&#8217;esperienza psicologicamente impegnativa. Uno psicologo ti aiuter\u00e0 a elaborare e affrontare questi importanti cambiamenti.<\/p>\n<p>Infine, il team ti aiuter\u00e0 a riprendere le tue attivit\u00e0 quotidiane. Al termine del programma, riceverai consigli personali sul mantenimento di uno stile di vita sano per il resto della vita.<\/p>\n","protected":false},"excerpt":{"rendered":"<p>Adottare buone abitudini \u00e8 importante tanto quanto il trattamento medico per la gestione delle malattie cardiache. Seguire un programma di riabilitazione cardiologica migliora la capacit\u00e0 fisica, la qualit\u00e0 della vita e il benessere, riducendo il rischio di complicazioni. Un team di professionisti dedicati fornir\u00e0 consigli personalizzati sulla cessazione dell&#8217;abitudine al fumo, sull&#8217;attivit\u00e0 fisica, l&#8217;alimentazione, la [&hellip;]<\/p>\n","protected":false},"author":1,"featured_media":463,"parent":2140,"menu_order":1,"comment_status":"closed","ping_status":"closed","template":"","meta":{"_acf_changed":false,"footnotes":""},"categories":[71],"tags":[],"class_list":["post-2131","page","type-page","status-publish","has-post-thumbnail","hentry","category-convivere-con-una-patologia-cardiaca"],"acf":[],"yoast_head":"<!-- This site is optimized with the Yoast SEO plugin v24.0 - https:\/\/yoast.com\/wordpress\/plugins\/seo\/ -->\n<title>Migliora la tua salute cardiaca - Healthy-Heart.org<\/title>\n<meta name=\"description\" content=\"La riabilitazione cardiologica \u00e8 pensata per aiutare a migliorare la salute cardiaca e aiutare chi soffre di malattie cardiovascolari a scegliere uno stile di vita sano.\" \/>\n<meta name=\"robots\" content=\"index, follow, max-snippet:-1, max-image-preview:large, max-video-preview:-1\" \/>\n<link rel=\"canonical\" href=\"https:\/\/www.healthy-heart.org\/it\/convivere-con-una-patologia-cardiaca\/migliora-la-tua-salute-cardiaca\/\" \/>\n<meta property=\"og:locale\" content=\"it_IT\" \/>\n<meta property=\"og:type\" content=\"article\" \/>\n<meta property=\"og:title\" content=\"Migliora la tua salute cardiaca - Healthy-Heart.org\" \/>\n<meta property=\"og:description\" content=\"La riabilitazione cardiologica \u00e8 pensata per aiutare a migliorare la salute cardiaca e aiutare chi soffre di malattie cardiovascolari a scegliere uno stile di vita sano.\" \/>\n<meta property=\"og:url\" content=\"https:\/\/www.healthy-heart.org\/it\/convivere-con-una-patologia-cardiaca\/migliora-la-tua-salute-cardiaca\/\" \/>\n<meta property=\"og:site_name\" content=\"Healthy-Heart.org\" \/>\n<meta property=\"article:modified_time\" content=\"2020-03-06T11:21:46+00:00\" \/>\n<meta property=\"og:image\" content=\"https:\/\/www.healthy-heart.org\/wp-content\/uploads\/2019\/07\/iStock-474645758-1024x683.jpg\" \/>\n\t<meta property=\"og:image:width\" content=\"1024\" \/>\n\t<meta property=\"og:image:height\" content=\"683\" \/>\n\t<meta property=\"og:image:type\" content=\"image\/jpeg\" \/>\n<meta name=\"twitter:card\" content=\"summary_large_image\" \/>\n<meta name=\"twitter:label1\" content=\"Tempo di lettura stimato\" \/>\n\t<meta name=\"twitter:data1\" content=\"2 minuti\" \/>\n<script type=\"application\/ld+json\" class=\"yoast-schema-graph\">{\"@context\":\"https:\/\/schema.org\",\"@graph\":[{\"@type\":\"WebPage\",\"@id\":\"https:\/\/www.healthy-heart.org\/it\/convivere-con-una-patologia-cardiaca\/migliora-la-tua-salute-cardiaca\/\",\"url\":\"https:\/\/www.healthy-heart.org\/it\/convivere-con-una-patologia-cardiaca\/migliora-la-tua-salute-cardiaca\/\",\"name\":\"Migliora la tua salute cardiaca - Healthy-Heart.org\",\"isPartOf\":{\"@id\":\"https:\/\/www.healthy-heart.org\/es\/#website\"},\"primaryImageOfPage\":{\"@id\":\"https:\/\/www.healthy-heart.org\/it\/convivere-con-una-patologia-cardiaca\/migliora-la-tua-salute-cardiaca\/#primaryimage\"},\"image\":{\"@id\":\"https:\/\/www.healthy-heart.org\/it\/convivere-con-una-patologia-cardiaca\/migliora-la-tua-salute-cardiaca\/#primaryimage\"},\"thumbnailUrl\":\"https:\/\/www.healthy-heart.org\/wp-content\/uploads\/2019\/07\/iStock-474645758.jpg\",\"datePublished\":\"2019-10-08T09:28:33+00:00\",\"dateModified\":\"2020-03-06T11:21:46+00:00\",\"description\":\"La riabilitazione cardiologica \u00e8 pensata per aiutare a migliorare la salute cardiaca e aiutare chi soffre di malattie cardiovascolari a scegliere uno stile di vita sano.\",\"breadcrumb\":{\"@id\":\"https:\/\/www.healthy-heart.org\/it\/convivere-con-una-patologia-cardiaca\/migliora-la-tua-salute-cardiaca\/#breadcrumb\"},\"inLanguage\":\"it-IT\",\"potentialAction\":[{\"@type\":\"ReadAction\",\"target\":[\"https:\/\/www.healthy-heart.org\/it\/convivere-con-una-patologia-cardiaca\/migliora-la-tua-salute-cardiaca\/\"]}]},{\"@type\":\"ImageObject\",\"inLanguage\":\"it-IT\",\"@id\":\"https:\/\/www.healthy-heart.org\/it\/convivere-con-una-patologia-cardiaca\/migliora-la-tua-salute-cardiaca\/#primaryimage\",\"url\":\"https:\/\/www.healthy-heart.org\/wp-content\/uploads\/2019\/07\/iStock-474645758.jpg\",\"contentUrl\":\"https:\/\/www.healthy-heart.org\/wp-content\/uploads\/2019\/07\/iStock-474645758.jpg\",\"width\":5760,\"height\":3840,\"caption\":\"Senior man on treadmill with therapist in fitness studio\"},{\"@type\":\"BreadcrumbList\",\"@id\":\"https:\/\/www.healthy-heart.org\/it\/convivere-con-una-patologia-cardiaca\/migliora-la-tua-salute-cardiaca\/#breadcrumb\",\"itemListElement\":[{\"@type\":\"ListItem\",\"position\":1,\"name\":\"Home\",\"item\":\"https:\/\/www.healthy-heart.org\/it\/\"},{\"@type\":\"ListItem\",\"position\":2,\"name\":\"Convivere con una patologia cardiaca\",\"item\":\"https:\/\/www.healthy-heart.org\/it\/convivere-con-una-patologia-cardiaca\/\"},{\"@type\":\"ListItem\",\"position\":3,\"name\":\"Migliora la tua salute cardiaca\"}]},{\"@type\":\"WebSite\",\"@id\":\"https:\/\/www.healthy-heart.org\/es\/#website\",\"url\":\"https:\/\/www.healthy-heart.org\/es\/\",\"name\":\"Healthy-Heart.org\",\"description\":\"Practical advice for patients and family care givers on the prevention of cardiovascular disease\",\"potentialAction\":[{\"@type\":\"SearchAction\",\"target\":{\"@type\":\"EntryPoint\",\"urlTemplate\":\"https:\/\/www.healthy-heart.org\/es\/?s={search_term_string}\"},\"query-input\":{\"@type\":\"PropertyValueSpecification\",\"valueRequired\":true,\"valueName\":\"search_term_string\"}}],\"inLanguage\":\"it-IT\"}]}<\/script>\n<!-- \/ Yoast SEO plugin. -->","yoast_head_json":{"title":"Migliora la tua salute cardiaca - Healthy-Heart.org","description":"La riabilitazione cardiologica \u00e8 pensata per aiutare a migliorare la salute cardiaca e aiutare chi soffre di malattie cardiovascolari a scegliere uno stile di vita sano.","robots":{"index":"index","follow":"follow","max-snippet":"max-snippet:-1","max-image-preview":"max-image-preview:large","max-video-preview":"max-video-preview:-1"},"canonical":"https:\/\/www.healthy-heart.org\/it\/convivere-con-una-patologia-cardiaca\/migliora-la-tua-salute-cardiaca\/","og_locale":"it_IT","og_type":"article","og_title":"Migliora la tua salute cardiaca - Healthy-Heart.org","og_description":"La riabilitazione cardiologica \u00e8 pensata per aiutare a migliorare la salute cardiaca e aiutare chi soffre di malattie cardiovascolari a scegliere uno stile di vita sano.","og_url":"https:\/\/www.healthy-heart.org\/it\/convivere-con-una-patologia-cardiaca\/migliora-la-tua-salute-cardiaca\/","og_site_name":"Healthy-Heart.org","article_modified_time":"2020-03-06T11:21:46+00:00","og_image":[{"width":1024,"height":683,"url":"https:\/\/www.healthy-heart.org\/wp-content\/uploads\/2019\/07\/iStock-474645758-1024x683.jpg","type":"image\/jpeg"}],"twitter_card":"summary_large_image","twitter_misc":{"Tempo di lettura stimato":"2 minuti"},"schema":{"@context":"https:\/\/schema.org","@graph":[{"@type":"WebPage","@id":"https:\/\/www.healthy-heart.org\/it\/convivere-con-una-patologia-cardiaca\/migliora-la-tua-salute-cardiaca\/","url":"https:\/\/www.healthy-heart.org\/it\/convivere-con-una-patologia-cardiaca\/migliora-la-tua-salute-cardiaca\/","name":"Migliora la tua salute cardiaca - Healthy-Heart.org","isPartOf":{"@id":"https:\/\/www.healthy-heart.org\/es\/#website"},"primaryImageOfPage":{"@id":"https:\/\/www.healthy-heart.org\/it\/convivere-con-una-patologia-cardiaca\/migliora-la-tua-salute-cardiaca\/#primaryimage"},"image":{"@id":"https:\/\/www.healthy-heart.org\/it\/convivere-con-una-patologia-cardiaca\/migliora-la-tua-salute-cardiaca\/#primaryimage"},"thumbnailUrl":"https:\/\/www.healthy-heart.org\/wp-content\/uploads\/2019\/07\/iStock-474645758.jpg","datePublished":"2019-10-08T09:28:33+00:00","dateModified":"2020-03-06T11:21:46+00:00","description":"La riabilitazione cardiologica \u00e8 pensata per aiutare a migliorare la salute cardiaca e aiutare chi soffre di malattie cardiovascolari a scegliere uno stile di vita sano.","breadcrumb":{"@id":"https:\/\/www.healthy-heart.org\/it\/convivere-con-una-patologia-cardiaca\/migliora-la-tua-salute-cardiaca\/#breadcrumb"},"inLanguage":"it-IT","potentialAction":[{"@type":"ReadAction","target":["https:\/\/www.healthy-heart.org\/it\/convivere-con-una-patologia-cardiaca\/migliora-la-tua-salute-cardiaca\/"]}]},{"@type":"ImageObject","inLanguage":"it-IT","@id":"https:\/\/www.healthy-heart.org\/it\/convivere-con-una-patologia-cardiaca\/migliora-la-tua-salute-cardiaca\/#primaryimage","url":"https:\/\/www.healthy-heart.org\/wp-content\/uploads\/2019\/07\/iStock-474645758.jpg","contentUrl":"https:\/\/www.healthy-heart.org\/wp-content\/uploads\/2019\/07\/iStock-474645758.jpg","width":5760,"height":3840,"caption":"Senior man on treadmill with therapist in fitness studio"},{"@type":"BreadcrumbList","@id":"https:\/\/www.healthy-heart.org\/it\/convivere-con-una-patologia-cardiaca\/migliora-la-tua-salute-cardiaca\/#breadcrumb","itemListElement":[{"@type":"ListItem","position":1,"name":"Home","item":"https:\/\/www.healthy-heart.org\/it\/"},{"@type":"ListItem","position":2,"name":"Convivere con una patologia cardiaca","item":"https:\/\/www.healthy-heart.org\/it\/convivere-con-una-patologia-cardiaca\/"},{"@type":"ListItem","position":3,"name":"Migliora la tua salute cardiaca"}]},{"@type":"WebSite","@id":"https:\/\/www.healthy-heart.org\/es\/#website","url":"https:\/\/www.healthy-heart.org\/es\/","name":"Healthy-Heart.org","description":"Practical advice for patients and family care givers on the prevention of cardiovascular disease","potentialAction":[{"@type":"SearchAction","target":{"@type":"EntryPoint","urlTemplate":"https:\/\/www.healthy-heart.org\/es\/?s={search_term_string}"},"query-input":{"@type":"PropertyValueSpecification","valueRequired":true,"valueName":"search_term_string"}}],"inLanguage":"it-IT"}]}},"_links":{"self":[{"href":"https:\/\/www.healthy-heart.org\/it\/wp-json\/wp\/v2\/pages\/2131","targetHints":{"allow":["GET"]}}],"collection":[{"href":"https:\/\/www.healthy-heart.org\/it\/wp-json\/wp\/v2\/pages"}],"about":[{"href":"https:\/\/www.healthy-heart.org\/it\/wp-json\/wp\/v2\/types\/page"}],"author":[{"embeddable":true,"href":"https:\/\/www.healthy-heart.org\/it\/wp-json\/wp\/v2\/users\/1"}],"replies":[{"embeddable":true,"href":"https:\/\/www.healthy-heart.org\/it\/wp-json\/wp\/v2\/comments?post=2131"}],"version-history":[{"count":2,"href":"https:\/\/www.healthy-heart.org\/it\/wp-json\/wp\/v2\/pages\/2131\/revisions"}],"predecessor-version":[{"id":4274,"href":"https:\/\/www.healthy-heart.org\/it\/wp-json\/wp\/v2\/pages\/2131\/revisions\/4274"}],"up":[{"embeddable":true,"href":"https:\/\/www.healthy-heart.org\/it\/wp-json\/wp\/v2\/pages\/2140"}],"wp:featuredmedia":[{"embeddable":true,"href":"https:\/\/www.healthy-heart.org\/it\/wp-json\/wp\/v2\/media\/463"}],"wp:attachment":[{"href":"https:\/\/www.healthy-heart.org\/it\/wp-json\/wp\/v2\/media?parent=2131"}],"wp:term":[{"taxonomy":"category","embeddable":true,"href":"https:\/\/www.healthy-heart.org\/it\/wp-json\/wp\/v2\/categories?post=2131"},{"taxonomy":"post_tag","embeddable":true,"href":"https:\/\/www.healthy-heart.org\/it\/wp-json\/wp\/v2\/tags?post=2131"}],"curies":[{"name":"wp","href":"https:\/\/api.w.org\/{rel}","templated":true}]}}