{"id":2078,"date":"2019-10-08T10:28:26","date_gmt":"2019-10-08T09:28:26","guid":{"rendered":"https:\/\/www.healthy-heart.org\/mantieni-in-salute-il-tuo-cuore\/anamnesi-familiare-di-patologie-cardiache\/"},"modified":"2020-03-06T11:15:09","modified_gmt":"2020-03-06T11:15:09","slug":"anamnesi-familiare-di-patologie-cardiache","status":"publish","type":"page","link":"https:\/\/www.healthy-heart.org\/it\/mantieni-in-salute-il-tuo-cuore\/anamnesi-familiare-di-patologie-cardiache\/","title":{"rendered":"Anamnesi familiare di patologie cardiache"},"content":{"rendered":"<p><img loading=\"lazy\" decoding=\"async\" class=\"size-medium wp-image-636 alignright\" src=\"https:\/\/cdn-endpoint-prev.azureedge.net\/healthy-heart\/2019\/07\/iStock-117150029-3-350x290.jpg\" alt=\"\" width=\"350\" height=\"290\" srcset=\"https:\/\/www.healthy-heart.org\/wp-content\/uploads\/2019\/07\/iStock-117150029-3-350x290.jpg 350w, https:\/\/www.healthy-heart.org\/wp-content\/uploads\/2019\/07\/iStock-117150029-3-200x166.jpg 200w, https:\/\/www.healthy-heart.org\/wp-content\/uploads\/2019\/07\/iStock-117150029-3-768x637.jpg 768w, https:\/\/www.healthy-heart.org\/wp-content\/uploads\/2019\/07\/iStock-117150029-3-1024x849.jpg 1024w, https:\/\/www.healthy-heart.org\/wp-content\/uploads\/2019\/07\/iStock-117150029-3-529x439.jpg 529w, https:\/\/www.healthy-heart.org\/wp-content\/uploads\/2019\/07\/iStock-117150029-3-560x464.jpg 560w\" sizes=\"auto, (max-width: 350px) 100vw, 350px\" \/> <\/p>\n<p>La maggior parte dei fattori di rischio legati allo stile di vita per le malattie cardiovascolari sono noti. \u00c8 meno noto invece sapere che un familiare che ha sviluppato malattie cardiovascolari in giovane et\u00e0 aumenta anche il tuo rischio.<\/p>\n<p>Hai una predisposizione familiare per malattie cardiovascolari se tuo padre o tuo fratello ha ricevuto diagnosi in et\u00e0 inferiore a 55 anni o se tua sorella o tua madre \u00e8 stata diagnosticata in et\u00e0 inferiore a 65 anni.<br \/>\nPerch\u00e9 l&#8217;anamnesi familiare influenza il <a href=\"https:\/\/www.healthy-heart.org\/it\/mantieni-in-salute-il-tuo-cuore\/prevedere-e-gestire-il-rischio-di-patologie-cardiache\/\">rischio cardiovascolare<\/a>? Perch\u00e9 le abitudini di vita sono spesso simili tra i membri della famiglia. Inoltre, i geni vengono trasmessi dai genitori alla prole e talvolta possono essere responsabili di patologie come l&#8217;ipertensione o il <a href=\"https:\/\/www.healthy-heart.org\/it\/mantieni-in-salute-il-tuo-cuore\/il-colesterolo\/\">colesterolo<\/a> alto. L&#8217;<a href=\"https:\/\/www.healthy-heart.org\/keep-your-heart-healthy\/cholesterol\/\">ipercolesterolemia familiare<\/a> \u00e8 una condizione ereditaria che, se non trattata, pu\u00f2 portare a livelli di colesterolo estremamente elevati e malattie cardiache in giovanissima et\u00e0. I <a href=\"https:\/\/www.healthy-heart.org\/it\/convivere-con-una-patologia-cardiaca\/tipologie-di-farmaci\/\">farmaci<\/a> e uno <a href=\"https:\/\/www.healthy-heart.org\/it\/il-cuore\/promuovere-uno-stile-di-vita-sano\/\">stile di vita sano<\/a> possono ridurre il rischio di malattie cardiache.<\/p>\n<p>Poich\u00e9 nessun singolo gene aumenta il rischio cardiovascolare, l&#8217;analisi genetica non fornisce una risposta definitiva se svilupperai o meno una malattia cardiovascolare.<\/p>\n<p>Non puoi cambiare la tua storia familiare, ma conoscerla \u00e8 utile. In presenza di un&#8217;anamnesi familiare di malattie cardiovascolari, \u00e8 particolarmente importante adottare precocemente <a href=\"https:\/\/www.healthy-heart.org\/keep-your-heart-healthy\/take-control-of-your-lifestyle\/\">misure preventive<\/a>. Queste includono attivit\u00e0 fisica, alimentazione sana, controllo del colesterolo e della pressione sanguigna, smettere di fumare e controllo del peso.<\/p>\n<blockquote><p>Il cambiamento del comportamento pu\u00f2 ridurre il tuo rischio cardiovascolare futuro anche se hai una predisposizione familiare.<\/p><\/blockquote>\n<p>Come puoi conoscere la tua anamnesi familiare? Puoi parlarne con i tuoi genitori e alle riunioni di famiglia!<\/p>\n","protected":false},"excerpt":{"rendered":"<p>La maggior parte dei fattori di rischio legati allo stile di vita per le malattie cardiovascolari sono noti. \u00c8 meno noto invece sapere che un familiare che ha sviluppato malattie cardiovascolari in giovane et\u00e0 aumenta anche il tuo rischio. Hai una predisposizione familiare per malattie cardiovascolari se tuo padre o tuo fratello ha ricevuto diagnosi [&hellip;]<\/p>\n","protected":false},"author":1,"featured_media":636,"parent":1981,"menu_order":9,"comment_status":"closed","ping_status":"closed","template":"","meta":{"_acf_changed":false,"footnotes":""},"categories":[69],"tags":[],"class_list":["post-2078","page","type-page","status-publish","has-post-thumbnail","hentry","category-mantieni-in-salute-il-tuo-cuore"],"acf":[],"yoast_head":"<!-- This site is optimized with the Yoast SEO plugin v24.0 - https:\/\/yoast.com\/wordpress\/plugins\/seo\/ -->\n<title>Anamnesi familiare di patologie cardiache - Healthy-Heart.org<\/title>\n<meta name=\"description\" content=\"Impara a ridurre il rischio di malattie cardiache con uno stile di vita sano anche se hai una predisposizione familiare.\" \/>\n<meta name=\"robots\" content=\"index, follow, max-snippet:-1, max-image-preview:large, max-video-preview:-1\" \/>\n<link rel=\"canonical\" href=\"https:\/\/www.healthy-heart.org\/it\/mantieni-in-salute-il-tuo-cuore\/anamnesi-familiare-di-patologie-cardiache\/\" \/>\n<meta property=\"og:locale\" content=\"it_IT\" \/>\n<meta property=\"og:type\" content=\"article\" \/>\n<meta property=\"og:title\" content=\"Anamnesi familiare di patologie cardiache - Healthy-Heart.org\" \/>\n<meta property=\"og:description\" content=\"Impara a ridurre il rischio di malattie cardiache con uno stile di vita sano anche se hai una predisposizione familiare.\" \/>\n<meta property=\"og:url\" content=\"https:\/\/www.healthy-heart.org\/it\/mantieni-in-salute-il-tuo-cuore\/anamnesi-familiare-di-patologie-cardiache\/\" \/>\n<meta property=\"og:site_name\" content=\"Healthy-Heart.org\" \/>\n<meta property=\"article:modified_time\" content=\"2020-03-06T11:15:09+00:00\" \/>\n<meta property=\"og:image\" content=\"https:\/\/www.healthy-heart.org\/wp-content\/uploads\/2019\/07\/iStock-117150029-3-1024x849.jpg\" \/>\n\t<meta property=\"og:image:width\" content=\"1024\" \/>\n\t<meta property=\"og:image:height\" content=\"849\" \/>\n\t<meta property=\"og:image:type\" content=\"image\/jpeg\" \/>\n<meta name=\"twitter:card\" content=\"summary_large_image\" \/>\n<meta name=\"twitter:label1\" content=\"Tempo di lettura stimato\" \/>\n\t<meta name=\"twitter:data1\" content=\"1 minuto\" \/>\n<script type=\"application\/ld+json\" class=\"yoast-schema-graph\">{\"@context\":\"https:\/\/schema.org\",\"@graph\":[{\"@type\":\"WebPage\",\"@id\":\"https:\/\/www.healthy-heart.org\/it\/mantieni-in-salute-il-tuo-cuore\/anamnesi-familiare-di-patologie-cardiache\/\",\"url\":\"https:\/\/www.healthy-heart.org\/it\/mantieni-in-salute-il-tuo-cuore\/anamnesi-familiare-di-patologie-cardiache\/\",\"name\":\"Anamnesi familiare di patologie cardiache - Healthy-Heart.org\",\"isPartOf\":{\"@id\":\"https:\/\/www.healthy-heart.org\/es\/#website\"},\"primaryImageOfPage\":{\"@id\":\"https:\/\/www.healthy-heart.org\/it\/mantieni-in-salute-il-tuo-cuore\/anamnesi-familiare-di-patologie-cardiache\/#primaryimage\"},\"image\":{\"@id\":\"https:\/\/www.healthy-heart.org\/it\/mantieni-in-salute-il-tuo-cuore\/anamnesi-familiare-di-patologie-cardiache\/#primaryimage\"},\"thumbnailUrl\":\"https:\/\/www.healthy-heart.org\/wp-content\/uploads\/2019\/07\/iStock-117150029-3.jpg\",\"datePublished\":\"2019-10-08T09:28:26+00:00\",\"dateModified\":\"2020-03-06T11:15:09+00:00\",\"description\":\"Impara a ridurre il rischio di malattie cardiache con uno stile di vita sano anche se hai una predisposizione familiare.\",\"breadcrumb\":{\"@id\":\"https:\/\/www.healthy-heart.org\/it\/mantieni-in-salute-il-tuo-cuore\/anamnesi-familiare-di-patologie-cardiache\/#breadcrumb\"},\"inLanguage\":\"it-IT\",\"potentialAction\":[{\"@type\":\"ReadAction\",\"target\":[\"https:\/\/www.healthy-heart.org\/it\/mantieni-in-salute-il-tuo-cuore\/anamnesi-familiare-di-patologie-cardiache\/\"]}]},{\"@type\":\"ImageObject\",\"inLanguage\":\"it-IT\",\"@id\":\"https:\/\/www.healthy-heart.org\/it\/mantieni-in-salute-il-tuo-cuore\/anamnesi-familiare-di-patologie-cardiache\/#primaryimage\",\"url\":\"https:\/\/www.healthy-heart.org\/wp-content\/uploads\/2019\/07\/iStock-117150029-3.jpg\",\"contentUrl\":\"https:\/\/www.healthy-heart.org\/wp-content\/uploads\/2019\/07\/iStock-117150029-3.jpg\",\"width\":3766,\"height\":3123,\"caption\":\"Great-grandmother shows old photos (these are pictures of her and her grandmather) to her great-granddaughter.\"},{\"@type\":\"BreadcrumbList\",\"@id\":\"https:\/\/www.healthy-heart.org\/it\/mantieni-in-salute-il-tuo-cuore\/anamnesi-familiare-di-patologie-cardiache\/#breadcrumb\",\"itemListElement\":[{\"@type\":\"ListItem\",\"position\":1,\"name\":\"Home\",\"item\":\"https:\/\/www.healthy-heart.org\/it\/\"},{\"@type\":\"ListItem\",\"position\":2,\"name\":\"Mantieni in salute il tuo cuore\",\"item\":\"https:\/\/www.healthy-heart.org\/it\/mantieni-in-salute-il-tuo-cuore\/\"},{\"@type\":\"ListItem\",\"position\":3,\"name\":\"Anamnesi familiare di patologie cardiache\"}]},{\"@type\":\"WebSite\",\"@id\":\"https:\/\/www.healthy-heart.org\/es\/#website\",\"url\":\"https:\/\/www.healthy-heart.org\/es\/\",\"name\":\"Healthy-Heart.org\",\"description\":\"Practical advice for patients and family care givers on the prevention of cardiovascular disease\",\"potentialAction\":[{\"@type\":\"SearchAction\",\"target\":{\"@type\":\"EntryPoint\",\"urlTemplate\":\"https:\/\/www.healthy-heart.org\/es\/?s={search_term_string}\"},\"query-input\":{\"@type\":\"PropertyValueSpecification\",\"valueRequired\":true,\"valueName\":\"search_term_string\"}}],\"inLanguage\":\"it-IT\"}]}<\/script>\n<!-- \/ Yoast SEO plugin. -->","yoast_head_json":{"title":"Anamnesi familiare di patologie cardiache - Healthy-Heart.org","description":"Impara a ridurre il rischio di malattie cardiache con uno stile di vita sano anche se hai una predisposizione familiare.","robots":{"index":"index","follow":"follow","max-snippet":"max-snippet:-1","max-image-preview":"max-image-preview:large","max-video-preview":"max-video-preview:-1"},"canonical":"https:\/\/www.healthy-heart.org\/it\/mantieni-in-salute-il-tuo-cuore\/anamnesi-familiare-di-patologie-cardiache\/","og_locale":"it_IT","og_type":"article","og_title":"Anamnesi familiare di patologie cardiache - Healthy-Heart.org","og_description":"Impara a ridurre il rischio di malattie cardiache con uno stile di vita sano anche se hai una predisposizione familiare.","og_url":"https:\/\/www.healthy-heart.org\/it\/mantieni-in-salute-il-tuo-cuore\/anamnesi-familiare-di-patologie-cardiache\/","og_site_name":"Healthy-Heart.org","article_modified_time":"2020-03-06T11:15:09+00:00","og_image":[{"width":1024,"height":849,"url":"https:\/\/www.healthy-heart.org\/wp-content\/uploads\/2019\/07\/iStock-117150029-3-1024x849.jpg","type":"image\/jpeg"}],"twitter_card":"summary_large_image","twitter_misc":{"Tempo di lettura stimato":"1 minuto"},"schema":{"@context":"https:\/\/schema.org","@graph":[{"@type":"WebPage","@id":"https:\/\/www.healthy-heart.org\/it\/mantieni-in-salute-il-tuo-cuore\/anamnesi-familiare-di-patologie-cardiache\/","url":"https:\/\/www.healthy-heart.org\/it\/mantieni-in-salute-il-tuo-cuore\/anamnesi-familiare-di-patologie-cardiache\/","name":"Anamnesi familiare di patologie cardiache - Healthy-Heart.org","isPartOf":{"@id":"https:\/\/www.healthy-heart.org\/es\/#website"},"primaryImageOfPage":{"@id":"https:\/\/www.healthy-heart.org\/it\/mantieni-in-salute-il-tuo-cuore\/anamnesi-familiare-di-patologie-cardiache\/#primaryimage"},"image":{"@id":"https:\/\/www.healthy-heart.org\/it\/mantieni-in-salute-il-tuo-cuore\/anamnesi-familiare-di-patologie-cardiache\/#primaryimage"},"thumbnailUrl":"https:\/\/www.healthy-heart.org\/wp-content\/uploads\/2019\/07\/iStock-117150029-3.jpg","datePublished":"2019-10-08T09:28:26+00:00","dateModified":"2020-03-06T11:15:09+00:00","description":"Impara a ridurre il rischio di malattie cardiache con uno stile di vita sano anche se hai una predisposizione familiare.","breadcrumb":{"@id":"https:\/\/www.healthy-heart.org\/it\/mantieni-in-salute-il-tuo-cuore\/anamnesi-familiare-di-patologie-cardiache\/#breadcrumb"},"inLanguage":"it-IT","potentialAction":[{"@type":"ReadAction","target":["https:\/\/www.healthy-heart.org\/it\/mantieni-in-salute-il-tuo-cuore\/anamnesi-familiare-di-patologie-cardiache\/"]}]},{"@type":"ImageObject","inLanguage":"it-IT","@id":"https:\/\/www.healthy-heart.org\/it\/mantieni-in-salute-il-tuo-cuore\/anamnesi-familiare-di-patologie-cardiache\/#primaryimage","url":"https:\/\/www.healthy-heart.org\/wp-content\/uploads\/2019\/07\/iStock-117150029-3.jpg","contentUrl":"https:\/\/www.healthy-heart.org\/wp-content\/uploads\/2019\/07\/iStock-117150029-3.jpg","width":3766,"height":3123,"caption":"Great-grandmother shows old photos (these are pictures of her and her grandmather) to her great-granddaughter."},{"@type":"BreadcrumbList","@id":"https:\/\/www.healthy-heart.org\/it\/mantieni-in-salute-il-tuo-cuore\/anamnesi-familiare-di-patologie-cardiache\/#breadcrumb","itemListElement":[{"@type":"ListItem","position":1,"name":"Home","item":"https:\/\/www.healthy-heart.org\/it\/"},{"@type":"ListItem","position":2,"name":"Mantieni in salute il tuo cuore","item":"https:\/\/www.healthy-heart.org\/it\/mantieni-in-salute-il-tuo-cuore\/"},{"@type":"ListItem","position":3,"name":"Anamnesi familiare di patologie cardiache"}]},{"@type":"WebSite","@id":"https:\/\/www.healthy-heart.org\/es\/#website","url":"https:\/\/www.healthy-heart.org\/es\/","name":"Healthy-Heart.org","description":"Practical advice for patients and family care givers on the prevention of cardiovascular disease","potentialAction":[{"@type":"SearchAction","target":{"@type":"EntryPoint","urlTemplate":"https:\/\/www.healthy-heart.org\/es\/?s={search_term_string}"},"query-input":{"@type":"PropertyValueSpecification","valueRequired":true,"valueName":"search_term_string"}}],"inLanguage":"it-IT"}]}},"_links":{"self":[{"href":"https:\/\/www.healthy-heart.org\/it\/wp-json\/wp\/v2\/pages\/2078","targetHints":{"allow":["GET"]}}],"collection":[{"href":"https:\/\/www.healthy-heart.org\/it\/wp-json\/wp\/v2\/pages"}],"about":[{"href":"https:\/\/www.healthy-heart.org\/it\/wp-json\/wp\/v2\/types\/page"}],"author":[{"embeddable":true,"href":"https:\/\/www.healthy-heart.org\/it\/wp-json\/wp\/v2\/users\/1"}],"replies":[{"embeddable":true,"href":"https:\/\/www.healthy-heart.org\/it\/wp-json\/wp\/v2\/comments?post=2078"}],"version-history":[{"count":3,"href":"https:\/\/www.healthy-heart.org\/it\/wp-json\/wp\/v2\/pages\/2078\/revisions"}],"predecessor-version":[{"id":4268,"href":"https:\/\/www.healthy-heart.org\/it\/wp-json\/wp\/v2\/pages\/2078\/revisions\/4268"}],"up":[{"embeddable":true,"href":"https:\/\/www.healthy-heart.org\/it\/wp-json\/wp\/v2\/pages\/1981"}],"wp:featuredmedia":[{"embeddable":true,"href":"https:\/\/www.healthy-heart.org\/it\/wp-json\/wp\/v2\/media\/636"}],"wp:attachment":[{"href":"https:\/\/www.healthy-heart.org\/it\/wp-json\/wp\/v2\/media?parent=2078"}],"wp:term":[{"taxonomy":"category","embeddable":true,"href":"https:\/\/www.healthy-heart.org\/it\/wp-json\/wp\/v2\/categories?post=2078"},{"taxonomy":"post_tag","embeddable":true,"href":"https:\/\/www.healthy-heart.org\/it\/wp-json\/wp\/v2\/tags?post=2078"}],"curies":[{"name":"wp","href":"https:\/\/api.w.org\/{rel}","templated":true}]}}