{"id":2070,"date":"2019-10-08T10:28:23","date_gmt":"2019-10-08T09:28:23","guid":{"rendered":"https:\/\/www.healthy-heart.org\/mantieni-in-salute-il-tuo-cuore\/stress-e-sonno\/"},"modified":"2021-02-02T14:26:02","modified_gmt":"2021-02-02T14:26:02","slug":"stress-e-sonno","status":"publish","type":"page","link":"https:\/\/www.healthy-heart.org\/it\/mantieni-in-salute-il-tuo-cuore\/stress-e-sonno\/","title":{"rendered":"Stress e sonno"},"content":{"rendered":"<p>Ridurre lo stress e riposare bene e a sufficienza pu\u00f2 migliorare la qualit\u00e0 della vita e prevenire i primi e ripetuti infarti.<\/p>\n<p>Le nostre reazioni allo stress psicologico causano cambiamenti fisici nel corpo. Lo stress emotivo pu\u00f2 portare ad aumenti della frequenza cardiaca (velocit\u00e0 con cui il cuore pompa il sangue), della <a href=\"https:\/\/www.healthy-heart.org\/keep-your-heart-healthy\/blood-pressure\/\">pressione sanguigna<\/a> e della frequenza respiratoria per effetto del sovraccarico del sistema nervoso.<\/p>\n<p>Anche se si tratta di una risposta normale, lo stress persistente dovuto a <a href=\"https:\/\/www.healthy-heart.org\/keep-your-heart-healthy\/take-control-of-your-lifestyle\/\">cattive abitudini di vita<\/a>, problemi lavorativi o familiari pu\u00f2 essere un fattore scatenante cronico per il sistema nervoso e aumentare il rischio di malattie cardiovascolari. L&#8217;effetto dello stress \u00e8 amplificato se porta a un sonno insufficiente o di scarsa qualit\u00e0.<\/p>\n<p>I terremoti illustrano l&#8217;impatto dello stress. Il terremoto del 1995 a Kobe, in Giappone, ha triplicato gli infarti nelle persone che vivevano vicino all&#8217;epicentro.<\/p>\n<p>Il sonno e lo stress sono strettamente correlati. La mancanza di sonno spesso causa stanchezza, sbalzi d&#8217;umore, cambiamenti nell&#8217;assunzione di cibo e sonnolenza eccessiva durante la giornata. Le persone che si sentono stressate hanno maggiori probabilit\u00e0 di soffrire di disturbi del sonno come insonnia o sonno interrotto. Ci\u00f2 \u00e8 preoccupante, dato che il tempo dedicato al sonno \u00e8 gradualmente diminuito. Molte persone dormono meno a causa degli orari di lavoro pi\u00f9 lunghi e del maggior tempo trascorso sugli smartphone.<\/p>\n<p>Lo stress altera il metabolismo corporeo ed \u00e8 legato all&#8217;aumento di peso. <a href=\"https:\/\/www.healthy-heart.org\/it\/mantieni-in-salute-il-tuo-cuore\/mantenere-un-peso-sano\/\">L&#8217;eccesso di peso<\/a> aumenta la probabilit\u00e0 di disturbi respiratori correlati al sonno, come l&#8217;apnea ostruttiva del sonno, che sono collegati alla sensazione di sonnolenza durante il giorno e a un maggiore <a href=\"https:\/\/www.healthy-heart.org\/it\/mantieni-in-salute-il-tuo-cuore\/prevedere-e-gestire-il-rischio-di-patologie-cardiache\/\">rischio cardiovascolare<\/a>.<\/p>\n<p>La quantit\u00e0 ottimale di sonno \u00e8 7-8 ore a notte. Dormire meno di 6 ore o pi\u00f9 di 10 ore a notte \u00e8 correlato a una maggiore probabilit\u00e0 di infarto e ictus. Riposare la giusta quantit\u00e0 di ore e trattare i disturbi del sonno come l&#8217;apnea e l&#8217;insonnia pu\u00f2 proteggere dalla pressione alta e altri problemi cardiovascolari.<\/p>\n<blockquote><p>Ridurre lo stress e riposare bene e a sufficienza pu\u00f2 ridurre il rischio cardiovascolare e migliorare la qualit\u00e0 della vita.<\/p><\/blockquote>\n<p>Consulta il tuo medico in caso di stress cronico, in particolare se non dormi bene. Le terapie psicosociali, che comprendono aspetti psicologici e sociali, migliorano il sonno e la qualit\u00e0 della vita, e proteggono contro il primo e i successivi attacchi cardiaci.<\/p>\n","protected":false},"excerpt":{"rendered":"<p>Ridurre lo stress e riposare bene e a sufficienza pu\u00f2 migliorare la qualit\u00e0 della vita e prevenire i primi e ripetuti infarti. Le nostre reazioni allo stress psicologico causano cambiamenti fisici nel corpo. Lo stress emotivo pu\u00f2 portare ad aumenti della frequenza cardiaca (velocit\u00e0 con cui il cuore pompa il sangue), della pressione sanguigna e [&hellip;]<\/p>\n","protected":false},"author":1,"featured_media":1189,"parent":1981,"menu_order":6,"comment_status":"closed","ping_status":"closed","template":"","meta":{"_acf_changed":false,"footnotes":""},"categories":[69],"tags":[],"class_list":["post-2070","page","type-page","status-publish","has-post-thumbnail","hentry","category-mantieni-in-salute-il-tuo-cuore"],"acf":[],"yoast_head":"<!-- This site is optimized with the Yoast SEO plugin v24.0 - https:\/\/yoast.com\/wordpress\/plugins\/seo\/ -->\n<title>Stress e sonno - Healthy-Heart.org<\/title>\n<meta name=\"description\" content=\"Ridurre lo stress e riposare bene pu\u00f2 migliorare la qualit\u00e0 della vita e prevenire gli infarti.\" \/>\n<meta name=\"robots\" content=\"index, follow, max-snippet:-1, max-image-preview:large, max-video-preview:-1\" \/>\n<link rel=\"canonical\" href=\"https:\/\/www.healthy-heart.org\/it\/mantieni-in-salute-il-tuo-cuore\/stress-e-sonno\/\" \/>\n<meta property=\"og:locale\" content=\"it_IT\" \/>\n<meta property=\"og:type\" content=\"article\" \/>\n<meta property=\"og:title\" content=\"Stress e sonno - Healthy-Heart.org\" \/>\n<meta property=\"og:description\" content=\"Ridurre lo stress e riposare bene pu\u00f2 migliorare la qualit\u00e0 della vita e prevenire gli infarti.\" \/>\n<meta property=\"og:url\" content=\"https:\/\/www.healthy-heart.org\/it\/mantieni-in-salute-il-tuo-cuore\/stress-e-sonno\/\" \/>\n<meta property=\"og:site_name\" content=\"Healthy-Heart.org\" \/>\n<meta property=\"article:modified_time\" content=\"2021-02-02T14:26:02+00:00\" \/>\n<meta property=\"og:image\" content=\"https:\/\/www.healthy-heart.org\/wp-content\/uploads\/2019\/08\/Stress-and-sleep-iStock-924925656-1024x714.jpg\" \/>\n\t<meta property=\"og:image:width\" content=\"1024\" \/>\n\t<meta property=\"og:image:height\" content=\"714\" \/>\n\t<meta property=\"og:image:type\" content=\"image\/jpeg\" \/>\n<meta name=\"twitter:card\" content=\"summary_large_image\" \/>\n<meta name=\"twitter:label1\" content=\"Tempo di lettura stimato\" \/>\n\t<meta name=\"twitter:data1\" content=\"2 minuti\" \/>\n<script type=\"application\/ld+json\" class=\"yoast-schema-graph\">{\"@context\":\"https:\/\/schema.org\",\"@graph\":[{\"@type\":\"WebPage\",\"@id\":\"https:\/\/www.healthy-heart.org\/it\/mantieni-in-salute-il-tuo-cuore\/stress-e-sonno\/\",\"url\":\"https:\/\/www.healthy-heart.org\/it\/mantieni-in-salute-il-tuo-cuore\/stress-e-sonno\/\",\"name\":\"Stress e sonno - Healthy-Heart.org\",\"isPartOf\":{\"@id\":\"https:\/\/www.healthy-heart.org\/es\/#website\"},\"primaryImageOfPage\":{\"@id\":\"https:\/\/www.healthy-heart.org\/it\/mantieni-in-salute-il-tuo-cuore\/stress-e-sonno\/#primaryimage\"},\"image\":{\"@id\":\"https:\/\/www.healthy-heart.org\/it\/mantieni-in-salute-il-tuo-cuore\/stress-e-sonno\/#primaryimage\"},\"thumbnailUrl\":\"https:\/\/www.healthy-heart.org\/wp-content\/uploads\/2019\/08\/Stress-and-sleep-iStock-924925656.jpg\",\"datePublished\":\"2019-10-08T09:28:23+00:00\",\"dateModified\":\"2021-02-02T14:26:02+00:00\",\"description\":\"Ridurre lo stress e riposare bene pu\u00f2 migliorare la qualit\u00e0 della vita e prevenire gli infarti.\",\"breadcrumb\":{\"@id\":\"https:\/\/www.healthy-heart.org\/it\/mantieni-in-salute-il-tuo-cuore\/stress-e-sonno\/#breadcrumb\"},\"inLanguage\":\"it-IT\",\"potentialAction\":[{\"@type\":\"ReadAction\",\"target\":[\"https:\/\/www.healthy-heart.org\/it\/mantieni-in-salute-il-tuo-cuore\/stress-e-sonno\/\"]}]},{\"@type\":\"ImageObject\",\"inLanguage\":\"it-IT\",\"@id\":\"https:\/\/www.healthy-heart.org\/it\/mantieni-in-salute-il-tuo-cuore\/stress-e-sonno\/#primaryimage\",\"url\":\"https:\/\/www.healthy-heart.org\/wp-content\/uploads\/2019\/08\/Stress-and-sleep-iStock-924925656.jpg\",\"contentUrl\":\"https:\/\/www.healthy-heart.org\/wp-content\/uploads\/2019\/08\/Stress-and-sleep-iStock-924925656.jpg\",\"width\":8386,\"height\":5851,\"caption\":\"Thoughtful stressed young man with a mess in his head\"},{\"@type\":\"BreadcrumbList\",\"@id\":\"https:\/\/www.healthy-heart.org\/it\/mantieni-in-salute-il-tuo-cuore\/stress-e-sonno\/#breadcrumb\",\"itemListElement\":[{\"@type\":\"ListItem\",\"position\":1,\"name\":\"Home\",\"item\":\"https:\/\/www.healthy-heart.org\/it\/\"},{\"@type\":\"ListItem\",\"position\":2,\"name\":\"Mantieni in salute il tuo cuore\",\"item\":\"https:\/\/www.healthy-heart.org\/it\/mantieni-in-salute-il-tuo-cuore\/\"},{\"@type\":\"ListItem\",\"position\":3,\"name\":\"Stress e sonno\"}]},{\"@type\":\"WebSite\",\"@id\":\"https:\/\/www.healthy-heart.org\/es\/#website\",\"url\":\"https:\/\/www.healthy-heart.org\/es\/\",\"name\":\"Healthy-Heart.org\",\"description\":\"Practical advice for patients and family care givers on the prevention of cardiovascular disease\",\"potentialAction\":[{\"@type\":\"SearchAction\",\"target\":{\"@type\":\"EntryPoint\",\"urlTemplate\":\"https:\/\/www.healthy-heart.org\/es\/?s={search_term_string}\"},\"query-input\":{\"@type\":\"PropertyValueSpecification\",\"valueRequired\":true,\"valueName\":\"search_term_string\"}}],\"inLanguage\":\"it-IT\"}]}<\/script>\n<!-- \/ Yoast SEO plugin. -->","yoast_head_json":{"title":"Stress e sonno - Healthy-Heart.org","description":"Ridurre lo stress e riposare bene pu\u00f2 migliorare la qualit\u00e0 della vita e prevenire gli infarti.","robots":{"index":"index","follow":"follow","max-snippet":"max-snippet:-1","max-image-preview":"max-image-preview:large","max-video-preview":"max-video-preview:-1"},"canonical":"https:\/\/www.healthy-heart.org\/it\/mantieni-in-salute-il-tuo-cuore\/stress-e-sonno\/","og_locale":"it_IT","og_type":"article","og_title":"Stress e sonno - Healthy-Heart.org","og_description":"Ridurre lo stress e riposare bene pu\u00f2 migliorare la qualit\u00e0 della vita e prevenire gli infarti.","og_url":"https:\/\/www.healthy-heart.org\/it\/mantieni-in-salute-il-tuo-cuore\/stress-e-sonno\/","og_site_name":"Healthy-Heart.org","article_modified_time":"2021-02-02T14:26:02+00:00","og_image":[{"width":1024,"height":714,"url":"https:\/\/www.healthy-heart.org\/wp-content\/uploads\/2019\/08\/Stress-and-sleep-iStock-924925656-1024x714.jpg","type":"image\/jpeg"}],"twitter_card":"summary_large_image","twitter_misc":{"Tempo di lettura stimato":"2 minuti"},"schema":{"@context":"https:\/\/schema.org","@graph":[{"@type":"WebPage","@id":"https:\/\/www.healthy-heart.org\/it\/mantieni-in-salute-il-tuo-cuore\/stress-e-sonno\/","url":"https:\/\/www.healthy-heart.org\/it\/mantieni-in-salute-il-tuo-cuore\/stress-e-sonno\/","name":"Stress e sonno - Healthy-Heart.org","isPartOf":{"@id":"https:\/\/www.healthy-heart.org\/es\/#website"},"primaryImageOfPage":{"@id":"https:\/\/www.healthy-heart.org\/it\/mantieni-in-salute-il-tuo-cuore\/stress-e-sonno\/#primaryimage"},"image":{"@id":"https:\/\/www.healthy-heart.org\/it\/mantieni-in-salute-il-tuo-cuore\/stress-e-sonno\/#primaryimage"},"thumbnailUrl":"https:\/\/www.healthy-heart.org\/wp-content\/uploads\/2019\/08\/Stress-and-sleep-iStock-924925656.jpg","datePublished":"2019-10-08T09:28:23+00:00","dateModified":"2021-02-02T14:26:02+00:00","description":"Ridurre lo stress e riposare bene pu\u00f2 migliorare la qualit\u00e0 della vita e prevenire gli infarti.","breadcrumb":{"@id":"https:\/\/www.healthy-heart.org\/it\/mantieni-in-salute-il-tuo-cuore\/stress-e-sonno\/#breadcrumb"},"inLanguage":"it-IT","potentialAction":[{"@type":"ReadAction","target":["https:\/\/www.healthy-heart.org\/it\/mantieni-in-salute-il-tuo-cuore\/stress-e-sonno\/"]}]},{"@type":"ImageObject","inLanguage":"it-IT","@id":"https:\/\/www.healthy-heart.org\/it\/mantieni-in-salute-il-tuo-cuore\/stress-e-sonno\/#primaryimage","url":"https:\/\/www.healthy-heart.org\/wp-content\/uploads\/2019\/08\/Stress-and-sleep-iStock-924925656.jpg","contentUrl":"https:\/\/www.healthy-heart.org\/wp-content\/uploads\/2019\/08\/Stress-and-sleep-iStock-924925656.jpg","width":8386,"height":5851,"caption":"Thoughtful stressed young man with a mess in his head"},{"@type":"BreadcrumbList","@id":"https:\/\/www.healthy-heart.org\/it\/mantieni-in-salute-il-tuo-cuore\/stress-e-sonno\/#breadcrumb","itemListElement":[{"@type":"ListItem","position":1,"name":"Home","item":"https:\/\/www.healthy-heart.org\/it\/"},{"@type":"ListItem","position":2,"name":"Mantieni in salute il tuo cuore","item":"https:\/\/www.healthy-heart.org\/it\/mantieni-in-salute-il-tuo-cuore\/"},{"@type":"ListItem","position":3,"name":"Stress e sonno"}]},{"@type":"WebSite","@id":"https:\/\/www.healthy-heart.org\/es\/#website","url":"https:\/\/www.healthy-heart.org\/es\/","name":"Healthy-Heart.org","description":"Practical advice for patients and family care givers on the prevention of cardiovascular disease","potentialAction":[{"@type":"SearchAction","target":{"@type":"EntryPoint","urlTemplate":"https:\/\/www.healthy-heart.org\/es\/?s={search_term_string}"},"query-input":{"@type":"PropertyValueSpecification","valueRequired":true,"valueName":"search_term_string"}}],"inLanguage":"it-IT"}]}},"_links":{"self":[{"href":"https:\/\/www.healthy-heart.org\/it\/wp-json\/wp\/v2\/pages\/2070","targetHints":{"allow":["GET"]}}],"collection":[{"href":"https:\/\/www.healthy-heart.org\/it\/wp-json\/wp\/v2\/pages"}],"about":[{"href":"https:\/\/www.healthy-heart.org\/it\/wp-json\/wp\/v2\/types\/page"}],"author":[{"embeddable":true,"href":"https:\/\/www.healthy-heart.org\/it\/wp-json\/wp\/v2\/users\/1"}],"replies":[{"embeddable":true,"href":"https:\/\/www.healthy-heart.org\/it\/wp-json\/wp\/v2\/comments?post=2070"}],"version-history":[{"count":4,"href":"https:\/\/www.healthy-heart.org\/it\/wp-json\/wp\/v2\/pages\/2070\/revisions"}],"predecessor-version":[{"id":5096,"href":"https:\/\/www.healthy-heart.org\/it\/wp-json\/wp\/v2\/pages\/2070\/revisions\/5096"}],"up":[{"embeddable":true,"href":"https:\/\/www.healthy-heart.org\/it\/wp-json\/wp\/v2\/pages\/1981"}],"wp:featuredmedia":[{"embeddable":true,"href":"https:\/\/www.healthy-heart.org\/it\/wp-json\/wp\/v2\/media\/1189"}],"wp:attachment":[{"href":"https:\/\/www.healthy-heart.org\/it\/wp-json\/wp\/v2\/media?parent=2070"}],"wp:term":[{"taxonomy":"category","embeddable":true,"href":"https:\/\/www.healthy-heart.org\/it\/wp-json\/wp\/v2\/categories?post=2070"},{"taxonomy":"post_tag","embeddable":true,"href":"https:\/\/www.healthy-heart.org\/it\/wp-json\/wp\/v2\/tags?post=2070"}],"curies":[{"name":"wp","href":"https:\/\/api.w.org\/{rel}","templated":true}]}}