{"id":2004,"date":"2019-10-08T10:28:13","date_gmt":"2019-10-08T09:28:13","guid":{"rendered":"https:\/\/www.healthy-heart.org\/mantieni-in-salute-il-tuo-cuore\/pressione-sanguigna\/"},"modified":"2021-02-02T13:47:25","modified_gmt":"2021-02-02T13:47:25","slug":"pressione-sanguigna","status":"publish","type":"page","link":"https:\/\/www.healthy-heart.org\/it\/mantieni-in-salute-il-tuo-cuore\/pressione-sanguigna\/","title":{"rendered":"Pressione sanguigna"},"content":{"rendered":"<h3><strong>Che cos&#8217;\u00e8 la pressione sanguigna?<\/strong><\/h3>\n<p>Quando il cuore batte pompa il sangue in tutto il corpo, fornendogli nutrienti e ossigeno. Il sangue circolante esercita una pressione sulle pareti dei vasi sanguigni. La forza di tale pressione si chiama pressione sanguigna.<\/p>\n<p>Quando la pressione sanguigna \u00e8 troppo alta, mette a dura prova le pareti delle arterie, rendendole pi\u00f9 sensibili ai depositi di <a href=\"https:\/\/www.healthy-heart.org\/it\/mantieni-in-salute-il-tuo-cuore\/il-colesterolo\/\">colesterolo<\/a> e allo sviluppo di placche aterosclerotiche (chiamate anche arterie indurite).<\/p>\n<p>Un coagulo di sangue pu\u00f2 formarsi nel sito della placca e bloccare completamente o parzialmente il flusso sanguigno all&#8217;interno dell&#8217;arteria o causarne la rottura. Se un coagulo ostruisce un vaso sanguigno che alimenta il cervello, provoca un ictus. Se un coagulo ostruisce un vaso sanguigno che alimenta il cuore, provoca un infarto. Coaguli nell&#8217;aorta (il vaso principale del corpo) possono causare una dissezione che costituisceun pericolo per la vita.<\/p>\n<p>La pressione alta fa lavorare di pi\u00f9 il cuore. Ci\u00f2 provoca l&#8217;ispessimento e l&#8217;irrigidimento del muscolo cardiaco e pu\u00f2 portare a insufficienza cardiaca.<\/p>\n<h3><strong>Come controllare la pressione sanguigna <\/strong><\/h3>\n<p>Tutti dovrebbero conoscere i propri valori pressori. Conoscere i propri valori (pressione, colesterolo, zucchero nel sangue e indice di massa corporea) \u00e8 la chiave per prevenire le <a href=\"https:\/\/www.healthy-heart.org\/it\/il-cuore\/cose-una-cardiopatia\/\">malattie cardiache<\/a>.<\/p>\n<p><img loading=\"lazy\" decoding=\"async\" class=\"wp-image-485 size-medium alignright\" src=\"https:\/\/cdn-endpoint-prev.azureedge.net\/healthy-heart\/2019\/07\/iStock-133546401-350x233.jpg\" alt=\"\" width=\"350\" height=\"233\" srcset=\"https:\/\/www.healthy-heart.org\/wp-content\/uploads\/2019\/07\/iStock-133546401-350x233.jpg 350w, https:\/\/cdn-endpoint-prev.azureedge.net\/healthy-heart\/2019\/07\/iStock-133546401-2048x1365.jpg 2048w, https:\/\/cdn-endpoint-prev.azureedge.net\/healthy-heart\/2019\/07\/iStock-133546401-659x439.jpg 659w, https:\/\/www.healthy-heart.org\/wp-content\/uploads\/2019\/07\/iStock-133546401-200x133.jpg 200w, https:\/\/www.healthy-heart.org\/wp-content\/uploads\/2019\/07\/iStock-133546401-768x512.jpg 768w, https:\/\/www.healthy-heart.org\/wp-content\/uploads\/2019\/07\/iStock-133546401-1024x683.jpg 1024w, https:\/\/www.healthy-heart.org\/wp-content\/uploads\/2019\/07\/iStock-133546401-1536x1024.jpg 1536w, https:\/\/www.healthy-heart.org\/wp-content\/uploads\/2019\/07\/iStock-133546401-696x464.jpg 696w\" sizes=\"auto, (max-width: 350px) 100vw, 350px\" \/><\/p>\n<ol>\n<li>La persona deve rimanere comodamente seduta in una zona tranquilla per circa cinque minuti prima di controllare la pressione sanguigna.<\/li>\n<li>La dimensione corretta del bracciale \u00e8 importante: se \u00e8 troppo grande o troppo piccolo pu\u00f2 portare a una lettura dei valori imprecisa.<\/li>\n<li>Il bracciale deve essere posizionato all&#8217;altezza del cuore e il braccio appoggiato su un tavolo o un bracciolo.<\/li>\n<li>Alla prima visita dal medico, la pressione sanguigna viene registrata come media di almeno due misurazioni.<\/li>\n<\/ol>\n<p>&nbsp;<\/p>\n<p><img loading=\"lazy\" decoding=\"async\" class=\"size-medium wp-image-505 alignright\" src=\"https:\/\/cdn-endpoint-prev.azureedge.net\/healthy-heart\/2019\/07\/iStock-664238154-350x233.jpg\" alt=\"\" width=\"350\" height=\"233\" srcset=\"https:\/\/www.healthy-heart.org\/wp-content\/uploads\/2019\/07\/iStock-664238154-350x233.jpg 350w, https:\/\/cdn-endpoint-prev.azureedge.net\/healthy-heart\/2019\/07\/iStock-664238154-2048x1365.jpg 2048w, https:\/\/cdn-endpoint-prev.azureedge.net\/healthy-heart\/2019\/07\/iStock-664238154-659x439.jpg 659w, https:\/\/www.healthy-heart.org\/wp-content\/uploads\/2019\/07\/iStock-664238154-200x133.jpg 200w, https:\/\/www.healthy-heart.org\/wp-content\/uploads\/2019\/07\/iStock-664238154-768x512.jpg 768w, https:\/\/www.healthy-heart.org\/wp-content\/uploads\/2019\/07\/iStock-664238154-1024x683.jpg 1024w, https:\/\/www.healthy-heart.org\/wp-content\/uploads\/2019\/07\/iStock-664238154-1536x1024.jpg 1536w, https:\/\/www.healthy-heart.org\/wp-content\/uploads\/2019\/07\/iStock-664238154-696x464.jpg 696w\" sizes=\"auto, (max-width: 350px) 100vw, 350px\" \/>La lettura sar\u00e0 espressa come pressione sistolica e pressione diastolica in millimetri di mercurio (mmHg). Le pressioni riflettono le fasi di pompaggio (sistolica) e riposo (diastolica) di un battito cardiaco.<\/p>\n<p>&nbsp;<\/p>\n<p>Nella figura, il numero pi\u00f9 alto (120) \u00e8 la pressione sistolica e il numero pi\u00f9 basso (70) \u00e8 la pressione diastolica.<\/p>\n<p>&nbsp;<\/p>\n<h3>Pressione sanguigna alta<\/h3>\n<p>L&#8217;ipertensione viene diagnosticata quando la pressione sanguigna rimane costantemente al di sopra del livello correlato a un maggiore rischio di malattia cardiovascolare (CVD). La PRESSIONE SANGUIGNA \u00e8 composta da pressione sistolica e diastolica.<\/p>\n<blockquote><p>Valori normali non devono superare 130-140 mmHg per la pressione sistolica e 80-90 mmHg per la pressione diastolica, in base all&#8217;et\u00e0.<\/p><\/blockquote>\n<p>La pressione alta \u00e8 definita anche &#8220;killer silenzioso&#8221; perch\u00e9 di solito agisce in maniera del tutto asintomatica. Il primo e fondamentale passo \u00e8 Conoscere i propri valori! Fatti misurare dal medico la pressione sanguigna in diversi momenti. Puoi anche chiedere al medico o al farmacista un dispositivo affidabile per misurare la pressione sulla parte superiore del braccio, e misurarla pi\u00f9 volte, a casa, o ripetutamente per 24 ore.<\/p>\n<p>Una volta che conosci i tuoi valori pressori, puoi concordare una strategia di gestione con il tuo medico. Questo dipender\u00e0 dal tuo livello di pressione sanguigna e da altri fattori che influenzano il rischio totale di sviluppare una CVD. In caso di pressione alta, il primo passo \u00e8 migliorare il tuo stile di vita: non <a href=\"https:\/\/www.healthy-heart.org\/it\/mantieni-in-salute-il-tuo-cuore\/fumo\/\">fumare<\/a>, segui un&#8217;<a href=\"https:\/\/www.healthy-heart.org\/it\/mantieni-in-salute-il-tuo-cuore\/la-dieta-che-fa-bene-al-cuore\/\">alimentazione sana<\/a> e pratica <a href=\"https:\/\/www.healthy-heart.org\/it\/mantieni-in-salute-il-tuo-cuore\/attivita-fisica\/\">attivit\u00e0 fisica<\/a> regolare. Perdere 1 kg di grasso viscerale (grasso corporeo immagazzinato all&#8217;interno della cavit\u00e0 addominale attorno a importanti organi interni come fegato, pancreas e intestino) pu\u00f2 abbassare la pressione sanguigna di quasi 1 mmHg. Se la pressione rimane alta nonostante cambiamenti nelle tue abitudini, deve essere presa in considerazione la terapia farmacologica. La scelta del farmaco dipende dal tuo rischio individuale. \u00c8 importante assumere le pillole come prescritto per prevenire una CVD. Ricorda: non avverti la pressione alta ma sei ancora a rischio. Sono necessari un monitoraggio della pressione per tutta la vita, un buon stile di vita e la terapia farmacologica.<\/p>\n","protected":false},"excerpt":{"rendered":"<p>Che cos&#8217;\u00e8 la pressione sanguigna? Quando il cuore batte pompa il sangue in tutto il corpo, fornendogli nutrienti e ossigeno. Il sangue circolante esercita una pressione sulle pareti dei vasi sanguigni. La forza di tale pressione si chiama pressione sanguigna. Quando la pressione sanguigna \u00e8 troppo alta, mette a dura prova le pareti delle arterie, [&hellip;]<\/p>\n","protected":false},"author":1,"featured_media":489,"parent":1981,"menu_order":1,"comment_status":"closed","ping_status":"closed","template":"","meta":{"_acf_changed":false,"footnotes":""},"categories":[69],"tags":[],"class_list":["post-2004","page","type-page","status-publish","has-post-thumbnail","hentry","category-mantieni-in-salute-il-tuo-cuore"],"acf":[],"yoast_head":"<!-- This site is optimized with the Yoast SEO plugin v24.0 - https:\/\/yoast.com\/wordpress\/plugins\/seo\/ -->\n<title>Pressione sanguigna - Healthy-Heart.org<\/title>\n<meta name=\"description\" content=\"La pressione alta \u00e8 uno dei principali fattori di rischio di patologie cardiovascolari. Impara a misurare la pressione sanguigna.\" \/>\n<meta name=\"robots\" content=\"index, follow, max-snippet:-1, max-image-preview:large, max-video-preview:-1\" \/>\n<link rel=\"canonical\" href=\"https:\/\/www.healthy-heart.org\/it\/mantieni-in-salute-il-tuo-cuore\/pressione-sanguigna\/\" \/>\n<meta property=\"og:locale\" content=\"it_IT\" \/>\n<meta property=\"og:type\" content=\"article\" \/>\n<meta property=\"og:title\" content=\"Pressione sanguigna - Healthy-Heart.org\" \/>\n<meta property=\"og:description\" content=\"La pressione alta \u00e8 uno dei principali fattori di rischio di patologie cardiovascolari. Impara a misurare la pressione sanguigna.\" \/>\n<meta property=\"og:url\" content=\"https:\/\/www.healthy-heart.org\/it\/mantieni-in-salute-il-tuo-cuore\/pressione-sanguigna\/\" \/>\n<meta property=\"og:site_name\" content=\"Healthy-Heart.org\" \/>\n<meta property=\"article:modified_time\" content=\"2021-02-02T13:47:25+00:00\" \/>\n<meta property=\"og:image\" content=\"https:\/\/www.healthy-heart.org\/wp-content\/uploads\/2019\/07\/iStock-133546401-1024x683.jpg\" \/>\n\t<meta property=\"og:image:width\" content=\"1024\" \/>\n\t<meta property=\"og:image:height\" content=\"683\" \/>\n\t<meta property=\"og:image:type\" content=\"image\/jpeg\" \/>\n<meta name=\"twitter:card\" content=\"summary_large_image\" \/>\n<meta name=\"twitter:label1\" content=\"Tempo di lettura stimato\" \/>\n\t<meta name=\"twitter:data1\" content=\"3 minuti\" \/>\n<script type=\"application\/ld+json\" class=\"yoast-schema-graph\">{\"@context\":\"https:\/\/schema.org\",\"@graph\":[{\"@type\":\"WebPage\",\"@id\":\"https:\/\/www.healthy-heart.org\/it\/mantieni-in-salute-il-tuo-cuore\/pressione-sanguigna\/\",\"url\":\"https:\/\/www.healthy-heart.org\/it\/mantieni-in-salute-il-tuo-cuore\/pressione-sanguigna\/\",\"name\":\"Pressione sanguigna - Healthy-Heart.org\",\"isPartOf\":{\"@id\":\"https:\/\/www.healthy-heart.org\/es\/#website\"},\"primaryImageOfPage\":{\"@id\":\"https:\/\/www.healthy-heart.org\/it\/mantieni-in-salute-il-tuo-cuore\/pressione-sanguigna\/#primaryimage\"},\"image\":{\"@id\":\"https:\/\/www.healthy-heart.org\/it\/mantieni-in-salute-il-tuo-cuore\/pressione-sanguigna\/#primaryimage\"},\"thumbnailUrl\":\"https:\/\/www.healthy-heart.org\/wp-content\/uploads\/2019\/07\/iStock-133546401.jpg\",\"datePublished\":\"2019-10-08T09:28:13+00:00\",\"dateModified\":\"2021-02-02T13:47:25+00:00\",\"description\":\"La pressione alta \u00e8 uno dei principali fattori di rischio di patologie cardiovascolari. Impara a misurare la pressione sanguigna.\",\"breadcrumb\":{\"@id\":\"https:\/\/www.healthy-heart.org\/it\/mantieni-in-salute-il-tuo-cuore\/pressione-sanguigna\/#breadcrumb\"},\"inLanguage\":\"it-IT\",\"potentialAction\":[{\"@type\":\"ReadAction\",\"target\":[\"https:\/\/www.healthy-heart.org\/it\/mantieni-in-salute-il-tuo-cuore\/pressione-sanguigna\/\"]}]},{\"@type\":\"ImageObject\",\"inLanguage\":\"it-IT\",\"@id\":\"https:\/\/www.healthy-heart.org\/it\/mantieni-in-salute-il-tuo-cuore\/pressione-sanguigna\/#primaryimage\",\"url\":\"https:\/\/www.healthy-heart.org\/wp-content\/uploads\/2019\/07\/iStock-133546401.jpg\",\"contentUrl\":\"https:\/\/www.healthy-heart.org\/wp-content\/uploads\/2019\/07\/iStock-133546401.jpg\",\"width\":6048,\"height\":4032,\"caption\":\"Female doctor measuring blood pressure of senior women\"},{\"@type\":\"BreadcrumbList\",\"@id\":\"https:\/\/www.healthy-heart.org\/it\/mantieni-in-salute-il-tuo-cuore\/pressione-sanguigna\/#breadcrumb\",\"itemListElement\":[{\"@type\":\"ListItem\",\"position\":1,\"name\":\"Home\",\"item\":\"https:\/\/www.healthy-heart.org\/it\/\"},{\"@type\":\"ListItem\",\"position\":2,\"name\":\"Mantieni in salute il tuo cuore\",\"item\":\"https:\/\/www.healthy-heart.org\/it\/mantieni-in-salute-il-tuo-cuore\/\"},{\"@type\":\"ListItem\",\"position\":3,\"name\":\"Pressione sanguigna\"}]},{\"@type\":\"WebSite\",\"@id\":\"https:\/\/www.healthy-heart.org\/es\/#website\",\"url\":\"https:\/\/www.healthy-heart.org\/es\/\",\"name\":\"Healthy-Heart.org\",\"description\":\"Practical advice for patients and family care givers on the prevention of cardiovascular disease\",\"potentialAction\":[{\"@type\":\"SearchAction\",\"target\":{\"@type\":\"EntryPoint\",\"urlTemplate\":\"https:\/\/www.healthy-heart.org\/es\/?s={search_term_string}\"},\"query-input\":{\"@type\":\"PropertyValueSpecification\",\"valueRequired\":true,\"valueName\":\"search_term_string\"}}],\"inLanguage\":\"it-IT\"}]}<\/script>\n<!-- \/ Yoast SEO plugin. -->","yoast_head_json":{"title":"Pressione sanguigna - Healthy-Heart.org","description":"La pressione alta \u00e8 uno dei principali fattori di rischio di patologie cardiovascolari. Impara a misurare la pressione sanguigna.","robots":{"index":"index","follow":"follow","max-snippet":"max-snippet:-1","max-image-preview":"max-image-preview:large","max-video-preview":"max-video-preview:-1"},"canonical":"https:\/\/www.healthy-heart.org\/it\/mantieni-in-salute-il-tuo-cuore\/pressione-sanguigna\/","og_locale":"it_IT","og_type":"article","og_title":"Pressione sanguigna - Healthy-Heart.org","og_description":"La pressione alta \u00e8 uno dei principali fattori di rischio di patologie cardiovascolari. Impara a misurare la pressione sanguigna.","og_url":"https:\/\/www.healthy-heart.org\/it\/mantieni-in-salute-il-tuo-cuore\/pressione-sanguigna\/","og_site_name":"Healthy-Heart.org","article_modified_time":"2021-02-02T13:47:25+00:00","og_image":[{"width":1024,"height":683,"url":"https:\/\/www.healthy-heart.org\/wp-content\/uploads\/2019\/07\/iStock-133546401-1024x683.jpg","type":"image\/jpeg"}],"twitter_card":"summary_large_image","twitter_misc":{"Tempo di lettura stimato":"3 minuti"},"schema":{"@context":"https:\/\/schema.org","@graph":[{"@type":"WebPage","@id":"https:\/\/www.healthy-heart.org\/it\/mantieni-in-salute-il-tuo-cuore\/pressione-sanguigna\/","url":"https:\/\/www.healthy-heart.org\/it\/mantieni-in-salute-il-tuo-cuore\/pressione-sanguigna\/","name":"Pressione sanguigna - Healthy-Heart.org","isPartOf":{"@id":"https:\/\/www.healthy-heart.org\/es\/#website"},"primaryImageOfPage":{"@id":"https:\/\/www.healthy-heart.org\/it\/mantieni-in-salute-il-tuo-cuore\/pressione-sanguigna\/#primaryimage"},"image":{"@id":"https:\/\/www.healthy-heart.org\/it\/mantieni-in-salute-il-tuo-cuore\/pressione-sanguigna\/#primaryimage"},"thumbnailUrl":"https:\/\/www.healthy-heart.org\/wp-content\/uploads\/2019\/07\/iStock-133546401.jpg","datePublished":"2019-10-08T09:28:13+00:00","dateModified":"2021-02-02T13:47:25+00:00","description":"La pressione alta \u00e8 uno dei principali fattori di rischio di patologie cardiovascolari. Impara a misurare la pressione sanguigna.","breadcrumb":{"@id":"https:\/\/www.healthy-heart.org\/it\/mantieni-in-salute-il-tuo-cuore\/pressione-sanguigna\/#breadcrumb"},"inLanguage":"it-IT","potentialAction":[{"@type":"ReadAction","target":["https:\/\/www.healthy-heart.org\/it\/mantieni-in-salute-il-tuo-cuore\/pressione-sanguigna\/"]}]},{"@type":"ImageObject","inLanguage":"it-IT","@id":"https:\/\/www.healthy-heart.org\/it\/mantieni-in-salute-il-tuo-cuore\/pressione-sanguigna\/#primaryimage","url":"https:\/\/www.healthy-heart.org\/wp-content\/uploads\/2019\/07\/iStock-133546401.jpg","contentUrl":"https:\/\/www.healthy-heart.org\/wp-content\/uploads\/2019\/07\/iStock-133546401.jpg","width":6048,"height":4032,"caption":"Female doctor measuring blood pressure of senior women"},{"@type":"BreadcrumbList","@id":"https:\/\/www.healthy-heart.org\/it\/mantieni-in-salute-il-tuo-cuore\/pressione-sanguigna\/#breadcrumb","itemListElement":[{"@type":"ListItem","position":1,"name":"Home","item":"https:\/\/www.healthy-heart.org\/it\/"},{"@type":"ListItem","position":2,"name":"Mantieni in salute il tuo cuore","item":"https:\/\/www.healthy-heart.org\/it\/mantieni-in-salute-il-tuo-cuore\/"},{"@type":"ListItem","position":3,"name":"Pressione sanguigna"}]},{"@type":"WebSite","@id":"https:\/\/www.healthy-heart.org\/es\/#website","url":"https:\/\/www.healthy-heart.org\/es\/","name":"Healthy-Heart.org","description":"Practical advice for patients and family care givers on the prevention of cardiovascular disease","potentialAction":[{"@type":"SearchAction","target":{"@type":"EntryPoint","urlTemplate":"https:\/\/www.healthy-heart.org\/es\/?s={search_term_string}"},"query-input":{"@type":"PropertyValueSpecification","valueRequired":true,"valueName":"search_term_string"}}],"inLanguage":"it-IT"}]}},"_links":{"self":[{"href":"https:\/\/www.healthy-heart.org\/it\/wp-json\/wp\/v2\/pages\/2004","targetHints":{"allow":["GET"]}}],"collection":[{"href":"https:\/\/www.healthy-heart.org\/it\/wp-json\/wp\/v2\/pages"}],"about":[{"href":"https:\/\/www.healthy-heart.org\/it\/wp-json\/wp\/v2\/types\/page"}],"author":[{"embeddable":true,"href":"https:\/\/www.healthy-heart.org\/it\/wp-json\/wp\/v2\/users\/1"}],"replies":[{"embeddable":true,"href":"https:\/\/www.healthy-heart.org\/it\/wp-json\/wp\/v2\/comments?post=2004"}],"version-history":[{"count":4,"href":"https:\/\/www.healthy-heart.org\/it\/wp-json\/wp\/v2\/pages\/2004\/revisions"}],"predecessor-version":[{"id":5067,"href":"https:\/\/www.healthy-heart.org\/it\/wp-json\/wp\/v2\/pages\/2004\/revisions\/5067"}],"up":[{"embeddable":true,"href":"https:\/\/www.healthy-heart.org\/it\/wp-json\/wp\/v2\/pages\/1981"}],"wp:featuredmedia":[{"embeddable":true,"href":"https:\/\/www.healthy-heart.org\/it\/wp-json\/wp\/v2\/media\/489"}],"wp:attachment":[{"href":"https:\/\/www.healthy-heart.org\/it\/wp-json\/wp\/v2\/media?parent=2004"}],"wp:term":[{"taxonomy":"category","embeddable":true,"href":"https:\/\/www.healthy-heart.org\/it\/wp-json\/wp\/v2\/categories?post=2004"},{"taxonomy":"post_tag","embeddable":true,"href":"https:\/\/www.healthy-heart.org\/it\/wp-json\/wp\/v2\/tags?post=2004"}],"curies":[{"name":"wp","href":"https:\/\/api.w.org\/{rel}","templated":true}]}}