{"id":1994,"date":"2019-10-08T10:28:11","date_gmt":"2019-10-08T09:28:11","guid":{"rendered":"https:\/\/www.healthy-heart.org\/mantieni-in-salute-il-tuo-cuore\/il-colesterolo\/"},"modified":"2021-02-02T14:00:34","modified_gmt":"2021-02-02T14:00:34","slug":"il-colesterolo","status":"publish","type":"page","link":"https:\/\/www.healthy-heart.org\/it\/mantieni-in-salute-il-tuo-cuore\/il-colesterolo\/","title":{"rendered":"Il colesterolo"},"content":{"rendered":"<p>&nbsp;<\/p>\n<h3>Che cos&#8217;\u00e8 il colesterolo?<\/h3>\n<p>Il colesterolo \u00e8 una sostanza grassa presente nel sangue, dalla consistenza cerosa. In parte viene prodotto dal nostro stesso organismo, per lo pi\u00f9 nel fegato, e il resto proviene dal consumo di prodotti di origine animale come carne rossa, formaggio, burro e uova. Il colesterolo \u00e8 il componente principale delle membrane cellulari (la barriera esterna delle cellule) e la materia prima per molti ormoni e vitamine. Pertanto, il colesterolo \u00e8 necessario per la vita e la salute. Essendo un grasso, non si scioglie nell&#8217;acqua. Ci\u00f2 significa che non pu\u00f2 circolare liberamente nel sangue, ma deve essere trasportato da particolari proteine chiamate lipoproteine, tra cui \u00e8 possibile distinguere le pi\u00f9 conosciute lipoproteine a bassa densit\u00e0 (LDL) e le lipoproteine ad alta densit\u00e0 (HDL).<\/p>\n<h3><strong>Colesterolo LDL<\/strong><\/h3>\n<p>LDL \u00e8 una lipoproteina vitale responsabile del trasporto del colesterolo nel sangue attraverso l&#8217;organismo. Tuttavia, la maggior parte delle persone presenta livelli di LDL troppo elevati, che probabilmente si accumulano all&#8217;interno delle pareti dei vasi sanguigni dove viene intrappolato e modificato: questo rappresenta l&#8217;inizio della formazione di una cosiddetta \u201cplacca aterosclerotica\u201d. Queste placche possono crescere in qualsiasi vaso del corpo, inclusi il cuore, le gambe e il cervello. Pi\u00f9 il colesterolo \u00e8 intrappolato nella placca, pi\u00f9 cresce. Quando diventa abbastanza grande da bloccare parzialmente il flusso sanguigno nei vasi cardiaci, pu\u00f2 causare sintomi come l&#8217;\u201cangina\u201d (fastidio al torace) durante l&#8217;esercizio fisico. Un&#8217;arteria completamente ostruita che fornisce il sangue al cuore porta a un infarto, la prima causa di morte nel mondo occidentale.<\/p>\n<p>Livelli molto elevati di colesterolo LDL (&gt; 190 mg\/dl; &gt; 5 mmol\/l) dovrebbero portare a un&#8217;ulteriore diagnosi, in quanto pu\u00f2 essere presente ipercolesterolemia familiare (vedi di seguito). Cambiare stile di vita pu\u00f2 ridurre il colesterolo LDL del 10-15% circa. Nel caso ci\u00f2 non bastasse per raggiungere i valori di riferimento, \u00e8 possibile assumere farmaci quali statine, ezetimibe o inibitori del PCSK9 (<a href=\"https:\/\/www.healthy-heart.org\/living-with-heart-disease\/types-of-medication\/\">vedere il capitolo sui farmaci<\/a>).<\/p>\n<h3><strong>Colesterolo HDL<\/strong><\/h3>\n<p>Solitamente chiamato \u201ccolesterolo buono\u201d, poich\u00e9 alti livelli di HDL erano associati a una minore incidenza di malattie cardiache e vascolari, questa visione \u00e8 cambiata nel corso degli ultimi anni. I valori di HDL da soli non ci dicono nulla sulla qualit\u00e0 del colesterolo HDL, che non viene misurata da un comune test di laboratorio. Inoltre, gli studi mostrano che l&#8217;aumento dei livelli di HDL tramite assunzione di farmaci non ha portato a una riduzione delle malattie cardiache. Pertanto, i livelli di HDL non devono essere utilizzati per analizzare il rischio, inclusi i cosiddetti \u201crapporti\u201d, secondo cui alti livelli di HDL possono bilanciare alti livelli di LDL.<\/p>\n<h3><strong>Lipoproteina(a) (Lp(a))<\/strong><\/h3>\n<p>Lp(a) \u00e8 un&#8217;altra lipoproteina, che attualmente non \u00e8 ancora ampiamente conosciuta e misurata, sebbene rappresenti un forte fattore di rischio per le malattie cardiache. I livelli di Lp(a) sono espressi in mg\/dl (livello desiderabile &lt; 30 mg\/dl) o mmol\/l (livello desiderabile &lt; 75 mmol\/l). Il valore di Lp(a) ha una base genetica e non cambia molto nel corso della vita. Quindi di solito \u00e8 sufficiente misurarlo una sola volta nella vita. Al momento, non esistono molte terapie disponibili per abbassare i livelli di Lp(a); queste includono: 1) inibitori di PCSK-9: anticorpi per abbassare il colesterolo LDL che riducono anche i livelli di Lp(a) di circa il 30%; 2) aferesi: una forma di dialisi che rimuove Lp(a) dal corpo. Le terapie possono essere necessarie se continuano a verificarsi eventi cardiaci come <a href=\"https:\/\/www.healthy-heart.org\/your-heart\/what-is-heart-disease\/\">infarti<\/a>, posizionamenti di stent o interventi di bypass nonostante un basso livello di colesterolo LDL. Le opzioni terapeutiche devono essere valutate in cliniche specializzate sui lipidi.<\/p>\n<h3><strong>Trigliceridi<\/strong><\/h3>\n<p>I trigliceridi sono la forma pi\u00f9 comune di lipidi nell&#8217;organismo utilizzati principalmente per lo stoccaggio dei lipidi. Alti livelli di trigliceridi sono stati correlati a malattie cardiache e fattori legati allo stile di vita, tra cui <a href=\"https:\/\/www.healthy-heart.org\/keep-your-heart-healthy\/diabetes\/\">diabete<\/a>, <a href=\"https:\/\/www.healthy-heart.org\/keep-your-heart-healthy\/keeping-a-healthy-weight\/\">sovrappeso e obesit\u00e0<\/a>, consumo di alcol e <a href=\"https:\/\/www.healthy-heart.org\/keep-your-heart-healthy\/physical-activity\/\">stile di vita sedentario<\/a>. I suoi livelli forniscono informazioni aggiuntive sul rischio. Le terapie si concentrano sui cambiamenti dello stile di vita, tra cui il controllo del diabete, lo sport, la riduzione del consumo di alcol e l&#8217;ottimizzazione dell&#8217;assunzione di cibo, compresa una dieta ricca di acidi grassi omega-3. I farmaci che riducono i trigliceridi includono i fibrati. Possono essere necessari in caso di malattia cardiaca grave, bassi livelli di LDL e trigliceridi elevati dopo cambiamenti dello stile di vita.<\/p>\n<h3><strong>Ipercolesterolemia familiare (FH)<\/strong><\/h3>\n<h4>Che cos&#8217;\u00e8 la FH?<\/h4>\n<p>L&#8217;ipercolesterolemia familiare (FH) \u00e8 una delle pi\u00f9 comuni malattie genetiche caratterizzata da livelli molto elevati di colesterolo, in particolare colesterolo LDL, che porta a gravi malattie cardiache nei giovani. Un difetto genetico di una delle proteine coinvolte nell&#8217;assorbimento di LDL nel fegato causa livelli molto elevati di LDL nel sangue.<\/p>\n<p>Oggi sappiamo che la FH \u00e8 pi\u00f9 comune rispetto a quanto si pensasse e colpisce circa da 1 persona su 200 a 1 persona su 300. La FH \u00e8 un cosiddetto \u201cdisturbo autosomico dominante\u201d, ossia la presenza della malattia anche con un solo gene interessato. I bambini di un genitore affetto hanno il 50% di possibilit\u00e0 di ereditare il gene e la malattia.<\/p>\n<p>Le persone colpite hanno livelli molto elevati di colesterolo LDL tra 190 mg\/dl (5 mmol\/l) e 400 mg\/dl (10 mmol\/l) e soffrono di malattie cardiache, infarti e ictus in giovane et\u00e0. Le persone con FH in genere sviluppano malattie cardiache gi\u00e0 a quarant&#8217;anni a causa degli elevati livelli di colesterolo LDL nel corso della vita. In quanto malattia genetica, la FH \u00e8 ereditaria, il che significa che una cardiopatia precoce (&lt;55 anni per gli uomini, &lt;60 anni per le donne) in famiglia e\/o in familiari con colesterolo LDL &gt; di 190 mg\/dl potrebbe essere una FH sospetta. Altri segni possono essere depositi di colesterolo giallo osservati in diversi punti, come ad esempio intorno alle palpebre (xantelasma), un anello giallastro intorno all&#8217;iride dell&#8217;occhio e\/o nei tendini di mani e gomiti, e pi\u00f9 frequentemente il tendine d&#8217;Achille e altri tendini dei piedi.<\/p>\n<h3>Sono affetto da ipercolesterolemia familiare?<\/h3>\n<p>Solo un test genetico pu\u00f2 dimostrare la presenza di FH, tuttavia la diagnosi pu\u00f2 essere eseguita anche senza test genetici.<\/p>\n<p>Se presenti livelli elevati di colesterolo (LDL-C&gt;190 mg\/dl &gt; equivale a 5 mmol\/l) o depositi di colesterolo nella pelle, negli occhi o nei tendini, se in famiglia si riscontrano livelli elevati di colesterolo LDL (LDL-C&gt;190 mg\/dl equivale a &gt;5mmol\/l) e se tu o uno dei tuoi familiari ha avuto un infarto, un ictus, un intervento di bypass o il posizionamento di stent coronarici prima dell&#8217;et\u00e0 di 55-60 anni, devi consultare un cardiologo specializzato nel trattamento dei lipidi, un endocrinologo o l&#8217;ambulatorio delle dislipidemie del tuo ospedale.<\/p>\n<h3><strong>Trattamento<\/strong><\/h3>\n<p>Una volta che il membro di una famiglia riceve la diagnosi di ipercolesterolemia familiare attraverso un test genetico, tutti i familiari devono essere informati e sottoposti a test. Se una persona eredita il gene FH \u00e8 ad alto rischio di malattie cardiache, quindi \u00e8 bene apportare cambiamenti allo stile di vita e avviare da subito i farmaci ipolipemizzanti, anche in giovane et\u00e0! Se riscontrate e trattate precocemente, le malattie cardiache possono essere ritardate di decenni. Nei pazienti con FH senza malattie cardiache o vascolari, il colesterolo LDL deve essere inferiore a 70 mg\/dl (1,8 mmol\/l); nei pazienti con FH e malattie cardiache o vascolari questo valore deve essere ulteriormente abbassato, al di sotto di 55 mg\/dl (1,4 mmol\/l).<\/p>\n<p>I cambiamenti nello stile di vita includono<a href=\"https:\/\/www.healthy-heart.org\/keep-your-heart-healthy\/heart-friendly-diet\/\"> dieta salutare per il cuore<\/a>, <a href=\"https:\/\/www.healthy-heart.org\/living-with-heart-disease\/exercise-training\/\">esercizio fisico regolare<\/a> e <a href=\"https:\/\/www.healthy-heart.org\/keep-your-heart-healthy\/smoking\/\"> divieto di fumare in qualsiasi forma<\/a>, e tali cambiamenti devono essere apportati subito. Poich\u00e9 i cambiamenti dello stile di vita di solito riducono i livelli di colesterolo LDL di circa il 10-15%, saranno necessarie ulteriori terapie ipolipemizzanti (di solito statine). Non si sottolineer\u00e0 mai abbastanza che la diagnosi e il trattamento precoce sono la chiave per prevenire attacchi cardiaci inutili e prematuri che influenzano drasticamente la vita di giovani individui.<\/p>\n<p>&nbsp;<\/p>\n","protected":false},"excerpt":{"rendered":"<p>&nbsp; Che cos&#8217;\u00e8 il colesterolo? Il colesterolo \u00e8 una sostanza grassa presente nel sangue, dalla consistenza cerosa. In parte viene prodotto dal nostro stesso organismo, per lo pi\u00f9 nel fegato, e il resto proviene dal consumo di prodotti di origine animale come carne rossa, formaggio, burro e uova. Il colesterolo \u00e8 il componente principale delle [&hellip;]<\/p>\n","protected":false},"author":1,"featured_media":3168,"parent":1981,"menu_order":2,"comment_status":"closed","ping_status":"closed","template":"","meta":{"_acf_changed":false,"footnotes":""},"categories":[69],"tags":[],"class_list":["post-1994","page","type-page","status-publish","has-post-thumbnail","hentry","category-mantieni-in-salute-il-tuo-cuore"],"acf":[],"yoast_head":"<!-- This site is optimized with the Yoast SEO plugin v24.0 - https:\/\/yoast.com\/wordpress\/plugins\/seo\/ -->\n<title>Colesterolo - Healthy-Heart.org<\/title>\n<meta name=\"description\" content=\"Scopri di pi\u00f9 su colesterolo, LDL, HDL, Lp(a), trigliceridi, ipercolesterolemia familiare e tutti i trattamenti.\" \/>\n<meta name=\"robots\" content=\"index, follow, max-snippet:-1, max-image-preview:large, max-video-preview:-1\" \/>\n<link rel=\"canonical\" href=\"https:\/\/www.healthy-heart.org\/it\/mantieni-in-salute-il-tuo-cuore\/il-colesterolo\/\" \/>\n<meta property=\"og:locale\" content=\"it_IT\" \/>\n<meta property=\"og:type\" content=\"article\" \/>\n<meta property=\"og:title\" content=\"Colesterolo - Healthy-Heart.org\" \/>\n<meta property=\"og:description\" content=\"Scopri di pi\u00f9 su colesterolo, LDL, HDL, Lp(a), trigliceridi, ipercolesterolemia familiare e tutti i trattamenti.\" \/>\n<meta property=\"og:url\" content=\"https:\/\/www.healthy-heart.org\/it\/mantieni-in-salute-il-tuo-cuore\/il-colesterolo\/\" \/>\n<meta property=\"og:site_name\" content=\"Healthy-Heart.org\" \/>\n<meta property=\"article:modified_time\" content=\"2021-02-02T14:00:34+00:00\" \/>\n<meta property=\"og:image\" content=\"https:\/\/www.healthy-heart.org\/wp-content\/uploads\/2019\/10\/Cholesterol-1.jpg\" \/>\n\t<meta property=\"og:image:width\" content=\"3267\" \/>\n\t<meta property=\"og:image:height\" content=\"2148\" \/>\n\t<meta property=\"og:image:type\" content=\"image\/jpeg\" \/>\n<meta name=\"twitter:card\" content=\"summary_large_image\" \/>\n<meta name=\"twitter:label1\" content=\"Tempo di lettura stimato\" \/>\n\t<meta name=\"twitter:data1\" content=\"6 minuti\" \/>\n<script type=\"application\/ld+json\" class=\"yoast-schema-graph\">{\"@context\":\"https:\/\/schema.org\",\"@graph\":[{\"@type\":\"WebPage\",\"@id\":\"https:\/\/www.healthy-heart.org\/it\/mantieni-in-salute-il-tuo-cuore\/il-colesterolo\/\",\"url\":\"https:\/\/www.healthy-heart.org\/it\/mantieni-in-salute-il-tuo-cuore\/il-colesterolo\/\",\"name\":\"Colesterolo - Healthy-Heart.org\",\"isPartOf\":{\"@id\":\"https:\/\/www.healthy-heart.org\/es\/#website\"},\"primaryImageOfPage\":{\"@id\":\"https:\/\/www.healthy-heart.org\/it\/mantieni-in-salute-il-tuo-cuore\/il-colesterolo\/#primaryimage\"},\"image\":{\"@id\":\"https:\/\/www.healthy-heart.org\/it\/mantieni-in-salute-il-tuo-cuore\/il-colesterolo\/#primaryimage\"},\"thumbnailUrl\":\"https:\/\/www.healthy-heart.org\/wp-content\/uploads\/2019\/10\/Cholesterol-1.jpg\",\"datePublished\":\"2019-10-08T09:28:11+00:00\",\"dateModified\":\"2021-02-02T14:00:34+00:00\",\"description\":\"Scopri di pi\u00f9 su colesterolo, LDL, HDL, Lp(a), trigliceridi, ipercolesterolemia familiare e tutti i trattamenti.\",\"breadcrumb\":{\"@id\":\"https:\/\/www.healthy-heart.org\/it\/mantieni-in-salute-il-tuo-cuore\/il-colesterolo\/#breadcrumb\"},\"inLanguage\":\"it-IT\",\"potentialAction\":[{\"@type\":\"ReadAction\",\"target\":[\"https:\/\/www.healthy-heart.org\/it\/mantieni-in-salute-il-tuo-cuore\/il-colesterolo\/\"]}]},{\"@type\":\"ImageObject\",\"inLanguage\":\"it-IT\",\"@id\":\"https:\/\/www.healthy-heart.org\/it\/mantieni-in-salute-il-tuo-cuore\/il-colesterolo\/#primaryimage\",\"url\":\"https:\/\/www.healthy-heart.org\/wp-content\/uploads\/2019\/10\/Cholesterol-1.jpg\",\"contentUrl\":\"https:\/\/www.healthy-heart.org\/wp-content\/uploads\/2019\/10\/Cholesterol-1.jpg\",\"width\":3267,\"height\":2148},{\"@type\":\"BreadcrumbList\",\"@id\":\"https:\/\/www.healthy-heart.org\/it\/mantieni-in-salute-il-tuo-cuore\/il-colesterolo\/#breadcrumb\",\"itemListElement\":[{\"@type\":\"ListItem\",\"position\":1,\"name\":\"Home\",\"item\":\"https:\/\/www.healthy-heart.org\/it\/\"},{\"@type\":\"ListItem\",\"position\":2,\"name\":\"Mantieni in salute il tuo cuore\",\"item\":\"https:\/\/www.healthy-heart.org\/it\/mantieni-in-salute-il-tuo-cuore\/\"},{\"@type\":\"ListItem\",\"position\":3,\"name\":\"Il colesterolo\"}]},{\"@type\":\"WebSite\",\"@id\":\"https:\/\/www.healthy-heart.org\/es\/#website\",\"url\":\"https:\/\/www.healthy-heart.org\/es\/\",\"name\":\"Healthy-Heart.org\",\"description\":\"Practical advice for patients and family care givers on the prevention of cardiovascular disease\",\"potentialAction\":[{\"@type\":\"SearchAction\",\"target\":{\"@type\":\"EntryPoint\",\"urlTemplate\":\"https:\/\/www.healthy-heart.org\/es\/?s={search_term_string}\"},\"query-input\":{\"@type\":\"PropertyValueSpecification\",\"valueRequired\":true,\"valueName\":\"search_term_string\"}}],\"inLanguage\":\"it-IT\"}]}<\/script>\n<!-- \/ Yoast SEO plugin. -->","yoast_head_json":{"title":"Colesterolo - Healthy-Heart.org","description":"Scopri di pi\u00f9 su colesterolo, LDL, HDL, Lp(a), trigliceridi, ipercolesterolemia familiare e tutti i trattamenti.","robots":{"index":"index","follow":"follow","max-snippet":"max-snippet:-1","max-image-preview":"max-image-preview:large","max-video-preview":"max-video-preview:-1"},"canonical":"https:\/\/www.healthy-heart.org\/it\/mantieni-in-salute-il-tuo-cuore\/il-colesterolo\/","og_locale":"it_IT","og_type":"article","og_title":"Colesterolo - Healthy-Heart.org","og_description":"Scopri di pi\u00f9 su colesterolo, LDL, HDL, Lp(a), trigliceridi, ipercolesterolemia familiare e tutti i trattamenti.","og_url":"https:\/\/www.healthy-heart.org\/it\/mantieni-in-salute-il-tuo-cuore\/il-colesterolo\/","og_site_name":"Healthy-Heart.org","article_modified_time":"2021-02-02T14:00:34+00:00","og_image":[{"width":3267,"height":2148,"url":"https:\/\/www.healthy-heart.org\/wp-content\/uploads\/2019\/10\/Cholesterol-1.jpg","type":"image\/jpeg"}],"twitter_card":"summary_large_image","twitter_misc":{"Tempo di lettura stimato":"6 minuti"},"schema":{"@context":"https:\/\/schema.org","@graph":[{"@type":"WebPage","@id":"https:\/\/www.healthy-heart.org\/it\/mantieni-in-salute-il-tuo-cuore\/il-colesterolo\/","url":"https:\/\/www.healthy-heart.org\/it\/mantieni-in-salute-il-tuo-cuore\/il-colesterolo\/","name":"Colesterolo - Healthy-Heart.org","isPartOf":{"@id":"https:\/\/www.healthy-heart.org\/es\/#website"},"primaryImageOfPage":{"@id":"https:\/\/www.healthy-heart.org\/it\/mantieni-in-salute-il-tuo-cuore\/il-colesterolo\/#primaryimage"},"image":{"@id":"https:\/\/www.healthy-heart.org\/it\/mantieni-in-salute-il-tuo-cuore\/il-colesterolo\/#primaryimage"},"thumbnailUrl":"https:\/\/www.healthy-heart.org\/wp-content\/uploads\/2019\/10\/Cholesterol-1.jpg","datePublished":"2019-10-08T09:28:11+00:00","dateModified":"2021-02-02T14:00:34+00:00","description":"Scopri di pi\u00f9 su colesterolo, LDL, HDL, Lp(a), trigliceridi, ipercolesterolemia familiare e tutti i trattamenti.","breadcrumb":{"@id":"https:\/\/www.healthy-heart.org\/it\/mantieni-in-salute-il-tuo-cuore\/il-colesterolo\/#breadcrumb"},"inLanguage":"it-IT","potentialAction":[{"@type":"ReadAction","target":["https:\/\/www.healthy-heart.org\/it\/mantieni-in-salute-il-tuo-cuore\/il-colesterolo\/"]}]},{"@type":"ImageObject","inLanguage":"it-IT","@id":"https:\/\/www.healthy-heart.org\/it\/mantieni-in-salute-il-tuo-cuore\/il-colesterolo\/#primaryimage","url":"https:\/\/www.healthy-heart.org\/wp-content\/uploads\/2019\/10\/Cholesterol-1.jpg","contentUrl":"https:\/\/www.healthy-heart.org\/wp-content\/uploads\/2019\/10\/Cholesterol-1.jpg","width":3267,"height":2148},{"@type":"BreadcrumbList","@id":"https:\/\/www.healthy-heart.org\/it\/mantieni-in-salute-il-tuo-cuore\/il-colesterolo\/#breadcrumb","itemListElement":[{"@type":"ListItem","position":1,"name":"Home","item":"https:\/\/www.healthy-heart.org\/it\/"},{"@type":"ListItem","position":2,"name":"Mantieni in salute il tuo cuore","item":"https:\/\/www.healthy-heart.org\/it\/mantieni-in-salute-il-tuo-cuore\/"},{"@type":"ListItem","position":3,"name":"Il colesterolo"}]},{"@type":"WebSite","@id":"https:\/\/www.healthy-heart.org\/es\/#website","url":"https:\/\/www.healthy-heart.org\/es\/","name":"Healthy-Heart.org","description":"Practical advice for patients and family care givers on the prevention of cardiovascular disease","potentialAction":[{"@type":"SearchAction","target":{"@type":"EntryPoint","urlTemplate":"https:\/\/www.healthy-heart.org\/es\/?s={search_term_string}"},"query-input":{"@type":"PropertyValueSpecification","valueRequired":true,"valueName":"search_term_string"}}],"inLanguage":"it-IT"}]}},"_links":{"self":[{"href":"https:\/\/www.healthy-heart.org\/it\/wp-json\/wp\/v2\/pages\/1994","targetHints":{"allow":["GET"]}}],"collection":[{"href":"https:\/\/www.healthy-heart.org\/it\/wp-json\/wp\/v2\/pages"}],"about":[{"href":"https:\/\/www.healthy-heart.org\/it\/wp-json\/wp\/v2\/types\/page"}],"author":[{"embeddable":true,"href":"https:\/\/www.healthy-heart.org\/it\/wp-json\/wp\/v2\/users\/1"}],"replies":[{"embeddable":true,"href":"https:\/\/www.healthy-heart.org\/it\/wp-json\/wp\/v2\/comments?post=1994"}],"version-history":[{"count":8,"href":"https:\/\/www.healthy-heart.org\/it\/wp-json\/wp\/v2\/pages\/1994\/revisions"}],"predecessor-version":[{"id":5078,"href":"https:\/\/www.healthy-heart.org\/it\/wp-json\/wp\/v2\/pages\/1994\/revisions\/5078"}],"up":[{"embeddable":true,"href":"https:\/\/www.healthy-heart.org\/it\/wp-json\/wp\/v2\/pages\/1981"}],"wp:featuredmedia":[{"embeddable":true,"href":"https:\/\/www.healthy-heart.org\/it\/wp-json\/wp\/v2\/media\/3168"}],"wp:attachment":[{"href":"https:\/\/www.healthy-heart.org\/it\/wp-json\/wp\/v2\/media?parent=1994"}],"wp:term":[{"taxonomy":"category","embeddable":true,"href":"https:\/\/www.healthy-heart.org\/it\/wp-json\/wp\/v2\/categories?post=1994"},{"taxonomy":"post_tag","embeddable":true,"href":"https:\/\/www.healthy-heart.org\/it\/wp-json\/wp\/v2\/tags?post=1994"}],"curies":[{"name":"wp","href":"https:\/\/api.w.org\/{rel}","templated":true}]}}