{"id":1990,"date":"2019-10-08T10:28:09","date_gmt":"2019-10-08T09:28:09","guid":{"rendered":"https:\/\/www.healthy-heart.org\/mantieni-in-salute-il-tuo-cuore\/diabete\/"},"modified":"2024-12-10T12:36:20","modified_gmt":"2024-12-10T12:36:20","slug":"diabete","status":"publish","type":"page","link":"https:\/\/www.healthy-heart.org\/it\/mantieni-in-salute-il-tuo-cuore\/diabete\/","title":{"rendered":"Diabete"},"content":{"rendered":"<p>Il diabete mellito viene diagnosticato quando in pi\u00f9 occasioni si riscontrano livelli di zucchero nel sangue superiori alla norma. I livelli normali sono 126 mg\/dl o inferiori per la glicemia a digiuno e 200 mg\/dl o inferiori per la glicemia non a digiuno. In caso di dubbi, viene eseguito un test orale di tolleranza al glucosio. Si tratta di bere una soluzione di glucosio e dopo due ore misurare la risposta dell&#8217;organismo (livelli di zucchero nel sangue). Se dopo due ore i livelli di zucchero nel sangue sono superiori al normale, viene diagnosticato il diabete. Se il risultato \u00e8 normale, il diabete \u00e8 escluso. Un altro esame del sangue che pu\u00f2 essere prescritto dal medico \u00e8 l&#8217;emoglobina glicata A1c (HbA1c). Si tratta di un marcatore dei livelli di glucosio a lungo termine, dove livelli pari o superiori al 6,5% (48 mmol\/mol) suggeriscono la presenza di diabete.<\/p>\n<p>Esistono due tipi di diabete: il diabete di tipo 1 \u00e8 caratterizzato da una mancata o scarsa produzione di insulina nell&#8217;organismo e si manifesta solitamente durante l&#8217;infanzia; invece, nel diabete di tipo 2, il quale si manifesta in et\u00e0 adulta, i livelli di insulina sono normali o elevati e l&#8217;organismo resiste ai suoi effetti.<\/p>\n<p>Nove pazienti diabetici su dieci presentano il diabete di tipo 2, che riduce la vita di una media di dieci anni. Riduce anche il numero di anni vissuti in buona salute, a causa di malattie cardiache o renali precoci. In quanto patologia legata allo stile di vita, il diabete di tipo 2 \u00e8 fortemente correlato alla mancanza di attivit\u00e0 fisica e all&#8217;obesit\u00e0, oltre che a un&#8217;alimentazione poco sana.<\/p>\n<p>\u00c8 possibile prevenire il diabete di tipo 2 praticando <a href=\"https:\/\/www.healthy-heart.org\/keep-your-heart-healthy\/physical-activity\/\">attivit\u00e0 fisica <\/a>, seguendo una <a href=\"https:\/\/www.healthy-heart.org\/keep-your-heart-healthy\/heart-friendly-diet\/\">alimentazione equilibrata <\/a> e mantenendo un <a href=\"https:\/\/www.healthy-heart.org\/keep-your-heart-healthy\/keeping-a-healthy-weight\/\">peso sano <\/a>.<\/p>\n<p>Le persone affette da diabete hanno un rischio da due a quattro volte superiore di sviluppare <a href=\"https:\/\/www.healthy-heart.org\/your-heart\/what-is-heart-disease\/\">patologie cardiache<\/a> nel corso della loro vita. Chi soffre di diabete dovrebbe sottoporsi a esami che verifichino la presenza di patologie cardiache.<\/p>\n","protected":false},"excerpt":{"rendered":"<p>Il diabete mellito viene diagnosticato quando in pi\u00f9 occasioni si riscontrano livelli di zucchero nel sangue superiori alla norma. I livelli normali sono 126 mg\/dl o inferiori per la glicemia a digiuno e 200 mg\/dl o inferiori per la glicemia non a digiuno. In caso di dubbi, viene eseguito un test orale di tolleranza al [&hellip;]<\/p>\n","protected":false},"author":1,"featured_media":3180,"parent":1981,"menu_order":3,"comment_status":"closed","ping_status":"closed","template":"","meta":{"_acf_changed":false,"footnotes":""},"categories":[69],"tags":[],"class_list":["post-1990","page","type-page","status-publish","has-post-thumbnail","hentry","category-mantieni-in-salute-il-tuo-cuore"],"acf":[],"yoast_head":"<!-- This site is optimized with the Yoast SEO plugin v24.0 - https:\/\/yoast.com\/wordpress\/plugins\/seo\/ -->\n<title>Diabete - Healthy-Heart.org<\/title>\n<meta name=\"description\" content=\"Il diabete di tipo 2 \u00e8 uno dei principali fattori di rischio di malattie cardiovascolari. Scopri come prevenire il diabete, come viene diagnosticata la patologia e i rischi ad essa associati.\" \/>\n<meta name=\"robots\" content=\"index, follow, max-snippet:-1, max-image-preview:large, max-video-preview:-1\" \/>\n<link rel=\"canonical\" href=\"https:\/\/www.healthy-heart.org\/it\/mantieni-in-salute-il-tuo-cuore\/diabete\/\" \/>\n<meta property=\"og:locale\" content=\"it_IT\" \/>\n<meta property=\"og:type\" content=\"article\" \/>\n<meta property=\"og:title\" content=\"Diabete - Healthy-Heart.org\" \/>\n<meta property=\"og:description\" content=\"Il diabete di tipo 2 \u00e8 uno dei principali fattori di rischio di malattie cardiovascolari. Scopri come prevenire il diabete, come viene diagnosticata la patologia e i rischi ad essa associati.\" \/>\n<meta property=\"og:url\" content=\"https:\/\/www.healthy-heart.org\/it\/mantieni-in-salute-il-tuo-cuore\/diabete\/\" \/>\n<meta property=\"og:site_name\" content=\"Healthy-Heart.org\" \/>\n<meta property=\"article:modified_time\" content=\"2024-12-10T12:36:20+00:00\" \/>\n<meta property=\"og:image\" content=\"https:\/\/www.healthy-heart.org\/wp-content\/uploads\/2019\/10\/Diabetes1.jpg\" \/>\n\t<meta property=\"og:image:width\" content=\"3790\" \/>\n\t<meta property=\"og:image:height\" content=\"2481\" \/>\n\t<meta property=\"og:image:type\" content=\"image\/jpeg\" \/>\n<meta name=\"twitter:card\" content=\"summary_large_image\" \/>\n<meta name=\"twitter:label1\" content=\"Tempo di lettura stimato\" \/>\n\t<meta name=\"twitter:data1\" content=\"2 minuti\" \/>\n<script type=\"application\/ld+json\" class=\"yoast-schema-graph\">{\"@context\":\"https:\/\/schema.org\",\"@graph\":[{\"@type\":\"WebPage\",\"@id\":\"https:\/\/www.healthy-heart.org\/it\/mantieni-in-salute-il-tuo-cuore\/diabete\/\",\"url\":\"https:\/\/www.healthy-heart.org\/it\/mantieni-in-salute-il-tuo-cuore\/diabete\/\",\"name\":\"Diabete - Healthy-Heart.org\",\"isPartOf\":{\"@id\":\"https:\/\/www.healthy-heart.org\/es\/#website\"},\"primaryImageOfPage\":{\"@id\":\"https:\/\/www.healthy-heart.org\/it\/mantieni-in-salute-il-tuo-cuore\/diabete\/#primaryimage\"},\"image\":{\"@id\":\"https:\/\/www.healthy-heart.org\/it\/mantieni-in-salute-il-tuo-cuore\/diabete\/#primaryimage\"},\"thumbnailUrl\":\"https:\/\/www.healthy-heart.org\/wp-content\/uploads\/2019\/10\/Diabetes1.jpg\",\"datePublished\":\"2019-10-08T09:28:09+00:00\",\"dateModified\":\"2024-12-10T12:36:20+00:00\",\"description\":\"Il diabete di tipo 2 \u00e8 uno dei principali fattori di rischio di malattie cardiovascolari. Scopri come prevenire il diabete, come viene diagnosticata la patologia e i rischi ad essa associati.\",\"breadcrumb\":{\"@id\":\"https:\/\/www.healthy-heart.org\/it\/mantieni-in-salute-il-tuo-cuore\/diabete\/#breadcrumb\"},\"inLanguage\":\"it-IT\",\"potentialAction\":[{\"@type\":\"ReadAction\",\"target\":[\"https:\/\/www.healthy-heart.org\/it\/mantieni-in-salute-il-tuo-cuore\/diabete\/\"]}]},{\"@type\":\"ImageObject\",\"inLanguage\":\"it-IT\",\"@id\":\"https:\/\/www.healthy-heart.org\/it\/mantieni-in-salute-il-tuo-cuore\/diabete\/#primaryimage\",\"url\":\"https:\/\/www.healthy-heart.org\/wp-content\/uploads\/2019\/10\/Diabetes1.jpg\",\"contentUrl\":\"https:\/\/www.healthy-heart.org\/wp-content\/uploads\/2019\/10\/Diabetes1.jpg\",\"width\":3790,\"height\":2481},{\"@type\":\"BreadcrumbList\",\"@id\":\"https:\/\/www.healthy-heart.org\/it\/mantieni-in-salute-il-tuo-cuore\/diabete\/#breadcrumb\",\"itemListElement\":[{\"@type\":\"ListItem\",\"position\":1,\"name\":\"Home\",\"item\":\"https:\/\/www.healthy-heart.org\/it\/\"},{\"@type\":\"ListItem\",\"position\":2,\"name\":\"Mantieni in salute il tuo cuore\",\"item\":\"https:\/\/www.healthy-heart.org\/it\/mantieni-in-salute-il-tuo-cuore\/\"},{\"@type\":\"ListItem\",\"position\":3,\"name\":\"Diabete\"}]},{\"@type\":\"WebSite\",\"@id\":\"https:\/\/www.healthy-heart.org\/es\/#website\",\"url\":\"https:\/\/www.healthy-heart.org\/es\/\",\"name\":\"Healthy-Heart.org\",\"description\":\"Practical advice for patients and family care givers on the prevention of cardiovascular disease\",\"potentialAction\":[{\"@type\":\"SearchAction\",\"target\":{\"@type\":\"EntryPoint\",\"urlTemplate\":\"https:\/\/www.healthy-heart.org\/es\/?s={search_term_string}\"},\"query-input\":{\"@type\":\"PropertyValueSpecification\",\"valueRequired\":true,\"valueName\":\"search_term_string\"}}],\"inLanguage\":\"it-IT\"}]}<\/script>\n<!-- \/ Yoast SEO plugin. -->","yoast_head_json":{"title":"Diabete - Healthy-Heart.org","description":"Il diabete di tipo 2 \u00e8 uno dei principali fattori di rischio di malattie cardiovascolari. Scopri come prevenire il diabete, come viene diagnosticata la patologia e i rischi ad essa associati.","robots":{"index":"index","follow":"follow","max-snippet":"max-snippet:-1","max-image-preview":"max-image-preview:large","max-video-preview":"max-video-preview:-1"},"canonical":"https:\/\/www.healthy-heart.org\/it\/mantieni-in-salute-il-tuo-cuore\/diabete\/","og_locale":"it_IT","og_type":"article","og_title":"Diabete - Healthy-Heart.org","og_description":"Il diabete di tipo 2 \u00e8 uno dei principali fattori di rischio di malattie cardiovascolari. Scopri come prevenire il diabete, come viene diagnosticata la patologia e i rischi ad essa associati.","og_url":"https:\/\/www.healthy-heart.org\/it\/mantieni-in-salute-il-tuo-cuore\/diabete\/","og_site_name":"Healthy-Heart.org","article_modified_time":"2024-12-10T12:36:20+00:00","og_image":[{"width":3790,"height":2481,"url":"https:\/\/www.healthy-heart.org\/wp-content\/uploads\/2019\/10\/Diabetes1.jpg","type":"image\/jpeg"}],"twitter_card":"summary_large_image","twitter_misc":{"Tempo di lettura stimato":"2 minuti"},"schema":{"@context":"https:\/\/schema.org","@graph":[{"@type":"WebPage","@id":"https:\/\/www.healthy-heart.org\/it\/mantieni-in-salute-il-tuo-cuore\/diabete\/","url":"https:\/\/www.healthy-heart.org\/it\/mantieni-in-salute-il-tuo-cuore\/diabete\/","name":"Diabete - Healthy-Heart.org","isPartOf":{"@id":"https:\/\/www.healthy-heart.org\/es\/#website"},"primaryImageOfPage":{"@id":"https:\/\/www.healthy-heart.org\/it\/mantieni-in-salute-il-tuo-cuore\/diabete\/#primaryimage"},"image":{"@id":"https:\/\/www.healthy-heart.org\/it\/mantieni-in-salute-il-tuo-cuore\/diabete\/#primaryimage"},"thumbnailUrl":"https:\/\/www.healthy-heart.org\/wp-content\/uploads\/2019\/10\/Diabetes1.jpg","datePublished":"2019-10-08T09:28:09+00:00","dateModified":"2024-12-10T12:36:20+00:00","description":"Il diabete di tipo 2 \u00e8 uno dei principali fattori di rischio di malattie cardiovascolari. Scopri come prevenire il diabete, come viene diagnosticata la patologia e i rischi ad essa associati.","breadcrumb":{"@id":"https:\/\/www.healthy-heart.org\/it\/mantieni-in-salute-il-tuo-cuore\/diabete\/#breadcrumb"},"inLanguage":"it-IT","potentialAction":[{"@type":"ReadAction","target":["https:\/\/www.healthy-heart.org\/it\/mantieni-in-salute-il-tuo-cuore\/diabete\/"]}]},{"@type":"ImageObject","inLanguage":"it-IT","@id":"https:\/\/www.healthy-heart.org\/it\/mantieni-in-salute-il-tuo-cuore\/diabete\/#primaryimage","url":"https:\/\/www.healthy-heart.org\/wp-content\/uploads\/2019\/10\/Diabetes1.jpg","contentUrl":"https:\/\/www.healthy-heart.org\/wp-content\/uploads\/2019\/10\/Diabetes1.jpg","width":3790,"height":2481},{"@type":"BreadcrumbList","@id":"https:\/\/www.healthy-heart.org\/it\/mantieni-in-salute-il-tuo-cuore\/diabete\/#breadcrumb","itemListElement":[{"@type":"ListItem","position":1,"name":"Home","item":"https:\/\/www.healthy-heart.org\/it\/"},{"@type":"ListItem","position":2,"name":"Mantieni in salute il tuo cuore","item":"https:\/\/www.healthy-heart.org\/it\/mantieni-in-salute-il-tuo-cuore\/"},{"@type":"ListItem","position":3,"name":"Diabete"}]},{"@type":"WebSite","@id":"https:\/\/www.healthy-heart.org\/es\/#website","url":"https:\/\/www.healthy-heart.org\/es\/","name":"Healthy-Heart.org","description":"Practical advice for patients and family care givers on the prevention of cardiovascular disease","potentialAction":[{"@type":"SearchAction","target":{"@type":"EntryPoint","urlTemplate":"https:\/\/www.healthy-heart.org\/es\/?s={search_term_string}"},"query-input":{"@type":"PropertyValueSpecification","valueRequired":true,"valueName":"search_term_string"}}],"inLanguage":"it-IT"}]}},"_links":{"self":[{"href":"https:\/\/www.healthy-heart.org\/it\/wp-json\/wp\/v2\/pages\/1990","targetHints":{"allow":["GET"]}}],"collection":[{"href":"https:\/\/www.healthy-heart.org\/it\/wp-json\/wp\/v2\/pages"}],"about":[{"href":"https:\/\/www.healthy-heart.org\/it\/wp-json\/wp\/v2\/types\/page"}],"author":[{"embeddable":true,"href":"https:\/\/www.healthy-heart.org\/it\/wp-json\/wp\/v2\/users\/1"}],"replies":[{"embeddable":true,"href":"https:\/\/www.healthy-heart.org\/it\/wp-json\/wp\/v2\/comments?post=1990"}],"version-history":[{"count":7,"href":"https:\/\/www.healthy-heart.org\/it\/wp-json\/wp\/v2\/pages\/1990\/revisions"}],"predecessor-version":[{"id":7478,"href":"https:\/\/www.healthy-heart.org\/it\/wp-json\/wp\/v2\/pages\/1990\/revisions\/7478"}],"up":[{"embeddable":true,"href":"https:\/\/www.healthy-heart.org\/it\/wp-json\/wp\/v2\/pages\/1981"}],"wp:featuredmedia":[{"embeddable":true,"href":"https:\/\/www.healthy-heart.org\/it\/wp-json\/wp\/v2\/media\/3180"}],"wp:attachment":[{"href":"https:\/\/www.healthy-heart.org\/it\/wp-json\/wp\/v2\/media?parent=1990"}],"wp:term":[{"taxonomy":"category","embeddable":true,"href":"https:\/\/www.healthy-heart.org\/it\/wp-json\/wp\/v2\/categories?post=1990"},{"taxonomy":"post_tag","embeddable":true,"href":"https:\/\/www.healthy-heart.org\/it\/wp-json\/wp\/v2\/tags?post=1990"}],"curies":[{"name":"wp","href":"https:\/\/api.w.org\/{rel}","templated":true}]}}