{"id":1986,"date":"2019-10-08T10:28:08","date_gmt":"2019-10-08T09:28:08","guid":{"rendered":"https:\/\/www.healthy-heart.org\/il-cuore\/promuovere-uno-stile-di-vita-sano\/"},"modified":"2020-03-03T14:31:00","modified_gmt":"2020-03-03T14:31:00","slug":"promuovere-uno-stile-di-vita-sano","status":"publish","type":"page","link":"https:\/\/www.healthy-heart.org\/it\/il-cuore\/promuovere-uno-stile-di-vita-sano\/","title":{"rendered":"Promuovere uno stile di vita sano"},"content":{"rendered":"<p><img loading=\"lazy\" decoding=\"async\" class=\"alignright size-medium wp-image-795\" src=\"https:\/\/cdn-endpoint-prev.azureedge.net\/healthy-heart\/2019\/07\/iStock-618870216-350x165.jpg\" alt=\"\" width=\"350\" height=\"165\" srcset=\"https:\/\/www.healthy-heart.org\/wp-content\/uploads\/2019\/07\/iStock-618870216-350x165.jpg 350w, https:\/\/www.healthy-heart.org\/wp-content\/uploads\/2019\/07\/iStock-618870216-200x95.jpg 200w, https:\/\/www.healthy-heart.org\/wp-content\/uploads\/2019\/07\/iStock-618870216-768x363.jpg 768w, https:\/\/www.healthy-heart.org\/wp-content\/uploads\/2019\/07\/iStock-618870216-1024x484.jpg 1024w, https:\/\/www.healthy-heart.org\/wp-content\/uploads\/2019\/07\/iStock-618870216-1536x726.jpg 1536w, https:\/\/www.healthy-heart.org\/wp-content\/uploads\/2019\/07\/iStock-618870216-2048x968.jpg 2048w, https:\/\/www.healthy-heart.org\/wp-content\/uploads\/2019\/07\/iStock-618870216-929x439.jpg 929w, https:\/\/www.healthy-heart.org\/wp-content\/uploads\/2019\/07\/iStock-618870216-700x331.jpg 700w\" sizes=\"auto, (max-width: 350px) 100vw, 350px\" \/>A livello internazionale, nazionale e locale vi sono governi e organizzazioni non governative il cui interesse e responsabilit\u00e0 \u00e8 promuovere e consentire cambiamenti per uno stile di vita salutare. Tra questi figurano l&#8217;Organizzazione Mondiale della Sanit\u00e0, l&#8217;Unione Europea, i governi nazionali e locali, le autorit\u00e0 sanitarie, le fondazioni cardiache, le associazioni dei consumatori e le organizzazioni dei pazienti.<\/p>\n<p>Le scuole dovrebbero creare un ambiente attivo e salutare per gli studenti, educandoli e stimolandoli ad adottare e mantenere uno stile di vita sano. Analogamente, i luoghi di lavoro dovrebbero incoraggiare <a href=\"https:\/\/www.healthy-heart.org\/it\/mantieni-in-salute-il-tuo-cuore\/attivita-fisica\/\">attivit\u00e0 fisica<\/a> e un&#8217;alimentazione sana e scoraggiare il <a href=\"https:\/\/www.healthy-heart.org\/it\/mantieni-in-salute-il-tuo-cuore\/fumo\/\">fumo<\/a>. Gli urbanisti possono rendere pi\u00f9 facile per le persone recarsi a piedi o in bicicletta a scuola o al lavoro.<\/p>\n<h3>Alimentazione<\/h3>\n<p><img loading=\"lazy\" decoding=\"async\" class=\"alignright size-medium wp-image-805\" src=\"https:\/\/cdn-endpoint-prev.azureedge.net\/healthy-heart\/2019\/07\/iStock-953674568-1-350x233.jpg\" alt=\"\" width=\"350\" height=\"233\" srcset=\"https:\/\/www.healthy-heart.org\/wp-content\/uploads\/2019\/07\/iStock-953674568-1-350x233.jpg 350w, https:\/\/cdn-endpoint-prev.azureedge.net\/healthy-heart\/2019\/07\/iStock-953674568-1-1024x683.jpg 1024w, https:\/\/www.healthy-heart.org\/wp-content\/uploads\/2019\/07\/iStock-953674568-1-200x133.jpg 200w, https:\/\/www.healthy-heart.org\/wp-content\/uploads\/2019\/07\/iStock-953674568-1-768x512.jpg 768w, https:\/\/www.healthy-heart.org\/wp-content\/uploads\/2019\/07\/iStock-953674568-1-1536x1024.jpg 1536w, https:\/\/www.healthy-heart.org\/wp-content\/uploads\/2019\/07\/iStock-953674568-1-2048x1365.jpg 2048w, https:\/\/www.healthy-heart.org\/wp-content\/uploads\/2019\/07\/iStock-953674568-1-659x439.jpg 659w, https:\/\/www.healthy-heart.org\/wp-content\/uploads\/2019\/07\/iStock-953674568-1-696x464.jpg 696w\" sizes=\"auto, (max-width: 350px) 100vw, 350px\" \/>Limitare il contenuto di grassi, zuccheri e sale degli alimenti trasformati \u00e8 un modo efficace per migliorare l&#8217;alimentazione, a volte senza nemmeno accorgersene. Alcuni Paesi hanno vietato i grassi trans negli alimenti e molti altri stanno lavorando con l&#8217;industria alimentare per abbassare i livelli di sale e zucchero. Anche i prezzi influenzano il comportamento, e tassare gli alimenti poco sani (ad esempio una tassa sui grassi o sugli zuccheri) o sovvenzionare opzioni salutari pu\u00f2 indurre cambiamenti nelle abitudini alimentari. Le campagne di sensibilizzazione dei consumatori sugli alimenti sani e le etichette alimentari chiare possono aiutare le persone ad acquistare cibi nutrienti.<\/p>\n<h3>Attivit\u00e0 fisica<\/h3>\n<p>L&#8217;ambiente intorno a noi pu\u00f2 incoraggiare l&#8217;attivit\u00e0 fisica. Una migliore visibilit\u00e0 delle scale stimola le persone a usarle al posto dell&#8217;ascensore. Promuovere passeggiate a piedi o in bicicletta anche per brevi distanze aiuta a integrare l&#8217;attivit\u00e0 fisica in una routine quotidiana. Gi\u00e0 dalla prima infanzia \u00e8 importante acquisire consapevolezza dell&#8217;importanza dell&#8217;attivit\u00e0 fisica per la salute. I luoghi di lavoro possono mettere a disposizione centri fitness, scrivanie che consentono ai dipendenti di lavorare in piedi o sedie per fare esercizio.<\/p>\n<h3>Fumo<\/h3>\n<p>Tutti i tipi di fumo e fumo passivo aumentano il rischio di patologie cardiovascolari. La legislazione \u00e8 uno strumento potente per prevenire e ridurre il consumo di tabacco. Le misure comprendono leggi antifumo, tasse elevate, pubblicit\u00e0 limitata e uso di confezioni semplici e generiche. Le campagne dei mass media hanno sensibilizzato l&#8217;opinione pubblica sugli effetti nocivi del fumo. \u00c8 particolarmente importante evitare che i giovani e gli adolescenti inizino a fumare.<\/p>\n<h3>Abuso di alcol<\/h3>\n<p>Un consumo eccessivo di alcol aumenta il <a href=\"https:\/\/www.healthy-heart.org\/it\/mantieni-in-salute-il-tuo-cuore\/prevedere-e-gestire-il-rischio-di-patologie-cardiache\/\">rischio cardiovascolare<\/a>. La legislazione \u00e8 efficace nel prevenire l&#8217;uso dannoso di alcol attraverso diverse normative: ad esempio, l&#8217;et\u00e0 minima per acquistare o ricevere bevande alcoliche, le leggi sulla guida in stato di ebbrezza, le tasse e il divieto di pubblicit\u00e0, promozione e sponsorizzazione di eventi. Anche le norme sull&#8217;alcol nei luoghi di lavoro e nelle scuole sono utili.<\/p>\n","protected":false},"excerpt":{"rendered":"<p>A livello internazionale, nazionale e locale vi sono governi e organizzazioni non governative il cui interesse e responsabilit\u00e0 \u00e8 promuovere e consentire cambiamenti per uno stile di vita salutare. Tra questi figurano l&#8217;Organizzazione Mondiale della Sanit\u00e0, l&#8217;Unione Europea, i governi nazionali e locali, le autorit\u00e0 sanitarie, le fondazioni cardiache, le associazioni dei consumatori e le [&hellip;]<\/p>\n","protected":false},"author":1,"featured_media":1262,"parent":1924,"menu_order":5,"comment_status":"closed","ping_status":"closed","template":"","meta":{"_acf_changed":false,"footnotes":""},"categories":[66],"tags":[],"class_list":["post-1986","page","type-page","status-publish","has-post-thumbnail","hentry","category-il-cuore"],"acf":[],"yoast_head":"<!-- This site is optimized with the Yoast SEO plugin v24.0 - https:\/\/yoast.com\/wordpress\/plugins\/seo\/ -->\n<title>Incoraggiare uno stile di vita sano - Healthy-Heart.org<\/title>\n<meta name=\"description\" content=\"Fai scelte di stile di vita salutari. Pratica attivit\u00e0 fisica, mangia sano, smetti di fumare e limita il consumo di alcol.\" \/>\n<meta name=\"robots\" content=\"index, follow, max-snippet:-1, max-image-preview:large, max-video-preview:-1\" \/>\n<link rel=\"canonical\" href=\"https:\/\/www.healthy-heart.org\/it\/il-cuore\/promuovere-uno-stile-di-vita-sano\/\" \/>\n<meta property=\"og:locale\" content=\"it_IT\" \/>\n<meta property=\"og:type\" content=\"article\" \/>\n<meta property=\"og:title\" content=\"Incoraggiare uno stile di vita sano - Healthy-Heart.org\" \/>\n<meta property=\"og:description\" content=\"Fai scelte di stile di vita salutari. Pratica attivit\u00e0 fisica, mangia sano, smetti di fumare e limita il consumo di alcol.\" \/>\n<meta property=\"og:url\" content=\"https:\/\/www.healthy-heart.org\/it\/il-cuore\/promuovere-uno-stile-di-vita-sano\/\" \/>\n<meta property=\"og:site_name\" content=\"Healthy-Heart.org\" \/>\n<meta property=\"article:modified_time\" content=\"2020-03-03T14:31:00+00:00\" \/>\n<meta property=\"og:image\" content=\"https:\/\/www.healthy-heart.org\/wp-content\/uploads\/2019\/08\/healthy-lifestyle.jpg\" \/>\n\t<meta property=\"og:image:width\" content=\"518\" \/>\n\t<meta property=\"og:image:height\" content=\"345\" \/>\n\t<meta property=\"og:image:type\" content=\"image\/jpeg\" \/>\n<meta name=\"twitter:card\" content=\"summary_large_image\" \/>\n<meta name=\"twitter:label1\" content=\"Tempo di lettura stimato\" \/>\n\t<meta name=\"twitter:data1\" content=\"2 minuti\" \/>\n<script type=\"application\/ld+json\" class=\"yoast-schema-graph\">{\"@context\":\"https:\/\/schema.org\",\"@graph\":[{\"@type\":\"WebPage\",\"@id\":\"https:\/\/www.healthy-heart.org\/it\/il-cuore\/promuovere-uno-stile-di-vita-sano\/\",\"url\":\"https:\/\/www.healthy-heart.org\/it\/il-cuore\/promuovere-uno-stile-di-vita-sano\/\",\"name\":\"Incoraggiare uno stile di vita sano - Healthy-Heart.org\",\"isPartOf\":{\"@id\":\"https:\/\/www.healthy-heart.org\/es\/#website\"},\"primaryImageOfPage\":{\"@id\":\"https:\/\/www.healthy-heart.org\/it\/il-cuore\/promuovere-uno-stile-di-vita-sano\/#primaryimage\"},\"image\":{\"@id\":\"https:\/\/www.healthy-heart.org\/it\/il-cuore\/promuovere-uno-stile-di-vita-sano\/#primaryimage\"},\"thumbnailUrl\":\"https:\/\/www.healthy-heart.org\/wp-content\/uploads\/2019\/08\/healthy-lifestyle.jpg\",\"datePublished\":\"2019-10-08T09:28:08+00:00\",\"dateModified\":\"2020-03-03T14:31:00+00:00\",\"description\":\"Fai scelte di stile di vita salutari. Pratica attivit\u00e0 fisica, mangia sano, smetti di fumare e limita il consumo di alcol.\",\"breadcrumb\":{\"@id\":\"https:\/\/www.healthy-heart.org\/it\/il-cuore\/promuovere-uno-stile-di-vita-sano\/#breadcrumb\"},\"inLanguage\":\"it-IT\",\"potentialAction\":[{\"@type\":\"ReadAction\",\"target\":[\"https:\/\/www.healthy-heart.org\/it\/il-cuore\/promuovere-uno-stile-di-vita-sano\/\"]}]},{\"@type\":\"ImageObject\",\"inLanguage\":\"it-IT\",\"@id\":\"https:\/\/www.healthy-heart.org\/it\/il-cuore\/promuovere-uno-stile-di-vita-sano\/#primaryimage\",\"url\":\"https:\/\/www.healthy-heart.org\/wp-content\/uploads\/2019\/08\/healthy-lifestyle.jpg\",\"contentUrl\":\"https:\/\/www.healthy-heart.org\/wp-content\/uploads\/2019\/08\/healthy-lifestyle.jpg\",\"width\":518,\"height\":345},{\"@type\":\"BreadcrumbList\",\"@id\":\"https:\/\/www.healthy-heart.org\/it\/il-cuore\/promuovere-uno-stile-di-vita-sano\/#breadcrumb\",\"itemListElement\":[{\"@type\":\"ListItem\",\"position\":1,\"name\":\"Home\",\"item\":\"https:\/\/www.healthy-heart.org\/it\/\"},{\"@type\":\"ListItem\",\"position\":2,\"name\":\"Il cuore\",\"item\":\"https:\/\/www.healthy-heart.org\/it\/il-cuore\/\"},{\"@type\":\"ListItem\",\"position\":3,\"name\":\"Promuovere uno stile di vita sano\"}]},{\"@type\":\"WebSite\",\"@id\":\"https:\/\/www.healthy-heart.org\/es\/#website\",\"url\":\"https:\/\/www.healthy-heart.org\/es\/\",\"name\":\"Healthy-Heart.org\",\"description\":\"Practical advice for patients and family care givers on the prevention of cardiovascular disease\",\"potentialAction\":[{\"@type\":\"SearchAction\",\"target\":{\"@type\":\"EntryPoint\",\"urlTemplate\":\"https:\/\/www.healthy-heart.org\/es\/?s={search_term_string}\"},\"query-input\":{\"@type\":\"PropertyValueSpecification\",\"valueRequired\":true,\"valueName\":\"search_term_string\"}}],\"inLanguage\":\"it-IT\"}]}<\/script>\n<!-- \/ Yoast SEO plugin. -->","yoast_head_json":{"title":"Incoraggiare uno stile di vita sano - Healthy-Heart.org","description":"Fai scelte di stile di vita salutari. Pratica attivit\u00e0 fisica, mangia sano, smetti di fumare e limita il consumo di alcol.","robots":{"index":"index","follow":"follow","max-snippet":"max-snippet:-1","max-image-preview":"max-image-preview:large","max-video-preview":"max-video-preview:-1"},"canonical":"https:\/\/www.healthy-heart.org\/it\/il-cuore\/promuovere-uno-stile-di-vita-sano\/","og_locale":"it_IT","og_type":"article","og_title":"Incoraggiare uno stile di vita sano - Healthy-Heart.org","og_description":"Fai scelte di stile di vita salutari. Pratica attivit\u00e0 fisica, mangia sano, smetti di fumare e limita il consumo di alcol.","og_url":"https:\/\/www.healthy-heart.org\/it\/il-cuore\/promuovere-uno-stile-di-vita-sano\/","og_site_name":"Healthy-Heart.org","article_modified_time":"2020-03-03T14:31:00+00:00","og_image":[{"width":518,"height":345,"url":"https:\/\/www.healthy-heart.org\/wp-content\/uploads\/2019\/08\/healthy-lifestyle.jpg","type":"image\/jpeg"}],"twitter_card":"summary_large_image","twitter_misc":{"Tempo di lettura stimato":"2 minuti"},"schema":{"@context":"https:\/\/schema.org","@graph":[{"@type":"WebPage","@id":"https:\/\/www.healthy-heart.org\/it\/il-cuore\/promuovere-uno-stile-di-vita-sano\/","url":"https:\/\/www.healthy-heart.org\/it\/il-cuore\/promuovere-uno-stile-di-vita-sano\/","name":"Incoraggiare uno stile di vita sano - Healthy-Heart.org","isPartOf":{"@id":"https:\/\/www.healthy-heart.org\/es\/#website"},"primaryImageOfPage":{"@id":"https:\/\/www.healthy-heart.org\/it\/il-cuore\/promuovere-uno-stile-di-vita-sano\/#primaryimage"},"image":{"@id":"https:\/\/www.healthy-heart.org\/it\/il-cuore\/promuovere-uno-stile-di-vita-sano\/#primaryimage"},"thumbnailUrl":"https:\/\/www.healthy-heart.org\/wp-content\/uploads\/2019\/08\/healthy-lifestyle.jpg","datePublished":"2019-10-08T09:28:08+00:00","dateModified":"2020-03-03T14:31:00+00:00","description":"Fai scelte di stile di vita salutari. Pratica attivit\u00e0 fisica, mangia sano, smetti di fumare e limita il consumo di alcol.","breadcrumb":{"@id":"https:\/\/www.healthy-heart.org\/it\/il-cuore\/promuovere-uno-stile-di-vita-sano\/#breadcrumb"},"inLanguage":"it-IT","potentialAction":[{"@type":"ReadAction","target":["https:\/\/www.healthy-heart.org\/it\/il-cuore\/promuovere-uno-stile-di-vita-sano\/"]}]},{"@type":"ImageObject","inLanguage":"it-IT","@id":"https:\/\/www.healthy-heart.org\/it\/il-cuore\/promuovere-uno-stile-di-vita-sano\/#primaryimage","url":"https:\/\/www.healthy-heart.org\/wp-content\/uploads\/2019\/08\/healthy-lifestyle.jpg","contentUrl":"https:\/\/www.healthy-heart.org\/wp-content\/uploads\/2019\/08\/healthy-lifestyle.jpg","width":518,"height":345},{"@type":"BreadcrumbList","@id":"https:\/\/www.healthy-heart.org\/it\/il-cuore\/promuovere-uno-stile-di-vita-sano\/#breadcrumb","itemListElement":[{"@type":"ListItem","position":1,"name":"Home","item":"https:\/\/www.healthy-heart.org\/it\/"},{"@type":"ListItem","position":2,"name":"Il cuore","item":"https:\/\/www.healthy-heart.org\/it\/il-cuore\/"},{"@type":"ListItem","position":3,"name":"Promuovere uno stile di vita sano"}]},{"@type":"WebSite","@id":"https:\/\/www.healthy-heart.org\/es\/#website","url":"https:\/\/www.healthy-heart.org\/es\/","name":"Healthy-Heart.org","description":"Practical advice for patients and family care givers on the prevention of cardiovascular disease","potentialAction":[{"@type":"SearchAction","target":{"@type":"EntryPoint","urlTemplate":"https:\/\/www.healthy-heart.org\/es\/?s={search_term_string}"},"query-input":{"@type":"PropertyValueSpecification","valueRequired":true,"valueName":"search_term_string"}}],"inLanguage":"it-IT"}]}},"_links":{"self":[{"href":"https:\/\/www.healthy-heart.org\/it\/wp-json\/wp\/v2\/pages\/1986","targetHints":{"allow":["GET"]}}],"collection":[{"href":"https:\/\/www.healthy-heart.org\/it\/wp-json\/wp\/v2\/pages"}],"about":[{"href":"https:\/\/www.healthy-heart.org\/it\/wp-json\/wp\/v2\/types\/page"}],"author":[{"embeddable":true,"href":"https:\/\/www.healthy-heart.org\/it\/wp-json\/wp\/v2\/users\/1"}],"replies":[{"embeddable":true,"href":"https:\/\/www.healthy-heart.org\/it\/wp-json\/wp\/v2\/comments?post=1986"}],"version-history":[{"count":3,"href":"https:\/\/www.healthy-heart.org\/it\/wp-json\/wp\/v2\/pages\/1986\/revisions"}],"predecessor-version":[{"id":4250,"href":"https:\/\/www.healthy-heart.org\/it\/wp-json\/wp\/v2\/pages\/1986\/revisions\/4250"}],"up":[{"embeddable":true,"href":"https:\/\/www.healthy-heart.org\/it\/wp-json\/wp\/v2\/pages\/1924"}],"wp:featuredmedia":[{"embeddable":true,"href":"https:\/\/www.healthy-heart.org\/it\/wp-json\/wp\/v2\/media\/1262"}],"wp:attachment":[{"href":"https:\/\/www.healthy-heart.org\/it\/wp-json\/wp\/v2\/media?parent=1986"}],"wp:term":[{"taxonomy":"category","embeddable":true,"href":"https:\/\/www.healthy-heart.org\/it\/wp-json\/wp\/v2\/categories?post=1986"},{"taxonomy":"post_tag","embeddable":true,"href":"https:\/\/www.healthy-heart.org\/it\/wp-json\/wp\/v2\/tags?post=1986"}],"curies":[{"name":"wp","href":"https:\/\/api.w.org\/{rel}","templated":true}]}}