{"id":1969,"date":"2019-10-08T10:28:01","date_gmt":"2019-10-08T09:28:01","guid":{"rendered":"https:\/\/www.healthy-heart.org\/il-cuore\/cose-una-cardiopatia\/"},"modified":"2020-03-03T14:00:09","modified_gmt":"2020-03-03T14:00:09","slug":"cose-una-cardiopatia","status":"publish","type":"page","link":"https:\/\/www.healthy-heart.org\/it\/il-cuore\/cose-una-cardiopatia\/","title":{"rendered":"Cos&#8217;\u00e8 una cardiopatia?"},"content":{"rendered":"<p>Le CVD sono patologie che interessano <a href=\"https:\/\/www.healthy-heart.org\/it\/il-cuore\/come-funziona-il-cuore\/\">il cuore e i vasi sanguigni<\/a>. Includono patologie aterosclerotiche, in cui i vasi sanguigni vengono progressivamente ostruiti da depositi di grasso chiamati placche. Esistono diversi tipi di patologie aterosclerotiche in base a quali vasi sanguigni sono ostruiti.<\/p>\n<ul>\n<li>Le coronaropatie &#8211; come l&#8217;infarto &#8211; colpiscono le arterie coronarie, che forniscono sangue al cuore.<\/li>\n<li>La patologia cerebrovascolare &#8211; come l&#8217;ictus &#8211; colpisce i vasi che forniscono sangue al cervello.<\/li>\n<li>L&#8217;arteriopatia periferica colpisce i vasi che forniscono sangue alle gambe.<\/li>\n<li>Altri tipi di CVD includono insufficienza cardiaca (in cui il cuore non \u00e8 in grado di pompare correttamente), cardiopatie valvolari e patologie del muscolo cardiaco.<\/li>\n<\/ul>\n<h3>Definizione<\/h3>\n<p><img loading=\"lazy\" decoding=\"async\" class=\"alignright wp-image-694 size-medium\" src=\"https:\/\/cdn-endpoint-prev.azureedge.net\/healthy-heart\/2019\/07\/iStock-1026729722-1-350x350.jpg\" alt=\"\" width=\"350\" height=\"350\" srcset=\"https:\/\/www.healthy-heart.org\/wp-content\/uploads\/2019\/07\/iStock-1026729722-1-350x350.jpg 350w, https:\/\/www.healthy-heart.org\/wp-content\/uploads\/2019\/07\/iStock-1026729722-1-200x200.jpg 200w, https:\/\/www.healthy-heart.org\/wp-content\/uploads\/2019\/07\/iStock-1026729722-1-768x768.jpg 768w, https:\/\/www.healthy-heart.org\/wp-content\/uploads\/2019\/07\/iStock-1026729722-1-1024x1024.jpg 1024w, https:\/\/www.healthy-heart.org\/wp-content\/uploads\/2019\/07\/iStock-1026729722-1-1536x1536.jpg 1536w, https:\/\/www.healthy-heart.org\/wp-content\/uploads\/2019\/07\/iStock-1026729722-1-2048x2048.jpg 2048w, https:\/\/www.healthy-heart.org\/wp-content\/uploads\/2019\/07\/iStock-1026729722-1-439x439.jpg 439w, https:\/\/www.healthy-heart.org\/wp-content\/uploads\/2019\/07\/iStock-1026729722-1-464x464.jpg 464w\" sizes=\"auto, (max-width: 350px) 100vw, 350px\" \/><br \/>\nLe CVD includono le seguenti malattie aterosclerotiche: coronaropatia (infarto), patologia cerebrovascolare (ictus) e arteriopatia periferica che colpisce le gambe.<\/p>\n<p>L&#8217;aterosclerosi \u00e8 una patologia causata principalmente da alti livelli di colesterolo, in particolare il colesterolo LDL \u201ccattivo\u201d. Il colesterolo si accumula nella parete dei vasi sanguigni, causando infiammazione e accumulo di placche che possono restringere i vasi. Pi\u00f9 i vasi sanguigni sono stretti, minore \u00e8 l&#8217;afflusso di sangue. Ci\u00f2 pu\u00f2 causare dolore intermittente alle gambe mentre si cammina se le arterie delle gambe sono colpite. Quando i vasi che forniscono sangue al cuore si restringono, ci\u00f2 pu\u00f2 causare dolore toracico, sensazione di oppressione o disagio, chiamato angina. Se i vasi che forniscono il cuore diventano molto stretti o completamente ostruiti con placche, questo pu\u00f2 causare un attacco cardiaco (infarto del miocardio).<\/p>\n<p>La CVD pu\u00f2 essere prevenuta o trattata con scelte di <a href=\"https:\/\/www.healthy-heart.org\/it\/il-cuore\/promuovere-uno-stile-di-vita-sano\/\">stile di vita<\/a> sano, <a href=\"https:\/\/www.healthy-heart.org\/it\/convivere-con-una-patologia-cardiaca\/tipologie-di-farmaci\/\">farmaci<\/a> e\/o interventi chirurgici.<\/p>\n<h3>Frequenza<\/h3>\n<p><img loading=\"lazy\" decoding=\"async\" class=\"alignright size-medium wp-image-719\" src=\"https:\/\/cdn-endpoint-prev.azureedge.net\/healthy-heart\/2019\/07\/iStock-457380571-350x350.png\" alt=\"\" width=\"350\" height=\"350\" srcset=\"https:\/\/www.healthy-heart.org\/wp-content\/uploads\/2019\/07\/iStock-457380571-350x350.png 350w, https:\/\/www.healthy-heart.org\/wp-content\/uploads\/2019\/07\/iStock-457380571-200x200.png 200w, https:\/\/www.healthy-heart.org\/wp-content\/uploads\/2019\/07\/iStock-457380571-768x768.png 768w, https:\/\/www.healthy-heart.org\/wp-content\/uploads\/2019\/07\/iStock-457380571-439x439.png 439w, https:\/\/www.healthy-heart.org\/wp-content\/uploads\/2019\/07\/iStock-457380571-464x464.png 464w, https:\/\/cdn-endpoint-prev.azureedge.net\/healthy-heart\/2019\/07\/iStock-457380571.png 800w\" sizes=\"auto, (max-width: 350px) 100vw, 350px\" \/>La CVD \u00e8 la principale causa di morte in Europa, con pi\u00f9 di quattro milioni di decessi l&#8217;anno. Ci\u00f2 corrisponde al 45% di tutti i decessi. La CVD provoca il 49% dei decessi tra le donne e il 40% dei decessi tra gli uomini. La coronaropatia (CHD; principalmente infarto) e la malattia cerebrovascolare (principalmente ictus) sono le cause pi\u00f9 comuni di morte cardiovascolare. La CHD provoca 1,8 milioni di decessi ogni anno, corrispondenti a uno su cinque di tutti i decessi.<\/p>\n<p>In tutta Europa vi sono notevoli differenze nell&#8217;insorgenza di CVD. Negli ultimi 10 anni, la CVD \u00e8 diminuita rapidamente in quasi tutta l&#8217;Europa occidentale, con una riduzione fino al 30-50% in alcuni Paesi. Oggi, il carico complessivo della CVD \u00e8 maggiore nei paesi dell&#8217;Europa orientale, che hanno mortalit\u00e0 e morbilit\u00e0 pi\u00f9 elevate. Il precedente gradiente Nord-Sud \u00e8 diminuito.<\/p>\n<p>Il calo della CVD si osserva sia negli uomini che nelle donne. Per la maggior parte \u00e8 dovuta a una migliore prevenzione della malattia, riducendo i <a href=\"https:\/\/www.healthy-heart.org\/it\/mantieni-in-salute-il-tuo-cuore\/prevedere-e-gestire-il-rischio-di-patologie-cardiache\/\">fattori di rischio cardiovascolare<\/a> nelle persone sane e nei pazienti con CVD.<\/p>\n<p>Tuttavia, non tutti i fattori di rischio mostrano una tendenza positiva. Mentre i tassi di <a href=\"https:\/\/www.healthy-heart.org\/it\/mantieni-in-salute-il-tuo-cuore\/fumo\/\">consumo di tabacco<\/a> e i livelli di <a href=\"https:\/\/www.healthy-heart.org\/it\/mantieni-in-salute-il-tuo-cuore\/il-colesterolo\/\">colesterolo<\/a> sono scesi, <a href=\"https:\/\/www.healthy-heart.org\/it\/mantieni-in-salute-il-tuo-cuore\/mantenere-un-peso-sano\/\">obesit\u00e0<\/a> e <a href=\"https:\/\/www.healthy-heart.org\/it\/mantieni-in-salute-il-tuo-cuore\/diabete\/\">diabete<\/a> stanno aumentando e possono arrestare la riduzione della CVD. Gli <a href=\"https:\/\/www.healthy-heart.org\/it\/mantieni-in-salute-il-tuo-cuore\/stress-e-sonno\/\">stress<\/a> psicosociali, come depressione, ansia e burnout, sono ora riconosciuti come importanti fattori che contribuiscono all&#8217;insorgenza e alla prognosi della CVD e non sono in declino.<\/p>\n<blockquote><p>La CVD \u00e8 in gran parte evitabile: eliminando i comportamenti a rischio per la salute si eviterebbero almeno l&#8217;80% delle CVD.<\/p><\/blockquote>\n<p>Il modo pi\u00f9 importante per combattere la CVD \u00e8 quindi la prevenzione, il che significa fermare il primo e i successivi eventi. Un paziente su cinque ha un secondo infarto entro il primo anno. Gli operatori sanitari e i pazienti possono lavorare insieme per <a href=\"https:\/\/www.healthy-heart.org\/it\/convivere-con-una-patologia-cardiaca\/fattori-di-rischio-per-un-secondo-infarto\/\">prevenire il primo e il secondo evento<\/a>. Per esempio, molti pazienti colpiti da infarto presentano diabete non diagnosticato, che se trovato e trattato in tempo avrebbe potuto prevenire l&#8217;infarto.<\/p>\n<p>Scopri quali misure puoi adottare per <a href=\"https:\/\/www.healthy-heart.org\/keep-your-heart-healthy\/keeping-healthy-habits\/\">prevenire la CVD<\/a> e cosa puoi ottenere insieme a medici e infermieri.<\/p>\n","protected":false},"excerpt":{"rendered":"<p>Le CVD sono patologie che interessano il cuore e i vasi sanguigni. Includono patologie aterosclerotiche, in cui i vasi sanguigni vengono progressivamente ostruiti da depositi di grasso chiamati placche. Esistono diversi tipi di patologie aterosclerotiche in base a quali vasi sanguigni sono ostruiti. Le coronaropatie &#8211; come l&#8217;infarto &#8211; colpiscono le arterie coronarie, che forniscono [&hellip;]<\/p>\n","protected":false},"author":1,"featured_media":1234,"parent":1924,"menu_order":2,"comment_status":"closed","ping_status":"closed","template":"","meta":{"_acf_changed":false,"footnotes":""},"categories":[66],"tags":[],"class_list":["post-1969","page","type-page","status-publish","has-post-thumbnail","hentry","category-il-cuore"],"acf":[],"yoast_head":"<!-- This site is optimized with the Yoast SEO plugin v24.0 - https:\/\/yoast.com\/wordpress\/plugins\/seo\/ -->\n<title>Cardiopatia - Healthy-Heart.org<\/title>\n<meta name=\"description\" content=\"Le cardiopatie sono patologie del cuore e dei vasi sanguigni, tra cui aterosclerosi, infarto, ictus, malattie valvolari e malattie del muscolo cardiaco.\" \/>\n<meta name=\"robots\" content=\"index, follow, max-snippet:-1, max-image-preview:large, max-video-preview:-1\" \/>\n<link rel=\"canonical\" href=\"https:\/\/www.healthy-heart.org\/it\/il-cuore\/cose-una-cardiopatia\/\" \/>\n<meta property=\"og:locale\" content=\"it_IT\" \/>\n<meta property=\"og:type\" content=\"article\" \/>\n<meta property=\"og:title\" content=\"Cardiopatia - Healthy-Heart.org\" \/>\n<meta property=\"og:description\" content=\"Le cardiopatie sono patologie del cuore e dei vasi sanguigni, tra cui aterosclerosi, infarto, ictus, malattie valvolari e malattie del muscolo cardiaco.\" \/>\n<meta property=\"og:url\" content=\"https:\/\/www.healthy-heart.org\/it\/il-cuore\/cose-una-cardiopatia\/\" \/>\n<meta property=\"og:site_name\" content=\"Healthy-Heart.org\" \/>\n<meta property=\"article:modified_time\" content=\"2020-03-03T14:00:09+00:00\" \/>\n<meta property=\"og:image\" content=\"https:\/\/www.healthy-heart.org\/wp-content\/uploads\/2019\/08\/what-is-cardiovascular-disease.jpg\" \/>\n\t<meta property=\"og:image:width\" content=\"518\" \/>\n\t<meta property=\"og:image:height\" content=\"345\" \/>\n\t<meta property=\"og:image:type\" content=\"image\/jpeg\" \/>\n<meta name=\"twitter:card\" content=\"summary_large_image\" \/>\n<meta name=\"twitter:label1\" content=\"Tempo di lettura stimato\" \/>\n\t<meta name=\"twitter:data1\" content=\"3 minuti\" \/>\n<script type=\"application\/ld+json\" class=\"yoast-schema-graph\">{\"@context\":\"https:\/\/schema.org\",\"@graph\":[{\"@type\":\"WebPage\",\"@id\":\"https:\/\/www.healthy-heart.org\/it\/il-cuore\/cose-una-cardiopatia\/\",\"url\":\"https:\/\/www.healthy-heart.org\/it\/il-cuore\/cose-una-cardiopatia\/\",\"name\":\"Cardiopatia - Healthy-Heart.org\",\"isPartOf\":{\"@id\":\"https:\/\/www.healthy-heart.org\/es\/#website\"},\"primaryImageOfPage\":{\"@id\":\"https:\/\/www.healthy-heart.org\/it\/il-cuore\/cose-una-cardiopatia\/#primaryimage\"},\"image\":{\"@id\":\"https:\/\/www.healthy-heart.org\/it\/il-cuore\/cose-una-cardiopatia\/#primaryimage\"},\"thumbnailUrl\":\"https:\/\/www.healthy-heart.org\/wp-content\/uploads\/2019\/08\/what-is-cardiovascular-disease.jpg\",\"datePublished\":\"2019-10-08T09:28:01+00:00\",\"dateModified\":\"2020-03-03T14:00:09+00:00\",\"description\":\"Le cardiopatie sono patologie del cuore e dei vasi sanguigni, tra cui aterosclerosi, infarto, ictus, malattie valvolari e malattie del muscolo cardiaco.\",\"breadcrumb\":{\"@id\":\"https:\/\/www.healthy-heart.org\/it\/il-cuore\/cose-una-cardiopatia\/#breadcrumb\"},\"inLanguage\":\"it-IT\",\"potentialAction\":[{\"@type\":\"ReadAction\",\"target\":[\"https:\/\/www.healthy-heart.org\/it\/il-cuore\/cose-una-cardiopatia\/\"]}]},{\"@type\":\"ImageObject\",\"inLanguage\":\"it-IT\",\"@id\":\"https:\/\/www.healthy-heart.org\/it\/il-cuore\/cose-una-cardiopatia\/#primaryimage\",\"url\":\"https:\/\/www.healthy-heart.org\/wp-content\/uploads\/2019\/08\/what-is-cardiovascular-disease.jpg\",\"contentUrl\":\"https:\/\/www.healthy-heart.org\/wp-content\/uploads\/2019\/08\/what-is-cardiovascular-disease.jpg\",\"width\":518,\"height\":345},{\"@type\":\"BreadcrumbList\",\"@id\":\"https:\/\/www.healthy-heart.org\/it\/il-cuore\/cose-una-cardiopatia\/#breadcrumb\",\"itemListElement\":[{\"@type\":\"ListItem\",\"position\":1,\"name\":\"Home\",\"item\":\"https:\/\/www.healthy-heart.org\/it\/\"},{\"@type\":\"ListItem\",\"position\":2,\"name\":\"Il cuore\",\"item\":\"https:\/\/www.healthy-heart.org\/it\/il-cuore\/\"},{\"@type\":\"ListItem\",\"position\":3,\"name\":\"Cos&#8217;\u00e8 una cardiopatia?\"}]},{\"@type\":\"WebSite\",\"@id\":\"https:\/\/www.healthy-heart.org\/es\/#website\",\"url\":\"https:\/\/www.healthy-heart.org\/es\/\",\"name\":\"Healthy-Heart.org\",\"description\":\"Practical advice for patients and family care givers on the prevention of cardiovascular disease\",\"potentialAction\":[{\"@type\":\"SearchAction\",\"target\":{\"@type\":\"EntryPoint\",\"urlTemplate\":\"https:\/\/www.healthy-heart.org\/es\/?s={search_term_string}\"},\"query-input\":{\"@type\":\"PropertyValueSpecification\",\"valueRequired\":true,\"valueName\":\"search_term_string\"}}],\"inLanguage\":\"it-IT\"}]}<\/script>\n<!-- \/ Yoast SEO plugin. -->","yoast_head_json":{"title":"Cardiopatia - Healthy-Heart.org","description":"Le cardiopatie sono patologie del cuore e dei vasi sanguigni, tra cui aterosclerosi, infarto, ictus, malattie valvolari e malattie del muscolo cardiaco.","robots":{"index":"index","follow":"follow","max-snippet":"max-snippet:-1","max-image-preview":"max-image-preview:large","max-video-preview":"max-video-preview:-1"},"canonical":"https:\/\/www.healthy-heart.org\/it\/il-cuore\/cose-una-cardiopatia\/","og_locale":"it_IT","og_type":"article","og_title":"Cardiopatia - Healthy-Heart.org","og_description":"Le cardiopatie sono patologie del cuore e dei vasi sanguigni, tra cui aterosclerosi, infarto, ictus, malattie valvolari e malattie del muscolo cardiaco.","og_url":"https:\/\/www.healthy-heart.org\/it\/il-cuore\/cose-una-cardiopatia\/","og_site_name":"Healthy-Heart.org","article_modified_time":"2020-03-03T14:00:09+00:00","og_image":[{"width":518,"height":345,"url":"https:\/\/www.healthy-heart.org\/wp-content\/uploads\/2019\/08\/what-is-cardiovascular-disease.jpg","type":"image\/jpeg"}],"twitter_card":"summary_large_image","twitter_misc":{"Tempo di lettura stimato":"3 minuti"},"schema":{"@context":"https:\/\/schema.org","@graph":[{"@type":"WebPage","@id":"https:\/\/www.healthy-heart.org\/it\/il-cuore\/cose-una-cardiopatia\/","url":"https:\/\/www.healthy-heart.org\/it\/il-cuore\/cose-una-cardiopatia\/","name":"Cardiopatia - Healthy-Heart.org","isPartOf":{"@id":"https:\/\/www.healthy-heart.org\/es\/#website"},"primaryImageOfPage":{"@id":"https:\/\/www.healthy-heart.org\/it\/il-cuore\/cose-una-cardiopatia\/#primaryimage"},"image":{"@id":"https:\/\/www.healthy-heart.org\/it\/il-cuore\/cose-una-cardiopatia\/#primaryimage"},"thumbnailUrl":"https:\/\/www.healthy-heart.org\/wp-content\/uploads\/2019\/08\/what-is-cardiovascular-disease.jpg","datePublished":"2019-10-08T09:28:01+00:00","dateModified":"2020-03-03T14:00:09+00:00","description":"Le cardiopatie sono patologie del cuore e dei vasi sanguigni, tra cui aterosclerosi, infarto, ictus, malattie valvolari e malattie del muscolo cardiaco.","breadcrumb":{"@id":"https:\/\/www.healthy-heart.org\/it\/il-cuore\/cose-una-cardiopatia\/#breadcrumb"},"inLanguage":"it-IT","potentialAction":[{"@type":"ReadAction","target":["https:\/\/www.healthy-heart.org\/it\/il-cuore\/cose-una-cardiopatia\/"]}]},{"@type":"ImageObject","inLanguage":"it-IT","@id":"https:\/\/www.healthy-heart.org\/it\/il-cuore\/cose-una-cardiopatia\/#primaryimage","url":"https:\/\/www.healthy-heart.org\/wp-content\/uploads\/2019\/08\/what-is-cardiovascular-disease.jpg","contentUrl":"https:\/\/www.healthy-heart.org\/wp-content\/uploads\/2019\/08\/what-is-cardiovascular-disease.jpg","width":518,"height":345},{"@type":"BreadcrumbList","@id":"https:\/\/www.healthy-heart.org\/it\/il-cuore\/cose-una-cardiopatia\/#breadcrumb","itemListElement":[{"@type":"ListItem","position":1,"name":"Home","item":"https:\/\/www.healthy-heart.org\/it\/"},{"@type":"ListItem","position":2,"name":"Il cuore","item":"https:\/\/www.healthy-heart.org\/it\/il-cuore\/"},{"@type":"ListItem","position":3,"name":"Cos&#8217;\u00e8 una cardiopatia?"}]},{"@type":"WebSite","@id":"https:\/\/www.healthy-heart.org\/es\/#website","url":"https:\/\/www.healthy-heart.org\/es\/","name":"Healthy-Heart.org","description":"Practical advice for patients and family care givers on the prevention of cardiovascular disease","potentialAction":[{"@type":"SearchAction","target":{"@type":"EntryPoint","urlTemplate":"https:\/\/www.healthy-heart.org\/es\/?s={search_term_string}"},"query-input":{"@type":"PropertyValueSpecification","valueRequired":true,"valueName":"search_term_string"}}],"inLanguage":"it-IT"}]}},"_links":{"self":[{"href":"https:\/\/www.healthy-heart.org\/it\/wp-json\/wp\/v2\/pages\/1969","targetHints":{"allow":["GET"]}}],"collection":[{"href":"https:\/\/www.healthy-heart.org\/it\/wp-json\/wp\/v2\/pages"}],"about":[{"href":"https:\/\/www.healthy-heart.org\/it\/wp-json\/wp\/v2\/types\/page"}],"author":[{"embeddable":true,"href":"https:\/\/www.healthy-heart.org\/it\/wp-json\/wp\/v2\/users\/1"}],"replies":[{"embeddable":true,"href":"https:\/\/www.healthy-heart.org\/it\/wp-json\/wp\/v2\/comments?post=1969"}],"version-history":[{"count":4,"href":"https:\/\/www.healthy-heart.org\/it\/wp-json\/wp\/v2\/pages\/1969\/revisions"}],"predecessor-version":[{"id":4245,"href":"https:\/\/www.healthy-heart.org\/it\/wp-json\/wp\/v2\/pages\/1969\/revisions\/4245"}],"up":[{"embeddable":true,"href":"https:\/\/www.healthy-heart.org\/it\/wp-json\/wp\/v2\/pages\/1924"}],"wp:featuredmedia":[{"embeddable":true,"href":"https:\/\/www.healthy-heart.org\/it\/wp-json\/wp\/v2\/media\/1234"}],"wp:attachment":[{"href":"https:\/\/www.healthy-heart.org\/it\/wp-json\/wp\/v2\/media?parent=1969"}],"wp:term":[{"taxonomy":"category","embeddable":true,"href":"https:\/\/www.healthy-heart.org\/it\/wp-json\/wp\/v2\/categories?post=1969"},{"taxonomy":"post_tag","embeddable":true,"href":"https:\/\/www.healthy-heart.org\/it\/wp-json\/wp\/v2\/tags?post=1969"}],"curies":[{"name":"wp","href":"https:\/\/api.w.org\/{rel}","templated":true}]}}