{"id":1957,"date":"2019-10-08T10:27:59","date_gmt":"2019-10-08T09:27:59","guid":{"rendered":"https:\/\/www.healthy-heart.org\/il-cuore\/come-eseguire-la-rcp-rianimazione-cardiopolmonare\/"},"modified":"2021-02-25T14:37:02","modified_gmt":"2021-02-25T14:37:02","slug":"come-eseguire-la-rcp-rianimazione-cardiopolmonare","status":"publish","type":"page","link":"https:\/\/www.healthy-heart.org\/it\/il-cuore\/come-eseguire-la-rcp-rianimazione-cardiopolmonare\/","title":{"rendered":"Come eseguire la RCP (rianimazione cardiopolmonare)"},"content":{"rendered":"<p><img loading=\"lazy\" decoding=\"async\" class=\"alignright size-medium wp-image-784\" src=\"https:\/\/cdn-endpoint-prev.azureedge.net\/healthy-heart\/2019\/07\/iStock-915166956-350x233.jpg\" alt=\"\" width=\"350\" height=\"233\" srcset=\"https:\/\/www.healthy-heart.org\/wp-content\/uploads\/2019\/07\/iStock-915166956-350x233.jpg 350w, https:\/\/cdn-endpoint-prev.azureedge.net\/healthy-heart\/2019\/07\/iStock-915166956-2048x1365.jpg 2048w, https:\/\/cdn-endpoint-prev.azureedge.net\/healthy-heart\/2019\/07\/iStock-915166956-659x439.jpg 659w, https:\/\/www.healthy-heart.org\/wp-content\/uploads\/2019\/07\/iStock-915166956-200x133.jpg 200w, https:\/\/www.healthy-heart.org\/wp-content\/uploads\/2019\/07\/iStock-915166956-768x512.jpg 768w, https:\/\/www.healthy-heart.org\/wp-content\/uploads\/2019\/07\/iStock-915166956-1024x683.jpg 1024w, https:\/\/www.healthy-heart.org\/wp-content\/uploads\/2019\/07\/iStock-915166956-1536x1024.jpg 1536w, https:\/\/www.healthy-heart.org\/wp-content\/uploads\/2019\/07\/iStock-915166956-696x464.jpg 696w\" sizes=\"auto, (max-width: 350px) 100vw, 350px\" \/>La buona notizia \u00e8 che aiutare a salvare la vita di qualcuno \u00e8 pi\u00f9 facile di quanto pensi.<\/p>\n<p>Se vedi qualcuno collassare, avvicinati alla vittima.<\/p>\n<ol>\n<li>Chiedi a qualcuno di chiamare il numero di emergenza locale (se non conosci il numero locale, il 112 funziona in tutta Europa e in molti altri Paesi) e cerca un defibrillatore. Se sei solo, chiama i soccorsi e rimani con la vittima.<\/li>\n<li>Se la persona non risponde e non respira correttamente, inizia la RCP:<br \/>\nChinati sul petto della persona, appoggia il palmo della mano al centro del petto e la seconda mano sopra la prima, quindi ESEGUI COMPRESSIONI TORACICHE PREMENDO CON DECISIONE E RAPIDIT\u00c0 FINO ALL&#8217;ARRIVO DEI SOCCORSI. Dovresti praticare da 100 a 120 compressioni al minuto, che \u00e8 all&#8217;incirca lo stesso tempo della famosa canzone dei Bee Gees Stayin &#8216;Alive. Continua fino all&#8217;arrivo dell&#8217;ambulanza.<\/li>\n<\/ol>\n<p>RICORDA:<\/p>\n<ol>\n<li>CHIAMA I SOCCORSI<\/li>\n<li>PREMI FORTE E VELOCE AL CENTRO DEL TORACE<\/li>\n<\/ol>\n<p>IL TUO INTERVENTO PU\u00d2 AIUTARE A SALVARE UNA VITA!<\/p>\n<p>Per maggiori informazioni, guarda <a href=\"https:\/\/www.bhf.org.uk\/how-you-can-help\/how-to-save-a-life\/how-to-do-cpr\/cpr-training-videos\" target=\"_blank\" rel=\"noopener noreferrer\">questo video<\/a> creato dalla British Heart Foundation.<\/p>\n","protected":false},"excerpt":{"rendered":"<p>La buona notizia \u00e8 che aiutare a salvare la vita di qualcuno \u00e8 pi\u00f9 facile di quanto pensi. Se vedi qualcuno collassare, avvicinati alla vittima. Chiedi a qualcuno di chiamare il numero di emergenza locale (se non conosci il numero locale, il 112 funziona in tutta Europa e in molti altri Paesi) e cerca un [&hellip;]<\/p>\n","protected":false},"author":1,"featured_media":1253,"parent":1924,"menu_order":4,"comment_status":"closed","ping_status":"closed","template":"","meta":{"_acf_changed":false,"footnotes":""},"categories":[66],"tags":[],"class_list":["post-1957","page","type-page","status-publish","has-post-thumbnail","hentry","category-il-cuore"],"acf":[],"yoast_head":"<!-- This site is optimized with the Yoast SEO plugin v24.0 - https:\/\/yoast.com\/wordpress\/plugins\/seo\/ -->\n<title>Come eseguire la RCP - Healthy-Heart.org<\/title>\n<meta name=\"description\" content=\"Impara come eseguire la RCP o rianimazione cardiopolmonare praticando compressioni toraciche a una persona in arresto cardiaco.\" \/>\n<meta name=\"robots\" content=\"index, follow, max-snippet:-1, max-image-preview:large, max-video-preview:-1\" \/>\n<link rel=\"canonical\" href=\"https:\/\/www.healthy-heart.org\/it\/il-cuore\/come-eseguire-la-rcp-rianimazione-cardiopolmonare\/\" \/>\n<meta property=\"og:locale\" content=\"it_IT\" \/>\n<meta property=\"og:type\" content=\"article\" \/>\n<meta property=\"og:title\" content=\"Come eseguire la RCP - Healthy-Heart.org\" \/>\n<meta property=\"og:description\" content=\"Impara come eseguire la RCP o rianimazione cardiopolmonare praticando compressioni toraciche a una persona in arresto cardiaco.\" \/>\n<meta property=\"og:url\" content=\"https:\/\/www.healthy-heart.org\/it\/il-cuore\/come-eseguire-la-rcp-rianimazione-cardiopolmonare\/\" \/>\n<meta property=\"og:site_name\" content=\"Healthy-Heart.org\" \/>\n<meta property=\"article:modified_time\" content=\"2021-02-25T14:37:02+00:00\" \/>\n<meta property=\"og:image\" content=\"https:\/\/www.healthy-heart.org\/wp-content\/uploads\/2019\/08\/cpr.jpg\" \/>\n\t<meta property=\"og:image:width\" content=\"518\" \/>\n\t<meta property=\"og:image:height\" content=\"345\" \/>\n\t<meta property=\"og:image:type\" content=\"image\/jpeg\" \/>\n<meta name=\"twitter:card\" content=\"summary_large_image\" \/>\n<meta name=\"twitter:label1\" content=\"Tempo di lettura stimato\" \/>\n\t<meta name=\"twitter:data1\" content=\"1 minuto\" \/>\n<script type=\"application\/ld+json\" class=\"yoast-schema-graph\">{\"@context\":\"https:\/\/schema.org\",\"@graph\":[{\"@type\":\"WebPage\",\"@id\":\"https:\/\/www.healthy-heart.org\/it\/il-cuore\/come-eseguire-la-rcp-rianimazione-cardiopolmonare\/\",\"url\":\"https:\/\/www.healthy-heart.org\/it\/il-cuore\/come-eseguire-la-rcp-rianimazione-cardiopolmonare\/\",\"name\":\"Come eseguire la RCP - Healthy-Heart.org\",\"isPartOf\":{\"@id\":\"https:\/\/www.healthy-heart.org\/es\/#website\"},\"primaryImageOfPage\":{\"@id\":\"https:\/\/www.healthy-heart.org\/it\/il-cuore\/come-eseguire-la-rcp-rianimazione-cardiopolmonare\/#primaryimage\"},\"image\":{\"@id\":\"https:\/\/www.healthy-heart.org\/it\/il-cuore\/come-eseguire-la-rcp-rianimazione-cardiopolmonare\/#primaryimage\"},\"thumbnailUrl\":\"https:\/\/www.healthy-heart.org\/wp-content\/uploads\/2019\/08\/cpr.jpg\",\"datePublished\":\"2019-10-08T09:27:59+00:00\",\"dateModified\":\"2021-02-25T14:37:02+00:00\",\"description\":\"Impara come eseguire la RCP o rianimazione cardiopolmonare praticando compressioni toraciche a una persona in arresto cardiaco.\",\"breadcrumb\":{\"@id\":\"https:\/\/www.healthy-heart.org\/it\/il-cuore\/come-eseguire-la-rcp-rianimazione-cardiopolmonare\/#breadcrumb\"},\"inLanguage\":\"it-IT\",\"potentialAction\":[{\"@type\":\"ReadAction\",\"target\":[\"https:\/\/www.healthy-heart.org\/it\/il-cuore\/come-eseguire-la-rcp-rianimazione-cardiopolmonare\/\"]}]},{\"@type\":\"ImageObject\",\"inLanguage\":\"it-IT\",\"@id\":\"https:\/\/www.healthy-heart.org\/it\/il-cuore\/come-eseguire-la-rcp-rianimazione-cardiopolmonare\/#primaryimage\",\"url\":\"https:\/\/www.healthy-heart.org\/wp-content\/uploads\/2019\/08\/cpr.jpg\",\"contentUrl\":\"https:\/\/www.healthy-heart.org\/wp-content\/uploads\/2019\/08\/cpr.jpg\",\"width\":518,\"height\":345},{\"@type\":\"BreadcrumbList\",\"@id\":\"https:\/\/www.healthy-heart.org\/it\/il-cuore\/come-eseguire-la-rcp-rianimazione-cardiopolmonare\/#breadcrumb\",\"itemListElement\":[{\"@type\":\"ListItem\",\"position\":1,\"name\":\"Home\",\"item\":\"https:\/\/www.healthy-heart.org\/it\/\"},{\"@type\":\"ListItem\",\"position\":2,\"name\":\"Il cuore\",\"item\":\"https:\/\/www.healthy-heart.org\/it\/il-cuore\/\"},{\"@type\":\"ListItem\",\"position\":3,\"name\":\"Come eseguire la RCP (rianimazione cardiopolmonare)\"}]},{\"@type\":\"WebSite\",\"@id\":\"https:\/\/www.healthy-heart.org\/es\/#website\",\"url\":\"https:\/\/www.healthy-heart.org\/es\/\",\"name\":\"Healthy-Heart.org\",\"description\":\"Practical advice for patients and family care givers on the prevention of cardiovascular disease\",\"potentialAction\":[{\"@type\":\"SearchAction\",\"target\":{\"@type\":\"EntryPoint\",\"urlTemplate\":\"https:\/\/www.healthy-heart.org\/es\/?s={search_term_string}\"},\"query-input\":{\"@type\":\"PropertyValueSpecification\",\"valueRequired\":true,\"valueName\":\"search_term_string\"}}],\"inLanguage\":\"it-IT\"}]}<\/script>\n<!-- \/ Yoast SEO plugin. -->","yoast_head_json":{"title":"Come eseguire la RCP - Healthy-Heart.org","description":"Impara come eseguire la RCP o rianimazione cardiopolmonare praticando compressioni toraciche a una persona in arresto cardiaco.","robots":{"index":"index","follow":"follow","max-snippet":"max-snippet:-1","max-image-preview":"max-image-preview:large","max-video-preview":"max-video-preview:-1"},"canonical":"https:\/\/www.healthy-heart.org\/it\/il-cuore\/come-eseguire-la-rcp-rianimazione-cardiopolmonare\/","og_locale":"it_IT","og_type":"article","og_title":"Come eseguire la RCP - Healthy-Heart.org","og_description":"Impara come eseguire la RCP o rianimazione cardiopolmonare praticando compressioni toraciche a una persona in arresto cardiaco.","og_url":"https:\/\/www.healthy-heart.org\/it\/il-cuore\/come-eseguire-la-rcp-rianimazione-cardiopolmonare\/","og_site_name":"Healthy-Heart.org","article_modified_time":"2021-02-25T14:37:02+00:00","og_image":[{"width":518,"height":345,"url":"https:\/\/www.healthy-heart.org\/wp-content\/uploads\/2019\/08\/cpr.jpg","type":"image\/jpeg"}],"twitter_card":"summary_large_image","twitter_misc":{"Tempo di lettura stimato":"1 minuto"},"schema":{"@context":"https:\/\/schema.org","@graph":[{"@type":"WebPage","@id":"https:\/\/www.healthy-heart.org\/it\/il-cuore\/come-eseguire-la-rcp-rianimazione-cardiopolmonare\/","url":"https:\/\/www.healthy-heart.org\/it\/il-cuore\/come-eseguire-la-rcp-rianimazione-cardiopolmonare\/","name":"Come eseguire la RCP - Healthy-Heart.org","isPartOf":{"@id":"https:\/\/www.healthy-heart.org\/es\/#website"},"primaryImageOfPage":{"@id":"https:\/\/www.healthy-heart.org\/it\/il-cuore\/come-eseguire-la-rcp-rianimazione-cardiopolmonare\/#primaryimage"},"image":{"@id":"https:\/\/www.healthy-heart.org\/it\/il-cuore\/come-eseguire-la-rcp-rianimazione-cardiopolmonare\/#primaryimage"},"thumbnailUrl":"https:\/\/www.healthy-heart.org\/wp-content\/uploads\/2019\/08\/cpr.jpg","datePublished":"2019-10-08T09:27:59+00:00","dateModified":"2021-02-25T14:37:02+00:00","description":"Impara come eseguire la RCP o rianimazione cardiopolmonare praticando compressioni toraciche a una persona in arresto cardiaco.","breadcrumb":{"@id":"https:\/\/www.healthy-heart.org\/it\/il-cuore\/come-eseguire-la-rcp-rianimazione-cardiopolmonare\/#breadcrumb"},"inLanguage":"it-IT","potentialAction":[{"@type":"ReadAction","target":["https:\/\/www.healthy-heart.org\/it\/il-cuore\/come-eseguire-la-rcp-rianimazione-cardiopolmonare\/"]}]},{"@type":"ImageObject","inLanguage":"it-IT","@id":"https:\/\/www.healthy-heart.org\/it\/il-cuore\/come-eseguire-la-rcp-rianimazione-cardiopolmonare\/#primaryimage","url":"https:\/\/www.healthy-heart.org\/wp-content\/uploads\/2019\/08\/cpr.jpg","contentUrl":"https:\/\/www.healthy-heart.org\/wp-content\/uploads\/2019\/08\/cpr.jpg","width":518,"height":345},{"@type":"BreadcrumbList","@id":"https:\/\/www.healthy-heart.org\/it\/il-cuore\/come-eseguire-la-rcp-rianimazione-cardiopolmonare\/#breadcrumb","itemListElement":[{"@type":"ListItem","position":1,"name":"Home","item":"https:\/\/www.healthy-heart.org\/it\/"},{"@type":"ListItem","position":2,"name":"Il cuore","item":"https:\/\/www.healthy-heart.org\/it\/il-cuore\/"},{"@type":"ListItem","position":3,"name":"Come eseguire la RCP (rianimazione cardiopolmonare)"}]},{"@type":"WebSite","@id":"https:\/\/www.healthy-heart.org\/es\/#website","url":"https:\/\/www.healthy-heart.org\/es\/","name":"Healthy-Heart.org","description":"Practical advice for patients and family care givers on the prevention of cardiovascular disease","potentialAction":[{"@type":"SearchAction","target":{"@type":"EntryPoint","urlTemplate":"https:\/\/www.healthy-heart.org\/es\/?s={search_term_string}"},"query-input":{"@type":"PropertyValueSpecification","valueRequired":true,"valueName":"search_term_string"}}],"inLanguage":"it-IT"}]}},"_links":{"self":[{"href":"https:\/\/www.healthy-heart.org\/it\/wp-json\/wp\/v2\/pages\/1957","targetHints":{"allow":["GET"]}}],"collection":[{"href":"https:\/\/www.healthy-heart.org\/it\/wp-json\/wp\/v2\/pages"}],"about":[{"href":"https:\/\/www.healthy-heart.org\/it\/wp-json\/wp\/v2\/types\/page"}],"author":[{"embeddable":true,"href":"https:\/\/www.healthy-heart.org\/it\/wp-json\/wp\/v2\/users\/1"}],"replies":[{"embeddable":true,"href":"https:\/\/www.healthy-heart.org\/it\/wp-json\/wp\/v2\/comments?post=1957"}],"version-history":[{"count":2,"href":"https:\/\/www.healthy-heart.org\/it\/wp-json\/wp\/v2\/pages\/1957\/revisions"}],"predecessor-version":[{"id":5604,"href":"https:\/\/www.healthy-heart.org\/it\/wp-json\/wp\/v2\/pages\/1957\/revisions\/5604"}],"up":[{"embeddable":true,"href":"https:\/\/www.healthy-heart.org\/it\/wp-json\/wp\/v2\/pages\/1924"}],"wp:featuredmedia":[{"embeddable":true,"href":"https:\/\/www.healthy-heart.org\/it\/wp-json\/wp\/v2\/media\/1253"}],"wp:attachment":[{"href":"https:\/\/www.healthy-heart.org\/it\/wp-json\/wp\/v2\/media?parent=1957"}],"wp:term":[{"taxonomy":"category","embeddable":true,"href":"https:\/\/www.healthy-heart.org\/it\/wp-json\/wp\/v2\/categories?post=1957"},{"taxonomy":"post_tag","embeddable":true,"href":"https:\/\/www.healthy-heart.org\/it\/wp-json\/wp\/v2\/tags?post=1957"}],"curies":[{"name":"wp","href":"https:\/\/api.w.org\/{rel}","templated":true}]}}