{"id":1930,"date":"2019-10-08T10:27:55","date_gmt":"2019-10-08T09:27:55","guid":{"rendered":"https:\/\/www.healthy-heart.org\/il-cuore\/segnali-di-avvertimento-e-sintomi\/"},"modified":"2020-03-03T14:08:15","modified_gmt":"2020-03-03T14:08:15","slug":"segnali-di-avvertimento-e-sintomi","status":"publish","type":"page","link":"https:\/\/www.healthy-heart.org\/it\/il-cuore\/segnali-di-avvertimento-e-sintomi\/","title":{"rendered":"Segnali di avvertimento e sintomi"},"content":{"rendered":"<p><img loading=\"lazy\" decoding=\"async\" class=\"alignright size-medium wp-image-729\" src=\"https:\/\/cdn-endpoint-prev.azureedge.net\/healthy-heart\/2019\/07\/iStock-529054845-350x233.jpg\" alt=\"\" width=\"350\" height=\"233\" srcset=\"https:\/\/www.healthy-heart.org\/wp-content\/uploads\/2019\/07\/iStock-529054845-350x233.jpg 350w, https:\/\/cdn-endpoint-prev.azureedge.net\/healthy-heart\/2019\/07\/iStock-529054845-2048x1365.jpg 2048w, https:\/\/cdn-endpoint-prev.azureedge.net\/healthy-heart\/2019\/07\/iStock-529054845-659x439.jpg 659w, https:\/\/www.healthy-heart.org\/wp-content\/uploads\/2019\/07\/iStock-529054845-200x133.jpg 200w, https:\/\/www.healthy-heart.org\/wp-content\/uploads\/2019\/07\/iStock-529054845-768x512.jpg 768w, https:\/\/www.healthy-heart.org\/wp-content\/uploads\/2019\/07\/iStock-529054845-1024x683.jpg 1024w, https:\/\/www.healthy-heart.org\/wp-content\/uploads\/2019\/07\/iStock-529054845-1536x1024.jpg 1536w, https:\/\/www.healthy-heart.org\/wp-content\/uploads\/2019\/07\/iStock-529054845-696x464.jpg 696w\" sizes=\"auto, (max-width: 350px) 100vw, 350px\" \/><br \/>\nUno dei segnali d&#8217;allarme di un <a href=\"https:\/\/www.healthy-heart.org\/it\/il-cuore\/cose-una-cardiopatia\/\">infarto<\/a> \u00e8 il dolore toracico, che pu\u00f2 durare solo pochi minuti o essere pi\u00f9 prolungato. In genere, il dolore viene avvertito come un peso sul petto o una compressione toracica, ma pu\u00f2 essere un leggero fastidio al petto o una sensazione di bruciore. Il dolore pi\u00f9 intenso \u00e8 localizzato al centro del torace e pu\u00f2 essere accompagnato da sudore freddo e nausea. Il dolore pu\u00f2 irradiarsi ad altre aree della parte superiore del corpo, ad esempio le braccia (pi\u00f9 a sinistra che a destra), la schiena e persino la mascella.<\/p>\n<blockquote><p>Se avverti dolori al petto per pi\u00f9 di 10 minuti, chiama subito un&#8217;ambulanza.<br \/>\nNon recarti da solo in ospedale poich\u00e9 l&#8217;ospedale pi\u00f9 vicino potrebbe non essere attrezzato per il trattamento di un infarto 24 ore su 24, 7 giorni su 7.<\/p><\/blockquote>\n<p>&nbsp;<\/p>\n<h2>Segnali d&#8217;allarme e sintomi di palpitazioni e svenimento<\/h2>\n<p class=\"intro\">Cosa fare in caso di palpitazioni cardiache o svenimento<\/p>\n<p>&nbsp;<\/p>\n<h3>Palpitazioni<\/h3>\n<p><img loading=\"lazy\" decoding=\"async\" class=\"alignright size-medium wp-image-739\" src=\"https:\/\/cdn-endpoint-prev.azureedge.net\/healthy-heart\/2019\/07\/iStock-1147153827-350x233.jpg\" alt=\"\" width=\"350\" height=\"233\" srcset=\"https:\/\/www.healthy-heart.org\/wp-content\/uploads\/2019\/07\/iStock-1147153827-350x233.jpg 350w, https:\/\/cdn-endpoint-prev.azureedge.net\/healthy-heart\/2019\/07\/iStock-1147153827-2048x1365.jpg 2048w, https:\/\/cdn-endpoint-prev.azureedge.net\/healthy-heart\/2019\/07\/iStock-1147153827-659x439.jpg 659w, https:\/\/www.healthy-heart.org\/wp-content\/uploads\/2019\/07\/iStock-1147153827-200x133.jpg 200w, https:\/\/www.healthy-heart.org\/wp-content\/uploads\/2019\/07\/iStock-1147153827-768x512.jpg 768w, https:\/\/www.healthy-heart.org\/wp-content\/uploads\/2019\/07\/iStock-1147153827-1024x683.jpg 1024w, https:\/\/www.healthy-heart.org\/wp-content\/uploads\/2019\/07\/iStock-1147153827-1536x1024.jpg 1536w, https:\/\/www.healthy-heart.org\/wp-content\/uploads\/2019\/07\/iStock-1147153827-696x464.jpg 696w\" sizes=\"auto, (max-width: 350px) 100vw, 350px\" \/><br \/>\nLe palpitazioni si verificano quando il cuore batte in modo irregolare, pi\u00f9 veloce del solito o batte forte, e si \u00e8 pi\u00f9 consapevoli del normale del proprio battito cardiaco. Le palpitazioni di solito durano alcuni secondi o minuti, ma possono anche essere prolungate. Il cuore pu\u00f2 &#8220;saltare&#8221; qualche battito, ma questo \u00e8 normale e il pi\u00f9 delle volte passa inosservato.<\/p>\n<p>Le palpitazioni di solito sono innocue. Le persone tendono a diventare pi\u00f9 consapevoli del battito cardiaco quando sono stressate. Caffeina, <a href=\"https:\/\/www.healthy-heart.org\/it\/mantieni-in-salute-il-tuo-cuore\/fumo\/\">fumo<\/a>, alcol e droghe possono scatenare palpitazioni. Altre cause includono cambiamenti ormonali, forti emozioni, esercizio fisico intenso e alcuni farmaci.<\/p>\n<blockquote><p>Ridurre o evitare la causa scatenante dovrebbe fermare le palpitazioni, ma prima rivolgiti a un medico se pensi che i farmaci siano la causa. Consulta un medico se le palpitazioni persistono, aumentano di frequenza o sono associate ad altri sintomi come ad esempio le vertigini.<\/p><\/blockquote>\n<p>&nbsp;<\/p>\n<h3>Sincope<\/h3>\n<p>La sincope \u00e8 pi\u00f9 comunemente nota come svenimento. Si riferisce a una perdita temporanea di coscienza e di solito che comporta di solito una caduta a terra. La pressione sanguigna bassa \u00e8 la causa pi\u00f9 comune e spesso colpisce le adolescenti e le giovani donne. Alcune persone manifestano segni premonitori, come vertigini, capogiri, nausea o debolezza, prima di svenire per alcuni secondi.<\/p>\n<blockquote><p>Se ti senti svenire, siediti o distenditi in modo che la pressione sanguigna possa tornare alla normalit\u00e0. In caso di svenimento, rivolgiti al tuo medico per escludere altre cause come disturbi del ritmo cardiaco, restringimento dei vasi sanguigni, problemi alle valvole cardiache e altre patologie.<\/p><\/blockquote>\n<p>&nbsp;<\/p>\n<h2>Cosa fare in caso di capogiri<\/h2>\n<p class=\"intro\">Le vertigini possono essere un sintomo importante delle malattie cardiache<\/p>\n<p><img loading=\"lazy\" decoding=\"async\" class=\"alignright size-medium wp-image-750\" src=\"https:\/\/cdn-endpoint-prev.azureedge.net\/healthy-heart\/2019\/07\/iStock-1124415619-350x234.jpg\" alt=\"\" width=\"350\" height=\"234\" srcset=\"https:\/\/www.healthy-heart.org\/wp-content\/uploads\/2019\/07\/iStock-1124415619-350x234.jpg 350w, https:\/\/cdn-endpoint-prev.azureedge.net\/healthy-heart\/2019\/07\/iStock-1124415619-1024x683.jpg 1024w, https:\/\/cdn-endpoint-prev.azureedge.net\/healthy-heart\/2019\/07\/iStock-1124415619-200x133.jpg 200w, https:\/\/www.healthy-heart.org\/wp-content\/uploads\/2019\/07\/iStock-1124415619-768x513.jpg 768w, https:\/\/www.healthy-heart.org\/wp-content\/uploads\/2019\/07\/iStock-1124415619-1536x1025.jpg 1536w, https:\/\/www.healthy-heart.org\/wp-content\/uploads\/2019\/07\/iStock-1124415619-2048x1367.jpg 2048w, https:\/\/www.healthy-heart.org\/wp-content\/uploads\/2019\/07\/iStock-1124415619-658x439.jpg 658w, https:\/\/www.healthy-heart.org\/wp-content\/uploads\/2019\/07\/iStock-1124415619-695x464.jpg 695w\" sizes=\"auto, (max-width: 350px) 100vw, 350px\" \/>e sono uno dei segnali d&#8217;allarme di un futuro infarto. \u00c8 una sensazione comune e spiacevole di imminente svenimento, spesso accompagnata da una percezione di stordimento. Le vertigini possono avere numerose cause e non sempre sono correlate a un problema cardiaco. Ad esempio, una pressione bassa temporanea o bassi livelli di zucchero nel sangue possono causare vertigini.<\/p>\n<blockquote><p>Se ti gira la testa, siediti, bevi un bicchiere d&#8217;acqua con po&#8217; di zucchero, se possibile. Se non ti riprendi entro pochi minuti o se inizi a sentire anche palpitazioni o altri segni premonitori di un infarto (come dolore o fastidio toracico) rivolgiti a un medico.<\/p><\/blockquote>\n<p>&nbsp;<\/p>\n<h2>Cosa devi sapere sulla nausea<\/h2>\n<p class=\"intro\">Nausea e vomito possono manifestarsi in caso di infarto.<\/p>\n<p><img loading=\"lazy\" decoding=\"async\" class=\"alignright size-medium wp-image-759\" src=\"https:\/\/cdn-endpoint-prev.azureedge.net\/healthy-heart\/2019\/07\/iStock-875091172-350x233.jpg\" alt=\"\" width=\"350\" height=\"233\" srcset=\"https:\/\/www.healthy-heart.org\/wp-content\/uploads\/2019\/07\/iStock-875091172-350x233.jpg 350w, https:\/\/cdn-endpoint-prev.azureedge.net\/healthy-heart\/2019\/07\/iStock-875091172-2048x1365.jpg 2048w, https:\/\/cdn-endpoint-prev.azureedge.net\/healthy-heart\/2019\/07\/iStock-875091172-659x439.jpg 659w, https:\/\/www.healthy-heart.org\/wp-content\/uploads\/2019\/07\/iStock-875091172-200x133.jpg 200w, https:\/\/www.healthy-heart.org\/wp-content\/uploads\/2019\/07\/iStock-875091172-768x512.jpg 768w, https:\/\/www.healthy-heart.org\/wp-content\/uploads\/2019\/07\/iStock-875091172-1024x683.jpg 1024w, https:\/\/www.healthy-heart.org\/wp-content\/uploads\/2019\/07\/iStock-875091172-1536x1024.jpg 1536w, https:\/\/www.healthy-heart.org\/wp-content\/uploads\/2019\/07\/iStock-875091172-696x464.jpg 696w\" sizes=\"auto, (max-width: 350px) 100vw, 350px\" \/><br \/>\nLa nausea \u00e8 un sintomo comune di infarto. Se hai avuto un precedente attacco cardiaco o sei ad alto rischio (ad esempio se soffri di <a href=\"https:\/\/www.healthy-heart.org\/it\/mantieni-in-salute-il-tuo-cuore\/diabete\/\">diabete<\/a>, sei in <a href=\"https:\/\/www.healthy-heart.org\/it\/mantieni-in-salute-il-tuo-cuore\/mantenere-un-peso-sano\/\">sovrappeso<\/a> e fumi), tieni presente che nausea e vomito possono essere sintomi premonitori di un infarto.<\/p>\n<blockquote><p>In caso di malessere e altri sintomi di attacco cardiaco, come il dolore toracico, consulta un medico.<\/p><\/blockquote>\n<p>&nbsp;<\/p>\n<h2>Cosa devi sapere sul respiro corto<\/h2>\n<p class=\"intro\">Il respiro corto \u00e8 un tipico sintomo di attacco cardiaco<\/p>\n<p><img loading=\"lazy\" decoding=\"async\" class=\"alignright size-medium wp-image-769\" src=\"https:\/\/cdn-endpoint-prev.azureedge.net\/healthy-heart\/2019\/07\/iStock-986556596-350x270.jpg\" alt=\"\" width=\"350\" height=\"270\" srcset=\"https:\/\/www.healthy-heart.org\/wp-content\/uploads\/2019\/07\/iStock-986556596-350x270.jpg 350w, https:\/\/www.healthy-heart.org\/wp-content\/uploads\/2019\/07\/iStock-986556596-200x154.jpg 200w, https:\/\/www.healthy-heart.org\/wp-content\/uploads\/2019\/07\/iStock-986556596-768x592.jpg 768w, https:\/\/www.healthy-heart.org\/wp-content\/uploads\/2019\/07\/iStock-986556596-1024x789.jpg 1024w, https:\/\/www.healthy-heart.org\/wp-content\/uploads\/2019\/07\/iStock-986556596-1536x1184.jpg 1536w, https:\/\/www.healthy-heart.org\/wp-content\/uploads\/2019\/07\/iStock-986556596-2048x1578.jpg 2048w, https:\/\/www.healthy-heart.org\/wp-content\/uploads\/2019\/07\/iStock-986556596-570x439.jpg 570w, https:\/\/www.healthy-heart.org\/wp-content\/uploads\/2019\/07\/iStock-986556596-602x464.jpg 602w\" sizes=\"auto, (max-width: 350px) 100vw, 350px\" \/><br \/>\n\u00c8 la sensazione di non riuscire a incamerare aria a sufficienza. Pu\u00f2 verificarsi improvvisamente durante l&#8217;attivit\u00e0 fisica, ma pu\u00f2 anche accadere a riposo. Le cause sono diverse, ma \u00e8 importante informare il medico o il cardiologo se manifesti episodi di respiro corto, anche se solo durante l&#8217;attivit\u00e0 fisica.<\/p>\n<blockquote><p>Cerca immediatamente assistenza medica in caso di respiro corto e altri sintomi di attacco cardiaco come dolore o sensazione di costrizione al torace.<\/p><\/blockquote>\n","protected":false},"excerpt":{"rendered":"<p>Uno dei segnali d&#8217;allarme di un infarto \u00e8 il dolore toracico, che pu\u00f2 durare solo pochi minuti o essere pi\u00f9 prolungato. In genere, il dolore viene avvertito come un peso sul petto o una compressione toracica, ma pu\u00f2 essere un leggero fastidio al petto o una sensazione di bruciore. Il dolore pi\u00f9 intenso \u00e8 localizzato [&hellip;]<\/p>\n","protected":false},"author":1,"featured_media":1243,"parent":1924,"menu_order":3,"comment_status":"closed","ping_status":"closed","template":"","meta":{"_acf_changed":false,"footnotes":""},"categories":[66],"tags":[],"class_list":["post-1930","page","type-page","status-publish","has-post-thumbnail","hentry","category-il-cuore"],"acf":[],"yoast_head":"<!-- This site is optimized with the Yoast SEO plugin v24.0 - https:\/\/yoast.com\/wordpress\/plugins\/seo\/ -->\n<title>Avvertimenti, segnali e sintomi - Healthy-Heart.org<\/title>\n<meta name=\"description\" content=\"Presta attenzione ai segnali e sintomi di un infarto, come dolore al petto, palpitazioni, nausea e vomito.\" \/>\n<meta name=\"robots\" content=\"index, follow, max-snippet:-1, max-image-preview:large, max-video-preview:-1\" \/>\n<link rel=\"canonical\" href=\"https:\/\/www.healthy-heart.org\/it\/il-cuore\/segnali-di-avvertimento-e-sintomi\/\" \/>\n<meta property=\"og:locale\" content=\"it_IT\" \/>\n<meta property=\"og:type\" content=\"article\" \/>\n<meta property=\"og:title\" content=\"Avvertimenti, segnali e sintomi - Healthy-Heart.org\" \/>\n<meta property=\"og:description\" content=\"Presta attenzione ai segnali e sintomi di un infarto, come dolore al petto, palpitazioni, nausea e vomito.\" \/>\n<meta property=\"og:url\" content=\"https:\/\/www.healthy-heart.org\/it\/il-cuore\/segnali-di-avvertimento-e-sintomi\/\" \/>\n<meta property=\"og:site_name\" content=\"Healthy-Heart.org\" \/>\n<meta property=\"article:modified_time\" content=\"2020-03-03T14:08:15+00:00\" \/>\n<meta property=\"og:image\" content=\"https:\/\/www.healthy-heart.org\/wp-content\/uploads\/2019\/08\/signs-and-symptoms.jpg\" \/>\n\t<meta property=\"og:image:width\" content=\"518\" \/>\n\t<meta property=\"og:image:height\" content=\"345\" \/>\n\t<meta property=\"og:image:type\" content=\"image\/jpeg\" \/>\n<meta name=\"twitter:card\" content=\"summary_large_image\" \/>\n<meta name=\"twitter:label1\" content=\"Tempo di lettura stimato\" \/>\n\t<meta name=\"twitter:data1\" content=\"3 minuti\" \/>\n<script type=\"application\/ld+json\" class=\"yoast-schema-graph\">{\"@context\":\"https:\/\/schema.org\",\"@graph\":[{\"@type\":\"WebPage\",\"@id\":\"https:\/\/www.healthy-heart.org\/it\/il-cuore\/segnali-di-avvertimento-e-sintomi\/\",\"url\":\"https:\/\/www.healthy-heart.org\/it\/il-cuore\/segnali-di-avvertimento-e-sintomi\/\",\"name\":\"Avvertimenti, segnali e sintomi - Healthy-Heart.org\",\"isPartOf\":{\"@id\":\"https:\/\/www.healthy-heart.org\/es\/#website\"},\"primaryImageOfPage\":{\"@id\":\"https:\/\/www.healthy-heart.org\/it\/il-cuore\/segnali-di-avvertimento-e-sintomi\/#primaryimage\"},\"image\":{\"@id\":\"https:\/\/www.healthy-heart.org\/it\/il-cuore\/segnali-di-avvertimento-e-sintomi\/#primaryimage\"},\"thumbnailUrl\":\"https:\/\/www.healthy-heart.org\/wp-content\/uploads\/2019\/08\/signs-and-symptoms.jpg\",\"datePublished\":\"2019-10-08T09:27:55+00:00\",\"dateModified\":\"2020-03-03T14:08:15+00:00\",\"description\":\"Presta attenzione ai segnali e sintomi di un infarto, come dolore al petto, palpitazioni, nausea e vomito.\",\"breadcrumb\":{\"@id\":\"https:\/\/www.healthy-heart.org\/it\/il-cuore\/segnali-di-avvertimento-e-sintomi\/#breadcrumb\"},\"inLanguage\":\"it-IT\",\"potentialAction\":[{\"@type\":\"ReadAction\",\"target\":[\"https:\/\/www.healthy-heart.org\/it\/il-cuore\/segnali-di-avvertimento-e-sintomi\/\"]}]},{\"@type\":\"ImageObject\",\"inLanguage\":\"it-IT\",\"@id\":\"https:\/\/www.healthy-heart.org\/it\/il-cuore\/segnali-di-avvertimento-e-sintomi\/#primaryimage\",\"url\":\"https:\/\/www.healthy-heart.org\/wp-content\/uploads\/2019\/08\/signs-and-symptoms.jpg\",\"contentUrl\":\"https:\/\/www.healthy-heart.org\/wp-content\/uploads\/2019\/08\/signs-and-symptoms.jpg\",\"width\":518,\"height\":345},{\"@type\":\"BreadcrumbList\",\"@id\":\"https:\/\/www.healthy-heart.org\/it\/il-cuore\/segnali-di-avvertimento-e-sintomi\/#breadcrumb\",\"itemListElement\":[{\"@type\":\"ListItem\",\"position\":1,\"name\":\"Home\",\"item\":\"https:\/\/www.healthy-heart.org\/it\/\"},{\"@type\":\"ListItem\",\"position\":2,\"name\":\"Il cuore\",\"item\":\"https:\/\/www.healthy-heart.org\/it\/il-cuore\/\"},{\"@type\":\"ListItem\",\"position\":3,\"name\":\"Segnali di avvertimento e sintomi\"}]},{\"@type\":\"WebSite\",\"@id\":\"https:\/\/www.healthy-heart.org\/es\/#website\",\"url\":\"https:\/\/www.healthy-heart.org\/es\/\",\"name\":\"Healthy-Heart.org\",\"description\":\"Practical advice for patients and family care givers on the prevention of cardiovascular disease\",\"potentialAction\":[{\"@type\":\"SearchAction\",\"target\":{\"@type\":\"EntryPoint\",\"urlTemplate\":\"https:\/\/www.healthy-heart.org\/es\/?s={search_term_string}\"},\"query-input\":{\"@type\":\"PropertyValueSpecification\",\"valueRequired\":true,\"valueName\":\"search_term_string\"}}],\"inLanguage\":\"it-IT\"}]}<\/script>\n<!-- \/ Yoast SEO plugin. -->","yoast_head_json":{"title":"Avvertimenti, segnali e sintomi - Healthy-Heart.org","description":"Presta attenzione ai segnali e sintomi di un infarto, come dolore al petto, palpitazioni, nausea e vomito.","robots":{"index":"index","follow":"follow","max-snippet":"max-snippet:-1","max-image-preview":"max-image-preview:large","max-video-preview":"max-video-preview:-1"},"canonical":"https:\/\/www.healthy-heart.org\/it\/il-cuore\/segnali-di-avvertimento-e-sintomi\/","og_locale":"it_IT","og_type":"article","og_title":"Avvertimenti, segnali e sintomi - Healthy-Heart.org","og_description":"Presta attenzione ai segnali e sintomi di un infarto, come dolore al petto, palpitazioni, nausea e vomito.","og_url":"https:\/\/www.healthy-heart.org\/it\/il-cuore\/segnali-di-avvertimento-e-sintomi\/","og_site_name":"Healthy-Heart.org","article_modified_time":"2020-03-03T14:08:15+00:00","og_image":[{"width":518,"height":345,"url":"https:\/\/www.healthy-heart.org\/wp-content\/uploads\/2019\/08\/signs-and-symptoms.jpg","type":"image\/jpeg"}],"twitter_card":"summary_large_image","twitter_misc":{"Tempo di lettura stimato":"3 minuti"},"schema":{"@context":"https:\/\/schema.org","@graph":[{"@type":"WebPage","@id":"https:\/\/www.healthy-heart.org\/it\/il-cuore\/segnali-di-avvertimento-e-sintomi\/","url":"https:\/\/www.healthy-heart.org\/it\/il-cuore\/segnali-di-avvertimento-e-sintomi\/","name":"Avvertimenti, segnali e sintomi - Healthy-Heart.org","isPartOf":{"@id":"https:\/\/www.healthy-heart.org\/es\/#website"},"primaryImageOfPage":{"@id":"https:\/\/www.healthy-heart.org\/it\/il-cuore\/segnali-di-avvertimento-e-sintomi\/#primaryimage"},"image":{"@id":"https:\/\/www.healthy-heart.org\/it\/il-cuore\/segnali-di-avvertimento-e-sintomi\/#primaryimage"},"thumbnailUrl":"https:\/\/www.healthy-heart.org\/wp-content\/uploads\/2019\/08\/signs-and-symptoms.jpg","datePublished":"2019-10-08T09:27:55+00:00","dateModified":"2020-03-03T14:08:15+00:00","description":"Presta attenzione ai segnali e sintomi di un infarto, come dolore al petto, palpitazioni, nausea e vomito.","breadcrumb":{"@id":"https:\/\/www.healthy-heart.org\/it\/il-cuore\/segnali-di-avvertimento-e-sintomi\/#breadcrumb"},"inLanguage":"it-IT","potentialAction":[{"@type":"ReadAction","target":["https:\/\/www.healthy-heart.org\/it\/il-cuore\/segnali-di-avvertimento-e-sintomi\/"]}]},{"@type":"ImageObject","inLanguage":"it-IT","@id":"https:\/\/www.healthy-heart.org\/it\/il-cuore\/segnali-di-avvertimento-e-sintomi\/#primaryimage","url":"https:\/\/www.healthy-heart.org\/wp-content\/uploads\/2019\/08\/signs-and-symptoms.jpg","contentUrl":"https:\/\/www.healthy-heart.org\/wp-content\/uploads\/2019\/08\/signs-and-symptoms.jpg","width":518,"height":345},{"@type":"BreadcrumbList","@id":"https:\/\/www.healthy-heart.org\/it\/il-cuore\/segnali-di-avvertimento-e-sintomi\/#breadcrumb","itemListElement":[{"@type":"ListItem","position":1,"name":"Home","item":"https:\/\/www.healthy-heart.org\/it\/"},{"@type":"ListItem","position":2,"name":"Il cuore","item":"https:\/\/www.healthy-heart.org\/it\/il-cuore\/"},{"@type":"ListItem","position":3,"name":"Segnali di avvertimento e sintomi"}]},{"@type":"WebSite","@id":"https:\/\/www.healthy-heart.org\/es\/#website","url":"https:\/\/www.healthy-heart.org\/es\/","name":"Healthy-Heart.org","description":"Practical advice for patients and family care givers on the prevention of cardiovascular disease","potentialAction":[{"@type":"SearchAction","target":{"@type":"EntryPoint","urlTemplate":"https:\/\/www.healthy-heart.org\/es\/?s={search_term_string}"},"query-input":{"@type":"PropertyValueSpecification","valueRequired":true,"valueName":"search_term_string"}}],"inLanguage":"it-IT"}]}},"_links":{"self":[{"href":"https:\/\/www.healthy-heart.org\/it\/wp-json\/wp\/v2\/pages\/1930","targetHints":{"allow":["GET"]}}],"collection":[{"href":"https:\/\/www.healthy-heart.org\/it\/wp-json\/wp\/v2\/pages"}],"about":[{"href":"https:\/\/www.healthy-heart.org\/it\/wp-json\/wp\/v2\/types\/page"}],"author":[{"embeddable":true,"href":"https:\/\/www.healthy-heart.org\/it\/wp-json\/wp\/v2\/users\/1"}],"replies":[{"embeddable":true,"href":"https:\/\/www.healthy-heart.org\/it\/wp-json\/wp\/v2\/comments?post=1930"}],"version-history":[{"count":2,"href":"https:\/\/www.healthy-heart.org\/it\/wp-json\/wp\/v2\/pages\/1930\/revisions"}],"predecessor-version":[{"id":4247,"href":"https:\/\/www.healthy-heart.org\/it\/wp-json\/wp\/v2\/pages\/1930\/revisions\/4247"}],"up":[{"embeddable":true,"href":"https:\/\/www.healthy-heart.org\/it\/wp-json\/wp\/v2\/pages\/1924"}],"wp:featuredmedia":[{"embeddable":true,"href":"https:\/\/www.healthy-heart.org\/it\/wp-json\/wp\/v2\/media\/1243"}],"wp:attachment":[{"href":"https:\/\/www.healthy-heart.org\/it\/wp-json\/wp\/v2\/media?parent=1930"}],"wp:term":[{"taxonomy":"category","embeddable":true,"href":"https:\/\/www.healthy-heart.org\/it\/wp-json\/wp\/v2\/categories?post=1930"},{"taxonomy":"post_tag","embeddable":true,"href":"https:\/\/www.healthy-heart.org\/it\/wp-json\/wp\/v2\/tags?post=1930"}],"curies":[{"name":"wp","href":"https:\/\/api.w.org\/{rel}","templated":true}]}}