{"id":7092,"date":"2024-01-15T12:15:37","date_gmt":"2024-01-15T12:15:37","guid":{"rendered":"https:\/\/www.healthy-heart.org\/sitemap\/"},"modified":"2024-01-15T12:25:29","modified_gmt":"2024-01-15T12:25:29","slug":"sitemap","status":"publish","type":"page","link":"https:\/\/www.healthy-heart.org\/fr\/sitemap\/","title":{"rendered":"Sitemap"},"content":{"rendered":"<div id=\"simple-sitemap-container-69f3a53852a5a\" class=\"simple-sitemap-container simple-sitemap-container-69f3a53852a5a tab-disabled\"><div class=\"simple-sitemap-wrap\"><h3 class=\"post-type\">Pages<\/h3><ul class=\"simple-sitemap-page main\"><li class=\"sitemap-item page_item page-item-1763\"><a href=\"https:\/\/www.healthy-heart.org\/fr\/a-propos-de-la-sec\/\">\u00c0 propos de la SEC<\/a><\/li>\n<li class=\"sitemap-item page_item page-item-1755\"><a href=\"https:\/\/www.healthy-heart.org\/fr\/auteurs-remerciements\/\">Auteurs Remerciements<\/a><\/li>\n<li class=\"sitemap-item page_item page-item-1832\"><a href=\"https:\/\/www.healthy-heart.org\/fr\/conditions-dutilisation\/\">Conditions d'utilisation<\/a><\/li>\n<li class=\"sitemap-item page_item page-item-1837\"><a href=\"https:\/\/www.healthy-heart.org\/fr\/contactez-nous\/\">Contactez-nous<\/a><\/li>\n<li class=\"sitemap-item page_item page-item-1749\"><a href=\"https:\/\/www.healthy-heart.org\/fr\/faq\/\">Faq<\/a><\/li>\n<li class=\"sitemap-item page_item page-item-1679 page_item_has_children\"><a href=\"https:\/\/www.healthy-heart.org\/fr\/gardez-votre-coeur-en-bonne-sante\/\">Gardez votre c\u0153ur en bonne sant\u00e9<\/a>\n<ul class='children'>\n\t<li class=\"sitemap-item page_item page-item-1867\"><a href=\"https:\/\/www.healthy-heart.org\/fr\/gardez-votre-coeur-en-bonne-sante\/tension-arterielle\/\">Pression art\u00e9rielle<\/a><\/li>\n\t<li class=\"sitemap-item page_item page-item-1872\"><a href=\"https:\/\/www.healthy-heart.org\/fr\/gardez-votre-coeur-en-bonne-sante\/le-cholesterol\/\">Le cholest\u00e9rol<\/a><\/li>\n\t<li class=\"sitemap-item page_item page-item-1684\"><a href=\"https:\/\/www.healthy-heart.org\/fr\/gardez-votre-coeur-en-bonne-sante\/le-diabete\/\">Diab\u00e8te<\/a><\/li>\n\t<li class=\"sitemap-item page_item page-item-1689\"><a href=\"https:\/\/www.healthy-heart.org\/fr\/gardez-votre-coeur-en-bonne-sante\/conserver-un-poids-de-forme\/\">Conserver un poids de forme<\/a><\/li>\n\t<li class=\"sitemap-item page_item page-item-1788\"><a href=\"https:\/\/www.healthy-heart.org\/fr\/gardez-votre-coeur-en-bonne-sante\/alimentation-bonne-pour-le-coeur\/\">Alimentation bonne pour le c\u0153ur<\/a><\/li>\n\t<li class=\"sitemap-item page_item page-item-1793\"><a href=\"https:\/\/www.healthy-heart.org\/fr\/gardez-votre-coeur-en-bonne-sante\/stress-et-sommeil\/\">Stress et sommeil<\/a><\/li>\n\t<li class=\"sitemap-item page_item page-item-1694\"><a href=\"https:\/\/www.healthy-heart.org\/fr\/gardez-votre-coeur-en-bonne-sante\/le-tabagisme\/\">Tabagisme<\/a><\/li>\n\t<li class=\"sitemap-item page_item page-item-1699\"><a href=\"https:\/\/www.healthy-heart.org\/fr\/gardez-votre-coeur-en-bonne-sante\/lactivite-physique\/\">Activit\u00e9 physique<\/a><\/li>\n\t<li class=\"sitemap-item page_item page-item-1714\"><a href=\"https:\/\/www.healthy-heart.org\/fr\/gardez-votre-coeur-en-bonne-sante\/antecedents-familiaux-de-maladie-du-coeur\/\">Ant\u00e9c\u00e9dents familiaux de maladie du c\u0153ur<\/a><\/li>\n\t<li class=\"sitemap-item page_item page-item-1719\"><a href=\"https:\/\/www.healthy-heart.org\/fr\/gardez-votre-coeur-en-bonne-sante\/differences-entre-les-hommes-et-les-femmes\/\">Les maladies cardiovasculaires chez les femmes<\/a><\/li>\n\t<li class=\"sitemap-item page_item page-item-1704\"><a href=\"https:\/\/www.healthy-heart.org\/fr\/gardez-votre-coeur-en-bonne-sante\/prediction-et-gestion-du-risque-de-maladie-cardiaque\/\">Pr\u00e9diction et gestion du risque de maladie cardiaque<\/a><\/li>\n\t<li class=\"sitemap-item page_item page-item-1709\"><a href=\"https:\/\/www.healthy-heart.org\/fr\/gardez-votre-coeur-en-bonne-sante\/prenez-le-controle-de-votre-mode-de-vie\/\">Prenez le contr\u00f4le de votre mode de vie<\/a><\/li>\n\t<li class=\"sitemap-item page_item page-item-1857\"><a href=\"https:\/\/www.healthy-heart.org\/fr\/gardez-votre-coeur-en-bonne-sante\/maintenir-des-habitudes-saines\/\">Maintenir des habitudes saines<\/a><\/li>\n<\/ul>\n<\/li>\n<li class=\"sitemap-item page_item page-item-1446\"><a href=\"https:\/\/www.healthy-heart.org\/fr\/\">Healthy-Heart.org<\/a><\/li>\n<li class=\"sitemap-item page_item page-item-1773\"><a href=\"https:\/\/www.healthy-heart.org\/fr\/liens-utiles\/\">Liens utiles<\/a><\/li>\n<li class=\"sitemap-item page_item page-item-1387\"><a href=\"https:\/\/www.healthy-heart.org\/fr\/politique-de-confidentialite\/\">Politique de confidentialit\u00e9<\/a><\/li>\n<li class=\"sitemap-item page_item page-item-7092\"><a href=\"https:\/\/www.healthy-heart.org\/fr\/sitemap\/\">Sitemap<\/a><\/li>\n<li class=\"sitemap-item page_item page-item-1822\"><a href=\"https:\/\/www.healthy-heart.org\/fr\/soutien-financier\/\">Soutien financier<\/a><\/li>\n<li class=\"sitemap-item page_item page-item-1862 page_item_has_children\"><a href=\"https:\/\/www.healthy-heart.org\/fr\/vivre-avec-une-cardiopathie\/\">Vivre avec une cardiopathie<\/a>\n<ul class='children'>\n\t<li class=\"sitemap-item page_item page-item-1799\"><a href=\"https:\/\/www.healthy-heart.org\/fr\/vivre-avec-une-cardiopathie\/amelioration-de-la-sante-de-votre-coeur\/\">Am\u00e9lioration de la sant\u00e9 de votre c\u0153ur<\/a><\/li>\n\t<li class=\"sitemap-item page_item page-item-1878\"><a href=\"https:\/\/www.healthy-heart.org\/fr\/vivre-avec-une-cardiopathie\/types-de-medicament\/\">Types de m\u00e9dicament<\/a><\/li>\n\t<li class=\"sitemap-item page_item page-item-1807\"><a href=\"https:\/\/www.healthy-heart.org\/fr\/vivre-avec-une-cardiopathie\/entrainement-physique\/\">Entra\u00eenement physique<\/a><\/li>\n\t<li class=\"sitemap-item page_item page-item-1729\"><a href=\"https:\/\/www.healthy-heart.org\/fr\/vivre-avec-une-cardiopathie\/anxiete-et-depression\/\">Anxi\u00e9t\u00e9 et d\u00e9pression<\/a><\/li>\n\t<li class=\"sitemap-item page_item page-item-1847\"><a href=\"https:\/\/www.healthy-heart.org\/fr\/vivre-avec-une-cardiopathie\/conduire-apres-une-crise-cardiaque\/\">Conduire apr\u00e8s une crise cardiaque<\/a><\/li>\n\t<li class=\"sitemap-item page_item page-item-1852\"><a href=\"https:\/\/www.healthy-heart.org\/fr\/vivre-avec-une-cardiopathie\/voyager-apres-une-crise-cardiaque\/\">Voyager apr\u00e8s une crise cardiaque<\/a><\/li>\n\t<li class=\"sitemap-item page_item page-item-1734\"><a href=\"https:\/\/www.healthy-heart.org\/fr\/vivre-avec-une-cardiopathie\/retour-au-travail-apres-une-crise-cardiaque\/\">Retour au travail apr\u00e8s une crise cardiaque<\/a><\/li>\n\t<li class=\"sitemap-item page_item page-item-1812\"><a href=\"https:\/\/www.healthy-heart.org\/fr\/vivre-avec-une-cardiopathie\/sexe-et-maladie-cardiaque\/\">Sexe et maladie cardiaque<\/a><\/li>\n\t<li class=\"sitemap-item page_item page-item-1739\"><a href=\"https:\/\/www.healthy-heart.org\/fr\/vivre-avec-une-cardiopathie\/soutien-aux-familles\/\">Soutien aux familles<\/a><\/li>\n\t<li class=\"sitemap-item page_item page-item-1724\"><a href=\"https:\/\/www.healthy-heart.org\/fr\/vivre-avec-une-cardiopathie\/facteurs-de-risque-de-recidive-de-crise-cardiaque\/\">Facteurs de risque de r\u00e9cidive de crise cardiaque<\/a><\/li>\n\t<li class=\"sitemap-item page_item page-item-1817\"><a href=\"https:\/\/www.healthy-heart.org\/fr\/vivre-avec-une-cardiopathie\/estimation-du-risque-residuel-apres-une-crise-cardiaque\/\">Estimation du risque r\u00e9siduel apr\u00e8s une crise cardiaque<\/a><\/li>\n\t<li class=\"sitemap-item page_item page-item-1744\"><a href=\"https:\/\/www.healthy-heart.org\/fr\/vivre-avec-une-cardiopathie\/quelles-questions-poser-a-mon-cardiologue\/\">Quelles questions poser \u00e0 mon cardiologue?<\/a><\/li>\n<\/ul>\n<\/li>\n<li class=\"sitemap-item page_item page-item-1651 page_item_has_children\"><a href=\"https:\/\/www.healthy-heart.org\/fr\/votre-coeur\/\">Votre c\u0153ur<\/a>\n<ul class='children'>\n\t<li class=\"sitemap-item page_item page-item-1658\"><a href=\"https:\/\/www.healthy-heart.org\/fr\/votre-coeur\/comment-fonctionne-le-coeur\/\">Comment fonctionne le c\u0153ur?<\/a><\/li>\n\t<li class=\"sitemap-item page_item page-item-1669\"><a href=\"https:\/\/www.healthy-heart.org\/fr\/votre-coeur\/quest-ce-quune-cardiopathie\/\">Qu'est-ce qu'une cardiopathie?<\/a><\/li>\n\t<li class=\"sitemap-item page_item page-item-1778\"><a href=\"https:\/\/www.healthy-heart.org\/fr\/votre-coeur\/signes-avant-coureurs-et-symptomes\/\">Signes avant-coureurs et sympt\u00f4mes<\/a><\/li>\n\t<li class=\"sitemap-item page_item page-item-1783\"><a href=\"https:\/\/www.healthy-heart.org\/fr\/votre-coeur\/comment-faire-une-rcp-reanimation-cardio-pulmonaire\/\">Comment faire une RCP (r\u00e9animation cardio-pulmonaire)<\/a><\/li>\n\t<li class=\"sitemap-item page_item page-item-1674\"><a href=\"https:\/\/www.healthy-heart.org\/fr\/votre-coeur\/encourager-un-mode-de-vie-sain\/\">Encourager un mode de vie sain<\/a><\/li>\n<\/ul>\n<\/li>\n<\/ul><\/div><\/div><br style=\"clear: both;\">\n","protected":false},"excerpt":{"rendered":"","protected":false},"author":2,"featured_media":0,"parent":0,"menu_order":0,"comment_status":"closed","ping_status":"closed","template":"","meta":{"_acf_changed":false,"footnotes":""},"categories":[],"tags":[],"class_list":["post-7092","page","type-page","status-publish","hentry"],"acf":[],"yoast_head":"<!-- This site is optimized with the Yoast SEO plugin v24.0 - https:\/\/yoast.com\/wordpress\/plugins\/seo\/ -->\n<title>Sitemap - Healthy-Heart.org<\/title>\n<meta name=\"robots\" content=\"index, follow, max-snippet:-1, max-image-preview:large, max-video-preview:-1\" \/>\n<link rel=\"canonical\" href=\"https:\/\/www.healthy-heart.org\/fr\/sitemap\/\" \/>\n<meta property=\"og:locale\" content=\"fr_FR\" \/>\n<meta property=\"og:type\" content=\"article\" \/>\n<meta property=\"og:title\" content=\"Sitemap - Healthy-Heart.org\" \/>\n<meta property=\"og:url\" content=\"https:\/\/www.healthy-heart.org\/fr\/sitemap\/\" \/>\n<meta property=\"og:site_name\" content=\"Healthy-Heart.org\" \/>\n<meta property=\"article:modified_time\" content=\"2024-01-15T12:25:29+00:00\" \/>\n<meta name=\"twitter:card\" content=\"summary_large_image\" \/>\n<meta name=\"twitter:label1\" content=\"Dur\u00e9e de lecture estim\u00e9e\" \/>\n\t<meta name=\"twitter:data1\" content=\"1 minute\" \/>\n<script type=\"application\/ld+json\" class=\"yoast-schema-graph\">{\"@context\":\"https:\/\/schema.org\",\"@graph\":[{\"@type\":\"WebPage\",\"@id\":\"https:\/\/www.healthy-heart.org\/fr\/sitemap\/\",\"url\":\"https:\/\/www.healthy-heart.org\/fr\/sitemap\/\",\"name\":\"Sitemap - Healthy-Heart.org\",\"isPartOf\":{\"@id\":\"https:\/\/www.healthy-heart.org\/es\/#website\"},\"datePublished\":\"2024-01-15T12:15:37+00:00\",\"dateModified\":\"2024-01-15T12:25:29+00:00\",\"breadcrumb\":{\"@id\":\"https:\/\/www.healthy-heart.org\/fr\/sitemap\/#breadcrumb\"},\"inLanguage\":\"fr-FR\",\"potentialAction\":[{\"@type\":\"ReadAction\",\"target\":[\"https:\/\/www.healthy-heart.org\/fr\/sitemap\/\"]}]},{\"@type\":\"BreadcrumbList\",\"@id\":\"https:\/\/www.healthy-heart.org\/fr\/sitemap\/#breadcrumb\",\"itemListElement\":[{\"@type\":\"ListItem\",\"position\":1,\"name\":\"Home\",\"item\":\"https:\/\/www.healthy-heart.org\/fr\/\"},{\"@type\":\"ListItem\",\"position\":2,\"name\":\"Sitemap\"}]},{\"@type\":\"WebSite\",\"@id\":\"https:\/\/www.healthy-heart.org\/es\/#website\",\"url\":\"https:\/\/www.healthy-heart.org\/es\/\",\"name\":\"Healthy-Heart.org\",\"description\":\"Practical advice for patients and family care givers on the prevention of cardiovascular disease\",\"potentialAction\":[{\"@type\":\"SearchAction\",\"target\":{\"@type\":\"EntryPoint\",\"urlTemplate\":\"https:\/\/www.healthy-heart.org\/es\/?s={search_term_string}\"},\"query-input\":{\"@type\":\"PropertyValueSpecification\",\"valueRequired\":true,\"valueName\":\"search_term_string\"}}],\"inLanguage\":\"fr-FR\"}]}<\/script>\n<!-- \/ Yoast SEO plugin. -->","yoast_head_json":{"title":"Sitemap - Healthy-Heart.org","robots":{"index":"index","follow":"follow","max-snippet":"max-snippet:-1","max-image-preview":"max-image-preview:large","max-video-preview":"max-video-preview:-1"},"canonical":"https:\/\/www.healthy-heart.org\/fr\/sitemap\/","og_locale":"fr_FR","og_type":"article","og_title":"Sitemap - Healthy-Heart.org","og_url":"https:\/\/www.healthy-heart.org\/fr\/sitemap\/","og_site_name":"Healthy-Heart.org","article_modified_time":"2024-01-15T12:25:29+00:00","twitter_card":"summary_large_image","twitter_misc":{"Dur\u00e9e de lecture estim\u00e9e":"1 minute"},"schema":{"@context":"https:\/\/schema.org","@graph":[{"@type":"WebPage","@id":"https:\/\/www.healthy-heart.org\/fr\/sitemap\/","url":"https:\/\/www.healthy-heart.org\/fr\/sitemap\/","name":"Sitemap - Healthy-Heart.org","isPartOf":{"@id":"https:\/\/www.healthy-heart.org\/es\/#website"},"datePublished":"2024-01-15T12:15:37+00:00","dateModified":"2024-01-15T12:25:29+00:00","breadcrumb":{"@id":"https:\/\/www.healthy-heart.org\/fr\/sitemap\/#breadcrumb"},"inLanguage":"fr-FR","potentialAction":[{"@type":"ReadAction","target":["https:\/\/www.healthy-heart.org\/fr\/sitemap\/"]}]},{"@type":"BreadcrumbList","@id":"https:\/\/www.healthy-heart.org\/fr\/sitemap\/#breadcrumb","itemListElement":[{"@type":"ListItem","position":1,"name":"Home","item":"https:\/\/www.healthy-heart.org\/fr\/"},{"@type":"ListItem","position":2,"name":"Sitemap"}]},{"@type":"WebSite","@id":"https:\/\/www.healthy-heart.org\/es\/#website","url":"https:\/\/www.healthy-heart.org\/es\/","name":"Healthy-Heart.org","description":"Practical advice for patients and family care givers on the prevention of cardiovascular disease","potentialAction":[{"@type":"SearchAction","target":{"@type":"EntryPoint","urlTemplate":"https:\/\/www.healthy-heart.org\/es\/?s={search_term_string}"},"query-input":{"@type":"PropertyValueSpecification","valueRequired":true,"valueName":"search_term_string"}}],"inLanguage":"fr-FR"}]}},"_links":{"self":[{"href":"https:\/\/www.healthy-heart.org\/fr\/wp-json\/wp\/v2\/pages\/7092","targetHints":{"allow":["GET"]}}],"collection":[{"href":"https:\/\/www.healthy-heart.org\/fr\/wp-json\/wp\/v2\/pages"}],"about":[{"href":"https:\/\/www.healthy-heart.org\/fr\/wp-json\/wp\/v2\/types\/page"}],"author":[{"embeddable":true,"href":"https:\/\/www.healthy-heart.org\/fr\/wp-json\/wp\/v2\/users\/2"}],"replies":[{"embeddable":true,"href":"https:\/\/www.healthy-heart.org\/fr\/wp-json\/wp\/v2\/comments?post=7092"}],"version-history":[{"count":1,"href":"https:\/\/www.healthy-heart.org\/fr\/wp-json\/wp\/v2\/pages\/7092\/revisions"}],"predecessor-version":[{"id":7104,"href":"https:\/\/www.healthy-heart.org\/fr\/wp-json\/wp\/v2\/pages\/7092\/revisions\/7104"}],"wp:attachment":[{"href":"https:\/\/www.healthy-heart.org\/fr\/wp-json\/wp\/v2\/media?parent=7092"}],"wp:term":[{"taxonomy":"category","embeddable":true,"href":"https:\/\/www.healthy-heart.org\/fr\/wp-json\/wp\/v2\/categories?post=7092"},{"taxonomy":"post_tag","embeddable":true,"href":"https:\/\/www.healthy-heart.org\/fr\/wp-json\/wp\/v2\/tags?post=7092"}],"curies":[{"name":"wp","href":"https:\/\/api.w.org\/{rel}","templated":true}]}}