{"id":1852,"date":"2019-10-07T18:02:27","date_gmt":"2019-10-07T17:02:27","guid":{"rendered":"https:\/\/www.healthy-heart.org\/voyager-apres-une-crise-cardiaque\/"},"modified":"2024-12-10T12:24:17","modified_gmt":"2024-12-10T12:24:17","slug":"voyager-apres-une-crise-cardiaque","status":"publish","type":"page","link":"https:\/\/www.healthy-heart.org\/fr\/vivre-avec-une-cardiopathie\/voyager-apres-une-crise-cardiaque\/","title":{"rendered":"Voyager apr\u00e8s une crise cardiaque"},"content":{"rendered":"<p><img loading=\"lazy\" decoding=\"async\" class=\"size-medium wp-image-3193 alignright\" src=\"https:\/\/cdn-endpoint-prev.azureedge.net\/healthy-heart\/2019\/10\/Travel-1-350x227.jpg\" alt=\"\" width=\"350\" height=\"227\" srcset=\"https:\/\/cdn-endpoint-prev.azureedge.net\/healthy-heart\/2019\/10\/Travel-1-350x227.jpg 350w, https:\/\/cdn-endpoint-prev.azureedge.net\/healthy-heart\/2019\/10\/Travel-1-1024x665.jpg 1024w, https:\/\/cdn-endpoint-prev.azureedge.net\/healthy-heart\/2019\/10\/Travel-1-676x439.jpg 676w, https:\/\/www.healthy-heart.org\/wp-content\/uploads\/2019\/10\/Travel-1-200x130.jpg 200w, https:\/\/www.healthy-heart.org\/wp-content\/uploads\/2019\/10\/Travel-1-768x499.jpg 768w, https:\/\/www.healthy-heart.org\/wp-content\/uploads\/2019\/10\/Travel-1-1536x998.jpg 1536w, https:\/\/www.healthy-heart.org\/wp-content\/uploads\/2019\/10\/Travel-1-2048x1331.jpg 2048w, https:\/\/www.healthy-heart.org\/wp-content\/uploads\/2019\/10\/Travel-1-700x455.jpg 700w\" sizes=\"auto, (max-width: 350px) 100vw, 350px\" \/><\/p>\n<p>Vous pouvez voyager en voiture ou en train, en tant que passager, peu apr\u00e8s votre sortie de l\u2019h\u00f4pital. Lors de d\u00e9placements en voiture, il est primordial de ne pas conduire vous-m\u00eame et de faire des pauses fr\u00e9quentes en cas de longs trajets. \u00c9tant donn\u00e9 que les r\u00e9glementations peuvent varier d\u2019un pays \u00e0 l\u2019autre, v\u00e9rifiez toujours les lois locales relatives \u00e0 la conduite et \u00e0 l\u2019\u00e9tat de sant\u00e9 avant de partir en voyage.<\/p>\n<p>En ce qui concerne les trajets en avion, le risque li\u00e9 au vol varie d\u2019un individu \u00e0 l\u2019autre. Vous devez consulter votre m\u00e9decin pour d\u00e9terminer \u00e0 quel moment vous pourrez prendre l\u2019avion en toute s\u00e9curit\u00e9. Cette d\u00e9cision d\u00e9pendra de facteurs tels que la s\u00e9v\u00e9rit\u00e9 de votre crise cardiaque, la dur\u00e9e du vol et la pr\u00e9sence ou non d\u2019une personne pour vous accompagner. En g\u00e9n\u00e9ral, le risque de prendre l\u2019avion est faible apr\u00e8s une crise cardiaque sans complication, et de nombreux patients sont autoris\u00e9s \u00e0 prendre l\u2019avion d\u00e8s le troisi\u00e8me jour suivant leur sortie de l\u2019h\u00f4pital. Pour les personnes qui ont connu des complications lors de leur crise cardiaque, il est conseill\u00e9 de retarder le vol jusqu\u2019\u00e0 ce que leur \u00e9tat se soit stabilis\u00e9. Si un trajet en avion doit absolument \u00eatre effectu\u00e9 au cours des deux semaines suivant la crise cardiaque, votre m\u00e9decin pourra vous sugg\u00e9rer de voyager avec une escorte m\u00e9dicale en raison des risques associ\u00e9s aux faibles niveaux d\u2019oxyg\u00e8ne dans la cabine. De plus, il est primordial de consulter votre compagnie d\u2019assurance et votre compagnie a\u00e9rienne avant de voyager, car les politiques concernant les voyages a\u00e9riens pour les passagers atteints de maladies chroniques peuvent varier consid\u00e9rablement.<\/p>\n","protected":false},"excerpt":{"rendered":"<p>Vous pouvez voyager en voiture ou en train, en tant que passager, peu apr\u00e8s votre sortie de l\u2019h\u00f4pital. Lors de d\u00e9placements en voiture, il est primordial de ne pas conduire vous-m\u00eame et de faire des pauses fr\u00e9quentes en cas de longs trajets. \u00c9tant donn\u00e9 que les r\u00e9glementations peuvent varier d\u2019un pays \u00e0 l\u2019autre, v\u00e9rifiez toujours [&hellip;]<\/p>\n","protected":false},"author":1,"featured_media":3194,"parent":1862,"menu_order":7,"comment_status":"closed","ping_status":"closed","template":"","meta":{"_acf_changed":false,"footnotes":""},"categories":[60],"tags":[],"class_list":["post-1852","page","type-page","status-publish","has-post-thumbnail","hentry","category-vivre-avec-une-cardiopathie"],"acf":[],"yoast_head":"<!-- This site is optimized with the Yoast SEO plugin v24.0 - https:\/\/yoast.com\/wordpress\/plugins\/seo\/ -->\n<title>Voyager apr\u00e8s une crise cardiaque\u00a0- Healthy-Heart.org<\/title>\n<meta name=\"description\" content=\"Apr\u00e8s une crise cardiaque, vous pouvez voyager en voiture ou en train imm\u00e9diatement apr\u00e8s la sortie de l\u2019h\u00f4pital, si vous \u00eates simple passager et ne faites pas trop d\u2019effort.\" \/>\n<meta name=\"robots\" content=\"index, follow, max-snippet:-1, max-image-preview:large, max-video-preview:-1\" \/>\n<link rel=\"canonical\" href=\"https:\/\/www.healthy-heart.org\/fr\/vivre-avec-une-cardiopathie\/voyager-apres-une-crise-cardiaque\/\" \/>\n<meta property=\"og:locale\" content=\"fr_FR\" \/>\n<meta property=\"og:type\" content=\"article\" \/>\n<meta property=\"og:title\" content=\"Voyager apr\u00e8s une crise cardiaque\u00a0- Healthy-Heart.org\" \/>\n<meta property=\"og:description\" content=\"Apr\u00e8s une crise cardiaque, vous pouvez voyager en voiture ou en train imm\u00e9diatement apr\u00e8s la sortie de l\u2019h\u00f4pital, si vous \u00eates simple passager et ne faites pas trop d\u2019effort.\" \/>\n<meta property=\"og:url\" content=\"https:\/\/www.healthy-heart.org\/fr\/vivre-avec-une-cardiopathie\/voyager-apres-une-crise-cardiaque\/\" \/>\n<meta property=\"og:site_name\" content=\"Healthy-Heart.org\" \/>\n<meta property=\"article:modified_time\" content=\"2024-12-10T12:24:17+00:00\" \/>\n<meta property=\"og:image\" content=\"https:\/\/www.healthy-heart.org\/wp-content\/uploads\/2019\/10\/Travel-1.jpg\" \/>\n\t<meta property=\"og:image:width\" content=\"3144\" \/>\n\t<meta property=\"og:image:height\" content=\"2043\" \/>\n\t<meta property=\"og:image:type\" content=\"image\/jpeg\" \/>\n<meta name=\"twitter:card\" content=\"summary_large_image\" \/>\n<meta name=\"twitter:label1\" content=\"Dur\u00e9e de lecture estim\u00e9e\" \/>\n\t<meta name=\"twitter:data1\" content=\"2 minutes\" \/>\n<script type=\"application\/ld+json\" class=\"yoast-schema-graph\">{\"@context\":\"https:\/\/schema.org\",\"@graph\":[{\"@type\":\"WebPage\",\"@id\":\"https:\/\/www.healthy-heart.org\/fr\/vivre-avec-une-cardiopathie\/voyager-apres-une-crise-cardiaque\/\",\"url\":\"https:\/\/www.healthy-heart.org\/fr\/vivre-avec-une-cardiopathie\/voyager-apres-une-crise-cardiaque\/\",\"name\":\"Voyager apr\u00e8s une crise cardiaque\u00a0- Healthy-Heart.org\",\"isPartOf\":{\"@id\":\"https:\/\/www.healthy-heart.org\/es\/#website\"},\"primaryImageOfPage\":{\"@id\":\"https:\/\/www.healthy-heart.org\/fr\/vivre-avec-une-cardiopathie\/voyager-apres-une-crise-cardiaque\/#primaryimage\"},\"image\":{\"@id\":\"https:\/\/www.healthy-heart.org\/fr\/vivre-avec-une-cardiopathie\/voyager-apres-une-crise-cardiaque\/#primaryimage\"},\"thumbnailUrl\":\"https:\/\/www.healthy-heart.org\/wp-content\/uploads\/2019\/10\/Travel-1.jpg\",\"datePublished\":\"2019-10-07T17:02:27+00:00\",\"dateModified\":\"2024-12-10T12:24:17+00:00\",\"description\":\"Apr\u00e8s une crise cardiaque, vous pouvez voyager en voiture ou en train imm\u00e9diatement apr\u00e8s la sortie de l\u2019h\u00f4pital, si vous \u00eates simple passager et ne faites pas trop d\u2019effort.\",\"breadcrumb\":{\"@id\":\"https:\/\/www.healthy-heart.org\/fr\/vivre-avec-une-cardiopathie\/voyager-apres-une-crise-cardiaque\/#breadcrumb\"},\"inLanguage\":\"fr-FR\",\"potentialAction\":[{\"@type\":\"ReadAction\",\"target\":[\"https:\/\/www.healthy-heart.org\/fr\/vivre-avec-une-cardiopathie\/voyager-apres-une-crise-cardiaque\/\"]}]},{\"@type\":\"ImageObject\",\"inLanguage\":\"fr-FR\",\"@id\":\"https:\/\/www.healthy-heart.org\/fr\/vivre-avec-une-cardiopathie\/voyager-apres-une-crise-cardiaque\/#primaryimage\",\"url\":\"https:\/\/www.healthy-heart.org\/wp-content\/uploads\/2019\/10\/Travel-1.jpg\",\"contentUrl\":\"https:\/\/www.healthy-heart.org\/wp-content\/uploads\/2019\/10\/Travel-1.jpg\",\"width\":3144,\"height\":2043},{\"@type\":\"BreadcrumbList\",\"@id\":\"https:\/\/www.healthy-heart.org\/fr\/vivre-avec-une-cardiopathie\/voyager-apres-une-crise-cardiaque\/#breadcrumb\",\"itemListElement\":[{\"@type\":\"ListItem\",\"position\":1,\"name\":\"Home\",\"item\":\"https:\/\/www.healthy-heart.org\/fr\/\"},{\"@type\":\"ListItem\",\"position\":2,\"name\":\"Vivre avec une cardiopathie\",\"item\":\"https:\/\/www.healthy-heart.org\/fr\/vivre-avec-une-cardiopathie\/\"},{\"@type\":\"ListItem\",\"position\":3,\"name\":\"Voyager apr\u00e8s une crise cardiaque\"}]},{\"@type\":\"WebSite\",\"@id\":\"https:\/\/www.healthy-heart.org\/es\/#website\",\"url\":\"https:\/\/www.healthy-heart.org\/es\/\",\"name\":\"Healthy-Heart.org\",\"description\":\"Practical advice for patients and family care givers on the prevention of cardiovascular disease\",\"potentialAction\":[{\"@type\":\"SearchAction\",\"target\":{\"@type\":\"EntryPoint\",\"urlTemplate\":\"https:\/\/www.healthy-heart.org\/es\/?s={search_term_string}\"},\"query-input\":{\"@type\":\"PropertyValueSpecification\",\"valueRequired\":true,\"valueName\":\"search_term_string\"}}],\"inLanguage\":\"fr-FR\"}]}<\/script>\n<!-- \/ Yoast SEO plugin. -->","yoast_head_json":{"title":"Voyager apr\u00e8s une crise cardiaque\u00a0- Healthy-Heart.org","description":"Apr\u00e8s une crise cardiaque, vous pouvez voyager en voiture ou en train imm\u00e9diatement apr\u00e8s la sortie de l\u2019h\u00f4pital, si vous \u00eates simple passager et ne faites pas trop d\u2019effort.","robots":{"index":"index","follow":"follow","max-snippet":"max-snippet:-1","max-image-preview":"max-image-preview:large","max-video-preview":"max-video-preview:-1"},"canonical":"https:\/\/www.healthy-heart.org\/fr\/vivre-avec-une-cardiopathie\/voyager-apres-une-crise-cardiaque\/","og_locale":"fr_FR","og_type":"article","og_title":"Voyager apr\u00e8s une crise cardiaque\u00a0- Healthy-Heart.org","og_description":"Apr\u00e8s une crise cardiaque, vous pouvez voyager en voiture ou en train imm\u00e9diatement apr\u00e8s la sortie de l\u2019h\u00f4pital, si vous \u00eates simple passager et ne faites pas trop d\u2019effort.","og_url":"https:\/\/www.healthy-heart.org\/fr\/vivre-avec-une-cardiopathie\/voyager-apres-une-crise-cardiaque\/","og_site_name":"Healthy-Heart.org","article_modified_time":"2024-12-10T12:24:17+00:00","og_image":[{"width":3144,"height":2043,"url":"https:\/\/www.healthy-heart.org\/wp-content\/uploads\/2019\/10\/Travel-1.jpg","type":"image\/jpeg"}],"twitter_card":"summary_large_image","twitter_misc":{"Dur\u00e9e de lecture estim\u00e9e":"2 minutes"},"schema":{"@context":"https:\/\/schema.org","@graph":[{"@type":"WebPage","@id":"https:\/\/www.healthy-heart.org\/fr\/vivre-avec-une-cardiopathie\/voyager-apres-une-crise-cardiaque\/","url":"https:\/\/www.healthy-heart.org\/fr\/vivre-avec-une-cardiopathie\/voyager-apres-une-crise-cardiaque\/","name":"Voyager apr\u00e8s une crise cardiaque\u00a0- Healthy-Heart.org","isPartOf":{"@id":"https:\/\/www.healthy-heart.org\/es\/#website"},"primaryImageOfPage":{"@id":"https:\/\/www.healthy-heart.org\/fr\/vivre-avec-une-cardiopathie\/voyager-apres-une-crise-cardiaque\/#primaryimage"},"image":{"@id":"https:\/\/www.healthy-heart.org\/fr\/vivre-avec-une-cardiopathie\/voyager-apres-une-crise-cardiaque\/#primaryimage"},"thumbnailUrl":"https:\/\/www.healthy-heart.org\/wp-content\/uploads\/2019\/10\/Travel-1.jpg","datePublished":"2019-10-07T17:02:27+00:00","dateModified":"2024-12-10T12:24:17+00:00","description":"Apr\u00e8s une crise cardiaque, vous pouvez voyager en voiture ou en train imm\u00e9diatement apr\u00e8s la sortie de l\u2019h\u00f4pital, si vous \u00eates simple passager et ne faites pas trop d\u2019effort.","breadcrumb":{"@id":"https:\/\/www.healthy-heart.org\/fr\/vivre-avec-une-cardiopathie\/voyager-apres-une-crise-cardiaque\/#breadcrumb"},"inLanguage":"fr-FR","potentialAction":[{"@type":"ReadAction","target":["https:\/\/www.healthy-heart.org\/fr\/vivre-avec-une-cardiopathie\/voyager-apres-une-crise-cardiaque\/"]}]},{"@type":"ImageObject","inLanguage":"fr-FR","@id":"https:\/\/www.healthy-heart.org\/fr\/vivre-avec-une-cardiopathie\/voyager-apres-une-crise-cardiaque\/#primaryimage","url":"https:\/\/www.healthy-heart.org\/wp-content\/uploads\/2019\/10\/Travel-1.jpg","contentUrl":"https:\/\/www.healthy-heart.org\/wp-content\/uploads\/2019\/10\/Travel-1.jpg","width":3144,"height":2043},{"@type":"BreadcrumbList","@id":"https:\/\/www.healthy-heart.org\/fr\/vivre-avec-une-cardiopathie\/voyager-apres-une-crise-cardiaque\/#breadcrumb","itemListElement":[{"@type":"ListItem","position":1,"name":"Home","item":"https:\/\/www.healthy-heart.org\/fr\/"},{"@type":"ListItem","position":2,"name":"Vivre avec une cardiopathie","item":"https:\/\/www.healthy-heart.org\/fr\/vivre-avec-une-cardiopathie\/"},{"@type":"ListItem","position":3,"name":"Voyager apr\u00e8s une crise cardiaque"}]},{"@type":"WebSite","@id":"https:\/\/www.healthy-heart.org\/es\/#website","url":"https:\/\/www.healthy-heart.org\/es\/","name":"Healthy-Heart.org","description":"Practical advice for patients and family care givers on the prevention of cardiovascular disease","potentialAction":[{"@type":"SearchAction","target":{"@type":"EntryPoint","urlTemplate":"https:\/\/www.healthy-heart.org\/es\/?s={search_term_string}"},"query-input":{"@type":"PropertyValueSpecification","valueRequired":true,"valueName":"search_term_string"}}],"inLanguage":"fr-FR"}]}},"_links":{"self":[{"href":"https:\/\/www.healthy-heart.org\/fr\/wp-json\/wp\/v2\/pages\/1852","targetHints":{"allow":["GET"]}}],"collection":[{"href":"https:\/\/www.healthy-heart.org\/fr\/wp-json\/wp\/v2\/pages"}],"about":[{"href":"https:\/\/www.healthy-heart.org\/fr\/wp-json\/wp\/v2\/types\/page"}],"author":[{"embeddable":true,"href":"https:\/\/www.healthy-heart.org\/fr\/wp-json\/wp\/v2\/users\/1"}],"replies":[{"embeddable":true,"href":"https:\/\/www.healthy-heart.org\/fr\/wp-json\/wp\/v2\/comments?post=1852"}],"version-history":[{"count":6,"href":"https:\/\/www.healthy-heart.org\/fr\/wp-json\/wp\/v2\/pages\/1852\/revisions"}],"predecessor-version":[{"id":7437,"href":"https:\/\/www.healthy-heart.org\/fr\/wp-json\/wp\/v2\/pages\/1852\/revisions\/7437"}],"up":[{"embeddable":true,"href":"https:\/\/www.healthy-heart.org\/fr\/wp-json\/wp\/v2\/pages\/1862"}],"wp:featuredmedia":[{"embeddable":true,"href":"https:\/\/www.healthy-heart.org\/fr\/wp-json\/wp\/v2\/media\/3194"}],"wp:attachment":[{"href":"https:\/\/www.healthy-heart.org\/fr\/wp-json\/wp\/v2\/media?parent=1852"}],"wp:term":[{"taxonomy":"category","embeddable":true,"href":"https:\/\/www.healthy-heart.org\/fr\/wp-json\/wp\/v2\/categories?post=1852"},{"taxonomy":"post_tag","embeddable":true,"href":"https:\/\/www.healthy-heart.org\/fr\/wp-json\/wp\/v2\/tags?post=1852"}],"curies":[{"name":"wp","href":"https:\/\/api.w.org\/{rel}","templated":true}]}}