{"id":1832,"date":"2019-10-07T18:01:23","date_gmt":"2019-10-07T17:01:23","guid":{"rendered":"https:\/\/www.healthy-heart.org\/conditions-dutilisation\/"},"modified":"2020-03-24T10:13:49","modified_gmt":"2020-03-24T10:13:49","slug":"conditions-dutilisation","status":"publish","type":"page","link":"https:\/\/www.healthy-heart.org\/fr\/conditions-dutilisation\/","title":{"rendered":"Conditions d&rsquo;utilisation"},"content":{"rendered":"<h2>Mission de ce site\u00a0:<\/h2>\n<ul>\n<li>Fournir des informations fiables et des conseils pratiques sur les maladies cardiovasculaires et leur pr\u00e9vention.<\/li>\n<li>Am\u00e9liorer les connaissances sur les maladies cardiovasculaires et promouvoir les bienfaits d&rsquo;un mode de vie sain.<\/li>\n<\/ul>\n<p>Toutes les recommandations de ce site sont conformes aux recommandations europ\u00e9ennes (<a href=\"https:\/\/www.escardio.org\/Guidelines\/Clinical-Practice-Guidelines\/CVD-Prevention-in-clinical-practice-European-Guidelines-on\">voir les recommandations europ\u00e9ennes sur la pr\u00e9vention des maladies cardiovasculaires en pratique clinique ici<\/a>).<\/p>\n<h3>1.Conditions d&rsquo;utilisation<\/h3>\n<p>Le site healthy-heart.org a \u00e9t\u00e9 con\u00e7u sous la direction de l&rsquo;Association Europ\u00e9enne de Cardiologie Pr\u00e9ventive (EAPC), en collaboration avec l&rsquo;Association for Acute CardioVascular Care (ACVC) et l&rsquo;Association of Cardiovascular Nursing &amp; Allied Professions (ACNAP), qui d\u00e9pendent de la Soci\u00e9t\u00e9 Europ\u00e9enne de Cardiologie (SEC). L&rsquo;acc\u00e8s \u00e0 ce site Internet et son utilisation sont autoris\u00e9s par la SEC sous les conditions g\u00e9n\u00e9rales d&rsquo;utilisation suivantes\u00a0:<\/p>\n<ol>\n<li>Votre utilisation de ce site vaut acceptation des pr\u00e9sentes conditions d&rsquo;utilisation \u00e0 la date de votre premi\u00e8re utilisation du site.<\/li>\n<li>La SEC se r\u00e9serve le droit de modifier \u00e0 son gr\u00e9 les pr\u00e9sentes Conditions d&rsquo;utilisation en publiant les modifications en ligne. Votre utilisation continue de ce site Web apr\u00e8s la publication des modifications vaut acceptation ces conditions modifi\u00e9es.<\/li>\n<li>Vous vous engagez \u00e0 utiliser ce site Internet exclusivement dans le cadre l\u00e9gal, sans enfreindre de droits et sans limiter ou emp\u00eacher l&rsquo;utilisation et la jouissance du site par des tiers.<\/li>\n<\/ol>\n<h3>2. Avis de non-responsabilit\u00e9<\/h3>\n<ol>\n<li>La SEC ne peut en aucun cas \u00eatre tenue responsable envers l&rsquo;utilisateur ou qui que ce soit de toute d\u00e9cision ou mesure adopt\u00e9e en se fondant sur des informations contenues sur ce site ou d\u00e9coulant de l&rsquo;utilisation de ce site, ni en cas de dommage fortuit, indirect, particulier ou cons\u00e9cutif.<\/li>\n<li>Les informations contenues sur ce site Internet visent \u00e0 compl\u00e9ter l&rsquo;aide et les soins fournis par des professionnels de sant\u00e9 qualifi\u00e9s. Ce site Internet n&rsquo;a pas pour objet, expr\u00e8s ou tacite, de se substituer \u00e0 un avis m\u00e9dical ou \u00e0 des soins m\u00e9dicaux. Il est imp\u00e9ratif de solliciter l&rsquo;avis d&rsquo;un professionnel de sant\u00e9 avant de commencer (ou d&rsquo;arr\u00eater) un traitement m\u00e9dical quel qu&rsquo;il soit. \u00c0 ce titre, toutes les informations figurant sur ce site Internet sont fournies dans un but exclusivement \u00e9ducatif.<\/li>\n<li>Bien que la SEC ait pris toutes les pr\u00e9cautions lors de la cr\u00e9ation de ce contenu, elle n&rsquo;est pas en mesure de v\u00e9rifier toutes les informations afin de d\u00e9terminer si elles sont authentiques, exactes, fiables, compl\u00e8tes et pertinentes. La SEC ne peut en aucun cas \u00eatre tenue responsable en cas de dommages, y compris, sans toutefois s&rsquo;y limiter, de dommages indirects ou cons\u00e9cutifs, ou de dommages et int\u00e9r\u00eats ou de pertes de profits d\u00e9coulant de l&rsquo;utilisation ou li\u00e9s \u00e0 cette utilisation ou \u00e0 une impossibilit\u00e9 d&rsquo;utilisation du site, fond\u00e9s sur un contrat ou une n\u00e9gligence.<\/li>\n<li>En aucun cas, la SEC, son personnel ou des contributeurs du site Internet, ne pourront \u00eatre tenus responsables envers vous, visiteur du site, ou envers toute personne physique ou morale, de toute d\u00e9cision prise ou ex\u00e9cut\u00e9e en se fondant sur les informations contenues sur ce site. Vous reconnaissez que ni la SEC, ni son personnel ou des contributeurs du site Internet, ne pourront \u00eatre tenus responsables de dommages (y compris, sans toutefois s&rsquo;y limiter, des dommages directs, indirects, accessoires, sp\u00e9ciaux ou cons\u00e9cutifs), ou de la perte de donn\u00e9es ou de profits, m\u00eame si la SEC ou son personnel ou des contributeurs du site Internet, ont \u00e9t\u00e9 inform\u00e9s de la possibilit\u00e9 d&rsquo;une telle perte.<\/li>\n<li>La SEC ne garantit pas que les fonctions techniques et le contenu de ce site Internet ne tomberont pas en panne ou ne comportent pas d&rsquo;erreur, que les d\u00e9fauts seront corrig\u00e9s, ou que ce site Internet ou le serveur qui l&rsquo;h\u00e9berge ne comporte pas de virus ou de probl\u00e8mes, ou repr\u00e9sente la fonctionnalit\u00e9 int\u00e9grale, l&rsquo;exactitude et la fiabilit\u00e9 du contenu.<\/li>\n<\/ol>\n<h3>3. Restrictions relatives aux droits d&rsquo;auteur<\/h3>\n<ol>\n<li>Le site healthy-heart.org est la propri\u00e9t\u00e9 de la Soci\u00e9t\u00e9 Europ\u00e9enne de Cardiologie (SEC). Toute utilisation commerciale ou publication de tout ou partie des \u00e9l\u00e9ments affich\u00e9s est strictement interdite sans l&rsquo;autorisation \u00e9crite pr\u00e9alable de la SEC<br \/>\nLes documents figurant sur ce site Internet peuvent \u00eatre copi\u00e9s pour un usage personnel et non commercial uniquement, \u00e0 condition de copier \u00e9galement les mentions relatives aux droits d&rsquo;auteur aux sources, de n&rsquo;apporter aucune modification et de copier les documents dans leur int\u00e9gralit\u00e9. Toutefois, certains documents et certaines photos ont \u00e9t\u00e9 publi\u00e9s sur ce site Internet avec l&rsquo;autorisation des propri\u00e9taires des droits d&rsquo;auteur (hors SEC). Tous les droits sont r\u00e9serv\u00e9s sur ces documents et l&rsquo;autorisation de copie doit \u00eatre sollicit\u00e9e aupr\u00e8s des auteurs (les sources sont indiqu\u00e9es dans les documents\/photographies).<\/li>\n<li>Toute utilisation frauduleuse pourra faire l&rsquo;objet d&rsquo;une action de la part de la SEC afin d&rsquo;exiger l&rsquo;arr\u00eat de l&rsquo;affichage\/de la distribution du mat\u00e9riel concern\u00e9 et \u00e9ventuellement d&rsquo;une action en justice<\/li>\n<li>Le site Internet contient des liens vers d&rsquo;autres sites g\u00e9r\u00e9s par des tiers (hors SEC). Ces liens sont fournis uniquement par souci de commodit\u00e9 pour l&rsquo;utilisateur. La SEC n&rsquo;a aucun contr\u00f4le sur ces sites Internet et n&rsquo;est pas responsable de leur contenu. L&rsquo;affichage de ces liens par la SEC n&rsquo;implique en aucune fa\u00e7on un cautionnement du contenu de ces sites, ni une association avec leurs propri\u00e9taires. Il incombe enti\u00e8rement \u00e0 l&rsquo;utilisateur d&rsquo;\u00e9valuer si les informations figurant sur les sites Internet de tiers sont exactes et exhaustives et d&rsquo;appr\u00e9cier la valeur et l&rsquo;int\u00e9grit\u00e9 des marchandises et services qui y sont propos\u00e9s.<br \/>\nFaute d&rsquo;acceptation de ces conditions d&rsquo;utilisation dans leur int\u00e9gralit\u00e9, l&rsquo;utilisation de ce site doit \u00eatre imm\u00e9diatement interrompue.<\/li>\n<li>Protection des donn\u00e9es<\/li>\n<\/ol>\n<p>Les informations de l&rsquo;utilisateur peuvent \u00eatre collect\u00e9es lorsqu&rsquo;il utilise les sites Web. Pour plus d&rsquo;informations, veuillez consulter notre <a href=\"https:\/\/www.healthy-heart.org\/privacy-policy\/\">Politique de confidentialit\u00e9<\/a>.<\/p>\n<p>Date de la derni\u00e8re mise \u00e0 jour\u00a0: juillet 2019<\/p>\n","protected":false},"excerpt":{"rendered":"<p>Mission de ce site\u00a0: Fournir des informations fiables et des conseils pratiques sur les maladies cardiovasculaires et leur pr\u00e9vention. Am\u00e9liorer les connaissances sur les maladies cardiovasculaires et promouvoir les bienfaits d&rsquo;un mode de vie sain. Toutes les recommandations de ce site sont conformes aux recommandations europ\u00e9ennes (voir les recommandations europ\u00e9ennes sur la pr\u00e9vention des maladies [&hellip;]<\/p>\n","protected":false},"author":1,"featured_media":1477,"parent":0,"menu_order":0,"comment_status":"closed","ping_status":"closed","template":"templates\/full.php","meta":{"_acf_changed":false,"footnotes":""},"categories":[],"tags":[],"class_list":["post-1832","page","type-page","status-publish","has-post-thumbnail","hentry"],"acf":[],"yoast_head":"<!-- This site is optimized with the Yoast SEO plugin v24.0 - https:\/\/yoast.com\/wordpress\/plugins\/seo\/ -->\n<title>Conditions d&#039;utilisation - Healthy-Heart.org<\/title>\n<meta name=\"description\" content=\"Toutes les recommandations de ce site sont conformes aux recommandations europ\u00e9ennes.\" \/>\n<meta name=\"robots\" content=\"index, follow, max-snippet:-1, max-image-preview:large, max-video-preview:-1\" \/>\n<link rel=\"canonical\" href=\"https:\/\/www.healthy-heart.org\/fr\/conditions-dutilisation\/\" \/>\n<meta property=\"og:locale\" content=\"fr_FR\" \/>\n<meta property=\"og:type\" content=\"article\" \/>\n<meta property=\"og:title\" content=\"Conditions d&#039;utilisation - Healthy-Heart.org\" \/>\n<meta property=\"og:description\" content=\"Toutes les recommandations de ce site sont conformes aux recommandations europ\u00e9ennes.\" \/>\n<meta property=\"og:url\" content=\"https:\/\/www.healthy-heart.org\/fr\/conditions-dutilisation\/\" \/>\n<meta property=\"og:site_name\" content=\"Healthy-Heart.org\" \/>\n<meta property=\"article:modified_time\" content=\"2020-03-24T10:13:49+00:00\" \/>\n<meta property=\"og:image\" content=\"https:\/\/www.healthy-heart.org\/wp-content\/uploads\/2019\/07\/primary.jpg\" \/>\n\t<meta property=\"og:image:width\" content=\"700\" \/>\n\t<meta property=\"og:image:height\" content=\"466\" \/>\n\t<meta property=\"og:image:type\" content=\"image\/jpeg\" \/>\n<meta name=\"twitter:card\" content=\"summary_large_image\" \/>\n<meta name=\"twitter:label1\" content=\"Dur\u00e9e de lecture estim\u00e9e\" \/>\n\t<meta name=\"twitter:data1\" content=\"5 minutes\" \/>\n<script type=\"application\/ld+json\" class=\"yoast-schema-graph\">{\"@context\":\"https:\/\/schema.org\",\"@graph\":[{\"@type\":\"WebPage\",\"@id\":\"https:\/\/www.healthy-heart.org\/fr\/conditions-dutilisation\/\",\"url\":\"https:\/\/www.healthy-heart.org\/fr\/conditions-dutilisation\/\",\"name\":\"Conditions d'utilisation - Healthy-Heart.org\",\"isPartOf\":{\"@id\":\"https:\/\/www.healthy-heart.org\/es\/#website\"},\"primaryImageOfPage\":{\"@id\":\"https:\/\/www.healthy-heart.org\/fr\/conditions-dutilisation\/#primaryimage\"},\"image\":{\"@id\":\"https:\/\/www.healthy-heart.org\/fr\/conditions-dutilisation\/#primaryimage\"},\"thumbnailUrl\":\"https:\/\/www.healthy-heart.org\/wp-content\/uploads\/2019\/07\/primary.jpg\",\"datePublished\":\"2019-10-07T17:01:23+00:00\",\"dateModified\":\"2020-03-24T10:13:49+00:00\",\"description\":\"Toutes les recommandations de ce site sont conformes aux recommandations europ\u00e9ennes.\",\"breadcrumb\":{\"@id\":\"https:\/\/www.healthy-heart.org\/fr\/conditions-dutilisation\/#breadcrumb\"},\"inLanguage\":\"fr-FR\",\"potentialAction\":[{\"@type\":\"ReadAction\",\"target\":[\"https:\/\/www.healthy-heart.org\/fr\/conditions-dutilisation\/\"]}]},{\"@type\":\"ImageObject\",\"inLanguage\":\"fr-FR\",\"@id\":\"https:\/\/www.healthy-heart.org\/fr\/conditions-dutilisation\/#primaryimage\",\"url\":\"https:\/\/www.healthy-heart.org\/wp-content\/uploads\/2019\/07\/primary.jpg\",\"contentUrl\":\"https:\/\/www.healthy-heart.org\/wp-content\/uploads\/2019\/07\/primary.jpg\",\"width\":700,\"height\":466},{\"@type\":\"BreadcrumbList\",\"@id\":\"https:\/\/www.healthy-heart.org\/fr\/conditions-dutilisation\/#breadcrumb\",\"itemListElement\":[{\"@type\":\"ListItem\",\"position\":1,\"name\":\"Home\",\"item\":\"https:\/\/www.healthy-heart.org\/fr\/\"},{\"@type\":\"ListItem\",\"position\":2,\"name\":\"Conditions d&#8217;utilisation\"}]},{\"@type\":\"WebSite\",\"@id\":\"https:\/\/www.healthy-heart.org\/es\/#website\",\"url\":\"https:\/\/www.healthy-heart.org\/es\/\",\"name\":\"Healthy-Heart.org\",\"description\":\"Practical advice for patients and family care givers on the prevention of cardiovascular disease\",\"potentialAction\":[{\"@type\":\"SearchAction\",\"target\":{\"@type\":\"EntryPoint\",\"urlTemplate\":\"https:\/\/www.healthy-heart.org\/es\/?s={search_term_string}\"},\"query-input\":{\"@type\":\"PropertyValueSpecification\",\"valueRequired\":true,\"valueName\":\"search_term_string\"}}],\"inLanguage\":\"fr-FR\"}]}<\/script>\n<!-- \/ Yoast SEO plugin. -->","yoast_head_json":{"title":"Conditions d'utilisation - Healthy-Heart.org","description":"Toutes les recommandations de ce site sont conformes aux recommandations europ\u00e9ennes.","robots":{"index":"index","follow":"follow","max-snippet":"max-snippet:-1","max-image-preview":"max-image-preview:large","max-video-preview":"max-video-preview:-1"},"canonical":"https:\/\/www.healthy-heart.org\/fr\/conditions-dutilisation\/","og_locale":"fr_FR","og_type":"article","og_title":"Conditions d'utilisation - Healthy-Heart.org","og_description":"Toutes les recommandations de ce site sont conformes aux recommandations europ\u00e9ennes.","og_url":"https:\/\/www.healthy-heart.org\/fr\/conditions-dutilisation\/","og_site_name":"Healthy-Heart.org","article_modified_time":"2020-03-24T10:13:49+00:00","og_image":[{"width":700,"height":466,"url":"https:\/\/www.healthy-heart.org\/wp-content\/uploads\/2019\/07\/primary.jpg","type":"image\/jpeg"}],"twitter_card":"summary_large_image","twitter_misc":{"Dur\u00e9e de lecture estim\u00e9e":"5 minutes"},"schema":{"@context":"https:\/\/schema.org","@graph":[{"@type":"WebPage","@id":"https:\/\/www.healthy-heart.org\/fr\/conditions-dutilisation\/","url":"https:\/\/www.healthy-heart.org\/fr\/conditions-dutilisation\/","name":"Conditions d'utilisation - Healthy-Heart.org","isPartOf":{"@id":"https:\/\/www.healthy-heart.org\/es\/#website"},"primaryImageOfPage":{"@id":"https:\/\/www.healthy-heart.org\/fr\/conditions-dutilisation\/#primaryimage"},"image":{"@id":"https:\/\/www.healthy-heart.org\/fr\/conditions-dutilisation\/#primaryimage"},"thumbnailUrl":"https:\/\/www.healthy-heart.org\/wp-content\/uploads\/2019\/07\/primary.jpg","datePublished":"2019-10-07T17:01:23+00:00","dateModified":"2020-03-24T10:13:49+00:00","description":"Toutes les recommandations de ce site sont conformes aux recommandations europ\u00e9ennes.","breadcrumb":{"@id":"https:\/\/www.healthy-heart.org\/fr\/conditions-dutilisation\/#breadcrumb"},"inLanguage":"fr-FR","potentialAction":[{"@type":"ReadAction","target":["https:\/\/www.healthy-heart.org\/fr\/conditions-dutilisation\/"]}]},{"@type":"ImageObject","inLanguage":"fr-FR","@id":"https:\/\/www.healthy-heart.org\/fr\/conditions-dutilisation\/#primaryimage","url":"https:\/\/www.healthy-heart.org\/wp-content\/uploads\/2019\/07\/primary.jpg","contentUrl":"https:\/\/www.healthy-heart.org\/wp-content\/uploads\/2019\/07\/primary.jpg","width":700,"height":466},{"@type":"BreadcrumbList","@id":"https:\/\/www.healthy-heart.org\/fr\/conditions-dutilisation\/#breadcrumb","itemListElement":[{"@type":"ListItem","position":1,"name":"Home","item":"https:\/\/www.healthy-heart.org\/fr\/"},{"@type":"ListItem","position":2,"name":"Conditions d&#8217;utilisation"}]},{"@type":"WebSite","@id":"https:\/\/www.healthy-heart.org\/es\/#website","url":"https:\/\/www.healthy-heart.org\/es\/","name":"Healthy-Heart.org","description":"Practical advice for patients and family care givers on the prevention of cardiovascular disease","potentialAction":[{"@type":"SearchAction","target":{"@type":"EntryPoint","urlTemplate":"https:\/\/www.healthy-heart.org\/es\/?s={search_term_string}"},"query-input":{"@type":"PropertyValueSpecification","valueRequired":true,"valueName":"search_term_string"}}],"inLanguage":"fr-FR"}]}},"_links":{"self":[{"href":"https:\/\/www.healthy-heart.org\/fr\/wp-json\/wp\/v2\/pages\/1832","targetHints":{"allow":["GET"]}}],"collection":[{"href":"https:\/\/www.healthy-heart.org\/fr\/wp-json\/wp\/v2\/pages"}],"about":[{"href":"https:\/\/www.healthy-heart.org\/fr\/wp-json\/wp\/v2\/types\/page"}],"author":[{"embeddable":true,"href":"https:\/\/www.healthy-heart.org\/fr\/wp-json\/wp\/v2\/users\/1"}],"replies":[{"embeddable":true,"href":"https:\/\/www.healthy-heart.org\/fr\/wp-json\/wp\/v2\/comments?post=1832"}],"version-history":[{"count":3,"href":"https:\/\/www.healthy-heart.org\/fr\/wp-json\/wp\/v2\/pages\/1832\/revisions"}],"predecessor-version":[{"id":4344,"href":"https:\/\/www.healthy-heart.org\/fr\/wp-json\/wp\/v2\/pages\/1832\/revisions\/4344"}],"wp:featuredmedia":[{"embeddable":true,"href":"https:\/\/www.healthy-heart.org\/fr\/wp-json\/wp\/v2\/media\/1477"}],"wp:attachment":[{"href":"https:\/\/www.healthy-heart.org\/fr\/wp-json\/wp\/v2\/media?parent=1832"}],"wp:term":[{"taxonomy":"category","embeddable":true,"href":"https:\/\/www.healthy-heart.org\/fr\/wp-json\/wp\/v2\/categories?post=1832"},{"taxonomy":"post_tag","embeddable":true,"href":"https:\/\/www.healthy-heart.org\/fr\/wp-json\/wp\/v2\/tags?post=1832"}],"curies":[{"name":"wp","href":"https:\/\/api.w.org\/{rel}","templated":true}]}}