{"id":1817,"date":"2019-10-07T17:59:10","date_gmt":"2019-10-07T16:59:10","guid":{"rendered":"https:\/\/www.healthy-heart.org\/estimation-du-risque-residuel-apres-une-crise-cardiaque\/"},"modified":"2019-11-25T13:35:53","modified_gmt":"2019-11-25T13:35:53","slug":"estimation-du-risque-residuel-apres-une-crise-cardiaque","status":"publish","type":"page","link":"https:\/\/www.healthy-heart.org\/fr\/vivre-avec-une-cardiopathie\/estimation-du-risque-residuel-apres-une-crise-cardiaque\/","title":{"rendered":"Estimation du risque r\u00e9siduel apr\u00e8s une crise cardiaque"},"content":{"rendered":"<p><img loading=\"lazy\" decoding=\"async\" class=\"alignright size-medium wp-image-609\" src=\"https:\/\/www.healthy-heart.org\/wp-content\/uploads\/2019\/07\/iStock-639627574-350x233.jpg\" alt=\"\" width=\"350\" height=\"233\" srcset=\"https:\/\/www.healthy-heart.org\/wp-content\/uploads\/2019\/07\/iStock-639627574-350x233.jpg 350w, https:\/\/cdn-endpoint-prev.azureedge.net\/healthy-heart\/2019\/07\/iStock-639627574-2048x1365.jpg 2048w, https:\/\/cdn-endpoint-prev.azureedge.net\/healthy-heart\/2019\/07\/iStock-639627574-659x439.jpg 659w, https:\/\/www.healthy-heart.org\/wp-content\/uploads\/2019\/07\/iStock-639627574-200x133.jpg 200w, https:\/\/www.healthy-heart.org\/wp-content\/uploads\/2019\/07\/iStock-639627574-768x512.jpg 768w, https:\/\/www.healthy-heart.org\/wp-content\/uploads\/2019\/07\/iStock-639627574-1024x683.jpg 1024w, https:\/\/www.healthy-heart.org\/wp-content\/uploads\/2019\/07\/iStock-639627574-1536x1024.jpg 1536w, https:\/\/www.healthy-heart.org\/wp-content\/uploads\/2019\/07\/iStock-639627574-696x464.jpg 696w\" sizes=\"auto, (max-width: 350px) 100vw, 350px\" \/>Ce risque varie en fonction de plusieurs facteurs (<a href=\"https:\/\/www.healthy-heart.org\/living-with-heart-disease\/risk-factors-for-a-second-heart-attack\/\">voir \u00ab\u00a0Facteurs de risque d&rsquo;une deuxi\u00e8me crise cardiaque\u00a0\u00bb)<\/a>. Cela signifie que la probabilit\u00e9 d&rsquo;une deuxi\u00e8me crise cardiaque au cours des dix prochaines ann\u00e9es peut varier de 10\u00a0% (1 sur 10) \u00e0 plus de 50\u00a0% (1 sur 2).<\/p>\n<p>Pour \u00eatre plus concrets, imaginez qu&rsquo;il y ait deux groupes de 100 personnes qui ont eu une crise cardiaque. Dans un groupe, dix d&rsquo;entre eux auront une deuxi\u00e8me crise cardiaque au cours des dix prochaines ann\u00e9es. Cependant, dans le deuxi\u00e8me groupe, 50 d&rsquo;entre eux auront une deuxi\u00e8me crise cardiaque. Si vous pouviez savoir de quel groupe vous vous rapprochez le plus, cela vous aiderait \u00e0 d\u00e9terminer avec votre m\u00e9decin si votre traitement doit \u00eatre plus intensif.<\/p>\n<p><a href=\"https:\/\/www.escardio.org\/Education\/ESC-Prevention-of-CVD-Programme\/Risk-assessment\/SMART-Risk-Score\">Le score de risque SMART<\/a> combine les facteurs de risque importants en une seule estimation de votre risque de deuxi\u00e8me crise cardiaque ou de maladie connexe au cours des dix prochaines ann\u00e9es. Il peut \u00eatre utilis\u00e9 par toute personne ayant d\u00e9j\u00e0 eu une crise cardiaque (ou ayant eu des probl\u00e8mes connexes tels que l&rsquo;angine de poitrine, un accident vasculaire c\u00e9r\u00e9bral, un \u00ab accident isch\u00e9mique transitoire \u00bb, un an\u00e9vrisme, des probl\u00e8mes de vaisseaux sanguins dans les membres inf\u00e9rieurs (art\u00e9rite), ou toute combinaison de ces manifestations). Il est facile \u00e0 utiliser, et les facteurs sont faciles \u00e0 mesurer. Il est important d&rsquo;obtenir le score le plus pr\u00e9cis possible en remplissant tous les champs de la calculatrice et vous devrez peut-\u00eatre demander \u00e0 votre m\u00e9decin de fournir les informations requises. Toutefois, si vous ne poss\u00e9dez pas tous les renseignements n\u00e9cessaires, vous pouvez d\u00e9j\u00e0 vous r\u00e9f\u00e9rer au score \u00ab moyen \u00bb comme orientation. Cela peut \u00eatre le cas pour les r\u00e9sultats sanguins, tels que les r\u00e9sultats concernant la prot\u00e9ine C-r\u00e9active de haute sensibilit\u00e9 (hsCRP) ou le cholest\u00e9rol \u00e0 lipoprot\u00e9ines de haute densit\u00e9 (HDL). Il est important de toujours parler des meilleures options\u00a0\u00a0th\u00e9rapeutiques avec votre m\u00e9decin.<\/p>\n","protected":false},"excerpt":{"rendered":"<p>Ce risque varie en fonction de plusieurs facteurs (voir \u00ab\u00a0Facteurs de risque d&rsquo;une deuxi\u00e8me crise cardiaque\u00a0\u00bb). Cela signifie que la probabilit\u00e9 d&rsquo;une deuxi\u00e8me crise cardiaque au cours des dix prochaines ann\u00e9es peut varier de 10\u00a0% (1 sur 10) \u00e0 plus de 50\u00a0% (1 sur 2). Pour \u00eatre plus concrets, imaginez qu&rsquo;il y ait deux groupes [&hellip;]<\/p>\n","protected":false},"author":1,"featured_media":611,"parent":1862,"menu_order":11,"comment_status":"closed","ping_status":"closed","template":"","meta":{"_acf_changed":false,"footnotes":""},"categories":[60],"tags":[],"class_list":["post-1817","page","type-page","status-publish","has-post-thumbnail","hentry","category-vivre-avec-une-cardiopathie"],"acf":[],"yoast_head":"<!-- This site is optimized with the Yoast SEO plugin v24.0 - https:\/\/yoast.com\/wordpress\/plugins\/seo\/ -->\n<title>Risque r\u00e9siduel apr\u00e8s une crise cardiaque\u00a0- Healthy-Heart.org<\/title>\n<meta name=\"description\" content=\"Le score de risque SMART estime votre risque de deuxi\u00e8me crise cardiaque ou de maladie connexe au cours des dix prochaines ann\u00e9es.\" \/>\n<meta name=\"robots\" content=\"index, follow, max-snippet:-1, max-image-preview:large, max-video-preview:-1\" \/>\n<link rel=\"canonical\" href=\"https:\/\/www.healthy-heart.org\/fr\/vivre-avec-une-cardiopathie\/estimation-du-risque-residuel-apres-une-crise-cardiaque\/\" \/>\n<meta property=\"og:locale\" content=\"fr_FR\" \/>\n<meta property=\"og:type\" content=\"article\" \/>\n<meta property=\"og:title\" content=\"Risque r\u00e9siduel apr\u00e8s une crise cardiaque\u00a0- Healthy-Heart.org\" \/>\n<meta property=\"og:description\" content=\"Le score de risque SMART estime votre risque de deuxi\u00e8me crise cardiaque ou de maladie connexe au cours des dix prochaines ann\u00e9es.\" \/>\n<meta property=\"og:url\" content=\"https:\/\/www.healthy-heart.org\/fr\/vivre-avec-une-cardiopathie\/estimation-du-risque-residuel-apres-une-crise-cardiaque\/\" \/>\n<meta property=\"og:site_name\" content=\"Healthy-Heart.org\" \/>\n<meta property=\"article:modified_time\" content=\"2019-11-25T13:35:53+00:00\" \/>\n<meta property=\"og:image\" content=\"https:\/\/www.healthy-heart.org\/wp-content\/uploads\/2019\/07\/iStock-639627574-1024x683.jpg\" \/>\n\t<meta property=\"og:image:width\" content=\"1024\" \/>\n\t<meta property=\"og:image:height\" content=\"683\" \/>\n\t<meta property=\"og:image:type\" content=\"image\/jpeg\" \/>\n<meta name=\"twitter:card\" content=\"summary_large_image\" \/>\n<meta name=\"twitter:label1\" content=\"Dur\u00e9e de lecture estim\u00e9e\" \/>\n\t<meta name=\"twitter:data1\" content=\"2 minutes\" \/>\n<script type=\"application\/ld+json\" class=\"yoast-schema-graph\">{\"@context\":\"https:\/\/schema.org\",\"@graph\":[{\"@type\":\"WebPage\",\"@id\":\"https:\/\/www.healthy-heart.org\/fr\/vivre-avec-une-cardiopathie\/estimation-du-risque-residuel-apres-une-crise-cardiaque\/\",\"url\":\"https:\/\/www.healthy-heart.org\/fr\/vivre-avec-une-cardiopathie\/estimation-du-risque-residuel-apres-une-crise-cardiaque\/\",\"name\":\"Risque r\u00e9siduel apr\u00e8s une crise cardiaque\u00a0- Healthy-Heart.org\",\"isPartOf\":{\"@id\":\"https:\/\/www.healthy-heart.org\/es\/#website\"},\"primaryImageOfPage\":{\"@id\":\"https:\/\/www.healthy-heart.org\/fr\/vivre-avec-une-cardiopathie\/estimation-du-risque-residuel-apres-une-crise-cardiaque\/#primaryimage\"},\"image\":{\"@id\":\"https:\/\/www.healthy-heart.org\/fr\/vivre-avec-une-cardiopathie\/estimation-du-risque-residuel-apres-une-crise-cardiaque\/#primaryimage\"},\"thumbnailUrl\":\"https:\/\/www.healthy-heart.org\/wp-content\/uploads\/2019\/07\/iStock-639627574.jpg\",\"datePublished\":\"2019-10-07T16:59:10+00:00\",\"dateModified\":\"2019-11-25T13:35:53+00:00\",\"description\":\"Le score de risque SMART estime votre risque de deuxi\u00e8me crise cardiaque ou de maladie connexe au cours des dix prochaines ann\u00e9es.\",\"breadcrumb\":{\"@id\":\"https:\/\/www.healthy-heart.org\/fr\/vivre-avec-une-cardiopathie\/estimation-du-risque-residuel-apres-une-crise-cardiaque\/#breadcrumb\"},\"inLanguage\":\"fr-FR\",\"potentialAction\":[{\"@type\":\"ReadAction\",\"target\":[\"https:\/\/www.healthy-heart.org\/fr\/vivre-avec-une-cardiopathie\/estimation-du-risque-residuel-apres-une-crise-cardiaque\/\"]}]},{\"@type\":\"ImageObject\",\"inLanguage\":\"fr-FR\",\"@id\":\"https:\/\/www.healthy-heart.org\/fr\/vivre-avec-une-cardiopathie\/estimation-du-risque-residuel-apres-une-crise-cardiaque\/#primaryimage\",\"url\":\"https:\/\/www.healthy-heart.org\/wp-content\/uploads\/2019\/07\/iStock-639627574.jpg\",\"contentUrl\":\"https:\/\/www.healthy-heart.org\/wp-content\/uploads\/2019\/07\/iStock-639627574.jpg\",\"width\":5336,\"height\":3557,\"caption\":\"A doctor is talking to a patient about her condition at her appointment.\"},{\"@type\":\"BreadcrumbList\",\"@id\":\"https:\/\/www.healthy-heart.org\/fr\/vivre-avec-une-cardiopathie\/estimation-du-risque-residuel-apres-une-crise-cardiaque\/#breadcrumb\",\"itemListElement\":[{\"@type\":\"ListItem\",\"position\":1,\"name\":\"Home\",\"item\":\"https:\/\/www.healthy-heart.org\/fr\/\"},{\"@type\":\"ListItem\",\"position\":2,\"name\":\"Vivre avec une cardiopathie\",\"item\":\"https:\/\/www.healthy-heart.org\/fr\/vivre-avec-une-cardiopathie\/\"},{\"@type\":\"ListItem\",\"position\":3,\"name\":\"Estimation du risque r\u00e9siduel apr\u00e8s une crise cardiaque\"}]},{\"@type\":\"WebSite\",\"@id\":\"https:\/\/www.healthy-heart.org\/es\/#website\",\"url\":\"https:\/\/www.healthy-heart.org\/es\/\",\"name\":\"Healthy-Heart.org\",\"description\":\"Practical advice for patients and family care givers on the prevention of cardiovascular disease\",\"potentialAction\":[{\"@type\":\"SearchAction\",\"target\":{\"@type\":\"EntryPoint\",\"urlTemplate\":\"https:\/\/www.healthy-heart.org\/es\/?s={search_term_string}\"},\"query-input\":{\"@type\":\"PropertyValueSpecification\",\"valueRequired\":true,\"valueName\":\"search_term_string\"}}],\"inLanguage\":\"fr-FR\"}]}<\/script>\n<!-- \/ Yoast SEO plugin. -->","yoast_head_json":{"title":"Risque r\u00e9siduel apr\u00e8s une crise cardiaque\u00a0- Healthy-Heart.org","description":"Le score de risque SMART estime votre risque de deuxi\u00e8me crise cardiaque ou de maladie connexe au cours des dix prochaines ann\u00e9es.","robots":{"index":"index","follow":"follow","max-snippet":"max-snippet:-1","max-image-preview":"max-image-preview:large","max-video-preview":"max-video-preview:-1"},"canonical":"https:\/\/www.healthy-heart.org\/fr\/vivre-avec-une-cardiopathie\/estimation-du-risque-residuel-apres-une-crise-cardiaque\/","og_locale":"fr_FR","og_type":"article","og_title":"Risque r\u00e9siduel apr\u00e8s une crise cardiaque\u00a0- Healthy-Heart.org","og_description":"Le score de risque SMART estime votre risque de deuxi\u00e8me crise cardiaque ou de maladie connexe au cours des dix prochaines ann\u00e9es.","og_url":"https:\/\/www.healthy-heart.org\/fr\/vivre-avec-une-cardiopathie\/estimation-du-risque-residuel-apres-une-crise-cardiaque\/","og_site_name":"Healthy-Heart.org","article_modified_time":"2019-11-25T13:35:53+00:00","og_image":[{"width":1024,"height":683,"url":"https:\/\/www.healthy-heart.org\/wp-content\/uploads\/2019\/07\/iStock-639627574-1024x683.jpg","type":"image\/jpeg"}],"twitter_card":"summary_large_image","twitter_misc":{"Dur\u00e9e de lecture estim\u00e9e":"2 minutes"},"schema":{"@context":"https:\/\/schema.org","@graph":[{"@type":"WebPage","@id":"https:\/\/www.healthy-heart.org\/fr\/vivre-avec-une-cardiopathie\/estimation-du-risque-residuel-apres-une-crise-cardiaque\/","url":"https:\/\/www.healthy-heart.org\/fr\/vivre-avec-une-cardiopathie\/estimation-du-risque-residuel-apres-une-crise-cardiaque\/","name":"Risque r\u00e9siduel apr\u00e8s une crise cardiaque\u00a0- Healthy-Heart.org","isPartOf":{"@id":"https:\/\/www.healthy-heart.org\/es\/#website"},"primaryImageOfPage":{"@id":"https:\/\/www.healthy-heart.org\/fr\/vivre-avec-une-cardiopathie\/estimation-du-risque-residuel-apres-une-crise-cardiaque\/#primaryimage"},"image":{"@id":"https:\/\/www.healthy-heart.org\/fr\/vivre-avec-une-cardiopathie\/estimation-du-risque-residuel-apres-une-crise-cardiaque\/#primaryimage"},"thumbnailUrl":"https:\/\/www.healthy-heart.org\/wp-content\/uploads\/2019\/07\/iStock-639627574.jpg","datePublished":"2019-10-07T16:59:10+00:00","dateModified":"2019-11-25T13:35:53+00:00","description":"Le score de risque SMART estime votre risque de deuxi\u00e8me crise cardiaque ou de maladie connexe au cours des dix prochaines ann\u00e9es.","breadcrumb":{"@id":"https:\/\/www.healthy-heart.org\/fr\/vivre-avec-une-cardiopathie\/estimation-du-risque-residuel-apres-une-crise-cardiaque\/#breadcrumb"},"inLanguage":"fr-FR","potentialAction":[{"@type":"ReadAction","target":["https:\/\/www.healthy-heart.org\/fr\/vivre-avec-une-cardiopathie\/estimation-du-risque-residuel-apres-une-crise-cardiaque\/"]}]},{"@type":"ImageObject","inLanguage":"fr-FR","@id":"https:\/\/www.healthy-heart.org\/fr\/vivre-avec-une-cardiopathie\/estimation-du-risque-residuel-apres-une-crise-cardiaque\/#primaryimage","url":"https:\/\/www.healthy-heart.org\/wp-content\/uploads\/2019\/07\/iStock-639627574.jpg","contentUrl":"https:\/\/www.healthy-heart.org\/wp-content\/uploads\/2019\/07\/iStock-639627574.jpg","width":5336,"height":3557,"caption":"A doctor is talking to a patient about her condition at her appointment."},{"@type":"BreadcrumbList","@id":"https:\/\/www.healthy-heart.org\/fr\/vivre-avec-une-cardiopathie\/estimation-du-risque-residuel-apres-une-crise-cardiaque\/#breadcrumb","itemListElement":[{"@type":"ListItem","position":1,"name":"Home","item":"https:\/\/www.healthy-heart.org\/fr\/"},{"@type":"ListItem","position":2,"name":"Vivre avec une cardiopathie","item":"https:\/\/www.healthy-heart.org\/fr\/vivre-avec-une-cardiopathie\/"},{"@type":"ListItem","position":3,"name":"Estimation du risque r\u00e9siduel apr\u00e8s une crise cardiaque"}]},{"@type":"WebSite","@id":"https:\/\/www.healthy-heart.org\/es\/#website","url":"https:\/\/www.healthy-heart.org\/es\/","name":"Healthy-Heart.org","description":"Practical advice for patients and family care givers on the prevention of cardiovascular disease","potentialAction":[{"@type":"SearchAction","target":{"@type":"EntryPoint","urlTemplate":"https:\/\/www.healthy-heart.org\/es\/?s={search_term_string}"},"query-input":{"@type":"PropertyValueSpecification","valueRequired":true,"valueName":"search_term_string"}}],"inLanguage":"fr-FR"}]}},"_links":{"self":[{"href":"https:\/\/www.healthy-heart.org\/fr\/wp-json\/wp\/v2\/pages\/1817","targetHints":{"allow":["GET"]}}],"collection":[{"href":"https:\/\/www.healthy-heart.org\/fr\/wp-json\/wp\/v2\/pages"}],"about":[{"href":"https:\/\/www.healthy-heart.org\/fr\/wp-json\/wp\/v2\/types\/page"}],"author":[{"embeddable":true,"href":"https:\/\/www.healthy-heart.org\/fr\/wp-json\/wp\/v2\/users\/1"}],"replies":[{"embeddable":true,"href":"https:\/\/www.healthy-heart.org\/fr\/wp-json\/wp\/v2\/comments?post=1817"}],"version-history":[{"count":3,"href":"https:\/\/www.healthy-heart.org\/fr\/wp-json\/wp\/v2\/pages\/1817\/revisions"}],"predecessor-version":[{"id":3739,"href":"https:\/\/www.healthy-heart.org\/fr\/wp-json\/wp\/v2\/pages\/1817\/revisions\/3739"}],"up":[{"embeddable":true,"href":"https:\/\/www.healthy-heart.org\/fr\/wp-json\/wp\/v2\/pages\/1862"}],"wp:featuredmedia":[{"embeddable":true,"href":"https:\/\/www.healthy-heart.org\/fr\/wp-json\/wp\/v2\/media\/611"}],"wp:attachment":[{"href":"https:\/\/www.healthy-heart.org\/fr\/wp-json\/wp\/v2\/media?parent=1817"}],"wp:term":[{"taxonomy":"category","embeddable":true,"href":"https:\/\/www.healthy-heart.org\/fr\/wp-json\/wp\/v2\/categories?post=1817"},{"taxonomy":"post_tag","embeddable":true,"href":"https:\/\/www.healthy-heart.org\/fr\/wp-json\/wp\/v2\/tags?post=1817"}],"curies":[{"name":"wp","href":"https:\/\/api.w.org\/{rel}","templated":true}]}}