{"id":1812,"date":"2019-10-07T17:58:58","date_gmt":"2019-10-07T16:58:58","guid":{"rendered":"https:\/\/www.healthy-heart.org\/sexe-et-maladie-cardiaque\/"},"modified":"2020-05-12T16:14:09","modified_gmt":"2020-05-12T15:14:09","slug":"sexe-et-maladie-cardiaque","status":"publish","type":"page","link":"https:\/\/www.healthy-heart.org\/fr\/vivre-avec-une-cardiopathie\/sexe-et-maladie-cardiaque\/","title":{"rendered":"Sexe et maladie cardiaque"},"content":{"rendered":"<p><img loading=\"lazy\" decoding=\"async\" class=\"alignright size-medium wp-image-586\" src=\"https:\/\/cdn-endpoint-prev.azureedge.net\/healthy-heart\/2019\/07\/iStock-874866632-350x233.jpg\" alt=\"\" width=\"350\" height=\"233\" srcset=\"https:\/\/www.healthy-heart.org\/wp-content\/uploads\/2019\/07\/iStock-874866632-350x233.jpg 350w, https:\/\/cdn-endpoint-prev.azureedge.net\/healthy-heart\/2019\/07\/iStock-874866632-2048x1365.jpg 2048w, https:\/\/cdn-endpoint-prev.azureedge.net\/healthy-heart\/2019\/07\/iStock-874866632-659x439.jpg 659w, https:\/\/www.healthy-heart.org\/wp-content\/uploads\/2019\/07\/iStock-874866632-200x133.jpg 200w, https:\/\/www.healthy-heart.org\/wp-content\/uploads\/2019\/07\/iStock-874866632-768x512.jpg 768w, https:\/\/www.healthy-heart.org\/wp-content\/uploads\/2019\/07\/iStock-874866632-1024x683.jpg 1024w, https:\/\/www.healthy-heart.org\/wp-content\/uploads\/2019\/07\/iStock-874866632-1536x1024.jpg 1536w, https:\/\/www.healthy-heart.org\/wp-content\/uploads\/2019\/07\/iStock-874866632-696x464.jpg 696w\" sizes=\"auto, (max-width: 350px) 100vw, 350px\" \/><a href=\"https:\/\/www.healthy-heart.org\/fr\/votre-coeur\/quest-ce-quune-cardiopathie\/\">Les maladies cardiaques<\/a> sont g\u00e9n\u00e9ralement v\u00e9cues comme un bouleversement par vous et votre partenaire. Certaines personnes ressentent des changements en ce qui concerne la sexualit\u00e9 ou leur intimit\u00e9. De plus, les couples ont parfois du mal \u00e0 parler d&rsquo;intimit\u00e9 et de sexualit\u00e9. Votre m\u00e9decin ou votre infirmi\u00e8re\u00a0peuvent <a href=\"https:\/\/www.healthy-heart.org\/fr\/vivre-avec-une-cardiopathie\/quelles-questions-poser-a-mon-cardiologue\/\">r\u00e9pondre \u00e0 vos questions<\/a> et discuter de vos probl\u00e8mes.<\/p>\n<p>Beaucoup de personnes se demandent s&rsquo;ils peuvent encore avoir des relations sexuelles et si le c\u0153ur va supporter l&rsquo;effort accru qui accompagne l&rsquo;excitation sexuelle. L&rsquo;activit\u00e9 sexuelle entra\u00eene une l\u00e9g\u00e8re augmentation de la fr\u00e9quence cardiaque et de la <a href=\"https:\/\/www.healthy-heart.org\/fr\/gardez-votre-coeur-en-bonne-sante\/tension-arterielle\/\">pression art\u00e9rielle<\/a>. Mais il est g\u00e9n\u00e9ralement sans danger de reprendre une activit\u00e9 sexuelle une semaine apr\u00e8s un infarctus du myocarde sans complications ou une intervention cardiaque sans complications telle qu&rsquo;une pose de stent, ou huit semaines apr\u00e8s une chirurgie cardiaque. <a href=\"https:\/\/www.healthy-heart.org\/fr\/vivre-avec-une-cardiopathie\/amelioration-de-la-sante-de-votre-coeur\/\">La r\u00e9adaptation cardiaque<\/a> et <a href=\"https:\/\/www.healthy-heart.org\/fr\/gardez-votre-coeur-en-bonne-sante\/lactivite-physique\/\">l&rsquo;activit\u00e9 physique<\/a> r\u00e9guli\u00e8re peuvent r\u00e9duire le risque de complications li\u00e9es \u00e0 l&rsquo;activit\u00e9 sexuelle.<\/p>\n<p>Selon la r\u00e8gle g\u00e9n\u00e9rale, si vous pouvez monter deux \u00e9tages ou faire une marche rapide sans sympt\u00f4mes (par exemple, sans douleur thoracique ou essoufflement), vous pouvez avoir des relations sexuelles en toute s\u00e9curit\u00e9. Il est important de respecter votre propre rythme de r\u00e9tablissement et, si vous pr\u00e9sentez des sympt\u00f4mes, parlez-en \u00e0 votre professionnel de sant\u00e9. Certaines personnes utilisent la nitroglyc\u00e9rine pour pr\u00e9venir ou traiter les sympt\u00f4mes.<\/p>\n<p>Il existe des m\u00e9dicaments qui aident \u00e0 am\u00e9liorer la performance sexuelle, tels que le sild\u00e9nafil, le vard\u00e9nafil et le tadalafil. La prise de l&rsquo;un de ces m\u00e9dicaments concomitamment \u00e0 l&rsquo;utilisation de nitrates est absolument contre-indiqu\u00e9e en raison du risque d&rsquo;hypotension art\u00e9rielle s\u00e9v\u00e8re. Par cons\u00e9quent, avant de commencer \u00e0 utiliser l&rsquo;un de ces m\u00e9dicaments ou certaines plantes, il est conseill\u00e9 de contacter votre m\u00e9decin.<\/p>\n<p>Certains <a href=\"https:\/\/www.healthy-heart.org\/living-with-heart-disease\/types-of-medication\/\">m\u00e9dicaments<\/a> prescrits pour les maladies cardiaques (b\u00eata-bloquants), les antid\u00e9presseurs et les somnif\u00e8res peuvent causer des probl\u00e8mes d&rsquo;\u00e9rection (et de d\u00e9sir sexuel) chez les hommes et de s\u00e9cheresse vaginale chez les femmes, avec des cons\u00e9quences sur votre activit\u00e9 sexuelle. Si vous pensez que votre traitement a un impact sur votre vie sexuelle, demandez conseil \u00e0 votre m\u00e9decin pour envisager \u00e9ventuellement de passer \u00e0 d&rsquo;autres marques ou types de m\u00e9dicament. N&rsquo;arr\u00eatez jamais votre traitement sans avis m\u00e9dical. Si vous faites l&rsquo;exp\u00e9rience d&rsquo;un dysfonctionnement sexuel, consultez votre m\u00e9decin ou votre infirmi\u00e8re pour savoir s&rsquo;il peut \u00eatre li\u00e9 \u00e0 votre maladie cardiaque ou \u00e0 des \u00e9motions telles que l&rsquo;anxi\u00e9t\u00e9, la d\u00e9pression ou d&rsquo;autres facteurs.<\/p>\n","protected":false},"excerpt":{"rendered":"<p>Les maladies cardiaques sont g\u00e9n\u00e9ralement v\u00e9cues comme un bouleversement par vous et votre partenaire. Certaines personnes ressentent des changements en ce qui concerne la sexualit\u00e9 ou leur intimit\u00e9. De plus, les couples ont parfois du mal \u00e0 parler d&rsquo;intimit\u00e9 et de sexualit\u00e9. Votre m\u00e9decin ou votre infirmi\u00e8re\u00a0peuvent r\u00e9pondre \u00e0 vos questions et discuter de vos [&hellip;]<\/p>\n","protected":false},"author":1,"featured_media":588,"parent":1862,"menu_order":9,"comment_status":"closed","ping_status":"closed","template":"","meta":{"_acf_changed":false,"footnotes":""},"categories":[60],"tags":[],"class_list":["post-1812","page","type-page","status-publish","has-post-thumbnail","hentry","category-vivre-avec-une-cardiopathie"],"acf":[],"yoast_head":"<!-- This site is optimized with the Yoast SEO plugin v24.0 - https:\/\/yoast.com\/wordpress\/plugins\/seo\/ -->\n<title>Sexe et cardiopathie\u00a0- Healthy-Heart.org<\/title>\n<meta name=\"description\" content=\"Il est g\u00e9n\u00e9ralement sans danger de reprendre des relations sexuelles apr\u00e8s un infarctus du myocarde sans complications ou une intervention cardiaque sans complications telle qu&#039;une pose de stent.\" \/>\n<meta name=\"robots\" content=\"index, follow, max-snippet:-1, max-image-preview:large, max-video-preview:-1\" \/>\n<link rel=\"canonical\" href=\"https:\/\/www.healthy-heart.org\/fr\/vivre-avec-une-cardiopathie\/sexe-et-maladie-cardiaque\/\" \/>\n<meta property=\"og:locale\" content=\"fr_FR\" \/>\n<meta property=\"og:type\" content=\"article\" \/>\n<meta property=\"og:title\" content=\"Sexe et cardiopathie\u00a0- Healthy-Heart.org\" \/>\n<meta property=\"og:description\" content=\"Il est g\u00e9n\u00e9ralement sans danger de reprendre des relations sexuelles apr\u00e8s un infarctus du myocarde sans complications ou une intervention cardiaque sans complications telle qu&#039;une pose de stent.\" \/>\n<meta property=\"og:url\" content=\"https:\/\/www.healthy-heart.org\/fr\/vivre-avec-une-cardiopathie\/sexe-et-maladie-cardiaque\/\" \/>\n<meta property=\"og:site_name\" content=\"Healthy-Heart.org\" \/>\n<meta property=\"article:modified_time\" content=\"2020-05-12T15:14:09+00:00\" \/>\n<meta property=\"og:image\" content=\"https:\/\/www.healthy-heart.org\/wp-content\/uploads\/2019\/07\/iStock-874866632-1024x683.jpg\" \/>\n\t<meta property=\"og:image:width\" content=\"1024\" \/>\n\t<meta property=\"og:image:height\" content=\"683\" \/>\n\t<meta property=\"og:image:type\" content=\"image\/jpeg\" \/>\n<meta name=\"twitter:card\" content=\"summary_large_image\" \/>\n<meta name=\"twitter:label1\" content=\"Dur\u00e9e de lecture estim\u00e9e\" \/>\n\t<meta name=\"twitter:data1\" content=\"2 minutes\" \/>\n<script type=\"application\/ld+json\" class=\"yoast-schema-graph\">{\"@context\":\"https:\/\/schema.org\",\"@graph\":[{\"@type\":\"WebPage\",\"@id\":\"https:\/\/www.healthy-heart.org\/fr\/vivre-avec-une-cardiopathie\/sexe-et-maladie-cardiaque\/\",\"url\":\"https:\/\/www.healthy-heart.org\/fr\/vivre-avec-une-cardiopathie\/sexe-et-maladie-cardiaque\/\",\"name\":\"Sexe et cardiopathie\u00a0- Healthy-Heart.org\",\"isPartOf\":{\"@id\":\"https:\/\/www.healthy-heart.org\/es\/#website\"},\"primaryImageOfPage\":{\"@id\":\"https:\/\/www.healthy-heart.org\/fr\/vivre-avec-une-cardiopathie\/sexe-et-maladie-cardiaque\/#primaryimage\"},\"image\":{\"@id\":\"https:\/\/www.healthy-heart.org\/fr\/vivre-avec-une-cardiopathie\/sexe-et-maladie-cardiaque\/#primaryimage\"},\"thumbnailUrl\":\"https:\/\/www.healthy-heart.org\/wp-content\/uploads\/2019\/07\/iStock-874866632.jpg\",\"datePublished\":\"2019-10-07T16:58:58+00:00\",\"dateModified\":\"2020-05-12T15:14:09+00:00\",\"description\":\"Il est g\u00e9n\u00e9ralement sans danger de reprendre des relations sexuelles apr\u00e8s un infarctus du myocarde sans complications ou une intervention cardiaque sans complications telle qu'une pose de stent.\",\"breadcrumb\":{\"@id\":\"https:\/\/www.healthy-heart.org\/fr\/vivre-avec-une-cardiopathie\/sexe-et-maladie-cardiaque\/#breadcrumb\"},\"inLanguage\":\"fr-FR\",\"potentialAction\":[{\"@type\":\"ReadAction\",\"target\":[\"https:\/\/www.healthy-heart.org\/fr\/vivre-avec-une-cardiopathie\/sexe-et-maladie-cardiaque\/\"]}]},{\"@type\":\"ImageObject\",\"inLanguage\":\"fr-FR\",\"@id\":\"https:\/\/www.healthy-heart.org\/fr\/vivre-avec-une-cardiopathie\/sexe-et-maladie-cardiaque\/#primaryimage\",\"url\":\"https:\/\/www.healthy-heart.org\/wp-content\/uploads\/2019\/07\/iStock-874866632.jpg\",\"contentUrl\":\"https:\/\/www.healthy-heart.org\/wp-content\/uploads\/2019\/07\/iStock-874866632.jpg\",\"width\":6720,\"height\":4480,\"caption\":\"Shot of a mature couple talking on the sofa at home\"},{\"@type\":\"BreadcrumbList\",\"@id\":\"https:\/\/www.healthy-heart.org\/fr\/vivre-avec-une-cardiopathie\/sexe-et-maladie-cardiaque\/#breadcrumb\",\"itemListElement\":[{\"@type\":\"ListItem\",\"position\":1,\"name\":\"Home\",\"item\":\"https:\/\/www.healthy-heart.org\/fr\/\"},{\"@type\":\"ListItem\",\"position\":2,\"name\":\"Vivre avec une cardiopathie\",\"item\":\"https:\/\/www.healthy-heart.org\/fr\/vivre-avec-une-cardiopathie\/\"},{\"@type\":\"ListItem\",\"position\":3,\"name\":\"Sexe et maladie cardiaque\"}]},{\"@type\":\"WebSite\",\"@id\":\"https:\/\/www.healthy-heart.org\/es\/#website\",\"url\":\"https:\/\/www.healthy-heart.org\/es\/\",\"name\":\"Healthy-Heart.org\",\"description\":\"Practical advice for patients and family care givers on the prevention of cardiovascular disease\",\"potentialAction\":[{\"@type\":\"SearchAction\",\"target\":{\"@type\":\"EntryPoint\",\"urlTemplate\":\"https:\/\/www.healthy-heart.org\/es\/?s={search_term_string}\"},\"query-input\":{\"@type\":\"PropertyValueSpecification\",\"valueRequired\":true,\"valueName\":\"search_term_string\"}}],\"inLanguage\":\"fr-FR\"}]}<\/script>\n<!-- \/ Yoast SEO plugin. -->","yoast_head_json":{"title":"Sexe et cardiopathie\u00a0- Healthy-Heart.org","description":"Il est g\u00e9n\u00e9ralement sans danger de reprendre des relations sexuelles apr\u00e8s un infarctus du myocarde sans complications ou une intervention cardiaque sans complications telle qu'une pose de stent.","robots":{"index":"index","follow":"follow","max-snippet":"max-snippet:-1","max-image-preview":"max-image-preview:large","max-video-preview":"max-video-preview:-1"},"canonical":"https:\/\/www.healthy-heart.org\/fr\/vivre-avec-une-cardiopathie\/sexe-et-maladie-cardiaque\/","og_locale":"fr_FR","og_type":"article","og_title":"Sexe et cardiopathie\u00a0- Healthy-Heart.org","og_description":"Il est g\u00e9n\u00e9ralement sans danger de reprendre des relations sexuelles apr\u00e8s un infarctus du myocarde sans complications ou une intervention cardiaque sans complications telle qu'une pose de stent.","og_url":"https:\/\/www.healthy-heart.org\/fr\/vivre-avec-une-cardiopathie\/sexe-et-maladie-cardiaque\/","og_site_name":"Healthy-Heart.org","article_modified_time":"2020-05-12T15:14:09+00:00","og_image":[{"width":1024,"height":683,"url":"https:\/\/www.healthy-heart.org\/wp-content\/uploads\/2019\/07\/iStock-874866632-1024x683.jpg","type":"image\/jpeg"}],"twitter_card":"summary_large_image","twitter_misc":{"Dur\u00e9e de lecture estim\u00e9e":"2 minutes"},"schema":{"@context":"https:\/\/schema.org","@graph":[{"@type":"WebPage","@id":"https:\/\/www.healthy-heart.org\/fr\/vivre-avec-une-cardiopathie\/sexe-et-maladie-cardiaque\/","url":"https:\/\/www.healthy-heart.org\/fr\/vivre-avec-une-cardiopathie\/sexe-et-maladie-cardiaque\/","name":"Sexe et cardiopathie\u00a0- Healthy-Heart.org","isPartOf":{"@id":"https:\/\/www.healthy-heart.org\/es\/#website"},"primaryImageOfPage":{"@id":"https:\/\/www.healthy-heart.org\/fr\/vivre-avec-une-cardiopathie\/sexe-et-maladie-cardiaque\/#primaryimage"},"image":{"@id":"https:\/\/www.healthy-heart.org\/fr\/vivre-avec-une-cardiopathie\/sexe-et-maladie-cardiaque\/#primaryimage"},"thumbnailUrl":"https:\/\/www.healthy-heart.org\/wp-content\/uploads\/2019\/07\/iStock-874866632.jpg","datePublished":"2019-10-07T16:58:58+00:00","dateModified":"2020-05-12T15:14:09+00:00","description":"Il est g\u00e9n\u00e9ralement sans danger de reprendre des relations sexuelles apr\u00e8s un infarctus du myocarde sans complications ou une intervention cardiaque sans complications telle qu'une pose de stent.","breadcrumb":{"@id":"https:\/\/www.healthy-heart.org\/fr\/vivre-avec-une-cardiopathie\/sexe-et-maladie-cardiaque\/#breadcrumb"},"inLanguage":"fr-FR","potentialAction":[{"@type":"ReadAction","target":["https:\/\/www.healthy-heart.org\/fr\/vivre-avec-une-cardiopathie\/sexe-et-maladie-cardiaque\/"]}]},{"@type":"ImageObject","inLanguage":"fr-FR","@id":"https:\/\/www.healthy-heart.org\/fr\/vivre-avec-une-cardiopathie\/sexe-et-maladie-cardiaque\/#primaryimage","url":"https:\/\/www.healthy-heart.org\/wp-content\/uploads\/2019\/07\/iStock-874866632.jpg","contentUrl":"https:\/\/www.healthy-heart.org\/wp-content\/uploads\/2019\/07\/iStock-874866632.jpg","width":6720,"height":4480,"caption":"Shot of a mature couple talking on the sofa at home"},{"@type":"BreadcrumbList","@id":"https:\/\/www.healthy-heart.org\/fr\/vivre-avec-une-cardiopathie\/sexe-et-maladie-cardiaque\/#breadcrumb","itemListElement":[{"@type":"ListItem","position":1,"name":"Home","item":"https:\/\/www.healthy-heart.org\/fr\/"},{"@type":"ListItem","position":2,"name":"Vivre avec une cardiopathie","item":"https:\/\/www.healthy-heart.org\/fr\/vivre-avec-une-cardiopathie\/"},{"@type":"ListItem","position":3,"name":"Sexe et maladie cardiaque"}]},{"@type":"WebSite","@id":"https:\/\/www.healthy-heart.org\/es\/#website","url":"https:\/\/www.healthy-heart.org\/es\/","name":"Healthy-Heart.org","description":"Practical advice for patients and family care givers on the prevention of cardiovascular disease","potentialAction":[{"@type":"SearchAction","target":{"@type":"EntryPoint","urlTemplate":"https:\/\/www.healthy-heart.org\/es\/?s={search_term_string}"},"query-input":{"@type":"PropertyValueSpecification","valueRequired":true,"valueName":"search_term_string"}}],"inLanguage":"fr-FR"}]}},"_links":{"self":[{"href":"https:\/\/www.healthy-heart.org\/fr\/wp-json\/wp\/v2\/pages\/1812","targetHints":{"allow":["GET"]}}],"collection":[{"href":"https:\/\/www.healthy-heart.org\/fr\/wp-json\/wp\/v2\/pages"}],"about":[{"href":"https:\/\/www.healthy-heart.org\/fr\/wp-json\/wp\/v2\/types\/page"}],"author":[{"embeddable":true,"href":"https:\/\/www.healthy-heart.org\/fr\/wp-json\/wp\/v2\/users\/1"}],"replies":[{"embeddable":true,"href":"https:\/\/www.healthy-heart.org\/fr\/wp-json\/wp\/v2\/comments?post=1812"}],"version-history":[{"count":5,"href":"https:\/\/www.healthy-heart.org\/fr\/wp-json\/wp\/v2\/pages\/1812\/revisions"}],"predecessor-version":[{"id":4581,"href":"https:\/\/www.healthy-heart.org\/fr\/wp-json\/wp\/v2\/pages\/1812\/revisions\/4581"}],"up":[{"embeddable":true,"href":"https:\/\/www.healthy-heart.org\/fr\/wp-json\/wp\/v2\/pages\/1862"}],"wp:featuredmedia":[{"embeddable":true,"href":"https:\/\/www.healthy-heart.org\/fr\/wp-json\/wp\/v2\/media\/588"}],"wp:attachment":[{"href":"https:\/\/www.healthy-heart.org\/fr\/wp-json\/wp\/v2\/media?parent=1812"}],"wp:term":[{"taxonomy":"category","embeddable":true,"href":"https:\/\/www.healthy-heart.org\/fr\/wp-json\/wp\/v2\/categories?post=1812"},{"taxonomy":"post_tag","embeddable":true,"href":"https:\/\/www.healthy-heart.org\/fr\/wp-json\/wp\/v2\/tags?post=1812"}],"curies":[{"name":"wp","href":"https:\/\/api.w.org\/{rel}","templated":true}]}}