{"id":1793,"date":"2019-10-07T17:58:03","date_gmt":"2019-10-07T16:58:03","guid":{"rendered":"https:\/\/www.healthy-heart.org\/gardez-votre-coeur-en-bonne-sante\/stress-et-sommeil\/"},"modified":"2021-02-02T14:27:55","modified_gmt":"2021-02-02T14:27:55","slug":"stress-et-sommeil","status":"publish","type":"page","link":"https:\/\/www.healthy-heart.org\/fr\/gardez-votre-coeur-en-bonne-sante\/stress-et-sommeil\/","title":{"rendered":"Stress et sommeil"},"content":{"rendered":"<p>La r\u00e9duction du stress et un sommeil de qualit\u00e9 et quantit\u00e9 suffisante peuvent am\u00e9liorer la qualit\u00e9 de vie et pr\u00e9venir les premi\u00e8res crises cardiaques et leurs r\u00e9cidives.<\/p>\n<p>Nos r\u00e9actions au stress psychologique provoquent des changements physiques dans le corps. Le stress \u00e9motionnel peut entra\u00eener des augmentations de la fr\u00e9quence cardiaque (vitesse \u00e0 laquelle le c\u0153ur pompe le sang), de la <a href=\"https:\/\/www.healthy-heart.org\/keep-your-heart-healthy\/blood-pressure\/\">pression art\u00e9rielle<\/a> et de la fr\u00e9quence respiratoire en raison d&rsquo;une surcharge du syst\u00e8me nerveux.<\/p>\n<p>Bien qu&rsquo;il s&rsquo;agisse d&rsquo;une r\u00e9action normale, le stress persistant d\u00fb \u00e0 des <a href=\"https:\/\/www.healthy-heart.org\/keep-your-heart-healthy\/take-control-of-your-lifestyle\/\">habitudes de vie malsaines<\/a>, \u00e0 des probl\u00e8mes professionnels ou familiaux peut \u00eatre un d\u00e9clencheur chronique du syst\u00e8me nerveux et augmenter le risque de maladies cardiovasculaires. L&rsquo;effet du stress est amplifi\u00e9 s&rsquo;il entra\u00eene un manque de sommeil ou une diminution de sa qualit\u00e9.<\/p>\n<p>Le ph\u00e9nom\u00e8ne des tremblements de terre illustre l&rsquo;impact du stress. Le tremblement de terre de 1995 \u00e0 Kobe, au Japon, a tripl\u00e9 le nombre de crises cardiaques chez les personnes vivant \u00e0 proximit\u00e9 de l&rsquo;\u00e9picentre.<\/p>\n<p>Le sommeil et le stress sont \u00e9troitement li\u00e9s. Le manque de sommeil provoque souvent de la fatigue, des sautes d&rsquo;humeur, des changements d&rsquo;alimentation et une somnolence excessive en journ\u00e9e. Les personnes qui se sentent stress\u00e9es sont plus susceptibles de souffrir de troubles du sommeil tels que l&rsquo;insomnie ou les troubles du sommeil, ce qui est d&rsquo;autant plus pr\u00e9occupant que le temps consacr\u00e9 au sommeil ne cesse de diminuer. Beaucoup de gens dorment moins en raison des heures de travail plus longues et du temps pass\u00e9 sur les smartphones.<\/p>\n<p>Le stress modifie le m\u00e9tabolisme et est associ\u00e9 \u00e0 la prise de poids. Le <a href=\"https:\/\/www.healthy-heart.org\/fr\/gardez-votre-coeur-en-bonne-sante\/conserver-un-poids-de-forme\/\">surpoids<\/a> augmente la probabilit\u00e9 de troubles respiratoires li\u00e9s au sommeil, tels que l&rsquo;apn\u00e9e obstructive du sommeil, qui sont associ\u00e9s \u00e0 la somnolence en journ\u00e9e et \u00e0 un <a href=\"https:\/\/www.healthy-heart.org\/fr\/gardez-votre-coeur-en-bonne-sante\/prediction-et-gestion-du-risque-de-maladie-cardiaque\/\">risque cardiovasculaire<\/a> plus \u00e9lev\u00e9.<\/p>\n<p>La quantit\u00e9 optimale de sommeil est de sept \u00e0 huit heures par nuit. Une dur\u00e9e de sommeil de moins de six ou de plus de dix heures de sommeil par nuit est associ\u00e9e \u00e0 une plus grande probabilit\u00e9 de crise cardiaque et d&rsquo;accident vasculaire c\u00e9r\u00e9bral. Avoir une bonne quantit\u00e9 de sommeil et traiter les troubles du sommeil comme l&rsquo;apn\u00e9e du sommeil et l&rsquo;insomnie peut prot\u00e9ger de l&rsquo;hypertension et d&rsquo;autres probl\u00e8mes cardiovasculaires.<\/p>\n<p>R\u00e9duire le stress et dormir suffisamment d&rsquo;un sommeil de qualit\u00e9 peuvent r\u00e9duire le risque cardiovasculaire et am\u00e9liorer la qualit\u00e9 de vie.<\/p>\n<p>Consultez votre m\u00e9decin si vous souffrez d&rsquo;un stress chronique, en particulier si vous ne dormez pas bien. Les th\u00e9rapies psychosociales, qui englobent les aspects psychologiques et sociaux, am\u00e9liorent le sommeil et la qualit\u00e9 de vie, et prot\u00e8gent de la premi\u00e8re crise cardiaque et des r\u00e9cidives.<\/p>\n","protected":false},"excerpt":{"rendered":"<p>La r\u00e9duction du stress et un sommeil de qualit\u00e9 et quantit\u00e9 suffisante peuvent am\u00e9liorer la qualit\u00e9 de vie et pr\u00e9venir les premi\u00e8res crises cardiaques et leurs r\u00e9cidives. Nos r\u00e9actions au stress psychologique provoquent des changements physiques dans le corps. Le stress \u00e9motionnel peut entra\u00eener des augmentations de la fr\u00e9quence cardiaque (vitesse \u00e0 laquelle le c\u0153ur [&hellip;]<\/p>\n","protected":false},"author":1,"featured_media":1187,"parent":1679,"menu_order":6,"comment_status":"closed","ping_status":"closed","template":"","meta":{"_acf_changed":false,"footnotes":""},"categories":[55],"tags":[],"class_list":["post-1793","page","type-page","status-publish","has-post-thumbnail","hentry","category-gardez-votre-coeur-en-bonne-sante"],"acf":[],"yoast_head":"<!-- This site is optimized with the Yoast SEO plugin v24.0 - https:\/\/yoast.com\/wordpress\/plugins\/seo\/ -->\n<title>Stress et sommeil\u00a0- Healthy-Heart.org<\/title>\n<meta name=\"description\" content=\"R\u00e9duire le stress et dormir suffisamment d&#039;un sommeil de qualit\u00e9 peuvent am\u00e9liorer la qualit\u00e9 de vie et pr\u00e9venir les crises cardiaques.\" \/>\n<meta name=\"robots\" content=\"index, follow, max-snippet:-1, max-image-preview:large, max-video-preview:-1\" \/>\n<link rel=\"canonical\" href=\"https:\/\/www.healthy-heart.org\/fr\/gardez-votre-coeur-en-bonne-sante\/stress-et-sommeil\/\" \/>\n<meta property=\"og:locale\" content=\"fr_FR\" \/>\n<meta property=\"og:type\" content=\"article\" \/>\n<meta property=\"og:title\" content=\"Stress et sommeil\u00a0- Healthy-Heart.org\" \/>\n<meta property=\"og:description\" content=\"R\u00e9duire le stress et dormir suffisamment d&#039;un sommeil de qualit\u00e9 peuvent am\u00e9liorer la qualit\u00e9 de vie et pr\u00e9venir les crises cardiaques.\" \/>\n<meta property=\"og:url\" content=\"https:\/\/www.healthy-heart.org\/fr\/gardez-votre-coeur-en-bonne-sante\/stress-et-sommeil\/\" \/>\n<meta property=\"og:site_name\" content=\"Healthy-Heart.org\" \/>\n<meta property=\"article:modified_time\" content=\"2021-02-02T14:27:55+00:00\" \/>\n<meta property=\"og:image\" content=\"https:\/\/www.healthy-heart.org\/wp-content\/uploads\/2019\/08\/Stress-and-sleep-iStock-924925656-1024x714.jpg\" \/>\n\t<meta property=\"og:image:width\" content=\"1024\" \/>\n\t<meta property=\"og:image:height\" content=\"714\" \/>\n\t<meta property=\"og:image:type\" content=\"image\/jpeg\" \/>\n<meta name=\"twitter:card\" content=\"summary_large_image\" \/>\n<meta name=\"twitter:label1\" content=\"Dur\u00e9e de lecture estim\u00e9e\" \/>\n\t<meta name=\"twitter:data1\" content=\"2 minutes\" \/>\n<script type=\"application\/ld+json\" class=\"yoast-schema-graph\">{\"@context\":\"https:\/\/schema.org\",\"@graph\":[{\"@type\":\"WebPage\",\"@id\":\"https:\/\/www.healthy-heart.org\/fr\/gardez-votre-coeur-en-bonne-sante\/stress-et-sommeil\/\",\"url\":\"https:\/\/www.healthy-heart.org\/fr\/gardez-votre-coeur-en-bonne-sante\/stress-et-sommeil\/\",\"name\":\"Stress et sommeil\u00a0- Healthy-Heart.org\",\"isPartOf\":{\"@id\":\"https:\/\/www.healthy-heart.org\/es\/#website\"},\"primaryImageOfPage\":{\"@id\":\"https:\/\/www.healthy-heart.org\/fr\/gardez-votre-coeur-en-bonne-sante\/stress-et-sommeil\/#primaryimage\"},\"image\":{\"@id\":\"https:\/\/www.healthy-heart.org\/fr\/gardez-votre-coeur-en-bonne-sante\/stress-et-sommeil\/#primaryimage\"},\"thumbnailUrl\":\"https:\/\/www.healthy-heart.org\/wp-content\/uploads\/2019\/08\/Stress-and-sleep-iStock-924925656.jpg\",\"datePublished\":\"2019-10-07T16:58:03+00:00\",\"dateModified\":\"2021-02-02T14:27:55+00:00\",\"description\":\"R\u00e9duire le stress et dormir suffisamment d'un sommeil de qualit\u00e9 peuvent am\u00e9liorer la qualit\u00e9 de vie et pr\u00e9venir les crises cardiaques.\",\"breadcrumb\":{\"@id\":\"https:\/\/www.healthy-heart.org\/fr\/gardez-votre-coeur-en-bonne-sante\/stress-et-sommeil\/#breadcrumb\"},\"inLanguage\":\"fr-FR\",\"potentialAction\":[{\"@type\":\"ReadAction\",\"target\":[\"https:\/\/www.healthy-heart.org\/fr\/gardez-votre-coeur-en-bonne-sante\/stress-et-sommeil\/\"]}]},{\"@type\":\"ImageObject\",\"inLanguage\":\"fr-FR\",\"@id\":\"https:\/\/www.healthy-heart.org\/fr\/gardez-votre-coeur-en-bonne-sante\/stress-et-sommeil\/#primaryimage\",\"url\":\"https:\/\/www.healthy-heart.org\/wp-content\/uploads\/2019\/08\/Stress-and-sleep-iStock-924925656.jpg\",\"contentUrl\":\"https:\/\/www.healthy-heart.org\/wp-content\/uploads\/2019\/08\/Stress-and-sleep-iStock-924925656.jpg\",\"width\":8386,\"height\":5851,\"caption\":\"Thoughtful stressed young man with a mess in his head\"},{\"@type\":\"BreadcrumbList\",\"@id\":\"https:\/\/www.healthy-heart.org\/fr\/gardez-votre-coeur-en-bonne-sante\/stress-et-sommeil\/#breadcrumb\",\"itemListElement\":[{\"@type\":\"ListItem\",\"position\":1,\"name\":\"Home\",\"item\":\"https:\/\/www.healthy-heart.org\/fr\/\"},{\"@type\":\"ListItem\",\"position\":2,\"name\":\"Gardez votre c\u0153ur en bonne sant\u00e9\",\"item\":\"https:\/\/www.healthy-heart.org\/fr\/gardez-votre-coeur-en-bonne-sante\/\"},{\"@type\":\"ListItem\",\"position\":3,\"name\":\"Stress et sommeil\"}]},{\"@type\":\"WebSite\",\"@id\":\"https:\/\/www.healthy-heart.org\/es\/#website\",\"url\":\"https:\/\/www.healthy-heart.org\/es\/\",\"name\":\"Healthy-Heart.org\",\"description\":\"Practical advice for patients and family care givers on the prevention of cardiovascular disease\",\"potentialAction\":[{\"@type\":\"SearchAction\",\"target\":{\"@type\":\"EntryPoint\",\"urlTemplate\":\"https:\/\/www.healthy-heart.org\/es\/?s={search_term_string}\"},\"query-input\":{\"@type\":\"PropertyValueSpecification\",\"valueRequired\":true,\"valueName\":\"search_term_string\"}}],\"inLanguage\":\"fr-FR\"}]}<\/script>\n<!-- \/ Yoast SEO plugin. -->","yoast_head_json":{"title":"Stress et sommeil\u00a0- Healthy-Heart.org","description":"R\u00e9duire le stress et dormir suffisamment d'un sommeil de qualit\u00e9 peuvent am\u00e9liorer la qualit\u00e9 de vie et pr\u00e9venir les crises cardiaques.","robots":{"index":"index","follow":"follow","max-snippet":"max-snippet:-1","max-image-preview":"max-image-preview:large","max-video-preview":"max-video-preview:-1"},"canonical":"https:\/\/www.healthy-heart.org\/fr\/gardez-votre-coeur-en-bonne-sante\/stress-et-sommeil\/","og_locale":"fr_FR","og_type":"article","og_title":"Stress et sommeil\u00a0- Healthy-Heart.org","og_description":"R\u00e9duire le stress et dormir suffisamment d'un sommeil de qualit\u00e9 peuvent am\u00e9liorer la qualit\u00e9 de vie et pr\u00e9venir les crises cardiaques.","og_url":"https:\/\/www.healthy-heart.org\/fr\/gardez-votre-coeur-en-bonne-sante\/stress-et-sommeil\/","og_site_name":"Healthy-Heart.org","article_modified_time":"2021-02-02T14:27:55+00:00","og_image":[{"width":1024,"height":714,"url":"https:\/\/www.healthy-heart.org\/wp-content\/uploads\/2019\/08\/Stress-and-sleep-iStock-924925656-1024x714.jpg","type":"image\/jpeg"}],"twitter_card":"summary_large_image","twitter_misc":{"Dur\u00e9e de lecture estim\u00e9e":"2 minutes"},"schema":{"@context":"https:\/\/schema.org","@graph":[{"@type":"WebPage","@id":"https:\/\/www.healthy-heart.org\/fr\/gardez-votre-coeur-en-bonne-sante\/stress-et-sommeil\/","url":"https:\/\/www.healthy-heart.org\/fr\/gardez-votre-coeur-en-bonne-sante\/stress-et-sommeil\/","name":"Stress et sommeil\u00a0- Healthy-Heart.org","isPartOf":{"@id":"https:\/\/www.healthy-heart.org\/es\/#website"},"primaryImageOfPage":{"@id":"https:\/\/www.healthy-heart.org\/fr\/gardez-votre-coeur-en-bonne-sante\/stress-et-sommeil\/#primaryimage"},"image":{"@id":"https:\/\/www.healthy-heart.org\/fr\/gardez-votre-coeur-en-bonne-sante\/stress-et-sommeil\/#primaryimage"},"thumbnailUrl":"https:\/\/www.healthy-heart.org\/wp-content\/uploads\/2019\/08\/Stress-and-sleep-iStock-924925656.jpg","datePublished":"2019-10-07T16:58:03+00:00","dateModified":"2021-02-02T14:27:55+00:00","description":"R\u00e9duire le stress et dormir suffisamment d'un sommeil de qualit\u00e9 peuvent am\u00e9liorer la qualit\u00e9 de vie et pr\u00e9venir les crises cardiaques.","breadcrumb":{"@id":"https:\/\/www.healthy-heart.org\/fr\/gardez-votre-coeur-en-bonne-sante\/stress-et-sommeil\/#breadcrumb"},"inLanguage":"fr-FR","potentialAction":[{"@type":"ReadAction","target":["https:\/\/www.healthy-heart.org\/fr\/gardez-votre-coeur-en-bonne-sante\/stress-et-sommeil\/"]}]},{"@type":"ImageObject","inLanguage":"fr-FR","@id":"https:\/\/www.healthy-heart.org\/fr\/gardez-votre-coeur-en-bonne-sante\/stress-et-sommeil\/#primaryimage","url":"https:\/\/www.healthy-heart.org\/wp-content\/uploads\/2019\/08\/Stress-and-sleep-iStock-924925656.jpg","contentUrl":"https:\/\/www.healthy-heart.org\/wp-content\/uploads\/2019\/08\/Stress-and-sleep-iStock-924925656.jpg","width":8386,"height":5851,"caption":"Thoughtful stressed young man with a mess in his head"},{"@type":"BreadcrumbList","@id":"https:\/\/www.healthy-heart.org\/fr\/gardez-votre-coeur-en-bonne-sante\/stress-et-sommeil\/#breadcrumb","itemListElement":[{"@type":"ListItem","position":1,"name":"Home","item":"https:\/\/www.healthy-heart.org\/fr\/"},{"@type":"ListItem","position":2,"name":"Gardez votre c\u0153ur en bonne sant\u00e9","item":"https:\/\/www.healthy-heart.org\/fr\/gardez-votre-coeur-en-bonne-sante\/"},{"@type":"ListItem","position":3,"name":"Stress et sommeil"}]},{"@type":"WebSite","@id":"https:\/\/www.healthy-heart.org\/es\/#website","url":"https:\/\/www.healthy-heart.org\/es\/","name":"Healthy-Heart.org","description":"Practical advice for patients and family care givers on the prevention of cardiovascular disease","potentialAction":[{"@type":"SearchAction","target":{"@type":"EntryPoint","urlTemplate":"https:\/\/www.healthy-heart.org\/es\/?s={search_term_string}"},"query-input":{"@type":"PropertyValueSpecification","valueRequired":true,"valueName":"search_term_string"}}],"inLanguage":"fr-FR"}]}},"_links":{"self":[{"href":"https:\/\/www.healthy-heart.org\/fr\/wp-json\/wp\/v2\/pages\/1793","targetHints":{"allow":["GET"]}}],"collection":[{"href":"https:\/\/www.healthy-heart.org\/fr\/wp-json\/wp\/v2\/pages"}],"about":[{"href":"https:\/\/www.healthy-heart.org\/fr\/wp-json\/wp\/v2\/types\/page"}],"author":[{"embeddable":true,"href":"https:\/\/www.healthy-heart.org\/fr\/wp-json\/wp\/v2\/users\/1"}],"replies":[{"embeddable":true,"href":"https:\/\/www.healthy-heart.org\/fr\/wp-json\/wp\/v2\/comments?post=1793"}],"version-history":[{"count":6,"href":"https:\/\/www.healthy-heart.org\/fr\/wp-json\/wp\/v2\/pages\/1793\/revisions"}],"predecessor-version":[{"id":5099,"href":"https:\/\/www.healthy-heart.org\/fr\/wp-json\/wp\/v2\/pages\/1793\/revisions\/5099"}],"up":[{"embeddable":true,"href":"https:\/\/www.healthy-heart.org\/fr\/wp-json\/wp\/v2\/pages\/1679"}],"wp:featuredmedia":[{"embeddable":true,"href":"https:\/\/www.healthy-heart.org\/fr\/wp-json\/wp\/v2\/media\/1187"}],"wp:attachment":[{"href":"https:\/\/www.healthy-heart.org\/fr\/wp-json\/wp\/v2\/media?parent=1793"}],"wp:term":[{"taxonomy":"category","embeddable":true,"href":"https:\/\/www.healthy-heart.org\/fr\/wp-json\/wp\/v2\/categories?post=1793"},{"taxonomy":"post_tag","embeddable":true,"href":"https:\/\/www.healthy-heart.org\/fr\/wp-json\/wp\/v2\/tags?post=1793"}],"curies":[{"name":"wp","href":"https:\/\/api.w.org\/{rel}","templated":true}]}}