{"id":1783,"date":"2019-10-07T17:56:47","date_gmt":"2019-10-07T16:56:47","guid":{"rendered":"https:\/\/www.healthy-heart.org\/votre-coeur\/comment-faire-une-rcp-reanimation-cardio-pulmonaire\/"},"modified":"2021-02-25T14:36:29","modified_gmt":"2021-02-25T14:36:29","slug":"comment-faire-une-rcp-reanimation-cardio-pulmonaire","status":"publish","type":"page","link":"https:\/\/www.healthy-heart.org\/fr\/votre-coeur\/comment-faire-une-rcp-reanimation-cardio-pulmonaire\/","title":{"rendered":"Comment faire une RCP (r\u00e9animation cardio-pulmonaire)"},"content":{"rendered":"<p><img loading=\"lazy\" decoding=\"async\" class=\"alignright size-medium wp-image-784\" src=\"https:\/\/cdn-endpoint-prev.azureedge.net\/healthy-heart\/2019\/07\/iStock-915166956-350x233.jpg\" alt=\"\" width=\"350\" height=\"233\" srcset=\"https:\/\/www.healthy-heart.org\/wp-content\/uploads\/2019\/07\/iStock-915166956-350x233.jpg 350w, https:\/\/cdn-endpoint-prev.azureedge.net\/healthy-heart\/2019\/07\/iStock-915166956-2048x1365.jpg 2048w, https:\/\/cdn-endpoint-prev.azureedge.net\/healthy-heart\/2019\/07\/iStock-915166956-659x439.jpg 659w, https:\/\/www.healthy-heart.org\/wp-content\/uploads\/2019\/07\/iStock-915166956-200x133.jpg 200w, https:\/\/www.healthy-heart.org\/wp-content\/uploads\/2019\/07\/iStock-915166956-768x512.jpg 768w, https:\/\/www.healthy-heart.org\/wp-content\/uploads\/2019\/07\/iStock-915166956-1024x683.jpg 1024w, https:\/\/www.healthy-heart.org\/wp-content\/uploads\/2019\/07\/iStock-915166956-1536x1024.jpg 1536w, https:\/\/www.healthy-heart.org\/wp-content\/uploads\/2019\/07\/iStock-915166956-696x464.jpg 696w\" sizes=\"auto, (max-width: 350px) 100vw, 350px\" \/>Bonne nouvelle\u00a0: sauver la vie de quelqu&rsquo;un est plus facile que vous ne le pensez.<\/p>\n<p>Si vous voyez une personne s&rsquo;effondrer, approchez-vous d&rsquo;elle.<\/p>\n<ol>\n<li>Dites \u00e0 quelqu&rsquo;un d&rsquo;appeler le num\u00e9ro d&rsquo;urgence local (si vous ne connaissez pas le num\u00e9ro local, le 112 fonctionne dans toute l&rsquo;Europe et dans de nombreux autres pays) et d&rsquo;aller chercher un d\u00e9fibrillateur. Si vous \u00eates seul, appelez les urgences et restez avec la victime.<\/li>\n<li>Si la personne a perdu connaissance et ne respire pas correctement, commencez la RCP\u00a0:<br \/>\nPenchez-vous sur la poitrine de la personne, posez une main au centre de la poitrine, l&rsquo;autre main sur la premi\u00e8re et POUSSEZ FORT ET VITE JUSQU\u2019\u00c0 L\u2019ARRIV\u00c9E DES SECOURS. Vous devez effectuer environ 100 \u00e0 120 compressions par minute, ce qui correspond \u00e0 peu pr\u00e8s au rythme que la c\u00e9l\u00e8bre chanson des Bee Gees\u00a0\u00ab\u00a0Stayin &lsquo;Alive\u00a0\u00bb. Continuer jusqu&rsquo;\u00e0 ce que l&rsquo;ambulance arrive.<\/li>\n<\/ol>\n<p>POUR RAPPEL\u00a0:<\/p>\n<ol>\n<li>APPELEZ LES URGENCES<\/li>\n<li>POUSSEZ FORT ET VITE<\/li>\n<\/ol>\n<p>VOS GESTES PEUVENT SAUVER DES VIES\u00a0!<\/p>\n<p>Pour plus d&rsquo;informations, vous pouvez regarder <a href=\"https:\/\/www.bhf.org.uk\/how-you-can-help\/how-to-save-a-life\/how-to-do-cpr\/cpr-training-videos\" target=\"_blank\" rel=\"noopener noreferrer\">cette vid\u00e9o<\/a> cr\u00e9\u00e9e par la British Heart Foundation.<\/p>\n","protected":false},"excerpt":{"rendered":"<p>Bonne nouvelle\u00a0: sauver la vie de quelqu&rsquo;un est plus facile que vous ne le pensez. Si vous voyez une personne s&rsquo;effondrer, approchez-vous d&rsquo;elle. Dites \u00e0 quelqu&rsquo;un d&rsquo;appeler le num\u00e9ro d&rsquo;urgence local (si vous ne connaissez pas le num\u00e9ro local, le 112 fonctionne dans toute l&rsquo;Europe et dans de nombreux autres pays) et d&rsquo;aller chercher un [&hellip;]<\/p>\n","protected":false},"author":1,"featured_media":1251,"parent":1651,"menu_order":4,"comment_status":"closed","ping_status":"closed","template":"","meta":{"_acf_changed":false,"footnotes":""},"categories":[50],"tags":[],"class_list":["post-1783","page","type-page","status-publish","has-post-thumbnail","hentry","category-votre-coeur"],"acf":[],"yoast_head":"<!-- This site is optimized with the Yoast SEO plugin v24.0 - https:\/\/yoast.com\/wordpress\/plugins\/seo\/ -->\n<title>Comment effectuer la RCP\u00a0- Healthy-Heart.org<\/title>\n<meta name=\"description\" content=\"Apprenez \u00e0 effectuer une RCP ou une r\u00e9animation cardio-pulmonaire pour secourir une personne en arr\u00eat cardiaque en pratiquant des compressions thoraciques.\" \/>\n<meta name=\"robots\" content=\"index, follow, max-snippet:-1, max-image-preview:large, max-video-preview:-1\" \/>\n<link rel=\"canonical\" href=\"https:\/\/www.healthy-heart.org\/fr\/votre-coeur\/comment-faire-une-rcp-reanimation-cardio-pulmonaire\/\" \/>\n<meta property=\"og:locale\" content=\"fr_FR\" \/>\n<meta property=\"og:type\" content=\"article\" \/>\n<meta property=\"og:title\" content=\"Comment effectuer la RCP\u00a0- Healthy-Heart.org\" \/>\n<meta property=\"og:description\" content=\"Apprenez \u00e0 effectuer une RCP ou une r\u00e9animation cardio-pulmonaire pour secourir une personne en arr\u00eat cardiaque en pratiquant des compressions thoraciques.\" \/>\n<meta property=\"og:url\" content=\"https:\/\/www.healthy-heart.org\/fr\/votre-coeur\/comment-faire-une-rcp-reanimation-cardio-pulmonaire\/\" \/>\n<meta property=\"og:site_name\" content=\"Healthy-Heart.org\" \/>\n<meta property=\"article:modified_time\" content=\"2021-02-25T14:36:29+00:00\" \/>\n<meta property=\"og:image\" content=\"https:\/\/www.healthy-heart.org\/wp-content\/uploads\/2019\/08\/cpr.jpg\" \/>\n\t<meta property=\"og:image:width\" content=\"518\" \/>\n\t<meta property=\"og:image:height\" content=\"345\" \/>\n\t<meta property=\"og:image:type\" content=\"image\/jpeg\" \/>\n<meta name=\"twitter:card\" content=\"summary_large_image\" \/>\n<meta name=\"twitter:label1\" content=\"Dur\u00e9e de lecture estim\u00e9e\" \/>\n\t<meta name=\"twitter:data1\" content=\"1 minute\" \/>\n<script type=\"application\/ld+json\" class=\"yoast-schema-graph\">{\"@context\":\"https:\/\/schema.org\",\"@graph\":[{\"@type\":\"WebPage\",\"@id\":\"https:\/\/www.healthy-heart.org\/fr\/votre-coeur\/comment-faire-une-rcp-reanimation-cardio-pulmonaire\/\",\"url\":\"https:\/\/www.healthy-heart.org\/fr\/votre-coeur\/comment-faire-une-rcp-reanimation-cardio-pulmonaire\/\",\"name\":\"Comment effectuer la RCP\u00a0- Healthy-Heart.org\",\"isPartOf\":{\"@id\":\"https:\/\/www.healthy-heart.org\/es\/#website\"},\"primaryImageOfPage\":{\"@id\":\"https:\/\/www.healthy-heart.org\/fr\/votre-coeur\/comment-faire-une-rcp-reanimation-cardio-pulmonaire\/#primaryimage\"},\"image\":{\"@id\":\"https:\/\/www.healthy-heart.org\/fr\/votre-coeur\/comment-faire-une-rcp-reanimation-cardio-pulmonaire\/#primaryimage\"},\"thumbnailUrl\":\"https:\/\/www.healthy-heart.org\/wp-content\/uploads\/2019\/08\/cpr.jpg\",\"datePublished\":\"2019-10-07T16:56:47+00:00\",\"dateModified\":\"2021-02-25T14:36:29+00:00\",\"description\":\"Apprenez \u00e0 effectuer une RCP ou une r\u00e9animation cardio-pulmonaire pour secourir une personne en arr\u00eat cardiaque en pratiquant des compressions thoraciques.\",\"breadcrumb\":{\"@id\":\"https:\/\/www.healthy-heart.org\/fr\/votre-coeur\/comment-faire-une-rcp-reanimation-cardio-pulmonaire\/#breadcrumb\"},\"inLanguage\":\"fr-FR\",\"potentialAction\":[{\"@type\":\"ReadAction\",\"target\":[\"https:\/\/www.healthy-heart.org\/fr\/votre-coeur\/comment-faire-une-rcp-reanimation-cardio-pulmonaire\/\"]}]},{\"@type\":\"ImageObject\",\"inLanguage\":\"fr-FR\",\"@id\":\"https:\/\/www.healthy-heart.org\/fr\/votre-coeur\/comment-faire-une-rcp-reanimation-cardio-pulmonaire\/#primaryimage\",\"url\":\"https:\/\/www.healthy-heart.org\/wp-content\/uploads\/2019\/08\/cpr.jpg\",\"contentUrl\":\"https:\/\/www.healthy-heart.org\/wp-content\/uploads\/2019\/08\/cpr.jpg\",\"width\":518,\"height\":345},{\"@type\":\"BreadcrumbList\",\"@id\":\"https:\/\/www.healthy-heart.org\/fr\/votre-coeur\/comment-faire-une-rcp-reanimation-cardio-pulmonaire\/#breadcrumb\",\"itemListElement\":[{\"@type\":\"ListItem\",\"position\":1,\"name\":\"Home\",\"item\":\"https:\/\/www.healthy-heart.org\/fr\/\"},{\"@type\":\"ListItem\",\"position\":2,\"name\":\"Votre c\u0153ur\",\"item\":\"https:\/\/www.healthy-heart.org\/fr\/votre-coeur\/\"},{\"@type\":\"ListItem\",\"position\":3,\"name\":\"Comment faire une RCP (r\u00e9animation cardio-pulmonaire)\"}]},{\"@type\":\"WebSite\",\"@id\":\"https:\/\/www.healthy-heart.org\/es\/#website\",\"url\":\"https:\/\/www.healthy-heart.org\/es\/\",\"name\":\"Healthy-Heart.org\",\"description\":\"Practical advice for patients and family care givers on the prevention of cardiovascular disease\",\"potentialAction\":[{\"@type\":\"SearchAction\",\"target\":{\"@type\":\"EntryPoint\",\"urlTemplate\":\"https:\/\/www.healthy-heart.org\/es\/?s={search_term_string}\"},\"query-input\":{\"@type\":\"PropertyValueSpecification\",\"valueRequired\":true,\"valueName\":\"search_term_string\"}}],\"inLanguage\":\"fr-FR\"}]}<\/script>\n<!-- \/ Yoast SEO plugin. -->","yoast_head_json":{"title":"Comment effectuer la RCP\u00a0- Healthy-Heart.org","description":"Apprenez \u00e0 effectuer une RCP ou une r\u00e9animation cardio-pulmonaire pour secourir une personne en arr\u00eat cardiaque en pratiquant des compressions thoraciques.","robots":{"index":"index","follow":"follow","max-snippet":"max-snippet:-1","max-image-preview":"max-image-preview:large","max-video-preview":"max-video-preview:-1"},"canonical":"https:\/\/www.healthy-heart.org\/fr\/votre-coeur\/comment-faire-une-rcp-reanimation-cardio-pulmonaire\/","og_locale":"fr_FR","og_type":"article","og_title":"Comment effectuer la RCP\u00a0- Healthy-Heart.org","og_description":"Apprenez \u00e0 effectuer une RCP ou une r\u00e9animation cardio-pulmonaire pour secourir une personne en arr\u00eat cardiaque en pratiquant des compressions thoraciques.","og_url":"https:\/\/www.healthy-heart.org\/fr\/votre-coeur\/comment-faire-une-rcp-reanimation-cardio-pulmonaire\/","og_site_name":"Healthy-Heart.org","article_modified_time":"2021-02-25T14:36:29+00:00","og_image":[{"width":518,"height":345,"url":"https:\/\/www.healthy-heart.org\/wp-content\/uploads\/2019\/08\/cpr.jpg","type":"image\/jpeg"}],"twitter_card":"summary_large_image","twitter_misc":{"Dur\u00e9e de lecture estim\u00e9e":"1 minute"},"schema":{"@context":"https:\/\/schema.org","@graph":[{"@type":"WebPage","@id":"https:\/\/www.healthy-heart.org\/fr\/votre-coeur\/comment-faire-une-rcp-reanimation-cardio-pulmonaire\/","url":"https:\/\/www.healthy-heart.org\/fr\/votre-coeur\/comment-faire-une-rcp-reanimation-cardio-pulmonaire\/","name":"Comment effectuer la RCP\u00a0- Healthy-Heart.org","isPartOf":{"@id":"https:\/\/www.healthy-heart.org\/es\/#website"},"primaryImageOfPage":{"@id":"https:\/\/www.healthy-heart.org\/fr\/votre-coeur\/comment-faire-une-rcp-reanimation-cardio-pulmonaire\/#primaryimage"},"image":{"@id":"https:\/\/www.healthy-heart.org\/fr\/votre-coeur\/comment-faire-une-rcp-reanimation-cardio-pulmonaire\/#primaryimage"},"thumbnailUrl":"https:\/\/www.healthy-heart.org\/wp-content\/uploads\/2019\/08\/cpr.jpg","datePublished":"2019-10-07T16:56:47+00:00","dateModified":"2021-02-25T14:36:29+00:00","description":"Apprenez \u00e0 effectuer une RCP ou une r\u00e9animation cardio-pulmonaire pour secourir une personne en arr\u00eat cardiaque en pratiquant des compressions thoraciques.","breadcrumb":{"@id":"https:\/\/www.healthy-heart.org\/fr\/votre-coeur\/comment-faire-une-rcp-reanimation-cardio-pulmonaire\/#breadcrumb"},"inLanguage":"fr-FR","potentialAction":[{"@type":"ReadAction","target":["https:\/\/www.healthy-heart.org\/fr\/votre-coeur\/comment-faire-une-rcp-reanimation-cardio-pulmonaire\/"]}]},{"@type":"ImageObject","inLanguage":"fr-FR","@id":"https:\/\/www.healthy-heart.org\/fr\/votre-coeur\/comment-faire-une-rcp-reanimation-cardio-pulmonaire\/#primaryimage","url":"https:\/\/www.healthy-heart.org\/wp-content\/uploads\/2019\/08\/cpr.jpg","contentUrl":"https:\/\/www.healthy-heart.org\/wp-content\/uploads\/2019\/08\/cpr.jpg","width":518,"height":345},{"@type":"BreadcrumbList","@id":"https:\/\/www.healthy-heart.org\/fr\/votre-coeur\/comment-faire-une-rcp-reanimation-cardio-pulmonaire\/#breadcrumb","itemListElement":[{"@type":"ListItem","position":1,"name":"Home","item":"https:\/\/www.healthy-heart.org\/fr\/"},{"@type":"ListItem","position":2,"name":"Votre c\u0153ur","item":"https:\/\/www.healthy-heart.org\/fr\/votre-coeur\/"},{"@type":"ListItem","position":3,"name":"Comment faire une RCP (r\u00e9animation cardio-pulmonaire)"}]},{"@type":"WebSite","@id":"https:\/\/www.healthy-heart.org\/es\/#website","url":"https:\/\/www.healthy-heart.org\/es\/","name":"Healthy-Heart.org","description":"Practical advice for patients and family care givers on the prevention of cardiovascular disease","potentialAction":[{"@type":"SearchAction","target":{"@type":"EntryPoint","urlTemplate":"https:\/\/www.healthy-heart.org\/es\/?s={search_term_string}"},"query-input":{"@type":"PropertyValueSpecification","valueRequired":true,"valueName":"search_term_string"}}],"inLanguage":"fr-FR"}]}},"_links":{"self":[{"href":"https:\/\/www.healthy-heart.org\/fr\/wp-json\/wp\/v2\/pages\/1783","targetHints":{"allow":["GET"]}}],"collection":[{"href":"https:\/\/www.healthy-heart.org\/fr\/wp-json\/wp\/v2\/pages"}],"about":[{"href":"https:\/\/www.healthy-heart.org\/fr\/wp-json\/wp\/v2\/types\/page"}],"author":[{"embeddable":true,"href":"https:\/\/www.healthy-heart.org\/fr\/wp-json\/wp\/v2\/users\/1"}],"replies":[{"embeddable":true,"href":"https:\/\/www.healthy-heart.org\/fr\/wp-json\/wp\/v2\/comments?post=1783"}],"version-history":[{"count":3,"href":"https:\/\/www.healthy-heart.org\/fr\/wp-json\/wp\/v2\/pages\/1783\/revisions"}],"predecessor-version":[{"id":5601,"href":"https:\/\/www.healthy-heart.org\/fr\/wp-json\/wp\/v2\/pages\/1783\/revisions\/5601"}],"up":[{"embeddable":true,"href":"https:\/\/www.healthy-heart.org\/fr\/wp-json\/wp\/v2\/pages\/1651"}],"wp:featuredmedia":[{"embeddable":true,"href":"https:\/\/www.healthy-heart.org\/fr\/wp-json\/wp\/v2\/media\/1251"}],"wp:attachment":[{"href":"https:\/\/www.healthy-heart.org\/fr\/wp-json\/wp\/v2\/media?parent=1783"}],"wp:term":[{"taxonomy":"category","embeddable":true,"href":"https:\/\/www.healthy-heart.org\/fr\/wp-json\/wp\/v2\/categories?post=1783"},{"taxonomy":"post_tag","embeddable":true,"href":"https:\/\/www.healthy-heart.org\/fr\/wp-json\/wp\/v2\/tags?post=1783"}],"curies":[{"name":"wp","href":"https:\/\/api.w.org\/{rel}","templated":true}]}}