{"id":1778,"date":"2019-10-07T17:56:35","date_gmt":"2019-10-07T16:56:35","guid":{"rendered":"https:\/\/www.healthy-heart.org\/votre-coeur\/signes-avant-coureurs-et-symptomes\/"},"modified":"2020-05-12T12:07:02","modified_gmt":"2020-05-12T11:07:02","slug":"signes-avant-coureurs-et-symptomes","status":"publish","type":"page","link":"https:\/\/www.healthy-heart.org\/fr\/votre-coeur\/signes-avant-coureurs-et-symptomes\/","title":{"rendered":"Signes avant-coureurs et sympt\u00f4mes"},"content":{"rendered":"<p><img loading=\"lazy\" decoding=\"async\" class=\"alignright size-medium wp-image-729\" src=\"https:\/\/cdn-endpoint-prev.azureedge.net\/healthy-heart\/2019\/07\/iStock-529054845-350x233.jpg\" alt=\"\" width=\"350\" height=\"233\" srcset=\"https:\/\/www.healthy-heart.org\/wp-content\/uploads\/2019\/07\/iStock-529054845-350x233.jpg 350w, https:\/\/cdn-endpoint-prev.azureedge.net\/healthy-heart\/2019\/07\/iStock-529054845-2048x1365.jpg 2048w, https:\/\/cdn-endpoint-prev.azureedge.net\/healthy-heart\/2019\/07\/iStock-529054845-659x439.jpg 659w, https:\/\/www.healthy-heart.org\/wp-content\/uploads\/2019\/07\/iStock-529054845-200x133.jpg 200w, https:\/\/www.healthy-heart.org\/wp-content\/uploads\/2019\/07\/iStock-529054845-768x512.jpg 768w, https:\/\/www.healthy-heart.org\/wp-content\/uploads\/2019\/07\/iStock-529054845-1024x683.jpg 1024w, https:\/\/www.healthy-heart.org\/wp-content\/uploads\/2019\/07\/iStock-529054845-1536x1024.jpg 1536w, https:\/\/www.healthy-heart.org\/wp-content\/uploads\/2019\/07\/iStock-529054845-696x464.jpg 696w\" sizes=\"auto, (max-width: 350px) 100vw, 350px\" \/><br \/>\nL&rsquo;un des signes d&rsquo;alerte de la <a href=\"https:\/\/www.healthy-heart.org\/fr\/votre-coeur\/quest-ce-quune-cardiopathie\/\">crise cardiaque<\/a> est la douleur thoracique. La douleur ne peut durer que quelques minutes ou quelques heures. G\u00e9n\u00e9ralement, la douleur ressemble \u00e0 un poids ou une oppression sur la poitrine, mais il peut s&rsquo;agir d&rsquo;une g\u00eane thoracique plus subtile ou d&rsquo;une sensation de br\u00fblure. La plupart des douleurs sont localis\u00e9es au centre de la poitrine. Elles peuvent s&rsquo;accompagner de sueurs froides et de naus\u00e9es. La douleur peut irradier vers d&rsquo;autres parties du haut du corps, par exemple les bras (plus \u00e0 gauche qu&rsquo;\u00e0 droite), le dos, et m\u00eame la m\u00e2choire.<\/p>\n<blockquote><p>Appelez imm\u00e9diatement une ambulance si vous ressentez des douleurs thoraciques pendant plus de 10 minutes.<br \/>\nNe vous rendez pas \u00e0 l&rsquo;h\u00f4pital vous-m\u00eame, car l&rsquo;h\u00f4pital le plus proche peut ne pas \u00eatre \u00e9quip\u00e9 pour traiter une crise cardiaque 24 heures sur 24, 7 jours sur 7.<\/p><\/blockquote>\n<p>&nbsp;<\/p>\n<h2>Signes avant-coureurs et sympt\u00f4mes de palpitations et d&rsquo;\u00e9vanouissements<\/h2>\n<p class=\"intro\">Que faire en cas de palpitations cardiaques ou d&rsquo;\u00e9vanouissement<\/p>\n<p>&nbsp;<\/p>\n<h3>Palpitations<\/h3>\n<p><img loading=\"lazy\" decoding=\"async\" class=\"alignright size-medium wp-image-739\" src=\"https:\/\/cdn-endpoint-prev.azureedge.net\/healthy-heart\/2019\/07\/iStock-1147153827-350x233.jpg\" alt=\"\" width=\"350\" height=\"233\" srcset=\"https:\/\/www.healthy-heart.org\/wp-content\/uploads\/2019\/07\/iStock-1147153827-350x233.jpg 350w, https:\/\/cdn-endpoint-prev.azureedge.net\/healthy-heart\/2019\/07\/iStock-1147153827-2048x1365.jpg 2048w, https:\/\/cdn-endpoint-prev.azureedge.net\/healthy-heart\/2019\/07\/iStock-1147153827-659x439.jpg 659w, https:\/\/www.healthy-heart.org\/wp-content\/uploads\/2019\/07\/iStock-1147153827-200x133.jpg 200w, https:\/\/www.healthy-heart.org\/wp-content\/uploads\/2019\/07\/iStock-1147153827-768x512.jpg 768w, https:\/\/www.healthy-heart.org\/wp-content\/uploads\/2019\/07\/iStock-1147153827-1024x683.jpg 1024w, https:\/\/www.healthy-heart.org\/wp-content\/uploads\/2019\/07\/iStock-1147153827-1536x1024.jpg 1536w, https:\/\/www.healthy-heart.org\/wp-content\/uploads\/2019\/07\/iStock-1147153827-696x464.jpg 696w\" sizes=\"auto, (max-width: 350px) 100vw, 350px\" \/><br \/>\nLes palpitations se produisent lorsque vous avez l&rsquo;impression que votre c\u0153ur bat de fa\u00e7on irr\u00e9guli\u00e8re, plus vite qu&rsquo;\u00e0 l&rsquo;accoutum\u00e9e, ou qu&rsquo;il bat plus fort, et que vous ressentez davantage votre rythme cardiaque que d&rsquo;habitude. Les palpitations durent g\u00e9n\u00e9ralement quelques secondes ou minutes, mais peuvent \u00e9galement se prolonger. Le c\u0153ur peut marquer des pauses (le temps de quelques battements), ce qui est normal et passe inaper\u00e7u, la plupart du temps.<\/p>\n<p>Les palpitations sont g\u00e9n\u00e9ralement b\u00e9nignes. Les gens ont tendance \u00e0 avoir davantage conscience des battements de leur c\u0153ur lorsqu&rsquo;ils sont stress\u00e9s. La caf\u00e9ine, le <a href=\"https:\/\/www.healthy-heart.org\/fr\/gardez-votre-coeur-en-bonne-sante\/le-tabagisme\/\">tabagisme<\/a>, l&rsquo;alcool et les drogues illicites peuvent \u00e9galement provoquer des palpitations. Les autres causes sont les changements hormonaux, les \u00e9motions fortes, l&rsquo;exercice intense et certains m\u00e9dicaments.<\/p>\n<p>R\u00e9duire ou \u00e9viter le facteur qui les d\u00e9clenche devrait arr\u00eater les palpitations, mais demandez d&rsquo;abord un avis m\u00e9dical si vous pensez que vos m\u00e9dicaments en sont la cause. Consultez \u00e9galement un m\u00e9decin si les palpitations persistent, augmentent en fr\u00e9quence ou sont associ\u00e9es \u00e0 d&rsquo;autres sympt\u00f4mes tels que des \u00e9tourdissements.<\/p>\n<p>&nbsp;<\/p>\n<h3>Syncope<\/h3>\n<p>La syncope est plus connue sous le nom d&rsquo;\u00e9vanouissement. Il s&rsquo;agit d&rsquo;une perte de conscience temporaire qui entra\u00eene g\u00e9n\u00e9ralement une chute de la personne. L&rsquo;hypotension art\u00e9rielle en est la cause la plus fr\u00e9quente et touche souvent les adolescentes et les jeunes femmes. Certaines personnes pr\u00e9sentent des signes avant-coureurs, comme des \u00e9tourdissements, des vertiges, des naus\u00e9es ou une faiblesse avant de s&rsquo;\u00e9vanouir pendant quelques secondes.<\/p>\n<p>Si vous vous sentez faible, asseyez-vous ou allongez-vous pour que votre pression art\u00e9rielle revienne \u00e0 la normale. Si vous vous \u00e9vanouissez, consultez votre m\u00e9decin pour \u00e9carter d&rsquo;autres causes telles que les troubles du rythme cardiaque, le r\u00e9tr\u00e9cissement des vaisseaux sanguins, les probl\u00e8mes de valves cardiaques et d&rsquo;autres affections.<\/p>\n<p>&nbsp;<\/p>\n<h2>Que faire en cas de vertiges<\/h2>\n<p class=\"intro\">Les vertiges peuvent \u00eatre un sympt\u00f4me important de maladie cardiaque.<\/p>\n<p><img loading=\"lazy\" decoding=\"async\" class=\"alignright size-medium wp-image-750\" src=\"https:\/\/cdn-endpoint-prev.azureedge.net\/healthy-heart\/2019\/07\/iStock-1124415619-350x234.jpg\" alt=\"\" width=\"350\" height=\"234\" srcset=\"https:\/\/www.healthy-heart.org\/wp-content\/uploads\/2019\/07\/iStock-1124415619-350x234.jpg 350w, https:\/\/cdn-endpoint-prev.azureedge.net\/healthy-heart\/2019\/07\/iStock-1124415619-1024x683.jpg 1024w, https:\/\/cdn-endpoint-prev.azureedge.net\/healthy-heart\/2019\/07\/iStock-1124415619-200x133.jpg 200w, https:\/\/www.healthy-heart.org\/wp-content\/uploads\/2019\/07\/iStock-1124415619-768x513.jpg 768w, https:\/\/www.healthy-heart.org\/wp-content\/uploads\/2019\/07\/iStock-1124415619-1536x1025.jpg 1536w, https:\/\/www.healthy-heart.org\/wp-content\/uploads\/2019\/07\/iStock-1124415619-2048x1367.jpg 2048w, https:\/\/www.healthy-heart.org\/wp-content\/uploads\/2019\/07\/iStock-1124415619-658x439.jpg 658w, https:\/\/www.healthy-heart.org\/wp-content\/uploads\/2019\/07\/iStock-1124415619-695x464.jpg 695w\" sizes=\"auto, (max-width: 350px) 100vw, 350px\" \/>Les vertiges font partie des signes qui peuvent \u00eatre avant-coureurs d&rsquo;une future crise cardiaque. C&rsquo;est une impression commune et d\u00e9sagr\u00e9able d&rsquo;\u00eatre sur le point de s&rsquo;\u00e9vanouir, qui s&rsquo;accompagne souvent d&rsquo;une sensation d&rsquo;\u00e9tourdissement. Les causes des vertiges sont multiples et ne sont pas n\u00e9cessairement li\u00e9s \u00e0 un probl\u00e8me cardiaque. Par exemple, une hypotension art\u00e9rielle temporaire ou un faible taux de sucre dans le sang peut provoquer des vertiges.<\/p>\n<p>Par exemple, une hypotension art\u00e9rielle temporaire ou un faible taux de sucre dans le sang peut provoquer des vertiges. Si vous ne vous r\u00e9tablissez pas apr\u00e8s quelques minutes ou si vous commencez \u00e0 ressentir \u00e9galement des palpitations ou si vous pr\u00e9sentez d&rsquo;autres signes avant-coureurs d&rsquo;une crise cardiaque (tels que des douleurs thoraciques ou une g\u00eane), consultez un m\u00e9decin.<\/p>\n<p>&nbsp;<\/p>\n<h2>Ce que vous devez savoir \u00e0 propos des naus\u00e9es<\/h2>\n<p class=\"intro\">Une crise cardiaque peut s&rsquo;accompagner de naus\u00e9es et de vomissements.<\/p>\n<p><img loading=\"lazy\" decoding=\"async\" class=\"alignright size-medium wp-image-759\" src=\"https:\/\/cdn-endpoint-prev.azureedge.net\/healthy-heart\/2019\/07\/iStock-875091172-350x233.jpg\" alt=\"\" width=\"350\" height=\"233\" srcset=\"https:\/\/www.healthy-heart.org\/wp-content\/uploads\/2019\/07\/iStock-875091172-350x233.jpg 350w, https:\/\/cdn-endpoint-prev.azureedge.net\/healthy-heart\/2019\/07\/iStock-875091172-2048x1365.jpg 2048w, https:\/\/cdn-endpoint-prev.azureedge.net\/healthy-heart\/2019\/07\/iStock-875091172-659x439.jpg 659w, https:\/\/www.healthy-heart.org\/wp-content\/uploads\/2019\/07\/iStock-875091172-200x133.jpg 200w, https:\/\/www.healthy-heart.org\/wp-content\/uploads\/2019\/07\/iStock-875091172-768x512.jpg 768w, https:\/\/www.healthy-heart.org\/wp-content\/uploads\/2019\/07\/iStock-875091172-1024x683.jpg 1024w, https:\/\/www.healthy-heart.org\/wp-content\/uploads\/2019\/07\/iStock-875091172-1536x1024.jpg 1536w, https:\/\/www.healthy-heart.org\/wp-content\/uploads\/2019\/07\/iStock-875091172-696x464.jpg 696w\" sizes=\"auto, (max-width: 350px) 100vw, 350px\" \/><br \/>\nLa naus\u00e9e est un sympt\u00f4me courant de la crise cardiaque. Si vous avez d\u00e9j\u00e0 eu une crise cardiaque ou si vous pr\u00e9sentez un risque \u00e9lev\u00e9 (par exemple si vous \u00eates diab\u00e9tique, si vous \u00eates en <a href=\"https:\/\/www.healthy-heart.org\/fr\/gardez-votre-coeur-en-bonne-sante\/conserver-un-poids-de-forme\/\">surpoids<\/a> et si vous fumez), sachez que les naus\u00e9es et les vomissements peuvent \u00eatre des sympt\u00f4mes avant-coureurs de crise cardiaque.<\/p>\n<p>En cas de sensation de malaise et d&rsquo;autres sympt\u00f4mes de crise cardiaque tels que les douleurs thoraciques, demandez un avis m\u00e9dical.<\/p>\n<p>&nbsp;<\/p>\n<h2>Ce que vous devez savoir sur l&rsquo;essoufflement<\/h2>\n<p class=\"intro\">L&rsquo;essoufflement est un sympt\u00f4me typique de la crise cardiaque.<\/p>\n<p><img loading=\"lazy\" decoding=\"async\" class=\"alignright size-medium wp-image-769\" src=\"https:\/\/cdn-endpoint-prev.azureedge.net\/healthy-heart\/2019\/07\/iStock-986556596-350x270.jpg\" alt=\"\" width=\"350\" height=\"270\" srcset=\"https:\/\/www.healthy-heart.org\/wp-content\/uploads\/2019\/07\/iStock-986556596-350x270.jpg 350w, https:\/\/www.healthy-heart.org\/wp-content\/uploads\/2019\/07\/iStock-986556596-200x154.jpg 200w, https:\/\/www.healthy-heart.org\/wp-content\/uploads\/2019\/07\/iStock-986556596-768x592.jpg 768w, https:\/\/www.healthy-heart.org\/wp-content\/uploads\/2019\/07\/iStock-986556596-1024x789.jpg 1024w, https:\/\/www.healthy-heart.org\/wp-content\/uploads\/2019\/07\/iStock-986556596-1536x1184.jpg 1536w, https:\/\/www.healthy-heart.org\/wp-content\/uploads\/2019\/07\/iStock-986556596-2048x1578.jpg 2048w, https:\/\/www.healthy-heart.org\/wp-content\/uploads\/2019\/07\/iStock-986556596-570x439.jpg 570w, https:\/\/www.healthy-heart.org\/wp-content\/uploads\/2019\/07\/iStock-986556596-602x464.jpg 602w\" sizes=\"auto, (max-width: 350px) 100vw, 350px\" \/><br \/>\nL&rsquo;essoufflement est la sensation de manquer d&rsquo;air. Elle peut survenir soudainement pendant l&rsquo;exercice, mais aussi au repos. Les causes sont multiples, mais il est important d&rsquo;informer votre m\u00e9decin ou cardiologue si vous avez des \u00e9pisodes d&rsquo;essoufflement, m\u00eame s&rsquo;ils se limitent aux p\u00e9riodes d&rsquo;exercice.<\/p>\n<p>Demandez d&rsquo;urgence de l&rsquo;aide m\u00e9dicale si vous \u00e9prouvez un essoufflement et d&rsquo;autres sympt\u00f4mes de crise cardiaque tels qu&rsquo;une douleur ou une pression thoracique.<\/p>\n","protected":false},"excerpt":{"rendered":"<p>L&rsquo;un des signes d&rsquo;alerte de la crise cardiaque est la douleur thoracique. La douleur ne peut durer que quelques minutes ou quelques heures. G\u00e9n\u00e9ralement, la douleur ressemble \u00e0 un poids ou une oppression sur la poitrine, mais il peut s&rsquo;agir d&rsquo;une g\u00eane thoracique plus subtile ou d&rsquo;une sensation de br\u00fblure. La plupart des douleurs sont [&hellip;]<\/p>\n","protected":false},"author":1,"featured_media":1241,"parent":1651,"menu_order":3,"comment_status":"closed","ping_status":"closed","template":"","meta":{"_acf_changed":false,"footnotes":""},"categories":[50],"tags":[],"class_list":["post-1778","page","type-page","status-publish","has-post-thumbnail","hentry","category-votre-coeur"],"acf":[],"yoast_head":"<!-- This site is optimized with the Yoast SEO plugin v24.0 - https:\/\/yoast.com\/wordpress\/plugins\/seo\/ -->\n<title>Alertes, signes et sympt\u00f4mes\u00a0- Healthy-Heart.org<\/title>\n<meta name=\"description\" content=\"Soyez attentif aux signes et sympt\u00f4mes d&#039;une crise cardiaque tels que les douleurs thoraciques, les palpitations, les naus\u00e9es et les vomissements.\" \/>\n<meta name=\"robots\" content=\"index, follow, max-snippet:-1, max-image-preview:large, max-video-preview:-1\" \/>\n<link rel=\"canonical\" href=\"https:\/\/www.healthy-heart.org\/fr\/votre-coeur\/signes-avant-coureurs-et-symptomes\/\" \/>\n<meta property=\"og:locale\" content=\"fr_FR\" \/>\n<meta property=\"og:type\" content=\"article\" \/>\n<meta property=\"og:title\" content=\"Alertes, signes et sympt\u00f4mes\u00a0- Healthy-Heart.org\" \/>\n<meta property=\"og:description\" content=\"Soyez attentif aux signes et sympt\u00f4mes d&#039;une crise cardiaque tels que les douleurs thoraciques, les palpitations, les naus\u00e9es et les vomissements.\" \/>\n<meta property=\"og:url\" content=\"https:\/\/www.healthy-heart.org\/fr\/votre-coeur\/signes-avant-coureurs-et-symptomes\/\" \/>\n<meta property=\"og:site_name\" content=\"Healthy-Heart.org\" \/>\n<meta property=\"article:modified_time\" content=\"2020-05-12T11:07:02+00:00\" \/>\n<meta property=\"og:image\" content=\"https:\/\/www.healthy-heart.org\/wp-content\/uploads\/2019\/08\/signs-and-symptoms.jpg\" \/>\n\t<meta property=\"og:image:width\" content=\"518\" \/>\n\t<meta property=\"og:image:height\" content=\"345\" \/>\n\t<meta property=\"og:image:type\" content=\"image\/jpeg\" \/>\n<meta name=\"twitter:card\" content=\"summary_large_image\" \/>\n<meta name=\"twitter:label1\" content=\"Dur\u00e9e de lecture estim\u00e9e\" \/>\n\t<meta name=\"twitter:data1\" content=\"4 minutes\" \/>\n<script type=\"application\/ld+json\" class=\"yoast-schema-graph\">{\"@context\":\"https:\/\/schema.org\",\"@graph\":[{\"@type\":\"WebPage\",\"@id\":\"https:\/\/www.healthy-heart.org\/fr\/votre-coeur\/signes-avant-coureurs-et-symptomes\/\",\"url\":\"https:\/\/www.healthy-heart.org\/fr\/votre-coeur\/signes-avant-coureurs-et-symptomes\/\",\"name\":\"Alertes, signes et sympt\u00f4mes\u00a0- Healthy-Heart.org\",\"isPartOf\":{\"@id\":\"https:\/\/www.healthy-heart.org\/es\/#website\"},\"primaryImageOfPage\":{\"@id\":\"https:\/\/www.healthy-heart.org\/fr\/votre-coeur\/signes-avant-coureurs-et-symptomes\/#primaryimage\"},\"image\":{\"@id\":\"https:\/\/www.healthy-heart.org\/fr\/votre-coeur\/signes-avant-coureurs-et-symptomes\/#primaryimage\"},\"thumbnailUrl\":\"https:\/\/www.healthy-heart.org\/wp-content\/uploads\/2019\/08\/signs-and-symptoms.jpg\",\"datePublished\":\"2019-10-07T16:56:35+00:00\",\"dateModified\":\"2020-05-12T11:07:02+00:00\",\"description\":\"Soyez attentif aux signes et sympt\u00f4mes d'une crise cardiaque tels que les douleurs thoraciques, les palpitations, les naus\u00e9es et les vomissements.\",\"breadcrumb\":{\"@id\":\"https:\/\/www.healthy-heart.org\/fr\/votre-coeur\/signes-avant-coureurs-et-symptomes\/#breadcrumb\"},\"inLanguage\":\"fr-FR\",\"potentialAction\":[{\"@type\":\"ReadAction\",\"target\":[\"https:\/\/www.healthy-heart.org\/fr\/votre-coeur\/signes-avant-coureurs-et-symptomes\/\"]}]},{\"@type\":\"ImageObject\",\"inLanguage\":\"fr-FR\",\"@id\":\"https:\/\/www.healthy-heart.org\/fr\/votre-coeur\/signes-avant-coureurs-et-symptomes\/#primaryimage\",\"url\":\"https:\/\/www.healthy-heart.org\/wp-content\/uploads\/2019\/08\/signs-and-symptoms.jpg\",\"contentUrl\":\"https:\/\/www.healthy-heart.org\/wp-content\/uploads\/2019\/08\/signs-and-symptoms.jpg\",\"width\":518,\"height\":345},{\"@type\":\"BreadcrumbList\",\"@id\":\"https:\/\/www.healthy-heart.org\/fr\/votre-coeur\/signes-avant-coureurs-et-symptomes\/#breadcrumb\",\"itemListElement\":[{\"@type\":\"ListItem\",\"position\":1,\"name\":\"Home\",\"item\":\"https:\/\/www.healthy-heart.org\/fr\/\"},{\"@type\":\"ListItem\",\"position\":2,\"name\":\"Votre c\u0153ur\",\"item\":\"https:\/\/www.healthy-heart.org\/fr\/votre-coeur\/\"},{\"@type\":\"ListItem\",\"position\":3,\"name\":\"Signes avant-coureurs et sympt\u00f4mes\"}]},{\"@type\":\"WebSite\",\"@id\":\"https:\/\/www.healthy-heart.org\/es\/#website\",\"url\":\"https:\/\/www.healthy-heart.org\/es\/\",\"name\":\"Healthy-Heart.org\",\"description\":\"Practical advice for patients and family care givers on the prevention of cardiovascular disease\",\"potentialAction\":[{\"@type\":\"SearchAction\",\"target\":{\"@type\":\"EntryPoint\",\"urlTemplate\":\"https:\/\/www.healthy-heart.org\/es\/?s={search_term_string}\"},\"query-input\":{\"@type\":\"PropertyValueSpecification\",\"valueRequired\":true,\"valueName\":\"search_term_string\"}}],\"inLanguage\":\"fr-FR\"}]}<\/script>\n<!-- \/ Yoast SEO plugin. -->","yoast_head_json":{"title":"Alertes, signes et sympt\u00f4mes\u00a0- Healthy-Heart.org","description":"Soyez attentif aux signes et sympt\u00f4mes d'une crise cardiaque tels que les douleurs thoraciques, les palpitations, les naus\u00e9es et les vomissements.","robots":{"index":"index","follow":"follow","max-snippet":"max-snippet:-1","max-image-preview":"max-image-preview:large","max-video-preview":"max-video-preview:-1"},"canonical":"https:\/\/www.healthy-heart.org\/fr\/votre-coeur\/signes-avant-coureurs-et-symptomes\/","og_locale":"fr_FR","og_type":"article","og_title":"Alertes, signes et sympt\u00f4mes\u00a0- Healthy-Heart.org","og_description":"Soyez attentif aux signes et sympt\u00f4mes d'une crise cardiaque tels que les douleurs thoraciques, les palpitations, les naus\u00e9es et les vomissements.","og_url":"https:\/\/www.healthy-heart.org\/fr\/votre-coeur\/signes-avant-coureurs-et-symptomes\/","og_site_name":"Healthy-Heart.org","article_modified_time":"2020-05-12T11:07:02+00:00","og_image":[{"width":518,"height":345,"url":"https:\/\/www.healthy-heart.org\/wp-content\/uploads\/2019\/08\/signs-and-symptoms.jpg","type":"image\/jpeg"}],"twitter_card":"summary_large_image","twitter_misc":{"Dur\u00e9e de lecture estim\u00e9e":"4 minutes"},"schema":{"@context":"https:\/\/schema.org","@graph":[{"@type":"WebPage","@id":"https:\/\/www.healthy-heart.org\/fr\/votre-coeur\/signes-avant-coureurs-et-symptomes\/","url":"https:\/\/www.healthy-heart.org\/fr\/votre-coeur\/signes-avant-coureurs-et-symptomes\/","name":"Alertes, signes et sympt\u00f4mes\u00a0- Healthy-Heart.org","isPartOf":{"@id":"https:\/\/www.healthy-heart.org\/es\/#website"},"primaryImageOfPage":{"@id":"https:\/\/www.healthy-heart.org\/fr\/votre-coeur\/signes-avant-coureurs-et-symptomes\/#primaryimage"},"image":{"@id":"https:\/\/www.healthy-heart.org\/fr\/votre-coeur\/signes-avant-coureurs-et-symptomes\/#primaryimage"},"thumbnailUrl":"https:\/\/www.healthy-heart.org\/wp-content\/uploads\/2019\/08\/signs-and-symptoms.jpg","datePublished":"2019-10-07T16:56:35+00:00","dateModified":"2020-05-12T11:07:02+00:00","description":"Soyez attentif aux signes et sympt\u00f4mes d'une crise cardiaque tels que les douleurs thoraciques, les palpitations, les naus\u00e9es et les vomissements.","breadcrumb":{"@id":"https:\/\/www.healthy-heart.org\/fr\/votre-coeur\/signes-avant-coureurs-et-symptomes\/#breadcrumb"},"inLanguage":"fr-FR","potentialAction":[{"@type":"ReadAction","target":["https:\/\/www.healthy-heart.org\/fr\/votre-coeur\/signes-avant-coureurs-et-symptomes\/"]}]},{"@type":"ImageObject","inLanguage":"fr-FR","@id":"https:\/\/www.healthy-heart.org\/fr\/votre-coeur\/signes-avant-coureurs-et-symptomes\/#primaryimage","url":"https:\/\/www.healthy-heart.org\/wp-content\/uploads\/2019\/08\/signs-and-symptoms.jpg","contentUrl":"https:\/\/www.healthy-heart.org\/wp-content\/uploads\/2019\/08\/signs-and-symptoms.jpg","width":518,"height":345},{"@type":"BreadcrumbList","@id":"https:\/\/www.healthy-heart.org\/fr\/votre-coeur\/signes-avant-coureurs-et-symptomes\/#breadcrumb","itemListElement":[{"@type":"ListItem","position":1,"name":"Home","item":"https:\/\/www.healthy-heart.org\/fr\/"},{"@type":"ListItem","position":2,"name":"Votre c\u0153ur","item":"https:\/\/www.healthy-heart.org\/fr\/votre-coeur\/"},{"@type":"ListItem","position":3,"name":"Signes avant-coureurs et sympt\u00f4mes"}]},{"@type":"WebSite","@id":"https:\/\/www.healthy-heart.org\/es\/#website","url":"https:\/\/www.healthy-heart.org\/es\/","name":"Healthy-Heart.org","description":"Practical advice for patients and family care givers on the prevention of cardiovascular disease","potentialAction":[{"@type":"SearchAction","target":{"@type":"EntryPoint","urlTemplate":"https:\/\/www.healthy-heart.org\/es\/?s={search_term_string}"},"query-input":{"@type":"PropertyValueSpecification","valueRequired":true,"valueName":"search_term_string"}}],"inLanguage":"fr-FR"}]}},"_links":{"self":[{"href":"https:\/\/www.healthy-heart.org\/fr\/wp-json\/wp\/v2\/pages\/1778","targetHints":{"allow":["GET"]}}],"collection":[{"href":"https:\/\/www.healthy-heart.org\/fr\/wp-json\/wp\/v2\/pages"}],"about":[{"href":"https:\/\/www.healthy-heart.org\/fr\/wp-json\/wp\/v2\/types\/page"}],"author":[{"embeddable":true,"href":"https:\/\/www.healthy-heart.org\/fr\/wp-json\/wp\/v2\/users\/1"}],"replies":[{"embeddable":true,"href":"https:\/\/www.healthy-heart.org\/fr\/wp-json\/wp\/v2\/comments?post=1778"}],"version-history":[{"count":4,"href":"https:\/\/www.healthy-heart.org\/fr\/wp-json\/wp\/v2\/pages\/1778\/revisions"}],"predecessor-version":[{"id":4527,"href":"https:\/\/www.healthy-heart.org\/fr\/wp-json\/wp\/v2\/pages\/1778\/revisions\/4527"}],"up":[{"embeddable":true,"href":"https:\/\/www.healthy-heart.org\/fr\/wp-json\/wp\/v2\/pages\/1651"}],"wp:featuredmedia":[{"embeddable":true,"href":"https:\/\/www.healthy-heart.org\/fr\/wp-json\/wp\/v2\/media\/1241"}],"wp:attachment":[{"href":"https:\/\/www.healthy-heart.org\/fr\/wp-json\/wp\/v2\/media?parent=1778"}],"wp:term":[{"taxonomy":"category","embeddable":true,"href":"https:\/\/www.healthy-heart.org\/fr\/wp-json\/wp\/v2\/categories?post=1778"},{"taxonomy":"post_tag","embeddable":true,"href":"https:\/\/www.healthy-heart.org\/fr\/wp-json\/wp\/v2\/tags?post=1778"}],"curies":[{"name":"wp","href":"https:\/\/api.w.org\/{rel}","templated":true}]}}