{"id":1773,"date":"2019-10-07T17:55:15","date_gmt":"2019-10-07T16:55:15","guid":{"rendered":"https:\/\/www.healthy-heart.org\/liens-utiles\/"},"modified":"2024-02-27T16:13:19","modified_gmt":"2024-02-27T16:13:19","slug":"liens-utiles","status":"publish","type":"page","link":"https:\/\/www.healthy-heart.org\/fr\/liens-utiles\/","title":{"rendered":"Liens utiles"},"content":{"rendered":"<h3><a href=\"https:\/\/www.afibmatters.org\">www.AfibMatters.org<\/a><\/h3>\n<p>Vous, ou quelqu&rsquo;un que vous connaissez, souffre de FA&nbsp;? Trouvez toutes les informations sur ce site con\u00e7u par des professionnels de la sant\u00e9.<\/p>\n<p>&nbsp;<\/p>\n<h3><a href=\"https:\/\/www.heartfailurematters.org\">www.HeartFailureMatters.org<\/a><\/h3>\n<p>Informations pratiques sur l&rsquo;insuffisance cardiaque pour les patients, les familles et les soignants, fournies par l&rsquo;Association de l&rsquo;insuffisance cardiaque de la Soci\u00e9t\u00e9 Europ\u00e9enne de Cardiologie.<\/p>\n<p>&nbsp;<\/p>\n<h3><a href=\"https:\/\/www.escardio.org\/Guidelines\/guidelines-for-patients\" target=\"_blank\" rel=\"noopener\">Recommandations de l&rsquo;ESC destin\u00e9es aux patients<\/a><\/h3>\n<p>Bas\u00e9s sur les recommandations de pratique clinique de l&rsquo;ESC, ces documents ont pour but de vous aider \u00e0 comprendre votre maladie et de vous donner les connaissances et la confiance n\u00e9cessaires pour participer \u00e0 une prise de d\u00e9cision partag\u00e9e avec vos prestataires de soins de sant\u00e9<br \/>\n<a href=\"https:\/\/www.escardio.org\/static-file\/Escardio\/Guidelines\/Documents\/ESC%20Patient%20Guidelines%20CVD%20in%20patients%20with%20diabetes\"><img loading=\"lazy\" decoding=\"async\" class=\"size-full wp-image-7162 alignright\" src=\"https:\/\/cdn-endpoint-prev.azureedge.net\/healthy-heart\/2024\/02\/CVD_diabetes_patient_GL_cover_escardio-vPhotoMedium.png\" alt=\"\" width=\"176\" height=\"250\" srcset=\"https:\/\/cdn-endpoint-prev.azureedge.net\/healthy-heart\/2024\/02\/CVD_diabetes_patient_GL_cover_escardio-vPhotoMedium.png 176w, https:\/\/cdn-endpoint-prev.azureedge.net\/healthy-heart\/2024\/02\/CVD_diabetes_patient_GL_cover_escardio-vPhotoMedium-141x200.png 141w\" sizes=\"auto, (max-width: 176px) 100vw, 176px\" \/><\/a><\/p>\n<h4><a href=\"https:\/\/www.escardio.org\/static-file\/Escardio\/Guidelines\/Documents\/ESC%20Patient%20Guidelines%20CVD%20in%20patients%20with%20diabetes\">Le diab\u00e8te<\/a><\/h4>\n<p>Les patients atteints de diab\u00e8te pr\u00e9sentent un risque accru de d\u00e9veloppement de maladies cardiovasculaires et d&rsquo;\u00e9v\u00e9nements cardiovasculaires, tels que des crises cardiaques, par rapport aux patients non diab\u00e9tiques.<\/p>\n<p>Ce guide fournit un aper\u00e7u des derni\u00e8res recommandations fond\u00e9es sur des donn\u00e9es probantes concernant les maladies cardiovasculaires et le diab\u00e8te. Il devrait notamment vous aider \u00e0 comprendre&nbsp;:<\/p>\n<ul>\n<li>Les diff\u00e9rentes maladies qui augmentent le risque d&rsquo;\u00e9v\u00e9nements cardiovasculaires chez les patients diab\u00e9tiques<\/li>\n<li>Les traitements recommand\u00e9s pour r\u00e9duire le risque cardiovasculaire<\/li>\n<li>Les modifications du mode de vie qui peuvent contribuer \u00e0 r\u00e9duire le risque cardiovasculaire<\/li>\n<\/ul>\n<p>&nbsp;<\/p>\n<h4><a href=\"https:\/\/www.escardio.org\/static-file\/Escardio\/Advocacy\/Documents\/ESC%20CVD%20prevention%20guidelines%20-%20final%20PDF.pdf\">Pr\u00e9vention des maladies cardiovasculaires<\/a><a href=\"https:\/\/www.escardio.org\/static-file\/Escardio\/Advocacy\/Documents\/ESC%20CVD%20prevention%20guidelines%20-%20final%20PDF.pdf\"><img loading=\"lazy\" decoding=\"async\" class=\"alignright wp-image-7149 size-full\" src=\"https:\/\/cdn-endpoint-prev.azureedge.net\/healthy-heart\/2024\/02\/Cover-image-CVDPrevention_escardio-hPhotoSmall.png\" alt=\"\" width=\"178\" height=\"250\" srcset=\"https:\/\/cdn-endpoint-prev.azureedge.net\/healthy-heart\/2024\/02\/Cover-image-CVDPrevention_escardio-hPhotoSmall.png 178w, https:\/\/www.healthy-heart.org\/wp-content\/uploads\/2024\/02\/Cover-image-CVDPrevention_escardio-hPhotoSmall-142x200.png 142w\" sizes=\"auto, (max-width: 178px) 100vw, 178px\" \/><\/a><\/h4>\n<p>Ce guide destin\u00e9 aux patients a pour objectif de vous fournir un aper\u00e7u des derni\u00e8res recommandations fond\u00e9es sur des donn\u00e9es probantes en mati\u00e8re de pr\u00e9vention des maladies cardiovasculaires. Il devrait notamment vous aider \u00e0 comprendre&nbsp;:<\/p>\n<ul>\n<li>La fa\u00e7on dont le risque de maladie cardiovasculaire est \u00e9valu\u00e9<\/li>\n<li>L&rsquo;importance des modifications du mode de vie pour la pr\u00e9vention des maladies cardiovasculaires<\/li>\n<li>Les traitements et les objectifs th\u00e9rapeutiques qui peuvent \u00eatre consid\u00e9r\u00e9s comme appropri\u00e9s en fonction de votre profil de risque<\/li>\n<\/ul>\n<p>&nbsp;<\/p>\n<p>&nbsp;<\/p>\n<p>&nbsp;<\/p>\n<p>&nbsp;<\/p>\n","protected":false},"excerpt":{"rendered":"<p>www.AfibMatters.org Vous, ou quelqu&rsquo;un que vous connaissez, souffre de FA&nbsp;? Trouvez toutes les informations sur ce site con\u00e7u par des professionnels de la sant\u00e9. &nbsp; www.HeartFailureMatters.org Informations pratiques sur l&rsquo;insuffisance cardiaque pour les patients, les familles et les soignants, fournies par l&rsquo;Association de l&rsquo;insuffisance cardiaque de la Soci\u00e9t\u00e9 Europ\u00e9enne de Cardiologie. &nbsp; Recommandations de l&rsquo;ESC [&hellip;]<\/p>\n","protected":false},"author":1,"featured_media":684,"parent":0,"menu_order":0,"comment_status":"closed","ping_status":"closed","template":"templates\/full.php","meta":{"_acf_changed":false,"footnotes":""},"categories":[],"tags":[],"class_list":["post-1773","page","type-page","status-publish","has-post-thumbnail","hentry"],"acf":[],"yoast_head":"<!-- This site is optimized with the Yoast SEO plugin v24.0 - https:\/\/yoast.com\/wordpress\/plugins\/seo\/ -->\n<title>Liens utiles - Healthy-Heart.org<\/title>\n<meta name=\"description\" content=\"Liens proposant des informations plus utiles sur le c\u0153ur.\" \/>\n<meta name=\"robots\" content=\"index, follow, max-snippet:-1, max-image-preview:large, max-video-preview:-1\" \/>\n<link rel=\"canonical\" href=\"https:\/\/www.healthy-heart.org\/fr\/liens-utiles\/\" \/>\n<meta property=\"og:locale\" content=\"fr_FR\" \/>\n<meta property=\"og:type\" content=\"article\" \/>\n<meta property=\"og:title\" content=\"Liens utiles - Healthy-Heart.org\" \/>\n<meta property=\"og:description\" content=\"Liens proposant des informations plus utiles sur le c\u0153ur.\" \/>\n<meta property=\"og:url\" content=\"https:\/\/www.healthy-heart.org\/fr\/liens-utiles\/\" \/>\n<meta property=\"og:site_name\" content=\"Healthy-Heart.org\" \/>\n<meta property=\"article:modified_time\" content=\"2024-02-27T16:13:19+00:00\" \/>\n<meta property=\"og:image\" content=\"https:\/\/www.healthy-heart.org\/wp-content\/uploads\/2019\/07\/iStock-475709316-1024x773.jpg\" \/>\n\t<meta property=\"og:image:width\" content=\"1024\" \/>\n\t<meta property=\"og:image:height\" content=\"773\" \/>\n\t<meta property=\"og:image:type\" content=\"image\/jpeg\" \/>\n<meta name=\"twitter:card\" content=\"summary_large_image\" \/>\n<meta name=\"twitter:label1\" content=\"Dur\u00e9e de lecture estim\u00e9e\" \/>\n\t<meta name=\"twitter:data1\" content=\"2 minutes\" \/>\n<script type=\"application\/ld+json\" class=\"yoast-schema-graph\">{\"@context\":\"https:\/\/schema.org\",\"@graph\":[{\"@type\":\"WebPage\",\"@id\":\"https:\/\/www.healthy-heart.org\/fr\/liens-utiles\/\",\"url\":\"https:\/\/www.healthy-heart.org\/fr\/liens-utiles\/\",\"name\":\"Liens utiles - Healthy-Heart.org\",\"isPartOf\":{\"@id\":\"https:\/\/www.healthy-heart.org\/es\/#website\"},\"primaryImageOfPage\":{\"@id\":\"https:\/\/www.healthy-heart.org\/fr\/liens-utiles\/#primaryimage\"},\"image\":{\"@id\":\"https:\/\/www.healthy-heart.org\/fr\/liens-utiles\/#primaryimage\"},\"thumbnailUrl\":\"https:\/\/www.healthy-heart.org\/wp-content\/uploads\/2019\/07\/iStock-475709316.jpg\",\"datePublished\":\"2019-10-07T16:55:15+00:00\",\"dateModified\":\"2024-02-27T16:13:19+00:00\",\"description\":\"Liens proposant des informations plus utiles sur le c\u0153ur.\",\"breadcrumb\":{\"@id\":\"https:\/\/www.healthy-heart.org\/fr\/liens-utiles\/#breadcrumb\"},\"inLanguage\":\"fr-FR\",\"potentialAction\":[{\"@type\":\"ReadAction\",\"target\":[\"https:\/\/www.healthy-heart.org\/fr\/liens-utiles\/\"]}]},{\"@type\":\"ImageObject\",\"inLanguage\":\"fr-FR\",\"@id\":\"https:\/\/www.healthy-heart.org\/fr\/liens-utiles\/#primaryimage\",\"url\":\"https:\/\/www.healthy-heart.org\/wp-content\/uploads\/2019\/07\/iStock-475709316.jpg\",\"contentUrl\":\"https:\/\/www.healthy-heart.org\/wp-content\/uploads\/2019\/07\/iStock-475709316.jpg\",\"width\":5616,\"height\":4240,\"caption\":\"High angle view of three arrows drawn on the street, pointed in different directions\"},{\"@type\":\"BreadcrumbList\",\"@id\":\"https:\/\/www.healthy-heart.org\/fr\/liens-utiles\/#breadcrumb\",\"itemListElement\":[{\"@type\":\"ListItem\",\"position\":1,\"name\":\"Home\",\"item\":\"https:\/\/www.healthy-heart.org\/fr\/\"},{\"@type\":\"ListItem\",\"position\":2,\"name\":\"Liens utiles\"}]},{\"@type\":\"WebSite\",\"@id\":\"https:\/\/www.healthy-heart.org\/es\/#website\",\"url\":\"https:\/\/www.healthy-heart.org\/es\/\",\"name\":\"Healthy-Heart.org\",\"description\":\"Practical advice for patients and family care givers on the prevention of cardiovascular disease\",\"potentialAction\":[{\"@type\":\"SearchAction\",\"target\":{\"@type\":\"EntryPoint\",\"urlTemplate\":\"https:\/\/www.healthy-heart.org\/es\/?s={search_term_string}\"},\"query-input\":{\"@type\":\"PropertyValueSpecification\",\"valueRequired\":true,\"valueName\":\"search_term_string\"}}],\"inLanguage\":\"fr-FR\"}]}<\/script>\n<!-- \/ Yoast SEO plugin. -->","yoast_head_json":{"title":"Liens utiles - Healthy-Heart.org","description":"Liens proposant des informations plus utiles sur le c\u0153ur.","robots":{"index":"index","follow":"follow","max-snippet":"max-snippet:-1","max-image-preview":"max-image-preview:large","max-video-preview":"max-video-preview:-1"},"canonical":"https:\/\/www.healthy-heart.org\/fr\/liens-utiles\/","og_locale":"fr_FR","og_type":"article","og_title":"Liens utiles - Healthy-Heart.org","og_description":"Liens proposant des informations plus utiles sur le c\u0153ur.","og_url":"https:\/\/www.healthy-heart.org\/fr\/liens-utiles\/","og_site_name":"Healthy-Heart.org","article_modified_time":"2024-02-27T16:13:19+00:00","og_image":[{"width":1024,"height":773,"url":"https:\/\/www.healthy-heart.org\/wp-content\/uploads\/2019\/07\/iStock-475709316-1024x773.jpg","type":"image\/jpeg"}],"twitter_card":"summary_large_image","twitter_misc":{"Dur\u00e9e de lecture estim\u00e9e":"2 minutes"},"schema":{"@context":"https:\/\/schema.org","@graph":[{"@type":"WebPage","@id":"https:\/\/www.healthy-heart.org\/fr\/liens-utiles\/","url":"https:\/\/www.healthy-heart.org\/fr\/liens-utiles\/","name":"Liens utiles - Healthy-Heart.org","isPartOf":{"@id":"https:\/\/www.healthy-heart.org\/es\/#website"},"primaryImageOfPage":{"@id":"https:\/\/www.healthy-heart.org\/fr\/liens-utiles\/#primaryimage"},"image":{"@id":"https:\/\/www.healthy-heart.org\/fr\/liens-utiles\/#primaryimage"},"thumbnailUrl":"https:\/\/www.healthy-heart.org\/wp-content\/uploads\/2019\/07\/iStock-475709316.jpg","datePublished":"2019-10-07T16:55:15+00:00","dateModified":"2024-02-27T16:13:19+00:00","description":"Liens proposant des informations plus utiles sur le c\u0153ur.","breadcrumb":{"@id":"https:\/\/www.healthy-heart.org\/fr\/liens-utiles\/#breadcrumb"},"inLanguage":"fr-FR","potentialAction":[{"@type":"ReadAction","target":["https:\/\/www.healthy-heart.org\/fr\/liens-utiles\/"]}]},{"@type":"ImageObject","inLanguage":"fr-FR","@id":"https:\/\/www.healthy-heart.org\/fr\/liens-utiles\/#primaryimage","url":"https:\/\/www.healthy-heart.org\/wp-content\/uploads\/2019\/07\/iStock-475709316.jpg","contentUrl":"https:\/\/www.healthy-heart.org\/wp-content\/uploads\/2019\/07\/iStock-475709316.jpg","width":5616,"height":4240,"caption":"High angle view of three arrows drawn on the street, pointed in different directions"},{"@type":"BreadcrumbList","@id":"https:\/\/www.healthy-heart.org\/fr\/liens-utiles\/#breadcrumb","itemListElement":[{"@type":"ListItem","position":1,"name":"Home","item":"https:\/\/www.healthy-heart.org\/fr\/"},{"@type":"ListItem","position":2,"name":"Liens utiles"}]},{"@type":"WebSite","@id":"https:\/\/www.healthy-heart.org\/es\/#website","url":"https:\/\/www.healthy-heart.org\/es\/","name":"Healthy-Heart.org","description":"Practical advice for patients and family care givers on the prevention of cardiovascular disease","potentialAction":[{"@type":"SearchAction","target":{"@type":"EntryPoint","urlTemplate":"https:\/\/www.healthy-heart.org\/es\/?s={search_term_string}"},"query-input":{"@type":"PropertyValueSpecification","valueRequired":true,"valueName":"search_term_string"}}],"inLanguage":"fr-FR"}]}},"_links":{"self":[{"href":"https:\/\/www.healthy-heart.org\/fr\/wp-json\/wp\/v2\/pages\/1773","targetHints":{"allow":["GET"]}}],"collection":[{"href":"https:\/\/www.healthy-heart.org\/fr\/wp-json\/wp\/v2\/pages"}],"about":[{"href":"https:\/\/www.healthy-heart.org\/fr\/wp-json\/wp\/v2\/types\/page"}],"author":[{"embeddable":true,"href":"https:\/\/www.healthy-heart.org\/fr\/wp-json\/wp\/v2\/users\/1"}],"replies":[{"embeddable":true,"href":"https:\/\/www.healthy-heart.org\/fr\/wp-json\/wp\/v2\/comments?post=1773"}],"version-history":[{"count":4,"href":"https:\/\/www.healthy-heart.org\/fr\/wp-json\/wp\/v2\/pages\/1773\/revisions"}],"predecessor-version":[{"id":7186,"href":"https:\/\/www.healthy-heart.org\/fr\/wp-json\/wp\/v2\/pages\/1773\/revisions\/7186"}],"wp:featuredmedia":[{"embeddable":true,"href":"https:\/\/www.healthy-heart.org\/fr\/wp-json\/wp\/v2\/media\/684"}],"wp:attachment":[{"href":"https:\/\/www.healthy-heart.org\/fr\/wp-json\/wp\/v2\/media?parent=1773"}],"wp:term":[{"taxonomy":"category","embeddable":true,"href":"https:\/\/www.healthy-heart.org\/fr\/wp-json\/wp\/v2\/categories?post=1773"},{"taxonomy":"post_tag","embeddable":true,"href":"https:\/\/www.healthy-heart.org\/fr\/wp-json\/wp\/v2\/tags?post=1773"}],"curies":[{"name":"wp","href":"https:\/\/api.w.org\/{rel}","templated":true}]}}