{"id":1763,"date":"2019-10-07T17:54:34","date_gmt":"2019-10-07T16:54:34","guid":{"rendered":"https:\/\/www.healthy-heart.org\/a-propos-de-la-sec\/"},"modified":"2019-10-14T17:19:54","modified_gmt":"2019-10-14T16:19:54","slug":"a-propos-de-la-sec","status":"publish","type":"page","link":"https:\/\/www.healthy-heart.org\/fr\/a-propos-de-la-sec\/","title":{"rendered":"\u00c0 propos de la SEC"},"content":{"rendered":"<p>Nous sommes une soci\u00e9t\u00e9 m\u00e9dicale \u00e0 but non lucratif dirig\u00e9e par des professionnels de la sant\u00e9 cardiovasculaire qui offrent b\u00e9n\u00e9volement leur temps et leur expertise.<br \/>\nNous nous concentrons sur la pr\u00e9vention, le diagnostic et la prise en charge des maladies du c\u0153ur et des vaisseaux sanguins.<br \/>\nNous pensons que le poids des maladies cardiovasculaires peut \u00eatre r\u00e9duit gr\u00e2ce \u00e0 la collaboration et \u00e0 la recherche. C&rsquo;est pourquoi nous unissons les soci\u00e9t\u00e9s cardiaques nationales, les sous-sp\u00e9cialit\u00e9s cardiovasculaires et les membres individuels de la SEC du monde entier.<br \/>\nNous diffusons les connaissances scientifiques les plus r\u00e9centes bas\u00e9es sur des donn\u00e9es probantes aux professionnels de la sant\u00e9 cardiovasculaire afin qu&rsquo;ils puissent mieux prendre soin de leurs patients.<\/p>\n<p>La Soci\u00e9t\u00e9 Europ\u00e9enne de Cardiologie (SEC) est une association r\u00e9gie par la loi fran\u00e7aise de 1901 sur les associations et immatricul\u00e9e sous le num\u00e9ro W061005017.<br \/>\nSi\u00e8ge social\u00a0: Soci\u00e9t\u00e9 Europ\u00e9enne de Cardiologie, 2035 route des Colles, Les Templiers, CS 80179 Biot, 06903 Sophia Antipolis, France.<\/p>\n<p>Pour plus d&rsquo;informations, rendez-vous sur le <a href=\"https:\/\/www.escardio.org\/\">site Internet de la SEC<\/a>.<\/p>\n<p>&nbsp;<\/p>\n<h2>\u00c0 propos de healthy-heart.org<\/h2>\n<p>Un grand nombre de personnes dans le monde sont expos\u00e9es \u00e0 un risque de probl\u00e8me cardiovasculaire, comme une crise cardiaque ou un accident vasculaire c\u00e9r\u00e9bral. La probabilit\u00e9 d&rsquo;y \u00eatre confront\u00e9 et d&rsquo;en mourir est plus \u00e9lev\u00e9e chez les patients qui n&rsquo;am\u00e9liorent pas leur mode de vie, ne prennent pas de traitement pour diminuer la pression art\u00e9rielle ou pr\u00e9sentent des taux de cholest\u00e9rol \u00e9lev\u00e9s.<\/p>\n<p>L&rsquo;objectif de ce site est de fournir des conseils clairs et pratiques au grand public sur la pr\u00e9vention des maladies cardiovasculaires. Il s&rsquo;inspire des recommandations actuelles en mati\u00e8re de pratique clinique et a \u00e9t\u00e9 \u00e9labor\u00e9 par des experts de premier plan en pr\u00e9vention cardiovasculaire.<\/p>\n<p>Ces informations sont destin\u00e9es \u00e0 compl\u00e9ter plut\u00f4t qu&rsquo;\u00e0 remplacer le soutien et les soins que vous recevez de votre m\u00e9decin ou d&rsquo;un autre prestataire de soins.<\/p>\n","protected":false},"excerpt":{"rendered":"<p>Nous sommes une soci\u00e9t\u00e9 m\u00e9dicale \u00e0 but non lucratif dirig\u00e9e par des professionnels de la sant\u00e9 cardiovasculaire qui offrent b\u00e9n\u00e9volement leur temps et leur expertise. Nous nous concentrons sur la pr\u00e9vention, le diagnostic et la prise en charge des maladies du c\u0153ur et des vaisseaux sanguins. Nous pensons que le poids des maladies cardiovasculaires peut [&hellip;]<\/p>\n","protected":false},"author":1,"featured_media":186,"parent":0,"menu_order":0,"comment_status":"closed","ping_status":"closed","template":"templates\/full.php","meta":{"_acf_changed":false,"footnotes":""},"categories":[],"tags":[],"class_list":["post-1763","page","type-page","status-publish","has-post-thumbnail","hentry"],"acf":[],"yoast_head":"<!-- This site is optimized with the Yoast SEO plugin v24.0 - https:\/\/yoast.com\/wordpress\/plugins\/seo\/ -->\n<title>\u00c0 propos de la SEC\u00a0- Healthy-Heart.org<\/title>\n<meta name=\"description\" content=\"Soci\u00e9t\u00e9 m\u00e9dicale \u00e0 but non lucratif dirig\u00e9e par des professionnels de la sant\u00e9 cardiovasculaire ax\u00e9e sur la pr\u00e9vention, le diagnostic et la prise en charge des maladies du c\u0153ur.\" \/>\n<meta name=\"robots\" content=\"index, follow, max-snippet:-1, max-image-preview:large, max-video-preview:-1\" \/>\n<link rel=\"canonical\" href=\"https:\/\/www.healthy-heart.org\/fr\/a-propos-de-la-sec\/\" \/>\n<meta property=\"og:locale\" content=\"fr_FR\" \/>\n<meta property=\"og:type\" content=\"article\" \/>\n<meta property=\"og:title\" content=\"\u00c0 propos de la SEC\u00a0- Healthy-Heart.org\" \/>\n<meta property=\"og:description\" content=\"Soci\u00e9t\u00e9 m\u00e9dicale \u00e0 but non lucratif dirig\u00e9e par des professionnels de la sant\u00e9 cardiovasculaire ax\u00e9e sur la pr\u00e9vention, le diagnostic et la prise en charge des maladies du c\u0153ur.\" \/>\n<meta property=\"og:url\" content=\"https:\/\/www.healthy-heart.org\/fr\/a-propos-de-la-sec\/\" \/>\n<meta property=\"og:site_name\" content=\"Healthy-Heart.org\" \/>\n<meta property=\"article:modified_time\" content=\"2019-10-14T16:19:54+00:00\" \/>\n<meta property=\"og:image\" content=\"https:\/\/www.healthy-heart.org\/wp-content\/uploads\/2019\/07\/iStock-953674568-1024x683.jpg\" \/>\n\t<meta property=\"og:image:width\" content=\"1024\" \/>\n\t<meta property=\"og:image:height\" content=\"683\" \/>\n\t<meta property=\"og:image:type\" content=\"image\/jpeg\" \/>\n<meta name=\"twitter:card\" content=\"summary_large_image\" \/>\n<meta name=\"twitter:label1\" content=\"Dur\u00e9e de lecture estim\u00e9e\" \/>\n\t<meta name=\"twitter:data1\" content=\"2 minutes\" \/>\n<script type=\"application\/ld+json\" class=\"yoast-schema-graph\">{\"@context\":\"https:\/\/schema.org\",\"@graph\":[{\"@type\":\"WebPage\",\"@id\":\"https:\/\/www.healthy-heart.org\/fr\/a-propos-de-la-sec\/\",\"url\":\"https:\/\/www.healthy-heart.org\/fr\/a-propos-de-la-sec\/\",\"name\":\"\u00c0 propos de la SEC\u00a0- Healthy-Heart.org\",\"isPartOf\":{\"@id\":\"https:\/\/www.healthy-heart.org\/es\/#website\"},\"primaryImageOfPage\":{\"@id\":\"https:\/\/www.healthy-heart.org\/fr\/a-propos-de-la-sec\/#primaryimage\"},\"image\":{\"@id\":\"https:\/\/www.healthy-heart.org\/fr\/a-propos-de-la-sec\/#primaryimage\"},\"thumbnailUrl\":\"https:\/\/www.healthy-heart.org\/wp-content\/uploads\/2019\/07\/iStock-953674568.jpg\",\"datePublished\":\"2019-10-07T16:54:34+00:00\",\"dateModified\":\"2019-10-14T16:19:54+00:00\",\"description\":\"Soci\u00e9t\u00e9 m\u00e9dicale \u00e0 but non lucratif dirig\u00e9e par des professionnels de la sant\u00e9 cardiovasculaire ax\u00e9e sur la pr\u00e9vention, le diagnostic et la prise en charge des maladies du c\u0153ur.\",\"breadcrumb\":{\"@id\":\"https:\/\/www.healthy-heart.org\/fr\/a-propos-de-la-sec\/#breadcrumb\"},\"inLanguage\":\"fr-FR\",\"potentialAction\":[{\"@type\":\"ReadAction\",\"target\":[\"https:\/\/www.healthy-heart.org\/fr\/a-propos-de-la-sec\/\"]}]},{\"@type\":\"ImageObject\",\"inLanguage\":\"fr-FR\",\"@id\":\"https:\/\/www.healthy-heart.org\/fr\/a-propos-de-la-sec\/#primaryimage\",\"url\":\"https:\/\/www.healthy-heart.org\/wp-content\/uploads\/2019\/07\/iStock-953674568.jpg\",\"contentUrl\":\"https:\/\/www.healthy-heart.org\/wp-content\/uploads\/2019\/07\/iStock-953674568.jpg\",\"width\":3548,\"height\":2365,\"caption\":\"Healthy lifestyle concept, clean food good health dietary in heart dish with sporty gym aerobic body exercise workout training class equipment, weight scale and sports shoes in fitness center\"},{\"@type\":\"BreadcrumbList\",\"@id\":\"https:\/\/www.healthy-heart.org\/fr\/a-propos-de-la-sec\/#breadcrumb\",\"itemListElement\":[{\"@type\":\"ListItem\",\"position\":1,\"name\":\"Home\",\"item\":\"https:\/\/www.healthy-heart.org\/fr\/\"},{\"@type\":\"ListItem\",\"position\":2,\"name\":\"\u00c0 propos de la SEC\"}]},{\"@type\":\"WebSite\",\"@id\":\"https:\/\/www.healthy-heart.org\/es\/#website\",\"url\":\"https:\/\/www.healthy-heart.org\/es\/\",\"name\":\"Healthy-Heart.org\",\"description\":\"Practical advice for patients and family care givers on the prevention of cardiovascular disease\",\"potentialAction\":[{\"@type\":\"SearchAction\",\"target\":{\"@type\":\"EntryPoint\",\"urlTemplate\":\"https:\/\/www.healthy-heart.org\/es\/?s={search_term_string}\"},\"query-input\":{\"@type\":\"PropertyValueSpecification\",\"valueRequired\":true,\"valueName\":\"search_term_string\"}}],\"inLanguage\":\"fr-FR\"}]}<\/script>\n<!-- \/ Yoast SEO plugin. -->","yoast_head_json":{"title":"\u00c0 propos de la SEC\u00a0- Healthy-Heart.org","description":"Soci\u00e9t\u00e9 m\u00e9dicale \u00e0 but non lucratif dirig\u00e9e par des professionnels de la sant\u00e9 cardiovasculaire ax\u00e9e sur la pr\u00e9vention, le diagnostic et la prise en charge des maladies du c\u0153ur.","robots":{"index":"index","follow":"follow","max-snippet":"max-snippet:-1","max-image-preview":"max-image-preview:large","max-video-preview":"max-video-preview:-1"},"canonical":"https:\/\/www.healthy-heart.org\/fr\/a-propos-de-la-sec\/","og_locale":"fr_FR","og_type":"article","og_title":"\u00c0 propos de la SEC\u00a0- Healthy-Heart.org","og_description":"Soci\u00e9t\u00e9 m\u00e9dicale \u00e0 but non lucratif dirig\u00e9e par des professionnels de la sant\u00e9 cardiovasculaire ax\u00e9e sur la pr\u00e9vention, le diagnostic et la prise en charge des maladies du c\u0153ur.","og_url":"https:\/\/www.healthy-heart.org\/fr\/a-propos-de-la-sec\/","og_site_name":"Healthy-Heart.org","article_modified_time":"2019-10-14T16:19:54+00:00","og_image":[{"width":1024,"height":683,"url":"https:\/\/www.healthy-heart.org\/wp-content\/uploads\/2019\/07\/iStock-953674568-1024x683.jpg","type":"image\/jpeg"}],"twitter_card":"summary_large_image","twitter_misc":{"Dur\u00e9e de lecture estim\u00e9e":"2 minutes"},"schema":{"@context":"https:\/\/schema.org","@graph":[{"@type":"WebPage","@id":"https:\/\/www.healthy-heart.org\/fr\/a-propos-de-la-sec\/","url":"https:\/\/www.healthy-heart.org\/fr\/a-propos-de-la-sec\/","name":"\u00c0 propos de la SEC\u00a0- Healthy-Heart.org","isPartOf":{"@id":"https:\/\/www.healthy-heart.org\/es\/#website"},"primaryImageOfPage":{"@id":"https:\/\/www.healthy-heart.org\/fr\/a-propos-de-la-sec\/#primaryimage"},"image":{"@id":"https:\/\/www.healthy-heart.org\/fr\/a-propos-de-la-sec\/#primaryimage"},"thumbnailUrl":"https:\/\/www.healthy-heart.org\/wp-content\/uploads\/2019\/07\/iStock-953674568.jpg","datePublished":"2019-10-07T16:54:34+00:00","dateModified":"2019-10-14T16:19:54+00:00","description":"Soci\u00e9t\u00e9 m\u00e9dicale \u00e0 but non lucratif dirig\u00e9e par des professionnels de la sant\u00e9 cardiovasculaire ax\u00e9e sur la pr\u00e9vention, le diagnostic et la prise en charge des maladies du c\u0153ur.","breadcrumb":{"@id":"https:\/\/www.healthy-heart.org\/fr\/a-propos-de-la-sec\/#breadcrumb"},"inLanguage":"fr-FR","potentialAction":[{"@type":"ReadAction","target":["https:\/\/www.healthy-heart.org\/fr\/a-propos-de-la-sec\/"]}]},{"@type":"ImageObject","inLanguage":"fr-FR","@id":"https:\/\/www.healthy-heart.org\/fr\/a-propos-de-la-sec\/#primaryimage","url":"https:\/\/www.healthy-heart.org\/wp-content\/uploads\/2019\/07\/iStock-953674568.jpg","contentUrl":"https:\/\/www.healthy-heart.org\/wp-content\/uploads\/2019\/07\/iStock-953674568.jpg","width":3548,"height":2365,"caption":"Healthy lifestyle concept, clean food good health dietary in heart dish with sporty gym aerobic body exercise workout training class equipment, weight scale and sports shoes in fitness center"},{"@type":"BreadcrumbList","@id":"https:\/\/www.healthy-heart.org\/fr\/a-propos-de-la-sec\/#breadcrumb","itemListElement":[{"@type":"ListItem","position":1,"name":"Home","item":"https:\/\/www.healthy-heart.org\/fr\/"},{"@type":"ListItem","position":2,"name":"\u00c0 propos de la SEC"}]},{"@type":"WebSite","@id":"https:\/\/www.healthy-heart.org\/es\/#website","url":"https:\/\/www.healthy-heart.org\/es\/","name":"Healthy-Heart.org","description":"Practical advice for patients and family care givers on the prevention of cardiovascular disease","potentialAction":[{"@type":"SearchAction","target":{"@type":"EntryPoint","urlTemplate":"https:\/\/www.healthy-heart.org\/es\/?s={search_term_string}"},"query-input":{"@type":"PropertyValueSpecification","valueRequired":true,"valueName":"search_term_string"}}],"inLanguage":"fr-FR"}]}},"_links":{"self":[{"href":"https:\/\/www.healthy-heart.org\/fr\/wp-json\/wp\/v2\/pages\/1763","targetHints":{"allow":["GET"]}}],"collection":[{"href":"https:\/\/www.healthy-heart.org\/fr\/wp-json\/wp\/v2\/pages"}],"about":[{"href":"https:\/\/www.healthy-heart.org\/fr\/wp-json\/wp\/v2\/types\/page"}],"author":[{"embeddable":true,"href":"https:\/\/www.healthy-heart.org\/fr\/wp-json\/wp\/v2\/users\/1"}],"replies":[{"embeddable":true,"href":"https:\/\/www.healthy-heart.org\/fr\/wp-json\/wp\/v2\/comments?post=1763"}],"version-history":[{"count":2,"href":"https:\/\/www.healthy-heart.org\/fr\/wp-json\/wp\/v2\/pages\/1763\/revisions"}],"predecessor-version":[{"id":3376,"href":"https:\/\/www.healthy-heart.org\/fr\/wp-json\/wp\/v2\/pages\/1763\/revisions\/3376"}],"wp:featuredmedia":[{"embeddable":true,"href":"https:\/\/www.healthy-heart.org\/fr\/wp-json\/wp\/v2\/media\/186"}],"wp:attachment":[{"href":"https:\/\/www.healthy-heart.org\/fr\/wp-json\/wp\/v2\/media?parent=1763"}],"wp:term":[{"taxonomy":"category","embeddable":true,"href":"https:\/\/www.healthy-heart.org\/fr\/wp-json\/wp\/v2\/categories?post=1763"},{"taxonomy":"post_tag","embeddable":true,"href":"https:\/\/www.healthy-heart.org\/fr\/wp-json\/wp\/v2\/tags?post=1763"}],"curies":[{"name":"wp","href":"https:\/\/api.w.org\/{rel}","templated":true}]}}